{"id":9949,"date":"2022-05-24T10:21:59","date_gmt":"2022-05-24T10:21:59","guid":{"rendered":"\/?page_id=9949"},"modified":"2025-02-25T14:35:24","modified_gmt":"2025-02-25T14:35:24","slug":"drejtoria-juridike-dhe-e-burimeve-njerezore","status":"publish","type":"page","link":"https:\/\/unkorce.edu.al\/en\/drejtoria-juridike-dhe-e-burimeve-njerezore\/","title":{"rendered":"Department of Legal and Human Resources"},"content":{"rendered":"<section class=\"l-section wpb_row height_medium width_full\"><div class=\"l-section-h i-cf\"><div class=\"g-cols vc_row via_grid cols_1 laptops-cols_inherit tablets-cols_inherit mobiles-cols_1 valign_top type_default stacking_default\"><div class=\"wpb_column vc_column_container\"><div class=\"vc_column-inner\"><div class=\"wpb_text_column\"><div class=\"wpb_wrapper\"><p>\u00a0<\/p>\n<p>Contact <a href=\"mailto:drejtoria.juridike@unkorce.edu.al\" target=\"_blank\" rel=\"noopener\">drejtoria.juridike@unkorce.<wbr \/>edu.al<\/a><\/p>\n<p>The Legal and Human Resources Directorate is an integral part of the organizational structure of \u201cFan S. Noli\u201d University, Kor\u00e7a, and is subordinate to the Rector. This Directorate carries out its activities in support of all academic staff, teaching assistants, and administrative structures at UNIKO.<\/p>\n<p>The activities of the Directorate include:<\/p>\n<ol>\n<li>Following up and supervising all issues related to the management of the institution\u2019s human resources;<\/li>\n<li>Performing tasks related to the acceptance, registration, distribution, and dispatch of UNIKO correspondence.<\/li>\n<li>Storing, processing, and making available documents created or received at UNIKO<\/li>\n<li>Publishing on the Internet all activities taking place at UNIKO and managing the official UNIKO website and social media presence;<\/li>\n<li>Providing technical maintenance of the official website, as well as programming and designing technological systems at the University (official website, Library System, etc.);<\/li>\n<li>Informing students, alumni, and other interested parties about the performance of administrative activities and other relevant matters within the Rectorate and faculties of UNIKO.<\/li>\n<\/ol>\n<p><strong>SECTORS<\/strong><\/p>\n<p>\u00a0<\/p>\n<p>\u00a0<\/p>\n<\/div><\/div><div class=\"w-tabs layout_hor style_default switch_click has_scrolling\" style=\"--sections-title-size:1em\"><div class=\"w-tabs-list items_3 align_none\"><div class=\"w-tabs-list-h\"><button class=\"w-tabs-item active\" aria-controls=\"content-fd9f\" aria-expanded=\"false\"><span class=\"w-tabs-item-title\">Human Resources and Archive Protocol Sector<\/span><\/button><button class=\"w-tabs-item\" aria-controls=\"content-of49\" aria-expanded=\"false\"><span class=\"w-tabs-item-title\">Public Relations and Students Sector<\/span><\/button><button class=\"w-tabs-item\" aria-controls=\"content-a0ca\" aria-expanded=\"false\"><span class=\"w-tabs-item-title\">Student Career and Alumni Sector<\/span><\/button><\/div><\/div><div class=\"w-tabs-sections titles-align_none icon_chevron cpos_right\"><div class=\"w-tabs-section no_indents active\" id=\"fd9f\"><button class=\"w-tabs-section-header active\" aria-controls=\"content-fd9f\" aria-expanded=\"true\"><div class=\"w-tabs-section-title\">Human Resources and Archive Protocol Sector<\/div><div class=\"w-tabs-section-control\"><\/div><\/button><div  class=\"w-tabs-section-content\" id=\"content-fd9f\"><div class=\"w-tabs-section-content-h i-cf\"><div class=\"wpb_text_column us_custom_5c579657\"><div class=\"wpb_wrapper\"><p>Email: <a href=\"mailto:burimet.protokollarkiv@unkorce.edu.al\" target=\"_blank\" rel=\"noopener\">burimet.protokollarkiv@<wbr \/>unkorce.edu.al<\/a><\/p>\n<\/div><\/div><\/div><\/div><\/div><div class=\"w-tabs-section no_indents\" id=\"of49\"><button class=\"w-tabs-section-header\" aria-controls=\"content-of49\" aria-expanded=\"false\"><div class=\"w-tabs-section-title\">Public Relations and Students Sector<\/div><div class=\"w-tabs-section-control\"><\/div><\/button><div  class=\"w-tabs-section-content us_custom_5c579657\" id=\"content-of49\"><div class=\"w-tabs-section-content-h i-cf\"><div class=\"wpb_text_column\"><div class=\"wpb_wrapper\"><p>Email: <a href=\"mailto:publicrelations@unkorce.edu.al\">publicrelations@unkorce.edu.al<\/a><\/p>\n<\/div><\/div><\/div><\/div><\/div><div class=\"w-tabs-section no_indents\" id=\"a0ca\"><button class=\"w-tabs-section-header\" aria-controls=\"content-a0ca\" aria-expanded=\"false\"><div class=\"w-tabs-section-title\">Student Career and Alumni Sector<\/div><div class=\"w-tabs-section-control\"><\/div><\/button><div  class=\"w-tabs-section-content us_custom_5c579657\" id=\"content-a0ca\"><div class=\"w-tabs-section-content-h i-cf\"><div class=\"wpb_text_column\"><div class=\"wpb_wrapper\"><p>Email: <a href=\"mailto:qka@unkorce.edu.al\"><u>qka@unkorce.edu.al<\/u><\/a><\/p>\n<\/div><\/div><\/div><\/div><\/div><\/div><\/div><\/div><\/div><\/div><\/div><\/section>","protected":false},"excerpt":{"rendered":"","protected":false},"author":8,"featured_media":0,"parent":0,"menu_order":0,"comment_status":"closed","ping_status":"closed","template":"","meta":{"_acf_changed":false,"footnotes":""},"class_list":["post-9949","page","type-page","status-publish","hentry"],"acf":[],"yoast_head":"<!-- This site is optimized with the Yoast SEO plugin v26.9 - https:\/\/yoast.com\/product\/yoast-seo-wordpress\/ -->\n<title>Drejtoria juridike dhe e burimeve njer\u00ebzore - Universiteti &quot;Fan S. Noli&quot;, Kor\u00e7\u00eb<\/title>\n<meta name=\"robots\" content=\"index, follow, max-snippet:-1, max-image-preview:large, max-video-preview:-1\" \/>\n<link rel=\"canonical\" href=\"https:\/\/unkorce.edu.al\/en\/drejtoria-juridike-dhe-e-burimeve-njerezore\/\" \/>\n<meta property=\"og:locale\" content=\"en_US\" \/>\n<meta property=\"og:type\" content=\"article\" \/>\n<meta property=\"og:title\" content=\"Drejtoria juridike dhe e burimeve njer\u00ebzore - Universiteti &quot;Fan S. Noli&quot;, Kor\u00e7\u00eb\" \/>\n<meta property=\"og:url\" content=\"https:\/\/unkorce.edu.al\/en\/drejtoria-juridike-dhe-e-burimeve-njerezore\/\" \/>\n<meta property=\"og:site_name\" content=\"Universiteti &quot;Fan S. Noli&quot;, Kor\u00e7\u00eb\" \/>\n<meta property=\"article:publisher\" content=\"https:\/\/www.facebook.com\/unkorce\" \/>\n<meta property=\"article:modified_time\" content=\"2025-02-25T14:35:24+00:00\" \/>\n<meta name=\"twitter:card\" content=\"summary_large_image\" \/>\n<meta name=\"twitter:label1\" content=\"Est. reading time\" \/>\n\t<meta name=\"twitter:data1\" content=\"1 minute\" \/>\n<script type=\"application\/ld+json\" class=\"yoast-schema-graph\">{\"@context\":\"https:\/\/schema.org\",\"@graph\":[{\"@type\":\"WebPage\",\"@id\":\"https:\/\/unkorce.edu.al\/drejtoria-juridike-dhe-e-burimeve-njerezore\/\",\"url\":\"https:\/\/unkorce.edu.al\/drejtoria-juridike-dhe-e-burimeve-njerezore\/\",\"name\":\"Drejtoria juridike dhe e burimeve njer\u00ebzore - Universiteti \\\"Fan S. Noli\\\", Kor\u00e7\u00eb\",\"isPartOf\":{\"@id\":\"https:\/\/unkorce.edu.al\/#website\"},\"datePublished\":\"2022-05-24T10:21:59+00:00\",\"dateModified\":\"2025-02-25T14:35:24+00:00\",\"breadcrumb\":{\"@id\":\"https:\/\/unkorce.edu.al\/drejtoria-juridike-dhe-e-burimeve-njerezore\/#breadcrumb\"},\"inLanguage\":\"en-US\",\"potentialAction\":[{\"@type\":\"ReadAction\",\"target\":[\"https:\/\/unkorce.edu.al\/drejtoria-juridike-dhe-e-burimeve-njerezore\/\"]}]},{\"@type\":\"BreadcrumbList\",\"@id\":\"https:\/\/unkorce.edu.al\/drejtoria-juridike-dhe-e-burimeve-njerezore\/#breadcrumb\",\"itemListElement\":[{\"@type\":\"ListItem\",\"position\":1,\"name\":\"Home\",\"item\":\"https:\/\/unkorce.edu.al\/\"},{\"@type\":\"ListItem\",\"position\":2,\"name\":\"Drejtoria juridike dhe e burimeve njer\u00ebzore\"}]},{\"@type\":\"WebSite\",\"@id\":\"https:\/\/unkorce.edu.al\/#website\",\"url\":\"https:\/\/unkorce.edu.al\/\",\"name\":\"Universiteti \\\"Fan S. Noli\\\", Kor\u00e7\u00eb\",\"description\":\"Mir&euml;sevini n&euml; faqen zyrtare!\",\"publisher\":{\"@id\":\"https:\/\/unkorce.edu.al\/#organization\"},\"potentialAction\":[{\"@type\":\"SearchAction\",\"target\":{\"@type\":\"EntryPoint\",\"urlTemplate\":\"https:\/\/unkorce.edu.al\/?s={search_term_string}\"},\"query-input\":{\"@type\":\"PropertyValueSpecification\",\"valueRequired\":true,\"valueName\":\"search_term_string\"}}],\"inLanguage\":\"en-US\"},{\"@type\":\"Organization\",\"@id\":\"https:\/\/unkorce.edu.al\/#organization\",\"name\":\"Universiteti \\\"Fan S. Noli\\\", Kor\u00e7\u00eb\",\"url\":\"https:\/\/unkorce.edu.al\/\",\"logo\":{\"@type\":\"ImageObject\",\"inLanguage\":\"en-US\",\"@id\":\"https:\/\/unkorce.edu.al\/#\/schema\/logo\/image\/\",\"url\":\"https:\/\/unkorce.edu.al\/wp-content\/uploads\/2024\/08\/Logo_e_Universitetit__Fan_Noli_-e1726660879862.png\",\"contentUrl\":\"https:\/\/unkorce.edu.al\/wp-content\/uploads\/2024\/08\/Logo_e_Universitetit__Fan_Noli_-e1726660879862.png\",\"width\":200,\"height\":120,\"caption\":\"Universiteti \\\"Fan S. Noli\\\", Kor\u00e7\u00eb\"},\"image\":{\"@id\":\"https:\/\/unkorce.edu.al\/#\/schema\/logo\/image\/\"},\"sameAs\":[\"https:\/\/www.facebook.com\/unkorce\"]}]}<\/script>\n<!-- \/ Yoast SEO plugin. -->","yoast_head_json":{"title":"Drejtoria juridike dhe e burimeve njer\u00ebzore - Universiteti \"Fan S. Noli\", Kor\u00e7\u00eb","robots":{"index":"index","follow":"follow","max-snippet":"max-snippet:-1","max-image-preview":"max-image-preview:large","max-video-preview":"max-video-preview:-1"},"canonical":"https:\/\/unkorce.edu.al\/en\/drejtoria-juridike-dhe-e-burimeve-njerezore\/","og_locale":"en_US","og_type":"article","og_title":"Drejtoria juridike dhe e burimeve njer\u00ebzore - Universiteti \"Fan S. Noli\", Kor\u00e7\u00eb","og_url":"https:\/\/unkorce.edu.al\/en\/drejtoria-juridike-dhe-e-burimeve-njerezore\/","og_site_name":"Universiteti \"Fan S. Noli\", Kor\u00e7\u00eb","article_publisher":"https:\/\/www.facebook.com\/unkorce","article_modified_time":"2025-02-25T14:35:24+00:00","twitter_card":"summary_large_image","twitter_misc":{"Est. reading time":"1 minute"},"schema":{"@context":"https:\/\/schema.org","@graph":[{"@type":"WebPage","@id":"https:\/\/unkorce.edu.al\/drejtoria-juridike-dhe-e-burimeve-njerezore\/","url":"https:\/\/unkorce.edu.al\/drejtoria-juridike-dhe-e-burimeve-njerezore\/","name":"Drejtoria juridike dhe e burimeve njer\u00ebzore - Universiteti \"Fan S. Noli\", Kor\u00e7\u00eb","isPartOf":{"@id":"https:\/\/unkorce.edu.al\/#website"},"datePublished":"2022-05-24T10:21:59+00:00","dateModified":"2025-02-25T14:35:24+00:00","breadcrumb":{"@id":"https:\/\/unkorce.edu.al\/drejtoria-juridike-dhe-e-burimeve-njerezore\/#breadcrumb"},"inLanguage":"en-US","potentialAction":[{"@type":"ReadAction","target":["https:\/\/unkorce.edu.al\/drejtoria-juridike-dhe-e-burimeve-njerezore\/"]}]},{"@type":"BreadcrumbList","@id":"https:\/\/unkorce.edu.al\/drejtoria-juridike-dhe-e-burimeve-njerezore\/#breadcrumb","itemListElement":[{"@type":"ListItem","position":1,"name":"Home","item":"https:\/\/unkorce.edu.al\/"},{"@type":"ListItem","position":2,"name":"Drejtoria juridike dhe e burimeve njer\u00ebzore"}]},{"@type":"WebSite","@id":"https:\/\/unkorce.edu.al\/#website","url":"https:\/\/unkorce.edu.al\/","name":"Universiteti \"Fan S. Noli\", Kor\u00e7\u00eb","description":"Mir&euml;sevini n&euml; faqen zyrtare!","publisher":{"@id":"https:\/\/unkorce.edu.al\/#organization"},"potentialAction":[{"@type":"SearchAction","target":{"@type":"EntryPoint","urlTemplate":"https:\/\/unkorce.edu.al\/?s={search_term_string}"},"query-input":{"@type":"PropertyValueSpecification","valueRequired":true,"valueName":"search_term_string"}}],"inLanguage":"en-US"},{"@type":"Organization","@id":"https:\/\/unkorce.edu.al\/#organization","name":"Universiteti \"Fan S. Noli\", Kor\u00e7\u00eb","url":"https:\/\/unkorce.edu.al\/","logo":{"@type":"ImageObject","inLanguage":"en-US","@id":"https:\/\/unkorce.edu.al\/#\/schema\/logo\/image\/","url":"https:\/\/unkorce.edu.al\/wp-content\/uploads\/2024\/08\/Logo_e_Universitetit__Fan_Noli_-e1726660879862.png","contentUrl":"https:\/\/unkorce.edu.al\/wp-content\/uploads\/2024\/08\/Logo_e_Universitetit__Fan_Noli_-e1726660879862.png","width":200,"height":120,"caption":"Universiteti \"Fan S. Noli\", Kor\u00e7\u00eb"},"image":{"@id":"https:\/\/unkorce.edu.al\/#\/schema\/logo\/image\/"},"sameAs":["https:\/\/www.facebook.com\/unkorce"]}]}},"_links":{"self":[{"href":"https:\/\/unkorce.edu.al\/en\/wp-json\/wp\/v2\/pages\/9949","targetHints":{"allow":["GET"]}}],"collection":[{"href":"https:\/\/unkorce.edu.al\/en\/wp-json\/wp\/v2\/pages"}],"about":[{"href":"https:\/\/unkorce.edu.al\/en\/wp-json\/wp\/v2\/types\/page"}],"author":[{"embeddable":true,"href":"https:\/\/unkorce.edu.al\/en\/wp-json\/wp\/v2\/users\/8"}],"replies":[{"embeddable":true,"href":"https:\/\/unkorce.edu.al\/en\/wp-json\/wp\/v2\/comments?post=9949"}],"version-history":[{"count":17,"href":"https:\/\/unkorce.edu.al\/en\/wp-json\/wp\/v2\/pages\/9949\/revisions"}],"predecessor-version":[{"id":31765,"href":"https:\/\/unkorce.edu.al\/en\/wp-json\/wp\/v2\/pages\/9949\/revisions\/31765"}],"wp:attachment":[{"href":"https:\/\/unkorce.edu.al\/en\/wp-json\/wp\/v2\/media?parent=9949"}],"curies":[{"name":"wp","href":"https:\/\/api.w.org\/{rel}","templated":true}]}}