{"id":9944,"date":"2022-05-24T10:18:54","date_gmt":"2022-05-24T10:18:54","guid":{"rendered":"\/?page_id=9944"},"modified":"2025-01-28T09:33:48","modified_gmt":"2025-01-28T09:33:48","slug":"drejtoria-e-finances-2","status":"publish","type":"page","link":"https:\/\/unkorce.edu.al\/en\/drejtoria-e-finances-2\/","title":{"rendered":"Department of Finance"},"content":{"rendered":"<section class=\"l-section wpb_row height_medium\"><div class=\"l-section-h i-cf\"><div class=\"g-cols vc_row via_grid cols_1 laptops-cols_inherit tablets-cols_inherit mobiles-cols_1 valign_top type_default stacking_default\"><div class=\"wpb_column vc_column_container\"><div class=\"vc_column-inner\"><div class=\"wpb_text_column\"><div class=\"wpb_wrapper\"><p><strong>Mrs. Anila Xhillari<\/strong> Head of Financial Department<\/p>\n<p>This Department is responsible for:<\/p>\n<ul class=\"wp-block-list\">\n<li>Supervise all financial operations related to:\n<ul>\n<li>expenses for the activities of the University of Kor\u00e7a;<\/li>\n<\/ul>\n<ul>\n<li>staff payments, in cooperation with the Human Resources Department<\/li>\n<\/ul>\n<ul>\n<li>operating expenses and investments, in cooperation with the Economic Department<\/li>\n<\/ul>\n<\/li>\n<li>At the beginning of each budget year, in cooperation with the Economic Department, preparing the allocation plan for budget funds and coordinating the implementation of budget plan and related tasks;<\/li>\n<li>Monitoring budget expenditures and other funds available to the University, reconciling monthly the progressive expenditure statements (salaries, social security, operating expenses, scholarships, investments, etc.) with the Treasury Branch, and making reallocations of the expenditure plan whenever necessary;<\/li>\n<li>Carrying out accounting operations related to budget funds, investments, currency, income, donations, and projects.<\/li>\n<li>Being responsible for creating, updating, and reconciling the accounting register of all assets owned or administered by the institution, including public properties that generate income;<\/li>\n<li>Ensuring the proper movement and documentation of goods. In specific cases, with the authorization of the Authorizing Officer, and in the presence of the employee in charge of asset management, transferring goods from the supplier to the user while observing all required procedures;<\/li>\n<li>Reporting to the Ministry of Education and Sports all required financial data, periodically each month, and additionally whenever requested by the supervising institution;<\/li>\n<li>Preparing the economic data required by the institution\u2019s directors and other departments for various studies and activities approved by the Senate, the Administrative Board, and the Rectorate; based on data analysis, conducting studies and making proposals for improving financial structures and working methods.<\/li>\n<\/ul>\n<p>\u00a0\u00a0\u00a0 <strong>SECTORS<\/strong><\/p>\n<\/div><\/div><div class=\"w-tabs layout_hor style_default switch_click has_scrolling\" style=\"--sections-title-size:1em\"><div class=\"w-tabs-list items_2 align_none\"><div class=\"w-tabs-list-h\"><button class=\"w-tabs-item active\" aria-controls=\"content-n696\" aria-expanded=\"false\"><span class=\"w-tabs-item-title\">Budget and Revenue Management Sector<\/span><\/button><button class=\"w-tabs-item\" aria-controls=\"content-t86e\" aria-expanded=\"false\"><span class=\"w-tabs-item-title\">Financial Services Sector<\/span><\/button><\/div><\/div><div class=\"w-tabs-sections titles-align_none icon_chevron cpos_right\"><div class=\"w-tabs-section active\" id=\"n696\"><button class=\"w-tabs-section-header active\" aria-controls=\"content-n696\" aria-expanded=\"true\"><div class=\"w-tabs-section-title\">Budget and Revenue Management Sector<\/div><div class=\"w-tabs-section-control\"><\/div><\/button><div  class=\"w-tabs-section-content\" id=\"content-n696\"><div class=\"w-tabs-section-content-h i-cf\"><div class=\"wpb_text_column\"><div class=\"wpb_wrapper\"><p><strong>Head<\/strong>, Z. Ligor G\u00ebrdhe<br \/>Specialiste, Znj. Violeta Zere<br \/>Specialiste, Znj. Blerina Muslli<\/p>\n<\/div><\/div><\/div><\/div><\/div><div class=\"w-tabs-section\" id=\"t86e\"><button class=\"w-tabs-section-header\" aria-controls=\"content-t86e\" aria-expanded=\"false\"><div class=\"w-tabs-section-title\">Financial Services Sector<\/div><div class=\"w-tabs-section-control\"><\/div><\/button><div  class=\"w-tabs-section-content\" id=\"content-t86e\"><div class=\"w-tabs-section-content-h i-cf\"><div class=\"wpb_text_column\"><div class=\"wpb_wrapper\"><p>Specialist Xhensila Kristo<br \/>Material Assets Administrator Mirela Hoxhallari<\/p>\n<\/div><\/div><\/div><\/div><\/div><\/div><\/div><\/div><\/div><\/div><\/div><\/section>","protected":false},"excerpt":{"rendered":"","protected":false},"author":10,"featured_media":0,"parent":0,"menu_order":0,"comment_status":"closed","ping_status":"closed","template":"","meta":{"_acf_changed":false,"footnotes":""},"class_list":["post-9944","page","type-page","status-publish","hentry"],"acf":[],"yoast_head":"<!-- This site is optimized with the Yoast SEO plugin v26.9 - https:\/\/yoast.com\/product\/yoast-seo-wordpress\/ -->\n<title>Drejtoria e Financ\u00ebs - Universiteti &quot;Fan S. Noli&quot;, Kor\u00e7\u00eb<\/title>\n<meta name=\"robots\" content=\"index, follow, max-snippet:-1, max-image-preview:large, max-video-preview:-1\" \/>\n<link rel=\"canonical\" href=\"https:\/\/unkorce.edu.al\/en\/drejtoria-e-finances-2\/\" \/>\n<meta property=\"og:locale\" content=\"en_US\" \/>\n<meta property=\"og:type\" content=\"article\" \/>\n<meta property=\"og:title\" content=\"Drejtoria e Financ\u00ebs - Universiteti &quot;Fan S. Noli&quot;, Kor\u00e7\u00eb\" \/>\n<meta property=\"og:url\" content=\"https:\/\/unkorce.edu.al\/en\/drejtoria-e-finances-2\/\" \/>\n<meta property=\"og:site_name\" content=\"Universiteti &quot;Fan S. Noli&quot;, Kor\u00e7\u00eb\" \/>\n<meta property=\"article:publisher\" content=\"https:\/\/www.facebook.com\/unkorce\" \/>\n<meta property=\"article:modified_time\" content=\"2025-01-28T09:33:48+00:00\" \/>\n<meta name=\"twitter:card\" content=\"summary_large_image\" \/>\n<meta name=\"twitter:label1\" content=\"Est. reading time\" \/>\n\t<meta name=\"twitter:data1\" content=\"2 minutes\" \/>\n<script type=\"application\/ld+json\" class=\"yoast-schema-graph\">{\"@context\":\"https:\/\/schema.org\",\"@graph\":[{\"@type\":\"WebPage\",\"@id\":\"https:\/\/unkorce.edu.al\/drejtoria-e-finances-2\/\",\"url\":\"https:\/\/unkorce.edu.al\/drejtoria-e-finances-2\/\",\"name\":\"Drejtoria e Financ\u00ebs - Universiteti \\\"Fan S. Noli\\\", Kor\u00e7\u00eb\",\"isPartOf\":{\"@id\":\"https:\/\/unkorce.edu.al\/#website\"},\"datePublished\":\"2022-05-24T10:18:54+00:00\",\"dateModified\":\"2025-01-28T09:33:48+00:00\",\"breadcrumb\":{\"@id\":\"https:\/\/unkorce.edu.al\/drejtoria-e-finances-2\/#breadcrumb\"},\"inLanguage\":\"en-US\",\"potentialAction\":[{\"@type\":\"ReadAction\",\"target\":[\"https:\/\/unkorce.edu.al\/drejtoria-e-finances-2\/\"]}]},{\"@type\":\"BreadcrumbList\",\"@id\":\"https:\/\/unkorce.edu.al\/drejtoria-e-finances-2\/#breadcrumb\",\"itemListElement\":[{\"@type\":\"ListItem\",\"position\":1,\"name\":\"Home\",\"item\":\"https:\/\/unkorce.edu.al\/\"},{\"@type\":\"ListItem\",\"position\":2,\"name\":\"Drejtoria e Financ\u00ebs\"}]},{\"@type\":\"WebSite\",\"@id\":\"https:\/\/unkorce.edu.al\/#website\",\"url\":\"https:\/\/unkorce.edu.al\/\",\"name\":\"Universiteti \\\"Fan S. Noli\\\", Kor\u00e7\u00eb\",\"description\":\"Mir&euml;sevini n&euml; faqen zyrtare!\",\"publisher\":{\"@id\":\"https:\/\/unkorce.edu.al\/#organization\"},\"potentialAction\":[{\"@type\":\"SearchAction\",\"target\":{\"@type\":\"EntryPoint\",\"urlTemplate\":\"https:\/\/unkorce.edu.al\/?s={search_term_string}\"},\"query-input\":{\"@type\":\"PropertyValueSpecification\",\"valueRequired\":true,\"valueName\":\"search_term_string\"}}],\"inLanguage\":\"en-US\"},{\"@type\":\"Organization\",\"@id\":\"https:\/\/unkorce.edu.al\/#organization\",\"name\":\"Universiteti \\\"Fan S. Noli\\\", Kor\u00e7\u00eb\",\"url\":\"https:\/\/unkorce.edu.al\/\",\"logo\":{\"@type\":\"ImageObject\",\"inLanguage\":\"en-US\",\"@id\":\"https:\/\/unkorce.edu.al\/#\/schema\/logo\/image\/\",\"url\":\"https:\/\/unkorce.edu.al\/wp-content\/uploads\/2024\/08\/Logo_e_Universitetit__Fan_Noli_-e1726660879862.png\",\"contentUrl\":\"https:\/\/unkorce.edu.al\/wp-content\/uploads\/2024\/08\/Logo_e_Universitetit__Fan_Noli_-e1726660879862.png\",\"width\":200,\"height\":120,\"caption\":\"Universiteti \\\"Fan S. Noli\\\", Kor\u00e7\u00eb\"},\"image\":{\"@id\":\"https:\/\/unkorce.edu.al\/#\/schema\/logo\/image\/\"},\"sameAs\":[\"https:\/\/www.facebook.com\/unkorce\"]}]}<\/script>\n<!-- \/ Yoast SEO plugin. -->","yoast_head_json":{"title":"Drejtoria e Financ\u00ebs - Universiteti \"Fan S. Noli\", Kor\u00e7\u00eb","robots":{"index":"index","follow":"follow","max-snippet":"max-snippet:-1","max-image-preview":"max-image-preview:large","max-video-preview":"max-video-preview:-1"},"canonical":"https:\/\/unkorce.edu.al\/en\/drejtoria-e-finances-2\/","og_locale":"en_US","og_type":"article","og_title":"Drejtoria e Financ\u00ebs - Universiteti \"Fan S. Noli\", Kor\u00e7\u00eb","og_url":"https:\/\/unkorce.edu.al\/en\/drejtoria-e-finances-2\/","og_site_name":"Universiteti \"Fan S. Noli\", Kor\u00e7\u00eb","article_publisher":"https:\/\/www.facebook.com\/unkorce","article_modified_time":"2025-01-28T09:33:48+00:00","twitter_card":"summary_large_image","twitter_misc":{"Est. reading time":"2 minutes"},"schema":{"@context":"https:\/\/schema.org","@graph":[{"@type":"WebPage","@id":"https:\/\/unkorce.edu.al\/drejtoria-e-finances-2\/","url":"https:\/\/unkorce.edu.al\/drejtoria-e-finances-2\/","name":"Drejtoria e Financ\u00ebs - Universiteti \"Fan S. Noli\", Kor\u00e7\u00eb","isPartOf":{"@id":"https:\/\/unkorce.edu.al\/#website"},"datePublished":"2022-05-24T10:18:54+00:00","dateModified":"2025-01-28T09:33:48+00:00","breadcrumb":{"@id":"https:\/\/unkorce.edu.al\/drejtoria-e-finances-2\/#breadcrumb"},"inLanguage":"en-US","potentialAction":[{"@type":"ReadAction","target":["https:\/\/unkorce.edu.al\/drejtoria-e-finances-2\/"]}]},{"@type":"BreadcrumbList","@id":"https:\/\/unkorce.edu.al\/drejtoria-e-finances-2\/#breadcrumb","itemListElement":[{"@type":"ListItem","position":1,"name":"Home","item":"https:\/\/unkorce.edu.al\/"},{"@type":"ListItem","position":2,"name":"Drejtoria e Financ\u00ebs"}]},{"@type":"WebSite","@id":"https:\/\/unkorce.edu.al\/#website","url":"https:\/\/unkorce.edu.al\/","name":"Universiteti \"Fan S. Noli\", Kor\u00e7\u00eb","description":"Mir&euml;sevini n&euml; faqen zyrtare!","publisher":{"@id":"https:\/\/unkorce.edu.al\/#organization"},"potentialAction":[{"@type":"SearchAction","target":{"@type":"EntryPoint","urlTemplate":"https:\/\/unkorce.edu.al\/?s={search_term_string}"},"query-input":{"@type":"PropertyValueSpecification","valueRequired":true,"valueName":"search_term_string"}}],"inLanguage":"en-US"},{"@type":"Organization","@id":"https:\/\/unkorce.edu.al\/#organization","name":"Universiteti \"Fan S. Noli\", Kor\u00e7\u00eb","url":"https:\/\/unkorce.edu.al\/","logo":{"@type":"ImageObject","inLanguage":"en-US","@id":"https:\/\/unkorce.edu.al\/#\/schema\/logo\/image\/","url":"https:\/\/unkorce.edu.al\/wp-content\/uploads\/2024\/08\/Logo_e_Universitetit__Fan_Noli_-e1726660879862.png","contentUrl":"https:\/\/unkorce.edu.al\/wp-content\/uploads\/2024\/08\/Logo_e_Universitetit__Fan_Noli_-e1726660879862.png","width":200,"height":120,"caption":"Universiteti \"Fan S. Noli\", Kor\u00e7\u00eb"},"image":{"@id":"https:\/\/unkorce.edu.al\/#\/schema\/logo\/image\/"},"sameAs":["https:\/\/www.facebook.com\/unkorce"]}]}},"_links":{"self":[{"href":"https:\/\/unkorce.edu.al\/en\/wp-json\/wp\/v2\/pages\/9944","targetHints":{"allow":["GET"]}}],"collection":[{"href":"https:\/\/unkorce.edu.al\/en\/wp-json\/wp\/v2\/pages"}],"about":[{"href":"https:\/\/unkorce.edu.al\/en\/wp-json\/wp\/v2\/types\/page"}],"author":[{"embeddable":true,"href":"https:\/\/unkorce.edu.al\/en\/wp-json\/wp\/v2\/users\/10"}],"replies":[{"embeddable":true,"href":"https:\/\/unkorce.edu.al\/en\/wp-json\/wp\/v2\/comments?post=9944"}],"version-history":[{"count":2,"href":"https:\/\/unkorce.edu.al\/en\/wp-json\/wp\/v2\/pages\/9944\/revisions"}],"predecessor-version":[{"id":31327,"href":"https:\/\/unkorce.edu.al\/en\/wp-json\/wp\/v2\/pages\/9944\/revisions\/31327"}],"wp:attachment":[{"href":"https:\/\/unkorce.edu.al\/en\/wp-json\/wp\/v2\/media?parent=9944"}],"curies":[{"name":"wp","href":"https:\/\/api.w.org\/{rel}","templated":true}]}}