{"id":9926,"date":"2022-05-24T10:04:55","date_gmt":"2022-05-24T10:04:55","guid":{"rendered":"\/?page_id=9926"},"modified":"2025-02-12T13:02:42","modified_gmt":"2025-02-12T13:02:42","slug":"drejtoria-e-projekteve-dhe-kerkimit-shkencor","status":"publish","type":"page","link":"https:\/\/unkorce.edu.al\/en\/drejtoria-e-projekteve-dhe-kerkimit-shkencor\/","title":{"rendered":"Department of Scientific Research, Third Mission, and International Relations"},"content":{"rendered":"<section class=\"l-section wpb_row height_medium width_full\"><div class=\"l-section-h i-cf\"><div class=\"g-cols vc_row via_grid cols_1 laptops-cols_inherit tablets-cols_inherit mobiles-cols_1 valign_top type_default stacking_default\"><div class=\"wpb_column vc_column_container\"><div class=\"vc_column-inner\"><div class=\"wpb_text_column\"><div class=\"wpb_wrapper\"><p>This Department is responsible for:<\/p>\n<ul class=\"wp-block-list\">\n<li>Supervising the progress of general research activities within the institution.<\/li>\n<li>Supervising the application procedures and management of research projects;<\/li>\n<li>Drafting the strategic plan necessary for the development of research and publishing activities.<\/li>\n<li>Managing international relations as well as internal relations within the university.<\/li>\n<\/ul>\n<p><strong>SECTORS<\/strong><\/p>\n<\/div><\/div><div class=\"w-tabs layout_hor style_default switch_click has_scrolling\" style=\"--sections-title-size:1em\"><div class=\"w-tabs-list items_3 align_none\"><div class=\"w-tabs-list-h\"><button class=\"w-tabs-item active\" aria-controls=\"content-t56e\" aria-expanded=\"false\"><span class=\"w-tabs-item-title\">Sector of Projects, Scientific Research, and Tertiary Services<\/span><\/button><button class=\"w-tabs-item\" aria-controls=\"content-e6de\" aria-expanded=\"false\"><span class=\"w-tabs-item-title\">Sector of Information Technology and Statistics<\/span><\/button><button class=\"w-tabs-item\" aria-controls=\"content-u834\" aria-expanded=\"false\"><span class=\"w-tabs-item-title\">Sector of International Relations, Publications, and Scientific Library<\/span><\/button><\/div><\/div><div class=\"w-tabs-sections titles-align_none icon_chevron cpos_right\"><div class=\"w-tabs-section active\" id=\"t56e\"><button class=\"w-tabs-section-header active\" aria-controls=\"content-t56e\" aria-expanded=\"true\"><div class=\"w-tabs-section-title\">Sector of Projects, Scientific Research, and Tertiary Services<\/div><div class=\"w-tabs-section-control\"><\/div><\/button><div  class=\"w-tabs-section-content\" id=\"content-t56e\"><div class=\"w-tabs-section-content-h i-cf\"><div class=\"wpb_text_column\"><div class=\"wpb_wrapper\"><\/div><\/div><\/div><\/div><\/div><div class=\"w-tabs-section\" id=\"e6de\"><button class=\"w-tabs-section-header\" aria-controls=\"content-e6de\" aria-expanded=\"false\"><div class=\"w-tabs-section-title\">Sector of Information Technology and Statistics<\/div><div class=\"w-tabs-section-control\"><\/div><\/button><div  class=\"w-tabs-section-content\" id=\"content-e6de\"><div class=\"w-tabs-section-content-h i-cf\"><div class=\"wpb_text_column\"><div class=\"wpb_wrapper\"><p>Email:\u00a0<a href=\"mailto:sektori.tik@unkorce.edu.al\"><u>sektori.tik@unkorce.edu.al<\/u><\/a><\/p>\n<\/div><\/div><\/div><\/div><\/div><div class=\"w-tabs-section\" id=\"u834\"><button class=\"w-tabs-section-header\" aria-controls=\"content-u834\" aria-expanded=\"false\"><div class=\"w-tabs-section-title\">Sector of International Relations, Publications, and Scientific Library<\/div><div class=\"w-tabs-section-control\"><\/div><\/button><div  class=\"w-tabs-section-content\" id=\"content-u834\"><div class=\"w-tabs-section-content-h i-cf\"><div class=\"wpb_text_column\"><div class=\"wpb_wrapper\"><p>Email: <a href=\"mailto:iro.botime@unkorce.edu.al\"><u>iro.botime@unkorce.edu.al<\/u><\/a><\/p>\n<\/div><\/div><\/div><\/div><\/div><\/div><\/div><\/div><\/div><\/div><\/div><\/section>","protected":false},"excerpt":{"rendered":"","protected":false},"author":7,"featured_media":0,"parent":0,"menu_order":0,"comment_status":"closed","ping_status":"closed","template":"","meta":{"_acf_changed":false,"footnotes":""},"class_list":["post-9926","page","type-page","status-publish","hentry"],"acf":[],"yoast_head":"<!-- This site is optimized with the Yoast SEO plugin v26.9 - https:\/\/yoast.com\/product\/yoast-seo-wordpress\/ -->\n<title>Drejtoria e k\u00ebrkimit shkencor, rolit terciar dhe marr\u00ebdh\u00ebnieve me jasht\u00eb - Universiteti &quot;Fan S. Noli&quot;, Kor\u00e7\u00eb<\/title>\n<meta name=\"robots\" content=\"index, follow, max-snippet:-1, max-image-preview:large, max-video-preview:-1\" \/>\n<link rel=\"canonical\" href=\"https:\/\/unkorce.edu.al\/en\/drejtoria-e-projekteve-dhe-kerkimit-shkencor\/\" \/>\n<meta property=\"og:locale\" content=\"en_US\" \/>\n<meta property=\"og:type\" content=\"article\" \/>\n<meta property=\"og:title\" content=\"Drejtoria e k\u00ebrkimit shkencor, rolit terciar dhe marr\u00ebdh\u00ebnieve me jasht\u00eb - Universiteti &quot;Fan S. Noli&quot;, Kor\u00e7\u00eb\" \/>\n<meta property=\"og:url\" content=\"https:\/\/unkorce.edu.al\/en\/drejtoria-e-projekteve-dhe-kerkimit-shkencor\/\" \/>\n<meta property=\"og:site_name\" content=\"Universiteti &quot;Fan S. Noli&quot;, Kor\u00e7\u00eb\" \/>\n<meta property=\"article:publisher\" content=\"https:\/\/www.facebook.com\/unkorce\" \/>\n<meta property=\"article:modified_time\" content=\"2025-02-12T13:02:42+00:00\" \/>\n<meta name=\"twitter:card\" content=\"summary_large_image\" \/>\n<meta name=\"twitter:label1\" content=\"Est. reading time\" \/>\n\t<meta name=\"twitter:data1\" content=\"1 minute\" \/>\n<script type=\"application\/ld+json\" class=\"yoast-schema-graph\">{\"@context\":\"https:\/\/schema.org\",\"@graph\":[{\"@type\":\"WebPage\",\"@id\":\"https:\/\/unkorce.edu.al\/drejtoria-e-projekteve-dhe-kerkimit-shkencor\/\",\"url\":\"https:\/\/unkorce.edu.al\/drejtoria-e-projekteve-dhe-kerkimit-shkencor\/\",\"name\":\"Drejtoria e k\u00ebrkimit shkencor, rolit terciar dhe marr\u00ebdh\u00ebnieve me jasht\u00eb - Universiteti \\\"Fan S. Noli\\\", Kor\u00e7\u00eb\",\"isPartOf\":{\"@id\":\"https:\/\/unkorce.edu.al\/#website\"},\"datePublished\":\"2022-05-24T10:04:55+00:00\",\"dateModified\":\"2025-02-12T13:02:42+00:00\",\"breadcrumb\":{\"@id\":\"https:\/\/unkorce.edu.al\/drejtoria-e-projekteve-dhe-kerkimit-shkencor\/#breadcrumb\"},\"inLanguage\":\"en-US\",\"potentialAction\":[{\"@type\":\"ReadAction\",\"target\":[\"https:\/\/unkorce.edu.al\/drejtoria-e-projekteve-dhe-kerkimit-shkencor\/\"]}]},{\"@type\":\"BreadcrumbList\",\"@id\":\"https:\/\/unkorce.edu.al\/drejtoria-e-projekteve-dhe-kerkimit-shkencor\/#breadcrumb\",\"itemListElement\":[{\"@type\":\"ListItem\",\"position\":1,\"name\":\"Home\",\"item\":\"https:\/\/unkorce.edu.al\/\"},{\"@type\":\"ListItem\",\"position\":2,\"name\":\"Drejtoria e k\u00ebrkimit shkencor, rolit terciar dhe marr\u00ebdh\u00ebnieve me jasht\u00eb\"}]},{\"@type\":\"WebSite\",\"@id\":\"https:\/\/unkorce.edu.al\/#website\",\"url\":\"https:\/\/unkorce.edu.al\/\",\"name\":\"Universiteti \\\"Fan S. Noli\\\", Kor\u00e7\u00eb\",\"description\":\"Mir&euml;sevini n&euml; faqen zyrtare!\",\"publisher\":{\"@id\":\"https:\/\/unkorce.edu.al\/#organization\"},\"potentialAction\":[{\"@type\":\"SearchAction\",\"target\":{\"@type\":\"EntryPoint\",\"urlTemplate\":\"https:\/\/unkorce.edu.al\/?s={search_term_string}\"},\"query-input\":{\"@type\":\"PropertyValueSpecification\",\"valueRequired\":true,\"valueName\":\"search_term_string\"}}],\"inLanguage\":\"en-US\"},{\"@type\":\"Organization\",\"@id\":\"https:\/\/unkorce.edu.al\/#organization\",\"name\":\"Universiteti \\\"Fan S. Noli\\\", Kor\u00e7\u00eb\",\"url\":\"https:\/\/unkorce.edu.al\/\",\"logo\":{\"@type\":\"ImageObject\",\"inLanguage\":\"en-US\",\"@id\":\"https:\/\/unkorce.edu.al\/#\/schema\/logo\/image\/\",\"url\":\"https:\/\/unkorce.edu.al\/wp-content\/uploads\/2024\/08\/Logo_e_Universitetit__Fan_Noli_-e1726660879862.png\",\"contentUrl\":\"https:\/\/unkorce.edu.al\/wp-content\/uploads\/2024\/08\/Logo_e_Universitetit__Fan_Noli_-e1726660879862.png\",\"width\":200,\"height\":120,\"caption\":\"Universiteti \\\"Fan S. Noli\\\", Kor\u00e7\u00eb\"},\"image\":{\"@id\":\"https:\/\/unkorce.edu.al\/#\/schema\/logo\/image\/\"},\"sameAs\":[\"https:\/\/www.facebook.com\/unkorce\"]}]}<\/script>\n<!-- \/ Yoast SEO plugin. -->","yoast_head_json":{"title":"Drejtoria e k\u00ebrkimit shkencor, rolit terciar dhe marr\u00ebdh\u00ebnieve me jasht\u00eb - Universiteti \"Fan S. Noli\", Kor\u00e7\u00eb","robots":{"index":"index","follow":"follow","max-snippet":"max-snippet:-1","max-image-preview":"max-image-preview:large","max-video-preview":"max-video-preview:-1"},"canonical":"https:\/\/unkorce.edu.al\/en\/drejtoria-e-projekteve-dhe-kerkimit-shkencor\/","og_locale":"en_US","og_type":"article","og_title":"Drejtoria e k\u00ebrkimit shkencor, rolit terciar dhe marr\u00ebdh\u00ebnieve me jasht\u00eb - Universiteti \"Fan S. Noli\", Kor\u00e7\u00eb","og_url":"https:\/\/unkorce.edu.al\/en\/drejtoria-e-projekteve-dhe-kerkimit-shkencor\/","og_site_name":"Universiteti \"Fan S. Noli\", Kor\u00e7\u00eb","article_publisher":"https:\/\/www.facebook.com\/unkorce","article_modified_time":"2025-02-12T13:02:42+00:00","twitter_card":"summary_large_image","twitter_misc":{"Est. reading time":"1 minute"},"schema":{"@context":"https:\/\/schema.org","@graph":[{"@type":"WebPage","@id":"https:\/\/unkorce.edu.al\/drejtoria-e-projekteve-dhe-kerkimit-shkencor\/","url":"https:\/\/unkorce.edu.al\/drejtoria-e-projekteve-dhe-kerkimit-shkencor\/","name":"Drejtoria e k\u00ebrkimit shkencor, rolit terciar dhe marr\u00ebdh\u00ebnieve me jasht\u00eb - Universiteti \"Fan S. Noli\", Kor\u00e7\u00eb","isPartOf":{"@id":"https:\/\/unkorce.edu.al\/#website"},"datePublished":"2022-05-24T10:04:55+00:00","dateModified":"2025-02-12T13:02:42+00:00","breadcrumb":{"@id":"https:\/\/unkorce.edu.al\/drejtoria-e-projekteve-dhe-kerkimit-shkencor\/#breadcrumb"},"inLanguage":"en-US","potentialAction":[{"@type":"ReadAction","target":["https:\/\/unkorce.edu.al\/drejtoria-e-projekteve-dhe-kerkimit-shkencor\/"]}]},{"@type":"BreadcrumbList","@id":"https:\/\/unkorce.edu.al\/drejtoria-e-projekteve-dhe-kerkimit-shkencor\/#breadcrumb","itemListElement":[{"@type":"ListItem","position":1,"name":"Home","item":"https:\/\/unkorce.edu.al\/"},{"@type":"ListItem","position":2,"name":"Drejtoria e k\u00ebrkimit shkencor, rolit terciar dhe marr\u00ebdh\u00ebnieve me jasht\u00eb"}]},{"@type":"WebSite","@id":"https:\/\/unkorce.edu.al\/#website","url":"https:\/\/unkorce.edu.al\/","name":"Universiteti \"Fan S. Noli\", Kor\u00e7\u00eb","description":"Mir&euml;sevini n&euml; faqen zyrtare!","publisher":{"@id":"https:\/\/unkorce.edu.al\/#organization"},"potentialAction":[{"@type":"SearchAction","target":{"@type":"EntryPoint","urlTemplate":"https:\/\/unkorce.edu.al\/?s={search_term_string}"},"query-input":{"@type":"PropertyValueSpecification","valueRequired":true,"valueName":"search_term_string"}}],"inLanguage":"en-US"},{"@type":"Organization","@id":"https:\/\/unkorce.edu.al\/#organization","name":"Universiteti \"Fan S. Noli\", Kor\u00e7\u00eb","url":"https:\/\/unkorce.edu.al\/","logo":{"@type":"ImageObject","inLanguage":"en-US","@id":"https:\/\/unkorce.edu.al\/#\/schema\/logo\/image\/","url":"https:\/\/unkorce.edu.al\/wp-content\/uploads\/2024\/08\/Logo_e_Universitetit__Fan_Noli_-e1726660879862.png","contentUrl":"https:\/\/unkorce.edu.al\/wp-content\/uploads\/2024\/08\/Logo_e_Universitetit__Fan_Noli_-e1726660879862.png","width":200,"height":120,"caption":"Universiteti \"Fan S. Noli\", Kor\u00e7\u00eb"},"image":{"@id":"https:\/\/unkorce.edu.al\/#\/schema\/logo\/image\/"},"sameAs":["https:\/\/www.facebook.com\/unkorce"]}]}},"_links":{"self":[{"href":"https:\/\/unkorce.edu.al\/en\/wp-json\/wp\/v2\/pages\/9926","targetHints":{"allow":["GET"]}}],"collection":[{"href":"https:\/\/unkorce.edu.al\/en\/wp-json\/wp\/v2\/pages"}],"about":[{"href":"https:\/\/unkorce.edu.al\/en\/wp-json\/wp\/v2\/types\/page"}],"author":[{"embeddable":true,"href":"https:\/\/unkorce.edu.al\/en\/wp-json\/wp\/v2\/users\/7"}],"replies":[{"embeddable":true,"href":"https:\/\/unkorce.edu.al\/en\/wp-json\/wp\/v2\/comments?post=9926"}],"version-history":[{"count":10,"href":"https:\/\/unkorce.edu.al\/en\/wp-json\/wp\/v2\/pages\/9926\/revisions"}],"predecessor-version":[{"id":31346,"href":"https:\/\/unkorce.edu.al\/en\/wp-json\/wp\/v2\/pages\/9926\/revisions\/31346"}],"wp:attachment":[{"href":"https:\/\/unkorce.edu.al\/en\/wp-json\/wp\/v2\/media?parent=9926"}],"curies":[{"name":"wp","href":"https:\/\/api.w.org\/{rel}","templated":true}]}}