{"id":9631,"date":"2022-05-17T11:07:10","date_gmt":"2022-05-17T11:07:10","guid":{"rendered":"\/?page_id=9631"},"modified":"2024-11-07T09:23:21","modified_gmt":"2024-11-07T09:23:21","slug":"akreditimi","status":"publish","type":"page","link":"https:\/\/unkorce.edu.al\/en\/akreditimi\/","title":{"rendered":"Accreditation"},"content":{"rendered":"<section class=\"l-section wpb_row height_medium width_full\"><div class=\"l-section-h i-cf\"><div class=\"g-cols vc_row via_grid cols_1 laptops-cols_inherit tablets-cols_inherit mobiles-cols_1 valign_top type_default stacking_default\"><div class=\"wpb_column vc_column_container\"><div class=\"vc_column-inner\"><div class=\"w-hwrapper valign_stretch stack_on_mobiles align_justify\" style=\"--hwrapper-gap:0.3rem\"><div class=\"wpb_text_column us_custom_f7af8ec2\"><div class=\"wpb_wrapper\"><p><a href=\"https:\/\/unkorce.edu.al\/en\/sites\/default\/files\/CERTIFIKATA%20E%20AKREDITIMIT.pdf\/\">CERTIFIKATA E AKREDITIMIT<\/a><br \/><a href=\"https:\/\/unkorce.edu.al\/en\/sites\/default\/files\/CERTIFIKATA%20E%20AKREDITIMIT.pdf\/\"><img loading=\"lazy\" decoding=\"async\" class=\"alignnone size-full wp-image-29699\" src=\"https:\/\/unkorce.edu.al\/wp-content\/uploads\/2024\/11\/akreditimi.png\" alt=\"\" width=\"1200\" height=\"840\" srcset=\"https:\/\/unkorce.edu.al\/wp-content\/uploads\/2024\/11\/akreditimi.png 1200w, https:\/\/unkorce.edu.al\/wp-content\/uploads\/2024\/11\/akreditimi-300x210.png 300w, https:\/\/unkorce.edu.al\/wp-content\/uploads\/2024\/11\/akreditimi-1024x717.png 1024w\" sizes=\"auto, (max-width: 1200px) 100vw, 1200px\" \/><\/a><\/p>\n<\/div><\/div><div class=\"wpb_text_column us_custom_f7af8ec2\"><div class=\"wpb_wrapper\"><p><a href=\"https:\/\/unkorce.edu.al\/wp-content\/uploads\/2024\/04\/VBA-02-date-27.01.2023-AKREDITIMI-PERIODIK-UNIKO.pdf\">VENDIMI I AKREDITIMIT<\/a><br \/><a href=\"https:\/\/unkorce.edu.al\/wp-content\/uploads\/2024\/04\/VBA-02-date-27.01.2023-AKREDITIMI-PERIODIK-UNIKO.pdf\"><img loading=\"lazy\" decoding=\"async\" class=\"alignnone size-full wp-image-29701\" src=\"https:\/\/unkorce.edu.al\/wp-content\/uploads\/2024\/11\/vendim-1.png\" alt=\"\" width=\"719\" height=\"633\" srcset=\"https:\/\/unkorce.edu.al\/wp-content\/uploads\/2024\/11\/vendim-1.png 719w, https:\/\/unkorce.edu.al\/wp-content\/uploads\/2024\/11\/vendim-1-300x264.png 300w\" sizes=\"auto, (max-width: 719px) 100vw, 719px\" \/><\/a><\/p>\n<\/div><\/div><div class=\"wpb_text_column us_custom_f7af8ec2\"><div class=\"wpb_wrapper\"><p style=\"text-align: left;\"><a href=\"https:\/\/unkorce.edu.al\/en\/sites\/default\/files\/RVJ%20PERIODIK%20P%C3%8BRFUNDIMTAR%20UNIKO%202022.pdf\/\">RAPORTI I VLER\u00cbSIMIT T\u00cb JASHT\u00cbM<\/a><br \/><a href=\"https:\/\/unkorce.edu.al\/en\/sites\/default\/files\/RVJ%20PERIODIK%20P%C3%8BRFUNDIMTAR%20UNIKO%202022.pdf\/\"><img loading=\"lazy\" decoding=\"async\" class=\"alignnone size-full wp-image-29702\" src=\"https:\/\/unkorce.edu.al\/wp-content\/uploads\/2024\/11\/raport-e1730970092814.png\" alt=\"\" width=\"767\" height=\"634\" srcset=\"https:\/\/unkorce.edu.al\/wp-content\/uploads\/2024\/11\/raport-e1730970092814.png 767w, https:\/\/unkorce.edu.al\/wp-content\/uploads\/2024\/11\/raport-e1730970092814-300x248.png 300w\" sizes=\"auto, (max-width: 767px) 100vw, 767px\" \/><\/a><\/p>\n<\/div><\/div><\/div><div class=\"w-separator size_medium\"><\/div><div class=\"wpb_text_column\"><div class=\"wpb_wrapper\"><ul>\n<li><a href=\"https:\/\/unkorce.edu.al\/wp-content\/uploads\/2024\/11\/CERTIFIKATA-E-AKREDITIMIT.pdf\">Certifikata Akreditimi i Par\u00eb Institucional<\/a><\/li>\n<li><a href=\"https:\/\/unkorce.edu.al\/wp-content\/uploads\/2024\/04\/VBA-02-date-27.01.2023-AKREDITIMI-PERIODIK-UNIKO.pdf\">Vendimi i Akreditimit t\u00eb Par\u00eb Institucional<\/a><\/li>\n<li><a href=\"https:\/\/unkorce.edu.al\/en\/sites\/default\/files\/RAPORTI%20I%20VLERESIMIT%20TE%20JASHTEM.pdf\/\">Raporti i Vler\u00ebsimit t\u00eb Jasht\u00ebm<\/a><\/li>\n<\/ul>\n<\/div><\/div><\/div><\/div><\/div><\/div><\/section>","protected":false},"excerpt":{"rendered":"","protected":false},"author":122,"featured_media":0,"parent":0,"menu_order":0,"comment_status":"closed","ping_status":"closed","template":"","meta":{"_acf_changed":false,"footnotes":""},"class_list":["post-9631","page","type-page","status-publish","hentry"],"acf":[],"yoast_head":"<!-- This site is optimized with the Yoast SEO plugin v26.9 - https:\/\/yoast.com\/product\/yoast-seo-wordpress\/ -->\n<title>Akreditimi - Universiteti &quot;Fan S. Noli&quot;, Kor\u00e7\u00eb<\/title>\n<meta name=\"robots\" content=\"index, follow, max-snippet:-1, max-image-preview:large, max-video-preview:-1\" \/>\n<link rel=\"canonical\" href=\"https:\/\/unkorce.edu.al\/en\/akreditimi\/\" \/>\n<meta property=\"og:locale\" content=\"en_US\" \/>\n<meta property=\"og:type\" content=\"article\" \/>\n<meta property=\"og:title\" content=\"Akreditimi - Universiteti &quot;Fan S. Noli&quot;, Kor\u00e7\u00eb\" \/>\n<meta property=\"og:url\" content=\"https:\/\/unkorce.edu.al\/en\/akreditimi\/\" \/>\n<meta property=\"og:site_name\" content=\"Universiteti &quot;Fan S. Noli&quot;, Kor\u00e7\u00eb\" \/>\n<meta property=\"article:publisher\" content=\"https:\/\/www.facebook.com\/unkorce\" \/>\n<meta property=\"article:modified_time\" content=\"2024-11-07T09:23:21+00:00\" \/>\n<meta property=\"og:image\" content=\"https:\/\/unkorce.edu.al\/wp-content\/uploads\/2024\/11\/akreditimi.png\" \/>\n\t<meta property=\"og:image:width\" content=\"1200\" \/>\n\t<meta property=\"og:image:height\" content=\"840\" \/>\n\t<meta property=\"og:image:type\" content=\"image\/png\" \/>\n<meta name=\"twitter:card\" content=\"summary_large_image\" \/>\n<script type=\"application\/ld+json\" class=\"yoast-schema-graph\">{\"@context\":\"https:\/\/schema.org\",\"@graph\":[{\"@type\":\"WebPage\",\"@id\":\"https:\/\/unkorce.edu.al\/akreditimi\/\",\"url\":\"https:\/\/unkorce.edu.al\/akreditimi\/\",\"name\":\"Akreditimi - Universiteti \\\"Fan S. Noli\\\", Kor\u00e7\u00eb\",\"isPartOf\":{\"@id\":\"https:\/\/unkorce.edu.al\/#website\"},\"primaryImageOfPage\":{\"@id\":\"https:\/\/unkorce.edu.al\/akreditimi\/#primaryimage\"},\"image\":{\"@id\":\"https:\/\/unkorce.edu.al\/akreditimi\/#primaryimage\"},\"thumbnailUrl\":\"https:\/\/unkorce.edu.al\/wp-content\/uploads\/2024\/11\/akreditimi.png\",\"datePublished\":\"2022-05-17T11:07:10+00:00\",\"dateModified\":\"2024-11-07T09:23:21+00:00\",\"breadcrumb\":{\"@id\":\"https:\/\/unkorce.edu.al\/akreditimi\/#breadcrumb\"},\"inLanguage\":\"en-US\",\"potentialAction\":[{\"@type\":\"ReadAction\",\"target\":[\"https:\/\/unkorce.edu.al\/akreditimi\/\"]}]},{\"@type\":\"ImageObject\",\"inLanguage\":\"en-US\",\"@id\":\"https:\/\/unkorce.edu.al\/akreditimi\/#primaryimage\",\"url\":\"https:\/\/unkorce.edu.al\/wp-content\/uploads\/2024\/11\/akreditimi.png\",\"contentUrl\":\"https:\/\/unkorce.edu.al\/wp-content\/uploads\/2024\/11\/akreditimi.png\"},{\"@type\":\"BreadcrumbList\",\"@id\":\"https:\/\/unkorce.edu.al\/akreditimi\/#breadcrumb\",\"itemListElement\":[{\"@type\":\"ListItem\",\"position\":1,\"name\":\"Home\",\"item\":\"https:\/\/unkorce.edu.al\/\"},{\"@type\":\"ListItem\",\"position\":2,\"name\":\"Akreditimi\"}]},{\"@type\":\"WebSite\",\"@id\":\"https:\/\/unkorce.edu.al\/#website\",\"url\":\"https:\/\/unkorce.edu.al\/\",\"name\":\"Universiteti \\\"Fan S. Noli\\\", Kor\u00e7\u00eb\",\"description\":\"Mir&euml;sevini n&euml; faqen zyrtare!\",\"publisher\":{\"@id\":\"https:\/\/unkorce.edu.al\/#organization\"},\"potentialAction\":[{\"@type\":\"SearchAction\",\"target\":{\"@type\":\"EntryPoint\",\"urlTemplate\":\"https:\/\/unkorce.edu.al\/?s={search_term_string}\"},\"query-input\":{\"@type\":\"PropertyValueSpecification\",\"valueRequired\":true,\"valueName\":\"search_term_string\"}}],\"inLanguage\":\"en-US\"},{\"@type\":\"Organization\",\"@id\":\"https:\/\/unkorce.edu.al\/#organization\",\"name\":\"Universiteti \\\"Fan S. Noli\\\", Kor\u00e7\u00eb\",\"url\":\"https:\/\/unkorce.edu.al\/\",\"logo\":{\"@type\":\"ImageObject\",\"inLanguage\":\"en-US\",\"@id\":\"https:\/\/unkorce.edu.al\/#\/schema\/logo\/image\/\",\"url\":\"https:\/\/unkorce.edu.al\/wp-content\/uploads\/2024\/08\/Logo_e_Universitetit__Fan_Noli_-e1726660879862.png\",\"contentUrl\":\"https:\/\/unkorce.edu.al\/wp-content\/uploads\/2024\/08\/Logo_e_Universitetit__Fan_Noli_-e1726660879862.png\",\"width\":200,\"height\":120,\"caption\":\"Universiteti \\\"Fan S. Noli\\\", Kor\u00e7\u00eb\"},\"image\":{\"@id\":\"https:\/\/unkorce.edu.al\/#\/schema\/logo\/image\/\"},\"sameAs\":[\"https:\/\/www.facebook.com\/unkorce\"]}]}<\/script>\n<!-- \/ Yoast SEO plugin. -->","yoast_head_json":{"title":"Akreditimi - Universiteti \"Fan S. Noli\", Kor\u00e7\u00eb","robots":{"index":"index","follow":"follow","max-snippet":"max-snippet:-1","max-image-preview":"max-image-preview:large","max-video-preview":"max-video-preview:-1"},"canonical":"https:\/\/unkorce.edu.al\/en\/akreditimi\/","og_locale":"en_US","og_type":"article","og_title":"Akreditimi - Universiteti \"Fan S. Noli\", Kor\u00e7\u00eb","og_url":"https:\/\/unkorce.edu.al\/en\/akreditimi\/","og_site_name":"Universiteti \"Fan S. Noli\", Kor\u00e7\u00eb","article_publisher":"https:\/\/www.facebook.com\/unkorce","article_modified_time":"2024-11-07T09:23:21+00:00","og_image":[{"width":1200,"height":840,"url":"https:\/\/unkorce.edu.al\/wp-content\/uploads\/2024\/11\/akreditimi.png","type":"image\/png"}],"twitter_card":"summary_large_image","schema":{"@context":"https:\/\/schema.org","@graph":[{"@type":"WebPage","@id":"https:\/\/unkorce.edu.al\/akreditimi\/","url":"https:\/\/unkorce.edu.al\/akreditimi\/","name":"Akreditimi - Universiteti \"Fan S. Noli\", Kor\u00e7\u00eb","isPartOf":{"@id":"https:\/\/unkorce.edu.al\/#website"},"primaryImageOfPage":{"@id":"https:\/\/unkorce.edu.al\/akreditimi\/#primaryimage"},"image":{"@id":"https:\/\/unkorce.edu.al\/akreditimi\/#primaryimage"},"thumbnailUrl":"https:\/\/unkorce.edu.al\/wp-content\/uploads\/2024\/11\/akreditimi.png","datePublished":"2022-05-17T11:07:10+00:00","dateModified":"2024-11-07T09:23:21+00:00","breadcrumb":{"@id":"https:\/\/unkorce.edu.al\/akreditimi\/#breadcrumb"},"inLanguage":"en-US","potentialAction":[{"@type":"ReadAction","target":["https:\/\/unkorce.edu.al\/akreditimi\/"]}]},{"@type":"ImageObject","inLanguage":"en-US","@id":"https:\/\/unkorce.edu.al\/akreditimi\/#primaryimage","url":"https:\/\/unkorce.edu.al\/wp-content\/uploads\/2024\/11\/akreditimi.png","contentUrl":"https:\/\/unkorce.edu.al\/wp-content\/uploads\/2024\/11\/akreditimi.png"},{"@type":"BreadcrumbList","@id":"https:\/\/unkorce.edu.al\/akreditimi\/#breadcrumb","itemListElement":[{"@type":"ListItem","position":1,"name":"Home","item":"https:\/\/unkorce.edu.al\/"},{"@type":"ListItem","position":2,"name":"Akreditimi"}]},{"@type":"WebSite","@id":"https:\/\/unkorce.edu.al\/#website","url":"https:\/\/unkorce.edu.al\/","name":"Universiteti \"Fan S. Noli\", Kor\u00e7\u00eb","description":"Mir&euml;sevini n&euml; faqen zyrtare!","publisher":{"@id":"https:\/\/unkorce.edu.al\/#organization"},"potentialAction":[{"@type":"SearchAction","target":{"@type":"EntryPoint","urlTemplate":"https:\/\/unkorce.edu.al\/?s={search_term_string}"},"query-input":{"@type":"PropertyValueSpecification","valueRequired":true,"valueName":"search_term_string"}}],"inLanguage":"en-US"},{"@type":"Organization","@id":"https:\/\/unkorce.edu.al\/#organization","name":"Universiteti \"Fan S. Noli\", Kor\u00e7\u00eb","url":"https:\/\/unkorce.edu.al\/","logo":{"@type":"ImageObject","inLanguage":"en-US","@id":"https:\/\/unkorce.edu.al\/#\/schema\/logo\/image\/","url":"https:\/\/unkorce.edu.al\/wp-content\/uploads\/2024\/08\/Logo_e_Universitetit__Fan_Noli_-e1726660879862.png","contentUrl":"https:\/\/unkorce.edu.al\/wp-content\/uploads\/2024\/08\/Logo_e_Universitetit__Fan_Noli_-e1726660879862.png","width":200,"height":120,"caption":"Universiteti \"Fan S. Noli\", Kor\u00e7\u00eb"},"image":{"@id":"https:\/\/unkorce.edu.al\/#\/schema\/logo\/image\/"},"sameAs":["https:\/\/www.facebook.com\/unkorce"]}]}},"_links":{"self":[{"href":"https:\/\/unkorce.edu.al\/en\/wp-json\/wp\/v2\/pages\/9631","targetHints":{"allow":["GET"]}}],"collection":[{"href":"https:\/\/unkorce.edu.al\/en\/wp-json\/wp\/v2\/pages"}],"about":[{"href":"https:\/\/unkorce.edu.al\/en\/wp-json\/wp\/v2\/types\/page"}],"author":[{"embeddable":true,"href":"https:\/\/unkorce.edu.al\/en\/wp-json\/wp\/v2\/users\/122"}],"replies":[{"embeddable":true,"href":"https:\/\/unkorce.edu.al\/en\/wp-json\/wp\/v2\/comments?post=9631"}],"version-history":[{"count":6,"href":"https:\/\/unkorce.edu.al\/en\/wp-json\/wp\/v2\/pages\/9631\/revisions"}],"predecessor-version":[{"id":29709,"href":"https:\/\/unkorce.edu.al\/en\/wp-json\/wp\/v2\/pages\/9631\/revisions\/29709"}],"wp:attachment":[{"href":"https:\/\/unkorce.edu.al\/en\/wp-json\/wp\/v2\/media?parent=9631"}],"curies":[{"name":"wp","href":"https:\/\/api.w.org\/{rel}","templated":true}]}}