{"id":9616,"date":"2022-05-13T08:03:16","date_gmt":"2022-05-13T08:03:16","guid":{"rendered":"\/?page_id=9616"},"modified":"2022-05-13T08:03:16","modified_gmt":"2022-05-13T08:03:16","slug":"qendra-e-inovacionit-innov8-3","status":"publish","type":"page","link":"https:\/\/unkorce.edu.al\/en\/qendra-e-inovacionit-innov8-3\/","title":{"rendered":"QENDRA E INOVACIONIT (INNOV8)"},"content":{"rendered":"<figure class=\"wp-block-image size-full is-style-default\"><img decoding=\"async\" src=\"\/wp-content\/uploads\/2022\/05\/innov8.png\" alt=\"\" class=\"wp-image-9619\"\/><\/figure>\n\n\n\n<p>Fusha: Rritja e konkurrenc\u00ebs, biznesit, tregtis\u00eb dhe investimeve<\/p>\n\n\n\n<p>Titulli i Projektit: Eko-Sistemi i Inovacionit n\u00eb zon\u00ebn e BNK-s\u00eb (CBC INNOV8)<\/p>\n\n\n\n<p>Lloji i Kontrat\u00ebs \/ Kategoris\u00eb: Programi Nd\u00ebrkufitar Ish Republika Jugosllave e Maqedonis\u00eb &#8211; Republika e Shqip\u00ebris\u00eb n\u00ebn instrumentin e Asistenc\u00ebs s\u00eb Para-an\u00ebtar\u00ebsimit (IPA II), alokimet p\u00ebr 2014-2020<\/p>\n\n\n\n<p>Komponenti IPA \/ (komb\u00ebtar ose rajonal):&nbsp; Programi nd\u00ebrkufitar Ish Republika Jugosllave e Maqedonis\u00eb &#8211; Republika e Shqip\u00ebris\u00eb n\u00ebn instrumentin e Ndihm\u00ebs s\u00eb Para-An\u00ebtar\u00ebsimit (IPA II), alokimet p\u00ebr 2014-2020<\/p>\n\n\n\n<p>Aplikuesi kryesor dhe bashk\u00eb-aplikant\u00ebt:<\/p>\n\n\n\n<p>EuroPartners Development &#8211; Partner kryesor<\/p>\n\n\n\n<p>Agjencia Komb\u00ebtare e K\u00ebrkimit Shkencor dhe Inovacionit (AKSHI) &#8211; Partner<\/p>\n\n\n\n<p>Fondi p\u00ebr Inovacione dhe Zhvillim t\u00eb Teknologjis\u00eb (FIZHT) &#8211; Partner<\/p>\n\n\n\n<p>Qendra Komb\u00ebtare p\u00ebr Zhvillimin e Inovacionit dhe M\u00ebsimit mbi Sip\u00ebrmarrjen (QKZHIMS) &#8211; Partner<\/p>\n\n\n\n<p>Qendra e Inovacionit n\u00eb Universitetin \u201cFan S. Noli\u201d, Kor\u00e7\u00eb u krijua n\u00eb kuad\u00ebr t\u00eb projektit \u201c<em>Eko-sistemi i Inovacionit n\u00eb zon\u00ebn nd\u00ebr-kufitare midis Republik\u00ebs s\u00eb Shiqp\u00ebris\u00eb dhe Republik\u00ebs s\u00eb Maqedonis\u00eb s\u00eb Veriut<\/em>\u201d, p\u00ebrkat\u00ebsisht midis Universitetit \u201cFan S. Noli\u201d, Kor\u00e7\u00eb dhe Universitetit \u201cSt. Kliment Ohridski\u201d \u2013 Bitola.<\/p>\n\n\n\n<p>Ky projekt konsiston n\u00eb krijimin e infrastruktur\u00ebs mb\u00ebshtet\u00ebse t\u00eb inovacionit, me implementimin e projekteve Start-up dhe bashk\u00ebpunimin me Nd\u00ebrmarrjet e vogla dhe t\u00eb m\u00ebsme n\u00eb zonat Nd\u00ebr-kufitare nd\u00ebrmjet Republik\u00ebs s\u00eb Maqedonis\u00eb s\u00eb Veriut dhe Republik\u00ebs s\u00eb Shqip\u00ebris\u00eb. Objektivi kryesor i k\u00ebtij projekti \u00ebsht\u00eb t\u00eb ndihmoj\u00eb n\u00eb krijimin e nj\u00eb eko-sistemi inovativ p\u00ebr NVM-t\u00eb dhe Start-Up-et, brenda kontekstit ekzistues arsimor dhe t\u00eb biznesit duke u nisur nga:<\/p>\n\n\n\n<p><strong>1.<\/strong>&nbsp;Fuqizimi i kapaciteteve t\u00eb aktor\u00ebve kryesor\u00eb n\u00eb zhvillimin e konkurrenc\u00ebs dhe njohjes n\u00eb zonat e Bashk\u00ebpunimit Nd\u00ebrkufitar.<\/p>\n\n\n\n<p><strong>2.<\/strong>&nbsp;Rritja e bashk\u00ebpunimit nd\u00ebrsektorial midis NVM-ve dhe Start-up-eve duke u fokusuar n\u00eb plot\u00ebsimin dhe shfryt\u00ebzimin e mund\u00ebsive aktuale dhe t\u00eb ardhshme t\u00eb biznesit p\u00ebr sip\u00ebrmarrjet e p\u00ebrbashk\u00ebta dhe ofrimin e sh\u00ebrbimit shum\u00ebvje\u00e7ar.<\/p>\n\n\n\n<p><strong>3.<\/strong>&nbsp;Integrimi i ekosistemit t\u00eb inovacionit nga zonat komb\u00ebtare n\u00eb ato t\u00eb Bashk\u00ebpunimit Nd\u00ebrkufitar.&nbsp;<\/p>\n\n\n\n<p>Grupet e synuara t\u00eb projektit p\u00ebrfshijn\u00eb: universitete, qendra k\u00ebrkimore, institucione arsimore si nivele t\u00eb para; Start-up-et n\u00eb zonat BNK si nivele t\u00eb dyta t\u00eb grupeve t\u00eb synuara dhe autoritetet rajonale, bashkit\u00eb e zon\u00ebs ku do t\u00eb zbatohet ky projekt, dhomat e tregtis\u00eb dhe p\u00ebrfaq\u00ebsuesit e biznesit lokal.<\/p>\n\n\n\n<p>Ky projekt financohet nga Komisioni Evropian i p\u00ebrfaq\u00ebsuar nga Delegacioni i Bashkimit Evropian n\u00eb ish-Republik\u00ebn Jugosllave t\u00eb Maqedonis\u00eb.<\/p>","protected":false},"excerpt":{"rendered":"<p>Fusha: Rritja e konkurrenc\u00ebs, biznesit, tregtis\u00eb dhe investimeve Titulli i Projektit: Eko-Sistemi i Inovacionit n\u00eb zon\u00ebn e BNK-s\u00eb (CBC INNOV8) Lloji i Kontrat\u00ebs \/ Kategoris\u00eb: Programi Nd\u00ebrkufitar Ish Republika Jugosllave e Maqedonis\u00eb &#8211; Republika e Shqip\u00ebris\u00eb n\u00ebn instrumentin e Asistenc\u00ebs s\u00eb Para-an\u00ebtar\u00ebsimit (IPA II), alokimet p\u00ebr 2014-2020 Komponenti IPA \/ (komb\u00ebtar ose rajonal):&nbsp; Programi nd\u00ebrkufitar&#8230;<\/p>","protected":false},"author":122,"featured_media":0,"parent":0,"menu_order":0,"comment_status":"closed","ping_status":"closed","template":"","meta":{"_acf_changed":false,"footnotes":""},"class_list":["post-9616","page","type-page","status-publish","hentry"],"acf":[],"yoast_head":"<!-- This site is optimized with the Yoast SEO plugin v26.9 - https:\/\/yoast.com\/product\/yoast-seo-wordpress\/ -->\n<title>QENDRA E INOVACIONIT (INNOV8) - Universiteti &quot;Fan S. Noli&quot;, Kor\u00e7\u00eb<\/title>\n<meta name=\"robots\" content=\"index, follow, max-snippet:-1, max-image-preview:large, max-video-preview:-1\" \/>\n<link rel=\"canonical\" href=\"https:\/\/unkorce.edu.al\/en\/qendra-e-inovacionit-innov8-3\/\" \/>\n<meta property=\"og:locale\" content=\"en_US\" \/>\n<meta property=\"og:type\" content=\"article\" \/>\n<meta property=\"og:title\" content=\"QENDRA E INOVACIONIT (INNOV8) - Universiteti &quot;Fan S. Noli&quot;, Kor\u00e7\u00eb\" \/>\n<meta property=\"og:description\" content=\"Fusha: Rritja e konkurrenc\u00ebs, biznesit, tregtis\u00eb dhe investimeve Titulli i Projektit: Eko-Sistemi i Inovacionit n\u00eb zon\u00ebn e BNK-s\u00eb (CBC INNOV8) Lloji i Kontrat\u00ebs \/ Kategoris\u00eb: Programi Nd\u00ebrkufitar Ish Republika Jugosllave e Maqedonis\u00eb &#8211; Republika e Shqip\u00ebris\u00eb n\u00ebn instrumentin e Asistenc\u00ebs s\u00eb Para-an\u00ebtar\u00ebsimit (IPA II), alokimet p\u00ebr 2014-2020 Komponenti IPA \/ (komb\u00ebtar ose rajonal):&nbsp; Programi nd\u00ebrkufitar...\" \/>\n<meta property=\"og:url\" content=\"https:\/\/unkorce.edu.al\/en\/qendra-e-inovacionit-innov8-3\/\" \/>\n<meta property=\"og:site_name\" content=\"Universiteti &quot;Fan S. Noli&quot;, Kor\u00e7\u00eb\" \/>\n<meta property=\"article:publisher\" content=\"https:\/\/www.facebook.com\/unkorce\" \/>\n<meta name=\"twitter:card\" content=\"summary_large_image\" \/>\n<meta name=\"twitter:label1\" content=\"Est. reading time\" \/>\n\t<meta name=\"twitter:data1\" content=\"2 minutes\" \/>\n<script type=\"application\/ld+json\" class=\"yoast-schema-graph\">{\"@context\":\"https:\/\/schema.org\",\"@graph\":[{\"@type\":\"WebPage\",\"@id\":\"https:\/\/unkorce.edu.al\/qendra-e-inovacionit-innov8-3\/\",\"url\":\"https:\/\/unkorce.edu.al\/qendra-e-inovacionit-innov8-3\/\",\"name\":\"QENDRA E INOVACIONIT (INNOV8) - Universiteti \\\"Fan S. Noli\\\", Kor\u00e7\u00eb\",\"isPartOf\":{\"@id\":\"https:\/\/unkorce.edu.al\/#website\"},\"datePublished\":\"2022-05-13T08:03:16+00:00\",\"breadcrumb\":{\"@id\":\"https:\/\/unkorce.edu.al\/qendra-e-inovacionit-innov8-3\/#breadcrumb\"},\"inLanguage\":\"en-US\",\"potentialAction\":[{\"@type\":\"ReadAction\",\"target\":[\"https:\/\/unkorce.edu.al\/qendra-e-inovacionit-innov8-3\/\"]}]},{\"@type\":\"BreadcrumbList\",\"@id\":\"https:\/\/unkorce.edu.al\/qendra-e-inovacionit-innov8-3\/#breadcrumb\",\"itemListElement\":[{\"@type\":\"ListItem\",\"position\":1,\"name\":\"Home\",\"item\":\"https:\/\/unkorce.edu.al\/\"},{\"@type\":\"ListItem\",\"position\":2,\"name\":\"QENDRA E INOVACIONIT (INNOV8)\"}]},{\"@type\":\"WebSite\",\"@id\":\"https:\/\/unkorce.edu.al\/#website\",\"url\":\"https:\/\/unkorce.edu.al\/\",\"name\":\"Universiteti \\\"Fan S. Noli\\\", Kor\u00e7\u00eb\",\"description\":\"Mir&euml;sevini n&euml; faqen zyrtare!\",\"publisher\":{\"@id\":\"https:\/\/unkorce.edu.al\/#organization\"},\"potentialAction\":[{\"@type\":\"SearchAction\",\"target\":{\"@type\":\"EntryPoint\",\"urlTemplate\":\"https:\/\/unkorce.edu.al\/?s={search_term_string}\"},\"query-input\":{\"@type\":\"PropertyValueSpecification\",\"valueRequired\":true,\"valueName\":\"search_term_string\"}}],\"inLanguage\":\"en-US\"},{\"@type\":\"Organization\",\"@id\":\"https:\/\/unkorce.edu.al\/#organization\",\"name\":\"Universiteti \\\"Fan S. Noli\\\", Kor\u00e7\u00eb\",\"url\":\"https:\/\/unkorce.edu.al\/\",\"logo\":{\"@type\":\"ImageObject\",\"inLanguage\":\"en-US\",\"@id\":\"https:\/\/unkorce.edu.al\/#\/schema\/logo\/image\/\",\"url\":\"https:\/\/unkorce.edu.al\/wp-content\/uploads\/2024\/08\/Logo_e_Universitetit__Fan_Noli_-e1726660879862.png\",\"contentUrl\":\"https:\/\/unkorce.edu.al\/wp-content\/uploads\/2024\/08\/Logo_e_Universitetit__Fan_Noli_-e1726660879862.png\",\"width\":200,\"height\":120,\"caption\":\"Universiteti \\\"Fan S. Noli\\\", Kor\u00e7\u00eb\"},\"image\":{\"@id\":\"https:\/\/unkorce.edu.al\/#\/schema\/logo\/image\/\"},\"sameAs\":[\"https:\/\/www.facebook.com\/unkorce\"]}]}<\/script>\n<!-- \/ Yoast SEO plugin. -->","yoast_head_json":{"title":"QENDRA E INOVACIONIT (INNOV8) - Universiteti \"Fan S. Noli\", Kor\u00e7\u00eb","robots":{"index":"index","follow":"follow","max-snippet":"max-snippet:-1","max-image-preview":"max-image-preview:large","max-video-preview":"max-video-preview:-1"},"canonical":"https:\/\/unkorce.edu.al\/en\/qendra-e-inovacionit-innov8-3\/","og_locale":"en_US","og_type":"article","og_title":"QENDRA E INOVACIONIT (INNOV8) - Universiteti \"Fan S. Noli\", Kor\u00e7\u00eb","og_description":"Fusha: Rritja e konkurrenc\u00ebs, biznesit, tregtis\u00eb dhe investimeve Titulli i Projektit: Eko-Sistemi i Inovacionit n\u00eb zon\u00ebn e BNK-s\u00eb (CBC INNOV8) Lloji i Kontrat\u00ebs \/ Kategoris\u00eb: Programi Nd\u00ebrkufitar Ish Republika Jugosllave e Maqedonis\u00eb &#8211; Republika e Shqip\u00ebris\u00eb n\u00ebn instrumentin e Asistenc\u00ebs s\u00eb Para-an\u00ebtar\u00ebsimit (IPA II), alokimet p\u00ebr 2014-2020 Komponenti IPA \/ (komb\u00ebtar ose rajonal):&nbsp; Programi nd\u00ebrkufitar...","og_url":"https:\/\/unkorce.edu.al\/en\/qendra-e-inovacionit-innov8-3\/","og_site_name":"Universiteti \"Fan S. Noli\", Kor\u00e7\u00eb","article_publisher":"https:\/\/www.facebook.com\/unkorce","twitter_card":"summary_large_image","twitter_misc":{"Est. reading time":"2 minutes"},"schema":{"@context":"https:\/\/schema.org","@graph":[{"@type":"WebPage","@id":"https:\/\/unkorce.edu.al\/qendra-e-inovacionit-innov8-3\/","url":"https:\/\/unkorce.edu.al\/qendra-e-inovacionit-innov8-3\/","name":"QENDRA E INOVACIONIT (INNOV8) - Universiteti \"Fan S. Noli\", Kor\u00e7\u00eb","isPartOf":{"@id":"https:\/\/unkorce.edu.al\/#website"},"datePublished":"2022-05-13T08:03:16+00:00","breadcrumb":{"@id":"https:\/\/unkorce.edu.al\/qendra-e-inovacionit-innov8-3\/#breadcrumb"},"inLanguage":"en-US","potentialAction":[{"@type":"ReadAction","target":["https:\/\/unkorce.edu.al\/qendra-e-inovacionit-innov8-3\/"]}]},{"@type":"BreadcrumbList","@id":"https:\/\/unkorce.edu.al\/qendra-e-inovacionit-innov8-3\/#breadcrumb","itemListElement":[{"@type":"ListItem","position":1,"name":"Home","item":"https:\/\/unkorce.edu.al\/"},{"@type":"ListItem","position":2,"name":"QENDRA E INOVACIONIT (INNOV8)"}]},{"@type":"WebSite","@id":"https:\/\/unkorce.edu.al\/#website","url":"https:\/\/unkorce.edu.al\/","name":"Universiteti \"Fan S. Noli\", Kor\u00e7\u00eb","description":"Mir&euml;sevini n&euml; faqen zyrtare!","publisher":{"@id":"https:\/\/unkorce.edu.al\/#organization"},"potentialAction":[{"@type":"SearchAction","target":{"@type":"EntryPoint","urlTemplate":"https:\/\/unkorce.edu.al\/?s={search_term_string}"},"query-input":{"@type":"PropertyValueSpecification","valueRequired":true,"valueName":"search_term_string"}}],"inLanguage":"en-US"},{"@type":"Organization","@id":"https:\/\/unkorce.edu.al\/#organization","name":"Universiteti \"Fan S. Noli\", Kor\u00e7\u00eb","url":"https:\/\/unkorce.edu.al\/","logo":{"@type":"ImageObject","inLanguage":"en-US","@id":"https:\/\/unkorce.edu.al\/#\/schema\/logo\/image\/","url":"https:\/\/unkorce.edu.al\/wp-content\/uploads\/2024\/08\/Logo_e_Universitetit__Fan_Noli_-e1726660879862.png","contentUrl":"https:\/\/unkorce.edu.al\/wp-content\/uploads\/2024\/08\/Logo_e_Universitetit__Fan_Noli_-e1726660879862.png","width":200,"height":120,"caption":"Universiteti \"Fan S. Noli\", Kor\u00e7\u00eb"},"image":{"@id":"https:\/\/unkorce.edu.al\/#\/schema\/logo\/image\/"},"sameAs":["https:\/\/www.facebook.com\/unkorce"]}]}},"_links":{"self":[{"href":"https:\/\/unkorce.edu.al\/en\/wp-json\/wp\/v2\/pages\/9616","targetHints":{"allow":["GET"]}}],"collection":[{"href":"https:\/\/unkorce.edu.al\/en\/wp-json\/wp\/v2\/pages"}],"about":[{"href":"https:\/\/unkorce.edu.al\/en\/wp-json\/wp\/v2\/types\/page"}],"author":[{"embeddable":true,"href":"https:\/\/unkorce.edu.al\/en\/wp-json\/wp\/v2\/users\/122"}],"replies":[{"embeddable":true,"href":"https:\/\/unkorce.edu.al\/en\/wp-json\/wp\/v2\/comments?post=9616"}],"version-history":[{"count":0,"href":"https:\/\/unkorce.edu.al\/en\/wp-json\/wp\/v2\/pages\/9616\/revisions"}],"wp:attachment":[{"href":"https:\/\/unkorce.edu.al\/en\/wp-json\/wp\/v2\/media?parent=9616"}],"curies":[{"name":"wp","href":"https:\/\/api.w.org\/{rel}","templated":true}]}}