{"id":9563,"date":"2022-05-13T06:59:28","date_gmt":"2022-05-13T06:59:28","guid":{"rendered":"\/?page_id=9563"},"modified":"2025-02-27T10:33:58","modified_gmt":"2025-02-27T10:33:58","slug":"nderkombetare","status":"publish","type":"page","link":"https:\/\/unkorce.edu.al\/en\/nderkombetare\/","title":{"rendered":"International"},"content":{"rendered":"<section class=\"l-section wpb_row height_medium width_full\"><div class=\"l-section-h i-cf\"><div class=\"g-cols vc_row via_grid cols_1 laptops-cols_inherit tablets-cols_inherit mobiles-cols_1 valign_top type_default stacking_default\"><div class=\"wpb_column vc_column_container\"><div class=\"vc_column-inner\"><div class=\"w-grid type_grid layout_blog_cards cols_2 with_pagination overflow_hidden\" id=\"us_grid_1\" style=\"--gap:1.5rem;\" data-filterable=\"true\"><style>@media (max-width:600px){#us_grid_1 .w-grid-list{margin:0}#us_grid_1 .w-grid-item{width:100%;padding:0;margin-bottom:var(--gap,0px)}}.layout_blog_cards .w-grid-item-h{background:var(--color-content-bg);color:var(--color-content-text);border-radius:0.3rem;box-shadow:0 0.03rem 0.06rem rgba(0,0,0,0.1),0 0.1rem 0.3rem rgba(0,0,0,0.1);transition-duration:0.3s}.no-touch .layout_blog_cards .w-grid-item-h:hover{box-shadow:0 0.1rem 0.2rem rgba(0,0,0,0.1),0 0.33rem 1rem rgba(0,0,0,0.15);z-index:4}.layout_blog_cards .usg_post_image_1{margin-bottom:-2rem!important}.layout_blog_cards .usg_post_title_1{font-size:1.4rem!important;font-weight:700!important}.layout_blog_cards .usg_vwrapper_1{margin-top:2rem!important;padding:9% 11% 11% 11%!important}.layout_blog_cards .usg_post_taxonomy_1{font-weight:700!important;text-transform:uppercase!important;font-size:10px!important;position:absolute!important;z-index:2!important;top:1.2rem!important;right:1.2rem!important;left:1.2rem!important}.layout_blog_cards .usg_hwrapper_1{color:var(--color-content-faded)!important;font-size:0.9rem!important}@media (max-width:600px){.layout_blog_cards .usg_post_title_1{font-size:1.2rem!important}}<\/style><div class=\"w-grid-list\">\t<article class=\"w-grid-item size_1x1 post-36181 post type-post status-publish format-standard hentry category-nderkombetare\" data-id=\"36181\">\r\n\t\t<div class=\"w-grid-item-h\">\r\n\t\t\t\t\t\t<div class=\"w-post-elm post_taxonomy usg_post_taxonomy_1 style_badge color_link_inherit\"><a class=\"w-btn us-btn-style_badge term-36 term-nderkombetare\" href=\"https:\/\/unkorce.edu.al\/en\/category\/kerkimishkencor\/projekte\/nderkombetare\/\"><span class=\"w-btn-label\">nderkombetare<\/span><\/a><\/div><div class=\"w-vwrapper usg_vwrapper_1 align_none valign_top\"><h2 class=\"w-post-elm post_title usg_post_title_1 entry-title color_link_inherit\"><a href=\"https:\/\/unkorce.edu.al\/en\/blended-education-in-western-balkans-universities\/\">BLENDED EDUCATION IN WESTERN BALKANS UNIVERSITIES<\/a><\/h2><div class=\"w-hwrapper usg_hwrapper_1 has_text_color align_none valign_top wrap\"><time class=\"w-post-elm post_date usg_post_date_1 entry-date published\" datetime=\"2025-12-19T13:02:42+00:00\" title=\"19 December 2025 at 13:02:42 +00:00\">4 months ago<\/time><\/div><div class=\"w-post-elm post_content usg_post_content_1\">BLENDED EDUCATION IN WESTERN BALKANS UNIVERSITIES\u00a0 Call: ERASMUS-EDU-2024-CBHE\u00a0 (Capacity building in the field of higher education)\u00a0 Topic: ERASMUS-EDU-2024-CBHE-STRAND-2\u00a0 Type of&hellip;<\/div><\/div>\t\t<\/div>\r\n\t\t\t<\/article>\r\n\t<article class=\"w-grid-item size_1x1 post-36171 post type-post status-publish format-standard hentry category-nderkombetare\" data-id=\"36171\">\r\n\t\t<div class=\"w-grid-item-h\">\r\n\t\t\t\t\t\t<div class=\"w-post-elm post_taxonomy usg_post_taxonomy_1 style_badge color_link_inherit\"><a class=\"w-btn us-btn-style_badge term-36 term-nderkombetare\" href=\"https:\/\/unkorce.edu.al\/en\/category\/kerkimishkencor\/projekte\/nderkombetare\/\"><span class=\"w-btn-label\">nderkombetare<\/span><\/a><\/div><div class=\"w-vwrapper usg_vwrapper_1 align_none valign_top\"><h2 class=\"w-post-elm post_title usg_post_title_1 entry-title color_link_inherit\"><a href=\"https:\/\/unkorce.edu.al\/en\/suprom-sustainable-project-management-in-balkan-heis\/\">SuProM, Sustainable project management in Balkan HEIs<\/a><\/h2><div class=\"w-hwrapper usg_hwrapper_1 has_text_color align_none valign_top wrap\"><time class=\"w-post-elm post_date usg_post_date_1 entry-date published\" datetime=\"2025-12-19T12:59:34+00:00\" title=\"19 December 2025 at 12:59:34 +00:00\">4 months ago<\/time><\/div><div class=\"w-post-elm post_content usg_post_content_1\">Project Title: SuProM, Sustainable project management in Balkan HEIs Project description: SuProM aims to enhance sustainable project management skills of&hellip;<\/div><\/div>\t\t<\/div>\r\n\t\t\t<\/article>\r\n\t<article class=\"w-grid-item size_1x1 post-34107 post type-post status-publish format-standard hentry category-nderkombetare\" data-id=\"34107\">\r\n\t\t<div class=\"w-grid-item-h\">\r\n\t\t\t\t\t\t<div class=\"w-post-elm post_taxonomy usg_post_taxonomy_1 style_badge color_link_inherit\"><a class=\"w-btn us-btn-style_badge term-36 term-nderkombetare\" href=\"https:\/\/unkorce.edu.al\/en\/category\/kerkimishkencor\/projekte\/nderkombetare\/\"><span class=\"w-btn-label\">nderkombetare<\/span><\/a><\/div><div class=\"w-vwrapper usg_vwrapper_1 align_none valign_top\"><h2 class=\"w-post-elm post_title usg_post_title_1 entry-title color_link_inherit\"><a href=\"https:\/\/unkorce.edu.al\/en\/innovation-labor-market-and-the-role-of-the-university\/\">\u201cInnovation, labor market and the role of the University\u201d<\/a><\/h2><div class=\"w-hwrapper usg_hwrapper_1 has_text_color align_none valign_top wrap\"><time class=\"w-post-elm post_date usg_post_date_1 entry-date published\" datetime=\"2025-06-17T12:59:00+00:00\" title=\"17 June 2025 at 12:59:00 +00:00\">10 months ago<\/time><\/div><div class=\"w-post-elm post_content usg_post_content_1\">Open in PDF (click here)<\/div><\/div>\t\t<\/div>\r\n\t\t\t<\/article>\r\n\t<article class=\"w-grid-item size_1x1 post-25296 post type-post status-publish format-standard hentry category-nderkombetare\" data-id=\"25296\">\r\n\t\t<div class=\"w-grid-item-h\">\r\n\t\t\t\t\t\t<div class=\"w-post-elm post_taxonomy usg_post_taxonomy_1 style_badge color_link_inherit\"><a class=\"w-btn us-btn-style_badge term-36 term-nderkombetare\" href=\"https:\/\/unkorce.edu.al\/en\/category\/kerkimishkencor\/projekte\/nderkombetare\/\"><span class=\"w-btn-label\">nderkombetare<\/span><\/a><\/div><div class=\"w-vwrapper usg_vwrapper_1 align_none valign_top\"><h2 class=\"w-post-elm post_title usg_post_title_1 entry-title color_link_inherit\"><a href=\"https:\/\/unkorce.edu.al\/en\/read-research-expertise-from-the-academic-diaspora-titulli-i-projektiteksplorimi-i-rolit-te-mjeteve-kohezive-ne-esete-e-shkrimit-akademik-ne-gjuhen-angleze-dhe-shqipe\/\">READ (Research Expertise from the Academic Diaspora)- Titulli i projektit:\u201cEksplorimi i rolit t\u00eb mjeteve kohezive n\u00eb eset\u00eb e shkrimit akademik n\u00eb gjuh\u00ebn angleze dhe shqipe\u201d<\/a><\/h2><div class=\"w-hwrapper usg_hwrapper_1 has_text_color align_none valign_top wrap\"><time class=\"w-post-elm post_date usg_post_date_1 entry-date published\" datetime=\"2024-06-19T07:33:34+00:00\" title=\"19 June 2024 at 07:33:34 +00:00\">2 years ago<\/time><\/div><div class=\"w-post-elm post_content usg_post_content_1\">Koh\u00ebzgjatja: Viti akademik 2024-2025 Koordinator:\u00a0Dr. Dorela Ka\u00e7auni dhe Prof. as. Dr. Eriola Qafzezi n\u00eb bashk\u00ebpunim me studiuesen e diaspor\u00ebs Ass.&hellip;<\/div><\/div>\t\t<\/div>\r\n\t\t\t<\/article>\r\n\t<article class=\"w-grid-item size_1x1 post-25279 post type-post status-publish format-standard hentry category-nderkombetare\" data-id=\"25279\">\r\n\t\t<div class=\"w-grid-item-h\">\r\n\t\t\t\t\t\t<div class=\"w-post-elm post_taxonomy usg_post_taxonomy_1 style_badge color_link_inherit\"><a class=\"w-btn us-btn-style_badge term-36 term-nderkombetare\" href=\"https:\/\/unkorce.edu.al\/en\/category\/kerkimishkencor\/projekte\/nderkombetare\/\"><span class=\"w-btn-label\">nderkombetare<\/span><\/a><\/div><div class=\"w-vwrapper usg_vwrapper_1 align_none valign_top\"><h2 class=\"w-post-elm post_title usg_post_title_1 entry-title color_link_inherit\"><a href=\"https:\/\/unkorce.edu.al\/en\/read-research-expertise-from-the-academic-diaspora-titulli-i-projektit-migrimi-dhe-zhvillimi-i-qendrueshem-ne-devoll-shqiperi\/\">READ (Research Expertise from the Academic Diaspora)- Titulli i projektit :&#8221;MIGRIMI DHE ZHVILLIMI I QENDRUESHEM NE DEVOLL, SHQIPERI&#8221;<\/a><\/h2><div class=\"w-hwrapper usg_hwrapper_1 has_text_color align_none valign_top wrap\"><time class=\"w-post-elm post_date usg_post_date_1 entry-date published\" datetime=\"2024-06-14T09:45:18+00:00\" title=\"14 June 2024 at 09:45:18 +00:00\">2 years ago<\/time><\/div><div class=\"w-post-elm post_content usg_post_content_1\">Koh\u00ebzgjatja: Viti akademik 2024-2025 Koordinator: Dr. Ermira Jashiku n\u00eb n\u00eb bashk\u00ebpunim me kolegen nga diaspora, Julie Vullnetari pedagoge e Gjeografis\u00eb&hellip;<\/div><\/div>\t\t<\/div>\r\n\t\t\t<\/article>\r\n\t<article class=\"w-grid-item size_1x1 post-25245 post type-post status-publish format-standard hentry category-nderkombetare\" data-id=\"25245\">\r\n\t\t<div class=\"w-grid-item-h\">\r\n\t\t\t\t\t\t<div class=\"w-post-elm post_taxonomy usg_post_taxonomy_1 style_badge color_link_inherit\"><a class=\"w-btn us-btn-style_badge term-36 term-nderkombetare\" href=\"https:\/\/unkorce.edu.al\/en\/category\/kerkimishkencor\/projekte\/nderkombetare\/\"><span class=\"w-btn-label\">nderkombetare<\/span><\/a><\/div><div class=\"w-vwrapper usg_vwrapper_1 align_none valign_top\"><h2 class=\"w-post-elm post_title usg_post_title_1 entry-title color_link_inherit\"><a href=\"https:\/\/unkorce.edu.al\/en\/read-research-expertise-from-the-academic-diaspora\/\">READ (Research Expertise from the Academic Diaspora)- Titulli i projektit :\u00a0 Implementation of Artificial Intelligence for university IT students<\/a><\/h2><div class=\"w-hwrapper usg_hwrapper_1 has_text_color align_none valign_top wrap\"><time class=\"w-post-elm post_date usg_post_date_1 entry-date published\" datetime=\"2024-06-13T10:42:50+00:00\" title=\"13 June 2024 at 10:42:50 +00:00\">2 years ago<\/time><\/div><div class=\"w-post-elm post_content usg_post_content_1\">Koh\u00ebzgjatja: Viti akademik 2024-2025 Koordinator: Dr. Blerina \u00c7eliku n\u00eb bashk\u00ebpunim me kolegun nga diaspora, Prof. Dr. Genci Capi, ekspert n\u00eb&hellip;<\/div><\/div>\t\t<\/div>\r\n\t\t\t<\/article>\r\n\t<article class=\"w-grid-item size_1x1 post-24850 post type-post status-publish format-standard hentry category-nderkombetare category-projekte\" data-id=\"24850\">\r\n\t\t<div class=\"w-grid-item-h\">\r\n\t\t\t\t\t\t<div class=\"w-post-elm post_taxonomy usg_post_taxonomy_1 style_badge color_link_inherit\"><div class=\"w-post-elm-list\"><a class=\"w-btn us-btn-style_badge term-36 term-nderkombetare\" href=\"https:\/\/unkorce.edu.al\/en\/category\/kerkimishkencor\/projekte\/nderkombetare\/\"><span class=\"w-btn-label\">nderkombetare<\/span><\/a><a class=\"w-btn us-btn-style_badge term-17 term-projekte\" href=\"https:\/\/unkorce.edu.al\/en\/category\/kerkimishkencor\/projekte\/\"><span class=\"w-btn-label\">Projects<\/span><\/a><\/div><\/div><div class=\"w-vwrapper usg_vwrapper_1 align_none valign_top\"><h2 class=\"w-post-elm post_title usg_post_title_1 entry-title color_link_inherit\"><a href=\"https:\/\/unkorce.edu.al\/en\/harvesting-digital-alternation-in-ways-that-knock-down-inaccessibility-of-new-generations-hawking\/\">Harvesting (digital) Alternation in Ways that Knock-down Inaccessibility of New Generations (HAWKING)<\/a><\/h2><div class=\"w-hwrapper usg_hwrapper_1 has_text_color align_none valign_top wrap\"><time class=\"w-post-elm post_date usg_post_date_1 entry-date published\" datetime=\"2024-06-04T08:04:00+00:00\" title=\"4 June 2024 at 08:04:00 +00:00\">2 years ago<\/time><\/div><div class=\"w-post-elm post_content usg_post_content_1\">Project ID:&nbsp;101128741 Call: ERASMUS-EDU-2023-CBHE Period: 2023-2026 Project leader:&nbsp;Javna Ustanova Univerzitet Crne Gore Podgorica Me Beneficiary:Univerzitet Adriatik Bar Me; Univerzitet Bijeljina&hellip;<\/div><\/div>\t\t<\/div>\r\n\t\t\t<\/article>\r\n\t<article class=\"w-grid-item size_1x1 post-21530 post type-post status-publish format-standard hentry category-nderkombetare\" data-id=\"21530\">\r\n\t\t<div class=\"w-grid-item-h\">\r\n\t\t\t\t\t\t<div class=\"w-post-elm post_taxonomy usg_post_taxonomy_1 style_badge color_link_inherit\"><a class=\"w-btn us-btn-style_badge term-36 term-nderkombetare\" href=\"https:\/\/unkorce.edu.al\/en\/category\/kerkimishkencor\/projekte\/nderkombetare\/\"><span class=\"w-btn-label\">nderkombetare<\/span><\/a><\/div><div class=\"w-vwrapper usg_vwrapper_1 align_none valign_top\"><h2 class=\"w-post-elm post_title usg_post_title_1 entry-title color_link_inherit\"><a href=\"https:\/\/unkorce.edu.al\/en\/project-industrial-liaison-offices-ilo-for-empowerment-of-a-cross-border-digital-entrepreneurial-and-professional-skills-network\/\">Project: Industrial Liaison Offices (ILO) for empowerment of a cross border Digital, entrepreneurial and professional skills network<\/a><\/h2><div class=\"w-hwrapper usg_hwrapper_1 has_text_color align_none valign_top wrap\"><time class=\"w-post-elm post_date usg_post_date_1 entry-date published\" datetime=\"2023-12-05T08:25:06+00:00\" title=\"5 December 2023 at 08:25:06 +00:00\">2 years ago<\/time><\/div><div class=\"w-post-elm post_content usg_post_content_1\">Project ID: SA-0100122 Programme: Interreg IPA South Adriatic (Italy-Albania-Montenegro) Call: S.O.4.1: Improving equal access to inclusive andquality services in education,&hellip;<\/div><\/div>\t\t<\/div>\r\n\t\t\t<\/article>\r\n\t<article class=\"w-grid-item size_1x1 post-17210 post type-post status-publish format-standard hentry category-nderkombetare\" data-id=\"17210\">\r\n\t\t<div class=\"w-grid-item-h\">\r\n\t\t\t\t\t\t<div class=\"w-post-elm post_taxonomy usg_post_taxonomy_1 style_badge color_link_inherit\"><a class=\"w-btn us-btn-style_badge term-36 term-nderkombetare\" href=\"https:\/\/unkorce.edu.al\/en\/category\/kerkimishkencor\/projekte\/nderkombetare\/\"><span class=\"w-btn-label\">nderkombetare<\/span><\/a><\/div><div class=\"w-vwrapper usg_vwrapper_1 align_none valign_top\"><h2 class=\"w-post-elm post_title usg_post_title_1 entry-title color_link_inherit\"><a href=\"https:\/\/unkorce.edu.al\/en\/project-smart-innovation-centers-for-the-development-of-innovative-and-entrepreneurial-thinking-to-facilitate-the-development-of-sustainable-solutions-in-the-western-balkans\/\">Project: <strong>SMART-<\/strong>Innovation Centers for the development of innovative and entrepreneurial thinking to facilitate the development of sustainable solutions in the Western Balkans<\/a><\/h2><div class=\"w-hwrapper usg_hwrapper_1 has_text_color align_none valign_top wrap\"><time class=\"w-post-elm post_date usg_post_date_1 entry-date published\" datetime=\"2023-03-03T14:16:07+00:00\" title=\"3 March 2023 at 14:16:07 +00:00\">3 years ago<\/time><\/div><div class=\"w-post-elm post_content usg_post_content_1\">\u00a0 Project ID: 101082938 Call: ERASMUS-EDU-2022-CBHE Period: 2022-2025 Project leader: Doba Fakulteta Za Uporabne Poslovnein Druzbene Studije Maribor Beneficiary: Fondazione&hellip;<\/div><\/div>\t\t<\/div>\r\n\t\t\t<\/article>\r\n\t<article class=\"w-grid-item size_1x1 post-17207 post type-post status-publish format-standard hentry category-nderkombetare\" data-id=\"17207\">\r\n\t\t<div class=\"w-grid-item-h\">\r\n\t\t\t\t\t\t<div class=\"w-post-elm post_taxonomy usg_post_taxonomy_1 style_badge color_link_inherit\"><a class=\"w-btn us-btn-style_badge term-36 term-nderkombetare\" href=\"https:\/\/unkorce.edu.al\/en\/category\/kerkimishkencor\/projekte\/nderkombetare\/\"><span class=\"w-btn-label\">nderkombetare<\/span><\/a><\/div><div class=\"w-vwrapper usg_vwrapper_1 align_none valign_top\"><h2 class=\"w-post-elm post_title usg_post_title_1 entry-title color_link_inherit\"><a href=\"https:\/\/unkorce.edu.al\/en\/project-pevulos-development-of-an-innovative-postgraduate-education-programme-in-veterinary-public-health-and-food-safety-in-western-balkan-area\/\">Project: PEVULOS- Development of an innovative Postgraduate Education Programme in Veterinary Public Health and Food Safety in Western Balkan area<\/a><\/h2><div class=\"w-hwrapper usg_hwrapper_1 has_text_color align_none valign_top wrap\"><time class=\"w-post-elm post_date usg_post_date_1 entry-date published\" datetime=\"2023-03-03T14:14:21+00:00\" title=\"3 March 2023 at 14:14:21 +00:00\">3 years ago<\/time><\/div><div class=\"w-post-elm post_content usg_post_content_1\">Project ID: 101082687 Call: ERASMUS-EDU-2022-CBHE Period: 2022-2024 Project leader: Universita Degli Studi Di Milano Beneficiary: Universidade Do Porto, Universiteti &#8220;Fan&hellip;<\/div><\/div>\t\t<\/div>\r\n\t\t\t<\/article>\r\n<\/div><div class=\"w-grid-preloader\">\t<div class=\"g-preloader type_1\">\r\n\t\t<div><\/div>\r\n\t<\/div>\r\n\t<\/div>\t\t\t<nav class=\"pagination navigation\" role=\"navigation\">\r\n\t\t\t\t<div class=\"nav-links\">\r\n\t\t\t\t\t<span aria-current=\"page\" class=\"page-numbers current\"><span>1<\/span><\/span>\n<a class=\"page-numbers\" href=\"https:\/\/unkorce.edu.al\/en\/wp-json\/wp\/v2\/pages\/9563\/page\/2\/\"><span>2<\/span><\/a>\n<a class=\"page-numbers\" href=\"https:\/\/unkorce.edu.al\/en\/wp-json\/wp\/v2\/pages\/9563\/page\/3\/\"><span>3<\/span><\/a>\n<a class=\"page-numbers\" href=\"https:\/\/unkorce.edu.al\/en\/wp-json\/wp\/v2\/pages\/9563\/page\/4\/\"><span>4<\/span><\/a>\n<a class=\"next page-numbers\" href=\"https:\/\/unkorce.edu.al\/en\/wp-json\/wp\/v2\/pages\/9563\/page\/2\/\"><span>Next<\/span><\/a>\t\t\t\t<\/div>\r\n\t\t\t<\/nav>\r\n\t\t\t\t<div class=\"w-grid-json hidden\" onclick='return {&quot;action&quot;:&quot;us_ajax_grid&quot;,&quot;infinite_scroll&quot;:0,&quot;max_num_pages&quot;:4,&quot;pagination&quot;:&quot;regular&quot;,&quot;template_vars&quot;:{&quot;columns&quot;:&quot;2&quot;,&quot;exclude_items&quot;:&quot;none&quot;,&quot;img_size&quot;:&quot;default&quot;,&quot;ignore_items_size&quot;:0,&quot;items_layout&quot;:&quot;blog_cards&quot;,&quot;items_offset&quot;:&quot;1&quot;,&quot;load_animation&quot;:&quot;none&quot;,&quot;overriding_link&quot;:&quot;{\\&quot;url\\&quot;:\\&quot;\\&quot;}&quot;,&quot;post_id&quot;:0,&quot;query_args&quot;:{&quot;post_type&quot;:[&quot;post&quot;],&quot;tax_query&quot;:[{&quot;taxonomy&quot;:&quot;category&quot;,&quot;field&quot;:&quot;slug&quot;,&quot;terms&quot;:[&quot;nderkombetare&quot;]}],&quot;post_status&quot;:[&quot;publish&quot;,&quot;acf-disabled&quot;],&quot;posts_per_page&quot;:&quot;10&quot;},&quot;orderby_query_args&quot;:{&quot;orderby&quot;:{&quot;date&quot;:&quot;DESC&quot;}},&quot;type&quot;:&quot;grid&quot;,&quot;us_grid_post_type&quot;:&quot;post&quot;,&quot;us_grid_ajax_index&quot;:1,&quot;us_grid_filter_params&quot;:[],&quot;us_grid_index&quot;:1,&quot;page_args&quot;:[]}}'><\/div>\r\n\t<\/div><\/div><\/div><\/div><\/div><\/section>","protected":false},"excerpt":{"rendered":"","protected":false},"author":30,"featured_media":0,"parent":0,"menu_order":0,"comment_status":"closed","ping_status":"closed","template":"","meta":{"_acf_changed":false,"footnotes":""},"class_list":["post-9563","page","type-page","status-publish","hentry"],"acf":[],"yoast_head":"<!-- This site is optimized with the Yoast SEO plugin v26.9 - https:\/\/yoast.com\/product\/yoast-seo-wordpress\/ -->\n<title>Nd\u00ebrkomb\u00ebtare - Universiteti &quot;Fan S. Noli&quot;, Kor\u00e7\u00eb<\/title>\n<meta name=\"robots\" content=\"index, follow, max-snippet:-1, max-image-preview:large, max-video-preview:-1\" \/>\n<link rel=\"canonical\" href=\"https:\/\/unkorce.edu.al\/en\/nderkombetare\/\" \/>\n<meta property=\"og:locale\" content=\"en_US\" \/>\n<meta property=\"og:type\" content=\"article\" \/>\n<meta property=\"og:title\" content=\"Nd\u00ebrkomb\u00ebtare - Universiteti &quot;Fan S. Noli&quot;, Kor\u00e7\u00eb\" \/>\n<meta property=\"og:url\" content=\"https:\/\/unkorce.edu.al\/en\/nderkombetare\/\" \/>\n<meta property=\"og:site_name\" content=\"Universiteti &quot;Fan S. Noli&quot;, Kor\u00e7\u00eb\" \/>\n<meta property=\"article:publisher\" content=\"https:\/\/www.facebook.com\/unkorce\" \/>\n<meta property=\"article:modified_time\" content=\"2025-02-27T10:33:58+00:00\" \/>\n<meta name=\"twitter:card\" content=\"summary_large_image\" \/>\n<meta name=\"twitter:label1\" content=\"Est. reading time\" \/>\n\t<meta name=\"twitter:data1\" content=\"2 minutes\" \/>\n<script type=\"application\/ld+json\" class=\"yoast-schema-graph\">{\"@context\":\"https:\/\/schema.org\",\"@graph\":[{\"@type\":\"WebPage\",\"@id\":\"https:\/\/unkorce.edu.al\/nderkombetare\/\",\"url\":\"https:\/\/unkorce.edu.al\/nderkombetare\/\",\"name\":\"Nd\u00ebrkomb\u00ebtare - Universiteti \\\"Fan S. Noli\\\", Kor\u00e7\u00eb\",\"isPartOf\":{\"@id\":\"https:\/\/unkorce.edu.al\/#website\"},\"datePublished\":\"2022-05-13T06:59:28+00:00\",\"dateModified\":\"2025-02-27T10:33:58+00:00\",\"breadcrumb\":{\"@id\":\"https:\/\/unkorce.edu.al\/nderkombetare\/#breadcrumb\"},\"inLanguage\":\"en-US\",\"potentialAction\":[{\"@type\":\"ReadAction\",\"target\":[\"https:\/\/unkorce.edu.al\/nderkombetare\/\"]}]},{\"@type\":\"BreadcrumbList\",\"@id\":\"https:\/\/unkorce.edu.al\/nderkombetare\/#breadcrumb\",\"itemListElement\":[{\"@type\":\"ListItem\",\"position\":1,\"name\":\"Home\",\"item\":\"https:\/\/unkorce.edu.al\/\"},{\"@type\":\"ListItem\",\"position\":2,\"name\":\"Nd\u00ebrkomb\u00ebtare\"}]},{\"@type\":\"WebSite\",\"@id\":\"https:\/\/unkorce.edu.al\/#website\",\"url\":\"https:\/\/unkorce.edu.al\/\",\"name\":\"Universiteti \\\"Fan S. Noli\\\", Kor\u00e7\u00eb\",\"description\":\"Mir&euml;sevini n&euml; faqen zyrtare!\",\"publisher\":{\"@id\":\"https:\/\/unkorce.edu.al\/#organization\"},\"potentialAction\":[{\"@type\":\"SearchAction\",\"target\":{\"@type\":\"EntryPoint\",\"urlTemplate\":\"https:\/\/unkorce.edu.al\/?s={search_term_string}\"},\"query-input\":{\"@type\":\"PropertyValueSpecification\",\"valueRequired\":true,\"valueName\":\"search_term_string\"}}],\"inLanguage\":\"en-US\"},{\"@type\":\"Organization\",\"@id\":\"https:\/\/unkorce.edu.al\/#organization\",\"name\":\"Universiteti \\\"Fan S. Noli\\\", Kor\u00e7\u00eb\",\"url\":\"https:\/\/unkorce.edu.al\/\",\"logo\":{\"@type\":\"ImageObject\",\"inLanguage\":\"en-US\",\"@id\":\"https:\/\/unkorce.edu.al\/#\/schema\/logo\/image\/\",\"url\":\"https:\/\/unkorce.edu.al\/wp-content\/uploads\/2024\/08\/Logo_e_Universitetit__Fan_Noli_-e1726660879862.png\",\"contentUrl\":\"https:\/\/unkorce.edu.al\/wp-content\/uploads\/2024\/08\/Logo_e_Universitetit__Fan_Noli_-e1726660879862.png\",\"width\":200,\"height\":120,\"caption\":\"Universiteti \\\"Fan S. Noli\\\", Kor\u00e7\u00eb\"},\"image\":{\"@id\":\"https:\/\/unkorce.edu.al\/#\/schema\/logo\/image\/\"},\"sameAs\":[\"https:\/\/www.facebook.com\/unkorce\"]}]}<\/script>\n<!-- \/ Yoast SEO plugin. -->","yoast_head_json":{"title":"Nd\u00ebrkomb\u00ebtare - Universiteti \"Fan S. Noli\", Kor\u00e7\u00eb","robots":{"index":"index","follow":"follow","max-snippet":"max-snippet:-1","max-image-preview":"max-image-preview:large","max-video-preview":"max-video-preview:-1"},"canonical":"https:\/\/unkorce.edu.al\/en\/nderkombetare\/","og_locale":"en_US","og_type":"article","og_title":"Nd\u00ebrkomb\u00ebtare - Universiteti \"Fan S. Noli\", Kor\u00e7\u00eb","og_url":"https:\/\/unkorce.edu.al\/en\/nderkombetare\/","og_site_name":"Universiteti \"Fan S. Noli\", Kor\u00e7\u00eb","article_publisher":"https:\/\/www.facebook.com\/unkorce","article_modified_time":"2025-02-27T10:33:58+00:00","twitter_card":"summary_large_image","twitter_misc":{"Est. reading time":"2 minutes"},"schema":{"@context":"https:\/\/schema.org","@graph":[{"@type":"WebPage","@id":"https:\/\/unkorce.edu.al\/nderkombetare\/","url":"https:\/\/unkorce.edu.al\/nderkombetare\/","name":"Nd\u00ebrkomb\u00ebtare - Universiteti \"Fan S. Noli\", Kor\u00e7\u00eb","isPartOf":{"@id":"https:\/\/unkorce.edu.al\/#website"},"datePublished":"2022-05-13T06:59:28+00:00","dateModified":"2025-02-27T10:33:58+00:00","breadcrumb":{"@id":"https:\/\/unkorce.edu.al\/nderkombetare\/#breadcrumb"},"inLanguage":"en-US","potentialAction":[{"@type":"ReadAction","target":["https:\/\/unkorce.edu.al\/nderkombetare\/"]}]},{"@type":"BreadcrumbList","@id":"https:\/\/unkorce.edu.al\/nderkombetare\/#breadcrumb","itemListElement":[{"@type":"ListItem","position":1,"name":"Home","item":"https:\/\/unkorce.edu.al\/"},{"@type":"ListItem","position":2,"name":"Nd\u00ebrkomb\u00ebtare"}]},{"@type":"WebSite","@id":"https:\/\/unkorce.edu.al\/#website","url":"https:\/\/unkorce.edu.al\/","name":"Universiteti \"Fan S. Noli\", Kor\u00e7\u00eb","description":"Mir&euml;sevini n&euml; faqen zyrtare!","publisher":{"@id":"https:\/\/unkorce.edu.al\/#organization"},"potentialAction":[{"@type":"SearchAction","target":{"@type":"EntryPoint","urlTemplate":"https:\/\/unkorce.edu.al\/?s={search_term_string}"},"query-input":{"@type":"PropertyValueSpecification","valueRequired":true,"valueName":"search_term_string"}}],"inLanguage":"en-US"},{"@type":"Organization","@id":"https:\/\/unkorce.edu.al\/#organization","name":"Universiteti \"Fan S. Noli\", Kor\u00e7\u00eb","url":"https:\/\/unkorce.edu.al\/","logo":{"@type":"ImageObject","inLanguage":"en-US","@id":"https:\/\/unkorce.edu.al\/#\/schema\/logo\/image\/","url":"https:\/\/unkorce.edu.al\/wp-content\/uploads\/2024\/08\/Logo_e_Universitetit__Fan_Noli_-e1726660879862.png","contentUrl":"https:\/\/unkorce.edu.al\/wp-content\/uploads\/2024\/08\/Logo_e_Universitetit__Fan_Noli_-e1726660879862.png","width":200,"height":120,"caption":"Universiteti \"Fan S. Noli\", Kor\u00e7\u00eb"},"image":{"@id":"https:\/\/unkorce.edu.al\/#\/schema\/logo\/image\/"},"sameAs":["https:\/\/www.facebook.com\/unkorce"]}]}},"_links":{"self":[{"href":"https:\/\/unkorce.edu.al\/en\/wp-json\/wp\/v2\/pages\/9563","targetHints":{"allow":["GET"]}}],"collection":[{"href":"https:\/\/unkorce.edu.al\/en\/wp-json\/wp\/v2\/pages"}],"about":[{"href":"https:\/\/unkorce.edu.al\/en\/wp-json\/wp\/v2\/types\/page"}],"author":[{"embeddable":true,"href":"https:\/\/unkorce.edu.al\/en\/wp-json\/wp\/v2\/users\/30"}],"replies":[{"embeddable":true,"href":"https:\/\/unkorce.edu.al\/en\/wp-json\/wp\/v2\/comments?post=9563"}],"version-history":[{"count":3,"href":"https:\/\/unkorce.edu.al\/en\/wp-json\/wp\/v2\/pages\/9563\/revisions"}],"predecessor-version":[{"id":31795,"href":"https:\/\/unkorce.edu.al\/en\/wp-json\/wp\/v2\/pages\/9563\/revisions\/31795"}],"wp:attachment":[{"href":"https:\/\/unkorce.edu.al\/en\/wp-json\/wp\/v2\/media?parent=9563"}],"curies":[{"name":"wp","href":"https:\/\/api.w.org\/{rel}","templated":true}]}}