{"id":9548,"date":"2022-05-12T12:38:45","date_gmt":"2022-05-12T12:38:45","guid":{"rendered":"\/?page_id=9548"},"modified":"2025-09-15T08:24:02","modified_gmt":"2025-09-15T08:24:02","slug":"projekte-kombetare","status":"publish","type":"page","link":"https:\/\/unkorce.edu.al\/en\/projekte-kombetare\/","title":{"rendered":"Projekte Kombetare"},"content":{"rendered":"<section class=\"l-section wpb_row height_medium width_full\"><div class=\"l-section-h i-cf\"><div class=\"g-cols vc_row via_grid cols_1 laptops-cols_inherit tablets-cols_inherit mobiles-cols_1 valign_top type_default stacking_default\"><div class=\"wpb_column vc_column_container\"><div class=\"vc_column-inner\"><div class=\"w-grid type_grid layout_blog_4 cols_2 with_pagination\" id=\"us_grid_1\" style=\"--gap:1.5rem;\" data-filterable=\"true\"><style>@media (max-width:600px){#us_grid_1 .w-grid-list{margin:0}#us_grid_1 .w-grid-item{width:100%;padding:0;margin-bottom:var(--gap,0px)}}.layout_blog_4 .w-grid-item-h{}.layout_blog_4 .usg_post_image_1{margin-bottom:0.6rem!important}.layout_blog_4 .usg_post_title_1{font-size:1.2rem!important;margin-bottom:0.3rem!important}.layout_blog_4 .usg_post_date_1{color:var(--color-content-faded)!important;font-size:0.8rem!important;line-height:1.6!important}<\/style><div class=\"w-grid-list\">\t<article class=\"w-grid-item size_1x1 post-25889 post type-post status-publish format-standard hentry category-kombetare\" data-id=\"25889\">\r\n\t\t<div class=\"w-grid-item-h\">\r\n\t\t\t\t\t\t<h2 class=\"w-post-elm post_title usg_post_title_1 entry-title color_link_inherit\"><a href=\"https:\/\/unkorce.edu.al\/en\/vleresimi-i-njohurive-lokale-tradicionale-etnobotanike-ne-bashkine-e-kolonjes-kontribut-per-ruajtjen-e-diversitetit-biokulturor-dhe-te-zhvillimit-te-qendrueshem\/\">Vler\u00ebsimi i njohurive lokale tradicionale etnobotanike n\u00eb bashkin\u00eb e Kolonj\u00ebs &#8211; kontribut p\u00ebr ruajtjen e diversitetit biokulturor dhe t\u00eb zhvillimit t\u00eb q\u00ebndruesh\u00ebm<\/a><\/h2><time class=\"w-post-elm post_date usg_post_date_1 has_text_color entry-date published\" datetime=\"2024-07-15T08:49:19+00:00\" title=\"15 July 2024 at 08:49:19 +00:00\">2 years ago<\/time>\t\t<\/div>\r\n\t\t\t<\/article>\r\n\t<article class=\"w-grid-item size_1x1 post-29183 post type-post status-publish format-standard hentry category-kombetare\" data-id=\"29183\">\r\n\t\t<div class=\"w-grid-item-h\">\r\n\t\t\t\t\t\t<h2 class=\"w-post-elm post_title usg_post_title_1 entry-title color_link_inherit\"><a href=\"https:\/\/unkorce.edu.al\/en\/25880-2\/\">\u201cStudim fizibiliteti p\u00ebr prodhimin e mishit me cil\u00ebsi t\u00eb lart\u00eb nga fermer\u00ebt vend\u00ebs, bazuar n\u00eb modelin e ekonomis\u00eb qarkulluese, n\u00eb Shqip\u00ebrin\u00eb juglindore\u201d<\/a><\/h2><time class=\"w-post-elm post_date usg_post_date_1 has_text_color entry-date published\" datetime=\"2024-07-15T08:31:01+00:00\" title=\"15 July 2024 at 08:31:01 +00:00\">2 years ago<\/time>\t\t<\/div>\r\n\t\t\t<\/article>\r\n\t<article class=\"w-grid-item size_1x1 post-29182 post type-post status-publish format-standard hentry category-kombetare\" data-id=\"29182\">\r\n\t\t<div class=\"w-grid-item-h\">\r\n\t\t\t\t\t\t<h2 class=\"w-post-elm post_title usg_post_title_1 entry-title color_link_inherit\"><a href=\"https:\/\/unkorce.edu.al\/en\/trashegimia-kulturore-e-pakicave-etnike-dhe-linguistike-ne-qarkun-e-korces\/\">Trash\u00ebgimia kulturore e pakicave etnike dhe linguistike n\u00eb qarkun e Kor\u00e7\u00ebs<\/a><\/h2><time class=\"w-post-elm post_date usg_post_date_1 has_text_color entry-date published\" datetime=\"2024-07-15T08:25:05+00:00\" title=\"15 July 2024 at 08:25:05 +00:00\">2 years ago<\/time>\t\t<\/div>\r\n\t\t\t<\/article>\r\n\t<article class=\"w-grid-item size_1x1 post-29181 post type-post status-publish format-standard hentry category-kombetare\" data-id=\"29181\">\r\n\t\t<div class=\"w-grid-item-h\">\r\n\t\t\t\t\t\t<h2 class=\"w-post-elm post_title usg_post_title_1 entry-title color_link_inherit\"><a href=\"https:\/\/unkorce.edu.al\/en\/stigma-studim-krahasues-i-stigmatizimit-ne-diskursin-mediatik-ne-gjuhen-shqipe-dhe-angleze-nepermjet-teknologjise-se-informacionit-dhe-digjitalizimit\/\">STI(G)MA- Studim Krahasues i Stigmatizimit n\u00eb Diskursin Mediatik n\u00eb Gjuh\u00ebn Shqipe dhe Angleze n\u00ebp\u00ebrmjet Teknologjis\u00eb s\u00eb Informacionit dhe Digjitalizimit.\u00a0<\/a><\/h2><time class=\"w-post-elm post_date usg_post_date_1 has_text_color entry-date published\" datetime=\"2024-07-15T08:19:40+00:00\" title=\"15 July 2024 at 08:19:40 +00:00\">2 years ago<\/time>\t\t<\/div>\r\n\t\t\t<\/article>\r\n\t<article class=\"w-grid-item size_1x1 post-29180 post type-post status-publish format-standard hentry category-kombetare\" data-id=\"29180\">\r\n\t\t<div class=\"w-grid-item-h\">\r\n\t\t\t\t\t\t<h2 class=\"w-post-elm post_title usg_post_title_1 entry-title color_link_inherit\"><a href=\"https:\/\/unkorce.edu.al\/en\/burimet-ujore-ne-rajonin-e-korces-vlerat-mjedisore-turistike-dhe-shendetesore\/\">Burimet ujore n\u00eb rajonin e Kor\u00e7\u00ebs: vlerat mjedisore, turistike dhe sh\u00ebndet\u00ebsore<\/a><\/h2><time class=\"w-post-elm post_date usg_post_date_1 has_text_color entry-date published\" datetime=\"2024-07-15T08:13:46+00:00\" title=\"15 July 2024 at 08:13:46 +00:00\">2 years ago<\/time>\t\t<\/div>\r\n\t\t\t<\/article>\r\n\t<article class=\"w-grid-item size_1x1 post-29179 post type-post status-publish format-standard hentry category-kombetare\" data-id=\"29179\">\r\n\t\t<div class=\"w-grid-item-h\">\r\n\t\t\t\t\t\t<h2 class=\"w-post-elm post_title usg_post_title_1 entry-title color_link_inherit\"><a href=\"https:\/\/unkorce.edu.al\/en\/nga-londra-ne-paris-historia-e-rajonit-te-korces-1912-1921\/\">Nga Londra n\u00eb Paris. Historia e Rajonit t\u00eb Kor\u00e7\u00ebs 1912-1921<\/a><\/h2><time class=\"w-post-elm post_date usg_post_date_1 has_text_color entry-date published\" datetime=\"2024-07-15T08:05:09+00:00\" title=\"15 July 2024 at 08:05:09 +00:00\">2 years ago<\/time>\t\t<\/div>\r\n\t\t\t<\/article>\r\n\t<article class=\"w-grid-item size_1x1 post-25233 post type-post status-publish format-standard hentry category-kombetare\" data-id=\"25233\">\r\n\t\t<div class=\"w-grid-item-h\">\r\n\t\t\t\t\t\t<h2 class=\"w-post-elm post_title usg_post_title_1 entry-title color_link_inherit\"><a href=\"https:\/\/unkorce.edu.al\/en\/mireqenia-emocionale-dhe-sociale-e-femijeve-adoleshenteve-dhe-te-rinjeve-ne-shqiperi-kosove\/\">\u201cMir\u00ebqenia emocionale dhe sociale e f\u00ebmij\u00ebve, adoleshent\u00ebve dhe t\u00eb rinj\u00ebve n\u00eb Shqip\u00ebri-Kosov\u00eb\u201d<\/a><\/h2><time class=\"w-post-elm post_date usg_post_date_1 has_text_color entry-date published\" datetime=\"2024-06-13T10:26:53+00:00\" title=\"13 June 2024 at 10:26:53 +00:00\">2 years ago<\/time>\t\t<\/div>\r\n\t\t\t<\/article>\r\n\t<article class=\"w-grid-item size_1x1 post-23020 post type-post status-publish format-standard hentry category-kombetare\" data-id=\"23020\">\r\n\t\t<div class=\"w-grid-item-h\">\r\n\t\t\t\t\t\t<h2 class=\"w-post-elm post_title usg_post_title_1 entry-title color_link_inherit\"><a href=\"https:\/\/unkorce.edu.al\/en\/solar-schools-for-green-transition\/\">Solar Schools for Green Transition<\/a><\/h2><time class=\"w-post-elm post_date usg_post_date_1 has_text_color entry-date published\" datetime=\"2024-03-13T13:15:04+00:00\" title=\"13 March 2024 at 13:15:04 +00:00\">2 years ago<\/time>\t\t<\/div>\r\n\t\t\t<\/article>\r\n\t<article class=\"w-grid-item size_1x1 post-20076 post type-post status-publish format-standard hentry category-kombetare\" data-id=\"20076\">\r\n\t\t<div class=\"w-grid-item-h\">\r\n\t\t\t\t\t\t<h2 class=\"w-post-elm post_title usg_post_title_1 entry-title color_link_inherit\"><a href=\"https:\/\/unkorce.edu.al\/en\/aksesueshmeria-dhe-hulumtimi-i-arkivave-qendrore-dhe-bashkiake-nepermjet-kerkimit-historik-dhe-vleresimit-turistik-krahasimi-i-rasteve-mes-italise-dhe-shqiperise\/\">Aksesueshm\u00ebria dhe hulumtimi i arkivave\u00a0q\u00ebndror\u00eb dhe bashkiak\u00eb n\u00ebp\u00ebrmjet k\u00ebrkimit historik\u00a0dhe vler\u00ebsimit turistik\u200b.Krahasimi i rasteve mes\u00a0Italis\u00eb dhe\u00a0Shqip\u00ebris\u00eb\u200b<\/a><\/h2><time class=\"w-post-elm post_date usg_post_date_1 has_text_color entry-date published\" datetime=\"2023-09-26T07:57:26+00:00\" title=\"26 September 2023 at 07:57:26 +00:00\">3 years ago<\/time>\t\t<\/div>\r\n\t\t\t<\/article>\r\n\t<article class=\"w-grid-item size_1x1 post-19757 post type-post status-publish format-standard hentry category-kombetare\" data-id=\"19757\">\r\n\t\t<div class=\"w-grid-item-h\">\r\n\t\t\t\t\t\t<h2 class=\"w-post-elm post_title usg_post_title_1 entry-title color_link_inherit\"><a href=\"https:\/\/unkorce.edu.al\/en\/mesimdhenia-e-integruar-e-gramatikes-nje-hap-drejt-perfshirjes-se-qendrimit-komunikativ-ne-mesimin-e-gjuhes-angleze-si-gjuhe-e-huaj-ne-arsimin-parauniversitar-shqiptar\/\">M\u00ebsimdh\u00ebnia\u00a0 e integruar e gramatik\u00ebs, nj\u00eb hap drejt p\u00ebrfshirjes s\u00eb q\u00ebndrimit komunikativ n\u00eb m\u00ebsimin e gjuh\u00ebs angleze si gjuh\u00eb e huaj n\u00eb arsimin parauniversitar shqiptar<\/a><\/h2><time class=\"w-post-elm post_date usg_post_date_1 has_text_color entry-date published\" datetime=\"2023-08-31T11:33:19+00:00\" title=\"31 August 2023 at 11:33:19 +00:00\">3 years ago<\/time>\t\t<\/div>\r\n\t\t\t<\/article>\r\n<\/div><div class=\"w-grid-preloader\">\t<div class=\"g-preloader type_1\">\r\n\t\t<div><\/div>\r\n\t<\/div>\r\n\t<\/div>\t\t\t<nav class=\"pagination navigation\" role=\"navigation\">\r\n\t\t\t\t<div class=\"nav-links\">\r\n\t\t\t\t\t<span aria-current=\"page\" class=\"page-numbers current\"><span>1<\/span><\/span>\n<a class=\"page-numbers\" href=\"https:\/\/unkorce.edu.al\/en\/wp-json\/wp\/v2\/pages\/9548\/page\/2\/\"><span>2<\/span><\/a>\n<a class=\"next page-numbers\" href=\"https:\/\/unkorce.edu.al\/en\/wp-json\/wp\/v2\/pages\/9548\/page\/2\/\"><span>Next<\/span><\/a>\t\t\t\t<\/div>\r\n\t\t\t<\/nav>\r\n\t\t\t\t<div class=\"w-grid-json hidden\" onclick='return {&quot;action&quot;:&quot;us_ajax_grid&quot;,&quot;infinite_scroll&quot;:0,&quot;max_num_pages&quot;:2,&quot;pagination&quot;:&quot;regular&quot;,&quot;template_vars&quot;:{&quot;columns&quot;:&quot;2&quot;,&quot;exclude_items&quot;:&quot;none&quot;,&quot;img_size&quot;:&quot;default&quot;,&quot;ignore_items_size&quot;:0,&quot;items_layout&quot;:&quot;blog_4&quot;,&quot;items_offset&quot;:&quot;1&quot;,&quot;load_animation&quot;:&quot;none&quot;,&quot;overriding_link&quot;:&quot;{\\&quot;url\\&quot;:\\&quot;\\&quot;}&quot;,&quot;post_id&quot;:0,&quot;query_args&quot;:{&quot;post_type&quot;:[&quot;post&quot;],&quot;tax_query&quot;:[{&quot;taxonomy&quot;:&quot;category&quot;,&quot;field&quot;:&quot;slug&quot;,&quot;terms&quot;:[&quot;kombetare&quot;]}],&quot;post_status&quot;:[&quot;publish&quot;,&quot;acf-disabled&quot;],&quot;posts_per_page&quot;:&quot;10&quot;},&quot;orderby_query_args&quot;:{&quot;orderby&quot;:{&quot;date&quot;:&quot;DESC&quot;}},&quot;type&quot;:&quot;grid&quot;,&quot;us_grid_post_type&quot;:&quot;post&quot;,&quot;us_grid_ajax_index&quot;:1,&quot;us_grid_filter_params&quot;:[],&quot;us_grid_index&quot;:1,&quot;page_args&quot;:[]}}'><\/div>\r\n\t<\/div><\/div><\/div><\/div><\/div><\/section>","protected":false},"excerpt":{"rendered":"","protected":false},"author":30,"featured_media":0,"parent":0,"menu_order":0,"comment_status":"closed","ping_status":"closed","template":"","meta":{"_acf_changed":false,"footnotes":""},"class_list":["post-9548","page","type-page","status-publish","hentry"],"acf":[],"yoast_head":"<!-- This site is optimized with the Yoast SEO plugin v26.9 - https:\/\/yoast.com\/product\/yoast-seo-wordpress\/ -->\n<title>Projekte Kombetare - Universiteti &quot;Fan S. Noli&quot;, Kor\u00e7\u00eb<\/title>\n<meta name=\"robots\" content=\"index, follow, max-snippet:-1, max-image-preview:large, max-video-preview:-1\" \/>\n<link rel=\"canonical\" href=\"https:\/\/unkorce.edu.al\/en\/projekte-kombetare\/\" \/>\n<meta property=\"og:locale\" content=\"en_US\" \/>\n<meta property=\"og:type\" content=\"article\" \/>\n<meta property=\"og:title\" content=\"Projekte Kombetare - Universiteti &quot;Fan S. Noli&quot;, Kor\u00e7\u00eb\" \/>\n<meta property=\"og:url\" content=\"https:\/\/unkorce.edu.al\/en\/projekte-kombetare\/\" \/>\n<meta property=\"og:site_name\" content=\"Universiteti &quot;Fan S. Noli&quot;, Kor\u00e7\u00eb\" \/>\n<meta property=\"article:publisher\" content=\"https:\/\/www.facebook.com\/unkorce\" \/>\n<meta property=\"article:modified_time\" content=\"2025-09-15T08:24:02+00:00\" \/>\n<meta name=\"twitter:card\" content=\"summary_large_image\" \/>\n<meta name=\"twitter:label1\" content=\"Est. reading time\" \/>\n\t<meta name=\"twitter:data1\" content=\"7 minutes\" \/>\n<script type=\"application\/ld+json\" class=\"yoast-schema-graph\">{\"@context\":\"https:\/\/schema.org\",\"@graph\":[{\"@type\":\"WebPage\",\"@id\":\"https:\/\/unkorce.edu.al\/projekte-kombetare\/\",\"url\":\"https:\/\/unkorce.edu.al\/projekte-kombetare\/\",\"name\":\"Projekte Kombetare - Universiteti \\\"Fan S. Noli\\\", Kor\u00e7\u00eb\",\"isPartOf\":{\"@id\":\"https:\/\/unkorce.edu.al\/#website\"},\"datePublished\":\"2022-05-12T12:38:45+00:00\",\"dateModified\":\"2025-09-15T08:24:02+00:00\",\"breadcrumb\":{\"@id\":\"https:\/\/unkorce.edu.al\/projekte-kombetare\/#breadcrumb\"},\"inLanguage\":\"en-US\",\"potentialAction\":[{\"@type\":\"ReadAction\",\"target\":[\"https:\/\/unkorce.edu.al\/projekte-kombetare\/\"]}]},{\"@type\":\"BreadcrumbList\",\"@id\":\"https:\/\/unkorce.edu.al\/projekte-kombetare\/#breadcrumb\",\"itemListElement\":[{\"@type\":\"ListItem\",\"position\":1,\"name\":\"Home\",\"item\":\"https:\/\/unkorce.edu.al\/\"},{\"@type\":\"ListItem\",\"position\":2,\"name\":\"Projekte Kombetare\"}]},{\"@type\":\"WebSite\",\"@id\":\"https:\/\/unkorce.edu.al\/#website\",\"url\":\"https:\/\/unkorce.edu.al\/\",\"name\":\"Universiteti \\\"Fan S. Noli\\\", Kor\u00e7\u00eb\",\"description\":\"Mir&euml;sevini n&euml; faqen zyrtare!\",\"publisher\":{\"@id\":\"https:\/\/unkorce.edu.al\/#organization\"},\"potentialAction\":[{\"@type\":\"SearchAction\",\"target\":{\"@type\":\"EntryPoint\",\"urlTemplate\":\"https:\/\/unkorce.edu.al\/?s={search_term_string}\"},\"query-input\":{\"@type\":\"PropertyValueSpecification\",\"valueRequired\":true,\"valueName\":\"search_term_string\"}}],\"inLanguage\":\"en-US\"},{\"@type\":\"Organization\",\"@id\":\"https:\/\/unkorce.edu.al\/#organization\",\"name\":\"Universiteti \\\"Fan S. Noli\\\", Kor\u00e7\u00eb\",\"url\":\"https:\/\/unkorce.edu.al\/\",\"logo\":{\"@type\":\"ImageObject\",\"inLanguage\":\"en-US\",\"@id\":\"https:\/\/unkorce.edu.al\/#\/schema\/logo\/image\/\",\"url\":\"https:\/\/unkorce.edu.al\/wp-content\/uploads\/2024\/08\/Logo_e_Universitetit__Fan_Noli_-e1726660879862.png\",\"contentUrl\":\"https:\/\/unkorce.edu.al\/wp-content\/uploads\/2024\/08\/Logo_e_Universitetit__Fan_Noli_-e1726660879862.png\",\"width\":200,\"height\":120,\"caption\":\"Universiteti \\\"Fan S. Noli\\\", Kor\u00e7\u00eb\"},\"image\":{\"@id\":\"https:\/\/unkorce.edu.al\/#\/schema\/logo\/image\/\"},\"sameAs\":[\"https:\/\/www.facebook.com\/unkorce\"]}]}<\/script>\n<!-- \/ Yoast SEO plugin. -->","yoast_head_json":{"title":"Projekte Kombetare - Universiteti \"Fan S. Noli\", Kor\u00e7\u00eb","robots":{"index":"index","follow":"follow","max-snippet":"max-snippet:-1","max-image-preview":"max-image-preview:large","max-video-preview":"max-video-preview:-1"},"canonical":"https:\/\/unkorce.edu.al\/en\/projekte-kombetare\/","og_locale":"en_US","og_type":"article","og_title":"Projekte Kombetare - Universiteti \"Fan S. Noli\", Kor\u00e7\u00eb","og_url":"https:\/\/unkorce.edu.al\/en\/projekte-kombetare\/","og_site_name":"Universiteti \"Fan S. Noli\", Kor\u00e7\u00eb","article_publisher":"https:\/\/www.facebook.com\/unkorce","article_modified_time":"2025-09-15T08:24:02+00:00","twitter_card":"summary_large_image","twitter_misc":{"Est. reading time":"7 minutes"},"schema":{"@context":"https:\/\/schema.org","@graph":[{"@type":"WebPage","@id":"https:\/\/unkorce.edu.al\/projekte-kombetare\/","url":"https:\/\/unkorce.edu.al\/projekte-kombetare\/","name":"Projekte Kombetare - Universiteti \"Fan S. Noli\", Kor\u00e7\u00eb","isPartOf":{"@id":"https:\/\/unkorce.edu.al\/#website"},"datePublished":"2022-05-12T12:38:45+00:00","dateModified":"2025-09-15T08:24:02+00:00","breadcrumb":{"@id":"https:\/\/unkorce.edu.al\/projekte-kombetare\/#breadcrumb"},"inLanguage":"en-US","potentialAction":[{"@type":"ReadAction","target":["https:\/\/unkorce.edu.al\/projekte-kombetare\/"]}]},{"@type":"BreadcrumbList","@id":"https:\/\/unkorce.edu.al\/projekte-kombetare\/#breadcrumb","itemListElement":[{"@type":"ListItem","position":1,"name":"Home","item":"https:\/\/unkorce.edu.al\/"},{"@type":"ListItem","position":2,"name":"Projekte Kombetare"}]},{"@type":"WebSite","@id":"https:\/\/unkorce.edu.al\/#website","url":"https:\/\/unkorce.edu.al\/","name":"Universiteti \"Fan S. Noli\", Kor\u00e7\u00eb","description":"Mir&euml;sevini n&euml; faqen zyrtare!","publisher":{"@id":"https:\/\/unkorce.edu.al\/#organization"},"potentialAction":[{"@type":"SearchAction","target":{"@type":"EntryPoint","urlTemplate":"https:\/\/unkorce.edu.al\/?s={search_term_string}"},"query-input":{"@type":"PropertyValueSpecification","valueRequired":true,"valueName":"search_term_string"}}],"inLanguage":"en-US"},{"@type":"Organization","@id":"https:\/\/unkorce.edu.al\/#organization","name":"Universiteti \"Fan S. Noli\", Kor\u00e7\u00eb","url":"https:\/\/unkorce.edu.al\/","logo":{"@type":"ImageObject","inLanguage":"en-US","@id":"https:\/\/unkorce.edu.al\/#\/schema\/logo\/image\/","url":"https:\/\/unkorce.edu.al\/wp-content\/uploads\/2024\/08\/Logo_e_Universitetit__Fan_Noli_-e1726660879862.png","contentUrl":"https:\/\/unkorce.edu.al\/wp-content\/uploads\/2024\/08\/Logo_e_Universitetit__Fan_Noli_-e1726660879862.png","width":200,"height":120,"caption":"Universiteti \"Fan S. Noli\", Kor\u00e7\u00eb"},"image":{"@id":"https:\/\/unkorce.edu.al\/#\/schema\/logo\/image\/"},"sameAs":["https:\/\/www.facebook.com\/unkorce"]}]}},"_links":{"self":[{"href":"https:\/\/unkorce.edu.al\/en\/wp-json\/wp\/v2\/pages\/9548","targetHints":{"allow":["GET"]}}],"collection":[{"href":"https:\/\/unkorce.edu.al\/en\/wp-json\/wp\/v2\/pages"}],"about":[{"href":"https:\/\/unkorce.edu.al\/en\/wp-json\/wp\/v2\/types\/page"}],"author":[{"embeddable":true,"href":"https:\/\/unkorce.edu.al\/en\/wp-json\/wp\/v2\/users\/30"}],"replies":[{"embeddable":true,"href":"https:\/\/unkorce.edu.al\/en\/wp-json\/wp\/v2\/comments?post=9548"}],"version-history":[{"count":6,"href":"https:\/\/unkorce.edu.al\/en\/wp-json\/wp\/v2\/pages\/9548\/revisions"}],"predecessor-version":[{"id":34649,"href":"https:\/\/unkorce.edu.al\/en\/wp-json\/wp\/v2\/pages\/9548\/revisions\/34649"}],"wp:attachment":[{"href":"https:\/\/unkorce.edu.al\/en\/wp-json\/wp\/v2\/media?parent=9548"}],"curies":[{"name":"wp","href":"https:\/\/api.w.org\/{rel}","templated":true}]}}