{"id":9452,"date":"2022-05-09T06:44:20","date_gmt":"2022-05-09T06:44:20","guid":{"rendered":"\/?page_id=9452"},"modified":"2022-05-09T06:44:20","modified_gmt":"2022-05-09T06:44:20","slug":"qka-maturantet","status":"publish","type":"page","link":"https:\/\/unkorce.edu.al\/en\/qka-maturantet\/","title":{"rendered":"QKA &#8211; MATURANT\u00cbT"},"content":{"rendered":"<p><\/p>\n\n\n\n<p>Maturant\u00ebt jan\u00eb nj\u00eb nga shtyllat m\u00eb t\u00eb r\u00ebnd\u00ebsishm\u00eb t\u00eb pun\u00ebs dhe funksionit q\u00eb ka Qendra e Karrier\u00ebs dhe Alumnit. Dritarja &#8220;Maturant\u00ebt&#8221; u nd\u00ebrtua p\u00ebr t&#8217;i erdhur n\u00eb ndihm\u00eb t\u00eb gjith\u00eb maturant\u00ebve t\u00eb Qarkut t\u00eb Kor\u00e7\u00ebs. N\u00eb k\u00ebt\u00eb profil do t\u00eb gjeni t\u00eb gjitha informacionet e nevojshm\u00eb q\u00eb lidhen&nbsp;me Matur\u00ebn Shtet\u00ebrore, si: udh\u00ebzime&nbsp;p\u00ebr zhvillimin e matur\u00ebs shtet\u00ebrore, udh\u00ebzime p\u00ebr plot\u00ebsimet e formular\u00ebve p\u00ebr aplikim n\u00eb Institucionet e Arsimit t\u00eb Lart\u00eb, udh\u00ebzime rreth p\u00ebrgatitjes s\u00eb l\u00ebnd\u00ebve me zgjedhje etj. &nbsp;Duke vizituar faqen e Universitetit t\u00eb Kor\u00e7\u00ebs gjimnazist\u00ebt mund t\u00eb njihen me programet e studimit pran\u00eb Universitetit ton\u00eb ose mund t\u00eb drejtohen pran\u00eb Qendr\u00ebs s\u00eb Karrier\u00ebs dhe Alumnit p\u00ebr \u00e7do informacion tjet\u00ebr.<\/p>\n\n\n\n<ol class=\"wp-block-list\">\n<li><a href=\"\/wp-content\/uploads\/2023\/01\/urdher-2022-12-15-739.pdf\" class=\"ek-link\">Rregullore e Matur\u00ebs Shtet\u00ebrore<\/a><\/li>\n\n\n\n<li><a href=\"\/en\/sites\/default\/files\/Kalendari%20i%20aplikimeve%20me%20formularin%20A1%20A1Z.pdf\/\">Kalendari i aplikimeve me formularin A1 A1Z<\/a><\/li>\n\n\n\n<li><a href=\"\/en\/sites\/default\/files\/Kalendari%20i%20aplikimit%20dhe%20regjistrimit%20n%C3%AB%20universitet.pdf\/\">Kalendari i aplikimit dhe regjistrimit n\u00eb universitet<\/a><\/li>\n\n\n\n<li><a href=\":8001\/sites\/default\/files\/Rezultatet%20e%20t%C3%AB%20nx%C3%ABnit%20p%C3%ABr%20realizimin%20minimal%20t%C3%AB%20kompetencave,%20MSH%202020.pdf\">Rezultatet e t\u00eb nx\u00ebnit p\u00ebr realizimin mini<\/a><a href=\"\/en\/sites\/default\/files\/Rezultatet%20e%20t%C3%AB%20nx%C3%ABnit%20p%C3%ABr%20realizimin%20minimal%20t%C3%AB%20kompetencave,%20MSH%202020.pdf\/\">m<\/a><a href=\":8001\/sites\/default\/files\/Rezultatet%20e%20t%C3%AB%20nx%C3%ABnit%20p%C3%ABr%20realizimin%20minimal%20t%C3%AB%20kompetencave,%20MSH%202020.pdf\">al t\u00eb kompetencave, MSH 2020<\/a><\/li>\n\n\n\n<li><a href=\"\/en\/sites\/default\/files\/Udh%C3%ABzim%20p%C3%ABr%20organizimin%20dhe%20zhvillimin%20e%20provimeve%20t%C3%AB%20Matur%C3%ABs%20Shtet%C3%ABrore%202020.pdf\/\">Udh\u00ebzim p\u00ebr organizimin dhe zhvillimin e provimeve t\u00eb Matur\u00ebs Shtet\u00ebrore 2020<\/a><\/li>\n\n\n\n<li><a href=\"\/en\/sites\/default\/files\/Udhezimi-Nr.19.dt_.2.7.2020%20p%C3%ABr%20sesionin%20e%20dyt%C3%AB%20t%C3%AB%20Matur%C3%ABs%20Shtet%C3%ABrore.pdf\/\">Udhezimi-Nr.19.dt_.2.7.2020 p\u00ebr sesionin e dyt\u00eb t\u00eb Matur\u00ebs Shtet\u00ebrore<\/a><\/li>\n\n\n\n<li><a href=\"\/en\/sites\/default\/files\/Urdh%C3%ABr%20dhe%20Rregullore,%20MSH%202020.pdf\/\">Urdh\u00ebr dhe Rregullore, MSH 2020<\/a><\/li>\n\n\n\n<li><a href=\"\/en\/sites\/default\/files\/Urdh%C3%ABr%20p%C3%ABr%20aplikime%20me%20formularin%20A1A1Z,%20MSH%202020.pdf\/\">Urdh\u00ebr p\u00ebr aplikime me formularin A1A1Z, MSH 2020<\/a><\/li>\n<\/ol>","protected":false},"excerpt":{"rendered":"<p>Maturant\u00ebt jan\u00eb nj\u00eb nga shtyllat m\u00eb t\u00eb r\u00ebnd\u00ebsishm\u00eb t\u00eb pun\u00ebs dhe funksionit q\u00eb ka Qendra e Karrier\u00ebs dhe Alumnit. Dritarja &#8220;Maturant\u00ebt&#8221; u nd\u00ebrtua p\u00ebr t&#8217;i erdhur n\u00eb ndihm\u00eb t\u00eb gjith\u00eb maturant\u00ebve t\u00eb Qarkut t\u00eb Kor\u00e7\u00ebs. N\u00eb k\u00ebt\u00eb profil do t\u00eb gjeni t\u00eb gjitha informacionet e nevojshm\u00eb q\u00eb lidhen&nbsp;me Matur\u00ebn Shtet\u00ebrore, si: udh\u00ebzime&nbsp;p\u00ebr zhvillimin e matur\u00ebs&#8230;<\/p>","protected":false},"author":122,"featured_media":0,"parent":0,"menu_order":0,"comment_status":"closed","ping_status":"closed","template":"","meta":{"_acf_changed":false,"footnotes":""},"class_list":["post-9452","page","type-page","status-publish","hentry"],"acf":[],"yoast_head":"<!-- This site is optimized with the Yoast SEO plugin v26.9 - https:\/\/yoast.com\/product\/yoast-seo-wordpress\/ -->\n<title>QKA - MATURANT\u00cbT - Universiteti &quot;Fan S. Noli&quot;, Kor\u00e7\u00eb<\/title>\n<meta name=\"robots\" content=\"index, follow, max-snippet:-1, max-image-preview:large, max-video-preview:-1\" \/>\n<link rel=\"canonical\" href=\"https:\/\/unkorce.edu.al\/en\/qka-maturantet\/\" \/>\n<meta property=\"og:locale\" content=\"en_US\" \/>\n<meta property=\"og:type\" content=\"article\" \/>\n<meta property=\"og:title\" content=\"QKA - MATURANT\u00cbT - Universiteti &quot;Fan S. Noli&quot;, Kor\u00e7\u00eb\" \/>\n<meta property=\"og:description\" content=\"Maturant\u00ebt jan\u00eb nj\u00eb nga shtyllat m\u00eb t\u00eb r\u00ebnd\u00ebsishm\u00eb t\u00eb pun\u00ebs dhe funksionit q\u00eb ka Qendra e Karrier\u00ebs dhe Alumnit. Dritarja &#8220;Maturant\u00ebt&#8221; u nd\u00ebrtua p\u00ebr t&#8217;i erdhur n\u00eb ndihm\u00eb t\u00eb gjith\u00eb maturant\u00ebve t\u00eb Qarkut t\u00eb Kor\u00e7\u00ebs. N\u00eb k\u00ebt\u00eb profil do t\u00eb gjeni t\u00eb gjitha informacionet e nevojshm\u00eb q\u00eb lidhen&nbsp;me Matur\u00ebn Shtet\u00ebrore, si: udh\u00ebzime&nbsp;p\u00ebr zhvillimin e matur\u00ebs...\" \/>\n<meta property=\"og:url\" content=\"https:\/\/unkorce.edu.al\/en\/qka-maturantet\/\" \/>\n<meta property=\"og:site_name\" content=\"Universiteti &quot;Fan S. Noli&quot;, Kor\u00e7\u00eb\" \/>\n<meta property=\"article:publisher\" content=\"https:\/\/www.facebook.com\/unkorce\" \/>\n<meta name=\"twitter:card\" content=\"summary_large_image\" \/>\n<meta name=\"twitter:label1\" content=\"Est. reading time\" \/>\n\t<meta name=\"twitter:data1\" content=\"1 minute\" \/>\n<script type=\"application\/ld+json\" class=\"yoast-schema-graph\">{\"@context\":\"https:\/\/schema.org\",\"@graph\":[{\"@type\":\"WebPage\",\"@id\":\"https:\/\/unkorce.edu.al\/qka-maturantet\/\",\"url\":\"https:\/\/unkorce.edu.al\/qka-maturantet\/\",\"name\":\"QKA - MATURANT\u00cbT - Universiteti \\\"Fan S. Noli\\\", Kor\u00e7\u00eb\",\"isPartOf\":{\"@id\":\"https:\/\/unkorce.edu.al\/#website\"},\"datePublished\":\"2022-05-09T06:44:20+00:00\",\"breadcrumb\":{\"@id\":\"https:\/\/unkorce.edu.al\/qka-maturantet\/#breadcrumb\"},\"inLanguage\":\"en-US\",\"potentialAction\":[{\"@type\":\"ReadAction\",\"target\":[\"https:\/\/unkorce.edu.al\/qka-maturantet\/\"]}]},{\"@type\":\"BreadcrumbList\",\"@id\":\"https:\/\/unkorce.edu.al\/qka-maturantet\/#breadcrumb\",\"itemListElement\":[{\"@type\":\"ListItem\",\"position\":1,\"name\":\"Home\",\"item\":\"https:\/\/unkorce.edu.al\/\"},{\"@type\":\"ListItem\",\"position\":2,\"name\":\"QKA &#8211; MATURANT\u00cbT\"}]},{\"@type\":\"WebSite\",\"@id\":\"https:\/\/unkorce.edu.al\/#website\",\"url\":\"https:\/\/unkorce.edu.al\/\",\"name\":\"Universiteti \\\"Fan S. Noli\\\", Kor\u00e7\u00eb\",\"description\":\"Mir&euml;sevini n&euml; faqen zyrtare!\",\"publisher\":{\"@id\":\"https:\/\/unkorce.edu.al\/#organization\"},\"potentialAction\":[{\"@type\":\"SearchAction\",\"target\":{\"@type\":\"EntryPoint\",\"urlTemplate\":\"https:\/\/unkorce.edu.al\/?s={search_term_string}\"},\"query-input\":{\"@type\":\"PropertyValueSpecification\",\"valueRequired\":true,\"valueName\":\"search_term_string\"}}],\"inLanguage\":\"en-US\"},{\"@type\":\"Organization\",\"@id\":\"https:\/\/unkorce.edu.al\/#organization\",\"name\":\"Universiteti \\\"Fan S. Noli\\\", Kor\u00e7\u00eb\",\"url\":\"https:\/\/unkorce.edu.al\/\",\"logo\":{\"@type\":\"ImageObject\",\"inLanguage\":\"en-US\",\"@id\":\"https:\/\/unkorce.edu.al\/#\/schema\/logo\/image\/\",\"url\":\"https:\/\/unkorce.edu.al\/wp-content\/uploads\/2024\/08\/Logo_e_Universitetit__Fan_Noli_-e1726660879862.png\",\"contentUrl\":\"https:\/\/unkorce.edu.al\/wp-content\/uploads\/2024\/08\/Logo_e_Universitetit__Fan_Noli_-e1726660879862.png\",\"width\":200,\"height\":120,\"caption\":\"Universiteti \\\"Fan S. Noli\\\", Kor\u00e7\u00eb\"},\"image\":{\"@id\":\"https:\/\/unkorce.edu.al\/#\/schema\/logo\/image\/\"},\"sameAs\":[\"https:\/\/www.facebook.com\/unkorce\"]}]}<\/script>\n<!-- \/ Yoast SEO plugin. -->","yoast_head_json":{"title":"QKA - MATURANT\u00cbT - Universiteti \"Fan S. Noli\", Kor\u00e7\u00eb","robots":{"index":"index","follow":"follow","max-snippet":"max-snippet:-1","max-image-preview":"max-image-preview:large","max-video-preview":"max-video-preview:-1"},"canonical":"https:\/\/unkorce.edu.al\/en\/qka-maturantet\/","og_locale":"en_US","og_type":"article","og_title":"QKA - MATURANT\u00cbT - Universiteti \"Fan S. Noli\", Kor\u00e7\u00eb","og_description":"Maturant\u00ebt jan\u00eb nj\u00eb nga shtyllat m\u00eb t\u00eb r\u00ebnd\u00ebsishm\u00eb t\u00eb pun\u00ebs dhe funksionit q\u00eb ka Qendra e Karrier\u00ebs dhe Alumnit. Dritarja &#8220;Maturant\u00ebt&#8221; u nd\u00ebrtua p\u00ebr t&#8217;i erdhur n\u00eb ndihm\u00eb t\u00eb gjith\u00eb maturant\u00ebve t\u00eb Qarkut t\u00eb Kor\u00e7\u00ebs. N\u00eb k\u00ebt\u00eb profil do t\u00eb gjeni t\u00eb gjitha informacionet e nevojshm\u00eb q\u00eb lidhen&nbsp;me Matur\u00ebn Shtet\u00ebrore, si: udh\u00ebzime&nbsp;p\u00ebr zhvillimin e matur\u00ebs...","og_url":"https:\/\/unkorce.edu.al\/en\/qka-maturantet\/","og_site_name":"Universiteti \"Fan S. Noli\", Kor\u00e7\u00eb","article_publisher":"https:\/\/www.facebook.com\/unkorce","twitter_card":"summary_large_image","twitter_misc":{"Est. reading time":"1 minute"},"schema":{"@context":"https:\/\/schema.org","@graph":[{"@type":"WebPage","@id":"https:\/\/unkorce.edu.al\/qka-maturantet\/","url":"https:\/\/unkorce.edu.al\/qka-maturantet\/","name":"QKA - MATURANT\u00cbT - Universiteti \"Fan S. Noli\", Kor\u00e7\u00eb","isPartOf":{"@id":"https:\/\/unkorce.edu.al\/#website"},"datePublished":"2022-05-09T06:44:20+00:00","breadcrumb":{"@id":"https:\/\/unkorce.edu.al\/qka-maturantet\/#breadcrumb"},"inLanguage":"en-US","potentialAction":[{"@type":"ReadAction","target":["https:\/\/unkorce.edu.al\/qka-maturantet\/"]}]},{"@type":"BreadcrumbList","@id":"https:\/\/unkorce.edu.al\/qka-maturantet\/#breadcrumb","itemListElement":[{"@type":"ListItem","position":1,"name":"Home","item":"https:\/\/unkorce.edu.al\/"},{"@type":"ListItem","position":2,"name":"QKA &#8211; MATURANT\u00cbT"}]},{"@type":"WebSite","@id":"https:\/\/unkorce.edu.al\/#website","url":"https:\/\/unkorce.edu.al\/","name":"Universiteti \"Fan S. Noli\", Kor\u00e7\u00eb","description":"Mir&euml;sevini n&euml; faqen zyrtare!","publisher":{"@id":"https:\/\/unkorce.edu.al\/#organization"},"potentialAction":[{"@type":"SearchAction","target":{"@type":"EntryPoint","urlTemplate":"https:\/\/unkorce.edu.al\/?s={search_term_string}"},"query-input":{"@type":"PropertyValueSpecification","valueRequired":true,"valueName":"search_term_string"}}],"inLanguage":"en-US"},{"@type":"Organization","@id":"https:\/\/unkorce.edu.al\/#organization","name":"Universiteti \"Fan S. Noli\", Kor\u00e7\u00eb","url":"https:\/\/unkorce.edu.al\/","logo":{"@type":"ImageObject","inLanguage":"en-US","@id":"https:\/\/unkorce.edu.al\/#\/schema\/logo\/image\/","url":"https:\/\/unkorce.edu.al\/wp-content\/uploads\/2024\/08\/Logo_e_Universitetit__Fan_Noli_-e1726660879862.png","contentUrl":"https:\/\/unkorce.edu.al\/wp-content\/uploads\/2024\/08\/Logo_e_Universitetit__Fan_Noli_-e1726660879862.png","width":200,"height":120,"caption":"Universiteti \"Fan S. Noli\", Kor\u00e7\u00eb"},"image":{"@id":"https:\/\/unkorce.edu.al\/#\/schema\/logo\/image\/"},"sameAs":["https:\/\/www.facebook.com\/unkorce"]}]}},"_links":{"self":[{"href":"https:\/\/unkorce.edu.al\/en\/wp-json\/wp\/v2\/pages\/9452","targetHints":{"allow":["GET"]}}],"collection":[{"href":"https:\/\/unkorce.edu.al\/en\/wp-json\/wp\/v2\/pages"}],"about":[{"href":"https:\/\/unkorce.edu.al\/en\/wp-json\/wp\/v2\/types\/page"}],"author":[{"embeddable":true,"href":"https:\/\/unkorce.edu.al\/en\/wp-json\/wp\/v2\/users\/122"}],"replies":[{"embeddable":true,"href":"https:\/\/unkorce.edu.al\/en\/wp-json\/wp\/v2\/comments?post=9452"}],"version-history":[{"count":0,"href":"https:\/\/unkorce.edu.al\/en\/wp-json\/wp\/v2\/pages\/9452\/revisions"}],"wp:attachment":[{"href":"https:\/\/unkorce.edu.al\/en\/wp-json\/wp\/v2\/media?parent=9452"}],"curies":[{"name":"wp","href":"https:\/\/api.w.org\/{rel}","templated":true}]}}