{"id":9445,"date":"2022-05-09T06:37:58","date_gmt":"2022-05-09T06:37:58","guid":{"rendered":"\/?page_id=9445"},"modified":"2022-05-09T06:37:58","modified_gmt":"2022-05-09T06:37:58","slug":"qka-histori-suksesi","status":"publish","type":"page","link":"https:\/\/unkorce.edu.al\/en\/qka-histori-suksesi\/","title":{"rendered":"QKA &#8211; Histori Suksesi"},"content":{"rendered":"<p><strong>Emri : ALMA<\/strong><\/p>\n\n\n\n<p><strong>Mbiemri : KARASALIU<\/strong><\/p>\n\n\n\n<p><strong>Fakulteti \/ Dega \/ Periudha e studimeve : Fakulteti i M\u00ebsuesis\u00eb\/Gjuh\u00eb Angleze\/2000-2004<\/strong><\/p>\n\n\n\n<p>Ku \u00ebsht\u00eb pun\u00ebsuar:<\/p>\n\n\n\n<ul class=\"wp-block-list\"><li>2011 &#8211; n\u00eb vijim Universiteti Fan S. Noli, Kor\u00e7\u00eb<\/li><li>2010-2011 Shkolla e Mesme \u201cMuharrem \u00c7ollaku\u201d, Pogradec<\/li><li>2004-2010 Shkolla \u201c9-vje\u00e7are Koli Gusho\u201d, &nbsp;Pogradec<\/li><li><strong>Pozicioni:<\/strong><br><strong>Aktualisht jam pedagoge e l\u00ebnd\u00ebs Gjuh\u00ebs &nbsp;Angleze p\u00ebr Q\u00ebllime Specifike n\u00eb Master Shkencor, M\u00ebsuesi p\u00ebr Arsimin Fillor Klasa I-VI dhe Teknika dhe Praktik\u00eb P\u00ebrkthimi n\u00eb M\u00ebsimdh\u00ebnie n\u00eb Master Profesional,&nbsp; M\u00ebsues i Gjuh\u00ebs Angleze&nbsp;&nbsp;&nbsp;&nbsp;<\/strong><\/li><li><strong>Prej vitit 2015&nbsp; mbaj titullin Doktor i shkencave.<\/strong><\/li><\/ul>\n\n\n\n<hr class=\"wp-block-separator\"\/>\n\n\n\n<p><strong>Emri : KLAUDJA<\/strong><\/p>\n\n\n\n<p><strong>Mbiemri : XHAHOLLI<\/strong><\/p>\n\n\n\n<p><strong>Fakulteti \/ Dega \/ Periudha e studimeve :<\/strong><\/p>\n\n\n\n<p><strong><em><u>UNIVERSITETI \u201cFAN. S. NOLI\u201d KOR\u00c7\u00cb<\/u><\/em><\/strong><\/p>\n\n\n\n<p><strong>FAKULTETI I EDUKIMIT DHE I FILOLOGJIS\u00cb<\/strong><\/p>\n\n\n\n<p><strong>DEGA: HISTORI \u2013 GJEOGRAFI<\/strong><\/p>\n\n\n\n<p><strong>BACHELOR N\u00cb HISTORI-GJEOGRAFI \u2013 2010 -2013<\/strong><\/p>\n\n\n\n<p><strong>MASTER PROFESIONAL \u2013 2017-2019<\/strong><\/p>\n\n\n\n<p><strong><em><u>UNIVERSITETI I TIRAN\u00cbS<\/u><\/em><\/strong><\/p>\n\n\n\n<p><strong>FAKULTETI I HISTORIS\u00cb DHE I FILOLOGJIS\u00cb<\/strong><\/p>\n\n\n\n<p><strong>MASTER SHKENCOR N\u00cb GJEOGRAFI 2013-2015<\/strong><\/p>\n\n\n\n<p><strong>Ku \u00ebsht\u00eb pun\u00ebsuar:<\/strong><\/p>\n\n\n\n<p><strong>BASHKIA DEVOLL<\/strong><\/p>\n\n\n\n<p><strong>Pozicioni:<\/strong><\/p>\n\n\n\n<p><strong>SPECIALISTE \u201cONE STOP SHOP\u201d<\/strong><\/p>\n\n\n\n<p>P\u00ebrshkrimi:<br><em>(Nj\u00eb p\u00ebrshkrim I shkurt\u00ebr rreth eksperienc\u00ebs tuaj t\u00eb pun\u00ebsimit)<\/em><\/p>\n\n\n\n<p>Pritet dhe pranohet \u00e7do lloj k\u00ebrkese dhe ankese nga popullsia, duke perfshire problematika te ndryshme, duke filluar qe nga v\u00ebrtetimet e thjeshta, ne funksion te plotesimit te dolumentacionit p\u00ebr \u00e7do lloj nevoje dhe deri te ankesat qe lidhen me sh\u00ebrbimet publike, me problemet kufijtare, me c\u00ebnimin e pronave publike dhe private etj. K\u00ebto probleme apo k\u00ebrkesa adresohen n\u00eb zyrat perkat\u00ebse t\u00eb cilat p\u00ebrgjigjen per secil\u00ebn prej tyre duke monitpruar problematik\u00ebn p\u00ebr t\u00eb shkuar drejt zgjidhjes s\u00eb saj.<\/p>\n\n\n\n<hr class=\"wp-block-separator\"\/>\n\n\n\n<p><strong>EMRI: SUELA<\/strong><\/p>\n\n\n\n<p><strong>MBIEMRI: &nbsp;KO\u00c7A (PICI)<\/strong><\/p>\n\n\n\n<p><strong>FAKULTETI \/ DEGA \/ PERIUDHA E STUDIMEVE : i M\u00ebsuesis\u00eb (Edukimit dhe Filologjis\u00eb) \/ Gjuh\u00eb Angleze \/ 1994-1998<\/strong><\/p>\n\n\n\n<p><strong>KU \u00cbSHT\u00cb PUN\u00cbSUAR: M\u00ebsuese e gjuh\u00ebs angleze n\u00eb shkoll\u00ebn \u201cT. T. Ko\u00e7o\u201d, Kor\u00e7\u00eb, n\u00eb vitet 1998-1999<\/strong><\/p>\n\n\n\n<p><strong>Aktuakisht pedogoge me koh\u00eb t\u00eb plot\u00eb pran\u00eb Universitetit \u201cF. S. Noli\u201d<\/strong><\/p>\n\n\n\n<p><strong>POZICIONI: Lektore (Dr.)<\/strong><\/p>\n\n\n\n<p><strong>P\u00cbRSHKRIMI:<\/strong><\/p>\n\n\n\n<p><em>Pas diplomimit n\u00eb vitin 1998 punava si m\u00ebsuese e gjuh\u00ebs angleze pran\u00eb shkoll\u00ebs artistike \u201cT.T. Ko\u00e7o\u201d gjat\u00eb periudh\u00ebs shtator 1998-mars 1999, ku kam dh\u00ebn\u00eb m\u00ebsim n\u00eb t\u00eb gjitha nivelet e ciklit parauniversitar.<\/em><\/p>\n\n\n\n<p><em>Q\u00eb prej mars 1999 e n\u00eb vazhdim punoj si pedagoge me koh\u00eb t\u00eb plot\u00eb pran\u00eb universitetit \u201cF. S. Noli\u201d n\u00eb departamentin e gjuh\u00ebve t\u00eb huaja dhe jap m\u00ebsim n\u00eb programin e studimit Bachelor \u201cGjuh\u00eb angleze\u201d dhe Master profesional \u201cM\u00ebsues i gjuh\u00ebs angleze.<\/em><\/p>\n\n\n\n<p><em>Aktualisht mbaj titullin \u201cDoktor i shkencave\u201d<\/em><\/p>\n\n\n\n<hr class=\"wp-block-separator\"\/>\n\n\n\n<p>EMRI I STUDENTEVE :&nbsp;<strong>KATERINA BREGU DHE VANGJEL PALOLLI&nbsp;<\/strong><br><strong>\u200b<\/strong>PROJEKTI :&nbsp;<strong>SHKOLLA VERORE E ORGANIZUAR N\u00cb SHKUP, MAQEDONI<\/strong><\/p>\n\n\n\n<figure class=\"wp-block-image is-style-default\"><a href=\":8001\/sites\/default\/files\/letra%20e%20studenteve%20%20Katerina%20dhe%20Vangjel.pdf\" target=\"_blank\" rel=\"noreferrer noopener\"><img decoding=\"async\" src=\":8001\/sites\/default\/files\/Untitled-3_1.png\" alt=\"\"\/><\/a><\/figure>\n\n\n\n<figure class=\"wp-block-image is-style-default\"><img decoding=\"async\" src=\"http:\/\/172.16.0.2\/sites\/default\/files\/image_download\/adobe.gif\" alt=\"\"\/><\/figure>\n\n\n\n<p><a href=\":8001\/sites\/default\/files\/letra%20e%20studenteve%20%20Katerina%20dhe%20Vangjel.pdf\" target=\"_blank\" rel=\"noreferrer noopener\">Lexo te plote (pdf) (kliko)<\/a><\/p>\n\n\n\n<figure class=\"wp-block-image is-style-default\"><a ref=\"magnificPopup\" href=\":8001\/sites\/default\/files\/23113743_1677841402247193_2125916129_n.jpg\" target=\"_blank\" rel=\"noreferrer noopener\"><img decoding=\"async\" src=\":8001\/sites\/default\/files\/23113743_1677841402247193_2125916129_n.jpg\" alt=\"\"\/><\/a><\/figure>\n\n\n\n<figure class=\"wp-block-image is-style-default\"><a ref=\"magnificPopup\" href=\":8001\/sites\/default\/files\/IMG_4261.jpg\" target=\"_blank\" rel=\"noreferrer noopener\"><img decoding=\"async\" src=\":8001\/sites\/default\/files\/IMG_4261.jpg\" alt=\"\"\/><\/a><\/figure>\n\n\n\n<figure class=\"wp-block-image is-style-default\"><a ref=\"magnificPopup\" href=\":8001\/sites\/default\/files\/23140149_1677841318913868_412614690_n.jpg\" target=\"_blank\" rel=\"noreferrer noopener\"><img decoding=\"async\" src=\":8001\/sites\/default\/files\/23140149_1677841318913868_412614690_n.jpg\" alt=\"\"\/><\/a><\/figure>\n\n\n\n<figure class=\"wp-block-image is-style-default\"><a ref=\"magnificPopup\" href=\":8001\/sites\/default\/files\/23163961_1677841482247185_113783477_n.jpg\" target=\"_blank\" rel=\"noreferrer noopener\"><img decoding=\"async\" src=\":8001\/sites\/default\/files\/23163961_1677841482247185_113783477_n.jpg\" alt=\"\"\/><\/a><\/figure>\n\n\n\n<figure class=\"wp-block-image is-style-default\"><a ref=\"magnificPopup\" href=\":8001\/sites\/default\/files\/IMG_4252.jpg\" target=\"_blank\" rel=\"noreferrer noopener\"><img decoding=\"async\" src=\":8001\/sites\/default\/files\/IMG_4252.jpg\" alt=\"\"\/><\/a><\/figure>\n\n\n\n<figure class=\"wp-block-image is-style-default\"><a ref=\"magnificPopup\" href=\":8001\/sites\/default\/files\/Macedonia.jpg\" target=\"_blank\" rel=\"noreferrer noopener\"><img decoding=\"async\" src=\":8001\/sites\/default\/files\/Macedonia.jpg\" alt=\"\"\/><\/a><\/figure>\n\n\n\n<hr class=\"wp-block-separator\"\/>\n\n\n\n<p>EMRI I STUDENTES :\u00a0<strong>FLORENTINA QORRI<br>\u200b<\/strong>PROJEKTI :\u00a0<strong>IN BETWEEN<\/strong><\/p>\n\n\n\n<p><img decoding=\"async\" alt=\"\" src=\":8001\/sites\/default\/files\/Untitled-3.png\"><br>\u200b\u200b<img decoding=\"async\" alt=\"\" src=\"http:\/\/172.16.0.2\/sites\/default\/files\/image_download\/adobe.gif\">\u200b&nbsp;<a href=\":8001\/sites\/default\/files\/Letra%20e%20Studentes%20in%20Between_%20Florentina%20Qorri.pdf\" target=\"_blank\" rel=\"noreferrer noopener\">Lexo letren e plote (pdf) (kliko)<\/a><\/p>\n\n\n\n<p>\u200b<strong><u>FOTO NGA EKSPERIENCA NE PROJEKT<\/u><\/strong><\/p>\n\n\n\n<figure class=\"wp-block-image is-style-default\"><a ref=\"magnificPopup\" href=\":8001\/sites\/default\/files\/21754807_1183614941772572_770045122_o.jpg\" target=\"_blank\" rel=\"noreferrer noopener\"><img decoding=\"async\" src=\":8001\/sites\/default\/files\/21754807_1183614941772572_770045122_o.jpg\" alt=\"\"\/><\/a><\/figure>\n\n\n\n<figure class=\"wp-block-image is-style-default\"><a ref=\"magnificPopup\" href=\":8001\/sites\/default\/files\/21754941_1183618601772206_799956313_o.jpg\" target=\"_blank\" rel=\"noreferrer noopener\"><img decoding=\"async\" src=\":8001\/sites\/default\/files\/21754941_1183618601772206_799956313_o.jpg\" alt=\"\"\/><\/a><\/figure>\n\n\n\n<figure class=\"wp-block-image is-style-default\"><a ref=\"magnificPopup\" href=\":8001\/sites\/default\/files\/21728060_1455440604537314_2108111914853404497_n.jpg\" target=\"_blank\" rel=\"noreferrer noopener\"><img decoding=\"async\" src=\":8001\/sites\/default\/files\/21728060_1455440604537314_2108111914853404497_n.jpg\" alt=\"\"\/><\/a><\/figure>\n\n\n\n<figure class=\"wp-block-image is-style-default\"><a ref=\"magnificPopup\" href=\":8001\/sites\/default\/files\/21751649_1455439151204126_6922352469494719478_n.jpg\" target=\"_blank\" rel=\"noreferrer noopener\"><img decoding=\"async\" src=\":8001\/sites\/default\/files\/21751649_1455439151204126_6922352469494719478_n.jpg\" alt=\"\"\/><\/a><\/figure>\n\n\n\n<figure class=\"wp-block-image is-style-default\"><a ref=\"magnificPopup\" href=\":8001\/sites\/default\/files\/20170912_185215.jpg\" target=\"_blank\" rel=\"noreferrer noopener\"><img decoding=\"async\" src=\":8001\/sites\/default\/files\/20170912_185215.jpg\" alt=\"\"\/><\/a><\/figure>\n\n\n\n<figure class=\"wp-block-image is-style-default\"><a ref=\"magnificPopup\" href=\":8001\/sites\/default\/files\/21764891_1455440267870681_2353953061682695078_n.jpg\" target=\"_blank\" rel=\"noreferrer noopener\"><img decoding=\"async\" src=\":8001\/sites\/default\/files\/21764891_1455440267870681_2353953061682695078_n.jpg\" alt=\"\"\/><\/a><\/figure>","protected":false},"excerpt":{"rendered":"<p>Emri : ALMA Mbiemri : KARASALIU Fakulteti \/ Dega \/ Periudha e studimeve : Fakulteti i M\u00ebsuesis\u00eb\/Gjuh\u00eb Angleze\/2000-2004 Ku \u00ebsht\u00eb pun\u00ebsuar: 2011 &#8211; n\u00eb vijim Universiteti Fan S. Noli, Kor\u00e7\u00eb 2010-2011 Shkolla e Mesme \u201cMuharrem \u00c7ollaku\u201d, Pogradec 2004-2010 Shkolla \u201c9-vje\u00e7are Koli Gusho\u201d, &nbsp;Pogradec Pozicioni:Aktualisht jam pedagoge e l\u00ebnd\u00ebs Gjuh\u00ebs &nbsp;Angleze p\u00ebr Q\u00ebllime Specifike n\u00eb Master&#8230;<\/p>","protected":false},"author":122,"featured_media":0,"parent":0,"menu_order":0,"comment_status":"closed","ping_status":"closed","template":"","meta":{"_acf_changed":false,"footnotes":""},"class_list":["post-9445","page","type-page","status-publish","hentry"],"acf":[],"yoast_head":"<!-- This site is optimized with the Yoast SEO plugin v26.9 - https:\/\/yoast.com\/product\/yoast-seo-wordpress\/ -->\n<title>QKA - Histori Suksesi - Universiteti &quot;Fan S. Noli&quot;, Kor\u00e7\u00eb<\/title>\n<meta name=\"robots\" content=\"index, follow, max-snippet:-1, max-image-preview:large, max-video-preview:-1\" \/>\n<link rel=\"canonical\" href=\"https:\/\/unkorce.edu.al\/en\/qka-histori-suksesi\/\" \/>\n<meta property=\"og:locale\" content=\"en_US\" \/>\n<meta property=\"og:type\" content=\"article\" \/>\n<meta property=\"og:title\" content=\"QKA - Histori Suksesi - Universiteti &quot;Fan S. Noli&quot;, Kor\u00e7\u00eb\" \/>\n<meta property=\"og:description\" content=\"Emri : ALMA Mbiemri : KARASALIU Fakulteti \/ Dega \/ Periudha e studimeve : Fakulteti i M\u00ebsuesis\u00eb\/Gjuh\u00eb Angleze\/2000-2004 Ku \u00ebsht\u00eb pun\u00ebsuar: 2011 &#8211; n\u00eb vijim Universiteti Fan S. Noli, Kor\u00e7\u00eb 2010-2011 Shkolla e Mesme \u201cMuharrem \u00c7ollaku\u201d, Pogradec 2004-2010 Shkolla \u201c9-vje\u00e7are Koli Gusho\u201d, &nbsp;Pogradec Pozicioni:Aktualisht jam pedagoge e l\u00ebnd\u00ebs Gjuh\u00ebs &nbsp;Angleze p\u00ebr Q\u00ebllime Specifike n\u00eb Master...\" \/>\n<meta property=\"og:url\" content=\"https:\/\/unkorce.edu.al\/en\/qka-histori-suksesi\/\" \/>\n<meta property=\"og:site_name\" content=\"Universiteti &quot;Fan S. Noli&quot;, Kor\u00e7\u00eb\" \/>\n<meta property=\"article:publisher\" content=\"https:\/\/www.facebook.com\/unkorce\" \/>\n<meta property=\"og:image\" content=\"http:\/\/172.16.0.2\/sites\/default\/files\/image_download\/adobe.gif\" \/>\n<meta name=\"twitter:card\" content=\"summary_large_image\" \/>\n<meta name=\"twitter:label1\" content=\"Est. reading time\" \/>\n\t<meta name=\"twitter:data1\" content=\"2 minutes\" \/>\n<script type=\"application\/ld+json\" class=\"yoast-schema-graph\">{\"@context\":\"https:\/\/schema.org\",\"@graph\":[{\"@type\":\"WebPage\",\"@id\":\"https:\/\/unkorce.edu.al\/qka-histori-suksesi\/\",\"url\":\"https:\/\/unkorce.edu.al\/qka-histori-suksesi\/\",\"name\":\"QKA - Histori Suksesi - Universiteti \\\"Fan S. Noli\\\", Kor\u00e7\u00eb\",\"isPartOf\":{\"@id\":\"https:\/\/unkorce.edu.al\/#website\"},\"primaryImageOfPage\":{\"@id\":\"https:\/\/unkorce.edu.al\/qka-histori-suksesi\/#primaryimage\"},\"image\":{\"@id\":\"https:\/\/unkorce.edu.al\/qka-histori-suksesi\/#primaryimage\"},\"thumbnailUrl\":\"http:\/\/172.16.0.2\/sites\/default\/files\/image_download\/adobe.gif\",\"datePublished\":\"2022-05-09T06:37:58+00:00\",\"breadcrumb\":{\"@id\":\"https:\/\/unkorce.edu.al\/qka-histori-suksesi\/#breadcrumb\"},\"inLanguage\":\"en-US\",\"potentialAction\":[{\"@type\":\"ReadAction\",\"target\":[\"https:\/\/unkorce.edu.al\/qka-histori-suksesi\/\"]}]},{\"@type\":\"ImageObject\",\"inLanguage\":\"en-US\",\"@id\":\"https:\/\/unkorce.edu.al\/qka-histori-suksesi\/#primaryimage\",\"url\":\"http:\/\/172.16.0.2\/sites\/default\/files\/image_download\/adobe.gif\",\"contentUrl\":\"http:\/\/172.16.0.2\/sites\/default\/files\/image_download\/adobe.gif\"},{\"@type\":\"BreadcrumbList\",\"@id\":\"https:\/\/unkorce.edu.al\/qka-histori-suksesi\/#breadcrumb\",\"itemListElement\":[{\"@type\":\"ListItem\",\"position\":1,\"name\":\"Home\",\"item\":\"https:\/\/unkorce.edu.al\/\"},{\"@type\":\"ListItem\",\"position\":2,\"name\":\"QKA &#8211; Histori Suksesi\"}]},{\"@type\":\"WebSite\",\"@id\":\"https:\/\/unkorce.edu.al\/#website\",\"url\":\"https:\/\/unkorce.edu.al\/\",\"name\":\"Universiteti \\\"Fan S. Noli\\\", Kor\u00e7\u00eb\",\"description\":\"Mir&euml;sevini n&euml; faqen zyrtare!\",\"publisher\":{\"@id\":\"https:\/\/unkorce.edu.al\/#organization\"},\"potentialAction\":[{\"@type\":\"SearchAction\",\"target\":{\"@type\":\"EntryPoint\",\"urlTemplate\":\"https:\/\/unkorce.edu.al\/?s={search_term_string}\"},\"query-input\":{\"@type\":\"PropertyValueSpecification\",\"valueRequired\":true,\"valueName\":\"search_term_string\"}}],\"inLanguage\":\"en-US\"},{\"@type\":\"Organization\",\"@id\":\"https:\/\/unkorce.edu.al\/#organization\",\"name\":\"Universiteti \\\"Fan S. Noli\\\", Kor\u00e7\u00eb\",\"url\":\"https:\/\/unkorce.edu.al\/\",\"logo\":{\"@type\":\"ImageObject\",\"inLanguage\":\"en-US\",\"@id\":\"https:\/\/unkorce.edu.al\/#\/schema\/logo\/image\/\",\"url\":\"https:\/\/unkorce.edu.al\/wp-content\/uploads\/2024\/08\/Logo_e_Universitetit__Fan_Noli_-e1726660879862.png\",\"contentUrl\":\"https:\/\/unkorce.edu.al\/wp-content\/uploads\/2024\/08\/Logo_e_Universitetit__Fan_Noli_-e1726660879862.png\",\"width\":200,\"height\":120,\"caption\":\"Universiteti \\\"Fan S. Noli\\\", Kor\u00e7\u00eb\"},\"image\":{\"@id\":\"https:\/\/unkorce.edu.al\/#\/schema\/logo\/image\/\"},\"sameAs\":[\"https:\/\/www.facebook.com\/unkorce\"]}]}<\/script>\n<!-- \/ Yoast SEO plugin. -->","yoast_head_json":{"title":"QKA - Histori Suksesi - Universiteti \"Fan S. Noli\", Kor\u00e7\u00eb","robots":{"index":"index","follow":"follow","max-snippet":"max-snippet:-1","max-image-preview":"max-image-preview:large","max-video-preview":"max-video-preview:-1"},"canonical":"https:\/\/unkorce.edu.al\/en\/qka-histori-suksesi\/","og_locale":"en_US","og_type":"article","og_title":"QKA - Histori Suksesi - Universiteti \"Fan S. Noli\", Kor\u00e7\u00eb","og_description":"Emri : ALMA Mbiemri : KARASALIU Fakulteti \/ Dega \/ Periudha e studimeve : Fakulteti i M\u00ebsuesis\u00eb\/Gjuh\u00eb Angleze\/2000-2004 Ku \u00ebsht\u00eb pun\u00ebsuar: 2011 &#8211; n\u00eb vijim Universiteti Fan S. Noli, Kor\u00e7\u00eb 2010-2011 Shkolla e Mesme \u201cMuharrem \u00c7ollaku\u201d, Pogradec 2004-2010 Shkolla \u201c9-vje\u00e7are Koli Gusho\u201d, &nbsp;Pogradec Pozicioni:Aktualisht jam pedagoge e l\u00ebnd\u00ebs Gjuh\u00ebs &nbsp;Angleze p\u00ebr Q\u00ebllime Specifike n\u00eb Master...","og_url":"https:\/\/unkorce.edu.al\/en\/qka-histori-suksesi\/","og_site_name":"Universiteti \"Fan S. Noli\", Kor\u00e7\u00eb","article_publisher":"https:\/\/www.facebook.com\/unkorce","og_image":[{"url":"http:\/\/172.16.0.2\/sites\/default\/files\/image_download\/adobe.gif","type":"","width":"","height":""}],"twitter_card":"summary_large_image","twitter_misc":{"Est. reading time":"2 minutes"},"schema":{"@context":"https:\/\/schema.org","@graph":[{"@type":"WebPage","@id":"https:\/\/unkorce.edu.al\/qka-histori-suksesi\/","url":"https:\/\/unkorce.edu.al\/qka-histori-suksesi\/","name":"QKA - Histori Suksesi - Universiteti \"Fan S. Noli\", Kor\u00e7\u00eb","isPartOf":{"@id":"https:\/\/unkorce.edu.al\/#website"},"primaryImageOfPage":{"@id":"https:\/\/unkorce.edu.al\/qka-histori-suksesi\/#primaryimage"},"image":{"@id":"https:\/\/unkorce.edu.al\/qka-histori-suksesi\/#primaryimage"},"thumbnailUrl":"http:\/\/172.16.0.2\/sites\/default\/files\/image_download\/adobe.gif","datePublished":"2022-05-09T06:37:58+00:00","breadcrumb":{"@id":"https:\/\/unkorce.edu.al\/qka-histori-suksesi\/#breadcrumb"},"inLanguage":"en-US","potentialAction":[{"@type":"ReadAction","target":["https:\/\/unkorce.edu.al\/qka-histori-suksesi\/"]}]},{"@type":"ImageObject","inLanguage":"en-US","@id":"https:\/\/unkorce.edu.al\/qka-histori-suksesi\/#primaryimage","url":"http:\/\/172.16.0.2\/sites\/default\/files\/image_download\/adobe.gif","contentUrl":"http:\/\/172.16.0.2\/sites\/default\/files\/image_download\/adobe.gif"},{"@type":"BreadcrumbList","@id":"https:\/\/unkorce.edu.al\/qka-histori-suksesi\/#breadcrumb","itemListElement":[{"@type":"ListItem","position":1,"name":"Home","item":"https:\/\/unkorce.edu.al\/"},{"@type":"ListItem","position":2,"name":"QKA &#8211; Histori Suksesi"}]},{"@type":"WebSite","@id":"https:\/\/unkorce.edu.al\/#website","url":"https:\/\/unkorce.edu.al\/","name":"Universiteti \"Fan S. Noli\", Kor\u00e7\u00eb","description":"Mir&euml;sevini n&euml; faqen zyrtare!","publisher":{"@id":"https:\/\/unkorce.edu.al\/#organization"},"potentialAction":[{"@type":"SearchAction","target":{"@type":"EntryPoint","urlTemplate":"https:\/\/unkorce.edu.al\/?s={search_term_string}"},"query-input":{"@type":"PropertyValueSpecification","valueRequired":true,"valueName":"search_term_string"}}],"inLanguage":"en-US"},{"@type":"Organization","@id":"https:\/\/unkorce.edu.al\/#organization","name":"Universiteti \"Fan S. Noli\", Kor\u00e7\u00eb","url":"https:\/\/unkorce.edu.al\/","logo":{"@type":"ImageObject","inLanguage":"en-US","@id":"https:\/\/unkorce.edu.al\/#\/schema\/logo\/image\/","url":"https:\/\/unkorce.edu.al\/wp-content\/uploads\/2024\/08\/Logo_e_Universitetit__Fan_Noli_-e1726660879862.png","contentUrl":"https:\/\/unkorce.edu.al\/wp-content\/uploads\/2024\/08\/Logo_e_Universitetit__Fan_Noli_-e1726660879862.png","width":200,"height":120,"caption":"Universiteti \"Fan S. Noli\", Kor\u00e7\u00eb"},"image":{"@id":"https:\/\/unkorce.edu.al\/#\/schema\/logo\/image\/"},"sameAs":["https:\/\/www.facebook.com\/unkorce"]}]}},"_links":{"self":[{"href":"https:\/\/unkorce.edu.al\/en\/wp-json\/wp\/v2\/pages\/9445","targetHints":{"allow":["GET"]}}],"collection":[{"href":"https:\/\/unkorce.edu.al\/en\/wp-json\/wp\/v2\/pages"}],"about":[{"href":"https:\/\/unkorce.edu.al\/en\/wp-json\/wp\/v2\/types\/page"}],"author":[{"embeddable":true,"href":"https:\/\/unkorce.edu.al\/en\/wp-json\/wp\/v2\/users\/122"}],"replies":[{"embeddable":true,"href":"https:\/\/unkorce.edu.al\/en\/wp-json\/wp\/v2\/comments?post=9445"}],"version-history":[{"count":0,"href":"https:\/\/unkorce.edu.al\/en\/wp-json\/wp\/v2\/pages\/9445\/revisions"}],"wp:attachment":[{"href":"https:\/\/unkorce.edu.al\/en\/wp-json\/wp\/v2\/media?parent=9445"}],"curies":[{"name":"wp","href":"https:\/\/api.w.org\/{rel}","templated":true}]}}