{"id":9444,"date":"2022-05-09T06:38:16","date_gmt":"2022-05-09T06:38:16","guid":{"rendered":"\/?page_id=9444"},"modified":"2022-05-09T06:38:16","modified_gmt":"2022-05-09T06:38:16","slug":"qka-rrjeti-alumni","status":"publish","type":"page","link":"https:\/\/unkorce.edu.al\/en\/qka-rrjeti-alumni\/","title":{"rendered":"QKA &#8211; Rrjeti Alumni"},"content":{"rendered":"<p>Rrjeti \u201cAlumni\u201d n\u00eb Universitetin \u201cFan S. Noli\u201d \u00ebsht\u00eb krijuar me q\u00ebllim rivendosjen dhe zhvillimin e marr\u00ebdh\u00ebnieve me student\u00ebt q\u00eb kan\u00eb p\u00ebrfunduar studimet pran\u00eb Universitetit t\u00eb Kor\u00e7\u00ebs. Student\u00ebt e Universitetit \u201cFan S. Noli\u201d, t\u00eb cil\u00ebt kan\u00eb p\u00ebrfunduar studimet n\u00eb institucionin ton\u00eb arsimor, jan\u00eb t\u00eb k\u00ebrkuar nga tregu i pun\u00ebs p\u00ebr shkak t\u00eb cil\u00ebsis\u00eb s\u00eb m\u00ebsimdh\u00ebnies, si nga ana praktike dhe nga ana teorike. Student\u00ebt \u201cAlumni\u201d t\u00eb Universitetit \u201cFan S. Noli\u201d sot jan\u00eb pun\u00ebsuar n\u00eb nd\u00ebrmarrje private brenda dhe jasht\u00eb vendit. Nj\u00eb pjes\u00eb e konsiderueshme e student\u00ebve jan\u00eb pun\u00ebsuar edhe n\u00eb sektorin publik duke d\u00ebshmuar aft\u00ebsi, cil\u00ebsi dhe formim profesional. Student\u00ebt, t\u00eb cil\u00ebt kan\u00eb rezultuar me arritje t\u00eb shk\u00eblqyera, sot punojn\u00eb si pedagog\u00eb, asistent\u00eb lektor\u00eb dhe si personel ndihm\u00ebsakdemik pran\u00eb Universitetit \u201cFan S. Noli\u201d. Kjo shp\u00ebrndarje e madhe e student\u00ebve tan\u00eb tregon p\u00ebr seriozitetin, pun\u00ebn e palodhur dhe rezultatet e arritura nd\u00ebr breza n\u00eb Universitetin \u201cFan S. Noli\u201d.<\/p>\n\n\n\n<p>Q\u00ebllimi i rrjetit \u201cAlumni\u201d \u00ebsht\u00eb zhvillimi dhe funksionimi i tij duke sh\u00ebrbyer si nj\u00eb ur\u00eb lidh\u00ebse mes student\u00ebve t\u00eb diplomuar dhe student\u00ebve aktual\u00eb. Funksioni i rrjetit \u201cAlumni\u201d \u00ebsht\u00eb t\u00eb zhvilloj\u00eb marr\u00ebdh\u00ebniet midis brezave duke shk\u00ebmbyer p\u00ebrvojat m\u00eb t\u00eb mira n\u00eb fush\u00ebn e arsimimit dhe pun\u00ebsimit. Historit\u00eb e suksesit t\u00eb t\u00eb diplomuarve n\u00eb Universitetin \u201cFan S. Noli\u201d, si dhe p\u00ebrvojat e tyre, jan\u00eb d\u00ebshmi t\u00eb suksesit p\u00ebr brezat e rinj, me q\u00ebllim orientimin e tyre n\u00eb jet\u00ebn profesionale.<\/p>","protected":false},"excerpt":{"rendered":"<p>Rrjeti \u201cAlumni\u201d n\u00eb Universitetin \u201cFan S. Noli\u201d \u00ebsht\u00eb krijuar me q\u00ebllim rivendosjen dhe zhvillimin e marr\u00ebdh\u00ebnieve me student\u00ebt q\u00eb kan\u00eb p\u00ebrfunduar studimet pran\u00eb Universitetit t\u00eb Kor\u00e7\u00ebs. Student\u00ebt e Universitetit \u201cFan S. Noli\u201d, t\u00eb cil\u00ebt kan\u00eb p\u00ebrfunduar studimet n\u00eb institucionin ton\u00eb arsimor, jan\u00eb t\u00eb k\u00ebrkuar nga tregu i pun\u00ebs p\u00ebr shkak t\u00eb cil\u00ebsis\u00eb s\u00eb m\u00ebsimdh\u00ebnies, si&#8230;<\/p>","protected":false},"author":122,"featured_media":0,"parent":0,"menu_order":0,"comment_status":"closed","ping_status":"closed","template":"","meta":{"_acf_changed":false,"footnotes":""},"class_list":["post-9444","page","type-page","status-publish","hentry"],"acf":[],"yoast_head":"<!-- This site is optimized with the Yoast SEO plugin v26.9 - https:\/\/yoast.com\/product\/yoast-seo-wordpress\/ -->\n<title>QKA - Rrjeti Alumni - Universiteti &quot;Fan S. Noli&quot;, Kor\u00e7\u00eb<\/title>\n<meta name=\"robots\" content=\"index, follow, max-snippet:-1, max-image-preview:large, max-video-preview:-1\" \/>\n<link rel=\"canonical\" href=\"https:\/\/unkorce.edu.al\/en\/qka-rrjeti-alumni\/\" \/>\n<meta property=\"og:locale\" content=\"en_US\" \/>\n<meta property=\"og:type\" content=\"article\" \/>\n<meta property=\"og:title\" content=\"QKA - Rrjeti Alumni - Universiteti &quot;Fan S. Noli&quot;, Kor\u00e7\u00eb\" \/>\n<meta property=\"og:description\" content=\"Rrjeti \u201cAlumni\u201d n\u00eb Universitetin \u201cFan S. Noli\u201d \u00ebsht\u00eb krijuar me q\u00ebllim rivendosjen dhe zhvillimin e marr\u00ebdh\u00ebnieve me student\u00ebt q\u00eb kan\u00eb p\u00ebrfunduar studimet pran\u00eb Universitetit t\u00eb Kor\u00e7\u00ebs. Student\u00ebt e Universitetit \u201cFan S. Noli\u201d, t\u00eb cil\u00ebt kan\u00eb p\u00ebrfunduar studimet n\u00eb institucionin ton\u00eb arsimor, jan\u00eb t\u00eb k\u00ebrkuar nga tregu i pun\u00ebs p\u00ebr shkak t\u00eb cil\u00ebsis\u00eb s\u00eb m\u00ebsimdh\u00ebnies, si...\" \/>\n<meta property=\"og:url\" content=\"https:\/\/unkorce.edu.al\/en\/qka-rrjeti-alumni\/\" \/>\n<meta property=\"og:site_name\" content=\"Universiteti &quot;Fan S. Noli&quot;, Kor\u00e7\u00eb\" \/>\n<meta property=\"article:publisher\" content=\"https:\/\/www.facebook.com\/unkorce\" \/>\n<meta name=\"twitter:card\" content=\"summary_large_image\" \/>\n<meta name=\"twitter:label1\" content=\"Est. reading time\" \/>\n\t<meta name=\"twitter:data1\" content=\"1 minute\" \/>\n<script type=\"application\/ld+json\" class=\"yoast-schema-graph\">{\"@context\":\"https:\/\/schema.org\",\"@graph\":[{\"@type\":\"WebPage\",\"@id\":\"https:\/\/unkorce.edu.al\/qka-rrjeti-alumni\/\",\"url\":\"https:\/\/unkorce.edu.al\/qka-rrjeti-alumni\/\",\"name\":\"QKA - Rrjeti Alumni - Universiteti \\\"Fan S. Noli\\\", Kor\u00e7\u00eb\",\"isPartOf\":{\"@id\":\"https:\/\/unkorce.edu.al\/#website\"},\"datePublished\":\"2022-05-09T06:38:16+00:00\",\"breadcrumb\":{\"@id\":\"https:\/\/unkorce.edu.al\/qka-rrjeti-alumni\/#breadcrumb\"},\"inLanguage\":\"en-US\",\"potentialAction\":[{\"@type\":\"ReadAction\",\"target\":[\"https:\/\/unkorce.edu.al\/qka-rrjeti-alumni\/\"]}]},{\"@type\":\"BreadcrumbList\",\"@id\":\"https:\/\/unkorce.edu.al\/qka-rrjeti-alumni\/#breadcrumb\",\"itemListElement\":[{\"@type\":\"ListItem\",\"position\":1,\"name\":\"Home\",\"item\":\"https:\/\/unkorce.edu.al\/\"},{\"@type\":\"ListItem\",\"position\":2,\"name\":\"QKA &#8211; Rrjeti Alumni\"}]},{\"@type\":\"WebSite\",\"@id\":\"https:\/\/unkorce.edu.al\/#website\",\"url\":\"https:\/\/unkorce.edu.al\/\",\"name\":\"Universiteti \\\"Fan S. Noli\\\", Kor\u00e7\u00eb\",\"description\":\"Mir&euml;sevini n&euml; faqen zyrtare!\",\"publisher\":{\"@id\":\"https:\/\/unkorce.edu.al\/#organization\"},\"potentialAction\":[{\"@type\":\"SearchAction\",\"target\":{\"@type\":\"EntryPoint\",\"urlTemplate\":\"https:\/\/unkorce.edu.al\/?s={search_term_string}\"},\"query-input\":{\"@type\":\"PropertyValueSpecification\",\"valueRequired\":true,\"valueName\":\"search_term_string\"}}],\"inLanguage\":\"en-US\"},{\"@type\":\"Organization\",\"@id\":\"https:\/\/unkorce.edu.al\/#organization\",\"name\":\"Universiteti \\\"Fan S. Noli\\\", Kor\u00e7\u00eb\",\"url\":\"https:\/\/unkorce.edu.al\/\",\"logo\":{\"@type\":\"ImageObject\",\"inLanguage\":\"en-US\",\"@id\":\"https:\/\/unkorce.edu.al\/#\/schema\/logo\/image\/\",\"url\":\"https:\/\/unkorce.edu.al\/wp-content\/uploads\/2024\/08\/Logo_e_Universitetit__Fan_Noli_-e1726660879862.png\",\"contentUrl\":\"https:\/\/unkorce.edu.al\/wp-content\/uploads\/2024\/08\/Logo_e_Universitetit__Fan_Noli_-e1726660879862.png\",\"width\":200,\"height\":120,\"caption\":\"Universiteti \\\"Fan S. Noli\\\", Kor\u00e7\u00eb\"},\"image\":{\"@id\":\"https:\/\/unkorce.edu.al\/#\/schema\/logo\/image\/\"},\"sameAs\":[\"https:\/\/www.facebook.com\/unkorce\"]}]}<\/script>\n<!-- \/ Yoast SEO plugin. -->","yoast_head_json":{"title":"QKA - Rrjeti Alumni - Universiteti \"Fan S. Noli\", Kor\u00e7\u00eb","robots":{"index":"index","follow":"follow","max-snippet":"max-snippet:-1","max-image-preview":"max-image-preview:large","max-video-preview":"max-video-preview:-1"},"canonical":"https:\/\/unkorce.edu.al\/en\/qka-rrjeti-alumni\/","og_locale":"en_US","og_type":"article","og_title":"QKA - Rrjeti Alumni - Universiteti \"Fan S. Noli\", Kor\u00e7\u00eb","og_description":"Rrjeti \u201cAlumni\u201d n\u00eb Universitetin \u201cFan S. Noli\u201d \u00ebsht\u00eb krijuar me q\u00ebllim rivendosjen dhe zhvillimin e marr\u00ebdh\u00ebnieve me student\u00ebt q\u00eb kan\u00eb p\u00ebrfunduar studimet pran\u00eb Universitetit t\u00eb Kor\u00e7\u00ebs. Student\u00ebt e Universitetit \u201cFan S. Noli\u201d, t\u00eb cil\u00ebt kan\u00eb p\u00ebrfunduar studimet n\u00eb institucionin ton\u00eb arsimor, jan\u00eb t\u00eb k\u00ebrkuar nga tregu i pun\u00ebs p\u00ebr shkak t\u00eb cil\u00ebsis\u00eb s\u00eb m\u00ebsimdh\u00ebnies, si...","og_url":"https:\/\/unkorce.edu.al\/en\/qka-rrjeti-alumni\/","og_site_name":"Universiteti \"Fan S. Noli\", Kor\u00e7\u00eb","article_publisher":"https:\/\/www.facebook.com\/unkorce","twitter_card":"summary_large_image","twitter_misc":{"Est. reading time":"1 minute"},"schema":{"@context":"https:\/\/schema.org","@graph":[{"@type":"WebPage","@id":"https:\/\/unkorce.edu.al\/qka-rrjeti-alumni\/","url":"https:\/\/unkorce.edu.al\/qka-rrjeti-alumni\/","name":"QKA - Rrjeti Alumni - Universiteti \"Fan S. Noli\", Kor\u00e7\u00eb","isPartOf":{"@id":"https:\/\/unkorce.edu.al\/#website"},"datePublished":"2022-05-09T06:38:16+00:00","breadcrumb":{"@id":"https:\/\/unkorce.edu.al\/qka-rrjeti-alumni\/#breadcrumb"},"inLanguage":"en-US","potentialAction":[{"@type":"ReadAction","target":["https:\/\/unkorce.edu.al\/qka-rrjeti-alumni\/"]}]},{"@type":"BreadcrumbList","@id":"https:\/\/unkorce.edu.al\/qka-rrjeti-alumni\/#breadcrumb","itemListElement":[{"@type":"ListItem","position":1,"name":"Home","item":"https:\/\/unkorce.edu.al\/"},{"@type":"ListItem","position":2,"name":"QKA &#8211; Rrjeti Alumni"}]},{"@type":"WebSite","@id":"https:\/\/unkorce.edu.al\/#website","url":"https:\/\/unkorce.edu.al\/","name":"Universiteti \"Fan S. Noli\", Kor\u00e7\u00eb","description":"Mir&euml;sevini n&euml; faqen zyrtare!","publisher":{"@id":"https:\/\/unkorce.edu.al\/#organization"},"potentialAction":[{"@type":"SearchAction","target":{"@type":"EntryPoint","urlTemplate":"https:\/\/unkorce.edu.al\/?s={search_term_string}"},"query-input":{"@type":"PropertyValueSpecification","valueRequired":true,"valueName":"search_term_string"}}],"inLanguage":"en-US"},{"@type":"Organization","@id":"https:\/\/unkorce.edu.al\/#organization","name":"Universiteti \"Fan S. Noli\", Kor\u00e7\u00eb","url":"https:\/\/unkorce.edu.al\/","logo":{"@type":"ImageObject","inLanguage":"en-US","@id":"https:\/\/unkorce.edu.al\/#\/schema\/logo\/image\/","url":"https:\/\/unkorce.edu.al\/wp-content\/uploads\/2024\/08\/Logo_e_Universitetit__Fan_Noli_-e1726660879862.png","contentUrl":"https:\/\/unkorce.edu.al\/wp-content\/uploads\/2024\/08\/Logo_e_Universitetit__Fan_Noli_-e1726660879862.png","width":200,"height":120,"caption":"Universiteti \"Fan S. Noli\", Kor\u00e7\u00eb"},"image":{"@id":"https:\/\/unkorce.edu.al\/#\/schema\/logo\/image\/"},"sameAs":["https:\/\/www.facebook.com\/unkorce"]}]}},"_links":{"self":[{"href":"https:\/\/unkorce.edu.al\/en\/wp-json\/wp\/v2\/pages\/9444","targetHints":{"allow":["GET"]}}],"collection":[{"href":"https:\/\/unkorce.edu.al\/en\/wp-json\/wp\/v2\/pages"}],"about":[{"href":"https:\/\/unkorce.edu.al\/en\/wp-json\/wp\/v2\/types\/page"}],"author":[{"embeddable":true,"href":"https:\/\/unkorce.edu.al\/en\/wp-json\/wp\/v2\/users\/122"}],"replies":[{"embeddable":true,"href":"https:\/\/unkorce.edu.al\/en\/wp-json\/wp\/v2\/comments?post=9444"}],"version-history":[{"count":0,"href":"https:\/\/unkorce.edu.al\/en\/wp-json\/wp\/v2\/pages\/9444\/revisions"}],"wp:attachment":[{"href":"https:\/\/unkorce.edu.al\/en\/wp-json\/wp\/v2\/media?parent=9444"}],"curies":[{"name":"wp","href":"https:\/\/api.w.org\/{rel}","templated":true}]}}