{"id":9442,"date":"2022-05-09T06:34:20","date_gmt":"2022-05-09T06:34:20","guid":{"rendered":"\/?page_id=9442"},"modified":"2022-05-09T06:34:20","modified_gmt":"2022-05-09T06:34:20","slug":"qka-trajnime","status":"publish","type":"page","link":"https:\/\/unkorce.edu.al\/en\/qka-trajnime\/","title":{"rendered":"QKA &#8211; TRAJNIME"},"content":{"rendered":"<h3 class=\"wp-block-heading\"><\/h3>\n\n\n\n<p><strong>UNIVERSITETI \u201cFAN S. NOLI\u201d- TAKIME ME MATURANT\u00cbT P\u00cbR K\u00cbSHILLIMIN E KARRIER\u00cbS<\/strong><\/p>\n\n\n\n<p>N\u00eb dat\u00ebn 19 shkurt 2018, Qendra e Karrier\u00ebs dhe Alumni, si dhe pedagog\u00eb t\u00eb Universitetit \u201cFan S. Noli\u201d, filluan k\u00ebshillimin e karrier\u00ebs p\u00ebr maturant\u00ebt. Ata organizuan takime n\u00eb disa prej shkollave t\u00eb mesme t\u00eb Qarkut t\u00eb Kor\u00e7\u00ebs, n\u00eb bashk\u00ebpunim edhe me Drejtorin\u00eb Rajonale t\u00eb Arsimit. K\u00ebto takime kan\u00eb p\u00ebr q\u00ebllim promovimin e programeve t\u00eb studimit q\u00eb ofron Universiteti i Kor\u00e7\u00ebs, si dhe kriteret e pranimit n\u00eb to. Maturant\u00ebt gjat\u00eb k\u00ebtyre takimeve kan\u00eb qen\u00eb t\u00eb v\u00ebmendsh\u00ebm dhe t\u00eb interesuar t\u00eb d\u00ebgjojn\u00eb, si dhe&nbsp; kan\u00eb b\u00ebr\u00eb pyetje t\u00eb ndryshme p\u00ebr programet, sistemin e bursave, klubet studentore, mund\u00ebsit\u00eb q\u00eb ofrohen pas p\u00ebrfundimit t\u00eb studimeve, etj.&nbsp;<\/p>\n\n\n\n<p>UNIKO, si nj\u00eb Universitet i konsoliduar dhe akredituar, me kurrikulat bashk\u00ebkohore, stafin akademik, kushtet dhe leht\u00ebsirat financiare, fton maturantet t\u00eb zgjedhin programe e studimit q\u00eb ai ofron.<\/p>\n\n\n\n<figure class=\"wp-block-image is-style-default\"><a ref=\"magnificPopup\" href=\":8001\/sites\/default\/files\/IMG_20170228_105847_HDR_0.jpg\" target=\"_blank\" rel=\"noreferrer noopener\"><img decoding=\"async\" src=\":8001\/sites\/default\/files\/IMG_20170228_105847_HDR_0.jpg\" alt=\"\"\/><\/a><\/figure>\n\n\n\n<figure class=\"wp-block-image is-style-default\"><a ref=\"magnificPopup\" href=\":8001\/sites\/default\/files\/10_2_0.jpg\" target=\"_blank\" rel=\"noreferrer noopener\"><img decoding=\"async\" src=\":8001\/sites\/default\/files\/10_2_0.jpg\" alt=\"\"\/><\/a><\/figure>\n\n\n\n<figure class=\"wp-block-image is-style-default\"><img decoding=\"async\" src=\":8001\/sites\/default\/files\/5_8_0.jpg\" alt=\"\"\/><\/figure>\n\n\n\n<figure class=\"wp-block-image is-style-default\"><a ref=\"magnificPopup\" href=\":8001\/sites\/default\/files\/20180222_100835_0.jpg\" target=\"_blank\" rel=\"noreferrer noopener\"><img decoding=\"async\" src=\":8001\/sites\/default\/files\/20180222_100835_0.jpg\" alt=\"\"\/><\/a><\/figure>\n\n\n\n<figure class=\"wp-block-image is-style-default\"><a ref=\"magnificPopup\" href=\":8001\/sites\/default\/files\/20180222_101410_0.jpg\" target=\"_blank\" rel=\"noreferrer noopener\"><img decoding=\"async\" src=\":8001\/sites\/default\/files\/20180222_101410_0.jpg\" alt=\"\"\/><\/a><\/figure>\n\n\n\n<hr class=\"wp-block-separator\"\/>\n\n\n\n<p><strong>INFORMIM I P\u00cbRGJITHSH\u00cbM ME STUDENT\u00cbT E VITEVE T\u00cb PARA\u201d, LEKSIONE T\u00cb HAPURA NGA QENDRA E KARRIER\u00cbS DHE ALUMNI<\/strong><\/p>\n\n\n\n<p>Qendra e Karrier\u00ebs dhe Alumni zhvilloi n\u00eb datat 16- 17 tetor 2017, leksione t\u00eb hapura informimi me student\u00ebt e viteve t\u00eb para t\u00eb Universitetit \u201cFan S. Noli\u201d me tem\u00eb: \u201cInformim i p\u00ebrgjithsh\u00ebm me student\u00ebt e viteve t\u00eb para\u201d. Leksioni kishte p\u00ebr q\u00ebllim prezantimin e student\u00ebve me Rregulloren dhe Statutin e Universitetit \u201cFan S. Noli\u201d, t\u00eb drejtat dhe detyrat e tij, si funksionojn\u00eb provimet, \u00e7far\u00eb jan\u00eb kreditet dhe procesi i Bolonj\u00ebs. Student\u00ebt u informuan n\u00eb lidhje me m\u00ebnyr\u00ebn e angazhimit n\u00eb K\u00ebshillat Studentor\u00eb dhe n\u00eb Qendr\u00ebn e Karrier\u00ebs dhe Alumnit, u njoh\u00ebn me zyrat n\u00eb sh\u00ebrbim t\u00eb tyre n\u00eb nivel Universiteti dhe n\u00eb secilin fakultetet. U njoh\u00ebn edhe me veprimtarit\u00eb kryesore gjat\u00eb vitit akademik ku student\u00ebt mund t\u00eb b\u00ebhen pjes\u00eb aktive. N\u00eb fund t\u00eb leksionit student\u00ebt b\u00ebn\u00eb pyetje rreth \u00e7\u00ebshtjeve m\u00eb me interes p\u00ebr ta.<\/p>\n\n\n\n<figure class=\"wp-block-image is-style-default\"><a ref=\"magnificPopup\" href=\":8001\/sites\/default\/files\/20171017_110748_HDR.jpg\" target=\"_blank\" rel=\"noreferrer noopener\"><img decoding=\"async\" src=\":8001\/sites\/default\/files\/20171017_110748_HDR.jpg\" alt=\"\"\/><\/a><\/figure>\n\n\n\n<figure class=\"wp-block-image is-style-default\"><a ref=\"magnificPopup\" href=\":8001\/sites\/default\/files\/20171017_111548_HDR.jpg\" target=\"_blank\" rel=\"noreferrer noopener\"><img decoding=\"async\" src=\":8001\/sites\/default\/files\/20171017_111548_HDR.jpg\" alt=\"\"\/><\/a><\/figure>\n\n\n\n<figure class=\"wp-block-image is-style-default\"><a ref=\"magnificPopup\" href=\":8001\/sites\/default\/files\/IMG_20171017_083818.jpg\" target=\"_blank\" rel=\"noreferrer noopener\"><img decoding=\"async\" src=\":8001\/sites\/default\/files\/IMG_20171017_083818.jpg\" alt=\"\"\/><\/a><\/figure>\n\n\n\n<figure class=\"wp-block-image is-style-default\"><a ref=\"magnificPopup\" href=\":8001\/sites\/default\/files\/IMG_20171016_094054.png\" target=\"_blank\" rel=\"noreferrer noopener\"><img decoding=\"async\" src=\":8001\/sites\/default\/files\/IMG_20171016_094054.png\" alt=\"\"\/><\/a><\/figure>\n\n\n\n<figure class=\"wp-block-image is-style-default\"><a ref=\"magnificPopup\" href=\":8001\/sites\/default\/files\/IMG_20171016_094027.png\" target=\"_blank\" rel=\"noreferrer noopener\"><img decoding=\"async\" src=\":8001\/sites\/default\/files\/IMG_20171016_094027.png\" alt=\"\"\/><\/a><\/figure>\n\n\n\n<hr class=\"wp-block-separator\"\/>\n\n\n\n<p><strong>TRAJNIM ORIENTUES ME STUDENT\u00cbT E UNIVERSITETIT \u201cFAN S. NOLI\u201d KANDIDAT\u00cb P\u00cbR BURSAT SUR-PLACE T\u00cb OFRUARA NGA WUS.<\/strong><\/p>\n\n\n\n<p>WUS n\u00eb bashk\u00ebpunim me Qendr\u00ebn e Karrier\u00ebs dhe Alumni t\u00eb Universitetit \u201cFan S. Noli\u201d organizuan m\u00eb&nbsp; 15 qershor 2017 nj\u00eb seminar orientues me 13 student\u00ebt e p\u00ebrzgjedhur n\u00eb prag diplomimi n\u00eb nivelin Bachelor dhe Master, kandidat\u00eb p\u00ebr bursat Sur-Place.<\/p>\n\n\n\n<p>Trajnimi u bazua mbi tre grupe njohurish p\u00ebr praktik\u00ebn e pun\u00ebs ku k\u00ebta student\u00eb jan\u00eb kandidat\u00eb. Njohuri teorike, \u00e7\u00ebshtje t\u00eb menaxhimit t\u00eb pratik\u00ebs dhe n\u00eb pjes\u00ebn e tret\u00eb njohuri dhe k\u00ebshilla p\u00ebr komunikimin dhe menaxhimin efektiv t\u00eb koh\u00ebs. Menaxhimi i praktik\u00ebs, natyra dhe procesi i menaxhimit, arti i kalimit t\u00eb informacionit, ideve dhe mendimeve tek personat e tret\u00eb, hartimi i nj\u00eb tabele javore t\u00eb koh\u00ebs etj, ishin fokusi i &nbsp;k\u00ebtij trainimi praktik dhe t\u00eb bazuar n\u00eb pun\u00ebn n\u00eb grup.<\/p>\n\n\n\n<p>Student\u00ebt q\u00eb plot\u00ebsojn\u00eb kriteret p\u00ebrfitojn\u00eb burs\u00eb 6 mujore p\u00ebr t\u00eb kryer nj\u00eb praktik\u00eb profesionale t\u00eb paguar n\u00eb nj\u00eb nga institucionet shtet\u00ebrore ose private n\u00eb qytetin e Kor\u00e7\u00ebs.<\/p>\n\n\n\n<figure class=\"wp-block-image is-style-default\"><a ref=\"magnificPopup\" href=\":8001\/sites\/default\/files\/15_1.jpg\" target=\"_blank\" rel=\"noreferrer noopener\"><img decoding=\"async\" src=\":8001\/sites\/default\/files\/15_1.jpg\" alt=\"\"\/><\/a><\/figure>\n\n\n\n<figure class=\"wp-block-image is-style-default\"><a ref=\"magnificPopup\" href=\":8001\/sites\/default\/files\/21_1.jpg\" target=\"_blank\" rel=\"noreferrer noopener\"><img decoding=\"async\" src=\":8001\/sites\/default\/files\/21_1.jpg\" alt=\"\"\/><\/a><\/figure>\n\n\n\n<figure class=\"wp-block-image is-style-default\"><a ref=\"magnificPopup\" href=\":8001\/sites\/default\/files\/24_1.jpg\" target=\"_blank\" rel=\"noreferrer noopener\"><img decoding=\"async\" src=\":8001\/sites\/default\/files\/24_1.jpg\" alt=\"\"\/><\/a><\/figure>\n\n\n\n<figure class=\"wp-block-image is-style-default\"><a ref=\"magnificPopup\" href=\":8001\/sites\/default\/files\/29_0.jpg\" target=\"_blank\" rel=\"noreferrer noopener\"><img decoding=\"async\" src=\":8001\/sites\/default\/files\/29_0.jpg\" alt=\"\"\/><\/a><\/figure>\n\n\n\n<hr class=\"wp-block-separator\"\/>\n\n\n\n<h4 class=\"wp-block-heading\"><strong>Trajnimi me grupe t\u00eb vogla student\u00ebsh ititulluar \u201cK\u00ebshillim Karriere\u201d<\/strong>&nbsp;(CV, Let\u00ebr Motivimi, e-mail, intervista e pun\u00ebs)<\/h4>\n\n\n\n<p>Qendra e Karrier\u00ebs dhe Alumni, gjat\u00eb muajit Prill 2017,n\u00eb ambjentet e saj zhvilloi trajnimin \u201c<strong>K\u00ebshillim Karriere<\/strong>\u201d, ku student\u00ebt t\u00eb ndar\u00eb n\u00eb grupe t\u00eb vogla n\u00eb krye t\u00eb 3 sesioneve pat\u00ebn mund\u00ebsi sipas nj\u00eb kalendari t\u00eb caktuar t\u00eb p\u00ebrgatiten nga ana teorike dhe praktike n\u00eb:<\/p>\n\n\n\n<ul class=\"wp-block-list\"><li>Shkrim i CV profesionale<\/li><li>Shprehja e motivacionit (\u00e7far\u00eb \u00ebsht\u00eb k\u00ebrkesa e pun\u00ebs, letra e interesit?<\/li><li>Shkrimi i e-mail<\/li><li>Si t\u00eb k\u00ebrkojm\u00eb pun\u00eb dhe t\u00eb sillen n\u00eb nj\u00eb intervist\u00eb pune?<\/li><\/ul>\n\n\n\n<p>Gjat\u00eb k\u00ebtij muaji u trajnuan disa grupe student\u00ebsh nga programe t\u00eb ndryshme studimi, kryesisht student\u00eb t\u00eb vitit t\u00eb 3-t\u00eb dhe masterit, nd\u00ebr t\u00eb cil\u00ebt ky program \u00ebsht\u00eb m\u00eb i domosdosh\u00ebm.<\/p>\n\n\n\n<p><strong>Sesioni i par\u00eb<\/strong>&nbsp;ishte teorik dhe u shtjelluan informacionet e domosdoshme q\u00eb duhet t\u00eb konsiderojn\u00eb kur vendosin t\u00eb shkruajn\u00eb nj\u00eb CV, hartojm\u00eb nj\u00eb let\u00ebr motivimi apo interesi, t\u00eb drejtohemi n\u00eb m\u00ebnyr\u00eb profesionale kur shkruajm\u00eb nj\u00eb e-mail dhe gjithashtu p\u00ebrgatitja p\u00ebr t\u2019u p\u00ebrballur sa m\u00eb mir\u00eb n\u00eb nj\u00eb intervist\u00eb pune.<\/p>\n\n\n\n<p><strong>Sesioni i dyt\u00eb<\/strong>, aplikanti n\u00ebn udh\u00ebheqjen dhe kujdestarin\u00eb e specialistes s\u00eb Qendr\u00ebs s\u00eb Karrier\u00ebs dhe Alumni, p\u00ebrgatiti praktikisht CV-n\u00eb e tij profesionale dhe gjithashtu hartoi nj\u00eb let\u00ebr motivimi me tematik\u00eb \u201c&nbsp;<em>Pozicion vullnetar pran\u00eb Qendr\u00ebs s\u00eb Karrier\u00ebs dhe Alumni<\/em>\u201d.<\/p>\n\n\n\n<p><strong>Sesioni i tret\u00eb<\/strong>&nbsp;ishte nj\u00eb stimulim konkret i intervist\u00ebs s\u00eb vendit vakant t\u00eb supozuar t\u00eb pun\u00ebs, pasi aplikanti ka p\u00ebrgatitur paraprakisht nj\u00eb CV apo let\u00ebr motivimi.<\/p>\n\n\n\n<p>Pritshm\u00ebrit\u00eb e trajnimit u p\u00ebrmbush\u00ebn sepse trajnimi pati interes dhe ishte praktik, ashtu si u modelua q\u00eb n\u00eb fillim t\u00eb zhvillohej.<\/p>\n\n\n\n<p><a ref=\"magnificPopup\" href=\":8001\/sites\/default\/files\/11.04%20(4).jpg\" target=\"_blank\" rel=\"noreferrer noopener\"><\/a>\u200b&nbsp;<a ref=\"magnificPopup\" href=\":8001\/sites\/default\/files\/IMG_20170504_141702_HDR.jpg\" target=\"_blank\" rel=\"noreferrer noopener\"><\/a>&nbsp;<a ref=\"magnificPopup\" href=\":8001\/sites\/default\/files\/17919069_1345117408897906_1023307912_n.jpg\" target=\"_blank\" rel=\"noreferrer noopener\"><\/a><\/p>\n\n\n\n<hr class=\"wp-block-separator\"\/>\n\n\n\n<h4 class=\"wp-block-heading\"><strong>Sektori i Studimeve dhe Karrier\u00ebs Studentore me rastin e fillimit t\u00eb vitit akademik, nga data 26- 28 Tetor 2016, ka zhvilluar leksione t\u00eb hapura infromimi me student\u00ebt e viteve t\u00eb para t\u00eb Universitetit \u201cFan S.Noli\u201d me tem\u00eb: \u201cInformim i P\u00ebrgjithsh\u00ebm me Student\u00ebt e Viteve t\u00eb Para\u201d<\/strong><\/h4>\n\n\n\n<p>Leksioni kishte p\u00ebr q\u00ebllim shpalosjen e Rregullores s\u00eb Universitetit dhe informimin e student\u00ebve n\u00eb lidhje me funksionimin e provimeve dhe vler\u00ebsimet. Gjithashtu nj\u00eb orientim t\u00eb p\u00ebrgjithsh\u00ebm n\u00eb lidhje me zyrat n\u00eb sh\u00ebrbim t\u00eb tyre n\u00eb fakultetet p\u00ebrkat\u00ebse dhe Universitetin \u201cFan S. Noli\u201d . N\u00eb fund t\u00eb leksionit student\u00ebt pat\u00ebn mund\u00ebsin\u00eb t\u00eb b\u00ebjn\u00eb pyetje dhe t\u00eb marrin p\u00ebrgjigje p\u00ebr \u00e7\u00ebshtje n\u00eb interes t\u00eb tyre.<\/p>\n\n\n\n<figure class=\"wp-block-image is-style-default\"><a ref=\"magnificPopup\" href=\":8001\/sites\/default\/files\/IMG_1981.JPG\" target=\"_blank\" rel=\"noreferrer noopener\"><img decoding=\"async\" src=\":8001\/sites\/default\/files\/IMG_1981.JPG\" alt=\"\"\/><\/a><\/figure>\n\n\n\n<figure class=\"wp-block-image is-style-default\"><a ref=\"magnificPopup\" href=\":8001\/sites\/default\/files\/IMG_1985.JPG\" target=\"_blank\" rel=\"noreferrer noopener\"><img decoding=\"async\" src=\":8001\/sites\/default\/files\/IMG_1985.JPG\" alt=\"\"\/><\/a><\/figure>\n\n\n\n<figure class=\"wp-block-image is-style-default\"><a ref=\"magnificPopup\" href=\":8001\/sites\/default\/files\/IMG_1988.JPG\" target=\"_blank\" rel=\"noreferrer noopener\"><img decoding=\"async\" src=\":8001\/sites\/default\/files\/IMG_1988.JPG\" alt=\"\"\/><\/a><\/figure>\n\n\n\n<figure class=\"wp-block-image is-style-default\"><a ref=\"magnificPopup\" href=\":8001\/sites\/default\/files\/IMG_1988_0.JPG\" target=\"_blank\" rel=\"noreferrer noopener\"><img decoding=\"async\" src=\":8001\/sites\/default\/files\/IMG_1988_0.JPG\" alt=\"\"\/><\/a><\/figure>\n\n\n\n<p><a href=\":8001\/sites\/default\/files\/Informim%20i%20Pergjithshem%20me%20Studentet%20e%20Viteve%20te%20Para_%20TEtor%202016.ppt\" target=\"_blank\" rel=\"noreferrer noopener\">Prezantimi ne PowerPoint (kliko)<\/a><\/p>","protected":false},"excerpt":{"rendered":"<p>UNIVERSITETI \u201cFAN S. NOLI\u201d- TAKIME ME MATURANT\u00cbT P\u00cbR K\u00cbSHILLIMIN E KARRIER\u00cbS N\u00eb dat\u00ebn 19 shkurt 2018, Qendra e Karrier\u00ebs dhe Alumni, si dhe pedagog\u00eb t\u00eb Universitetit \u201cFan S. Noli\u201d, filluan k\u00ebshillimin e karrier\u00ebs p\u00ebr maturant\u00ebt. Ata organizuan takime n\u00eb disa prej shkollave t\u00eb mesme t\u00eb Qarkut t\u00eb Kor\u00e7\u00ebs, n\u00eb bashk\u00ebpunim edhe me Drejtorin\u00eb Rajonale t\u00eb&#8230;<\/p>","protected":false},"author":122,"featured_media":0,"parent":0,"menu_order":0,"comment_status":"closed","ping_status":"closed","template":"","meta":{"_acf_changed":false,"footnotes":""},"class_list":["post-9442","page","type-page","status-publish","hentry"],"acf":[],"yoast_head":"<!-- This site is optimized with the Yoast SEO plugin v26.9 - https:\/\/yoast.com\/product\/yoast-seo-wordpress\/ -->\n<title>QKA - TRAJNIME - Universiteti &quot;Fan S. Noli&quot;, Kor\u00e7\u00eb<\/title>\n<meta name=\"robots\" content=\"index, follow, max-snippet:-1, max-image-preview:large, max-video-preview:-1\" \/>\n<link rel=\"canonical\" href=\"https:\/\/unkorce.edu.al\/en\/qka-trajnime\/\" \/>\n<meta property=\"og:locale\" content=\"en_US\" \/>\n<meta property=\"og:type\" content=\"article\" \/>\n<meta property=\"og:title\" content=\"QKA - TRAJNIME - Universiteti &quot;Fan S. Noli&quot;, Kor\u00e7\u00eb\" \/>\n<meta property=\"og:description\" content=\"UNIVERSITETI \u201cFAN S. NOLI\u201d- TAKIME ME MATURANT\u00cbT P\u00cbR K\u00cbSHILLIMIN E KARRIER\u00cbS N\u00eb dat\u00ebn 19 shkurt 2018, Qendra e Karrier\u00ebs dhe Alumni, si dhe pedagog\u00eb t\u00eb Universitetit \u201cFan S. Noli\u201d, filluan k\u00ebshillimin e karrier\u00ebs p\u00ebr maturant\u00ebt. Ata organizuan takime n\u00eb disa prej shkollave t\u00eb mesme t\u00eb Qarkut t\u00eb Kor\u00e7\u00ebs, n\u00eb bashk\u00ebpunim edhe me Drejtorin\u00eb Rajonale t\u00eb...\" \/>\n<meta property=\"og:url\" content=\"https:\/\/unkorce.edu.al\/en\/qka-trajnime\/\" \/>\n<meta property=\"og:site_name\" content=\"Universiteti &quot;Fan S. Noli&quot;, Kor\u00e7\u00eb\" \/>\n<meta property=\"article:publisher\" content=\"https:\/\/www.facebook.com\/unkorce\" \/>\n<meta name=\"twitter:card\" content=\"summary_large_image\" \/>\n<meta name=\"twitter:label1\" content=\"Est. reading time\" \/>\n\t<meta name=\"twitter:data1\" content=\"5 minutes\" \/>\n<script type=\"application\/ld+json\" class=\"yoast-schema-graph\">{\"@context\":\"https:\/\/schema.org\",\"@graph\":[{\"@type\":\"WebPage\",\"@id\":\"https:\/\/unkorce.edu.al\/qka-trajnime\/\",\"url\":\"https:\/\/unkorce.edu.al\/qka-trajnime\/\",\"name\":\"QKA - TRAJNIME - Universiteti \\\"Fan S. Noli\\\", Kor\u00e7\u00eb\",\"isPartOf\":{\"@id\":\"https:\/\/unkorce.edu.al\/#website\"},\"datePublished\":\"2022-05-09T06:34:20+00:00\",\"breadcrumb\":{\"@id\":\"https:\/\/unkorce.edu.al\/qka-trajnime\/#breadcrumb\"},\"inLanguage\":\"en-US\",\"potentialAction\":[{\"@type\":\"ReadAction\",\"target\":[\"https:\/\/unkorce.edu.al\/qka-trajnime\/\"]}]},{\"@type\":\"BreadcrumbList\",\"@id\":\"https:\/\/unkorce.edu.al\/qka-trajnime\/#breadcrumb\",\"itemListElement\":[{\"@type\":\"ListItem\",\"position\":1,\"name\":\"Home\",\"item\":\"https:\/\/unkorce.edu.al\/\"},{\"@type\":\"ListItem\",\"position\":2,\"name\":\"QKA &#8211; TRAJNIME\"}]},{\"@type\":\"WebSite\",\"@id\":\"https:\/\/unkorce.edu.al\/#website\",\"url\":\"https:\/\/unkorce.edu.al\/\",\"name\":\"Universiteti \\\"Fan S. Noli\\\", Kor\u00e7\u00eb\",\"description\":\"Mir&euml;sevini n&euml; faqen zyrtare!\",\"publisher\":{\"@id\":\"https:\/\/unkorce.edu.al\/#organization\"},\"potentialAction\":[{\"@type\":\"SearchAction\",\"target\":{\"@type\":\"EntryPoint\",\"urlTemplate\":\"https:\/\/unkorce.edu.al\/?s={search_term_string}\"},\"query-input\":{\"@type\":\"PropertyValueSpecification\",\"valueRequired\":true,\"valueName\":\"search_term_string\"}}],\"inLanguage\":\"en-US\"},{\"@type\":\"Organization\",\"@id\":\"https:\/\/unkorce.edu.al\/#organization\",\"name\":\"Universiteti \\\"Fan S. Noli\\\", Kor\u00e7\u00eb\",\"url\":\"https:\/\/unkorce.edu.al\/\",\"logo\":{\"@type\":\"ImageObject\",\"inLanguage\":\"en-US\",\"@id\":\"https:\/\/unkorce.edu.al\/#\/schema\/logo\/image\/\",\"url\":\"https:\/\/unkorce.edu.al\/wp-content\/uploads\/2024\/08\/Logo_e_Universitetit__Fan_Noli_-e1726660879862.png\",\"contentUrl\":\"https:\/\/unkorce.edu.al\/wp-content\/uploads\/2024\/08\/Logo_e_Universitetit__Fan_Noli_-e1726660879862.png\",\"width\":200,\"height\":120,\"caption\":\"Universiteti \\\"Fan S. Noli\\\", Kor\u00e7\u00eb\"},\"image\":{\"@id\":\"https:\/\/unkorce.edu.al\/#\/schema\/logo\/image\/\"},\"sameAs\":[\"https:\/\/www.facebook.com\/unkorce\"]}]}<\/script>\n<!-- \/ Yoast SEO plugin. -->","yoast_head_json":{"title":"QKA - TRAJNIME - Universiteti \"Fan S. Noli\", Kor\u00e7\u00eb","robots":{"index":"index","follow":"follow","max-snippet":"max-snippet:-1","max-image-preview":"max-image-preview:large","max-video-preview":"max-video-preview:-1"},"canonical":"https:\/\/unkorce.edu.al\/en\/qka-trajnime\/","og_locale":"en_US","og_type":"article","og_title":"QKA - TRAJNIME - Universiteti \"Fan S. Noli\", Kor\u00e7\u00eb","og_description":"UNIVERSITETI \u201cFAN S. NOLI\u201d- TAKIME ME MATURANT\u00cbT P\u00cbR K\u00cbSHILLIMIN E KARRIER\u00cbS N\u00eb dat\u00ebn 19 shkurt 2018, Qendra e Karrier\u00ebs dhe Alumni, si dhe pedagog\u00eb t\u00eb Universitetit \u201cFan S. Noli\u201d, filluan k\u00ebshillimin e karrier\u00ebs p\u00ebr maturant\u00ebt. Ata organizuan takime n\u00eb disa prej shkollave t\u00eb mesme t\u00eb Qarkut t\u00eb Kor\u00e7\u00ebs, n\u00eb bashk\u00ebpunim edhe me Drejtorin\u00eb Rajonale t\u00eb...","og_url":"https:\/\/unkorce.edu.al\/en\/qka-trajnime\/","og_site_name":"Universiteti \"Fan S. Noli\", Kor\u00e7\u00eb","article_publisher":"https:\/\/www.facebook.com\/unkorce","twitter_card":"summary_large_image","twitter_misc":{"Est. reading time":"5 minutes"},"schema":{"@context":"https:\/\/schema.org","@graph":[{"@type":"WebPage","@id":"https:\/\/unkorce.edu.al\/qka-trajnime\/","url":"https:\/\/unkorce.edu.al\/qka-trajnime\/","name":"QKA - TRAJNIME - Universiteti \"Fan S. Noli\", Kor\u00e7\u00eb","isPartOf":{"@id":"https:\/\/unkorce.edu.al\/#website"},"datePublished":"2022-05-09T06:34:20+00:00","breadcrumb":{"@id":"https:\/\/unkorce.edu.al\/qka-trajnime\/#breadcrumb"},"inLanguage":"en-US","potentialAction":[{"@type":"ReadAction","target":["https:\/\/unkorce.edu.al\/qka-trajnime\/"]}]},{"@type":"BreadcrumbList","@id":"https:\/\/unkorce.edu.al\/qka-trajnime\/#breadcrumb","itemListElement":[{"@type":"ListItem","position":1,"name":"Home","item":"https:\/\/unkorce.edu.al\/"},{"@type":"ListItem","position":2,"name":"QKA &#8211; TRAJNIME"}]},{"@type":"WebSite","@id":"https:\/\/unkorce.edu.al\/#website","url":"https:\/\/unkorce.edu.al\/","name":"Universiteti \"Fan S. Noli\", Kor\u00e7\u00eb","description":"Mir&euml;sevini n&euml; faqen zyrtare!","publisher":{"@id":"https:\/\/unkorce.edu.al\/#organization"},"potentialAction":[{"@type":"SearchAction","target":{"@type":"EntryPoint","urlTemplate":"https:\/\/unkorce.edu.al\/?s={search_term_string}"},"query-input":{"@type":"PropertyValueSpecification","valueRequired":true,"valueName":"search_term_string"}}],"inLanguage":"en-US"},{"@type":"Organization","@id":"https:\/\/unkorce.edu.al\/#organization","name":"Universiteti \"Fan S. Noli\", Kor\u00e7\u00eb","url":"https:\/\/unkorce.edu.al\/","logo":{"@type":"ImageObject","inLanguage":"en-US","@id":"https:\/\/unkorce.edu.al\/#\/schema\/logo\/image\/","url":"https:\/\/unkorce.edu.al\/wp-content\/uploads\/2024\/08\/Logo_e_Universitetit__Fan_Noli_-e1726660879862.png","contentUrl":"https:\/\/unkorce.edu.al\/wp-content\/uploads\/2024\/08\/Logo_e_Universitetit__Fan_Noli_-e1726660879862.png","width":200,"height":120,"caption":"Universiteti \"Fan S. Noli\", Kor\u00e7\u00eb"},"image":{"@id":"https:\/\/unkorce.edu.al\/#\/schema\/logo\/image\/"},"sameAs":["https:\/\/www.facebook.com\/unkorce"]}]}},"_links":{"self":[{"href":"https:\/\/unkorce.edu.al\/en\/wp-json\/wp\/v2\/pages\/9442","targetHints":{"allow":["GET"]}}],"collection":[{"href":"https:\/\/unkorce.edu.al\/en\/wp-json\/wp\/v2\/pages"}],"about":[{"href":"https:\/\/unkorce.edu.al\/en\/wp-json\/wp\/v2\/types\/page"}],"author":[{"embeddable":true,"href":"https:\/\/unkorce.edu.al\/en\/wp-json\/wp\/v2\/users\/122"}],"replies":[{"embeddable":true,"href":"https:\/\/unkorce.edu.al\/en\/wp-json\/wp\/v2\/comments?post=9442"}],"version-history":[{"count":0,"href":"https:\/\/unkorce.edu.al\/en\/wp-json\/wp\/v2\/pages\/9442\/revisions"}],"wp:attachment":[{"href":"https:\/\/unkorce.edu.al\/en\/wp-json\/wp\/v2\/media?parent=9442"}],"curies":[{"name":"wp","href":"https:\/\/api.w.org\/{rel}","templated":true}]}}