{"id":9440,"date":"2022-05-09T06:32:13","date_gmt":"2022-05-09T06:32:13","guid":{"rendered":"\/?page_id=9440"},"modified":"2022-05-09T06:32:13","modified_gmt":"2022-05-09T06:32:13","slug":"qendra-e-karrieres-dhe-alumni-3","status":"publish","type":"page","link":"https:\/\/unkorce.edu.al\/en\/qendra-e-karrieres-dhe-alumni-3\/","title":{"rendered":"Career and Alumni Center"},"content":{"rendered":"<div class=\"wp-block-buttons is-content-justification-right is-layout-flex wp-container-core-buttons-is-layout-765c4724 wp-block-buttons-is-layout-flex\">\n<div class=\"wp-block-button\"><a class=\"wp-block-button__link has-white-color has-text-color has-link-color has-text-align-left wp-element-button\" href=\"\/wp-content\/uploads\/2024\/07\/PLANI-I-PUNES-VJETOR-2023-2024.pdf\">Plani vjetor (PDF)<\/a><\/div>\n<\/div>\n\n\n\n<h3 class=\"wp-block-heading\"><strong>Qendra drejt suksesit&#8230;<\/strong><\/h3>\n\n\n\n<p>Qendra e Karrier\u00ebs dhe Alumni u krijua n\u00eb n\u00ebntor t\u00eb vitit 2012. Ajo zhvillon veprimtarin\u00eb e saj mb\u00ebshtetur n\u00eb Ligjin e Arsimit t\u00eb Lart\u00eb, Statutin dhe Rregulloren e p\u00ebrgjithshme t\u00eb Universitetit \u201cFan S. Noli\u201d. QKA funksionin si nj\u00eb zyr\u00eb q\u00eb ofron sh\u00ebrbime p\u00ebr maturant\u00ebt, student\u00ebt dhe alumni.<\/p>\n\n\n\n<p>QKA \u00ebsht\u00eb nj\u00eb ur\u00eb lidh\u00ebse midis student\u00ebve (pun\u00ebk\u00ebrkues) dhe pun\u00ebmarr\u00ebsve (biznesi, administrata publike). Ajo synon t\u00eb inkurajoj\u00eb student\u00ebt n\u00eb planifikimin e karrier\u00ebs n\u00ebp\u00ebrmjet trajnimeve, forumeve, projekteve, seminareve, takimeve informuese, tryezave t\u00eb rrumbullak\u00ebta, takimeve t\u00eb studenteve etj.<\/p>\n\n\n\n<p><strong>Misioni:&nbsp;<\/strong>T\u00eb ofroj\u00eb sh\u00ebrbimin e mb\u00ebshtetjes s\u00eb maturant\u00ebve para dhe gjat\u00eb procesit t\u00eb pranimit n\u00eb UK si edhe t\u00eb ofroj\u00eb sh\u00ebrbimet m\u00eb t\u00eb mira p\u00ebr student\u00ebt e ardhsh\u00ebm, student\u00ebt aktual\u00eb, t\u00eb diplomuarit, stafin dhe grupet e tjera t\u00eb interesit, n\u00eb m\u00ebnyr\u00eb q\u00eb t\u00eb p\u00ebrmir\u00ebsohet cil\u00ebsia e edukimit dhe t\u2019i ndihmoj\u00eb ata t\u00eb zhvillojn\u00eb potencialin e plot\u00eb, p\u00ebr t\u00eb patur nj\u00eb ndikim dometh\u00ebn\u00ebs n\u00eb tregun e pun\u00ebs dhe shoq\u00ebri.<\/p>\n\n\n\n<figure class=\"wp-block-image is-style-default\"><img decoding=\"async\" src=\":8001\/sites\/default\/files\/qka_banner_0.png\" alt=\"\"\/><\/figure>\n\n\n\n<p><strong>Tre shtyllat e veprimtaris\u00eb s\u00eb Qendr\u00ebs s\u00eb Karrier\u00ebs dhe Alumni jan\u00eb sh\u00ebrbimi p\u00ebr:<\/strong><\/p>\n\n\n\n<ul class=\"wp-block-list\">\n<li>Maturant\u00ebt<\/li>\n\n\n\n<li>Student\u00ebt<\/li>\n\n\n\n<li>Alumni-t<\/li>\n<\/ul>\n\n\n\n<p><strong>Form\u00ebn e veprimtaris\u00eb QKA e mb\u00ebshtet n\u00eb tre shtylla kryesore:<\/strong><\/p>\n\n\n\n<ul class=\"wp-block-list\">\n<li>Informim (k\u00ebshillim karriere p\u00ebr maturant\u00ebt)<\/li>\n\n\n\n<li>Trajnim (k\u00ebshillim p\u00ebr student\u00ebt aktuale n\u00eb UK)<\/li>\n\n\n\n<li>Nd\u00ebrmjet\u00ebsim me pun\u00ebdh\u00ebn\u00ebsin (mund\u00ebsi pun\u00ebsimi p\u00ebr student\u00ebt Alumni)<\/li>\n<\/ul>\n\n\n\n<p><strong>Disa nga sh\u00ebrbimet q\u00eb ofron QKA jan\u00eb:<\/strong><\/p>\n\n\n\n<ul class=\"wp-block-list\">\n<li><strong>Informim dhe Orientim Profesional:<\/strong>\n<ul class=\"wp-block-list\">\n<li>informacion p\u00ebr bursa, konferenca studimore, praktik\u00eb profesionale Internship dhe Externship;<\/li>\n\n\n\n<li>Informacion n\u00eb lidhje me mobilitetet dhe progamet e shk\u00ebmbimeve jasht\u00eb vendit, si edhe ndihm\u00eb p\u00ebrgjat\u00eb gjith\u00eb procesit t\u00eb aplikimit;<\/li>\n\n\n\n<li>Informacion n\u00eb lidhje me Shkolla Verore\/ Dim\u00ebrore, Takime t\u00eb hapura, Leksione t\u00eb hapura, Panairi i Karrier\u00ebs etj.<\/li>\n<\/ul>\n<\/li>\n\n\n\n<li><strong>K\u00ebshillim Profesional<\/strong>-organizon leksione t\u00eb hapura mbi k\u00ebshillimin e karrier\u00ebs<\/li>\n\n\n\n<li><strong>Pun\u00ebsim<\/strong>&#8211; seanca informuese me student\u00ebt p\u00ebr pozicionet e lira n\u00eb sektorin privat dhe biznese<\/li>\n\n\n\n<li><strong>Vullnetariz\u00ebm dhe mb\u00ebshtetje:<\/strong>\n<ul class=\"wp-block-list\">\n<li>U krijon student\u00ebve mund\u00ebsi p\u00ebr pun\u00eb vullnetare pran\u00eb QKA<\/li>\n\n\n\n<li>mb\u00ebshtet student\u00ebt p\u00ebr iniciativa sip\u00ebrmarrje<\/li>\n<\/ul>\n<\/li>\n\n\n\n<li><strong>Rrjeti Alumni<\/strong>&#8211; krijimi dhe zhvillimi i marr\u00ebdh\u00ebnieve me student\u00ebt q\u00eb kan\u00eb p\u00ebrfunduar studimet pran\u00eb Universitetit t\u00eb Kor\u00e7\u00ebs.<\/li>\n<\/ul>\n\n\n\n<hr class=\"wp-block-separator has-css-opacity\"\/>\n\n\n\n<p><a><\/a>P\u00ebr m\u00eb shum\u00eb informacion mund t\u00eb kontaktoni me:<\/p>\n\n\n\n<p><strong>Dr. Romeo Terolli<\/strong><br>Head<br>Career and Alumni Center<\/p>\n\n\n\n<p><em>email:<\/em><strong>&nbsp;<a href=\"mailto:rterolli@unkorce.edu.al\">rterolli@unkorce.edu.al<\/a><br>&nbsp; &nbsp; &nbsp; &nbsp; &nbsp; &nbsp;<a href=\"mailto:qka@unkorce.edu.al\">qka@unkorce.edu.al<\/a><\/strong><\/p>\n\n\n\n<p><strong>Adresa:<\/strong><br>Universiteti &#8220;Fan S. Noli&#8221; Kor\u00e7\u00eb,<br>Godina e Rektoratit, Kati 2-t\u00eb, Zyra nr. 028<\/p>","protected":false},"excerpt":{"rendered":"<p>Qendra drejt suksesit&#8230; Qendra e Karrier\u00ebs dhe Alumni u krijua n\u00eb n\u00ebntor t\u00eb vitit 2012. Ajo zhvillon veprimtarin\u00eb e saj mb\u00ebshtetur n\u00eb Ligjin e Arsimit t\u00eb Lart\u00eb, Statutin dhe Rregulloren e p\u00ebrgjithshme t\u00eb Universitetit \u201cFan S. Noli\u201d. QKA funksionin si nj\u00eb zyr\u00eb q\u00eb ofron sh\u00ebrbime p\u00ebr maturant\u00ebt, student\u00ebt dhe alumni. QKA \u00ebsht\u00eb nj\u00eb ur\u00eb lidh\u00ebse&#8230;<\/p>","protected":false},"author":122,"featured_media":0,"parent":0,"menu_order":0,"comment_status":"closed","ping_status":"closed","template":"","meta":{"_acf_changed":false,"footnotes":""},"class_list":["post-9440","page","type-page","status-publish","hentry"],"acf":[],"yoast_head":"<!-- This site is optimized with the Yoast SEO plugin v26.9 - https:\/\/yoast.com\/product\/yoast-seo-wordpress\/ -->\n<title>Qendra e Karrier\u00ebs dhe Alumni - Universiteti &quot;Fan S. Noli&quot;, Kor\u00e7\u00eb<\/title>\n<meta name=\"robots\" content=\"index, follow, max-snippet:-1, max-image-preview:large, max-video-preview:-1\" \/>\n<link rel=\"canonical\" href=\"https:\/\/unkorce.edu.al\/en\/qendra-e-karrieres-dhe-alumni-3\/\" \/>\n<meta property=\"og:locale\" content=\"en_US\" \/>\n<meta property=\"og:type\" content=\"article\" \/>\n<meta property=\"og:title\" content=\"Qendra e Karrier\u00ebs dhe Alumni - Universiteti &quot;Fan S. Noli&quot;, Kor\u00e7\u00eb\" \/>\n<meta property=\"og:description\" content=\"Qendra drejt suksesit&#8230; Qendra e Karrier\u00ebs dhe Alumni u krijua n\u00eb n\u00ebntor t\u00eb vitit 2012. Ajo zhvillon veprimtarin\u00eb e saj mb\u00ebshtetur n\u00eb Ligjin e Arsimit t\u00eb Lart\u00eb, Statutin dhe Rregulloren e p\u00ebrgjithshme t\u00eb Universitetit \u201cFan S. Noli\u201d. QKA funksionin si nj\u00eb zyr\u00eb q\u00eb ofron sh\u00ebrbime p\u00ebr maturant\u00ebt, student\u00ebt dhe alumni. QKA \u00ebsht\u00eb nj\u00eb ur\u00eb lidh\u00ebse...\" \/>\n<meta property=\"og:url\" content=\"https:\/\/unkorce.edu.al\/en\/qendra-e-karrieres-dhe-alumni-3\/\" \/>\n<meta property=\"og:site_name\" content=\"Universiteti &quot;Fan S. Noli&quot;, Kor\u00e7\u00eb\" \/>\n<meta property=\"article:publisher\" content=\"https:\/\/www.facebook.com\/unkorce\" \/>\n<meta name=\"twitter:card\" content=\"summary_large_image\" \/>\n<meta name=\"twitter:label1\" content=\"Est. reading time\" \/>\n\t<meta name=\"twitter:data1\" content=\"2 minutes\" \/>\n<script type=\"application\/ld+json\" class=\"yoast-schema-graph\">{\"@context\":\"https:\/\/schema.org\",\"@graph\":[{\"@type\":\"WebPage\",\"@id\":\"https:\/\/unkorce.edu.al\/qendra-e-karrieres-dhe-alumni-3\/\",\"url\":\"https:\/\/unkorce.edu.al\/qendra-e-karrieres-dhe-alumni-3\/\",\"name\":\"Qendra e Karrier\u00ebs dhe Alumni - Universiteti \\\"Fan S. Noli\\\", Kor\u00e7\u00eb\",\"isPartOf\":{\"@id\":\"https:\/\/unkorce.edu.al\/#website\"},\"datePublished\":\"2022-05-09T06:32:13+00:00\",\"breadcrumb\":{\"@id\":\"https:\/\/unkorce.edu.al\/qendra-e-karrieres-dhe-alumni-3\/#breadcrumb\"},\"inLanguage\":\"en-US\",\"potentialAction\":[{\"@type\":\"ReadAction\",\"target\":[\"https:\/\/unkorce.edu.al\/qendra-e-karrieres-dhe-alumni-3\/\"]}]},{\"@type\":\"BreadcrumbList\",\"@id\":\"https:\/\/unkorce.edu.al\/qendra-e-karrieres-dhe-alumni-3\/#breadcrumb\",\"itemListElement\":[{\"@type\":\"ListItem\",\"position\":1,\"name\":\"Home\",\"item\":\"https:\/\/unkorce.edu.al\/\"},{\"@type\":\"ListItem\",\"position\":2,\"name\":\"Qendra e Karrier\u00ebs dhe Alumni\"}]},{\"@type\":\"WebSite\",\"@id\":\"https:\/\/unkorce.edu.al\/#website\",\"url\":\"https:\/\/unkorce.edu.al\/\",\"name\":\"Universiteti \\\"Fan S. Noli\\\", Kor\u00e7\u00eb\",\"description\":\"Mir&euml;sevini n&euml; faqen zyrtare!\",\"publisher\":{\"@id\":\"https:\/\/unkorce.edu.al\/#organization\"},\"potentialAction\":[{\"@type\":\"SearchAction\",\"target\":{\"@type\":\"EntryPoint\",\"urlTemplate\":\"https:\/\/unkorce.edu.al\/?s={search_term_string}\"},\"query-input\":{\"@type\":\"PropertyValueSpecification\",\"valueRequired\":true,\"valueName\":\"search_term_string\"}}],\"inLanguage\":\"en-US\"},{\"@type\":\"Organization\",\"@id\":\"https:\/\/unkorce.edu.al\/#organization\",\"name\":\"Universiteti \\\"Fan S. Noli\\\", Kor\u00e7\u00eb\",\"url\":\"https:\/\/unkorce.edu.al\/\",\"logo\":{\"@type\":\"ImageObject\",\"inLanguage\":\"en-US\",\"@id\":\"https:\/\/unkorce.edu.al\/#\/schema\/logo\/image\/\",\"url\":\"https:\/\/unkorce.edu.al\/wp-content\/uploads\/2024\/08\/Logo_e_Universitetit__Fan_Noli_-e1726660879862.png\",\"contentUrl\":\"https:\/\/unkorce.edu.al\/wp-content\/uploads\/2024\/08\/Logo_e_Universitetit__Fan_Noli_-e1726660879862.png\",\"width\":200,\"height\":120,\"caption\":\"Universiteti \\\"Fan S. Noli\\\", Kor\u00e7\u00eb\"},\"image\":{\"@id\":\"https:\/\/unkorce.edu.al\/#\/schema\/logo\/image\/\"},\"sameAs\":[\"https:\/\/www.facebook.com\/unkorce\"]}]}<\/script>\n<!-- \/ Yoast SEO plugin. -->","yoast_head_json":{"title":"Qendra e Karrier\u00ebs dhe Alumni - Universiteti \"Fan S. Noli\", Kor\u00e7\u00eb","robots":{"index":"index","follow":"follow","max-snippet":"max-snippet:-1","max-image-preview":"max-image-preview:large","max-video-preview":"max-video-preview:-1"},"canonical":"https:\/\/unkorce.edu.al\/en\/qendra-e-karrieres-dhe-alumni-3\/","og_locale":"en_US","og_type":"article","og_title":"Qendra e Karrier\u00ebs dhe Alumni - Universiteti \"Fan S. Noli\", Kor\u00e7\u00eb","og_description":"Qendra drejt suksesit&#8230; Qendra e Karrier\u00ebs dhe Alumni u krijua n\u00eb n\u00ebntor t\u00eb vitit 2012. Ajo zhvillon veprimtarin\u00eb e saj mb\u00ebshtetur n\u00eb Ligjin e Arsimit t\u00eb Lart\u00eb, Statutin dhe Rregulloren e p\u00ebrgjithshme t\u00eb Universitetit \u201cFan S. Noli\u201d. QKA funksionin si nj\u00eb zyr\u00eb q\u00eb ofron sh\u00ebrbime p\u00ebr maturant\u00ebt, student\u00ebt dhe alumni. QKA \u00ebsht\u00eb nj\u00eb ur\u00eb lidh\u00ebse...","og_url":"https:\/\/unkorce.edu.al\/en\/qendra-e-karrieres-dhe-alumni-3\/","og_site_name":"Universiteti \"Fan S. Noli\", Kor\u00e7\u00eb","article_publisher":"https:\/\/www.facebook.com\/unkorce","twitter_card":"summary_large_image","twitter_misc":{"Est. reading time":"2 minutes"},"schema":{"@context":"https:\/\/schema.org","@graph":[{"@type":"WebPage","@id":"https:\/\/unkorce.edu.al\/qendra-e-karrieres-dhe-alumni-3\/","url":"https:\/\/unkorce.edu.al\/qendra-e-karrieres-dhe-alumni-3\/","name":"Qendra e Karrier\u00ebs dhe Alumni - Universiteti \"Fan S. Noli\", Kor\u00e7\u00eb","isPartOf":{"@id":"https:\/\/unkorce.edu.al\/#website"},"datePublished":"2022-05-09T06:32:13+00:00","breadcrumb":{"@id":"https:\/\/unkorce.edu.al\/qendra-e-karrieres-dhe-alumni-3\/#breadcrumb"},"inLanguage":"en-US","potentialAction":[{"@type":"ReadAction","target":["https:\/\/unkorce.edu.al\/qendra-e-karrieres-dhe-alumni-3\/"]}]},{"@type":"BreadcrumbList","@id":"https:\/\/unkorce.edu.al\/qendra-e-karrieres-dhe-alumni-3\/#breadcrumb","itemListElement":[{"@type":"ListItem","position":1,"name":"Home","item":"https:\/\/unkorce.edu.al\/"},{"@type":"ListItem","position":2,"name":"Qendra e Karrier\u00ebs dhe Alumni"}]},{"@type":"WebSite","@id":"https:\/\/unkorce.edu.al\/#website","url":"https:\/\/unkorce.edu.al\/","name":"Universiteti \"Fan S. Noli\", Kor\u00e7\u00eb","description":"Mir&euml;sevini n&euml; faqen zyrtare!","publisher":{"@id":"https:\/\/unkorce.edu.al\/#organization"},"potentialAction":[{"@type":"SearchAction","target":{"@type":"EntryPoint","urlTemplate":"https:\/\/unkorce.edu.al\/?s={search_term_string}"},"query-input":{"@type":"PropertyValueSpecification","valueRequired":true,"valueName":"search_term_string"}}],"inLanguage":"en-US"},{"@type":"Organization","@id":"https:\/\/unkorce.edu.al\/#organization","name":"Universiteti \"Fan S. Noli\", Kor\u00e7\u00eb","url":"https:\/\/unkorce.edu.al\/","logo":{"@type":"ImageObject","inLanguage":"en-US","@id":"https:\/\/unkorce.edu.al\/#\/schema\/logo\/image\/","url":"https:\/\/unkorce.edu.al\/wp-content\/uploads\/2024\/08\/Logo_e_Universitetit__Fan_Noli_-e1726660879862.png","contentUrl":"https:\/\/unkorce.edu.al\/wp-content\/uploads\/2024\/08\/Logo_e_Universitetit__Fan_Noli_-e1726660879862.png","width":200,"height":120,"caption":"Universiteti \"Fan S. Noli\", Kor\u00e7\u00eb"},"image":{"@id":"https:\/\/unkorce.edu.al\/#\/schema\/logo\/image\/"},"sameAs":["https:\/\/www.facebook.com\/unkorce"]}]}},"_links":{"self":[{"href":"https:\/\/unkorce.edu.al\/en\/wp-json\/wp\/v2\/pages\/9440","targetHints":{"allow":["GET"]}}],"collection":[{"href":"https:\/\/unkorce.edu.al\/en\/wp-json\/wp\/v2\/pages"}],"about":[{"href":"https:\/\/unkorce.edu.al\/en\/wp-json\/wp\/v2\/types\/page"}],"author":[{"embeddable":true,"href":"https:\/\/unkorce.edu.al\/en\/wp-json\/wp\/v2\/users\/122"}],"replies":[{"embeddable":true,"href":"https:\/\/unkorce.edu.al\/en\/wp-json\/wp\/v2\/comments?post=9440"}],"version-history":[{"count":0,"href":"https:\/\/unkorce.edu.al\/en\/wp-json\/wp\/v2\/pages\/9440\/revisions"}],"wp:attachment":[{"href":"https:\/\/unkorce.edu.al\/en\/wp-json\/wp\/v2\/media?parent=9440"}],"curies":[{"name":"wp","href":"https:\/\/api.w.org\/{rel}","templated":true}]}}