{"id":9012,"date":"2022-04-29T07:28:12","date_gmt":"2022-04-29T07:28:12","guid":{"rendered":"\/?page_id=9012"},"modified":"2022-04-29T07:28:12","modified_gmt":"2022-04-29T07:28:12","slug":"njesia-sigurimit","status":"publish","type":"page","link":"https:\/\/unkorce.edu.al\/en\/njesia-sigurimit\/","title":{"rendered":"\ufffc\ufffc"},"content":{"rendered":"<div class=\"wp-block-image is-style-default\">\n<figure class=\"aligncenter size-medium\"><img decoding=\"async\" src=\"\/wp-content\/uploads\/2022\/04\/1-LOGO-NjBSC--300x168.png\" alt=\"\" class=\"wp-image-9013\"\/><\/figure>\n<\/div>\n\n\n<h2 class=\"wp-block-heading\"><strong>Nj\u00ebsia e Sigurimit t\u00eb Brendsh\u00ebm t\u00eb Cil\u00ebsis\u00eb<\/strong><\/h2>\n\n\n\n<p>Nj\u00ebsia e Sigurimit t\u00eb Brendsh\u00ebm&nbsp; t\u00eb Cil\u00ebsis\u00eb (NJSBC) u fut n\u00eb struktur\u00ebn e Universitetit si nj\u00eb nj\u00ebsi e re, pas miratimit q\u00eb b\u00ebri K\u00ebshilli i Administrimit t\u00eb Universitetit \u201cFan S. Noli\u201d me Vendimin Nr.2 dt. 06.05.2008. Senati i Universitetit me Vendimin nr. 33, dat\u00eb 17.11.2009 vendosi ngritjen e k\u00ebsaj nj\u00ebsie si dhe p\u00ebrb\u00ebrjen e saj. Ajo funksionon n\u00eb zbatim t\u00eb Nenit 103 n\u00eb Ligjin nr. 80\/2015 \u201cP\u00ebr arsimin e lart\u00eb dhe k\u00ebrkimin shkencor n\u00eb institucionet e arsimit t\u00eb lart\u00eb n\u00eb Republik\u00ebn e Shqip\u00ebris\u00eb\u201d si dhe sipas&nbsp; kritereve t\u00eb p\u00ebrcaktuara n\u00eb Nenit 73 dhe 74 t\u00eb Kreut IX \u201cSigurimi i Cil\u00ebsis\u00eb\u201d t\u00eb Statutit t\u00eb Universitetit \u201cFan S. Noli\u201d.&nbsp; Nj\u00ebsia e Sigurimit t\u00eb Brendsh\u00ebm t\u00eb Cil\u00ebsis\u00eb ka n\u00eb p\u00ebrb\u00ebrje t\u00eb saj nj\u00eb koordinator nga \u00e7do nj\u00ebsi kryesore. Pran\u00eb \u00e7do nj\u00ebsie kryesore ngrihet Grupi i Vler\u00ebsimit t\u00eb Brendsh\u00ebm me p\u00ebrfaq\u00ebsim nga \u00e7do nj\u00ebsi baz\u00eb dhe nga organizimet studentore.<br><br>The NJSBC supports and provides expertise to the faculties and departments. Its members regularly visit these units and are invited to assist in developing relevant quality assurance processes. Their expertise focuses particularly on implementing quality assurance mechanisms in teaching, assessment, and student engagement in the learning process.\nThe NJSBC also coordinates communication among various university structures, especially when the process is delegated to faculties or when assessments are organized by the University. This coordinating role extends to other university units when the process involves staff development or the collection and analysis of institutional data.<\/p>\n\n\n\n<p>The NJSBC interprets national and European quality assurance requirements to adapt them to the institutional context. Its members ensure that these national and European standards are recognized and integrated into the University\u2019s practices. The NJSBC monitors processes by providing guidance, collecting information, and identifying issues, which are then forwarded to the responsible units for resolution. It also administers, organizes, and prepares external evaluation visits or invites external experts to train staff involved in internal evaluation<\/p>\n\n\n\n<div class=\"wp-block-group\"><div class=\"wp-block-group__inner-container is-layout-flow wp-block-group-is-layout-flow\"><\/div><\/div>\n\n\n\n<hr class=\"wp-block-separator has-css-opacity\"\/>\n\n\n\n<p><a href=\"\/wp-content\/uploads\/2022\/04\/PLANI-I-VEPRIMIT-PER-SKS-2022-1-2.pdf\">PLANI I VEPRIMIT P\u00cbR SONDAZHIN KOMB\u00cbTAR T\u00cb STUDENT\u00cbVE<\/a><\/p>\n\n\n\n<p><a href=\"\/wp-content\/uploads\/2022\/04\/Manuali-i-cilesise-UNIKO.pdf\">MANUALI I CIL\u00cbSIS\u00cb &#8211; UNIKO<\/a><\/p>\n\n\n\n<p><strong>CALENDAR OF ACTIVITIES<\/strong><\/p>\n\n\n\n<p><a href=\"\/wp-content\/uploads\/2024\/07\/2023-2024-Plani-i-Punes-NJSBC.pdf\">Work Plan 2023\u20132024<\/a><\/p>\n\n\n\n<p><strong>RAPORTE T\u00cb VLER\u00cbSIMIT T\u00cb BRENDSH\u00cbM<\/strong><\/p>\n\n\n\n<p><a href=\"\/en\/sites\/default\/files\/RVB%202015-2016%20UNIKO%20.pdf\/\">Raport 2015-2016<\/a><\/p>\n\n\n\n<p><a href=\"\/en\/sites\/default\/files\/RVB%202016-2017%20UNIKO.pdf\/\">Raport 2016-2017<\/a><\/p>\n\n\n\n<p><a href=\"\/en\/sites\/default\/files\/RAPORTI%202017-2018.pdf\/\">Raport 2017-2018<\/a><\/p>\n\n\n\n<p><a href=\"\/wp-content\/uploads\/2022\/04\/UNIKO-Raporti-i-Vleresimit-te-Brendshem-2018-2019.pdf\">Raport 2018-2019<\/a><\/p>\n\n\n\n<p><a href=\"\/wp-content\/uploads\/2022\/04\/Raporti-institucional-i-vleresimit-te-brendshem-UNIKO-Relacioni.pdf\">Raport<\/a> <a href=\"\/wp-content\/uploads\/2022\/04\/Raporti-institucional-i-vleresimit-te-brendshem-UNIKO-Relacioni.pdf\">2020-2021<\/a><\/p>\n\n\n\n<p><a href=\"\/wp-content\/uploads\/2024\/07\/RVB-UNIKO-2021-2022.pdf\">Raport 2021-2022<\/a><\/p>\n\n\n\n<p><a href=\"\/wp-content\/uploads\/2024\/07\/RVB-UNIKO-2022-2023-me-firma.pdf\">Raport 2022-2023<\/a><\/p>\n\n\n\n<p><a href=\"\/en\/sites\/default\/files\/RAPORT%20PYETESORI%20PER%20MESIMIN%20ONLINE%20NENTOR%202020.pdf\/\">RAPORT PYET\u00cbSORI P\u00cbR M\u00cbSIMIN ONLINE &#8211; N\u00cbNTOR 2020<\/a><\/p>\n\n\n\n<p><a href=\"\/en\/sites\/default\/files\/RAPORT%20PYETESORI%20PER%20MESIMIN%20ONLINE%20DHJETOR-JANAR%202020-2021.pdf\/\">RAPORT PYET\u00cbSORI P\u00cbR M\u00cbSIMIN ONLINE &#8211; DHJETOR-JANAR 2021<\/a><\/p>\n\n\n\n<p><a href=\"\/en\/sites\/default\/files\/RAPORT%20PYETESORI%20PER%20SEZONIN%20E%20PROVIMEVE%20TE%20DIMRIT.pdf\/\">RAPORT PYET\u00cbSORI P\u00cbR SEZONIN E PROVIMEVE T\u00cb DIMRIT<\/a><\/p>\n\n\n\n<p><a href=\"\/wp-content\/uploads\/2022\/04\/RELACION-PYETESORI-PER-SEZONIN-E-PROVIMEVE-TE-VERES.pdf\">RAPORT PYET\u00cbSORI P\u00cbR SEZONIN E PROVIMEVE T\u00cb VER\u00cbS<\/a><\/p>\n\n\n\n<p><a href=\"\/wp-content\/uploads\/2024\/07\/Relacioni-permbledhes-pyetesori-2023-1.pdf\">RELACIONI P\u00cbRMBLEDH\u00cbS, PYET\u00cbSORI 2023<\/a><\/p>\n\n\n\n<p><strong>INTERNAL QUALITY ASSURANCE UNITS BY FACULTY<\/strong><\/p>\n\n\n\n<h2 class=\"wp-block-heading\"><strong>FACULTY OF AGRICULTURE<\/strong><\/h2>\n\n\n\n<p><strong>Dr. Aldona Minga (Head)&nbsp;&nbsp;&nbsp;&nbsp;&nbsp;&nbsp;&nbsp;&nbsp;&nbsp;&nbsp;&nbsp;&nbsp;&nbsp;&nbsp;&nbsp;&nbsp;&nbsp;&nbsp;&nbsp;&nbsp;&nbsp;&nbsp;&nbsp;&nbsp;&nbsp; &nbsp;&nbsp;&nbsp;&nbsp;&nbsp;&nbsp;&nbsp;&nbsp;&nbsp;&nbsp;&nbsp;&nbsp;&nbsp;&nbsp;&nbsp;&nbsp;&nbsp;&nbsp;&nbsp;&nbsp;&nbsp;&nbsp;&nbsp;&nbsp;&nbsp;&nbsp;&nbsp;&nbsp;&nbsp;&nbsp;&nbsp;&nbsp;&nbsp;&nbsp;&nbsp;<\/strong><\/p>\n\n\n\n<p><strong>Dr. Sulltan\u00eb Aj\u00e7e&nbsp;<\/strong><\/p>\n\n\n\n<p><strong>Prof.as.dr. Nevruz Zeka&nbsp;&nbsp;&nbsp;&nbsp;&nbsp;&nbsp;&nbsp;&nbsp;&nbsp;&nbsp;&nbsp;&nbsp;&nbsp;&nbsp;&nbsp;&nbsp;&nbsp;&nbsp;&nbsp;&nbsp;&nbsp;&nbsp;&nbsp;&nbsp;&nbsp;&nbsp;&nbsp;&nbsp;&nbsp;&nbsp;&nbsp;&nbsp;&nbsp;&nbsp;&nbsp;&nbsp;&nbsp;&nbsp;&nbsp;&nbsp;&nbsp;&nbsp;&nbsp;&nbsp;<\/strong><\/p>\n\n\n\n<p><strong>Studente: Xhuljana Metko<\/strong><\/p>\n\n\n\n<h2 class=\"wp-block-heading\"><strong>FACULTY OF EDUCATION AND PHILOLOGY<\/strong><\/h2>\n\n\n\n<p><strong>Dr. Eris Rusi (P\u00ebrgjegj\u00ebs)&nbsp;&nbsp;&nbsp;&nbsp;&nbsp;&nbsp;&nbsp;&nbsp;&nbsp;&nbsp;&nbsp;&nbsp;&nbsp;&nbsp;&nbsp;&nbsp;&nbsp;&nbsp;&nbsp;&nbsp;&nbsp;&nbsp;&nbsp;&nbsp;&nbsp;&nbsp;&nbsp;&nbsp;&nbsp;&nbsp;&nbsp;&nbsp;&nbsp;&nbsp;&nbsp;&nbsp;&nbsp;&nbsp;&nbsp;&nbsp;&nbsp;&nbsp;&nbsp;&nbsp;&nbsp;&nbsp;<\/strong><\/p>\n\n\n\n<p><strong>Dr. Juliana \u00c7yfeku&nbsp;&nbsp;&nbsp;&nbsp;&nbsp;&nbsp;&nbsp;&nbsp;&nbsp;&nbsp;&nbsp;&nbsp;&nbsp;&nbsp;&nbsp;&nbsp;&nbsp;&nbsp;&nbsp;&nbsp;&nbsp;&nbsp;&nbsp;&nbsp;&nbsp;&nbsp;&nbsp;&nbsp;&nbsp;&nbsp;&nbsp;&nbsp;&nbsp;&nbsp;&nbsp;&nbsp;&nbsp;&nbsp;&nbsp;&nbsp;&nbsp;<\/strong><\/p>\n\n\n\n<p><strong>Dr. Alba Kreka<\/strong><\/p>\n\n\n\n<p><strong>Msc. Riollza Agolli&nbsp;&nbsp;&nbsp;&nbsp;&nbsp;&nbsp;&nbsp;&nbsp;&nbsp;&nbsp;&nbsp;&nbsp;&nbsp;&nbsp;&nbsp;&nbsp;&nbsp;&nbsp;&nbsp;&nbsp;&nbsp;&nbsp;&nbsp;&nbsp;&nbsp;&nbsp;&nbsp;&nbsp;&nbsp;&nbsp;&nbsp;&nbsp;&nbsp;&nbsp;&nbsp;&nbsp;&nbsp;&nbsp;&nbsp;<\/strong><\/p>\n\n\n\n<p><strong>Studente: Bleona Orhan<\/strong><\/p>\n\n\n\n<h2 class=\"wp-block-heading\"><strong>FACULTY OF ECONOMICS<\/strong><\/h2>\n\n\n\n<p><strong>Dr. Aida Mosko (P\u00ebrgjegj\u00ebs)&nbsp;&nbsp;&nbsp;&nbsp;&nbsp;&nbsp;&nbsp;&nbsp;&nbsp;&nbsp;&nbsp;&nbsp;&nbsp;&nbsp;&nbsp;&nbsp;&nbsp;&nbsp;&nbsp;&nbsp;&nbsp;&nbsp;&nbsp;&nbsp;&nbsp;&nbsp;&nbsp;&nbsp;&nbsp;&nbsp;&nbsp;&nbsp;&nbsp;&nbsp;&nbsp;&nbsp;&nbsp;&nbsp;&nbsp;&nbsp;&nbsp;&nbsp;&nbsp;&nbsp;&nbsp;&nbsp;&nbsp;&nbsp;&nbsp;&nbsp;&nbsp;&nbsp;&nbsp;&nbsp;&nbsp;&nbsp;&nbsp;&nbsp;&nbsp;<\/strong><\/p>\n\n\n\n<p><strong>Dr. Denada Olli &nbsp;(Laraku)&nbsp;&nbsp;&nbsp;&nbsp;&nbsp;&nbsp;&nbsp;&nbsp;&nbsp;&nbsp;&nbsp;&nbsp;&nbsp;&nbsp;&nbsp;&nbsp;&nbsp;&nbsp;&nbsp;&nbsp;&nbsp;&nbsp;&nbsp;&nbsp;&nbsp;<\/strong><\/p>\n\n\n\n<p><strong>Doc. Dr. Marinela Teneqexhi&nbsp;&nbsp;&nbsp;&nbsp;&nbsp;&nbsp;&nbsp;&nbsp;&nbsp;&nbsp;&nbsp;&nbsp;&nbsp;&nbsp;&nbsp;&nbsp;&nbsp;&nbsp;&nbsp;&nbsp;&nbsp;&nbsp;&nbsp;&nbsp;&nbsp;&nbsp;&nbsp;<\/strong><\/p>\n\n\n\n<p><strong>Studente: Silvia Go\u00e7i<\/strong><\/p>\n\n\n\n<h2 class=\"wp-block-heading\"><strong>Faculty of Human and Natural Sciences<\/strong><\/h2>\n\n\n\n<p><strong>Dr. Maria Doj\u00e7e (P\u00ebrgjegj\u00ebs)&nbsp;&nbsp;&nbsp;&nbsp;&nbsp;&nbsp;&nbsp;&nbsp;&nbsp;&nbsp;&nbsp;&nbsp;&nbsp;&nbsp;&nbsp;&nbsp;&nbsp;&nbsp;&nbsp;&nbsp;&nbsp;&nbsp;&nbsp;&nbsp;&nbsp;&nbsp;&nbsp;&nbsp;&nbsp;&nbsp;&nbsp;&nbsp;&nbsp;&nbsp;&nbsp;&nbsp;&nbsp;&nbsp;&nbsp;&nbsp;&nbsp;&nbsp;&nbsp;&nbsp;&nbsp;&nbsp;&nbsp;&nbsp;&nbsp;<\/strong><\/p>\n\n\n\n<p><strong>Msc. Silvja \u00c7obani<\/strong><\/p>\n\n\n\n<p><strong>Dr. Rezana Pengu<\/strong><\/p>\n\n\n\n<p><strong>Msc. Paola Saro<\/strong><\/p>\n\n\n\n<p><strong>Student: Edona Kalludra<\/strong><\/p>\n\n\n\n<h2 class=\"wp-block-heading\"><strong>INTERNAL QUALITY ASSURANCE - University level<\/strong><\/h2>\n\n\n\n<p><strong>Dr. Eris Rusi<\/strong><\/p>\n\n\n\n<p><strong>Dr. Aldona Minga<\/strong><\/p>\n\n\n\n<p><strong>Dr. Aida Mosko<\/strong><\/p>\n\n\n\n<p><strong>Dr. Maria Doj\u00e7e<\/strong><\/p>\n\n\n\n<p><strong>Dr. Evis Kapurani (Curriculum, Institutional Assessment and Alumni Sector)<\/strong><\/p>\n\n\n\n<p><strong>Xhovani Sara\u00e7i (Economic Department)<\/strong><\/p>\n\n\n\n<p><strong>Edona Kalludra (Student)<\/strong><\/p>","protected":false},"excerpt":{"rendered":"<p>Nj\u00ebsia e Sigurimit t\u00eb Brendsh\u00ebm t\u00eb Cil\u00ebsis\u00eb Nj\u00ebsia e Sigurimit t\u00eb Brendsh\u00ebm&nbsp; t\u00eb Cil\u00ebsis\u00eb (NJSBC) u fut n\u00eb struktur\u00ebn e Universitetit si nj\u00eb nj\u00ebsi e re, pas miratimit q\u00eb b\u00ebri K\u00ebshilli i Administrimit t\u00eb Universitetit \u201cFan S. Noli\u201d me Vendimin Nr.2 dt. 06.05.2008. Senati i Universitetit me Vendimin nr. 33, dat\u00eb 17.11.2009 vendosi ngritjen e&#8230;<\/p>","protected":false},"author":122,"featured_media":0,"parent":0,"menu_order":0,"comment_status":"closed","ping_status":"closed","template":"","meta":{"_acf_changed":false,"footnotes":""},"class_list":["post-9012","page","type-page","status-publish","hentry"],"acf":[],"yoast_head":"<!-- This site is optimized with the Yoast SEO plugin v26.9 - https:\/\/yoast.com\/product\/yoast-seo-wordpress\/ -->\n<title>\ufffc\ufffc - Universiteti &quot;Fan S. Noli&quot;, Kor\u00e7\u00eb<\/title>\n<meta name=\"robots\" content=\"index, follow, max-snippet:-1, max-image-preview:large, max-video-preview:-1\" \/>\n<link rel=\"canonical\" href=\"https:\/\/unkorce.edu.al\/en\/njesia-sigurimit\/\" \/>\n<meta property=\"og:locale\" content=\"en_US\" \/>\n<meta property=\"og:type\" content=\"article\" \/>\n<meta property=\"og:title\" content=\"\ufffc\ufffc - Universiteti &quot;Fan S. Noli&quot;, Kor\u00e7\u00eb\" \/>\n<meta property=\"og:description\" content=\"Nj\u00ebsia e Sigurimit t\u00eb Brendsh\u00ebm t\u00eb Cil\u00ebsis\u00eb Nj\u00ebsia e Sigurimit t\u00eb Brendsh\u00ebm&nbsp; t\u00eb Cil\u00ebsis\u00eb (NJSBC) u fut n\u00eb struktur\u00ebn e Universitetit si nj\u00eb nj\u00ebsi e re, pas miratimit q\u00eb b\u00ebri K\u00ebshilli i Administrimit t\u00eb Universitetit \u201cFan S. Noli\u201d me Vendimin Nr.2 dt. 06.05.2008. Senati i Universitetit me Vendimin nr. 33, dat\u00eb 17.11.2009 vendosi ngritjen e...\" \/>\n<meta property=\"og:url\" content=\"https:\/\/unkorce.edu.al\/en\/njesia-sigurimit\/\" \/>\n<meta property=\"og:site_name\" content=\"Universiteti &quot;Fan S. Noli&quot;, Kor\u00e7\u00eb\" \/>\n<meta property=\"article:publisher\" content=\"https:\/\/www.facebook.com\/unkorce\" \/>\n<meta name=\"twitter:card\" content=\"summary_large_image\" \/>\n<meta name=\"twitter:label1\" content=\"Est. reading time\" \/>\n\t<meta name=\"twitter:data1\" content=\"5 minutes\" \/>\n<script type=\"application\/ld+json\" class=\"yoast-schema-graph\">{\"@context\":\"https:\/\/schema.org\",\"@graph\":[{\"@type\":\"WebPage\",\"@id\":\"https:\/\/unkorce.edu.al\/njesia-sigurimit\/\",\"url\":\"https:\/\/unkorce.edu.al\/njesia-sigurimit\/\",\"name\":\"\ufffc\ufffc - Universiteti \\\"Fan S. Noli\\\", Kor\u00e7\u00eb\",\"isPartOf\":{\"@id\":\"https:\/\/unkorce.edu.al\/#website\"},\"datePublished\":\"2022-04-29T07:28:12+00:00\",\"breadcrumb\":{\"@id\":\"https:\/\/unkorce.edu.al\/njesia-sigurimit\/#breadcrumb\"},\"inLanguage\":\"en-US\",\"potentialAction\":[{\"@type\":\"ReadAction\",\"target\":[\"https:\/\/unkorce.edu.al\/njesia-sigurimit\/\"]}]},{\"@type\":\"BreadcrumbList\",\"@id\":\"https:\/\/unkorce.edu.al\/njesia-sigurimit\/#breadcrumb\",\"itemListElement\":[{\"@type\":\"ListItem\",\"position\":1,\"name\":\"Home\",\"item\":\"https:\/\/unkorce.edu.al\/\"},{\"@type\":\"ListItem\",\"position\":2,\"name\":\"\ufffc\ufffc\"}]},{\"@type\":\"WebSite\",\"@id\":\"https:\/\/unkorce.edu.al\/#website\",\"url\":\"https:\/\/unkorce.edu.al\/\",\"name\":\"Universiteti \\\"Fan S. Noli\\\", Kor\u00e7\u00eb\",\"description\":\"Mir&euml;sevini n&euml; faqen zyrtare!\",\"publisher\":{\"@id\":\"https:\/\/unkorce.edu.al\/#organization\"},\"potentialAction\":[{\"@type\":\"SearchAction\",\"target\":{\"@type\":\"EntryPoint\",\"urlTemplate\":\"https:\/\/unkorce.edu.al\/?s={search_term_string}\"},\"query-input\":{\"@type\":\"PropertyValueSpecification\",\"valueRequired\":true,\"valueName\":\"search_term_string\"}}],\"inLanguage\":\"en-US\"},{\"@type\":\"Organization\",\"@id\":\"https:\/\/unkorce.edu.al\/#organization\",\"name\":\"Universiteti \\\"Fan S. Noli\\\", Kor\u00e7\u00eb\",\"url\":\"https:\/\/unkorce.edu.al\/\",\"logo\":{\"@type\":\"ImageObject\",\"inLanguage\":\"en-US\",\"@id\":\"https:\/\/unkorce.edu.al\/#\/schema\/logo\/image\/\",\"url\":\"https:\/\/unkorce.edu.al\/wp-content\/uploads\/2024\/08\/Logo_e_Universitetit__Fan_Noli_-e1726660879862.png\",\"contentUrl\":\"https:\/\/unkorce.edu.al\/wp-content\/uploads\/2024\/08\/Logo_e_Universitetit__Fan_Noli_-e1726660879862.png\",\"width\":200,\"height\":120,\"caption\":\"Universiteti \\\"Fan S. Noli\\\", Kor\u00e7\u00eb\"},\"image\":{\"@id\":\"https:\/\/unkorce.edu.al\/#\/schema\/logo\/image\/\"},\"sameAs\":[\"https:\/\/www.facebook.com\/unkorce\"]}]}<\/script>\n<!-- \/ Yoast SEO plugin. -->","yoast_head_json":{"title":"\ufffc\ufffc - Universiteti \"Fan S. Noli\", Kor\u00e7\u00eb","robots":{"index":"index","follow":"follow","max-snippet":"max-snippet:-1","max-image-preview":"max-image-preview:large","max-video-preview":"max-video-preview:-1"},"canonical":"https:\/\/unkorce.edu.al\/en\/njesia-sigurimit\/","og_locale":"en_US","og_type":"article","og_title":"\ufffc\ufffc - Universiteti \"Fan S. Noli\", Kor\u00e7\u00eb","og_description":"Nj\u00ebsia e Sigurimit t\u00eb Brendsh\u00ebm t\u00eb Cil\u00ebsis\u00eb Nj\u00ebsia e Sigurimit t\u00eb Brendsh\u00ebm&nbsp; t\u00eb Cil\u00ebsis\u00eb (NJSBC) u fut n\u00eb struktur\u00ebn e Universitetit si nj\u00eb nj\u00ebsi e re, pas miratimit q\u00eb b\u00ebri K\u00ebshilli i Administrimit t\u00eb Universitetit \u201cFan S. Noli\u201d me Vendimin Nr.2 dt. 06.05.2008. Senati i Universitetit me Vendimin nr. 33, dat\u00eb 17.11.2009 vendosi ngritjen e...","og_url":"https:\/\/unkorce.edu.al\/en\/njesia-sigurimit\/","og_site_name":"Universiteti \"Fan S. Noli\", Kor\u00e7\u00eb","article_publisher":"https:\/\/www.facebook.com\/unkorce","twitter_card":"summary_large_image","twitter_misc":{"Est. reading time":"5 minutes"},"schema":{"@context":"https:\/\/schema.org","@graph":[{"@type":"WebPage","@id":"https:\/\/unkorce.edu.al\/njesia-sigurimit\/","url":"https:\/\/unkorce.edu.al\/njesia-sigurimit\/","name":"\ufffc\ufffc - Universiteti \"Fan S. Noli\", Kor\u00e7\u00eb","isPartOf":{"@id":"https:\/\/unkorce.edu.al\/#website"},"datePublished":"2022-04-29T07:28:12+00:00","breadcrumb":{"@id":"https:\/\/unkorce.edu.al\/njesia-sigurimit\/#breadcrumb"},"inLanguage":"en-US","potentialAction":[{"@type":"ReadAction","target":["https:\/\/unkorce.edu.al\/njesia-sigurimit\/"]}]},{"@type":"BreadcrumbList","@id":"https:\/\/unkorce.edu.al\/njesia-sigurimit\/#breadcrumb","itemListElement":[{"@type":"ListItem","position":1,"name":"Home","item":"https:\/\/unkorce.edu.al\/"},{"@type":"ListItem","position":2,"name":"\ufffc\ufffc"}]},{"@type":"WebSite","@id":"https:\/\/unkorce.edu.al\/#website","url":"https:\/\/unkorce.edu.al\/","name":"Universiteti \"Fan S. Noli\", Kor\u00e7\u00eb","description":"Mir&euml;sevini n&euml; faqen zyrtare!","publisher":{"@id":"https:\/\/unkorce.edu.al\/#organization"},"potentialAction":[{"@type":"SearchAction","target":{"@type":"EntryPoint","urlTemplate":"https:\/\/unkorce.edu.al\/?s={search_term_string}"},"query-input":{"@type":"PropertyValueSpecification","valueRequired":true,"valueName":"search_term_string"}}],"inLanguage":"en-US"},{"@type":"Organization","@id":"https:\/\/unkorce.edu.al\/#organization","name":"Universiteti \"Fan S. Noli\", Kor\u00e7\u00eb","url":"https:\/\/unkorce.edu.al\/","logo":{"@type":"ImageObject","inLanguage":"en-US","@id":"https:\/\/unkorce.edu.al\/#\/schema\/logo\/image\/","url":"https:\/\/unkorce.edu.al\/wp-content\/uploads\/2024\/08\/Logo_e_Universitetit__Fan_Noli_-e1726660879862.png","contentUrl":"https:\/\/unkorce.edu.al\/wp-content\/uploads\/2024\/08\/Logo_e_Universitetit__Fan_Noli_-e1726660879862.png","width":200,"height":120,"caption":"Universiteti \"Fan S. Noli\", Kor\u00e7\u00eb"},"image":{"@id":"https:\/\/unkorce.edu.al\/#\/schema\/logo\/image\/"},"sameAs":["https:\/\/www.facebook.com\/unkorce"]}]}},"_links":{"self":[{"href":"https:\/\/unkorce.edu.al\/en\/wp-json\/wp\/v2\/pages\/9012","targetHints":{"allow":["GET"]}}],"collection":[{"href":"https:\/\/unkorce.edu.al\/en\/wp-json\/wp\/v2\/pages"}],"about":[{"href":"https:\/\/unkorce.edu.al\/en\/wp-json\/wp\/v2\/types\/page"}],"author":[{"embeddable":true,"href":"https:\/\/unkorce.edu.al\/en\/wp-json\/wp\/v2\/users\/122"}],"replies":[{"embeddable":true,"href":"https:\/\/unkorce.edu.al\/en\/wp-json\/wp\/v2\/comments?post=9012"}],"version-history":[{"count":0,"href":"https:\/\/unkorce.edu.al\/en\/wp-json\/wp\/v2\/pages\/9012\/revisions"}],"wp:attachment":[{"href":"https:\/\/unkorce.edu.al\/en\/wp-json\/wp\/v2\/media?parent=9012"}],"curies":[{"name":"wp","href":"https:\/\/api.w.org\/{rel}","templated":true}]}}