{"id":8629,"date":"2022-04-11T09:05:49","date_gmt":"2022-04-11T09:05:49","guid":{"rendered":"\/?page_id=8629"},"modified":"2025-12-16T12:31:50","modified_gmt":"2025-12-16T12:31:50","slug":"senati-akademik","status":"publish","type":"page","link":"https:\/\/unkorce.edu.al\/en\/senati-akademik\/","title":{"rendered":"MEMBERS OF THE ACADEMIC SENATE OF \u201cFAN. S. NOLI\u201d UNIVERSITY"},"content":{"rendered":"<section class=\"l-section wpb_row height_medium width_full\"><div class=\"l-section-h i-cf\"><div class=\"g-cols vc_row via_grid cols_2 laptops-cols_inherit tablets-cols_inherit mobiles-cols_1 valign_top type_default stacking_default\"><div class=\"wpb_column vc_column_container\"><div class=\"vc_column-inner\"><div class=\"w-hwrapper valign_top align_none\"><div class=\"w-vwrapper align_none valign_top\"><\/div><div class=\"w-vwrapper align_none valign_top\"><\/div><\/div><div class=\"w-image us_custom_c8c2e84d has_ratio align_none\"><div class=\"w-image-h\"><div style=\"padding-bottom:75%\"><\/div><img decoding=\"async\" width=\"1024\" height=\"624\" src=\"https:\/\/unkorce.edu.al\/wp-content\/uploads\/2024\/12\/rektori-prof.-dr.-Lorenc-Ekonomi-2-1024x624.jpeg\" class=\"attachment-large size-large\" alt=\"\" loading=\"lazy\" srcset=\"https:\/\/unkorce.edu.al\/wp-content\/uploads\/2024\/12\/rektori-prof.-dr.-Lorenc-Ekonomi-2-1024x624.jpeg 1024w, https:\/\/unkorce.edu.al\/wp-content\/uploads\/2024\/12\/rektori-prof.-dr.-Lorenc-Ekonomi-2-300x183.jpeg 300w, https:\/\/unkorce.edu.al\/wp-content\/uploads\/2024\/12\/rektori-prof.-dr.-Lorenc-Ekonomi-2.jpeg 1220w\" sizes=\"auto, (max-width: 1024px) 100vw, 1024px\" \/><\/div><\/div><div class=\"w-text us_custom_039d7902\"><span class=\"w-text-h\"><span class=\"w-text-value\">1. Prof.dr. Lorenc Ekonomi (Major)<\/span><\/span><\/div><div class=\"w-hwrapper valign_top align_none\"><div class=\"w-vwrapper align_none valign_top\"><div class=\"w-image us_custom_3000a3fb has_ratio align_none\"><div class=\"w-image-h\"><div style=\"padding-bottom:133.3333%\"><\/div><img decoding=\"async\" width=\"683\" height=\"1024\" src=\"https:\/\/unkorce.edu.al\/wp-content\/uploads\/2024\/12\/prof.-as.-dr.-Adrian-Maho.jpg\" class=\"attachment-large size-large\" alt=\"\" loading=\"lazy\" srcset=\"https:\/\/unkorce.edu.al\/wp-content\/uploads\/2024\/12\/prof.-as.-dr.-Adrian-Maho.jpg 683w, https:\/\/unkorce.edu.al\/wp-content\/uploads\/2024\/12\/prof.-as.-dr.-Adrian-Maho-200x300.jpg 200w\" sizes=\"auto, (max-width: 683px) 100vw, 683px\" \/><\/div><\/div><div class=\"w-text us_custom_7e62b7c3\"><span class=\"w-text-h\"><span class=\"w-text-value\">5. Prof.as.dr. Adrian Maho<\/span><\/span><\/div><\/div><div class=\"w-vwrapper align_none valign_top\"><div class=\"w-image us_custom_3000a3fb has_ratio align_none\"><div class=\"w-image-h\"><div style=\"padding-bottom:133.3333%\"><\/div><img decoding=\"async\" width=\"683\" height=\"1024\" src=\"https:\/\/unkorce.edu.al\/wp-content\/uploads\/2024\/12\/prof.-as.-dr.-Jonela-Spaho.jpg\" class=\"attachment-full size-full\" alt=\"\" loading=\"lazy\" srcset=\"https:\/\/unkorce.edu.al\/wp-content\/uploads\/2024\/12\/prof.-as.-dr.-Jonela-Spaho.jpg 683w, https:\/\/unkorce.edu.al\/wp-content\/uploads\/2024\/12\/prof.-as.-dr.-Jonela-Spaho-200x300.jpg 200w\" sizes=\"auto, (max-width: 683px) 100vw, 683px\" \/><\/div><\/div><div class=\"w-text us_custom_7e62b7c3\"><span class=\"w-text-h\"><span class=\"w-text-value\">6. Prof.as.dr. Jonela Spaho<\/span><\/span><\/div><\/div><\/div><div class=\"w-hwrapper valign_top align_none\"><div class=\"w-vwrapper align_none valign_top\"><div class=\"w-image us_custom_3000a3fb has_ratio align_none\"><div class=\"w-image-h\"><div style=\"padding-bottom:133.3333%\"><\/div><img decoding=\"async\" width=\"1024\" height=\"683\" src=\"https:\/\/unkorce.edu.al\/wp-content\/uploads\/2024\/12\/prof.-as.-dr.-Daniela-Carmen-Stoica-1024x683.jpg\" class=\"attachment-large size-large\" alt=\"\" loading=\"lazy\" srcset=\"https:\/\/unkorce.edu.al\/wp-content\/uploads\/2024\/12\/prof.-as.-dr.-Daniela-Carmen-Stoica-1024x683.jpg 1024w, https:\/\/unkorce.edu.al\/wp-content\/uploads\/2024\/12\/prof.-as.-dr.-Daniela-Carmen-Stoica-300x200.jpg 300w\" sizes=\"auto, (max-width: 1024px) 100vw, 1024px\" \/><\/div><\/div><div class=\"w-text us_custom_7e62b7c3\"><span class=\"w-text-h\"><span class=\"w-text-value\">9. Prof.as.dr. Daniela-Carmen Stoica<\/span><\/span><\/div><\/div><div class=\"w-vwrapper align_none valign_top\"><div class=\"w-image us_custom_3000a3fb has_ratio align_none\"><div class=\"w-image-h\"><div style=\"padding-bottom:133.3333%\"><\/div><img decoding=\"async\" width=\"683\" height=\"1024\" src=\"https:\/\/unkorce.edu.al\/wp-content\/uploads\/2024\/12\/prof.-as.-dr.-AIDA-GABETA.jpg\" class=\"attachment-full size-full\" alt=\"\" loading=\"lazy\" srcset=\"https:\/\/unkorce.edu.al\/wp-content\/uploads\/2024\/12\/prof.-as.-dr.-AIDA-GABETA.jpg 683w, https:\/\/unkorce.edu.al\/wp-content\/uploads\/2024\/12\/prof.-as.-dr.-AIDA-GABETA-200x300.jpg 200w\" sizes=\"auto, (max-width: 683px) 100vw, 683px\" \/><\/div><\/div><div class=\"w-text us_custom_7e62b7c3\"><span class=\"w-text-h\"><span class=\"w-text-value\">10. Prof.as.dr. Aida Gabeta<\/span><\/span><\/div><\/div><\/div><div class=\"w-hwrapper valign_top align_none\"><div class=\"w-vwrapper align_none valign_top\"><div class=\"w-image us_custom_3000a3fb has_ratio align_none\"><div class=\"w-image-h\"><div style=\"padding-bottom:133.3333%\"><\/div><img decoding=\"async\" width=\"683\" height=\"1024\" src=\"https:\/\/unkorce.edu.al\/wp-content\/uploads\/2024\/12\/prof.-as.-dr.-Suela-Gerdhe.jpg\" class=\"attachment-large size-large\" alt=\"\" loading=\"lazy\" srcset=\"https:\/\/unkorce.edu.al\/wp-content\/uploads\/2024\/12\/prof.-as.-dr.-Suela-Gerdhe.jpg 683w, https:\/\/unkorce.edu.al\/wp-content\/uploads\/2024\/12\/prof.-as.-dr.-Suela-Gerdhe-200x300.jpg 200w\" sizes=\"auto, (max-width: 683px) 100vw, 683px\" \/><\/div><\/div><div class=\"w-text us_custom_7e62b7c3\"><span class=\"w-text-h\"><span class=\"w-text-value\">13. Prof.as.dr. Suela G\u00ebrdhe<\/span><\/span><\/div><\/div><div class=\"w-vwrapper align_none valign_top\"><div class=\"w-image us_custom_3000a3fb has_ratio align_none\"><div class=\"w-image-h\"><div style=\"padding-bottom:133.3333%\"><\/div><img decoding=\"async\" width=\"683\" height=\"1024\" src=\"https:\/\/unkorce.edu.al\/wp-content\/uploads\/2024\/12\/WhatsApp-Image-2024-12-16-at-10.49.58-AM.jpeg\" class=\"attachment-full size-full\" alt=\"\" loading=\"lazy\" srcset=\"https:\/\/unkorce.edu.al\/wp-content\/uploads\/2024\/12\/WhatsApp-Image-2024-12-16-at-10.49.58-AM.jpeg 683w, https:\/\/unkorce.edu.al\/wp-content\/uploads\/2024\/12\/WhatsApp-Image-2024-12-16-at-10.49.58-AM-200x300.jpeg 200w\" sizes=\"auto, (max-width: 683px) 100vw, 683px\" \/><\/div><\/div><div class=\"w-text us_custom_7e62b7c3\"><span class=\"w-text-h\"><span class=\"w-text-value\">14. Prof.as.dr. Rafail Prodani<\/span><\/span><\/div><\/div><\/div><div class=\"w-hwrapper valign_top align_none\"><div class=\"w-vwrapper align_none valign_top\"><div class=\"w-image us_custom_3000a3fb has_ratio align_none\"><div class=\"w-image-h\"><div style=\"padding-bottom:133.3333%\"><\/div><img decoding=\"async\" width=\"683\" height=\"1024\" src=\"https:\/\/unkorce.edu.al\/wp-content\/uploads\/2024\/12\/WhatsApp-Image-2024-12-16-at-10.49.01-AM.jpeg\" class=\"attachment-large size-large\" alt=\"\" loading=\"lazy\" srcset=\"https:\/\/unkorce.edu.al\/wp-content\/uploads\/2024\/12\/WhatsApp-Image-2024-12-16-at-10.49.01-AM.jpeg 683w, https:\/\/unkorce.edu.al\/wp-content\/uploads\/2024\/12\/WhatsApp-Image-2024-12-16-at-10.49.01-AM-200x300.jpeg 200w\" sizes=\"auto, (max-width: 683px) 100vw, 683px\" \/><\/div><\/div><div class=\"w-text us_custom_7e62b7c3\"><span class=\"w-text-h\"><span class=\"w-text-value\">17. Phd. Gloria Dim\u00e7o<\/span><\/span><\/div><\/div><div class=\"w-vwrapper align_none valign_top\"><div class=\"w-image us_custom_3000a3fb has_ratio align_none\"><div class=\"w-image-h\"><div style=\"padding-bottom:133.3333%\"><\/div><img decoding=\"async\" width=\"2560\" height=\"1707\" src=\"https:\/\/unkorce.edu.al\/wp-content\/uploads\/2024\/12\/student-Seat-Meto-scaled.jpg\" class=\"attachment-full size-full\" alt=\"\" loading=\"lazy\" srcset=\"https:\/\/unkorce.edu.al\/wp-content\/uploads\/2024\/12\/student-Seat-Meto-scaled.jpg 2560w, https:\/\/unkorce.edu.al\/wp-content\/uploads\/2024\/12\/student-Seat-Meto-300x200.jpg 300w, https:\/\/unkorce.edu.al\/wp-content\/uploads\/2024\/12\/student-Seat-Meto-1024x683.jpg 1024w\" sizes=\"auto, (max-width: 2560px) 100vw, 2560px\" \/><\/div><\/div><div class=\"w-text us_custom_7e62b7c3\"><span class=\"w-text-h\"><span class=\"w-text-value\">18. Seat Meto (student)<\/span><\/span><\/div><\/div><\/div><div class=\"w-hwrapper valign_top align_none\"><div class=\"w-vwrapper align_none valign_top\"><\/div><\/div><\/div><\/div><div class=\"wpb_column vc_column_container\"><div class=\"vc_column-inner\"><div class=\"w-hwrapper valign_top align_none\"><\/div><div class=\"w-hwrapper valign_top align_none\"><div class=\"w-vwrapper align_none valign_top\"><div class=\"w-image us_custom_3000a3fb has_ratio align_none\"><div class=\"w-image-h\"><div style=\"padding-bottom:133.3333%\"><\/div><img decoding=\"async\" width=\"739\" height=\"1024\" src=\"https:\/\/unkorce.edu.al\/wp-content\/uploads\/2024\/12\/Prof.-as.-dr.-Besnik-Skenderasi-scaled-e1737032677981-739x1024.jpg\" class=\"attachment-large size-large\" alt=\"\" loading=\"lazy\" srcset=\"https:\/\/unkorce.edu.al\/wp-content\/uploads\/2024\/12\/Prof.-as.-dr.-Besnik-Skenderasi-scaled-e1737032677981-739x1024.jpg 739w, https:\/\/unkorce.edu.al\/wp-content\/uploads\/2024\/12\/Prof.-as.-dr.-Besnik-Skenderasi-scaled-e1737032677981-216x300.jpg 216w, https:\/\/unkorce.edu.al\/wp-content\/uploads\/2024\/12\/Prof.-as.-dr.-Besnik-Skenderasi-scaled-e1737032677981.jpg 1182w\" sizes=\"auto, (max-width: 739px) 100vw, 739px\" \/><\/div><\/div><div class=\"w-text us_custom_7e62b7c3\"><span class=\"w-text-h\"><span class=\"w-text-value\">2. Prof.as.dr. Besnik Sk\u00ebnderasi<\/span><\/span><\/div><\/div><div class=\"w-vwrapper align_none valign_top\"><div class=\"w-image us_custom_3000a3fb has_ratio align_none\"><div class=\"w-image-h\"><div style=\"padding-bottom:133.3333%\"><\/div><img decoding=\"async\" width=\"683\" height=\"1024\" src=\"https:\/\/unkorce.edu.al\/wp-content\/uploads\/2024\/12\/prof.-as.-dr.-Niko-Roshajni.jpg\" class=\"attachment-large size-large\" alt=\"\" loading=\"lazy\" srcset=\"https:\/\/unkorce.edu.al\/wp-content\/uploads\/2024\/12\/prof.-as.-dr.-Niko-Roshajni.jpg 683w, https:\/\/unkorce.edu.al\/wp-content\/uploads\/2024\/12\/prof.-as.-dr.-Niko-Roshajni-200x300.jpg 200w\" sizes=\"auto, (max-width: 683px) 100vw, 683px\" \/><\/div><\/div><div class=\"w-text us_custom_7e62b7c3\"><span class=\"w-text-h\"><span class=\"w-text-value\">3. Prof.as.dr. Nikollaq Roshanji<\/span><\/span><\/div><\/div><\/div><div class=\"w-hwrapper valign_top align_none\"><div class=\"w-vwrapper align_none valign_top\"><div class=\"w-image us_custom_3000a3fb has_ratio align_none\"><div class=\"w-image-h\"><div style=\"padding-bottom:133.3333%\"><\/div><img decoding=\"async\" width=\"884\" height=\"1024\" src=\"https:\/\/unkorce.edu.al\/wp-content\/uploads\/2024\/12\/Ph-D-Metin-Venxha.jpg\" class=\"attachment-large size-large\" alt=\"\" loading=\"lazy\" srcset=\"https:\/\/unkorce.edu.al\/wp-content\/uploads\/2024\/12\/Ph-D-Metin-Venxha.jpg 884w, https:\/\/unkorce.edu.al\/wp-content\/uploads\/2024\/12\/Ph-D-Metin-Venxha-259x300.jpg 259w\" sizes=\"auto, (max-width: 884px) 100vw, 884px\" \/><\/div><\/div><div class=\"w-text us_custom_7e62b7c3\"><span class=\"w-text-h\"><span class=\"w-text-value\">7. Phd. Metin Venxha<\/span><\/span><\/div><\/div><div class=\"w-vwrapper align_none valign_top\"><div class=\"w-image us_custom_3000a3fb has_ratio align_none\"><div class=\"w-image-h\"><div style=\"padding-bottom:133.3333%\"><\/div><img decoding=\"async\" width=\"683\" height=\"1024\" src=\"https:\/\/unkorce.edu.al\/wp-content\/uploads\/2024\/12\/prof.-as.-dr.-Nevruz-Zeka-1.jpg\" class=\"attachment-full size-full\" alt=\"\" loading=\"lazy\" srcset=\"https:\/\/unkorce.edu.al\/wp-content\/uploads\/2024\/12\/prof.-as.-dr.-Nevruz-Zeka-1.jpg 683w, https:\/\/unkorce.edu.al\/wp-content\/uploads\/2024\/12\/prof.-as.-dr.-Nevruz-Zeka-1-200x300.jpg 200w\" sizes=\"auto, (max-width: 683px) 100vw, 683px\" \/><\/div><\/div><div class=\"w-text us_custom_7e62b7c3\"><span class=\"w-text-h\"><span class=\"w-text-value\">4. Prof.as.dr. Nevruz Zeka<\/span><\/span><\/div><\/div><\/div><div class=\"w-hwrapper valign_top align_none\"><div class=\"w-vwrapper align_none valign_top\"><div class=\"w-image us_custom_3000a3fb has_ratio align_none\"><div class=\"w-image-h\"><div style=\"padding-bottom:133.3333%\"><\/div><img decoding=\"async\" width=\"683\" height=\"1024\" src=\"https:\/\/unkorce.edu.al\/wp-content\/uploads\/2024\/12\/prof.-as.-dr.-Frederik-Cucllari.jpg\" class=\"attachment-large size-large\" alt=\"\" loading=\"lazy\" srcset=\"https:\/\/unkorce.edu.al\/wp-content\/uploads\/2024\/12\/prof.-as.-dr.-Frederik-Cucllari.jpg 683w, https:\/\/unkorce.edu.al\/wp-content\/uploads\/2024\/12\/prof.-as.-dr.-Frederik-Cucllari-200x300.jpg 200w\" sizes=\"auto, (max-width: 683px) 100vw, 683px\" \/><\/div><\/div><div class=\"w-text us_custom_7e62b7c3\"><span class=\"w-text-h\"><span class=\"w-text-value\">11. Prof.as.dr Frederik \u00c7u\u00e7llari<\/span><\/span><\/div><\/div><div class=\"w-vwrapper align_none valign_top\"><div class=\"w-image us_custom_3000a3fb has_ratio align_none\"><div class=\"w-image-h\"><div style=\"padding-bottom:133.3333%\"><\/div><img decoding=\"async\" width=\"683\" height=\"1024\" src=\"https:\/\/unkorce.edu.al\/wp-content\/uploads\/2024\/12\/prof.-as.-dr.-Eris-Rusi.jpg\" class=\"attachment-full size-full\" alt=\"\" loading=\"lazy\" srcset=\"https:\/\/unkorce.edu.al\/wp-content\/uploads\/2024\/12\/prof.-as.-dr.-Eris-Rusi.jpg 683w, https:\/\/unkorce.edu.al\/wp-content\/uploads\/2024\/12\/prof.-as.-dr.-Eris-Rusi-200x300.jpg 200w\" sizes=\"auto, (max-width: 683px) 100vw, 683px\" \/><\/div><\/div><div class=\"w-text us_custom_7e62b7c3\"><span class=\"w-text-h\"><span class=\"w-text-value\">8. Prof.as.dr. Eris Rusi<\/span><\/span><\/div><\/div><\/div><div class=\"w-hwrapper valign_top align_none\"><div class=\"w-vwrapper align_none valign_top\"><div class=\"w-image us_custom_3000a3fb has_ratio align_none\"><div class=\"w-image-h\"><div style=\"padding-bottom:133.3333%\"><\/div><img decoding=\"async\" width=\"683\" height=\"1024\" src=\"https:\/\/unkorce.edu.al\/wp-content\/uploads\/2024\/12\/prof.-dr.-Gjergji-Pendavinji.jpg\" class=\"attachment-large size-large\" alt=\"\" loading=\"lazy\" srcset=\"https:\/\/unkorce.edu.al\/wp-content\/uploads\/2024\/12\/prof.-dr.-Gjergji-Pendavinji.jpg 683w, https:\/\/unkorce.edu.al\/wp-content\/uploads\/2024\/12\/prof.-dr.-Gjergji-Pendavinji-200x300.jpg 200w\" sizes=\"auto, (max-width: 683px) 100vw, 683px\" \/><\/div><\/div><div class=\"w-text us_custom_7e62b7c3\"><span class=\"w-text-h\"><span class=\"w-text-value\">15. Prof.dr. Gjergji Pendavinji<\/span><\/span><\/div><\/div><div class=\"w-vwrapper align_none valign_top\"><div class=\"w-image us_custom_3000a3fb has_ratio align_none\"><div class=\"w-image-h\"><div style=\"padding-bottom:133.3333%\"><\/div><img decoding=\"async\" width=\"682\" height=\"1024\" src=\"https:\/\/unkorce.edu.al\/wp-content\/uploads\/2025\/12\/WhatsApp-Image-2025-12-02-at-9.48.27-AM-682x1024.jpeg\" class=\"attachment-large size-large\" alt=\"\" loading=\"lazy\" srcset=\"https:\/\/unkorce.edu.al\/wp-content\/uploads\/2025\/12\/WhatsApp-Image-2025-12-02-at-9.48.27-AM-682x1024.jpeg 682w, https:\/\/unkorce.edu.al\/wp-content\/uploads\/2025\/12\/WhatsApp-Image-2025-12-02-at-9.48.27-AM-200x300.jpeg 200w, https:\/\/unkorce.edu.al\/wp-content\/uploads\/2025\/12\/WhatsApp-Image-2025-12-02-at-9.48.27-AM-8x12.jpeg 8w, https:\/\/unkorce.edu.al\/wp-content\/uploads\/2025\/12\/WhatsApp-Image-2025-12-02-at-9.48.27-AM.jpeg 853w\" sizes=\"auto, (max-width: 682px) 100vw, 682px\" \/><\/div><\/div><div class=\"w-text us_custom_7e62b7c3\"><span class=\"w-text-h\"><span class=\"w-text-value\">12. Prof. as. dr. Alketa Pasholli<\/span><\/span><\/div><\/div><\/div><div class=\"w-hwrapper valign_top align_none\"><div class=\"w-vwrapper align_none valign_top\"><div class=\"w-image us_custom_3000a3fb has_ratio align_none\"><div class=\"w-image-h\"><div style=\"padding-bottom:133.3333%\"><\/div><img decoding=\"async\" width=\"1024\" height=\"683\" src=\"https:\/\/unkorce.edu.al\/wp-content\/uploads\/2024\/12\/Studente-Ilma-Mahmutllari-1024x683.jpg\" class=\"attachment-large size-large\" alt=\"\" loading=\"lazy\" srcset=\"https:\/\/unkorce.edu.al\/wp-content\/uploads\/2024\/12\/Studente-Ilma-Mahmutllari-1024x683.jpg 1024w, https:\/\/unkorce.edu.al\/wp-content\/uploads\/2024\/12\/Studente-Ilma-Mahmutllari-300x200.jpg 300w\" sizes=\"auto, (max-width: 1024px) 100vw, 1024px\" \/><\/div><\/div><div class=\"w-text us_custom_7e62b7c3\"><span class=\"w-text-h\"><span class=\"w-text-value\">19. Ilma Mahmutllari (student)<\/span><\/span><\/div><\/div><div class=\"w-vwrapper align_none valign_top\"><div class=\"w-image us_custom_3000a3fb has_ratio align_none\"><div class=\"w-image-h\"><div style=\"padding-bottom:133.3333%\"><\/div><img decoding=\"async\" width=\"2560\" height=\"1440\" src=\"https:\/\/unkorce.edu.al\/wp-content\/uploads\/2024\/12\/prof.-as.-dr.-Magdalini-Vampa-scaled.jpeg\" class=\"attachment-full size-full\" alt=\"\" loading=\"lazy\" srcset=\"https:\/\/unkorce.edu.al\/wp-content\/uploads\/2024\/12\/prof.-as.-dr.-Magdalini-Vampa-scaled.jpeg 2560w, https:\/\/unkorce.edu.al\/wp-content\/uploads\/2024\/12\/prof.-as.-dr.-Magdalini-Vampa-300x169.jpeg 300w, https:\/\/unkorce.edu.al\/wp-content\/uploads\/2024\/12\/prof.-as.-dr.-Magdalini-Vampa-1024x576.jpeg 1024w\" sizes=\"auto, (max-width: 2560px) 100vw, 2560px\" \/><\/div><\/div><div class=\"w-text us_custom_7e62b7c3\"><span class=\"w-text-h\"><span class=\"w-text-value\">16. Prof.as.dr. Magdalini Vampa<\/span><\/span><\/div><\/div><\/div><\/div><\/div><\/div><\/div><\/section><section class=\"l-section wpb_row height_medium width_full\"><div class=\"l-section-h i-cf\"><div class=\"g-cols vc_row via_grid cols_1 laptops-cols_inherit tablets-cols_inherit mobiles-cols_1 valign_top type_default stacking_default\"><div class=\"wpb_column vc_column_container\"><div class=\"vc_column-inner\"><h3 class=\"w-text\"><a href=\"https:\/\/unkorce.edu.al\/en\/vendim-senati\/\" class=\"w-text-h\"><span class=\"w-text-value\">VENDIME T\u00cb SENATIT AKADEMIK (KLIKO)<\/span><\/a><\/h3><\/div><\/div><\/div><\/div><\/section>","protected":false},"excerpt":{"rendered":"","protected":false},"author":122,"featured_media":0,"parent":0,"menu_order":0,"comment_status":"closed","ping_status":"closed","template":"","meta":{"_acf_changed":false,"footnotes":""},"class_list":["post-8629","page","type-page","status-publish","hentry"],"acf":[],"yoast_head":"<!-- This site is optimized with the Yoast SEO plugin v26.9 - https:\/\/yoast.com\/product\/yoast-seo-wordpress\/ -->\n<title>AN\u00cbTAR\u00cbT E SENATIT AKADEMIK T\u00cb UNIVERSITETIT \u201cFAN. S. NOLI\u201d - Universiteti &quot;Fan S. Noli&quot;, Kor\u00e7\u00eb<\/title>\n<meta name=\"robots\" content=\"index, follow, max-snippet:-1, max-image-preview:large, max-video-preview:-1\" \/>\n<link rel=\"canonical\" href=\"https:\/\/unkorce.edu.al\/en\/senati-akademik\/\" \/>\n<meta property=\"og:locale\" content=\"en_US\" \/>\n<meta property=\"og:type\" content=\"article\" \/>\n<meta property=\"og:title\" content=\"AN\u00cbTAR\u00cbT E SENATIT AKADEMIK T\u00cb UNIVERSITETIT \u201cFAN. S. NOLI\u201d - Universiteti &quot;Fan S. Noli&quot;, Kor\u00e7\u00eb\" \/>\n<meta property=\"og:url\" content=\"https:\/\/unkorce.edu.al\/en\/senati-akademik\/\" \/>\n<meta property=\"og:site_name\" content=\"Universiteti &quot;Fan S. Noli&quot;, Kor\u00e7\u00eb\" \/>\n<meta property=\"article:publisher\" content=\"https:\/\/www.facebook.com\/unkorce\" \/>\n<meta property=\"article:modified_time\" content=\"2025-12-16T12:31:50+00:00\" \/>\n<meta name=\"twitter:card\" content=\"summary_large_image\" \/>\n<meta name=\"twitter:label1\" content=\"Est. reading time\" \/>\n\t<meta name=\"twitter:data1\" content=\"1 minute\" \/>\n<script type=\"application\/ld+json\" class=\"yoast-schema-graph\">{\"@context\":\"https:\/\/schema.org\",\"@graph\":[{\"@type\":\"WebPage\",\"@id\":\"https:\/\/unkorce.edu.al\/senati-akademik\/\",\"url\":\"https:\/\/unkorce.edu.al\/senati-akademik\/\",\"name\":\"AN\u00cbTAR\u00cbT E SENATIT AKADEMIK T\u00cb UNIVERSITETIT \u201cFAN. S. NOLI\u201d - Universiteti \\\"Fan S. Noli\\\", Kor\u00e7\u00eb\",\"isPartOf\":{\"@id\":\"https:\/\/unkorce.edu.al\/#website\"},\"datePublished\":\"2022-04-11T09:05:49+00:00\",\"dateModified\":\"2025-12-16T12:31:50+00:00\",\"breadcrumb\":{\"@id\":\"https:\/\/unkorce.edu.al\/senati-akademik\/#breadcrumb\"},\"inLanguage\":\"en-US\",\"potentialAction\":[{\"@type\":\"ReadAction\",\"target\":[\"https:\/\/unkorce.edu.al\/senati-akademik\/\"]}]},{\"@type\":\"BreadcrumbList\",\"@id\":\"https:\/\/unkorce.edu.al\/senati-akademik\/#breadcrumb\",\"itemListElement\":[{\"@type\":\"ListItem\",\"position\":1,\"name\":\"Home\",\"item\":\"https:\/\/unkorce.edu.al\/\"},{\"@type\":\"ListItem\",\"position\":2,\"name\":\"AN\u00cbTAR\u00cbT E SENATIT AKADEMIK T\u00cb UNIVERSITETIT \u201cFAN. S. NOLI\u201d\"}]},{\"@type\":\"WebSite\",\"@id\":\"https:\/\/unkorce.edu.al\/#website\",\"url\":\"https:\/\/unkorce.edu.al\/\",\"name\":\"Universiteti \\\"Fan S. Noli\\\", Kor\u00e7\u00eb\",\"description\":\"Mir&euml;sevini n&euml; faqen zyrtare!\",\"publisher\":{\"@id\":\"https:\/\/unkorce.edu.al\/#organization\"},\"potentialAction\":[{\"@type\":\"SearchAction\",\"target\":{\"@type\":\"EntryPoint\",\"urlTemplate\":\"https:\/\/unkorce.edu.al\/?s={search_term_string}\"},\"query-input\":{\"@type\":\"PropertyValueSpecification\",\"valueRequired\":true,\"valueName\":\"search_term_string\"}}],\"inLanguage\":\"en-US\"},{\"@type\":\"Organization\",\"@id\":\"https:\/\/unkorce.edu.al\/#organization\",\"name\":\"Universiteti \\\"Fan S. Noli\\\", Kor\u00e7\u00eb\",\"url\":\"https:\/\/unkorce.edu.al\/\",\"logo\":{\"@type\":\"ImageObject\",\"inLanguage\":\"en-US\",\"@id\":\"https:\/\/unkorce.edu.al\/#\/schema\/logo\/image\/\",\"url\":\"https:\/\/unkorce.edu.al\/wp-content\/uploads\/2024\/08\/Logo_e_Universitetit__Fan_Noli_-e1726660879862.png\",\"contentUrl\":\"https:\/\/unkorce.edu.al\/wp-content\/uploads\/2024\/08\/Logo_e_Universitetit__Fan_Noli_-e1726660879862.png\",\"width\":200,\"height\":120,\"caption\":\"Universiteti \\\"Fan S. Noli\\\", Kor\u00e7\u00eb\"},\"image\":{\"@id\":\"https:\/\/unkorce.edu.al\/#\/schema\/logo\/image\/\"},\"sameAs\":[\"https:\/\/www.facebook.com\/unkorce\"]}]}<\/script>\n<!-- \/ Yoast SEO plugin. -->","yoast_head_json":{"title":"AN\u00cbTAR\u00cbT E SENATIT AKADEMIK T\u00cb UNIVERSITETIT \u201cFAN. S. NOLI\u201d - Universiteti \"Fan S. Noli\", Kor\u00e7\u00eb","robots":{"index":"index","follow":"follow","max-snippet":"max-snippet:-1","max-image-preview":"max-image-preview:large","max-video-preview":"max-video-preview:-1"},"canonical":"https:\/\/unkorce.edu.al\/en\/senati-akademik\/","og_locale":"en_US","og_type":"article","og_title":"AN\u00cbTAR\u00cbT E SENATIT AKADEMIK T\u00cb UNIVERSITETIT \u201cFAN. S. NOLI\u201d - Universiteti \"Fan S. Noli\", Kor\u00e7\u00eb","og_url":"https:\/\/unkorce.edu.al\/en\/senati-akademik\/","og_site_name":"Universiteti \"Fan S. Noli\", Kor\u00e7\u00eb","article_publisher":"https:\/\/www.facebook.com\/unkorce","article_modified_time":"2025-12-16T12:31:50+00:00","twitter_card":"summary_large_image","twitter_misc":{"Est. reading time":"1 minute"},"schema":{"@context":"https:\/\/schema.org","@graph":[{"@type":"WebPage","@id":"https:\/\/unkorce.edu.al\/senati-akademik\/","url":"https:\/\/unkorce.edu.al\/senati-akademik\/","name":"AN\u00cbTAR\u00cbT E SENATIT AKADEMIK T\u00cb UNIVERSITETIT \u201cFAN. S. NOLI\u201d - Universiteti \"Fan S. Noli\", Kor\u00e7\u00eb","isPartOf":{"@id":"https:\/\/unkorce.edu.al\/#website"},"datePublished":"2022-04-11T09:05:49+00:00","dateModified":"2025-12-16T12:31:50+00:00","breadcrumb":{"@id":"https:\/\/unkorce.edu.al\/senati-akademik\/#breadcrumb"},"inLanguage":"en-US","potentialAction":[{"@type":"ReadAction","target":["https:\/\/unkorce.edu.al\/senati-akademik\/"]}]},{"@type":"BreadcrumbList","@id":"https:\/\/unkorce.edu.al\/senati-akademik\/#breadcrumb","itemListElement":[{"@type":"ListItem","position":1,"name":"Home","item":"https:\/\/unkorce.edu.al\/"},{"@type":"ListItem","position":2,"name":"AN\u00cbTAR\u00cbT E SENATIT AKADEMIK T\u00cb UNIVERSITETIT \u201cFAN. S. NOLI\u201d"}]},{"@type":"WebSite","@id":"https:\/\/unkorce.edu.al\/#website","url":"https:\/\/unkorce.edu.al\/","name":"Universiteti \"Fan S. Noli\", Kor\u00e7\u00eb","description":"Mir&euml;sevini n&euml; faqen zyrtare!","publisher":{"@id":"https:\/\/unkorce.edu.al\/#organization"},"potentialAction":[{"@type":"SearchAction","target":{"@type":"EntryPoint","urlTemplate":"https:\/\/unkorce.edu.al\/?s={search_term_string}"},"query-input":{"@type":"PropertyValueSpecification","valueRequired":true,"valueName":"search_term_string"}}],"inLanguage":"en-US"},{"@type":"Organization","@id":"https:\/\/unkorce.edu.al\/#organization","name":"Universiteti \"Fan S. Noli\", Kor\u00e7\u00eb","url":"https:\/\/unkorce.edu.al\/","logo":{"@type":"ImageObject","inLanguage":"en-US","@id":"https:\/\/unkorce.edu.al\/#\/schema\/logo\/image\/","url":"https:\/\/unkorce.edu.al\/wp-content\/uploads\/2024\/08\/Logo_e_Universitetit__Fan_Noli_-e1726660879862.png","contentUrl":"https:\/\/unkorce.edu.al\/wp-content\/uploads\/2024\/08\/Logo_e_Universitetit__Fan_Noli_-e1726660879862.png","width":200,"height":120,"caption":"Universiteti \"Fan S. Noli\", Kor\u00e7\u00eb"},"image":{"@id":"https:\/\/unkorce.edu.al\/#\/schema\/logo\/image\/"},"sameAs":["https:\/\/www.facebook.com\/unkorce"]}]}},"_links":{"self":[{"href":"https:\/\/unkorce.edu.al\/en\/wp-json\/wp\/v2\/pages\/8629","targetHints":{"allow":["GET"]}}],"collection":[{"href":"https:\/\/unkorce.edu.al\/en\/wp-json\/wp\/v2\/pages"}],"about":[{"href":"https:\/\/unkorce.edu.al\/en\/wp-json\/wp\/v2\/types\/page"}],"author":[{"embeddable":true,"href":"https:\/\/unkorce.edu.al\/en\/wp-json\/wp\/v2\/users\/122"}],"replies":[{"embeddable":true,"href":"https:\/\/unkorce.edu.al\/en\/wp-json\/wp\/v2\/comments?post=8629"}],"version-history":[{"count":15,"href":"https:\/\/unkorce.edu.al\/en\/wp-json\/wp\/v2\/pages\/8629\/revisions"}],"predecessor-version":[{"id":36067,"href":"https:\/\/unkorce.edu.al\/en\/wp-json\/wp\/v2\/pages\/8629\/revisions\/36067"}],"wp:attachment":[{"href":"https:\/\/unkorce.edu.al\/en\/wp-json\/wp\/v2\/media?parent=8629"}],"curies":[{"name":"wp","href":"https:\/\/api.w.org\/{rel}","templated":true}]}}