{"id":8491,"date":"2022-03-23T13:00:33","date_gmt":"2022-03-23T13:00:33","guid":{"rendered":"\/?page_id=8491"},"modified":"2022-03-23T13:00:33","modified_gmt":"2022-03-23T13:00:33","slug":"ede","status":"publish","type":"page","link":"https:\/\/unkorce.edu.al\/en\/ede\/","title":{"rendered":"EDE"},"content":{"rendered":"<div class=\"wp-block-columns is-layout-flex wp-container-core-columns-is-layout-9d6595d7 wp-block-columns-is-layout-flex\">\n<div class=\"wp-block-column is-layout-flow wp-block-column-is-layout-flow\">\n<figure class=\"wp-block-image is-style-default\"><img decoding=\"async\" src=\":8001\/sites\/default\/files\/ede_3.jpg.png\" alt=\"\"\/><\/figure>\n<\/div>\n\n\n\n<div class=\"wp-block-column is-layout-flow wp-block-column-is-layout-flow\">\n<p>EDE-ja e Fakultetit t\u00eb Bujq\u00ebsis\u00eb \u00ebsht\u00eb nj\u00eb nj\u00ebsi p\u00ebrb\u00ebr\u00ebse mjaft e r\u00ebnd\u00ebsishme, e cila p\u00ebrdoret nga Fakulteti i Bujq\u00ebsis\u00eb n\u00eb interes t\u00eb m\u00ebsimdh\u00ebnies dhe k\u00ebrkimit shkencor, si pjes\u00eb kryesore e veprimtaris\u00eb q\u00eb kryen ai, si nj\u00eb institucion publik i arsimit t\u00eb lart\u00eb. Aktualisht ajo ka rreth 15 ha tok\u00eb.1-N\u00eb k\u00ebt\u00eb sip\u00ebrfaqe toke realizohen or\u00ebt e praktikes m\u00ebsimore t\u00eb studenteve t\u00eb Fakultetit t\u00eb Bujq\u00ebsis\u00eb. Aty kultivohen nj\u00eb gama e gjer\u00eb e kulturave bujq\u00ebsore si, disa prej bim\u00ebve t\u00eb arave, pem\u00ebve frutore, kulturave foragjere dhe perimore etj, prova t\u00eb ndryshme krahasuese p\u00ebr disa kultura bujq\u00ebsore, etj.\u00a02-Aktiviteti i dyt\u00eb p\u00ebr t\u00eb cil\u00ebn p\u00ebrdoret kjo sip\u00ebrfaqe toke \u00ebsht\u00eb veprimtaria eksperimentale-shkencore. Aktualisht mbi ket\u00eb sip\u00ebrfaqe jan\u00eb ngritur disa eksperimente si ato n\u00eb kultur\u00ebn e grurit, elbit, pem\u00ebt frutore, foragjeret, fasules, patates, etj.\u00a0\u00a0N\u00eb vitin 2016 n\u00eb bashk\u00ebpunim me QTTB Fush\u00eb Kruj\u00eb u ngrit nj\u00eb koleksion i plot\u00eb i bim\u00ebve foragjere (bath\u00eb, bizele, soj\u00eb, thjerz\u00eb, ko\u00e7kull, burxhak, urov, jonxh\u00eb).U fut\u00ebn n\u00eb prov\u00eb p\u00ebr t\u00eb par\u00eb p\u00ebrshtatshm\u00ebrin\u00eb me klim\u00ebn e zon\u00ebs s\u00eb Kor\u00e7\u00ebs disa kultivar\u00eb t\u00eb specieve t\u00eb m\u00ebsip\u00ebrme.N\u00eb vitin 2016 koleksioni i pem\u00ebtaris\u00eb u pasurua me mbjelljen e 1,2 ha pem\u00ebtore t\u00eb re me arra, lajthi dhe qershi.Mekanika bujq\u00ebsore \u00ebsht\u00eb rinovuar dhe shtuar me nj\u00eb traktor t\u00eb madh, nj\u00eb traktor t\u00eb vog\u00ebl p\u00ebr punime n\u00eb pemtore etj, si dhe dy pompa sp\u00ebrkat\u00ebse, nj\u00eb\u00a0rimorkio, dy makina mbjell\u00ebse, makin\u00eb shp\u00ebrndar\u00ebse plehu, plugje t\u00eb varur, makin\u00eb mbledh\u00ebs dhe lidh\u00ebse kashte, etj .Kjo nj\u00ebsi duhet t\u00eb funksionoj\u00eb plot\u00ebsisht sipas Ligjit nr. 80\/2015 dat\u00eb 22.7.2015 \u201cP\u00ebr arsimin e lart\u00eb dhe k\u00ebrkimin shkencor n\u00eb institucionet e arsimit t\u00eb lart\u00eb n\u00eb Republik\u00ebn e Shqip\u00ebris\u00eb\u201d\u00a0 P\u00ebr k\u00ebt\u00eb arsye, bazuar n\u00eb Neni 26 i k\u00ebtij ligji, kjo nj\u00ebsi duhet:1. T\u00eb shndrohet n\u00eb nj\u00eb qend\u00ebr k\u00ebrkimore-shkencore e Fakultetit Bujq\u00ebsis\u00eb si nj\u00ebsi baz\u00eb q\u00eb kryen veprimtari k\u00ebrkimore-shkencore dhe zhvillimi. K\u00ebrkimi shkencor i zbatuar do t\u00eb ket\u00eb p\u00ebrpar\u00ebsi me q\u00ebllim q\u00eb t\u00eb gjej\u00eb zgjidhje praktike dhe specifike me objektiv kryesor shfryt\u00ebzimin e njohurive teorike, me q\u00ebllim zbatimin e tyre n\u00eb praktik\u00eb.2. Qendra do t\u00eb t\u00eb mb\u00ebshtes\u00eb realizimin e programeve t\u00eb studimeve \u201cMaster i shkencave\u201d dhe \u201cDoktoratur\u00eb\u201d, t\u00eb ofruara nga departamentet e Fakultetit t\u00eb Bujq\u00ebsis\u00eb.3. Nga pik\u00ebpamja ekonomike do t\u00eb synohet maksimalizimi i t\u00eb ardhurave duke prodhuar produkte dhe sh\u00ebrbime t\u00eb nivelit m\u00eb t\u00eb lart\u00eb teknologjik. N\u00eb ket\u00eb drejtim p\u00ebrpar\u00ebsi do t\u00eb ket\u00eb prodhimi i far\u00ebrave t\u00eb gjeneracioneve t\u00eb larta shum\u00eb t\u00eb k\u00ebrkuara nga tregu.5. Kjo sip\u00ebrfaqe toke n\u00ebp\u00ebrmjet zbatimit te teknologjive te p\u00ebrparuara duhet t\u00eb shnd\u00ebrrohet n\u00eb qend\u00ebr reference p\u00ebr fermer\u00ebt dhe zhvillimin e bujq\u00ebsis\u00eb s\u00eb rajonit.<\/p>\n<\/div>\n<\/div>","protected":false},"excerpt":{"rendered":"<p>EDE-ja e Fakultetit t\u00eb Bujq\u00ebsis\u00eb \u00ebsht\u00eb nj\u00eb nj\u00ebsi p\u00ebrb\u00ebr\u00ebse mjaft e r\u00ebnd\u00ebsishme, e cila p\u00ebrdoret nga Fakulteti i Bujq\u00ebsis\u00eb n\u00eb interes t\u00eb m\u00ebsimdh\u00ebnies dhe k\u00ebrkimit shkencor, si pjes\u00eb kryesore e veprimtaris\u00eb q\u00eb kryen ai, si nj\u00eb institucion publik i arsimit t\u00eb lart\u00eb. Aktualisht ajo ka rreth 15 ha tok\u00eb.1-N\u00eb k\u00ebt\u00eb sip\u00ebrfaqe toke realizohen or\u00ebt e&#8230;<\/p>","protected":false},"author":122,"featured_media":0,"parent":0,"menu_order":0,"comment_status":"closed","ping_status":"closed","template":"","meta":{"_acf_changed":false,"footnotes":""},"class_list":["post-8491","page","type-page","status-publish","hentry"],"acf":[],"yoast_head":"<!-- This site is optimized with the Yoast SEO plugin v26.9 - https:\/\/yoast.com\/product\/yoast-seo-wordpress\/ -->\n<title>EDE - Universiteti &quot;Fan S. Noli&quot;, Kor\u00e7\u00eb<\/title>\n<meta name=\"robots\" content=\"index, follow, max-snippet:-1, max-image-preview:large, max-video-preview:-1\" \/>\n<link rel=\"canonical\" href=\"https:\/\/unkorce.edu.al\/en\/ede\/\" \/>\n<meta property=\"og:locale\" content=\"en_US\" \/>\n<meta property=\"og:type\" content=\"article\" \/>\n<meta property=\"og:title\" content=\"EDE - Universiteti &quot;Fan S. Noli&quot;, Kor\u00e7\u00eb\" \/>\n<meta property=\"og:description\" content=\"EDE-ja e Fakultetit t\u00eb Bujq\u00ebsis\u00eb \u00ebsht\u00eb nj\u00eb nj\u00ebsi p\u00ebrb\u00ebr\u00ebse mjaft e r\u00ebnd\u00ebsishme, e cila p\u00ebrdoret nga Fakulteti i Bujq\u00ebsis\u00eb n\u00eb interes t\u00eb m\u00ebsimdh\u00ebnies dhe k\u00ebrkimit shkencor, si pjes\u00eb kryesore e veprimtaris\u00eb q\u00eb kryen ai, si nj\u00eb institucion publik i arsimit t\u00eb lart\u00eb. Aktualisht ajo ka rreth 15 ha tok\u00eb.1-N\u00eb k\u00ebt\u00eb sip\u00ebrfaqe toke realizohen or\u00ebt e...\" \/>\n<meta property=\"og:url\" content=\"https:\/\/unkorce.edu.al\/en\/ede\/\" \/>\n<meta property=\"og:site_name\" content=\"Universiteti &quot;Fan S. Noli&quot;, Kor\u00e7\u00eb\" \/>\n<meta property=\"article:publisher\" content=\"https:\/\/www.facebook.com\/unkorce\" \/>\n<meta name=\"twitter:card\" content=\"summary_large_image\" \/>\n<meta name=\"twitter:label1\" content=\"Est. reading time\" \/>\n\t<meta name=\"twitter:data1\" content=\"2 minutes\" \/>\n<script type=\"application\/ld+json\" class=\"yoast-schema-graph\">{\"@context\":\"https:\/\/schema.org\",\"@graph\":[{\"@type\":\"WebPage\",\"@id\":\"https:\/\/unkorce.edu.al\/ede\/\",\"url\":\"https:\/\/unkorce.edu.al\/ede\/\",\"name\":\"EDE - Universiteti \\\"Fan S. Noli\\\", Kor\u00e7\u00eb\",\"isPartOf\":{\"@id\":\"https:\/\/unkorce.edu.al\/#website\"},\"datePublished\":\"2022-03-23T13:00:33+00:00\",\"breadcrumb\":{\"@id\":\"https:\/\/unkorce.edu.al\/ede\/#breadcrumb\"},\"inLanguage\":\"en-US\",\"potentialAction\":[{\"@type\":\"ReadAction\",\"target\":[\"https:\/\/unkorce.edu.al\/ede\/\"]}]},{\"@type\":\"BreadcrumbList\",\"@id\":\"https:\/\/unkorce.edu.al\/ede\/#breadcrumb\",\"itemListElement\":[{\"@type\":\"ListItem\",\"position\":1,\"name\":\"Home\",\"item\":\"https:\/\/unkorce.edu.al\/\"},{\"@type\":\"ListItem\",\"position\":2,\"name\":\"EDE\"}]},{\"@type\":\"WebSite\",\"@id\":\"https:\/\/unkorce.edu.al\/#website\",\"url\":\"https:\/\/unkorce.edu.al\/\",\"name\":\"Universiteti \\\"Fan S. Noli\\\", Kor\u00e7\u00eb\",\"description\":\"Mir&euml;sevini n&euml; faqen zyrtare!\",\"publisher\":{\"@id\":\"https:\/\/unkorce.edu.al\/#organization\"},\"potentialAction\":[{\"@type\":\"SearchAction\",\"target\":{\"@type\":\"EntryPoint\",\"urlTemplate\":\"https:\/\/unkorce.edu.al\/?s={search_term_string}\"},\"query-input\":{\"@type\":\"PropertyValueSpecification\",\"valueRequired\":true,\"valueName\":\"search_term_string\"}}],\"inLanguage\":\"en-US\"},{\"@type\":\"Organization\",\"@id\":\"https:\/\/unkorce.edu.al\/#organization\",\"name\":\"Universiteti \\\"Fan S. Noli\\\", Kor\u00e7\u00eb\",\"url\":\"https:\/\/unkorce.edu.al\/\",\"logo\":{\"@type\":\"ImageObject\",\"inLanguage\":\"en-US\",\"@id\":\"https:\/\/unkorce.edu.al\/#\/schema\/logo\/image\/\",\"url\":\"https:\/\/unkorce.edu.al\/wp-content\/uploads\/2024\/08\/Logo_e_Universitetit__Fan_Noli_-e1726660879862.png\",\"contentUrl\":\"https:\/\/unkorce.edu.al\/wp-content\/uploads\/2024\/08\/Logo_e_Universitetit__Fan_Noli_-e1726660879862.png\",\"width\":200,\"height\":120,\"caption\":\"Universiteti \\\"Fan S. Noli\\\", Kor\u00e7\u00eb\"},\"image\":{\"@id\":\"https:\/\/unkorce.edu.al\/#\/schema\/logo\/image\/\"},\"sameAs\":[\"https:\/\/www.facebook.com\/unkorce\"]}]}<\/script>\n<!-- \/ Yoast SEO plugin. -->","yoast_head_json":{"title":"EDE - Universiteti \"Fan S. Noli\", Kor\u00e7\u00eb","robots":{"index":"index","follow":"follow","max-snippet":"max-snippet:-1","max-image-preview":"max-image-preview:large","max-video-preview":"max-video-preview:-1"},"canonical":"https:\/\/unkorce.edu.al\/en\/ede\/","og_locale":"en_US","og_type":"article","og_title":"EDE - Universiteti \"Fan S. Noli\", Kor\u00e7\u00eb","og_description":"EDE-ja e Fakultetit t\u00eb Bujq\u00ebsis\u00eb \u00ebsht\u00eb nj\u00eb nj\u00ebsi p\u00ebrb\u00ebr\u00ebse mjaft e r\u00ebnd\u00ebsishme, e cila p\u00ebrdoret nga Fakulteti i Bujq\u00ebsis\u00eb n\u00eb interes t\u00eb m\u00ebsimdh\u00ebnies dhe k\u00ebrkimit shkencor, si pjes\u00eb kryesore e veprimtaris\u00eb q\u00eb kryen ai, si nj\u00eb institucion publik i arsimit t\u00eb lart\u00eb. Aktualisht ajo ka rreth 15 ha tok\u00eb.1-N\u00eb k\u00ebt\u00eb sip\u00ebrfaqe toke realizohen or\u00ebt e...","og_url":"https:\/\/unkorce.edu.al\/en\/ede\/","og_site_name":"Universiteti \"Fan S. Noli\", Kor\u00e7\u00eb","article_publisher":"https:\/\/www.facebook.com\/unkorce","twitter_card":"summary_large_image","twitter_misc":{"Est. reading time":"2 minutes"},"schema":{"@context":"https:\/\/schema.org","@graph":[{"@type":"WebPage","@id":"https:\/\/unkorce.edu.al\/ede\/","url":"https:\/\/unkorce.edu.al\/ede\/","name":"EDE - Universiteti \"Fan S. Noli\", Kor\u00e7\u00eb","isPartOf":{"@id":"https:\/\/unkorce.edu.al\/#website"},"datePublished":"2022-03-23T13:00:33+00:00","breadcrumb":{"@id":"https:\/\/unkorce.edu.al\/ede\/#breadcrumb"},"inLanguage":"en-US","potentialAction":[{"@type":"ReadAction","target":["https:\/\/unkorce.edu.al\/ede\/"]}]},{"@type":"BreadcrumbList","@id":"https:\/\/unkorce.edu.al\/ede\/#breadcrumb","itemListElement":[{"@type":"ListItem","position":1,"name":"Home","item":"https:\/\/unkorce.edu.al\/"},{"@type":"ListItem","position":2,"name":"EDE"}]},{"@type":"WebSite","@id":"https:\/\/unkorce.edu.al\/#website","url":"https:\/\/unkorce.edu.al\/","name":"Universiteti \"Fan S. Noli\", Kor\u00e7\u00eb","description":"Mir&euml;sevini n&euml; faqen zyrtare!","publisher":{"@id":"https:\/\/unkorce.edu.al\/#organization"},"potentialAction":[{"@type":"SearchAction","target":{"@type":"EntryPoint","urlTemplate":"https:\/\/unkorce.edu.al\/?s={search_term_string}"},"query-input":{"@type":"PropertyValueSpecification","valueRequired":true,"valueName":"search_term_string"}}],"inLanguage":"en-US"},{"@type":"Organization","@id":"https:\/\/unkorce.edu.al\/#organization","name":"Universiteti \"Fan S. Noli\", Kor\u00e7\u00eb","url":"https:\/\/unkorce.edu.al\/","logo":{"@type":"ImageObject","inLanguage":"en-US","@id":"https:\/\/unkorce.edu.al\/#\/schema\/logo\/image\/","url":"https:\/\/unkorce.edu.al\/wp-content\/uploads\/2024\/08\/Logo_e_Universitetit__Fan_Noli_-e1726660879862.png","contentUrl":"https:\/\/unkorce.edu.al\/wp-content\/uploads\/2024\/08\/Logo_e_Universitetit__Fan_Noli_-e1726660879862.png","width":200,"height":120,"caption":"Universiteti \"Fan S. Noli\", Kor\u00e7\u00eb"},"image":{"@id":"https:\/\/unkorce.edu.al\/#\/schema\/logo\/image\/"},"sameAs":["https:\/\/www.facebook.com\/unkorce"]}]}},"_links":{"self":[{"href":"https:\/\/unkorce.edu.al\/en\/wp-json\/wp\/v2\/pages\/8491","targetHints":{"allow":["GET"]}}],"collection":[{"href":"https:\/\/unkorce.edu.al\/en\/wp-json\/wp\/v2\/pages"}],"about":[{"href":"https:\/\/unkorce.edu.al\/en\/wp-json\/wp\/v2\/types\/page"}],"author":[{"embeddable":true,"href":"https:\/\/unkorce.edu.al\/en\/wp-json\/wp\/v2\/users\/122"}],"replies":[{"embeddable":true,"href":"https:\/\/unkorce.edu.al\/en\/wp-json\/wp\/v2\/comments?post=8491"}],"version-history":[{"count":0,"href":"https:\/\/unkorce.edu.al\/en\/wp-json\/wp\/v2\/pages\/8491\/revisions"}],"wp:attachment":[{"href":"https:\/\/unkorce.edu.al\/en\/wp-json\/wp\/v2\/media?parent=8491"}],"curies":[{"name":"wp","href":"https:\/\/api.w.org\/{rel}","templated":true}]}}