{"id":8482,"date":"2022-03-23T11:39:13","date_gmt":"2022-03-23T11:39:13","guid":{"rendered":"\/?page_id=8482"},"modified":"2024-11-06T14:28:16","modified_gmt":"2024-11-06T14:28:16","slug":"qendra-per-formimin-e-vazhduar-2","status":"publish","type":"page","link":"https:\/\/unkorce.edu.al\/en\/qendra-per-formimin-e-vazhduar-2\/","title":{"rendered":"Center for Continuing Education"},"content":{"rendered":"<section class=\"l-section wpb_row height_medium width_full\"><div class=\"l-section-h i-cf\"><div class=\"g-cols vc_row via_grid cols_1 laptops-cols_inherit tablets-cols_inherit mobiles-cols_1 valign_top type_default stacking_default\"><div class=\"wpb_column vc_column_container\"><div class=\"vc_column-inner\"><div class=\"wpb_text_column\"><div class=\"wpb_wrapper\"><div>\n<p>\u201cFan S. Noli\u201d University offers continuing education study programs as a form of lifelong learning. These programs serve to supplement, deepen, and consolidate knowledge, and may be offered as qualification courses, summer schools, or similar activities.<\/p>\n<p>Continuing education programs help individuals enhance their qualifications and professional skills.<\/p>\n<p>The QFV is a unit within the \u201cFan S. Noli\u201d University of Kor\u00e7a that currently focuses on organizing and developing training and qualification activities for in-service teachers and teacher candidates.<\/p>\n<p>The main directions of the Center\u2019s work include the development of teaching skills and educational innovation, as well as methods and practices for teachers\u2019 professional development. The modules offered by the Continuing Education Center cover areas such as pre-university curriculum, teaching methodology, learning and assessment, ethics and communication, inclusive education, use of technology in teaching, mentoring of teacher candidates, and school leadership.<\/p>\n<p>The Continuing Education Center for teacher training is accredited every four years by the Training Program Accreditation Commission (KAPT) at the Ministry of Education and Sports (MES). The UNIKO Continuing Education Center has been training teachers since the 2013\u20132014 academic year and continues to fulfill its mission by offering around 39 training modules across all education profiles. <strong>2013-2014<\/strong>, dhe sot vijon t\u00eb p\u00ebrmbush\u00eb q\u00ebllimin e saj me rreth <strong>39<\/strong> module trajnimi p\u00ebr t\u00eb gjitha profilet e edukimit.<\/p>\n<p>The Continuing Education Center is part of the national network of Continuing Education Centers, which includes all centers established at public universities in Albania.<\/p>\n<p>Since 2021, trainers from the Continuing Education Center have participated in the Compulsory Training Program (CTP) for school principals, organized by the School of Principals (<strong>Compulsory Training Program<\/strong> (<strong>CTP<\/strong>CSL) in collaboration with the Albanian-American Development Foundation (AADF)<strong>CSL<\/strong>) n\u00eb bashk\u00ebpunim me <strong>AADF<\/strong> dhe <strong>MAS<\/strong>and the Ministry of Education. The program is held at the University of Kor\u00e7a.<\/p>\n<p>\u201cFan S. Noli\u201d University also offers a continuing education study program titled \u201cPsychopedagogical Training\u201d (35 ECTS).<\/p>\n<p>Coordinator for Teacher Training: Dr. Olger Brame<\/p>\n<p>Contact <a href=\"mailto:qfv@unkorce.edu.al\">qfv@unkorce.edu.al<\/a>\u00a0<\/p>\n<p><a href=\"mailto:obrame@unkorce.edu.al\">obrame@unkorce.edu.al<\/a><\/p>\n<\/div>\n<\/div><\/div><div class=\"w-hwrapper us_custom_2953d109 valign_middle stack_on_mobiles align_center\"><div class=\"w-counter us_custom_ba205bf8 color_primary align_center has_font_size\" data-duration=\"2\"><div class=\"w-counter-value\"><span class=\"w-counter-value-part type_text\" data-final=\"\"><\/span><span class=\"w-counter-value-part type_number\" data-final=\"5500\">1<\/span><span class=\"w-counter-value-part type_text\" data-final=\"\"><\/span><\/div><div class=\"w-counter-title\" style=\"font-size:14px;font-weight:700;\">Trained Teachers<\/div><\/div><div class=\"w-counter us_custom_ba205bf8 color_primary align_center has_font_size\" data-duration=\"2\"><div class=\"w-counter-value\"><span class=\"w-counter-value-part type_text\" data-final=\"\"><\/span><span class=\"w-counter-value-part type_number\" data-final=\"1800\">1<\/span><span class=\"w-counter-value-part type_text\" data-final=\"\"><\/span><\/div><div class=\"w-counter-title\" style=\"font-size:14px;font-weight:700;\">TRAINED TEACHERS OF THE NATIONAL PROFESSIONAL DEVELOPMENT PROGRAM<\/div><\/div><div class=\"w-text us_custom_b54fd80e\"><a target=\"_blank\" href=\"https:\/\/trajnime.arsimi.rash.al\/modulet-akredituara\" class=\"w-text-h\"><span class=\"w-text-value\">ACCREDITED MODULES<\/span><\/a><\/div><\/div><div class=\"w-btn-wrapper align_center\"><a class=\"w-btn us-btn-style_3\" target=\"_blank\" href=\"https:\/\/trajnime.arsimi.rash.al\/trainimet\"><span class=\"w-btn-label\">Apliko Tani<\/span><\/a><\/div><div class=\"wpb_text_column\"><div class=\"wpb_wrapper\"><p>\u00a0<\/p>\n<p>Dokumente akreditimi modulesh:<\/p>\n<ul>\n<li><a href=\"https:\/\/unkorce.edu.al\/wp-content\/uploads\/2024\/11\/Vendimi-Nr.-135-dt.-20.05.2022-i-KAPT-PDF-1.pdf\"><strong>Vendimi 69, dt. 20.01.2022\u00a0 i Komisionit t\u00eb Akreditimit t\u00eb Programeve t\u00eb Trajnimit p\u00ebr ofrimin e moduleve t\u00eb akredituara nga KAPT\u00a0<\/strong><\/a><\/li>\n<li><a href=\"https:\/\/unkorce.edu.al\/wp-content\/uploads\/2024\/11\/Vendimin-nr.-5-date-03.10.2019-i-KAPT-TEAVET-PDF-2.pdf\"><strong>Vendimin nr. 5, dat\u00eb 03.10.2019 t\u00eb Komisionit t\u00eb Akreditimit t\u00eb Programeve t\u00eb Trajnimit, p\u00ebr paket\u00ebn e moduleve t\u00eb trajnimit n\u00eb kuad\u00ebr t\u00eb Projektit TEAVET<\/strong><\/a><\/li>\n<li><a href=\"https:\/\/unkorce.edu.al\/wp-content\/uploads\/2024\/11\/Qendra-e-Formimit-te-Vazhduar-BashkepunimePDF-3.pdf\"><strong><u>Bashk\u00ebpunime t\u00eb QFV-UNIKO<\/u><\/strong><\/a><\/li>\n<\/ul>\n<\/div><\/div><\/div><\/div><\/div><\/div><\/section>","protected":false},"excerpt":{"rendered":"","protected":false},"author":122,"featured_media":0,"parent":0,"menu_order":0,"comment_status":"closed","ping_status":"closed","template":"","meta":{"_acf_changed":false,"footnotes":""},"class_list":["post-8482","page","type-page","status-publish","hentry"],"acf":[],"yoast_head":"<!-- This site is optimized with the Yoast SEO plugin v26.9 - https:\/\/yoast.com\/product\/yoast-seo-wordpress\/ -->\n<title>QENDRA PER FORMIMIN E VAZHDUAR - Universiteti &quot;Fan S. Noli&quot;, Kor\u00e7\u00eb<\/title>\n<meta name=\"robots\" content=\"index, follow, max-snippet:-1, max-image-preview:large, max-video-preview:-1\" \/>\n<link rel=\"canonical\" href=\"https:\/\/unkorce.edu.al\/en\/qendra-per-formimin-e-vazhduar-2\/\" \/>\n<meta property=\"og:locale\" content=\"en_US\" \/>\n<meta property=\"og:type\" content=\"article\" \/>\n<meta property=\"og:title\" content=\"QENDRA PER FORMIMIN E VAZHDUAR - Universiteti &quot;Fan S. Noli&quot;, Kor\u00e7\u00eb\" \/>\n<meta property=\"og:url\" content=\"https:\/\/unkorce.edu.al\/en\/qendra-per-formimin-e-vazhduar-2\/\" \/>\n<meta property=\"og:site_name\" content=\"Universiteti &quot;Fan S. Noli&quot;, Kor\u00e7\u00eb\" \/>\n<meta property=\"article:publisher\" content=\"https:\/\/www.facebook.com\/unkorce\" \/>\n<meta property=\"article:modified_time\" content=\"2024-11-06T14:28:16+00:00\" \/>\n<meta name=\"twitter:card\" content=\"summary_large_image\" \/>\n<meta name=\"twitter:label1\" content=\"Est. reading time\" \/>\n\t<meta name=\"twitter:data1\" content=\"3 minutes\" \/>\n<script type=\"application\/ld+json\" class=\"yoast-schema-graph\">{\"@context\":\"https:\/\/schema.org\",\"@graph\":[{\"@type\":\"WebPage\",\"@id\":\"https:\/\/unkorce.edu.al\/qendra-per-formimin-e-vazhduar-2\/\",\"url\":\"https:\/\/unkorce.edu.al\/qendra-per-formimin-e-vazhduar-2\/\",\"name\":\"QENDRA PER FORMIMIN E VAZHDUAR - Universiteti \\\"Fan S. Noli\\\", Kor\u00e7\u00eb\",\"isPartOf\":{\"@id\":\"https:\/\/unkorce.edu.al\/#website\"},\"datePublished\":\"2022-03-23T11:39:13+00:00\",\"dateModified\":\"2024-11-06T14:28:16+00:00\",\"breadcrumb\":{\"@id\":\"https:\/\/unkorce.edu.al\/qendra-per-formimin-e-vazhduar-2\/#breadcrumb\"},\"inLanguage\":\"en-US\",\"potentialAction\":[{\"@type\":\"ReadAction\",\"target\":[\"https:\/\/unkorce.edu.al\/qendra-per-formimin-e-vazhduar-2\/\"]}]},{\"@type\":\"BreadcrumbList\",\"@id\":\"https:\/\/unkorce.edu.al\/qendra-per-formimin-e-vazhduar-2\/#breadcrumb\",\"itemListElement\":[{\"@type\":\"ListItem\",\"position\":1,\"name\":\"Home\",\"item\":\"https:\/\/unkorce.edu.al\/\"},{\"@type\":\"ListItem\",\"position\":2,\"name\":\"QENDRA PER FORMIMIN E VAZHDUAR\"}]},{\"@type\":\"WebSite\",\"@id\":\"https:\/\/unkorce.edu.al\/#website\",\"url\":\"https:\/\/unkorce.edu.al\/\",\"name\":\"Universiteti \\\"Fan S. Noli\\\", Kor\u00e7\u00eb\",\"description\":\"Mir&euml;sevini n&euml; faqen zyrtare!\",\"publisher\":{\"@id\":\"https:\/\/unkorce.edu.al\/#organization\"},\"potentialAction\":[{\"@type\":\"SearchAction\",\"target\":{\"@type\":\"EntryPoint\",\"urlTemplate\":\"https:\/\/unkorce.edu.al\/?s={search_term_string}\"},\"query-input\":{\"@type\":\"PropertyValueSpecification\",\"valueRequired\":true,\"valueName\":\"search_term_string\"}}],\"inLanguage\":\"en-US\"},{\"@type\":\"Organization\",\"@id\":\"https:\/\/unkorce.edu.al\/#organization\",\"name\":\"Universiteti \\\"Fan S. Noli\\\", Kor\u00e7\u00eb\",\"url\":\"https:\/\/unkorce.edu.al\/\",\"logo\":{\"@type\":\"ImageObject\",\"inLanguage\":\"en-US\",\"@id\":\"https:\/\/unkorce.edu.al\/#\/schema\/logo\/image\/\",\"url\":\"https:\/\/unkorce.edu.al\/wp-content\/uploads\/2024\/08\/Logo_e_Universitetit__Fan_Noli_-e1726660879862.png\",\"contentUrl\":\"https:\/\/unkorce.edu.al\/wp-content\/uploads\/2024\/08\/Logo_e_Universitetit__Fan_Noli_-e1726660879862.png\",\"width\":200,\"height\":120,\"caption\":\"Universiteti \\\"Fan S. Noli\\\", Kor\u00e7\u00eb\"},\"image\":{\"@id\":\"https:\/\/unkorce.edu.al\/#\/schema\/logo\/image\/\"},\"sameAs\":[\"https:\/\/www.facebook.com\/unkorce\"]}]}<\/script>\n<!-- \/ Yoast SEO plugin. -->","yoast_head_json":{"title":"QENDRA PER FORMIMIN E VAZHDUAR - Universiteti \"Fan S. Noli\", Kor\u00e7\u00eb","robots":{"index":"index","follow":"follow","max-snippet":"max-snippet:-1","max-image-preview":"max-image-preview:large","max-video-preview":"max-video-preview:-1"},"canonical":"https:\/\/unkorce.edu.al\/en\/qendra-per-formimin-e-vazhduar-2\/","og_locale":"en_US","og_type":"article","og_title":"QENDRA PER FORMIMIN E VAZHDUAR - Universiteti \"Fan S. Noli\", Kor\u00e7\u00eb","og_url":"https:\/\/unkorce.edu.al\/en\/qendra-per-formimin-e-vazhduar-2\/","og_site_name":"Universiteti \"Fan S. Noli\", Kor\u00e7\u00eb","article_publisher":"https:\/\/www.facebook.com\/unkorce","article_modified_time":"2024-11-06T14:28:16+00:00","twitter_card":"summary_large_image","twitter_misc":{"Est. reading time":"3 minutes"},"schema":{"@context":"https:\/\/schema.org","@graph":[{"@type":"WebPage","@id":"https:\/\/unkorce.edu.al\/qendra-per-formimin-e-vazhduar-2\/","url":"https:\/\/unkorce.edu.al\/qendra-per-formimin-e-vazhduar-2\/","name":"QENDRA PER FORMIMIN E VAZHDUAR - Universiteti \"Fan S. Noli\", Kor\u00e7\u00eb","isPartOf":{"@id":"https:\/\/unkorce.edu.al\/#website"},"datePublished":"2022-03-23T11:39:13+00:00","dateModified":"2024-11-06T14:28:16+00:00","breadcrumb":{"@id":"https:\/\/unkorce.edu.al\/qendra-per-formimin-e-vazhduar-2\/#breadcrumb"},"inLanguage":"en-US","potentialAction":[{"@type":"ReadAction","target":["https:\/\/unkorce.edu.al\/qendra-per-formimin-e-vazhduar-2\/"]}]},{"@type":"BreadcrumbList","@id":"https:\/\/unkorce.edu.al\/qendra-per-formimin-e-vazhduar-2\/#breadcrumb","itemListElement":[{"@type":"ListItem","position":1,"name":"Home","item":"https:\/\/unkorce.edu.al\/"},{"@type":"ListItem","position":2,"name":"QENDRA PER FORMIMIN E VAZHDUAR"}]},{"@type":"WebSite","@id":"https:\/\/unkorce.edu.al\/#website","url":"https:\/\/unkorce.edu.al\/","name":"Universiteti \"Fan S. Noli\", Kor\u00e7\u00eb","description":"Mir&euml;sevini n&euml; faqen zyrtare!","publisher":{"@id":"https:\/\/unkorce.edu.al\/#organization"},"potentialAction":[{"@type":"SearchAction","target":{"@type":"EntryPoint","urlTemplate":"https:\/\/unkorce.edu.al\/?s={search_term_string}"},"query-input":{"@type":"PropertyValueSpecification","valueRequired":true,"valueName":"search_term_string"}}],"inLanguage":"en-US"},{"@type":"Organization","@id":"https:\/\/unkorce.edu.al\/#organization","name":"Universiteti \"Fan S. Noli\", Kor\u00e7\u00eb","url":"https:\/\/unkorce.edu.al\/","logo":{"@type":"ImageObject","inLanguage":"en-US","@id":"https:\/\/unkorce.edu.al\/#\/schema\/logo\/image\/","url":"https:\/\/unkorce.edu.al\/wp-content\/uploads\/2024\/08\/Logo_e_Universitetit__Fan_Noli_-e1726660879862.png","contentUrl":"https:\/\/unkorce.edu.al\/wp-content\/uploads\/2024\/08\/Logo_e_Universitetit__Fan_Noli_-e1726660879862.png","width":200,"height":120,"caption":"Universiteti \"Fan S. Noli\", Kor\u00e7\u00eb"},"image":{"@id":"https:\/\/unkorce.edu.al\/#\/schema\/logo\/image\/"},"sameAs":["https:\/\/www.facebook.com\/unkorce"]}]}},"_links":{"self":[{"href":"https:\/\/unkorce.edu.al\/en\/wp-json\/wp\/v2\/pages\/8482","targetHints":{"allow":["GET"]}}],"collection":[{"href":"https:\/\/unkorce.edu.al\/en\/wp-json\/wp\/v2\/pages"}],"about":[{"href":"https:\/\/unkorce.edu.al\/en\/wp-json\/wp\/v2\/types\/page"}],"author":[{"embeddable":true,"href":"https:\/\/unkorce.edu.al\/en\/wp-json\/wp\/v2\/users\/122"}],"replies":[{"embeddable":true,"href":"https:\/\/unkorce.edu.al\/en\/wp-json\/wp\/v2\/comments?post=8482"}],"version-history":[{"count":12,"href":"https:\/\/unkorce.edu.al\/en\/wp-json\/wp\/v2\/pages\/8482\/revisions"}],"predecessor-version":[{"id":29698,"href":"https:\/\/unkorce.edu.al\/en\/wp-json\/wp\/v2\/pages\/8482\/revisions\/29698"}],"wp:attachment":[{"href":"https:\/\/unkorce.edu.al\/en\/wp-json\/wp\/v2\/media?parent=8482"}],"curies":[{"name":"wp","href":"https:\/\/api.w.org\/{rel}","templated":true}]}}