{"id":8479,"date":"2022-03-23T11:37:07","date_gmt":"2022-03-23T11:37:07","guid":{"rendered":"\/?page_id=8479"},"modified":"2022-03-23T11:37:07","modified_gmt":"2022-03-23T11:37:07","slug":"uniko-ne-media-2","status":"publish","type":"page","link":"https:\/\/unkorce.edu.al\/en\/uniko-ne-media-2\/","title":{"rendered":"UNIKO NE MEDIA"},"content":{"rendered":"<h2><span style=\"color:#008080\">UNIKO N\u00cb MEDIA<\/span><\/h2>\n\n<h2>EMISIONI &#8220;PERSPEKTIV\u00cb&#8221; ME&nbsp;TEM\u00cb: &#8220;HAP\u00cbSIRAT P\u00cbRTEJ RAJONEVE&#8221;, I FTUAR REKTORI I UNIKO, PROF. DR. DHIMITRI BELLO<\/h2>\n\n<h2><iframe loading=\"lazy\" frameborder=\"0\" height=\"315\" scrolling=\"no\" src=\"https:\/\/www.youtube.com\/embed\/dhGkkFOJVOU\" width=\"560\"><\/iframe><\/h2>\n\n<h2>EMISIONI &#8220;AUDITOR ARSIMI&#8221; ME&nbsp;TEM\u00cb: &#8220;AKREDITIMI I UNIVERSITETEVE&#8221;, I FTUAR REKTORI I UNIKO, PROF. DR. DHIMITRI BELLO<\/h2>\n\n<h2><iframe loading=\"lazy\" frameborder=\"0\" height=\"315\" scrolling=\"no\" src=\"https:\/\/www.youtube.com\/embed\/onSGeKVYwkI\" width=\"560\"><\/iframe><\/h2>\n\n<h2>EMISIONI &#8220;AUDITOR ARSIMI&#8221; ME&nbsp;TEM\u00cb: &#8220;K\u00cbRKIMI SHKENCOR&#8221;.<\/h2>\n\n<h2>E FTUAR EDHE Z\u00cbVEND\u00cbSREKTORJA P\u00cbR SHKENC\u00cbN DHE PROJEKTET N\u00cb UNIKO, DR. BENITA STAVRE&nbsp;<\/h2>\n\n<h2><iframe loading=\"lazy\" frameborder=\"0\" height=\"315\" scrolling=\"no\" src=\"https:\/\/www.youtube.com\/embed\/fXuiLRKYZW4\" width=\"560\"><\/iframe><\/h2>\n\n<h2>EMISIONI &#8220;FAKTOR&#8221;-I FTUAR REKTORI I UNIKO, PROF. DR. DHIMITRI BELLO<\/h2>\n\n<h2><iframe loading=\"lazy\" frameborder=\"0\" height=\"315\" scrolling=\"no\" src=\"https:\/\/www.youtube.com\/embed\/PM0psegf1u8\" width=\"560\"><\/iframe><\/h2>\n\n<h2>EMISIONI &#8220;MIR\u00cbM\u00cbNGJES&#8221; E FTUAR DEKANIA E FAKULTETIT EKONOMIK T\u00cb UNIKO, PROF. AS. DR. LEDINA ALOLLI<\/h2>\n\n<h2><iframe loading=\"lazy\" frameborder=\"0\" height=\"315\" scrolling=\"no\" src=\"https:\/\/www.youtube.com\/embed\/ks_n0DVWwlE\" width=\"560\"><\/iframe><\/h2>\n\n<h2>Emisioni &#8220;Auditor Arsimi&#8221; &#8211; &#8220;Matura Shtet\u00ebrore&#8221;<br \/>\nI ftuar Prof. Dr. Ali Jashari,&nbsp;20 Qershor 2020<\/h2>\n\n<h2><iframe loading=\"lazy\" frameborder=\"0\" height=\"315\" scrolling=\"no\" src=\"https:\/\/www.youtube.com\/embed\/9iPYnZjtCZM\" width=\"560\"><\/iframe><\/h2>\n\n<h2>Emisioni &#8220;Mir\u00ebm\u00ebngjes&#8221;, i ftuar prof. dr. Ali Jashari &#8211; 6 Mars 2020<\/h2>\n\n<h2><iframe loading=\"lazy\" frameborder=\"0\" height=\"315\" scrolling=\"no\" src=\"https:\/\/www.youtube.com\/embed\/8YZFZ9CQ3os\" width=\"560\"><\/iframe><\/h2>\n\n<h2>Emisioni &#8220;Mir\u00ebm\u00ebngjes&#8221;, t\u00eb ftuar student\u00ebt Vasil&nbsp;Ciko dhe Xhoana Dunolli &#8211; 29 Janar 2020<\/h2>\n\n<h2><iframe loading=\"lazy\" frameborder=\"0\" height=\"315\" scrolling=\"no\" src=\"https:\/\/www.youtube.com\/embed\/GSIVTNF6u6M\" width=\"560\"><\/iframe><\/h2>\n\n<h2>Emisioni &#8220;Mir\u00ebm\u00ebngjes&#8221;, t\u00eb ftuar student\u00eb t\u00eb programit &#8220;Edukim Fizik dhe Sporte&#8221;, Erion \u00c7epunaj dhe Megi Shkoza&nbsp;&#8211; 15 Janar 2020<\/h2>\n\n<h2>\u200b<br \/>\n<iframe loading=\"lazy\" frameborder=\"0\" height=\"315\" scrolling=\"no\" src=\"https:\/\/www.youtube.com\/embed\/bKBvK0igvwA\" width=\"560\"><\/iframe><\/h2>\n\n<h2>EMISIONI &#8220;PERSPEKTIV\u00cb&#8221;, HAP\u00cbSIRAT E ZHVILLIMIT T\u00cb PROGRAMEVE, T\u00cb FTUAR PEDAGOG\u00cb DHE STUDENT\u00cb T\u00cb FB&nbsp;&#8211; 10 JANAR 2020<br \/>\n\u200b<br \/>\n<iframe loading=\"lazy\" frameborder=\"0\" height=\"315\" scrolling=\"no\" src=\"https:\/\/www.youtube.com\/embed\/Qy3qWyOEeO0\" width=\"560\"><\/iframe><\/h2>\n\n<h2>EMISIONI &#8220;PERSPEKTIV\u00cb&#8221;, DALLIMI I PROGRAMEVE M\u00cbSIMORE, T\u00cb FTUAR PEDAGOG\u00cb T\u00cb FEF&nbsp;&#8211; 10 JANAR 2020<br \/>\n<br \/>\n<br \/>\n<iframe loading=\"lazy\" frameborder=\"0\" height=\"315\" scrolling=\"no\" src=\"https:\/\/www.youtube.com\/embed\/CTri7oMURCg\" width=\"560\"><\/iframe><\/h2>\n\n<h2>Emisioni &#8220;Mir\u00ebm\u00ebngjes&#8221;, i&nbsp;ftuar Prof. as. dr. Besnik Sk\u00ebnderasi&nbsp;&#8211; 27 Dhjetor 2019<br \/>\n<br \/>\n<iframe loading=\"lazy\" frameborder=\"0\" height=\"315\" scrolling=\"no\" src=\"https:\/\/www.youtube.com\/embed\/zbOcCcRA9GU\" width=\"560\"><\/iframe><\/h2>\n\n<h2>Emisioni &#8220;Mir\u00ebm\u00ebngjes&#8221;, i&nbsp;ftuar Msc. Olger Brame &#8211; 17 Dhjetor 2019<\/h2>\n\n<p><iframe loading=\"lazy\" frameborder=\"0\" height=\"315\" scrolling=\"no\" src=\"https:\/\/www.youtube.com\/embed\/cPuHc0B1P-k\" width=\"560\"><\/iframe><\/p>\n\n<h2>Emisioni &#8220;Mir\u00ebm\u00ebngjes&#8221;, e ftuar Eriona Asabella, specialiste pran\u00eb Qendr\u00ebs s\u00eb Inovacionit n\u00eb UNIKO &#8211; 11 Dhjetor 2019<\/h2>\n\n<p><iframe loading=\"lazy\" frameborder=\"0\" height=\"315\" scrolling=\"no\" src=\"https:\/\/www.youtube.com\/embed\/Jotp9EstpZo\" width=\"560\"><\/iframe><\/p>\n\n<h2>Emisioni &#8220;Mir\u00ebm\u00ebngjes&#8221;, i&nbsp;ftuar PhD Metin Venxha&nbsp;&#8211; 5&nbsp;Dhjetor 2019&nbsp;<\/h2>\n\n<p><iframe loading=\"lazy\" frameborder=\"0\" height=\"315\" scrolling=\"no\" src=\"https:\/\/www.youtube.com\/embed\/QF6Nuw8sg-M\" width=\"560\"><\/iframe><\/p>\n\n<h2>EMISIONI &#8220;PERSPEKTIV\u00cb&#8221;, I FTUAR REKTORI I UNIKO, PROF. DR. ALI JASHARI &#8211; 4&nbsp;DHJETOR 2019<\/h2>\n\n<p><iframe loading=\"lazy\" frameborder=\"0\" height=\"315\" scrolling=\"no\" src=\"https:\/\/www.youtube.com\/embed\/M8CJnJaYok8\" width=\"560\"><\/iframe><\/p>\n\n<h2>Emisioni &#8220;Mir\u00ebm\u00ebngjes&#8221;, e ftuar prof. as. dr. Irena Nikaj&nbsp;&#8211; 21 N\u00ebntor 2019<\/h2>\n\n<p><iframe loading=\"lazy\" frameborder=\"0\" height=\"315\" scrolling=\"no\" src=\"https:\/\/www.youtube.com\/embed\/SH7X4GvvzGc\" width=\"560\"><\/iframe><\/p>\n\n<h2>Emisioni &#8220;Mir\u00ebm\u00ebngjes&#8221;, e ftuar znj. Elena Tona &#8211; specialiste biblioteke &#8211; 13 N\u00ebntor 2019<\/h2>\n\n<p><iframe loading=\"lazy\" frameborder=\"0\" height=\"315\" scrolling=\"no\" src=\"https:\/\/www.youtube.com\/embed\/ENNs8TthJJs\" width=\"560\"><\/iframe><\/p>\n\n<h2>Emisioni &#8220;Mir\u00ebm\u00ebngjes&#8221;, e ftuar dr. Alba Kreka, 5 N\u00ebntor 2019<\/h2>\n\n<p><iframe loading=\"lazy\" frameborder=\"0\" height=\"315\" scrolling=\"no\" src=\"https:\/\/www.youtube.com\/embed\/5zmdfkPPFQs\" width=\"560\"><\/iframe><\/p>\n\n<h2>Emisioni &#8220;Mir\u00ebm\u00ebngjes&#8221;,&nbsp;e&nbsp;ftuar prof. as. dr. Ledina Alolli, 29 Tetor 2019<\/h2>\n\n<p><iframe loading=\"lazy\" frameborder=\"0\" height=\"315\" src=\"https:\/\/www.youtube.com\/embed\/5g63GzGTrvo\" width=\"560\"><\/iframe><\/p>\n\n<p>&nbsp;<\/p>\n\n<h2>Emisioni &#8220;Mir\u00ebm\u00ebngjes&#8221;, i ftuar prof. dr. Gjergji Pendavinji, 22 Tetor 2019<\/h2>\n\n<p><iframe loading=\"lazy\" frameborder=\"0\" height=\"315\" src=\"https:\/\/www.youtube.com\/embed\/4GqGR4CQ-SM\" width=\"560\"><\/iframe><\/p>\n\n<h2>Emisioni &#8220;Reflex&#8221;, i&nbsp;ftuar prof. dr. Ali Jashari, 16 Tetor 2019<\/h2>\n\n<p><iframe loading=\"lazy\" frameborder=\"0\" height=\"315\" src=\"https:\/\/www.youtube.com\/embed\/teVmPC86hwo\" width=\"560\"><\/iframe><\/p>\n\n<h2>Emisioni &#8220;Mir\u00ebm\u00ebngjes&#8221;, i ftuar prof. as. dr. Gjergji Mero, 15 Tetor 2019<\/h2>\n\n<p><iframe loading=\"lazy\" frameborder=\"0\" height=\"315\" src=\"https:\/\/www.youtube.com\/embed\/UU07O8_ya54\" width=\"560\"><\/iframe><\/p>\n<style type=\"text\/css\">.tb_button {padding:1px;cursor:pointer;border-right: 1px solid #8b8b8b;border-left: 1px solid #FFF;border-bottom: 1px solid #fff;}.tb_button.hover {borer:2px outset #def; background-color: #f8f8f8 !important;}.ws_toolbar {z-index:100000} .ws_toolbar .ws_tb_btn {cursor:pointer;border:1px solid #555;padding:3px}   .tb_highlight{background-color:yellow} .tb_hide {visibility:hidden} .ws_toolbar img {padding:2px;margin:0px}\n<\/style>","protected":false},"excerpt":{"rendered":"<p>UNIKO N\u00cb MEDIA EMISIONI &#8220;PERSPEKTIV\u00cb&#8221; ME&nbsp;TEM\u00cb: &#8220;HAP\u00cbSIRAT P\u00cbRTEJ RAJONEVE&#8221;, I FTUAR REKTORI I UNIKO, PROF. DR. DHIMITRI BELLO EMISIONI &#8220;AUDITOR ARSIMI&#8221; ME&nbsp;TEM\u00cb: &#8220;AKREDITIMI I UNIVERSITETEVE&#8221;, I FTUAR REKTORI I UNIKO, PROF. DR. DHIMITRI BELLO EMISIONI &#8220;AUDITOR ARSIMI&#8221; ME&nbsp;TEM\u00cb: &#8220;K\u00cbRKIMI SHKENCOR&#8221;. E FTUAR EDHE Z\u00cbVEND\u00cbSREKTORJA P\u00cbR SHKENC\u00cbN DHE PROJEKTET N\u00cb UNIKO, DR. BENITA STAVRE&nbsp; EMISIONI &#8220;FAKTOR&#8221;-I&#8230;<\/p>","protected":false},"author":122,"featured_media":0,"parent":0,"menu_order":0,"comment_status":"closed","ping_status":"closed","template":"","meta":{"_acf_changed":false,"footnotes":""},"class_list":["post-8479","page","type-page","status-publish","hentry"],"acf":[],"yoast_head":"<!-- This site is optimized with the Yoast SEO plugin v26.9 - https:\/\/yoast.com\/product\/yoast-seo-wordpress\/ -->\n<title>UNIKO NE MEDIA - Universiteti &quot;Fan S. Noli&quot;, Kor\u00e7\u00eb<\/title>\n<meta name=\"robots\" content=\"index, follow, max-snippet:-1, max-image-preview:large, max-video-preview:-1\" \/>\n<link rel=\"canonical\" href=\"https:\/\/unkorce.edu.al\/en\/uniko-ne-media-2\/\" \/>\n<meta property=\"og:locale\" content=\"en_US\" \/>\n<meta property=\"og:type\" content=\"article\" \/>\n<meta property=\"og:title\" content=\"UNIKO NE MEDIA - Universiteti &quot;Fan S. Noli&quot;, Kor\u00e7\u00eb\" \/>\n<meta property=\"og:description\" content=\"UNIKO N\u00cb MEDIA EMISIONI &#8220;PERSPEKTIV\u00cb&#8221; ME&nbsp;TEM\u00cb: &#8220;HAP\u00cbSIRAT P\u00cbRTEJ RAJONEVE&#8221;, I FTUAR REKTORI I UNIKO, PROF. DR. DHIMITRI BELLO EMISIONI &#8220;AUDITOR ARSIMI&#8221; ME&nbsp;TEM\u00cb: &#8220;AKREDITIMI I UNIVERSITETEVE&#8221;, I FTUAR REKTORI I UNIKO, PROF. DR. DHIMITRI BELLO EMISIONI &#8220;AUDITOR ARSIMI&#8221; ME&nbsp;TEM\u00cb: &#8220;K\u00cbRKIMI SHKENCOR&#8221;. E FTUAR EDHE Z\u00cbVEND\u00cbSREKTORJA P\u00cbR SHKENC\u00cbN DHE PROJEKTET N\u00cb UNIKO, DR. BENITA STAVRE&nbsp; EMISIONI &#8220;FAKTOR&#8221;-I...\" \/>\n<meta property=\"og:url\" content=\"https:\/\/unkorce.edu.al\/en\/uniko-ne-media-2\/\" \/>\n<meta property=\"og:site_name\" content=\"Universiteti &quot;Fan S. Noli&quot;, Kor\u00e7\u00eb\" \/>\n<meta property=\"article:publisher\" content=\"https:\/\/www.facebook.com\/unkorce\" \/>\n<meta name=\"twitter:card\" content=\"summary_large_image\" \/>\n<meta name=\"twitter:label1\" content=\"Est. reading time\" \/>\n\t<meta name=\"twitter:data1\" content=\"2 minutes\" \/>\n<script type=\"application\/ld+json\" class=\"yoast-schema-graph\">{\"@context\":\"https:\/\/schema.org\",\"@graph\":[{\"@type\":\"WebPage\",\"@id\":\"https:\/\/unkorce.edu.al\/uniko-ne-media-2\/\",\"url\":\"https:\/\/unkorce.edu.al\/uniko-ne-media-2\/\",\"name\":\"UNIKO NE MEDIA - Universiteti \\\"Fan S. Noli\\\", Kor\u00e7\u00eb\",\"isPartOf\":{\"@id\":\"https:\/\/unkorce.edu.al\/#website\"},\"datePublished\":\"2022-03-23T11:37:07+00:00\",\"breadcrumb\":{\"@id\":\"https:\/\/unkorce.edu.al\/uniko-ne-media-2\/#breadcrumb\"},\"inLanguage\":\"en-US\",\"potentialAction\":[{\"@type\":\"ReadAction\",\"target\":[\"https:\/\/unkorce.edu.al\/uniko-ne-media-2\/\"]}]},{\"@type\":\"BreadcrumbList\",\"@id\":\"https:\/\/unkorce.edu.al\/uniko-ne-media-2\/#breadcrumb\",\"itemListElement\":[{\"@type\":\"ListItem\",\"position\":1,\"name\":\"Home\",\"item\":\"https:\/\/unkorce.edu.al\/\"},{\"@type\":\"ListItem\",\"position\":2,\"name\":\"UNIKO NE MEDIA\"}]},{\"@type\":\"WebSite\",\"@id\":\"https:\/\/unkorce.edu.al\/#website\",\"url\":\"https:\/\/unkorce.edu.al\/\",\"name\":\"Universiteti \\\"Fan S. Noli\\\", Kor\u00e7\u00eb\",\"description\":\"Mir&euml;sevini n&euml; faqen zyrtare!\",\"publisher\":{\"@id\":\"https:\/\/unkorce.edu.al\/#organization\"},\"potentialAction\":[{\"@type\":\"SearchAction\",\"target\":{\"@type\":\"EntryPoint\",\"urlTemplate\":\"https:\/\/unkorce.edu.al\/?s={search_term_string}\"},\"query-input\":{\"@type\":\"PropertyValueSpecification\",\"valueRequired\":true,\"valueName\":\"search_term_string\"}}],\"inLanguage\":\"en-US\"},{\"@type\":\"Organization\",\"@id\":\"https:\/\/unkorce.edu.al\/#organization\",\"name\":\"Universiteti \\\"Fan S. Noli\\\", Kor\u00e7\u00eb\",\"url\":\"https:\/\/unkorce.edu.al\/\",\"logo\":{\"@type\":\"ImageObject\",\"inLanguage\":\"en-US\",\"@id\":\"https:\/\/unkorce.edu.al\/#\/schema\/logo\/image\/\",\"url\":\"https:\/\/unkorce.edu.al\/wp-content\/uploads\/2024\/08\/Logo_e_Universitetit__Fan_Noli_-e1726660879862.png\",\"contentUrl\":\"https:\/\/unkorce.edu.al\/wp-content\/uploads\/2024\/08\/Logo_e_Universitetit__Fan_Noli_-e1726660879862.png\",\"width\":200,\"height\":120,\"caption\":\"Universiteti \\\"Fan S. Noli\\\", Kor\u00e7\u00eb\"},\"image\":{\"@id\":\"https:\/\/unkorce.edu.al\/#\/schema\/logo\/image\/\"},\"sameAs\":[\"https:\/\/www.facebook.com\/unkorce\"]}]}<\/script>\n<!-- \/ Yoast SEO plugin. -->","yoast_head_json":{"title":"UNIKO NE MEDIA - Universiteti \"Fan S. Noli\", Kor\u00e7\u00eb","robots":{"index":"index","follow":"follow","max-snippet":"max-snippet:-1","max-image-preview":"max-image-preview:large","max-video-preview":"max-video-preview:-1"},"canonical":"https:\/\/unkorce.edu.al\/en\/uniko-ne-media-2\/","og_locale":"en_US","og_type":"article","og_title":"UNIKO NE MEDIA - Universiteti \"Fan S. Noli\", Kor\u00e7\u00eb","og_description":"UNIKO N\u00cb MEDIA EMISIONI &#8220;PERSPEKTIV\u00cb&#8221; ME&nbsp;TEM\u00cb: &#8220;HAP\u00cbSIRAT P\u00cbRTEJ RAJONEVE&#8221;, I FTUAR REKTORI I UNIKO, PROF. DR. DHIMITRI BELLO EMISIONI &#8220;AUDITOR ARSIMI&#8221; ME&nbsp;TEM\u00cb: &#8220;AKREDITIMI I UNIVERSITETEVE&#8221;, I FTUAR REKTORI I UNIKO, PROF. DR. DHIMITRI BELLO EMISIONI &#8220;AUDITOR ARSIMI&#8221; ME&nbsp;TEM\u00cb: &#8220;K\u00cbRKIMI SHKENCOR&#8221;. E FTUAR EDHE Z\u00cbVEND\u00cbSREKTORJA P\u00cbR SHKENC\u00cbN DHE PROJEKTET N\u00cb UNIKO, DR. BENITA STAVRE&nbsp; EMISIONI &#8220;FAKTOR&#8221;-I...","og_url":"https:\/\/unkorce.edu.al\/en\/uniko-ne-media-2\/","og_site_name":"Universiteti \"Fan S. Noli\", Kor\u00e7\u00eb","article_publisher":"https:\/\/www.facebook.com\/unkorce","twitter_card":"summary_large_image","twitter_misc":{"Est. reading time":"2 minutes"},"schema":{"@context":"https:\/\/schema.org","@graph":[{"@type":"WebPage","@id":"https:\/\/unkorce.edu.al\/uniko-ne-media-2\/","url":"https:\/\/unkorce.edu.al\/uniko-ne-media-2\/","name":"UNIKO NE MEDIA - Universiteti \"Fan S. Noli\", Kor\u00e7\u00eb","isPartOf":{"@id":"https:\/\/unkorce.edu.al\/#website"},"datePublished":"2022-03-23T11:37:07+00:00","breadcrumb":{"@id":"https:\/\/unkorce.edu.al\/uniko-ne-media-2\/#breadcrumb"},"inLanguage":"en-US","potentialAction":[{"@type":"ReadAction","target":["https:\/\/unkorce.edu.al\/uniko-ne-media-2\/"]}]},{"@type":"BreadcrumbList","@id":"https:\/\/unkorce.edu.al\/uniko-ne-media-2\/#breadcrumb","itemListElement":[{"@type":"ListItem","position":1,"name":"Home","item":"https:\/\/unkorce.edu.al\/"},{"@type":"ListItem","position":2,"name":"UNIKO NE MEDIA"}]},{"@type":"WebSite","@id":"https:\/\/unkorce.edu.al\/#website","url":"https:\/\/unkorce.edu.al\/","name":"Universiteti \"Fan S. Noli\", Kor\u00e7\u00eb","description":"Mir&euml;sevini n&euml; faqen zyrtare!","publisher":{"@id":"https:\/\/unkorce.edu.al\/#organization"},"potentialAction":[{"@type":"SearchAction","target":{"@type":"EntryPoint","urlTemplate":"https:\/\/unkorce.edu.al\/?s={search_term_string}"},"query-input":{"@type":"PropertyValueSpecification","valueRequired":true,"valueName":"search_term_string"}}],"inLanguage":"en-US"},{"@type":"Organization","@id":"https:\/\/unkorce.edu.al\/#organization","name":"Universiteti \"Fan S. Noli\", Kor\u00e7\u00eb","url":"https:\/\/unkorce.edu.al\/","logo":{"@type":"ImageObject","inLanguage":"en-US","@id":"https:\/\/unkorce.edu.al\/#\/schema\/logo\/image\/","url":"https:\/\/unkorce.edu.al\/wp-content\/uploads\/2024\/08\/Logo_e_Universitetit__Fan_Noli_-e1726660879862.png","contentUrl":"https:\/\/unkorce.edu.al\/wp-content\/uploads\/2024\/08\/Logo_e_Universitetit__Fan_Noli_-e1726660879862.png","width":200,"height":120,"caption":"Universiteti \"Fan S. Noli\", Kor\u00e7\u00eb"},"image":{"@id":"https:\/\/unkorce.edu.al\/#\/schema\/logo\/image\/"},"sameAs":["https:\/\/www.facebook.com\/unkorce"]}]}},"_links":{"self":[{"href":"https:\/\/unkorce.edu.al\/en\/wp-json\/wp\/v2\/pages\/8479","targetHints":{"allow":["GET"]}}],"collection":[{"href":"https:\/\/unkorce.edu.al\/en\/wp-json\/wp\/v2\/pages"}],"about":[{"href":"https:\/\/unkorce.edu.al\/en\/wp-json\/wp\/v2\/types\/page"}],"author":[{"embeddable":true,"href":"https:\/\/unkorce.edu.al\/en\/wp-json\/wp\/v2\/users\/122"}],"replies":[{"embeddable":true,"href":"https:\/\/unkorce.edu.al\/en\/wp-json\/wp\/v2\/comments?post=8479"}],"version-history":[{"count":0,"href":"https:\/\/unkorce.edu.al\/en\/wp-json\/wp\/v2\/pages\/8479\/revisions"}],"wp:attachment":[{"href":"https:\/\/unkorce.edu.al\/en\/wp-json\/wp\/v2\/media?parent=8479"}],"curies":[{"name":"wp","href":"https:\/\/api.w.org\/{rel}","templated":true}]}}