{"id":8282,"date":"2021-02-16T16:24:21","date_gmt":"2021-02-16T16:24:21","guid":{"rendered":"\/grafiku-i-provimeve-2020-2021\/"},"modified":"2021-02-16T16:24:21","modified_gmt":"2021-02-16T16:24:21","slug":"grafiku-i-provimeve-2020-2021","status":"publish","type":"page","link":"https:\/\/unkorce.edu.al\/en\/grafiku-i-provimeve-2020-2021\/","title":{"rendered":"GRAFIKU I PROVIMEVE 2020-2021"},"content":{"rendered":"<style type=\"text\/css\">.tb_button {padding:1px;cursor:pointer;border-right: 1px solid #8b8b8b;border-left: 1px solid #FFF;border-bottom: 1px solid #fff;}.tb_button.hover {borer:2px outset #def; background-color: #f8f8f8 !important;}.ws_toolbar {z-index:100000} .ws_toolbar .ws_tb_btn {cursor:pointer;border:1px solid #555;padding:3px}   .tb_highlight{background-color:yellow} .tb_hide {visibility:hidden} .ws_toolbar img {padding:2px;margin:0px}\n<\/style>\n<p><!--more--><\/p>\n<div style=\"padding:20px;background-color:white;\">\n<h1><span style=\"color:#FFFFFF\"><strong><span style=\"background-color:#008080\">GRAFIKU I PROVIMEVE 2020 &#8211; 2021<\/span><\/strong><\/span><\/h1>\n<p><span style=\"color:#008000\"><em>P\u00ebrdit\u00ebsimi i fundit:<strong>&nbsp;18\/02\/2021<\/strong><\/em><\/span><\/p>\n<div style=\"padding:5px;background-color:#DAA520;font-size:18px;text-decoration:none;margin-bottom:2px;\"><span style=\"color:#FFFF00\"><strong>&gt; [pdf]<\/strong><\/span>&nbsp;<a href=\"\/en\/sites\/default\/files\/UDHEZUES%20PER%20STUDENTET%20PER%20PROVIMET%20E%20SEZONIT%20TE%20DIMRIT%202020-2021.pdf\/\">UDH\u00cbZUES STUDENTOR P\u00cbR ZHVILLIMIN E PROVIMEVE T\u00cb SEZONIT T\u00cb DIMRIT VITI AKADEMIK 2020-2021<\/a><\/div>\n<div class=\"node-content\" style=\"border: 0px; margin: 0px; padding: 0px; color: rgb(51, 51, 51); font-family: Arial, Helvetica, sans-serif; font-size: 13px; background-color: rgb(215, 227, 227);\">\n<div class=\"section field field-name-body field-type-text-with-summary field-label-hidden\" style=\"border: 0px; margin: 0px 0px 10px; padding: 0px;\">\n<div class=\"field-items\" style=\"border: 0px; margin: 0px; padding: 0px;\">\n<div class=\"field-item odd\" style=\"border: 0px; margin: 0px; padding: 0px;\">&nbsp;<\/div>\n<\/div>\n<\/div>\n<\/div>\n<hr \/>\n<h3><a href=\"\/en\/sites\/default\/files\/FB2021%20.pdf\/\"><strong><span style=\"color:#008080\">FACULTY OF AGRICULTURE<\/span><\/strong><\/a><\/h3>\n<h3><a href=\"\/en\/sites\/default\/files\/FEF2021%20_1.pdf\/\"><strong><span style=\"color:rgb(0, 128, 128)\">FACULTY OF EDUCATION AND PHILOLOGY<\/span><\/strong><\/a><\/h3>\n<h3><a href=\"\/en\/sites\/default\/files\/FE2021%20_0.pdf\/\"><strong><span style=\"color:rgb(0, 128, 128)\">FACULTY OF ECONOMICS<\/span><\/strong><\/a><\/h3>\n<h3><a href=\"\/en\/sites\/default\/files\/FSHNH2021%20.pdf\/\"><strong><span style=\"color:rgb(0, 128, 128)\">Faculty of Human and Natural Sciences<\/span><\/strong><\/a><\/h3>\n<\/div>\n<style type=\"text\/css\">.tb_button {padding:1px;cursor:pointer;border-right: 1px solid #8b8b8b;border-left: 1px solid #FFF;border-bottom: 1px solid #fff;}.tb_button.hover {borer:2px outset #def; background-color: #f8f8f8 !important;}.ws_toolbar {z-index:100000} .ws_toolbar .ws_tb_btn {cursor:pointer;border:1px solid #555;padding:3px}   .tb_highlight{background-color:yellow} .tb_hide {visibility:hidden} .ws_toolbar img {padding:2px;margin:0px}\n<\/style>","protected":false},"excerpt":{"rendered":"","protected":false},"author":122,"featured_media":0,"parent":0,"menu_order":0,"comment_status":"closed","ping_status":"closed","template":"","meta":{"_acf_changed":false,"footnotes":""},"class_list":["post-8282","page","type-page","status-publish","hentry"],"acf":[],"yoast_head":"<!-- This site is optimized with the Yoast SEO plugin v26.9 - https:\/\/yoast.com\/product\/yoast-seo-wordpress\/ -->\n<title>GRAFIKU I PROVIMEVE 2020-2021 - Universiteti &quot;Fan S. Noli&quot;, Kor\u00e7\u00eb<\/title>\n<meta name=\"robots\" content=\"index, follow, max-snippet:-1, max-image-preview:large, max-video-preview:-1\" \/>\n<link rel=\"canonical\" href=\"https:\/\/unkorce.edu.al\/en\/grafiku-i-provimeve-2020-2021\/\" \/>\n<meta property=\"og:locale\" content=\"en_US\" \/>\n<meta property=\"og:type\" content=\"article\" \/>\n<meta property=\"og:title\" content=\"GRAFIKU I PROVIMEVE 2020-2021 - Universiteti &quot;Fan S. Noli&quot;, Kor\u00e7\u00eb\" \/>\n<meta property=\"og:url\" content=\"https:\/\/unkorce.edu.al\/en\/grafiku-i-provimeve-2020-2021\/\" \/>\n<meta property=\"og:site_name\" content=\"Universiteti &quot;Fan S. Noli&quot;, Kor\u00e7\u00eb\" \/>\n<meta property=\"article:publisher\" content=\"https:\/\/www.facebook.com\/unkorce\" \/>\n<meta name=\"twitter:card\" content=\"summary_large_image\" \/>\n<script type=\"application\/ld+json\" class=\"yoast-schema-graph\">{\"@context\":\"https:\/\/schema.org\",\"@graph\":[{\"@type\":\"WebPage\",\"@id\":\"https:\/\/unkorce.edu.al\/grafiku-i-provimeve-2020-2021\/\",\"url\":\"https:\/\/unkorce.edu.al\/grafiku-i-provimeve-2020-2021\/\",\"name\":\"GRAFIKU I PROVIMEVE 2020-2021 - Universiteti \\\"Fan S. Noli\\\", Kor\u00e7\u00eb\",\"isPartOf\":{\"@id\":\"https:\/\/unkorce.edu.al\/#website\"},\"datePublished\":\"2021-02-16T16:24:21+00:00\",\"breadcrumb\":{\"@id\":\"https:\/\/unkorce.edu.al\/grafiku-i-provimeve-2020-2021\/#breadcrumb\"},\"inLanguage\":\"en-US\",\"potentialAction\":[{\"@type\":\"ReadAction\",\"target\":[\"https:\/\/unkorce.edu.al\/grafiku-i-provimeve-2020-2021\/\"]}]},{\"@type\":\"BreadcrumbList\",\"@id\":\"https:\/\/unkorce.edu.al\/grafiku-i-provimeve-2020-2021\/#breadcrumb\",\"itemListElement\":[{\"@type\":\"ListItem\",\"position\":1,\"name\":\"Home\",\"item\":\"https:\/\/unkorce.edu.al\/\"},{\"@type\":\"ListItem\",\"position\":2,\"name\":\"GRAFIKU I PROVIMEVE 2020-2021\"}]},{\"@type\":\"WebSite\",\"@id\":\"https:\/\/unkorce.edu.al\/#website\",\"url\":\"https:\/\/unkorce.edu.al\/\",\"name\":\"Universiteti \\\"Fan S. Noli\\\", Kor\u00e7\u00eb\",\"description\":\"Mir&euml;sevini n&euml; faqen zyrtare!\",\"publisher\":{\"@id\":\"https:\/\/unkorce.edu.al\/#organization\"},\"potentialAction\":[{\"@type\":\"SearchAction\",\"target\":{\"@type\":\"EntryPoint\",\"urlTemplate\":\"https:\/\/unkorce.edu.al\/?s={search_term_string}\"},\"query-input\":{\"@type\":\"PropertyValueSpecification\",\"valueRequired\":true,\"valueName\":\"search_term_string\"}}],\"inLanguage\":\"en-US\"},{\"@type\":\"Organization\",\"@id\":\"https:\/\/unkorce.edu.al\/#organization\",\"name\":\"Universiteti \\\"Fan S. Noli\\\", Kor\u00e7\u00eb\",\"url\":\"https:\/\/unkorce.edu.al\/\",\"logo\":{\"@type\":\"ImageObject\",\"inLanguage\":\"en-US\",\"@id\":\"https:\/\/unkorce.edu.al\/#\/schema\/logo\/image\/\",\"url\":\"https:\/\/unkorce.edu.al\/wp-content\/uploads\/2024\/08\/Logo_e_Universitetit__Fan_Noli_-e1726660879862.png\",\"contentUrl\":\"https:\/\/unkorce.edu.al\/wp-content\/uploads\/2024\/08\/Logo_e_Universitetit__Fan_Noli_-e1726660879862.png\",\"width\":200,\"height\":120,\"caption\":\"Universiteti \\\"Fan S. Noli\\\", Kor\u00e7\u00eb\"},\"image\":{\"@id\":\"https:\/\/unkorce.edu.al\/#\/schema\/logo\/image\/\"},\"sameAs\":[\"https:\/\/www.facebook.com\/unkorce\"]}]}<\/script>\n<!-- \/ Yoast SEO plugin. -->","yoast_head_json":{"title":"GRAFIKU I PROVIMEVE 2020-2021 - Universiteti \"Fan S. Noli\", Kor\u00e7\u00eb","robots":{"index":"index","follow":"follow","max-snippet":"max-snippet:-1","max-image-preview":"max-image-preview:large","max-video-preview":"max-video-preview:-1"},"canonical":"https:\/\/unkorce.edu.al\/en\/grafiku-i-provimeve-2020-2021\/","og_locale":"en_US","og_type":"article","og_title":"GRAFIKU I PROVIMEVE 2020-2021 - Universiteti \"Fan S. Noli\", Kor\u00e7\u00eb","og_url":"https:\/\/unkorce.edu.al\/en\/grafiku-i-provimeve-2020-2021\/","og_site_name":"Universiteti \"Fan S. Noli\", Kor\u00e7\u00eb","article_publisher":"https:\/\/www.facebook.com\/unkorce","twitter_card":"summary_large_image","schema":{"@context":"https:\/\/schema.org","@graph":[{"@type":"WebPage","@id":"https:\/\/unkorce.edu.al\/grafiku-i-provimeve-2020-2021\/","url":"https:\/\/unkorce.edu.al\/grafiku-i-provimeve-2020-2021\/","name":"GRAFIKU I PROVIMEVE 2020-2021 - Universiteti \"Fan S. Noli\", Kor\u00e7\u00eb","isPartOf":{"@id":"https:\/\/unkorce.edu.al\/#website"},"datePublished":"2021-02-16T16:24:21+00:00","breadcrumb":{"@id":"https:\/\/unkorce.edu.al\/grafiku-i-provimeve-2020-2021\/#breadcrumb"},"inLanguage":"en-US","potentialAction":[{"@type":"ReadAction","target":["https:\/\/unkorce.edu.al\/grafiku-i-provimeve-2020-2021\/"]}]},{"@type":"BreadcrumbList","@id":"https:\/\/unkorce.edu.al\/grafiku-i-provimeve-2020-2021\/#breadcrumb","itemListElement":[{"@type":"ListItem","position":1,"name":"Home","item":"https:\/\/unkorce.edu.al\/"},{"@type":"ListItem","position":2,"name":"GRAFIKU I PROVIMEVE 2020-2021"}]},{"@type":"WebSite","@id":"https:\/\/unkorce.edu.al\/#website","url":"https:\/\/unkorce.edu.al\/","name":"Universiteti \"Fan S. Noli\", Kor\u00e7\u00eb","description":"Mir&euml;sevini n&euml; faqen zyrtare!","publisher":{"@id":"https:\/\/unkorce.edu.al\/#organization"},"potentialAction":[{"@type":"SearchAction","target":{"@type":"EntryPoint","urlTemplate":"https:\/\/unkorce.edu.al\/?s={search_term_string}"},"query-input":{"@type":"PropertyValueSpecification","valueRequired":true,"valueName":"search_term_string"}}],"inLanguage":"en-US"},{"@type":"Organization","@id":"https:\/\/unkorce.edu.al\/#organization","name":"Universiteti \"Fan S. Noli\", Kor\u00e7\u00eb","url":"https:\/\/unkorce.edu.al\/","logo":{"@type":"ImageObject","inLanguage":"en-US","@id":"https:\/\/unkorce.edu.al\/#\/schema\/logo\/image\/","url":"https:\/\/unkorce.edu.al\/wp-content\/uploads\/2024\/08\/Logo_e_Universitetit__Fan_Noli_-e1726660879862.png","contentUrl":"https:\/\/unkorce.edu.al\/wp-content\/uploads\/2024\/08\/Logo_e_Universitetit__Fan_Noli_-e1726660879862.png","width":200,"height":120,"caption":"Universiteti \"Fan S. Noli\", Kor\u00e7\u00eb"},"image":{"@id":"https:\/\/unkorce.edu.al\/#\/schema\/logo\/image\/"},"sameAs":["https:\/\/www.facebook.com\/unkorce"]}]}},"_links":{"self":[{"href":"https:\/\/unkorce.edu.al\/en\/wp-json\/wp\/v2\/pages\/8282","targetHints":{"allow":["GET"]}}],"collection":[{"href":"https:\/\/unkorce.edu.al\/en\/wp-json\/wp\/v2\/pages"}],"about":[{"href":"https:\/\/unkorce.edu.al\/en\/wp-json\/wp\/v2\/types\/page"}],"author":[{"embeddable":true,"href":"https:\/\/unkorce.edu.al\/en\/wp-json\/wp\/v2\/users\/122"}],"replies":[{"embeddable":true,"href":"https:\/\/unkorce.edu.al\/en\/wp-json\/wp\/v2\/comments?post=8282"}],"version-history":[{"count":0,"href":"https:\/\/unkorce.edu.al\/en\/wp-json\/wp\/v2\/pages\/8282\/revisions"}],"wp:attachment":[{"href":"https:\/\/unkorce.edu.al\/en\/wp-json\/wp\/v2\/media?parent=8282"}],"curies":[{"name":"wp","href":"https:\/\/api.w.org\/{rel}","templated":true}]}}