{"id":8280,"date":"2020-08-26T11:27:05","date_gmt":"2020-08-26T11:27:05","guid":{"rendered":"\/listat-e-aplikanteve-fitues-raundi-i-dyte\/"},"modified":"2020-08-26T11:27:05","modified_gmt":"2020-08-26T11:27:05","slug":"listat-e-aplikanteve-fitues-raundi-i-dyte","status":"publish","type":"page","link":"https:\/\/unkorce.edu.al\/en\/listat-e-aplikanteve-fitues-raundi-i-dyte\/","title":{"rendered":"LISTAT E APLIKANT\u00cbVE FITUES (RAUNDI I DYT\u00cb)"},"content":{"rendered":"<style type=\"text\/css\">.tb_button {padding:1px;cursor:pointer;border-right: 1px solid #8b8b8b;border-left: 1px solid #FFF;border-bottom: 1px solid #fff;}.tb_button.hover {borer:2px outset #def; background-color: #f8f8f8 !important;}.ws_toolbar {z-index:100000} .ws_toolbar .ws_tb_btn {cursor:pointer;border:1px solid #555;padding:3px}   .tb_highlight{background-color:yellow} .tb_hide {visibility:hidden} .ws_toolbar img {padding:2px;margin:0px}\n<\/style>\n<p><!--more--><\/p>\n<div style=\"padding-left:50px;border-left:2px solid gray;margin-left:50px;\">\n<h2><strong>LISTAT E APLIKANT\u00cbVE FITUES<\/strong>&nbsp;(RAUNDI I TRET\u00cb)&nbsp;<strong>P\u00cbR RREGJISTRIMET N\u00cb UNIVERSITET N\u00cb VITIN AKADEMIK 2020-2021<\/strong><\/h2>\n<h2><u>Fakulteti Ekonomik<\/u><\/h2>\n<p><a href=\"http:\/\/www.unkorce.edu.al\/sites\/default\/files\/lista_lendeve_kriter_edukimi.pdf\" target=\"_blank\" rel=\"noopener\"><img decoding=\"async\" alt=\"\" src=\"http:\/\/www.unkorce.edu.al\/sites\/default\/files\/adobe_0.gif\" \/><\/a><span style=\"font-size:20px\"><a href=\"https:\/\/unkorce.edu.al\/en\/sites\/default\/files\/Finance%20Kontabilitet_0.pdf\/\">&nbsp;<\/a><a href=\"\/en\/sites\/default\/files\/Finance%20Kontabilitet_4.pdf\/\" target=\"_blank\" rel=\"noopener\">Financ\u00eb Kontabilitet<\/a><\/span><\/p>\n<p><span style=\"font-size:20px\"><a href=\"http:\/\/www.unkorce.edu.al\/sites\/default\/files\/lista_lendeve_kriter_edukimi.pdf\" target=\"_blank\" rel=\"noopener\"><img decoding=\"async\" alt=\"\" src=\"http:\/\/www.unkorce.edu.al\/sites\/default\/files\/adobe_0.gif\" \/><\/a>&nbsp;<a href=\"\/sites\/default\/files\/Menaxhim_8.pdf\" target=\"_blank\" rel=\"noopener\">Menaxhim<\/a><\/span><\/p>\n<p><span style=\"font-size:20px\"><a href=\"http:\/\/www.unkorce.edu.al\/sites\/default\/files\/lista_lendeve_kriter_edukimi.pdf\" target=\"_blank\" rel=\"noopener\"><img decoding=\"async\" alt=\"\" src=\"http:\/\/www.unkorce.edu.al\/sites\/default\/files\/adobe_0.gif\" \/><\/a>&nbsp;<a href=\"\/en\/sites\/default\/files\/Biznesi%20ne%20Marketing_1.pdf\/\" target=\"_blank\" rel=\"noopener\">Administrim Biznesi n\u00eb Marketing<\/a><\/span><\/p>\n<p><span style=\"font-size:20px\"><a href=\"http:\/\/www.unkorce.edu.al\/sites\/default\/files\/lista_lendeve_kriter_edukimi.pdf\" target=\"_blank\" rel=\"noopener\"><img decoding=\"async\" alt=\"\" src=\"http:\/\/www.unkorce.edu.al\/sites\/default\/files\/adobe_0.gif\" \/><\/a>&nbsp;<a href=\"\/en\/sites\/default\/files\/Administrim%20Biznesi%20ne%20Turizem_9.pdf\/\" target=\"_blank\" rel=\"noopener\">Administrim Biznesi n\u00eb Turiz\u00ebm<\/a><\/span><\/p>\n<p><span style=\"font-size:20px\"><a href=\"http:\/\/www.unkorce.edu.al\/sites\/default\/files\/lista_lendeve_kriter_edukimi.pdf\" target=\"_blank\" rel=\"noopener\"><img decoding=\"async\" alt=\"\" src=\"http:\/\/www.unkorce.edu.al\/sites\/default\/files\/adobe_0.gif\" \/><\/a>&nbsp;<a href=\"\/sites\/default\/files\/Ekonomiks_3.pdf\">Ekonomiks<\/a><\/span><\/p>\n<p><span style=\"font-size:20px\"><a href=\"http:\/\/www.unkorce.edu.al\/sites\/default\/files\/lista_lendeve_kriter_edukimi.pdf\" target=\"_blank\" rel=\"noopener\"><img decoding=\"async\" alt=\"\" src=\"http:\/\/www.unkorce.edu.al\/sites\/default\/files\/adobe_0.gif\" \/><\/a>&nbsp;<a href=\"\/en\/sites\/default\/files\/Informatike%20Biznesi_2.pdf\/\">Informatik\u00eb Biznesi<\/a><\/span><\/p>\n<p><span style=\"font-size:20px\"><a href=\"http:\/\/www.unkorce.edu.al\/sites\/default\/files\/lista_lendeve_kriter_edukimi.pdf\" target=\"_blank\" rel=\"noopener\"><img decoding=\"async\" alt=\"\" src=\"http:\/\/www.unkorce.edu.al\/sites\/default\/files\/adobe_0.gif\" \/><\/a>&nbsp;<a href=\"\/en\/sites\/default\/files\/Asistent%20Menaxher_1.pdf\/\">Asistent menaxher<\/a><\/span><\/p>\n<p><span style=\"font-size:20px\"><a href=\"http:\/\/www.unkorce.edu.al\/sites\/default\/files\/lista_lendeve_kriter_edukimi.pdf\" target=\"_blank\" rel=\"noopener\"><img decoding=\"async\" alt=\"\" src=\"http:\/\/www.unkorce.edu.al\/sites\/default\/files\/adobe_0.gif\" \/><\/a>&nbsp;<a href=\"\/en\/sites\/default\/files\/Biznes%20dhe%20Tregti_2.pdf\/\">Biznes dhe Tregti<\/a><\/span><\/p>\n<hr \/>\n<p>&nbsp;<\/p>\n<div>\n<h2><u>Faculty of Agriculture<\/u><\/h2>\n<p><img decoding=\"async\" alt=\"\" src=\"http:\/\/www.unkorce.edu.al\/sites\/default\/files\/adobe_0.gif\" \/>&nbsp;<span style=\"font-size:20px\"><a href=\"\/sites\/default\/files\/Agrobiznes_9.pdf\" target=\"_blank\" rel=\"noopener\">Agrobiznes<\/a><\/span><\/p>\n<p><span style=\"font-size:20px\"><img decoding=\"async\" alt=\"\" src=\"http:\/\/www.unkorce.edu.al\/sites\/default\/files\/adobe_0.gif\" \/>&nbsp;<a href=\"\/sites\/default\/files\/Agroushqim_8.pdf\" target=\"_blank\" rel=\"noopener\">Agroushqim<\/a><\/span><\/p>\n<p><span style=\"font-size:20px\"><img decoding=\"async\" alt=\"\" src=\"http:\/\/www.unkorce.edu.al\/sites\/default\/files\/adobe_0.gif\" \/>&nbsp;<a href=\"\/sites\/default\/files\/RAUNDI2\/Inxhinieri_Agronomike.pdf\" target=\"_blank\" rel=\"noopener\">Inxhinieri Agronomike<\/a><\/span><\/p>\n<p><span style=\"font-size:20px\"><img decoding=\"async\" alt=\"\" src=\"http:\/\/www.unkorce.edu.al\/sites\/default\/files\/adobe_0.gif\" \/>&nbsp;<a href=\"\/sites\/default\/files\/RAUNDI2\/Mjekesi_e_Bimeve_dhe_Hortikulture.pdf\" target=\"_blank\" rel=\"noopener\">Mjekesi e Bimeve dhe Hortikulture<\/a><\/span><\/p>\n<p><img decoding=\"async\" alt=\"\" src=\"http:\/\/www.unkorce.edu.al\/sites\/default\/files\/adobe_0.gif\" style=\"font-size:20px\" \/>&nbsp;<a href=\"\/sites\/default\/files\/RAUNDI2\/Menaxhim_Biznesi_Bujqesor.pdf\"><span style=\"font-size:20px\">Menaxhim Biznesi Bujq\u00ebsor<\/span><\/a><\/p>\n<p><img decoding=\"async\" alt=\"\" src=\"http:\/\/www.unkorce.edu.al\/sites\/default\/files\/adobe_0.gif\" style=\"font-size:20px\" \/>&nbsp;<span style=\"font-size:20px\"><a href=\"\/sites\/default\/files\/RAUNDI2\/Menaxhim_Veterinar.pdf\">Menaxhim Veterinar<\/a><\/span><\/p>\n<p><img decoding=\"async\" alt=\"\" src=\"http:\/\/www.unkorce.edu.al\/sites\/default\/files\/adobe_0.gif\" style=\"font-size:20px\" \/>&nbsp;<span style=\"font-size:20px\"><a href=\"\/sites\/default\/files\/RAUNDI2\/Teknika_te_Prodhimit_te_Farave_dhe_Fidaneve.pdf\">Teknika t\u00eb Prodhimit t\u00eb Farave dhe Fidan\u00ebve<\/a><\/span><\/p>\n<hr \/>\n<p>&nbsp;<\/p>\n<h2><u>Faculty of Education and Philology<\/u><\/h2>\n<p><img decoding=\"async\" alt=\"\" src=\"http:\/\/www.unkorce.edu.al\/sites\/default\/files\/adobe_0.gif\" \/><span style=\"font-size:20px\">&nbsp;<a href=\"\/sites\/default\/files\/RAUNDI2\/GJUHE ANGLEZE.pdf\" target=\"_blank\" rel=\"noopener\">Gjuh\u00eb Angleze<\/a><\/span><\/p>\n<p><span style=\"font-size:20px\"><img decoding=\"async\" alt=\"\" src=\"http:\/\/www.unkorce.edu.al\/sites\/default\/files\/adobe_0.gif\" \/>&nbsp;<a href=\"\/sites\/default\/files\/RAUNDI2\/GJUHE DHE KULTURE FRENGE.pdf\" target=\"_blank\" rel=\"noopener\">Gjuh\u00eb dhe Kultur\u00eb Fr\u00ebnge<\/a><\/span><\/p>\n<p><span style=\"font-size:20px\"><img decoding=\"async\" alt=\"\" src=\"http:\/\/www.unkorce.edu.al\/sites\/default\/files\/adobe_0.gif\" \/>&nbsp;<a href=\"\/sites\/default\/files\/RAUNDI2\/GJUHE SHQIPE DHE LETERSI.pdf\" target=\"_blank\" rel=\"noopener\">Gjuh\u00eb Let\u00ebrsi<\/a><\/span><\/p>\n<p><span style=\"font-size:20px\"><img decoding=\"async\" alt=\"\" src=\"http:\/\/www.unkorce.edu.al\/sites\/default\/files\/adobe_0.gif\" \/>&nbsp;<a href=\"\/sites\/default\/files\/RAUNDI2\/HISTORI GJEOGRAFI.pdf\" target=\"_blank\" rel=\"noopener\">Histori Gjeografi<\/a><\/span><\/p>\n<p><span style=\"font-size:20px\"><img decoding=\"async\" alt=\"\" src=\"http:\/\/www.unkorce.edu.al\/sites\/default\/files\/adobe_0.gif\" \/>&nbsp;<a href=\"\/sites\/default\/files\/RAUNDI2\/MESUESI PER ARSIMIN FILLOR.pdf\" target=\"_blank\" rel=\"noopener\">M\u00ebsuesi p\u00ebr Arsimin Fillor<\/a><\/span><\/p>\n<p><span style=\"font-size:20px\"><img decoding=\"async\" alt=\"\" src=\"http:\/\/www.unkorce.edu.al\/sites\/default\/files\/adobe_0.gif\" \/>&nbsp;<a href=\"\/sites\/default\/files\/RAUNDI2\/MESUESI PER ARSIMIN PARSHKOLLOR.pdf\" target=\"_blank\" rel=\"noopener\">M\u00ebsuesi p\u00ebr Arsimin Parashkollor<\/a><\/span><\/p>\n<p><span style=\"font-size:20px\"><img decoding=\"async\" alt=\"\" src=\"http:\/\/www.unkorce.edu.al\/sites\/default\/files\/adobe_0.gif\" \/>&nbsp;<a href=\"\/en\/sites\/default\/files\/RAUNDI2\/\">Edukim Fizik dhe Sporte<\/a><\/span><\/p>\n<p><span style=\"font-size:20px\"><img decoding=\"async\" alt=\"\" src=\"http:\/\/www.unkorce.edu.al\/sites\/default\/files\/adobe_0.gif\" \/>&nbsp;<a href=\"\/sites\/default\/files\/RAUNDI2\/EFFH.pdf\">Edukim p\u00ebr foshnj\u00ebrin\u00eb dhe f\u00ebmij\u00ebrin\u00eb e hershme<\/a><\/span><\/p>\n<p><span style=\"font-size:20px\"><img decoding=\"async\" alt=\"\" src=\"http:\/\/www.unkorce.edu.al\/sites\/default\/files\/adobe_0.gif\" \/>&nbsp;<a href=\"\/sites\/default\/files\/RAUNDI2\/MZB.pdf\">Mb\u00ebshtet\u00ebs zyre p\u00ebr komunikim bibliotek\u00eb dhe arkiv<\/a><\/span><\/p>\n<hr \/>\n<h2><u>Faculty of Human and Natural Sciences&nbsp;<\/u><\/h2>\n<p><img decoding=\"async\" alt=\"\" src=\"http:\/\/www.unkorce.edu.al\/sites\/default\/files\/image_download\/adobe.gif\" \/>&nbsp;<span style=\"font-size:20px\"><a href=\"\/en\/sites\/default\/files\/Filozofi_Sociologji%20R3%202020%202021.pdf\/\" target=\"_blank\" rel=\"noopener\">Filozofi Sociologji<\/a><\/span><\/p>\n<p><span style=\"font-size:20px\"><img decoding=\"async\" alt=\"\" src=\"http:\/\/www.unkorce.edu.al\/sites\/default\/files\/image_download\/adobe.gif\" \/>&nbsp;<a href=\"\/en\/sites\/default\/files\/Matematike_Fizike%20R3%202020%202021.pdf\/\" target=\"_blank\" rel=\"noopener\">Matematik\u00eb &#8211; Fizik\u00eb<\/a><\/span><\/p>\n<p><span style=\"font-size:20px\"><img decoding=\"async\" alt=\"\" src=\"http:\/\/www.unkorce.edu.al\/sites\/default\/files\/image_download\/adobe.gif\" \/>&nbsp;<a href=\"\/en\/sites\/default\/files\/Matematike_Informatike%20R3%202020%202021.pdf\/\" target=\"_blank\" rel=\"noopener\">Matematike &#8211; Informatike<\/a><\/span><\/p>\n<p><span style=\"font-size:20px\"><img decoding=\"async\" alt=\"\" src=\"http:\/\/www.unkorce.edu.al\/sites\/default\/files\/image_download\/adobe.gif\" \/>&nbsp;<a href=\"\/en\/sites\/default\/files\/Biologji_Kimi%20R3%202020%202021.pdf\/\" target=\"_blank\" rel=\"noopener\">Biologji &#8211; Kimi<\/a><\/span><\/p>\n<p><span style=\"font-size:20px\"><img decoding=\"async\" alt=\"\" src=\"http:\/\/www.unkorce.edu.al\/sites\/default\/files\/image_download\/adobe.gif\" \/>&nbsp;<a href=\"\/en\/sites\/default\/files\/teknologji_Informacioni%20R3%202020%202021.pdf\/\" target=\"_blank\" rel=\"noopener\">Teknologji Informacioni<\/a><\/span><\/p>\n<p><span style=\"font-size:20px\"><img decoding=\"async\" alt=\"\" src=\"http:\/\/www.unkorce.edu.al\/sites\/default\/files\/image_download\/adobe.gif\" \/>&nbsp;Infermieri e&nbsp;p\u00ebrgjithshme<\/span><\/p>\n<p><span style=\"font-size:20px\"><img decoding=\"async\" alt=\"\" src=\"http:\/\/www.unkorce.edu.al\/sites\/default\/files\/image_download\/adobe.gif\" \/>&nbsp;Mami (Infermier)<\/span><\/p>\n<p><span style=\"font-size:20px\"><img decoding=\"async\" alt=\"\" src=\"http:\/\/www.unkorce.edu.al\/sites\/default\/files\/image_download\/adobe.gif\" \/>&nbsp;<a href=\"\/en\/sites\/default\/files\/Administrim_dhe_Politika_Sociale%20R3%202020%202021.pdf\/\" target=\"_blank\" rel=\"noopener\">Administrim dhe Politika Sociale<\/a><\/span><\/p>\n<p><span style=\"font-size:20px\"><img decoding=\"async\" alt=\"\" src=\"http:\/\/www.unkorce.edu.al\/sites\/default\/files\/image_download\/adobe.gif\" \/>&nbsp;<a href=\"\/en\/sites\/default\/files\/Sherbim_Social%20R3%202020%202021.pdf\/\">Sh\u00ebrbim Social<\/a><\/span><\/p>\n<\/div>\n<\/div>\n<style type=\"text\/css\">.tb_button {padding:1px;cursor:pointer;border-right: 1px solid #8b8b8b;border-left: 1px solid #FFF;border-bottom: 1px solid #fff;}.tb_button.hover {borer:2px outset #def; background-color: #f8f8f8 !important;}.ws_toolbar {z-index:100000} .ws_toolbar .ws_tb_btn {cursor:pointer;border:1px solid #555;padding:3px}   .tb_highlight{background-color:yellow} .tb_hide {visibility:hidden} .ws_toolbar img {padding:2px;margin:0px}\n<\/style>","protected":false},"excerpt":{"rendered":"","protected":false},"author":122,"featured_media":0,"parent":0,"menu_order":0,"comment_status":"closed","ping_status":"closed","template":"","meta":{"_acf_changed":false,"footnotes":""},"class_list":["post-8280","page","type-page","status-publish","hentry"],"acf":[],"yoast_head":"<!-- This site is optimized with the Yoast SEO plugin v26.9 - https:\/\/yoast.com\/product\/yoast-seo-wordpress\/ -->\n<title>LISTAT E APLIKANT\u00cbVE FITUES (RAUNDI I DYT\u00cb) - Universiteti &quot;Fan S. Noli&quot;, Kor\u00e7\u00eb<\/title>\n<meta name=\"robots\" content=\"index, follow, max-snippet:-1, max-image-preview:large, max-video-preview:-1\" \/>\n<link rel=\"canonical\" href=\"https:\/\/unkorce.edu.al\/en\/listat-e-aplikanteve-fitues-raundi-i-dyte\/\" \/>\n<meta property=\"og:locale\" content=\"en_US\" \/>\n<meta property=\"og:type\" content=\"article\" \/>\n<meta property=\"og:title\" content=\"LISTAT E APLIKANT\u00cbVE FITUES (RAUNDI I DYT\u00cb) - Universiteti &quot;Fan S. Noli&quot;, Kor\u00e7\u00eb\" \/>\n<meta property=\"og:url\" content=\"https:\/\/unkorce.edu.al\/en\/listat-e-aplikanteve-fitues-raundi-i-dyte\/\" \/>\n<meta property=\"og:site_name\" content=\"Universiteti &quot;Fan S. Noli&quot;, Kor\u00e7\u00eb\" \/>\n<meta property=\"article:publisher\" content=\"https:\/\/www.facebook.com\/unkorce\" \/>\n<meta property=\"og:image\" content=\"http:\/\/www.unkorce.edu.al\/sites\/default\/files\/adobe_0.gif\" \/>\n<meta name=\"twitter:card\" content=\"summary_large_image\" \/>\n<meta name=\"twitter:label1\" content=\"Est. reading time\" \/>\n\t<meta name=\"twitter:data1\" content=\"1 minute\" \/>\n<script type=\"application\/ld+json\" class=\"yoast-schema-graph\">{\"@context\":\"https:\/\/schema.org\",\"@graph\":[{\"@type\":\"WebPage\",\"@id\":\"https:\/\/unkorce.edu.al\/listat-e-aplikanteve-fitues-raundi-i-dyte\/\",\"url\":\"https:\/\/unkorce.edu.al\/listat-e-aplikanteve-fitues-raundi-i-dyte\/\",\"name\":\"LISTAT E APLIKANT\u00cbVE FITUES (RAUNDI I DYT\u00cb) - Universiteti \\\"Fan S. Noli\\\", Kor\u00e7\u00eb\",\"isPartOf\":{\"@id\":\"https:\/\/unkorce.edu.al\/#website\"},\"primaryImageOfPage\":{\"@id\":\"https:\/\/unkorce.edu.al\/listat-e-aplikanteve-fitues-raundi-i-dyte\/#primaryimage\"},\"image\":{\"@id\":\"https:\/\/unkorce.edu.al\/listat-e-aplikanteve-fitues-raundi-i-dyte\/#primaryimage\"},\"thumbnailUrl\":\"http:\/\/www.unkorce.edu.al\/sites\/default\/files\/adobe_0.gif\",\"datePublished\":\"2020-08-26T11:27:05+00:00\",\"breadcrumb\":{\"@id\":\"https:\/\/unkorce.edu.al\/listat-e-aplikanteve-fitues-raundi-i-dyte\/#breadcrumb\"},\"inLanguage\":\"en-US\",\"potentialAction\":[{\"@type\":\"ReadAction\",\"target\":[\"https:\/\/unkorce.edu.al\/listat-e-aplikanteve-fitues-raundi-i-dyte\/\"]}]},{\"@type\":\"ImageObject\",\"inLanguage\":\"en-US\",\"@id\":\"https:\/\/unkorce.edu.al\/listat-e-aplikanteve-fitues-raundi-i-dyte\/#primaryimage\",\"url\":\"http:\/\/www.unkorce.edu.al\/sites\/default\/files\/adobe_0.gif\",\"contentUrl\":\"http:\/\/www.unkorce.edu.al\/sites\/default\/files\/adobe_0.gif\"},{\"@type\":\"BreadcrumbList\",\"@id\":\"https:\/\/unkorce.edu.al\/listat-e-aplikanteve-fitues-raundi-i-dyte\/#breadcrumb\",\"itemListElement\":[{\"@type\":\"ListItem\",\"position\":1,\"name\":\"Home\",\"item\":\"https:\/\/unkorce.edu.al\/\"},{\"@type\":\"ListItem\",\"position\":2,\"name\":\"LISTAT E APLIKANT\u00cbVE FITUES (RAUNDI I DYT\u00cb)\"}]},{\"@type\":\"WebSite\",\"@id\":\"https:\/\/unkorce.edu.al\/#website\",\"url\":\"https:\/\/unkorce.edu.al\/\",\"name\":\"Universiteti \\\"Fan S. Noli\\\", Kor\u00e7\u00eb\",\"description\":\"Mir&euml;sevini n&euml; faqen zyrtare!\",\"publisher\":{\"@id\":\"https:\/\/unkorce.edu.al\/#organization\"},\"potentialAction\":[{\"@type\":\"SearchAction\",\"target\":{\"@type\":\"EntryPoint\",\"urlTemplate\":\"https:\/\/unkorce.edu.al\/?s={search_term_string}\"},\"query-input\":{\"@type\":\"PropertyValueSpecification\",\"valueRequired\":true,\"valueName\":\"search_term_string\"}}],\"inLanguage\":\"en-US\"},{\"@type\":\"Organization\",\"@id\":\"https:\/\/unkorce.edu.al\/#organization\",\"name\":\"Universiteti \\\"Fan S. Noli\\\", Kor\u00e7\u00eb\",\"url\":\"https:\/\/unkorce.edu.al\/\",\"logo\":{\"@type\":\"ImageObject\",\"inLanguage\":\"en-US\",\"@id\":\"https:\/\/unkorce.edu.al\/#\/schema\/logo\/image\/\",\"url\":\"https:\/\/unkorce.edu.al\/wp-content\/uploads\/2024\/08\/Logo_e_Universitetit__Fan_Noli_-e1726660879862.png\",\"contentUrl\":\"https:\/\/unkorce.edu.al\/wp-content\/uploads\/2024\/08\/Logo_e_Universitetit__Fan_Noli_-e1726660879862.png\",\"width\":200,\"height\":120,\"caption\":\"Universiteti \\\"Fan S. Noli\\\", Kor\u00e7\u00eb\"},\"image\":{\"@id\":\"https:\/\/unkorce.edu.al\/#\/schema\/logo\/image\/\"},\"sameAs\":[\"https:\/\/www.facebook.com\/unkorce\"]}]}<\/script>\n<!-- \/ Yoast SEO plugin. -->","yoast_head_json":{"title":"LISTAT E APLIKANT\u00cbVE FITUES (RAUNDI I DYT\u00cb) - Universiteti \"Fan S. Noli\", Kor\u00e7\u00eb","robots":{"index":"index","follow":"follow","max-snippet":"max-snippet:-1","max-image-preview":"max-image-preview:large","max-video-preview":"max-video-preview:-1"},"canonical":"https:\/\/unkorce.edu.al\/en\/listat-e-aplikanteve-fitues-raundi-i-dyte\/","og_locale":"en_US","og_type":"article","og_title":"LISTAT E APLIKANT\u00cbVE FITUES (RAUNDI I DYT\u00cb) - Universiteti \"Fan S. Noli\", Kor\u00e7\u00eb","og_url":"https:\/\/unkorce.edu.al\/en\/listat-e-aplikanteve-fitues-raundi-i-dyte\/","og_site_name":"Universiteti \"Fan S. Noli\", Kor\u00e7\u00eb","article_publisher":"https:\/\/www.facebook.com\/unkorce","og_image":[{"url":"http:\/\/www.unkorce.edu.al\/sites\/default\/files\/adobe_0.gif","type":"","width":"","height":""}],"twitter_card":"summary_large_image","twitter_misc":{"Est. reading time":"1 minute"},"schema":{"@context":"https:\/\/schema.org","@graph":[{"@type":"WebPage","@id":"https:\/\/unkorce.edu.al\/listat-e-aplikanteve-fitues-raundi-i-dyte\/","url":"https:\/\/unkorce.edu.al\/listat-e-aplikanteve-fitues-raundi-i-dyte\/","name":"LISTAT E APLIKANT\u00cbVE FITUES (RAUNDI I DYT\u00cb) - Universiteti \"Fan S. Noli\", Kor\u00e7\u00eb","isPartOf":{"@id":"https:\/\/unkorce.edu.al\/#website"},"primaryImageOfPage":{"@id":"https:\/\/unkorce.edu.al\/listat-e-aplikanteve-fitues-raundi-i-dyte\/#primaryimage"},"image":{"@id":"https:\/\/unkorce.edu.al\/listat-e-aplikanteve-fitues-raundi-i-dyte\/#primaryimage"},"thumbnailUrl":"http:\/\/www.unkorce.edu.al\/sites\/default\/files\/adobe_0.gif","datePublished":"2020-08-26T11:27:05+00:00","breadcrumb":{"@id":"https:\/\/unkorce.edu.al\/listat-e-aplikanteve-fitues-raundi-i-dyte\/#breadcrumb"},"inLanguage":"en-US","potentialAction":[{"@type":"ReadAction","target":["https:\/\/unkorce.edu.al\/listat-e-aplikanteve-fitues-raundi-i-dyte\/"]}]},{"@type":"ImageObject","inLanguage":"en-US","@id":"https:\/\/unkorce.edu.al\/listat-e-aplikanteve-fitues-raundi-i-dyte\/#primaryimage","url":"http:\/\/www.unkorce.edu.al\/sites\/default\/files\/adobe_0.gif","contentUrl":"http:\/\/www.unkorce.edu.al\/sites\/default\/files\/adobe_0.gif"},{"@type":"BreadcrumbList","@id":"https:\/\/unkorce.edu.al\/listat-e-aplikanteve-fitues-raundi-i-dyte\/#breadcrumb","itemListElement":[{"@type":"ListItem","position":1,"name":"Home","item":"https:\/\/unkorce.edu.al\/"},{"@type":"ListItem","position":2,"name":"LISTAT E APLIKANT\u00cbVE FITUES (RAUNDI I DYT\u00cb)"}]},{"@type":"WebSite","@id":"https:\/\/unkorce.edu.al\/#website","url":"https:\/\/unkorce.edu.al\/","name":"Universiteti \"Fan S. Noli\", Kor\u00e7\u00eb","description":"Mir&euml;sevini n&euml; faqen zyrtare!","publisher":{"@id":"https:\/\/unkorce.edu.al\/#organization"},"potentialAction":[{"@type":"SearchAction","target":{"@type":"EntryPoint","urlTemplate":"https:\/\/unkorce.edu.al\/?s={search_term_string}"},"query-input":{"@type":"PropertyValueSpecification","valueRequired":true,"valueName":"search_term_string"}}],"inLanguage":"en-US"},{"@type":"Organization","@id":"https:\/\/unkorce.edu.al\/#organization","name":"Universiteti \"Fan S. Noli\", Kor\u00e7\u00eb","url":"https:\/\/unkorce.edu.al\/","logo":{"@type":"ImageObject","inLanguage":"en-US","@id":"https:\/\/unkorce.edu.al\/#\/schema\/logo\/image\/","url":"https:\/\/unkorce.edu.al\/wp-content\/uploads\/2024\/08\/Logo_e_Universitetit__Fan_Noli_-e1726660879862.png","contentUrl":"https:\/\/unkorce.edu.al\/wp-content\/uploads\/2024\/08\/Logo_e_Universitetit__Fan_Noli_-e1726660879862.png","width":200,"height":120,"caption":"Universiteti \"Fan S. Noli\", Kor\u00e7\u00eb"},"image":{"@id":"https:\/\/unkorce.edu.al\/#\/schema\/logo\/image\/"},"sameAs":["https:\/\/www.facebook.com\/unkorce"]}]}},"_links":{"self":[{"href":"https:\/\/unkorce.edu.al\/en\/wp-json\/wp\/v2\/pages\/8280","targetHints":{"allow":["GET"]}}],"collection":[{"href":"https:\/\/unkorce.edu.al\/en\/wp-json\/wp\/v2\/pages"}],"about":[{"href":"https:\/\/unkorce.edu.al\/en\/wp-json\/wp\/v2\/types\/page"}],"author":[{"embeddable":true,"href":"https:\/\/unkorce.edu.al\/en\/wp-json\/wp\/v2\/users\/122"}],"replies":[{"embeddable":true,"href":"https:\/\/unkorce.edu.al\/en\/wp-json\/wp\/v2\/comments?post=8280"}],"version-history":[{"count":0,"href":"https:\/\/unkorce.edu.al\/en\/wp-json\/wp\/v2\/pages\/8280\/revisions"}],"wp:attachment":[{"href":"https:\/\/unkorce.edu.al\/en\/wp-json\/wp\/v2\/media?parent=8280"}],"curies":[{"name":"wp","href":"https:\/\/api.w.org\/{rel}","templated":true}]}}