{"id":8278,"date":"2020-06-25T10:49:37","date_gmt":"2020-06-25T10:49:37","guid":{"rendered":"\/kontakte-fakultete\/"},"modified":"2020-06-25T10:49:37","modified_gmt":"2020-06-25T10:49:37","slug":"kontakte-fakultete","status":"publish","type":"page","link":"https:\/\/unkorce.edu.al\/en\/kontakte-fakultete\/","title":{"rendered":"Kontakte Fakultete"},"content":{"rendered":"<p><strong>FACULTY OF EDUCATION AND PHILOLOGY<\/strong><\/p>\n<p><a href=\"tel:+35582248944\">Tel: +35582248944<\/a><\/p>\n<p><strong><em>e-mail<\/em><\/strong>: <a href=\"mailto:fedukimit@unkorce.edu.al\">fedukimit@unkorce.edu.al<\/a><\/p>\n<p>&nbsp;<\/p>\n<p><strong>FACULTY OF AGRICULTURE<\/strong><\/p>\n<p><strong><em>Tel<\/em><\/strong>: +355 82248945<\/p>\n<p><strong><em>e-mail<\/em><\/strong>: fbujqesise@unkorce.edu.al<\/p>\n<p>&nbsp;<\/p>\n<p><strong>FACULTY OF ECONOMICS<\/strong><\/p>\n<p><strong>Tel: +<\/strong>355 822 42201<\/p>\n<p><strong><em>e-mail<\/em><\/strong>: <a href=\"mailto:fekonomise@unkorce.edu.al\">fekonomise@unkorce.edu.al<\/a><\/p>\n<p>&nbsp;<\/p>\n<p><strong>Faculty of Human and Natural Sciences<\/strong><\/p>\n<p><strong>Tel: <\/strong>+355822 7922<\/p>\n<p><strong><em>e-mail<\/em><\/strong>: <a href=\"mailto:fshkencave@unkorce.edu.al\">fshkencave@unkorce.edu.al<\/a><\/p>","protected":false},"excerpt":{"rendered":"<p>FAKULTETI I EDUKIMIT DHE FILOLOGJIS\u00cb Tel: +35582248944 e-mail: fedukimit@unkorce.edu.al &nbsp; FAKULTETI I BUJQ\u00cbSIS\u00cb Tel: +355 82248945 e-mail: fbujqesise@unkorce.edu.al &nbsp; FAKULTETI I EKONOMIS\u00cb Tel: +355 822 42201 e-mail: fekonomise@unkorce.edu.al &nbsp; FAKULTETI I SHKENCAVE NATYRORE DHE SHKENCAVE HUMANE Tel: +355822 7922 e-mail: fshkencave@unkorce.edu.al<\/p>","protected":false},"author":122,"featured_media":0,"parent":0,"menu_order":0,"comment_status":"closed","ping_status":"closed","template":"","meta":{"_acf_changed":false,"footnotes":""},"class_list":["post-8278","page","type-page","status-publish","hentry"],"acf":[],"yoast_head":"<!-- This site is optimized with the Yoast SEO plugin v26.9 - https:\/\/yoast.com\/product\/yoast-seo-wordpress\/ -->\n<title>Kontakte Fakultete - Universiteti &quot;Fan S. Noli&quot;, Kor\u00e7\u00eb<\/title>\n<meta name=\"robots\" content=\"index, follow, max-snippet:-1, max-image-preview:large, max-video-preview:-1\" \/>\n<link rel=\"canonical\" href=\"https:\/\/unkorce.edu.al\/en\/kontakte-fakultete\/\" \/>\n<meta property=\"og:locale\" content=\"en_US\" \/>\n<meta property=\"og:type\" content=\"article\" \/>\n<meta property=\"og:title\" content=\"Kontakte Fakultete - Universiteti &quot;Fan S. Noli&quot;, Kor\u00e7\u00eb\" \/>\n<meta property=\"og:description\" content=\"FAKULTETI I EDUKIMIT DHE FILOLOGJIS\u00cb Tel: +35582248944 e-mail: fedukimit@unkorce.edu.al &nbsp; FAKULTETI I BUJQ\u00cbSIS\u00cb Tel: +355 82248945 e-mail: fbujqesise@unkorce.edu.al &nbsp; FAKULTETI I EKONOMIS\u00cb Tel: +355 822 42201 e-mail: fekonomise@unkorce.edu.al &nbsp; FAKULTETI I SHKENCAVE NATYRORE DHE SHKENCAVE HUMANE Tel: +355822 7922 e-mail: fshkencave@unkorce.edu.al\" \/>\n<meta property=\"og:url\" content=\"https:\/\/unkorce.edu.al\/en\/kontakte-fakultete\/\" \/>\n<meta property=\"og:site_name\" content=\"Universiteti &quot;Fan S. Noli&quot;, Kor\u00e7\u00eb\" \/>\n<meta property=\"article:publisher\" content=\"https:\/\/www.facebook.com\/unkorce\" \/>\n<meta name=\"twitter:card\" content=\"summary_large_image\" \/>\n<script type=\"application\/ld+json\" class=\"yoast-schema-graph\">{\"@context\":\"https:\/\/schema.org\",\"@graph\":[{\"@type\":\"WebPage\",\"@id\":\"https:\/\/unkorce.edu.al\/kontakte-fakultete\/\",\"url\":\"https:\/\/unkorce.edu.al\/kontakte-fakultete\/\",\"name\":\"Kontakte Fakultete - Universiteti \\\"Fan S. Noli\\\", Kor\u00e7\u00eb\",\"isPartOf\":{\"@id\":\"https:\/\/unkorce.edu.al\/#website\"},\"datePublished\":\"2020-06-25T10:49:37+00:00\",\"breadcrumb\":{\"@id\":\"https:\/\/unkorce.edu.al\/kontakte-fakultete\/#breadcrumb\"},\"inLanguage\":\"en-US\",\"potentialAction\":[{\"@type\":\"ReadAction\",\"target\":[\"https:\/\/unkorce.edu.al\/kontakte-fakultete\/\"]}]},{\"@type\":\"BreadcrumbList\",\"@id\":\"https:\/\/unkorce.edu.al\/kontakte-fakultete\/#breadcrumb\",\"itemListElement\":[{\"@type\":\"ListItem\",\"position\":1,\"name\":\"Home\",\"item\":\"https:\/\/unkorce.edu.al\/\"},{\"@type\":\"ListItem\",\"position\":2,\"name\":\"Kontakte Fakultete\"}]},{\"@type\":\"WebSite\",\"@id\":\"https:\/\/unkorce.edu.al\/#website\",\"url\":\"https:\/\/unkorce.edu.al\/\",\"name\":\"Universiteti \\\"Fan S. Noli\\\", Kor\u00e7\u00eb\",\"description\":\"Mir&euml;sevini n&euml; faqen zyrtare!\",\"publisher\":{\"@id\":\"https:\/\/unkorce.edu.al\/#organization\"},\"potentialAction\":[{\"@type\":\"SearchAction\",\"target\":{\"@type\":\"EntryPoint\",\"urlTemplate\":\"https:\/\/unkorce.edu.al\/?s={search_term_string}\"},\"query-input\":{\"@type\":\"PropertyValueSpecification\",\"valueRequired\":true,\"valueName\":\"search_term_string\"}}],\"inLanguage\":\"en-US\"},{\"@type\":\"Organization\",\"@id\":\"https:\/\/unkorce.edu.al\/#organization\",\"name\":\"Universiteti \\\"Fan S. Noli\\\", Kor\u00e7\u00eb\",\"url\":\"https:\/\/unkorce.edu.al\/\",\"logo\":{\"@type\":\"ImageObject\",\"inLanguage\":\"en-US\",\"@id\":\"https:\/\/unkorce.edu.al\/#\/schema\/logo\/image\/\",\"url\":\"https:\/\/unkorce.edu.al\/wp-content\/uploads\/2024\/08\/Logo_e_Universitetit__Fan_Noli_-e1726660879862.png\",\"contentUrl\":\"https:\/\/unkorce.edu.al\/wp-content\/uploads\/2024\/08\/Logo_e_Universitetit__Fan_Noli_-e1726660879862.png\",\"width\":200,\"height\":120,\"caption\":\"Universiteti \\\"Fan S. Noli\\\", Kor\u00e7\u00eb\"},\"image\":{\"@id\":\"https:\/\/unkorce.edu.al\/#\/schema\/logo\/image\/\"},\"sameAs\":[\"https:\/\/www.facebook.com\/unkorce\"]}]}<\/script>\n<!-- \/ Yoast SEO plugin. -->","yoast_head_json":{"title":"Kontakte Fakultete - Universiteti \"Fan S. Noli\", Kor\u00e7\u00eb","robots":{"index":"index","follow":"follow","max-snippet":"max-snippet:-1","max-image-preview":"max-image-preview:large","max-video-preview":"max-video-preview:-1"},"canonical":"https:\/\/unkorce.edu.al\/en\/kontakte-fakultete\/","og_locale":"en_US","og_type":"article","og_title":"Kontakte Fakultete - Universiteti \"Fan S. Noli\", Kor\u00e7\u00eb","og_description":"FAKULTETI I EDUKIMIT DHE FILOLOGJIS\u00cb Tel: +35582248944 e-mail: fedukimit@unkorce.edu.al &nbsp; FAKULTETI I BUJQ\u00cbSIS\u00cb Tel: +355 82248945 e-mail: fbujqesise@unkorce.edu.al &nbsp; FAKULTETI I EKONOMIS\u00cb Tel: +355 822 42201 e-mail: fekonomise@unkorce.edu.al &nbsp; FAKULTETI I SHKENCAVE NATYRORE DHE SHKENCAVE HUMANE Tel: +355822 7922 e-mail: fshkencave@unkorce.edu.al","og_url":"https:\/\/unkorce.edu.al\/en\/kontakte-fakultete\/","og_site_name":"Universiteti \"Fan S. Noli\", Kor\u00e7\u00eb","article_publisher":"https:\/\/www.facebook.com\/unkorce","twitter_card":"summary_large_image","schema":{"@context":"https:\/\/schema.org","@graph":[{"@type":"WebPage","@id":"https:\/\/unkorce.edu.al\/kontakte-fakultete\/","url":"https:\/\/unkorce.edu.al\/kontakte-fakultete\/","name":"Kontakte Fakultete - Universiteti \"Fan S. Noli\", Kor\u00e7\u00eb","isPartOf":{"@id":"https:\/\/unkorce.edu.al\/#website"},"datePublished":"2020-06-25T10:49:37+00:00","breadcrumb":{"@id":"https:\/\/unkorce.edu.al\/kontakte-fakultete\/#breadcrumb"},"inLanguage":"en-US","potentialAction":[{"@type":"ReadAction","target":["https:\/\/unkorce.edu.al\/kontakte-fakultete\/"]}]},{"@type":"BreadcrumbList","@id":"https:\/\/unkorce.edu.al\/kontakte-fakultete\/#breadcrumb","itemListElement":[{"@type":"ListItem","position":1,"name":"Home","item":"https:\/\/unkorce.edu.al\/"},{"@type":"ListItem","position":2,"name":"Kontakte Fakultete"}]},{"@type":"WebSite","@id":"https:\/\/unkorce.edu.al\/#website","url":"https:\/\/unkorce.edu.al\/","name":"Universiteti \"Fan S. Noli\", Kor\u00e7\u00eb","description":"Mir&euml;sevini n&euml; faqen zyrtare!","publisher":{"@id":"https:\/\/unkorce.edu.al\/#organization"},"potentialAction":[{"@type":"SearchAction","target":{"@type":"EntryPoint","urlTemplate":"https:\/\/unkorce.edu.al\/?s={search_term_string}"},"query-input":{"@type":"PropertyValueSpecification","valueRequired":true,"valueName":"search_term_string"}}],"inLanguage":"en-US"},{"@type":"Organization","@id":"https:\/\/unkorce.edu.al\/#organization","name":"Universiteti \"Fan S. Noli\", Kor\u00e7\u00eb","url":"https:\/\/unkorce.edu.al\/","logo":{"@type":"ImageObject","inLanguage":"en-US","@id":"https:\/\/unkorce.edu.al\/#\/schema\/logo\/image\/","url":"https:\/\/unkorce.edu.al\/wp-content\/uploads\/2024\/08\/Logo_e_Universitetit__Fan_Noli_-e1726660879862.png","contentUrl":"https:\/\/unkorce.edu.al\/wp-content\/uploads\/2024\/08\/Logo_e_Universitetit__Fan_Noli_-e1726660879862.png","width":200,"height":120,"caption":"Universiteti \"Fan S. Noli\", Kor\u00e7\u00eb"},"image":{"@id":"https:\/\/unkorce.edu.al\/#\/schema\/logo\/image\/"},"sameAs":["https:\/\/www.facebook.com\/unkorce"]}]}},"_links":{"self":[{"href":"https:\/\/unkorce.edu.al\/en\/wp-json\/wp\/v2\/pages\/8278","targetHints":{"allow":["GET"]}}],"collection":[{"href":"https:\/\/unkorce.edu.al\/en\/wp-json\/wp\/v2\/pages"}],"about":[{"href":"https:\/\/unkorce.edu.al\/en\/wp-json\/wp\/v2\/types\/page"}],"author":[{"embeddable":true,"href":"https:\/\/unkorce.edu.al\/en\/wp-json\/wp\/v2\/users\/122"}],"replies":[{"embeddable":true,"href":"https:\/\/unkorce.edu.al\/en\/wp-json\/wp\/v2\/comments?post=8278"}],"version-history":[{"count":0,"href":"https:\/\/unkorce.edu.al\/en\/wp-json\/wp\/v2\/pages\/8278\/revisions"}],"wp:attachment":[{"href":"https:\/\/unkorce.edu.al\/en\/wp-json\/wp\/v2\/media?parent=8278"}],"curies":[{"name":"wp","href":"https:\/\/api.w.org\/{rel}","templated":true}]}}