{"id":8275,"date":"2020-06-12T09:09:21","date_gmt":"2020-06-12T09:09:21","guid":{"rendered":"\/lms\/"},"modified":"2020-06-12T09:09:21","modified_gmt":"2020-06-12T09:09:21","slug":"lms","status":"publish","type":"page","link":"https:\/\/unkorce.edu.al\/en\/lms\/","title":{"rendered":"LMS"},"content":{"rendered":"<div style=\"color:white;font-weight:bold;background-color:#007FFF;padding:2px;\">\n<h2><img decoding=\"async\" alt=\"\" src=\"https:\/\/evo-networks.com\/images\/easyblog_shared\/June_2018\/6-25-18\/G_SUITE_400.jpg\" style=\"float:left; height:100px; margin-top:-10px; width:100px\" \/> &nbsp;<br \/>\n&nbsp;Sh\u00ebrbimet e m\u00ebsimdh\u00ebnies online \/ Oraret<br \/>\n&nbsp;<\/h2>\n<\/div>\n<table border=\"0\" cellpadding=\"1\" cellspacing=\"1\" style=\"width:100%\">\n<tbody>\n<tr>\n<td style=\"vertical-align:top\">\n<h3><a href=\"https:\/\/accounts.google.com\/signin\/v2\/identifier?continue=https%3A%2F%2Fclassroom.google.com%2F&amp;hd=unkorce.edu.al&amp;sacu=1&amp;rip=1&amp;flowName=GlifWebSignIn&amp;flowEntry=ServiceLogin\"><img decoding=\"async\" alt=\"\" src=\"https:\/\/visualpharm.com\/assets\/356\/Google%20Classroom-595b40b65ba036ed117d4179.svg\" style=\"float:left; height:50px; width:50px\" \/><\/a>&nbsp;<br \/>\n\t\t\t<a href=\"https:\/\/classroom.google.com\/u\/0\/h\"><span style=\"color:rgb(0, 128, 128)\">Google Classroom Login<\/span><\/a><\/h3>\n<p><span style=\"font-size:14px\"><strong><a href=\"https:\/\/teachercenter.withgoogle.com\/first-day-trainings\/welcome-to-classroom#level0-topvideo\"><span style=\"color:rgb(0, 128, 128)\">Si ta p\u00ebrdor ?<\/span><\/a><\/strong><\/span><\/p>\n<\/td>\n<td style=\"vertical-align:top\">\n<h3><a href=\"https:\/\/accounts.google.com\/signin\/v2\/identifier?continue=https%3A%2F%2Fclassroom.google.com%2F&amp;hd=unkorce.edu.al&amp;sacu=1&amp;rip=1&amp;flowName=GlifWebSignIn&amp;flowEntry=ServiceLogin\"><img decoding=\"async\" alt=\"\" src=\"https:\/\/upload.wikimedia.org\/wikipedia\/commons\/f\/f7\/Google_Hangouts_Meet_icon.png\" style=\"float:left; height:50px; width:50px\" \/><\/a>&nbsp;<br \/>\n\t\t\t<a href=\"https:\/\/accounts.google.com\/signin\/v2\/identifier?continue=https%3A%2F%2Fmeet.google.com%2F_meet&amp;sacu=1&amp;hl=en_US&amp;rip=1&amp;flowName=GlifWebSignIn&amp;flowEntry=ServiceLogin\"><span style=\"color:rgb(0, 128, 128)\">Google Meet (Login)<\/span><\/a><\/h3>\n<h3><span style=\"font-size:14px\"><strong><a href=\"https:\/\/support.google.com\/meet\/answer\/9303069?hl=en&amp;ref_topic=7192926\"><span style=\"color:rgb(0, 128, 128)\">Si ta p\u00ebrdor ?<\/span><\/a><\/strong><\/span><\/h3>\n<\/td>\n<td style=\"vertical-align:top\">\n<h3><a href=\"\/en\/edumeet.unkorce.rash.al\/\"><img decoding=\"async\" alt=\"\" src=\"https:\/\/i.ibb.co\/KhDm08Z\/edu-MEET-logo.png\" style=\"float:left; height:53px; width:50px\" \/><\/a>&nbsp;<br \/>\n\t\t\t<a href=\"https:\/\/edumeet.unkorce.rash.al\/\"><span style=\"color:rgb(0, 128, 128)\">eduMEET<\/span><\/a><\/h3>\n<h3><span style=\"font-size:14px\"><a href=\"https:\/\/docdro.id\/XXA7fWr\"><span style=\"color:rgb(0, 128, 128)\">Si ta p\u00ebrdor ?<\/span><\/a><\/span><\/h3>\n<\/td>\n<td>\n<h3><a href=\"\/en\/moodle.unkorce.rash.al\/\"><img decoding=\"async\" alt=\"\" src=\"https:\/\/tracker.moodle.org\/secure\/attachment\/68503\/Moodle_Circle_M_RGB.png\" style=\"float:left; height:50px; width:50px\" \/><\/a>&nbsp;<br \/>\n\t\t\t<span style=\"color:rgb(0, 128, 128)\">&nbsp;&nbsp;<a href=\"https:\/\/moodle.unkorce.rash.al\/\">Moodle<\/a><\/span><\/h3>\n<h3><span style=\"font-size:14px\"><a href=\"https:\/\/docdro.id\/sipLZYM\">Si ta p\u00ebrdor ?<\/a><\/span><\/h3>\n<\/td>\n<\/tr>\n<\/tbody>\n<\/table>\n<div style=\"color:white;font-weight:bold;background-color:#007FFF;padding:2px;\">&nbsp;<\/div>","protected":false},"excerpt":{"rendered":"<p>&nbsp; &nbsp;Sh\u00ebrbimet e m\u00ebsimdh\u00ebnies online \/ Oraret &nbsp; &nbsp; Google Classroom Login Si ta p\u00ebrdor ? &nbsp; Google Meet (Login) Si ta p\u00ebrdor ? &nbsp; eduMEET Si ta p\u00ebrdor ? &nbsp; &nbsp;&nbsp;Moodle Si ta p\u00ebrdor ? &nbsp;<\/p>","protected":false},"author":122,"featured_media":0,"parent":0,"menu_order":0,"comment_status":"closed","ping_status":"closed","template":"","meta":{"_acf_changed":false,"footnotes":""},"class_list":["post-8275","page","type-page","status-publish","hentry"],"acf":[],"yoast_head":"<!-- This site is optimized with the Yoast SEO plugin v26.9 - https:\/\/yoast.com\/product\/yoast-seo-wordpress\/ -->\n<title>LMS - Universiteti &quot;Fan S. Noli&quot;, Kor\u00e7\u00eb<\/title>\n<meta name=\"robots\" content=\"index, follow, max-snippet:-1, max-image-preview:large, max-video-preview:-1\" \/>\n<link rel=\"canonical\" href=\"https:\/\/unkorce.edu.al\/en\/lms\/\" \/>\n<meta property=\"og:locale\" content=\"en_US\" \/>\n<meta property=\"og:type\" content=\"article\" \/>\n<meta property=\"og:title\" content=\"LMS - Universiteti &quot;Fan S. Noli&quot;, Kor\u00e7\u00eb\" \/>\n<meta property=\"og:description\" content=\"&nbsp; &nbsp;Sh\u00ebrbimet e m\u00ebsimdh\u00ebnies online \/ Oraret &nbsp; &nbsp; Google Classroom Login Si ta p\u00ebrdor ? &nbsp; Google Meet (Login) Si ta p\u00ebrdor ? &nbsp; eduMEET Si ta p\u00ebrdor ? &nbsp; &nbsp;&nbsp;Moodle Si ta p\u00ebrdor ? &nbsp;\" \/>\n<meta property=\"og:url\" content=\"https:\/\/unkorce.edu.al\/en\/lms\/\" \/>\n<meta property=\"og:site_name\" content=\"Universiteti &quot;Fan S. Noli&quot;, Kor\u00e7\u00eb\" \/>\n<meta property=\"article:publisher\" content=\"https:\/\/www.facebook.com\/unkorce\" \/>\n<meta property=\"og:image\" content=\"https:\/\/evo-networks.com\/images\/easyblog_shared\/June_2018\/6-25-18\/G_SUITE_400.jpg\" \/>\n<meta name=\"twitter:card\" content=\"summary_large_image\" \/>\n<script type=\"application\/ld+json\" class=\"yoast-schema-graph\">{\"@context\":\"https:\/\/schema.org\",\"@graph\":[{\"@type\":\"WebPage\",\"@id\":\"https:\/\/unkorce.edu.al\/lms\/\",\"url\":\"https:\/\/unkorce.edu.al\/lms\/\",\"name\":\"LMS - Universiteti \\\"Fan S. Noli\\\", Kor\u00e7\u00eb\",\"isPartOf\":{\"@id\":\"https:\/\/unkorce.edu.al\/#website\"},\"primaryImageOfPage\":{\"@id\":\"https:\/\/unkorce.edu.al\/lms\/#primaryimage\"},\"image\":{\"@id\":\"https:\/\/unkorce.edu.al\/lms\/#primaryimage\"},\"thumbnailUrl\":\"https:\/\/evo-networks.com\/images\/easyblog_shared\/June_2018\/6-25-18\/G_SUITE_400.jpg\",\"datePublished\":\"2020-06-12T09:09:21+00:00\",\"breadcrumb\":{\"@id\":\"https:\/\/unkorce.edu.al\/lms\/#breadcrumb\"},\"inLanguage\":\"en-US\",\"potentialAction\":[{\"@type\":\"ReadAction\",\"target\":[\"https:\/\/unkorce.edu.al\/lms\/\"]}]},{\"@type\":\"ImageObject\",\"inLanguage\":\"en-US\",\"@id\":\"https:\/\/unkorce.edu.al\/lms\/#primaryimage\",\"url\":\"https:\/\/evo-networks.com\/images\/easyblog_shared\/June_2018\/6-25-18\/G_SUITE_400.jpg\",\"contentUrl\":\"https:\/\/evo-networks.com\/images\/easyblog_shared\/June_2018\/6-25-18\/G_SUITE_400.jpg\"},{\"@type\":\"BreadcrumbList\",\"@id\":\"https:\/\/unkorce.edu.al\/lms\/#breadcrumb\",\"itemListElement\":[{\"@type\":\"ListItem\",\"position\":1,\"name\":\"Home\",\"item\":\"https:\/\/unkorce.edu.al\/\"},{\"@type\":\"ListItem\",\"position\":2,\"name\":\"LMS\"}]},{\"@type\":\"WebSite\",\"@id\":\"https:\/\/unkorce.edu.al\/#website\",\"url\":\"https:\/\/unkorce.edu.al\/\",\"name\":\"Universiteti \\\"Fan S. Noli\\\", Kor\u00e7\u00eb\",\"description\":\"Mir&euml;sevini n&euml; faqen zyrtare!\",\"publisher\":{\"@id\":\"https:\/\/unkorce.edu.al\/#organization\"},\"potentialAction\":[{\"@type\":\"SearchAction\",\"target\":{\"@type\":\"EntryPoint\",\"urlTemplate\":\"https:\/\/unkorce.edu.al\/?s={search_term_string}\"},\"query-input\":{\"@type\":\"PropertyValueSpecification\",\"valueRequired\":true,\"valueName\":\"search_term_string\"}}],\"inLanguage\":\"en-US\"},{\"@type\":\"Organization\",\"@id\":\"https:\/\/unkorce.edu.al\/#organization\",\"name\":\"Universiteti \\\"Fan S. Noli\\\", Kor\u00e7\u00eb\",\"url\":\"https:\/\/unkorce.edu.al\/\",\"logo\":{\"@type\":\"ImageObject\",\"inLanguage\":\"en-US\",\"@id\":\"https:\/\/unkorce.edu.al\/#\/schema\/logo\/image\/\",\"url\":\"https:\/\/unkorce.edu.al\/wp-content\/uploads\/2024\/08\/Logo_e_Universitetit__Fan_Noli_-e1726660879862.png\",\"contentUrl\":\"https:\/\/unkorce.edu.al\/wp-content\/uploads\/2024\/08\/Logo_e_Universitetit__Fan_Noli_-e1726660879862.png\",\"width\":200,\"height\":120,\"caption\":\"Universiteti \\\"Fan S. Noli\\\", Kor\u00e7\u00eb\"},\"image\":{\"@id\":\"https:\/\/unkorce.edu.al\/#\/schema\/logo\/image\/\"},\"sameAs\":[\"https:\/\/www.facebook.com\/unkorce\"]}]}<\/script>\n<!-- \/ Yoast SEO plugin. -->","yoast_head_json":{"title":"LMS - Universiteti \"Fan S. Noli\", Kor\u00e7\u00eb","robots":{"index":"index","follow":"follow","max-snippet":"max-snippet:-1","max-image-preview":"max-image-preview:large","max-video-preview":"max-video-preview:-1"},"canonical":"https:\/\/unkorce.edu.al\/en\/lms\/","og_locale":"en_US","og_type":"article","og_title":"LMS - Universiteti \"Fan S. Noli\", Kor\u00e7\u00eb","og_description":"&nbsp; &nbsp;Sh\u00ebrbimet e m\u00ebsimdh\u00ebnies online \/ Oraret &nbsp; &nbsp; Google Classroom Login Si ta p\u00ebrdor ? &nbsp; Google Meet (Login) Si ta p\u00ebrdor ? &nbsp; eduMEET Si ta p\u00ebrdor ? &nbsp; &nbsp;&nbsp;Moodle Si ta p\u00ebrdor ? &nbsp;","og_url":"https:\/\/unkorce.edu.al\/en\/lms\/","og_site_name":"Universiteti \"Fan S. Noli\", Kor\u00e7\u00eb","article_publisher":"https:\/\/www.facebook.com\/unkorce","og_image":[{"url":"https:\/\/evo-networks.com\/images\/easyblog_shared\/June_2018\/6-25-18\/G_SUITE_400.jpg","type":"","width":"","height":""}],"twitter_card":"summary_large_image","schema":{"@context":"https:\/\/schema.org","@graph":[{"@type":"WebPage","@id":"https:\/\/unkorce.edu.al\/lms\/","url":"https:\/\/unkorce.edu.al\/lms\/","name":"LMS - Universiteti \"Fan S. Noli\", Kor\u00e7\u00eb","isPartOf":{"@id":"https:\/\/unkorce.edu.al\/#website"},"primaryImageOfPage":{"@id":"https:\/\/unkorce.edu.al\/lms\/#primaryimage"},"image":{"@id":"https:\/\/unkorce.edu.al\/lms\/#primaryimage"},"thumbnailUrl":"https:\/\/evo-networks.com\/images\/easyblog_shared\/June_2018\/6-25-18\/G_SUITE_400.jpg","datePublished":"2020-06-12T09:09:21+00:00","breadcrumb":{"@id":"https:\/\/unkorce.edu.al\/lms\/#breadcrumb"},"inLanguage":"en-US","potentialAction":[{"@type":"ReadAction","target":["https:\/\/unkorce.edu.al\/lms\/"]}]},{"@type":"ImageObject","inLanguage":"en-US","@id":"https:\/\/unkorce.edu.al\/lms\/#primaryimage","url":"https:\/\/evo-networks.com\/images\/easyblog_shared\/June_2018\/6-25-18\/G_SUITE_400.jpg","contentUrl":"https:\/\/evo-networks.com\/images\/easyblog_shared\/June_2018\/6-25-18\/G_SUITE_400.jpg"},{"@type":"BreadcrumbList","@id":"https:\/\/unkorce.edu.al\/lms\/#breadcrumb","itemListElement":[{"@type":"ListItem","position":1,"name":"Home","item":"https:\/\/unkorce.edu.al\/"},{"@type":"ListItem","position":2,"name":"LMS"}]},{"@type":"WebSite","@id":"https:\/\/unkorce.edu.al\/#website","url":"https:\/\/unkorce.edu.al\/","name":"Universiteti \"Fan S. Noli\", Kor\u00e7\u00eb","description":"Mir&euml;sevini n&euml; faqen zyrtare!","publisher":{"@id":"https:\/\/unkorce.edu.al\/#organization"},"potentialAction":[{"@type":"SearchAction","target":{"@type":"EntryPoint","urlTemplate":"https:\/\/unkorce.edu.al\/?s={search_term_string}"},"query-input":{"@type":"PropertyValueSpecification","valueRequired":true,"valueName":"search_term_string"}}],"inLanguage":"en-US"},{"@type":"Organization","@id":"https:\/\/unkorce.edu.al\/#organization","name":"Universiteti \"Fan S. Noli\", Kor\u00e7\u00eb","url":"https:\/\/unkorce.edu.al\/","logo":{"@type":"ImageObject","inLanguage":"en-US","@id":"https:\/\/unkorce.edu.al\/#\/schema\/logo\/image\/","url":"https:\/\/unkorce.edu.al\/wp-content\/uploads\/2024\/08\/Logo_e_Universitetit__Fan_Noli_-e1726660879862.png","contentUrl":"https:\/\/unkorce.edu.al\/wp-content\/uploads\/2024\/08\/Logo_e_Universitetit__Fan_Noli_-e1726660879862.png","width":200,"height":120,"caption":"Universiteti \"Fan S. Noli\", Kor\u00e7\u00eb"},"image":{"@id":"https:\/\/unkorce.edu.al\/#\/schema\/logo\/image\/"},"sameAs":["https:\/\/www.facebook.com\/unkorce"]}]}},"_links":{"self":[{"href":"https:\/\/unkorce.edu.al\/en\/wp-json\/wp\/v2\/pages\/8275","targetHints":{"allow":["GET"]}}],"collection":[{"href":"https:\/\/unkorce.edu.al\/en\/wp-json\/wp\/v2\/pages"}],"about":[{"href":"https:\/\/unkorce.edu.al\/en\/wp-json\/wp\/v2\/types\/page"}],"author":[{"embeddable":true,"href":"https:\/\/unkorce.edu.al\/en\/wp-json\/wp\/v2\/users\/122"}],"replies":[{"embeddable":true,"href":"https:\/\/unkorce.edu.al\/en\/wp-json\/wp\/v2\/comments?post=8275"}],"version-history":[{"count":0,"href":"https:\/\/unkorce.edu.al\/en\/wp-json\/wp\/v2\/pages\/8275\/revisions"}],"wp:attachment":[{"href":"https:\/\/unkorce.edu.al\/en\/wp-json\/wp\/v2\/media?parent=8275"}],"curies":[{"name":"wp","href":"https:\/\/api.w.org\/{rel}","templated":true}]}}