{"id":8264,"date":"2020-03-18T14:25:17","date_gmt":"2020-03-18T14:25:17","guid":{"rendered":"\/orari-mesimor-online\/"},"modified":"2020-03-18T14:25:17","modified_gmt":"2020-03-18T14:25:17","slug":"orari-mesimor-online","status":"publish","type":"page","link":"https:\/\/unkorce.edu.al\/en\/orari-mesimor-online\/","title":{"rendered":"Orari M\u00ebsimor Online"},"content":{"rendered":"<h1><strong>Orari M\u00ebsimor <span style=\"background-color:#FFD700\">ONLINE<\/span> 2019 &#8211; 2020<\/strong><\/h1>\n<hr \/>\n<h3><strong>Faculty of Human and Natural Sciences<\/strong><\/h3>\n<p><img decoding=\"async\" alt=\"\" src=\"\/sites\/default\/files\/image_download\/adobe.gif\" style=\"font-family:verdana,geneva,sans-serif; font-size:14px; height:12px; width:17px\" \/>&nbsp;<a href=\"\/en\/sites\/default\/files\/Filozofi%20Sociologji%20Admin%20Pol%20Soc%20Sherbim%20Social%20te%20dhena%20per%20mesim%20online_1.pdf\/\">Filozofi&nbsp;Sociologji , Administrim dhe Politika Sociale , Sh\u00ebrbim Social&#8230;online<\/a><\/p>\n<p><img decoding=\"async\" alt=\"\" src=\"\/sites\/default\/files\/image_download\/adobe.gif\" style=\"font-family:verdana,geneva,sans-serif; font-size:14px; height:12px; width:17px\" \/>&nbsp;<a href=\"\/en\/sites\/default\/files\/Biologji%20Kimi%20dhe%20MP%20Biologji%20Kimi%20UDHEZIMI%20I%20REKTORATIT%20PER%20%20%20ONLINE-3%20%281%29.pdf\/\">Bachelor Biologji-Kimi , MP M\u00ebsues n\u00eb Biologji dhe Kimi&#8230;online<\/a><\/p>\n<p><img decoding=\"async\" alt=\"\" src=\"\/sites\/default\/files\/image_download\/adobe.gif\" style=\"font-family:verdana,geneva,sans-serif; font-size:14px; height:12px; width:17px\" \/>&nbsp;<a href=\"\/en\/sites\/default\/files\/Bachelor%20Infermier%20i%20Pergjithshem%20dhe%20Mami_0.pdf\/\">Infermier i P\u00ebrgjithsh\u00ebm , Mami&#8230;online<\/a><\/p>\n<p><img decoding=\"async\" alt=\"\" src=\"\/sites\/default\/files\/image_download\/adobe.gif\" style=\"font-family:verdana,geneva,sans-serif; font-size:14px; height:12px; width:17px\" \/>&nbsp;<a href=\"\/en\/sites\/default\/files\/Master%20Profesional%20Sistemet%20Moderne%20te%20Telekomunikacionit%20dhe%20Teknologjite%20e%20Internetit_0.pdf\/\">MP Sistemet Moderne t\u00eb Telekomunikacionit dhe Teknologjit\u00eb e Internetit&#8230;online<\/a><\/p>\n<p><img decoding=\"async\" alt=\"\" src=\"\/sites\/default\/files\/image_download\/adobe.gif\" style=\"font-family:verdana,geneva,sans-serif; font-size:14px; height:12px; width:17px\" \/>&nbsp;<a href=\"https:\/\/drive.google.com\/file\/d\/1U63zXUoUo75Dlz3nu1s6Phj3yRblvMHM\/view?usp=sharing\">MP M\u00ebsues n\u00eb Shkenca Sociale , MP Administrim Publik , MSC Filozofi Sociale&#8230;online<\/a><\/p>\n<p><img decoding=\"async\" alt=\"\" src=\"\/sites\/default\/files\/image_download\/adobe.gif\" style=\"font-family:verdana,geneva,sans-serif; font-size:14px; height:12px; width:17px\" \/>&nbsp;<a href=\"https:\/\/drive.google.com\/file\/d\/1i2vauRwBXlq0mJcl-FgWhRfRTw4G47e1\/view?usp=sharing\">Bachelor Teknologji Informacioni&#8230;online<\/a><\/p>\n<p><img decoding=\"async\" alt=\"\" src=\"\/sites\/default\/files\/image_download\/adobe.gif\" style=\"font-family:verdana,geneva,sans-serif; font-size:14px; height:12px; width:17px\" \/>&nbsp;<a href=\"https:\/\/drive.google.com\/file\/d\/1URrPgU6DJh0QszFV8QqGd0Zd4Yt7KLkP\/view?usp=sharing\">Bachelor Matematik\u00eb Fizik\u00eb&#8230;online<\/a><\/p>\n<p><img decoding=\"async\" alt=\"\" src=\"\/sites\/default\/files\/image_download\/adobe.gif\" style=\"font-family:verdana,geneva,sans-serif; font-size:14px; height:12px; width:17px\" \/>&nbsp;<a href=\"https:\/\/drive.google.com\/file\/d\/1xgyoKd4vS3mROVcb7-RnMdY4dEAW8VRe\/view?usp=sharing\">Bachelor Matematik\u00eb Informatik\u00eb&#8230;online<\/a><\/p>\n<hr \/>\n<h3><strong>Faculty of Agriculture<\/strong><\/h3>\n<p><img decoding=\"async\" alt=\"\" src=\"\/sites\/default\/files\/image_download\/adobe.gif\" style=\"font-family:verdana,geneva,sans-serif; font-size:14px; height:12px; width:17px\" \/>&nbsp;<a href=\"https:\/\/docdro.id\/BfgB0J6\" target=\"_blank\" rel=\"noopener\">Fakulteti i Bujq\u00ebsis\u00eb&#8230;.online<\/a><\/p>\n<hr \/>\n<h3><strong>Faculty of Economics<\/strong><\/h3>\n<div><img decoding=\"async\" alt=\"\" src=\"\/sites\/default\/files\/image_download\/adobe.gif\" style=\"font-family:verdana,geneva,sans-serif; font-size:14px; height:12px; width:17px\" \/>&nbsp;<a href=\"https:\/\/docdro.id\/pocPNg3\" target=\"_blank\" rel=\"noopener\">Departamenti Financ\u00eb-Kontabilitet&#8230;.online<\/a><br \/>\n&nbsp;<\/div>\n<div><img decoding=\"async\" alt=\"\" src=\"\/sites\/default\/files\/image_download\/adobe.gif\" style=\"font-family:verdana,geneva,sans-serif; font-size:14px; height:12px; width:17px\" \/>&nbsp;<a href=\"https:\/\/docdro.id\/nX4Dh39\" target=\"_blank\" rel=\"noopener\">Departamenti Marketing-Turiz\u00ebm&#8230;.online<\/a><br \/>\n&nbsp;<\/div>\n<div><img decoding=\"async\" alt=\"\" src=\"\/sites\/default\/files\/image_download\/adobe.gif\" style=\"font-family:verdana,geneva,sans-serif; font-size:14px; height:12px; width:17px\" \/>&nbsp;<a href=\"https:\/\/docdro.id\/5J8hH7I\" target=\"_blank\" rel=\"noopener\">Departamenti i Menaxhimit&#8230;.online<\/a><\/div>\n<div>&nbsp;<\/div>\n<div>\n<hr \/>\n<h3><strong>Faculty of Education and Philology<\/strong><\/h3>\n<p><img decoding=\"async\" alt=\"\" src=\"\/sites\/default\/files\/image_download\/adobe.gif\" style=\"font-family:verdana,geneva,sans-serif; font-size:14px; height:12px; width:17px\" \/>&nbsp;<a href=\"https:\/\/docdro.id\/J7y9mez\">Gjuh\u00eb &#8211; Let\u00ebrsi&#8230;.online<\/a><\/p>\n<p><img decoding=\"async\" alt=\"\" src=\"\/sites\/default\/files\/image_download\/adobe.gif\" style=\"font-family:verdana,geneva,sans-serif; font-size:14px; height:12px; width:17px\" \/>&nbsp;<a href=\"https:\/\/docdro.id\/MpDdVaE\">Mb\u00ebshtet\u00ebs zyre dhe komunikim&#8230;.online<\/a><\/p>\n<p><img decoding=\"async\" alt=\"\" src=\"\/sites\/default\/files\/image_download\/adobe.gif\" style=\"font-family:verdana,geneva,sans-serif; font-size:14px; height:12px; width:17px\" \/>&nbsp;<a href=\"https:\/\/docdro.id\/2Riz4Io\">M\u00ebsuesi Arsimi Fillor (Master)&#8230;.online<\/a><\/p>\n<p><img decoding=\"async\" alt=\"\" src=\"\/sites\/default\/files\/image_download\/adobe.gif\" style=\"font-family:verdana,geneva,sans-serif; font-size:14px; height:12px; width:17px\" \/>&nbsp;<a href=\"https:\/\/docdro.id\/bo9KMU3\">Histori Gjeografi (Bachelor)&#8230;.online<\/a><\/p>\n<p><img decoding=\"async\" alt=\"\" src=\"\/sites\/default\/files\/image_download\/adobe.gif\" style=\"font-family:verdana,geneva,sans-serif; font-size:14px; height:12px; width:17px\" \/>&nbsp;<a href=\"https:\/\/docdro.id\/QOcmY9G\">Histori Gjeografi Viti I&nbsp;(Master)&#8230;..online<\/a><\/p>\n<p><img decoding=\"async\" alt=\"\" src=\"\/sites\/default\/files\/image_download\/adobe.gif\" style=\"font-family:verdana,geneva,sans-serif; font-size:14px; height:12px; width:17px\" \/>&nbsp;<a href=\"https:\/\/docdro.id\/jSkHjZN\">Histori Gjeografi Viti II (Master)&#8230;..online<\/a><\/p>\n<p><img decoding=\"async\" alt=\"\" src=\"\/sites\/default\/files\/image_download\/adobe.gif\" style=\"font-family:verdana,geneva,sans-serif; font-size:14px; height:12px; width:17px\" \/>&nbsp;<a href=\"https:\/\/docdro.id\/UZIkzbj\">Gjuh\u00eb Shqipe dhe Let\u00ebrsi (Master)&#8230;.online<\/a><\/p>\n<p><img decoding=\"async\" alt=\"\" src=\"\/sites\/default\/files\/image_download\/adobe.gif\" style=\"font-family:verdana,geneva,sans-serif; font-size:14px; height:12px; width:17px\" \/>&nbsp;<a href=\"\/en\/sites\/default\/files\/kulture%20media%20editim.pdf\/\">Media, Kultur\u00eb dhe Editim&nbsp;(Master)&#8230;.online<\/a><\/p>\n<p><img decoding=\"async\" alt=\"\" src=\"\/sites\/default\/files\/image_download\/adobe.gif\" style=\"font-family:verdana,geneva,sans-serif; font-size:14px; height:12px; width:17px\" \/> <a href=\"\/en\/sites\/default\/files\/orari%20-%20Gjuhe%20angleze%2C%20Gjuhe%20dhe%20kulture%20frenge%2C%20Master%20-%20viti%20I%20%282%29%20%281%29.pdf\/\">Gjuhe angleze, Gjuhe dhe kulture frenge V I&nbsp;(Master)&#8230;.online<\/a><\/p>\n<p><img decoding=\"async\" alt=\"\" src=\"\/sites\/default\/files\/image_download\/adobe.gif\" style=\"font-family:verdana,geneva,sans-serif; font-size:14px; height:12px; width:17px\" \/>&nbsp;<a href=\"https:\/\/docdro.id\/lvF6sJe\">M\u00ebsuesi, Arsimi Fillor V I (Master)&#8230;.online<\/a><\/p>\n<p><img decoding=\"async\" alt=\"\" src=\"\/sites\/default\/files\/image_download\/adobe.gif\" style=\"font-family:verdana,geneva,sans-serif; font-size:14px; height:12px; width:17px\" \/>&nbsp;<a href=\"https:\/\/docdro.id\/I5yUfUl\">Departamenti i Edukimit (Bachelor + Programet Profesionale)&#8230;.online<\/a><\/p>\n<hr \/>\n<h3>&nbsp;<\/h3>\n<\/div>","protected":false},"excerpt":{"rendered":"<p>Orari M\u00ebsimor ONLINE 2019 &#8211; 2020 Fakulteti i Shkencave Natyrore dhe Shkencave Humane &nbsp;Filozofi&nbsp;Sociologji , Administrim dhe Politika Sociale , Sh\u00ebrbim Social&#8230;online &nbsp;Bachelor Biologji-Kimi , MP M\u00ebsues n\u00eb Biologji dhe Kimi&#8230;online &nbsp;Infermier i P\u00ebrgjithsh\u00ebm , Mami&#8230;online &nbsp;MP Sistemet Moderne t\u00eb Telekomunikacionit dhe Teknologjit\u00eb e Internetit&#8230;online &nbsp;MP M\u00ebsues n\u00eb Shkenca Sociale , MP Administrim Publik ,&#8230;<\/p>","protected":false},"author":122,"featured_media":0,"parent":0,"menu_order":0,"comment_status":"closed","ping_status":"closed","template":"","meta":{"_acf_changed":false,"footnotes":""},"class_list":["post-8264","page","type-page","status-publish","hentry"],"acf":[],"yoast_head":"<!-- This site is optimized with the Yoast SEO plugin v26.9 - https:\/\/yoast.com\/product\/yoast-seo-wordpress\/ -->\n<title>Orari M\u00ebsimor Online - Universiteti &quot;Fan S. Noli&quot;, Kor\u00e7\u00eb<\/title>\n<meta name=\"robots\" content=\"index, follow, max-snippet:-1, max-image-preview:large, max-video-preview:-1\" \/>\n<link rel=\"canonical\" href=\"https:\/\/unkorce.edu.al\/en\/orari-mesimor-online\/\" \/>\n<meta property=\"og:locale\" content=\"en_US\" \/>\n<meta property=\"og:type\" content=\"article\" \/>\n<meta property=\"og:title\" content=\"Orari M\u00ebsimor Online - Universiteti &quot;Fan S. Noli&quot;, Kor\u00e7\u00eb\" \/>\n<meta property=\"og:description\" content=\"Orari M\u00ebsimor ONLINE 2019 &#8211; 2020 Fakulteti i Shkencave Natyrore dhe Shkencave Humane &nbsp;Filozofi&nbsp;Sociologji , Administrim dhe Politika Sociale , Sh\u00ebrbim Social&#8230;online &nbsp;Bachelor Biologji-Kimi , MP M\u00ebsues n\u00eb Biologji dhe Kimi&#8230;online &nbsp;Infermier i P\u00ebrgjithsh\u00ebm , Mami&#8230;online &nbsp;MP Sistemet Moderne t\u00eb Telekomunikacionit dhe Teknologjit\u00eb e Internetit&#8230;online &nbsp;MP M\u00ebsues n\u00eb Shkenca Sociale , MP Administrim Publik ,...\" \/>\n<meta property=\"og:url\" content=\"https:\/\/unkorce.edu.al\/en\/orari-mesimor-online\/\" \/>\n<meta property=\"og:site_name\" content=\"Universiteti &quot;Fan S. Noli&quot;, Kor\u00e7\u00eb\" \/>\n<meta property=\"article:publisher\" content=\"https:\/\/www.facebook.com\/unkorce\" \/>\n<meta name=\"twitter:card\" content=\"summary_large_image\" \/>\n<meta name=\"twitter:label1\" content=\"Est. reading time\" \/>\n\t<meta name=\"twitter:data1\" content=\"1 minute\" \/>\n<script type=\"application\/ld+json\" class=\"yoast-schema-graph\">{\"@context\":\"https:\/\/schema.org\",\"@graph\":[{\"@type\":\"WebPage\",\"@id\":\"https:\/\/unkorce.edu.al\/orari-mesimor-online\/\",\"url\":\"https:\/\/unkorce.edu.al\/orari-mesimor-online\/\",\"name\":\"Orari M\u00ebsimor Online - Universiteti \\\"Fan S. Noli\\\", Kor\u00e7\u00eb\",\"isPartOf\":{\"@id\":\"https:\/\/unkorce.edu.al\/#website\"},\"datePublished\":\"2020-03-18T14:25:17+00:00\",\"breadcrumb\":{\"@id\":\"https:\/\/unkorce.edu.al\/orari-mesimor-online\/#breadcrumb\"},\"inLanguage\":\"en-US\",\"potentialAction\":[{\"@type\":\"ReadAction\",\"target\":[\"https:\/\/unkorce.edu.al\/orari-mesimor-online\/\"]}]},{\"@type\":\"BreadcrumbList\",\"@id\":\"https:\/\/unkorce.edu.al\/orari-mesimor-online\/#breadcrumb\",\"itemListElement\":[{\"@type\":\"ListItem\",\"position\":1,\"name\":\"Home\",\"item\":\"https:\/\/unkorce.edu.al\/\"},{\"@type\":\"ListItem\",\"position\":2,\"name\":\"Orari M\u00ebsimor Online\"}]},{\"@type\":\"WebSite\",\"@id\":\"https:\/\/unkorce.edu.al\/#website\",\"url\":\"https:\/\/unkorce.edu.al\/\",\"name\":\"Universiteti \\\"Fan S. Noli\\\", Kor\u00e7\u00eb\",\"description\":\"Mir&euml;sevini n&euml; faqen zyrtare!\",\"publisher\":{\"@id\":\"https:\/\/unkorce.edu.al\/#organization\"},\"potentialAction\":[{\"@type\":\"SearchAction\",\"target\":{\"@type\":\"EntryPoint\",\"urlTemplate\":\"https:\/\/unkorce.edu.al\/?s={search_term_string}\"},\"query-input\":{\"@type\":\"PropertyValueSpecification\",\"valueRequired\":true,\"valueName\":\"search_term_string\"}}],\"inLanguage\":\"en-US\"},{\"@type\":\"Organization\",\"@id\":\"https:\/\/unkorce.edu.al\/#organization\",\"name\":\"Universiteti \\\"Fan S. Noli\\\", Kor\u00e7\u00eb\",\"url\":\"https:\/\/unkorce.edu.al\/\",\"logo\":{\"@type\":\"ImageObject\",\"inLanguage\":\"en-US\",\"@id\":\"https:\/\/unkorce.edu.al\/#\/schema\/logo\/image\/\",\"url\":\"https:\/\/unkorce.edu.al\/wp-content\/uploads\/2024\/08\/Logo_e_Universitetit__Fan_Noli_-e1726660879862.png\",\"contentUrl\":\"https:\/\/unkorce.edu.al\/wp-content\/uploads\/2024\/08\/Logo_e_Universitetit__Fan_Noli_-e1726660879862.png\",\"width\":200,\"height\":120,\"caption\":\"Universiteti \\\"Fan S. Noli\\\", Kor\u00e7\u00eb\"},\"image\":{\"@id\":\"https:\/\/unkorce.edu.al\/#\/schema\/logo\/image\/\"},\"sameAs\":[\"https:\/\/www.facebook.com\/unkorce\"]}]}<\/script>\n<!-- \/ Yoast SEO plugin. -->","yoast_head_json":{"title":"Orari M\u00ebsimor Online - Universiteti \"Fan S. Noli\", Kor\u00e7\u00eb","robots":{"index":"index","follow":"follow","max-snippet":"max-snippet:-1","max-image-preview":"max-image-preview:large","max-video-preview":"max-video-preview:-1"},"canonical":"https:\/\/unkorce.edu.al\/en\/orari-mesimor-online\/","og_locale":"en_US","og_type":"article","og_title":"Orari M\u00ebsimor Online - Universiteti \"Fan S. Noli\", Kor\u00e7\u00eb","og_description":"Orari M\u00ebsimor ONLINE 2019 &#8211; 2020 Fakulteti i Shkencave Natyrore dhe Shkencave Humane &nbsp;Filozofi&nbsp;Sociologji , Administrim dhe Politika Sociale , Sh\u00ebrbim Social&#8230;online &nbsp;Bachelor Biologji-Kimi , MP M\u00ebsues n\u00eb Biologji dhe Kimi&#8230;online &nbsp;Infermier i P\u00ebrgjithsh\u00ebm , Mami&#8230;online &nbsp;MP Sistemet Moderne t\u00eb Telekomunikacionit dhe Teknologjit\u00eb e Internetit&#8230;online &nbsp;MP M\u00ebsues n\u00eb Shkenca Sociale , MP Administrim Publik ,...","og_url":"https:\/\/unkorce.edu.al\/en\/orari-mesimor-online\/","og_site_name":"Universiteti \"Fan S. Noli\", Kor\u00e7\u00eb","article_publisher":"https:\/\/www.facebook.com\/unkorce","twitter_card":"summary_large_image","twitter_misc":{"Est. reading time":"1 minute"},"schema":{"@context":"https:\/\/schema.org","@graph":[{"@type":"WebPage","@id":"https:\/\/unkorce.edu.al\/orari-mesimor-online\/","url":"https:\/\/unkorce.edu.al\/orari-mesimor-online\/","name":"Orari M\u00ebsimor Online - Universiteti \"Fan S. Noli\", Kor\u00e7\u00eb","isPartOf":{"@id":"https:\/\/unkorce.edu.al\/#website"},"datePublished":"2020-03-18T14:25:17+00:00","breadcrumb":{"@id":"https:\/\/unkorce.edu.al\/orari-mesimor-online\/#breadcrumb"},"inLanguage":"en-US","potentialAction":[{"@type":"ReadAction","target":["https:\/\/unkorce.edu.al\/orari-mesimor-online\/"]}]},{"@type":"BreadcrumbList","@id":"https:\/\/unkorce.edu.al\/orari-mesimor-online\/#breadcrumb","itemListElement":[{"@type":"ListItem","position":1,"name":"Home","item":"https:\/\/unkorce.edu.al\/"},{"@type":"ListItem","position":2,"name":"Orari M\u00ebsimor Online"}]},{"@type":"WebSite","@id":"https:\/\/unkorce.edu.al\/#website","url":"https:\/\/unkorce.edu.al\/","name":"Universiteti \"Fan S. Noli\", Kor\u00e7\u00eb","description":"Mir&euml;sevini n&euml; faqen zyrtare!","publisher":{"@id":"https:\/\/unkorce.edu.al\/#organization"},"potentialAction":[{"@type":"SearchAction","target":{"@type":"EntryPoint","urlTemplate":"https:\/\/unkorce.edu.al\/?s={search_term_string}"},"query-input":{"@type":"PropertyValueSpecification","valueRequired":true,"valueName":"search_term_string"}}],"inLanguage":"en-US"},{"@type":"Organization","@id":"https:\/\/unkorce.edu.al\/#organization","name":"Universiteti \"Fan S. Noli\", Kor\u00e7\u00eb","url":"https:\/\/unkorce.edu.al\/","logo":{"@type":"ImageObject","inLanguage":"en-US","@id":"https:\/\/unkorce.edu.al\/#\/schema\/logo\/image\/","url":"https:\/\/unkorce.edu.al\/wp-content\/uploads\/2024\/08\/Logo_e_Universitetit__Fan_Noli_-e1726660879862.png","contentUrl":"https:\/\/unkorce.edu.al\/wp-content\/uploads\/2024\/08\/Logo_e_Universitetit__Fan_Noli_-e1726660879862.png","width":200,"height":120,"caption":"Universiteti \"Fan S. Noli\", Kor\u00e7\u00eb"},"image":{"@id":"https:\/\/unkorce.edu.al\/#\/schema\/logo\/image\/"},"sameAs":["https:\/\/www.facebook.com\/unkorce"]}]}},"_links":{"self":[{"href":"https:\/\/unkorce.edu.al\/en\/wp-json\/wp\/v2\/pages\/8264","targetHints":{"allow":["GET"]}}],"collection":[{"href":"https:\/\/unkorce.edu.al\/en\/wp-json\/wp\/v2\/pages"}],"about":[{"href":"https:\/\/unkorce.edu.al\/en\/wp-json\/wp\/v2\/types\/page"}],"author":[{"embeddable":true,"href":"https:\/\/unkorce.edu.al\/en\/wp-json\/wp\/v2\/users\/122"}],"replies":[{"embeddable":true,"href":"https:\/\/unkorce.edu.al\/en\/wp-json\/wp\/v2\/comments?post=8264"}],"version-history":[{"count":0,"href":"https:\/\/unkorce.edu.al\/en\/wp-json\/wp\/v2\/pages\/8264\/revisions"}],"wp:attachment":[{"href":"https:\/\/unkorce.edu.al\/en\/wp-json\/wp\/v2\/media?parent=8264"}],"curies":[{"name":"wp","href":"https:\/\/api.w.org\/{rel}","templated":true}]}}