{"id":8260,"date":"2020-02-04T08:46:28","date_gmt":"2020-02-04T08:46:28","guid":{"rendered":"\/human-resources-faculty-education-and-philology-2\/"},"modified":"2020-02-04T08:46:28","modified_gmt":"2020-02-04T08:46:28","slug":"human-resources-faculty-education-and-philology-2","status":"publish","type":"page","link":"https:\/\/unkorce.edu.al\/en\/human-resources-faculty-education-and-philology-2\/","title":{"rendered":"Human resources  &#8211; Faculty of Education and Philology"},"content":{"rendered":"<h3><span style=\"color:#008080\"><u>BURIMET NJER\u00cbZORE<\/u><\/span><\/h3>\n<h3><span style=\"color:#008080\">FACULTY OF EDUCATION AND PHILOLOGY<\/span><\/h3>\n<p><strong>Prof. as. dr Irena Nikaj (<\/strong><strong><a href=\"http:\/\/172.16.0.2\/sites\/default\/files\/Irena%20Nikaj.pdf\">CV<\/a><\/strong><strong>)<\/strong><\/p>\n<p><strong>Prof.as.dr Aleksandra Piluri&nbsp;(<\/strong><strong><a href=\"http:\/\/172.16.0.2\/sites\/default\/files\/30.%20Aleksandra%20Piluri%20%281%29%20%281%29.pdf\">CV<\/a><\/strong><strong>)<\/strong><\/p>\n<p><strong>Doc. Dr. &nbsp;Donika Dardha&nbsp;(<\/strong><strong><a href=\"http:\/\/172.16.0.2\/sites\/default\/files\/31.%20Donika%20Dardha%20%281%29.pdf\">CV<\/a><\/strong><strong>)<\/strong><\/p>\n<p><strong>Doc. Marjela Burda&nbsp;(<\/strong><strong><a href=\"http:\/\/172.16.0.2\/sites\/default\/files\/32.%20cv%202018%20%20Mariela%20Burda.pdf\">CV<\/a><\/strong><strong>)<\/strong><\/p>\n<p><strong>Dr. Evionda Pylli&nbsp;(<\/strong><strong><a href=\"http:\/\/172.16.0.2\/sites\/default\/files\/36.%20Evjonda%20Pylli%20%281%29.pdf\">CV<\/a><\/strong><strong>)<\/strong><\/p>\n<p><strong>Dr. Albina Pajo&nbsp;(<\/strong><strong><a href=\"http:\/\/172.16.0.2\/sites\/default\/files\/33.%20Albina%20Pajo%20%281%29.pdf\">CV<\/a><\/strong><strong>)<\/strong><\/p>\n<p><strong>Msc. Anjeza Vila&nbsp;(<\/strong><strong><a href=\"http:\/\/172.16.0.2\/sites\/default\/files\/CV%20akademike%20viti%202018%20A.%20%20Vila.pdf\">CV<\/a><\/strong><strong>)<\/strong><\/p>\n<p><strong>Msc. Arjan Kamburi&nbsp;(<\/strong><strong><a href=\"http:\/\/172.16.0.2\/sites\/default\/files\/CV%20Arjan%20Kamburi%20akademike.pdf\">CV<\/a><\/strong><strong>)<\/strong><\/p>\n<p><strong>PhD. Ilia Bello&nbsp;(<\/strong><strong><a href=\"http:\/\/172.16.0.2\/sites\/default\/files\/CV.%20Ilia%20Bello%202018.pdf\">CV<\/a><\/strong><strong>)<\/strong><\/p>\n<p><strong>Msc. Riollza Agolli&nbsp;(<a href=\"http:\/\/172.16.0.2\/sites\/default\/files\/CV%20Rriollza%20Agolli%202018.pdf\"><strong>CV<\/strong><\/a>)<\/strong><\/p>\n<p><strong>Dr. Benita Stavre (<\/strong><strong><a href=\"http:\/\/172.16.0.2\/sites\/default\/files\/CV%20Benita%20Stavre.pdf\">CV<\/a><\/strong><strong>)<\/strong><\/p>\n<p><strong>Prof.as. dr. Pavllo Cicko&nbsp; (<a href=\"http:\/\/172.16.0.2\/sites\/default\/files\/1.%20Pavllo%20Cicko%20CV%20%20E%20%20%20Perditesuar_0.pdf\"><strong>CV<\/strong><\/a>)<\/strong><\/p>\n<p><strong>Doc. Vasilika Pojani (<\/strong><strong><a href=\"http:\/\/172.16.0.2\/sites\/default\/files\/Vasilika%20Pojani%20CV-%20%20Formular%20%20%20Kerkimi%20shkencor.pdf\">CV<\/a><\/strong><strong>)<\/strong><\/p>\n<p><strong>Doc. Robert Stratob\u00ebrdha (<a href=\"http:\/\/172.16.0.2\/sites\/default\/files\/3.%20Robert%20Stratoberdha%20CV%202018.pdf\"><strong>CV<\/strong><\/a>)<\/strong><\/p>\n<p><strong>Dr. Lindita&nbsp; Ka\u00e7ani (<a href=\"http:\/\/172.16.0.2\/sites\/default\/files\/CV%20LINDITA%20KIRI%2C%20new%202018-2019.pdf\"><strong>CV<\/strong><\/a>)<\/strong><\/p>\n<p><strong>Dr. &nbsp;Alda Cicko (<a href=\"http:\/\/172.16.0.2\/sites\/default\/files\/Cv%20Alda%20Jashari.pdf\"><strong>CV<\/strong><\/a>)<\/strong><\/p>\n<p><strong>Dr. Alma Karasaliu (<a href=\"http:\/\/172.16.0.2\/sites\/default\/files\/12.%20Alma%20Karasaliu%20%281%29.pdf\"><strong>CV<\/strong><\/a>)<\/strong><\/p>\n<p><strong>Phd. Daniela Stoica (<a href=\"http:\/\/172.16.0.2\/sites\/default\/files\/9.%20Daniela%20Stoica%2C%20CV.pdf\"><strong>CV<\/strong><\/a>)<\/strong><\/p>\n<p><strong>Dr. Dorela Konomi&nbsp;(<a href=\"http:\/\/172.16.0.2\/sites\/default\/files\/10.%20Dorela%20Kacauni%20cv.pdf\"><strong>CV<\/strong><\/a>)<\/strong><\/p>\n<p><strong>Dr. Edlira Xega&nbsp;(<a href=\"http:\/\/172.16.0.2\/sites\/default\/files\/14.%20Edlira%20Xega%20CV%20akademike.pdf\"><strong>CV<\/strong><\/a>)<\/strong><\/p>\n<p><strong>Dr. Erinda Papa&nbsp;(<a href=\"http:\/\/172.16.0.2\/sites\/default\/files\/6.%20Erinda%20Papa.pdf\"><strong>CV<\/strong><\/a>)<\/strong><\/p>\n<p><strong>Dr. Eriola Qafzezi&nbsp;(<a href=\"http:\/\/172.16.0.2\/sites\/default\/files\/CV%20Eriola%20Qafzezi.pdf\"><strong>CV<\/strong><\/a>)<\/strong><\/p>\n<p><strong>Dr. Fabiola Kadi&nbsp;&nbsp;(<\/strong><strong><a href=\"http:\/\/172.16.0.2\/sites\/default\/files\/13.%20Fabiola%20Kadi%20%281%29.pdf\"><strong>CV<\/strong><\/a><\/strong><strong>)<\/strong><\/p>\n<p><strong>Dr. Juljana \u00c7yfeku&nbsp;&nbsp;(<\/strong><strong><a href=\"http:\/\/172.16.0.2\/sites\/default\/files\/CV%20%20J.%20CYFEKU%202018.pdf\">CV<\/a><\/strong><strong>)<\/strong><\/p>\n<p><strong>Dr. Lorena Robo&nbsp;(<a href=\"http:\/\/172.16.0.2\/sites\/default\/files\/CV%20L.%20Robo%20%202018-2019.pdf\"><strong>CV<\/strong><\/a>)<\/strong><\/p>\n<p><strong>Dr. Olsa Pema&nbsp;(<a href=\"http:\/\/172.16.0.2\/sites\/default\/files\/Olsa%20CV%20e%20re%202018.pdf\"><strong>CV<\/strong><\/a>)<\/strong><\/p>\n<p><strong>Dr. Suela Ko\u00e7a&nbsp;(<a href=\"http:\/\/172.16.0.2\/sites\/default\/files\/5.%20Suela%20Koca%20%281%29.pdf\"><strong>CV<\/strong><\/a><\/strong><\/p>\n<p><strong>Prof.as. dr. Jonela Spaho&nbsp;(<\/strong><strong><a href=\"http:\/\/172.16.0.2\/sites\/default\/files\/38.%20Jonela%20Spaho%20cv.pdf\">CV<\/a><\/strong><strong>)<\/strong><\/p>\n<p><strong>Prof. dr. <\/strong><strong>Ali Jashari (<\/strong><strong><a href=\"http:\/\/172.16.0.2\/sites\/default\/files\/49.%20ALI%20JASHARI.pdf\">CV<\/a><\/strong><strong>)<\/strong><\/p>\n<p><strong>Prof.as. dr. <\/strong><strong>Anyla Sara\u00e7i&nbsp;(<a href=\"http:\/\/172.16.0.2\/sites\/default\/files\/Anyla%20Saraci.pdf\"><strong>CV<\/strong><\/a>)<\/strong><\/p>\n<p><strong>Prof.as. dr. <\/strong><strong>Dion Tushi&nbsp;(<\/strong><strong><a href=\"http:\/\/172.16.0.2\/sites\/default\/files\/CV2%20D.%20Tushi%202018-2019.pdf\">CV<\/a><\/strong><strong>)<\/strong><\/p>\n<p><strong>Prof. as. dr. Elona \u00c7e\u00e7e&nbsp;(<\/strong><strong><a href=\"http:\/\/172.16.0.2\/sites\/default\/files\/42.%20Elona%20Cece.pdf\">CV<\/a><\/strong><strong>)<\/strong><\/p>\n<p><strong>Dr.&nbsp;&nbsp; Eris Rusi&nbsp;(<\/strong><strong><a href=\"http:\/\/172.16.0.2\/sites\/default\/files\/CV%20Eris%20Rusi%202018.pdf\">CV<\/a><\/strong><strong>)<\/strong><\/p>\n<p><strong>Dr.&nbsp; &nbsp;Ilir Shyta&nbsp;(<\/strong><strong><a href=\"http:\/\/172.16.0.2\/sites\/default\/files\/45.%20Ilir%20Shyta%20%281%29.pdf\">CV<\/a><\/strong><strong>)<\/strong><\/p>\n<p><strong>Dr.&nbsp;&nbsp; Liri Seitllari&nbsp;(<\/strong><strong><a href=\"http:\/\/172.16.0.2\/sites\/default\/files\/Sivia%20akademike%202018%20L.%20%20Seitllari.pdf\">CV<\/a><\/strong><strong>)<\/strong><\/p>\n<p><strong>Dr.&nbsp;&nbsp; Hysnie Haxhillari&nbsp;(<\/strong><strong><a href=\"http:\/\/172.16.0.2\/sites\/default\/files\/44.%20Hysnie%20Hyska%20%28Hysnie%20%20Hyska%29.pdf\">CV<\/a><\/strong><strong>)<\/strong><\/p>\n<p><strong>Msc. Neli Na\u00e7o&nbsp;(<\/strong><strong><a href=\"http:\/\/172.16.0.2\/sites\/default\/files\/47.%20Neli%20Naco.pdf\">CV<\/a><\/strong><strong>)<\/strong><\/p>\n<p><strong>Msc. Olger Brame&nbsp;(<\/strong><strong><a href=\"http:\/\/172.16.0.2\/sites\/default\/files\/O.%20Brame%20FORMULARI%20I%20KERKIMIT%20%20%20%20SHKENCOR.pdf\">CV<\/a><\/strong><strong>)<\/strong><\/p>","protected":false},"excerpt":{"rendered":"<p>BURIMET NJER\u00cbZORE FAKULTETI I EDUKIMIT DHE FILOLOGJIS\u00cb Prof. as. dr Irena Nikaj (CV) Prof.as.dr Aleksandra Piluri&nbsp;(CV) Doc. Dr. &nbsp;Donika Dardha&nbsp;(CV) Doc. Marjela Burda&nbsp;(CV) Dr. Evionda Pylli&nbsp;(CV) Dr. Albina Pajo&nbsp;(CV) Msc. Anjeza Vila&nbsp;(CV) Msc. Arjan Kamburi&nbsp;(CV) PhD. Ilia Bello&nbsp;(CV) Msc. Riollza Agolli&nbsp;(CV) Dr. Benita Stavre (CV) Prof.as. dr. Pavllo Cicko&nbsp; (CV) Doc. Vasilika Pojani (CV) Doc&#8230;.<\/p>","protected":false},"author":122,"featured_media":0,"parent":0,"menu_order":0,"comment_status":"closed","ping_status":"closed","template":"","meta":{"_acf_changed":false,"footnotes":""},"class_list":["post-8260","page","type-page","status-publish","hentry"],"acf":[],"yoast_head":"<!-- This site is optimized with the Yoast SEO plugin v26.9 - https:\/\/yoast.com\/product\/yoast-seo-wordpress\/ -->\n<title>Human resources - Faculty of Education and Philology - Universiteti &quot;Fan S. Noli&quot;, Kor\u00e7\u00eb<\/title>\n<meta name=\"robots\" content=\"index, follow, max-snippet:-1, max-image-preview:large, max-video-preview:-1\" \/>\n<link rel=\"canonical\" href=\"https:\/\/unkorce.edu.al\/en\/human-resources-faculty-education-and-philology-2\/\" \/>\n<meta property=\"og:locale\" content=\"en_US\" \/>\n<meta property=\"og:type\" content=\"article\" \/>\n<meta property=\"og:title\" content=\"Human resources - Faculty of Education and Philology - Universiteti &quot;Fan S. Noli&quot;, Kor\u00e7\u00eb\" \/>\n<meta property=\"og:description\" content=\"BURIMET NJER\u00cbZORE FAKULTETI I EDUKIMIT DHE FILOLOGJIS\u00cb Prof. as. dr Irena Nikaj (CV) Prof.as.dr Aleksandra Piluri&nbsp;(CV) Doc. Dr. &nbsp;Donika Dardha&nbsp;(CV) Doc. Marjela Burda&nbsp;(CV) Dr. Evionda Pylli&nbsp;(CV) Dr. Albina Pajo&nbsp;(CV) Msc. Anjeza Vila&nbsp;(CV) Msc. Arjan Kamburi&nbsp;(CV) PhD. Ilia Bello&nbsp;(CV) Msc. Riollza Agolli&nbsp;(CV) Dr. Benita Stavre (CV) Prof.as. dr. Pavllo Cicko&nbsp; (CV) Doc. Vasilika Pojani (CV) Doc....\" \/>\n<meta property=\"og:url\" content=\"https:\/\/unkorce.edu.al\/en\/human-resources-faculty-education-and-philology-2\/\" \/>\n<meta property=\"og:site_name\" content=\"Universiteti &quot;Fan S. Noli&quot;, Kor\u00e7\u00eb\" \/>\n<meta property=\"article:publisher\" content=\"https:\/\/www.facebook.com\/unkorce\" \/>\n<meta name=\"twitter:card\" content=\"summary_large_image\" \/>\n<meta name=\"twitter:label1\" content=\"Est. reading time\" \/>\n\t<meta name=\"twitter:data1\" content=\"1 minute\" \/>\n<script type=\"application\/ld+json\" class=\"yoast-schema-graph\">{\"@context\":\"https:\/\/schema.org\",\"@graph\":[{\"@type\":\"WebPage\",\"@id\":\"https:\/\/unkorce.edu.al\/human-resources-faculty-education-and-philology-2\/\",\"url\":\"https:\/\/unkorce.edu.al\/human-resources-faculty-education-and-philology-2\/\",\"name\":\"Human resources - Faculty of Education and Philology - Universiteti \\\"Fan S. Noli\\\", Kor\u00e7\u00eb\",\"isPartOf\":{\"@id\":\"https:\/\/unkorce.edu.al\/#website\"},\"datePublished\":\"2020-02-04T08:46:28+00:00\",\"breadcrumb\":{\"@id\":\"https:\/\/unkorce.edu.al\/human-resources-faculty-education-and-philology-2\/#breadcrumb\"},\"inLanguage\":\"en-US\",\"potentialAction\":[{\"@type\":\"ReadAction\",\"target\":[\"https:\/\/unkorce.edu.al\/human-resources-faculty-education-and-philology-2\/\"]}]},{\"@type\":\"BreadcrumbList\",\"@id\":\"https:\/\/unkorce.edu.al\/human-resources-faculty-education-and-philology-2\/#breadcrumb\",\"itemListElement\":[{\"@type\":\"ListItem\",\"position\":1,\"name\":\"Home\",\"item\":\"https:\/\/unkorce.edu.al\/\"},{\"@type\":\"ListItem\",\"position\":2,\"name\":\"Human resources &#8211; Faculty of Education and Philology\"}]},{\"@type\":\"WebSite\",\"@id\":\"https:\/\/unkorce.edu.al\/#website\",\"url\":\"https:\/\/unkorce.edu.al\/\",\"name\":\"Universiteti \\\"Fan S. Noli\\\", Kor\u00e7\u00eb\",\"description\":\"Mir&euml;sevini n&euml; faqen zyrtare!\",\"publisher\":{\"@id\":\"https:\/\/unkorce.edu.al\/#organization\"},\"potentialAction\":[{\"@type\":\"SearchAction\",\"target\":{\"@type\":\"EntryPoint\",\"urlTemplate\":\"https:\/\/unkorce.edu.al\/?s={search_term_string}\"},\"query-input\":{\"@type\":\"PropertyValueSpecification\",\"valueRequired\":true,\"valueName\":\"search_term_string\"}}],\"inLanguage\":\"en-US\"},{\"@type\":\"Organization\",\"@id\":\"https:\/\/unkorce.edu.al\/#organization\",\"name\":\"Universiteti \\\"Fan S. Noli\\\", Kor\u00e7\u00eb\",\"url\":\"https:\/\/unkorce.edu.al\/\",\"logo\":{\"@type\":\"ImageObject\",\"inLanguage\":\"en-US\",\"@id\":\"https:\/\/unkorce.edu.al\/#\/schema\/logo\/image\/\",\"url\":\"https:\/\/unkorce.edu.al\/wp-content\/uploads\/2024\/08\/Logo_e_Universitetit__Fan_Noli_-e1726660879862.png\",\"contentUrl\":\"https:\/\/unkorce.edu.al\/wp-content\/uploads\/2024\/08\/Logo_e_Universitetit__Fan_Noli_-e1726660879862.png\",\"width\":200,\"height\":120,\"caption\":\"Universiteti \\\"Fan S. Noli\\\", Kor\u00e7\u00eb\"},\"image\":{\"@id\":\"https:\/\/unkorce.edu.al\/#\/schema\/logo\/image\/\"},\"sameAs\":[\"https:\/\/www.facebook.com\/unkorce\"]}]}<\/script>\n<!-- \/ Yoast SEO plugin. -->","yoast_head_json":{"title":"Human resources - Faculty of Education and Philology - Universiteti \"Fan S. Noli\", Kor\u00e7\u00eb","robots":{"index":"index","follow":"follow","max-snippet":"max-snippet:-1","max-image-preview":"max-image-preview:large","max-video-preview":"max-video-preview:-1"},"canonical":"https:\/\/unkorce.edu.al\/en\/human-resources-faculty-education-and-philology-2\/","og_locale":"en_US","og_type":"article","og_title":"Human resources - Faculty of Education and Philology - Universiteti \"Fan S. Noli\", Kor\u00e7\u00eb","og_description":"BURIMET NJER\u00cbZORE FAKULTETI I EDUKIMIT DHE FILOLOGJIS\u00cb Prof. as. dr Irena Nikaj (CV) Prof.as.dr Aleksandra Piluri&nbsp;(CV) Doc. Dr. &nbsp;Donika Dardha&nbsp;(CV) Doc. Marjela Burda&nbsp;(CV) Dr. Evionda Pylli&nbsp;(CV) Dr. Albina Pajo&nbsp;(CV) Msc. Anjeza Vila&nbsp;(CV) Msc. Arjan Kamburi&nbsp;(CV) PhD. Ilia Bello&nbsp;(CV) Msc. Riollza Agolli&nbsp;(CV) Dr. Benita Stavre (CV) Prof.as. dr. Pavllo Cicko&nbsp; (CV) Doc. Vasilika Pojani (CV) Doc....","og_url":"https:\/\/unkorce.edu.al\/en\/human-resources-faculty-education-and-philology-2\/","og_site_name":"Universiteti \"Fan S. Noli\", Kor\u00e7\u00eb","article_publisher":"https:\/\/www.facebook.com\/unkorce","twitter_card":"summary_large_image","twitter_misc":{"Est. reading time":"1 minute"},"schema":{"@context":"https:\/\/schema.org","@graph":[{"@type":"WebPage","@id":"https:\/\/unkorce.edu.al\/human-resources-faculty-education-and-philology-2\/","url":"https:\/\/unkorce.edu.al\/human-resources-faculty-education-and-philology-2\/","name":"Human resources - Faculty of Education and Philology - Universiteti \"Fan S. Noli\", Kor\u00e7\u00eb","isPartOf":{"@id":"https:\/\/unkorce.edu.al\/#website"},"datePublished":"2020-02-04T08:46:28+00:00","breadcrumb":{"@id":"https:\/\/unkorce.edu.al\/human-resources-faculty-education-and-philology-2\/#breadcrumb"},"inLanguage":"en-US","potentialAction":[{"@type":"ReadAction","target":["https:\/\/unkorce.edu.al\/human-resources-faculty-education-and-philology-2\/"]}]},{"@type":"BreadcrumbList","@id":"https:\/\/unkorce.edu.al\/human-resources-faculty-education-and-philology-2\/#breadcrumb","itemListElement":[{"@type":"ListItem","position":1,"name":"Home","item":"https:\/\/unkorce.edu.al\/"},{"@type":"ListItem","position":2,"name":"Human resources &#8211; Faculty of Education and Philology"}]},{"@type":"WebSite","@id":"https:\/\/unkorce.edu.al\/#website","url":"https:\/\/unkorce.edu.al\/","name":"Universiteti \"Fan S. Noli\", Kor\u00e7\u00eb","description":"Mir&euml;sevini n&euml; faqen zyrtare!","publisher":{"@id":"https:\/\/unkorce.edu.al\/#organization"},"potentialAction":[{"@type":"SearchAction","target":{"@type":"EntryPoint","urlTemplate":"https:\/\/unkorce.edu.al\/?s={search_term_string}"},"query-input":{"@type":"PropertyValueSpecification","valueRequired":true,"valueName":"search_term_string"}}],"inLanguage":"en-US"},{"@type":"Organization","@id":"https:\/\/unkorce.edu.al\/#organization","name":"Universiteti \"Fan S. Noli\", Kor\u00e7\u00eb","url":"https:\/\/unkorce.edu.al\/","logo":{"@type":"ImageObject","inLanguage":"en-US","@id":"https:\/\/unkorce.edu.al\/#\/schema\/logo\/image\/","url":"https:\/\/unkorce.edu.al\/wp-content\/uploads\/2024\/08\/Logo_e_Universitetit__Fan_Noli_-e1726660879862.png","contentUrl":"https:\/\/unkorce.edu.al\/wp-content\/uploads\/2024\/08\/Logo_e_Universitetit__Fan_Noli_-e1726660879862.png","width":200,"height":120,"caption":"Universiteti \"Fan S. Noli\", Kor\u00e7\u00eb"},"image":{"@id":"https:\/\/unkorce.edu.al\/#\/schema\/logo\/image\/"},"sameAs":["https:\/\/www.facebook.com\/unkorce"]}]}},"_links":{"self":[{"href":"https:\/\/unkorce.edu.al\/en\/wp-json\/wp\/v2\/pages\/8260","targetHints":{"allow":["GET"]}}],"collection":[{"href":"https:\/\/unkorce.edu.al\/en\/wp-json\/wp\/v2\/pages"}],"about":[{"href":"https:\/\/unkorce.edu.al\/en\/wp-json\/wp\/v2\/types\/page"}],"author":[{"embeddable":true,"href":"https:\/\/unkorce.edu.al\/en\/wp-json\/wp\/v2\/users\/122"}],"replies":[{"embeddable":true,"href":"https:\/\/unkorce.edu.al\/en\/wp-json\/wp\/v2\/comments?post=8260"}],"version-history":[{"count":0,"href":"https:\/\/unkorce.edu.al\/en\/wp-json\/wp\/v2\/pages\/8260\/revisions"}],"wp:attachment":[{"href":"https:\/\/unkorce.edu.al\/en\/wp-json\/wp\/v2\/media?parent=8260"}],"curies":[{"name":"wp","href":"https:\/\/api.w.org\/{rel}","templated":true}]}}