{"id":8222,"date":"2019-02-15T13:02:31","date_gmt":"2019-02-15T13:02:31","guid":{"rendered":"\/vkm\/"},"modified":"2019-02-15T13:02:31","modified_gmt":"2019-02-15T13:02:31","slug":"vkm","status":"publish","type":"page","link":"https:\/\/unkorce.edu.al\/en\/vkm\/","title":{"rendered":"VKM"},"content":{"rendered":"<h2><strong><u>VKM<\/u><\/strong><\/h2>\n<p><img decoding=\"async\" src=\"\/sites\/default\/files\/image_download\/adobe.gif\" style=\"background-color:rgb(255, 255, 255); border:0px; color:rgb(51, 51, 51); font-family:arial,helvetica,sans-serif; font-size:16px; height:12px; margin:0px; max-width:100%; padding:0px; width:17px\" \/>&nbsp;<a href=\"\/en\/sites\/default\/files\/VKM%20nr%2040%2C%20dt%2023.1.2019.pdf\/\">VKM nr 40, dt 23.1.2019<\/a>&nbsp; (kliko) (PDF)<\/p>\n<p><img decoding=\"async\" src=\"\/sites\/default\/files\/image_download\/adobe.gif\" style=\"background-color:rgb(255, 255, 255); border:0px; color:rgb(51, 51, 51); font-family:arial,helvetica,sans-serif; font-size:16px; height:12px; margin:0px; max-width:100%; padding:0px; width:17px\" \/>&nbsp;<a href=\"\/en\/sites\/default\/files\/VKM%20nr%2039%2C%20dt%2023.1.2019.pdf\/\">VKM nr 39, dt 23.1.2019<\/a>&nbsp;&nbsp;(kliko) (PDF)<\/p>\n<p><img decoding=\"async\" src=\"\/sites\/default\/files\/image_download\/adobe.gif\" style=\"background-color:rgb(255, 255, 255); border:0px; color:rgb(51, 51, 51); font-family:arial,helvetica,sans-serif; font-size:16px; height:12px; margin:0px; max-width:100%; padding:0px; width:17px\" \/>&nbsp;<a href=\"\/en\/sites\/default\/files\/VKM%20Nr.%20778%2C%20date%2026.12.2018%20NDRYSHIM%20NE%20MIRATIMIN%20E%20KUFIRIT%20MAKSIMAL%20TE%20TARIFAVE.pdf\/\">VKM Nr. 778 dat\u00eb 26.12.2018 NDRYSHIM N\u00cb MIRATIMIN E KUFIRIT MAKSIMAL T\u00cb TARIFAVE<\/a>&nbsp;(kliko) (PDF)<\/p>\n<p><img decoding=\"async\" src=\"\/sites\/default\/files\/image_download\/adobe.gif\" style=\"background-color:rgb(255, 255, 255); border:0px; color:rgb(51, 51, 51); font-family:arial,helvetica,sans-serif; font-size:16px; height:12px; margin:0px; max-width:100%; padding:0px; width:17px\" \/>&nbsp;<a href=\"\/en\/sites\/default\/files\/VKM%20Nr.%20779%2C%20date%2026.12.2018%20NDRYSHIM%20I%20KATEGORIVE%20TE%20INDIVIDEVE%20QE%20PERJASHTOHEN%20NGA%20TARIFAT%20.pdf\/\">VKM Nr. 779, dat\u00eb 26.12.2018 NDRYSHIM I KATEGORIVE T\u00cb INDIVID\u00cbVE Q\u00cb P\u00cbRJASHTOHEN NGA TARIFAT&nbsp;<\/a>&nbsp;(kliko) (PDF)<\/p>\n<p><img decoding=\"async\" src=\"\/sites\/default\/files\/image_download\/adobe.gif\" style=\"background-color:rgb(255, 255, 255); border:0px; color:rgb(51, 51, 51); font-family:arial,helvetica,sans-serif; font-size:16px; height:12px; margin:0px; max-width:100%; padding:0px; width:17px\" \/>&nbsp;<a href=\"\/en\/sites\/default\/files\/VKM%20Nr.%20780%2C%20date%2026.12.2018%20KATEGORITE%20QE%20PERFITOJNE%20ULJE%20TE%20TARIFES.pdf\/\">VKM Nr. 780, dat\u00eb 26.12.2018 KATEGORIT\u00cb Q\u00cb P\u00cbRFITOJN\u00cb ULJE T\u00cb TARIF\u00cbS<\/a>&nbsp;(kliko) (PDF)<\/p>\n<p><img decoding=\"async\" src=\"\/sites\/default\/files\/image_download\/adobe.gif\" style=\"background-color:rgb(255, 255, 255); border:0px; color:rgb(51, 51, 51); font-family:arial,helvetica,sans-serif; font-size:16px; height:12px; margin:0px; max-width:100%; padding:0px; width:17px\" \/>&nbsp;<a href=\"\/en\/sites\/default\/files\/VKM%20Nr.%20784%2C%20date%2026.12.2018%20PER%20KRITERET%20E%20PERFITIMIT%20TE%20BURSAVE.pdf\/\">VKM Nr. 784, dat\u00eb&nbsp;26.12.2018 P\u00cbR KRITERET E P\u00cbRFITIMIT T\u00cb BURSAVE<\/a>&nbsp;(kliko) (PDF)<\/p>","protected":false},"excerpt":{"rendered":"<p>VKM &nbsp;VKM nr 40, dt 23.1.2019&nbsp; (kliko) (PDF) &nbsp;VKM nr 39, dt 23.1.2019&nbsp;&nbsp;(kliko) (PDF) &nbsp;VKM Nr. 778 dat\u00eb 26.12.2018 NDRYSHIM N\u00cb MIRATIMIN E KUFIRIT MAKSIMAL T\u00cb TARIFAVE&nbsp;(kliko) (PDF) &nbsp;VKM Nr. 779, dat\u00eb 26.12.2018 NDRYSHIM I KATEGORIVE T\u00cb INDIVID\u00cbVE Q\u00cb P\u00cbRJASHTOHEN NGA TARIFAT&nbsp;&nbsp;(kliko) (PDF) &nbsp;VKM Nr. 780, dat\u00eb 26.12.2018 KATEGORIT\u00cb Q\u00cb P\u00cbRFITOJN\u00cb ULJE T\u00cb TARIF\u00cbS&nbsp;(kliko) (PDF)&#8230;<\/p>","protected":false},"author":122,"featured_media":0,"parent":0,"menu_order":0,"comment_status":"closed","ping_status":"closed","template":"","meta":{"_acf_changed":false,"footnotes":""},"class_list":["post-8222","page","type-page","status-publish","hentry"],"acf":[],"yoast_head":"<!-- This site is optimized with the Yoast SEO plugin v26.9 - https:\/\/yoast.com\/product\/yoast-seo-wordpress\/ -->\n<title>VKM - Universiteti &quot;Fan S. Noli&quot;, Kor\u00e7\u00eb<\/title>\n<meta name=\"robots\" content=\"index, follow, max-snippet:-1, max-image-preview:large, max-video-preview:-1\" \/>\n<link rel=\"canonical\" href=\"https:\/\/unkorce.edu.al\/en\/vkm\/\" \/>\n<meta property=\"og:locale\" content=\"en_US\" \/>\n<meta property=\"og:type\" content=\"article\" \/>\n<meta property=\"og:title\" content=\"VKM - Universiteti &quot;Fan S. Noli&quot;, Kor\u00e7\u00eb\" \/>\n<meta property=\"og:description\" content=\"VKM &nbsp;VKM nr 40, dt 23.1.2019&nbsp; (kliko) (PDF) &nbsp;VKM nr 39, dt 23.1.2019&nbsp;&nbsp;(kliko) (PDF) &nbsp;VKM Nr. 778 dat\u00eb 26.12.2018 NDRYSHIM N\u00cb MIRATIMIN E KUFIRIT MAKSIMAL T\u00cb TARIFAVE&nbsp;(kliko) (PDF) &nbsp;VKM Nr. 779, dat\u00eb 26.12.2018 NDRYSHIM I KATEGORIVE T\u00cb INDIVID\u00cbVE Q\u00cb P\u00cbRJASHTOHEN NGA TARIFAT&nbsp;&nbsp;(kliko) (PDF) &nbsp;VKM Nr. 780, dat\u00eb 26.12.2018 KATEGORIT\u00cb Q\u00cb P\u00cbRFITOJN\u00cb ULJE T\u00cb TARIF\u00cbS&nbsp;(kliko) (PDF)...\" \/>\n<meta property=\"og:url\" content=\"https:\/\/unkorce.edu.al\/en\/vkm\/\" \/>\n<meta property=\"og:site_name\" content=\"Universiteti &quot;Fan S. Noli&quot;, Kor\u00e7\u00eb\" \/>\n<meta property=\"article:publisher\" content=\"https:\/\/www.facebook.com\/unkorce\" \/>\n<meta name=\"twitter:card\" content=\"summary_large_image\" \/>\n<script type=\"application\/ld+json\" class=\"yoast-schema-graph\">{\"@context\":\"https:\/\/schema.org\",\"@graph\":[{\"@type\":\"WebPage\",\"@id\":\"https:\/\/unkorce.edu.al\/vkm\/\",\"url\":\"https:\/\/unkorce.edu.al\/vkm\/\",\"name\":\"VKM - Universiteti \\\"Fan S. Noli\\\", Kor\u00e7\u00eb\",\"isPartOf\":{\"@id\":\"https:\/\/unkorce.edu.al\/#website\"},\"datePublished\":\"2019-02-15T13:02:31+00:00\",\"breadcrumb\":{\"@id\":\"https:\/\/unkorce.edu.al\/vkm\/#breadcrumb\"},\"inLanguage\":\"en-US\",\"potentialAction\":[{\"@type\":\"ReadAction\",\"target\":[\"https:\/\/unkorce.edu.al\/vkm\/\"]}]},{\"@type\":\"BreadcrumbList\",\"@id\":\"https:\/\/unkorce.edu.al\/vkm\/#breadcrumb\",\"itemListElement\":[{\"@type\":\"ListItem\",\"position\":1,\"name\":\"Home\",\"item\":\"https:\/\/unkorce.edu.al\/\"},{\"@type\":\"ListItem\",\"position\":2,\"name\":\"VKM\"}]},{\"@type\":\"WebSite\",\"@id\":\"https:\/\/unkorce.edu.al\/#website\",\"url\":\"https:\/\/unkorce.edu.al\/\",\"name\":\"Universiteti \\\"Fan S. Noli\\\", Kor\u00e7\u00eb\",\"description\":\"Mir&euml;sevini n&euml; faqen zyrtare!\",\"publisher\":{\"@id\":\"https:\/\/unkorce.edu.al\/#organization\"},\"potentialAction\":[{\"@type\":\"SearchAction\",\"target\":{\"@type\":\"EntryPoint\",\"urlTemplate\":\"https:\/\/unkorce.edu.al\/?s={search_term_string}\"},\"query-input\":{\"@type\":\"PropertyValueSpecification\",\"valueRequired\":true,\"valueName\":\"search_term_string\"}}],\"inLanguage\":\"en-US\"},{\"@type\":\"Organization\",\"@id\":\"https:\/\/unkorce.edu.al\/#organization\",\"name\":\"Universiteti \\\"Fan S. Noli\\\", Kor\u00e7\u00eb\",\"url\":\"https:\/\/unkorce.edu.al\/\",\"logo\":{\"@type\":\"ImageObject\",\"inLanguage\":\"en-US\",\"@id\":\"https:\/\/unkorce.edu.al\/#\/schema\/logo\/image\/\",\"url\":\"https:\/\/unkorce.edu.al\/wp-content\/uploads\/2024\/08\/Logo_e_Universitetit__Fan_Noli_-e1726660879862.png\",\"contentUrl\":\"https:\/\/unkorce.edu.al\/wp-content\/uploads\/2024\/08\/Logo_e_Universitetit__Fan_Noli_-e1726660879862.png\",\"width\":200,\"height\":120,\"caption\":\"Universiteti \\\"Fan S. Noli\\\", Kor\u00e7\u00eb\"},\"image\":{\"@id\":\"https:\/\/unkorce.edu.al\/#\/schema\/logo\/image\/\"},\"sameAs\":[\"https:\/\/www.facebook.com\/unkorce\"]}]}<\/script>\n<!-- \/ Yoast SEO plugin. -->","yoast_head_json":{"title":"VKM - Universiteti \"Fan S. Noli\", Kor\u00e7\u00eb","robots":{"index":"index","follow":"follow","max-snippet":"max-snippet:-1","max-image-preview":"max-image-preview:large","max-video-preview":"max-video-preview:-1"},"canonical":"https:\/\/unkorce.edu.al\/en\/vkm\/","og_locale":"en_US","og_type":"article","og_title":"VKM - Universiteti \"Fan S. Noli\", Kor\u00e7\u00eb","og_description":"VKM &nbsp;VKM nr 40, dt 23.1.2019&nbsp; (kliko) (PDF) &nbsp;VKM nr 39, dt 23.1.2019&nbsp;&nbsp;(kliko) (PDF) &nbsp;VKM Nr. 778 dat\u00eb 26.12.2018 NDRYSHIM N\u00cb MIRATIMIN E KUFIRIT MAKSIMAL T\u00cb TARIFAVE&nbsp;(kliko) (PDF) &nbsp;VKM Nr. 779, dat\u00eb 26.12.2018 NDRYSHIM I KATEGORIVE T\u00cb INDIVID\u00cbVE Q\u00cb P\u00cbRJASHTOHEN NGA TARIFAT&nbsp;&nbsp;(kliko) (PDF) &nbsp;VKM Nr. 780, dat\u00eb 26.12.2018 KATEGORIT\u00cb Q\u00cb P\u00cbRFITOJN\u00cb ULJE T\u00cb TARIF\u00cbS&nbsp;(kliko) (PDF)...","og_url":"https:\/\/unkorce.edu.al\/en\/vkm\/","og_site_name":"Universiteti \"Fan S. Noli\", Kor\u00e7\u00eb","article_publisher":"https:\/\/www.facebook.com\/unkorce","twitter_card":"summary_large_image","schema":{"@context":"https:\/\/schema.org","@graph":[{"@type":"WebPage","@id":"https:\/\/unkorce.edu.al\/vkm\/","url":"https:\/\/unkorce.edu.al\/vkm\/","name":"VKM - Universiteti \"Fan S. Noli\", Kor\u00e7\u00eb","isPartOf":{"@id":"https:\/\/unkorce.edu.al\/#website"},"datePublished":"2019-02-15T13:02:31+00:00","breadcrumb":{"@id":"https:\/\/unkorce.edu.al\/vkm\/#breadcrumb"},"inLanguage":"en-US","potentialAction":[{"@type":"ReadAction","target":["https:\/\/unkorce.edu.al\/vkm\/"]}]},{"@type":"BreadcrumbList","@id":"https:\/\/unkorce.edu.al\/vkm\/#breadcrumb","itemListElement":[{"@type":"ListItem","position":1,"name":"Home","item":"https:\/\/unkorce.edu.al\/"},{"@type":"ListItem","position":2,"name":"VKM"}]},{"@type":"WebSite","@id":"https:\/\/unkorce.edu.al\/#website","url":"https:\/\/unkorce.edu.al\/","name":"Universiteti \"Fan S. Noli\", Kor\u00e7\u00eb","description":"Mir&euml;sevini n&euml; faqen zyrtare!","publisher":{"@id":"https:\/\/unkorce.edu.al\/#organization"},"potentialAction":[{"@type":"SearchAction","target":{"@type":"EntryPoint","urlTemplate":"https:\/\/unkorce.edu.al\/?s={search_term_string}"},"query-input":{"@type":"PropertyValueSpecification","valueRequired":true,"valueName":"search_term_string"}}],"inLanguage":"en-US"},{"@type":"Organization","@id":"https:\/\/unkorce.edu.al\/#organization","name":"Universiteti \"Fan S. Noli\", Kor\u00e7\u00eb","url":"https:\/\/unkorce.edu.al\/","logo":{"@type":"ImageObject","inLanguage":"en-US","@id":"https:\/\/unkorce.edu.al\/#\/schema\/logo\/image\/","url":"https:\/\/unkorce.edu.al\/wp-content\/uploads\/2024\/08\/Logo_e_Universitetit__Fan_Noli_-e1726660879862.png","contentUrl":"https:\/\/unkorce.edu.al\/wp-content\/uploads\/2024\/08\/Logo_e_Universitetit__Fan_Noli_-e1726660879862.png","width":200,"height":120,"caption":"Universiteti \"Fan S. Noli\", Kor\u00e7\u00eb"},"image":{"@id":"https:\/\/unkorce.edu.al\/#\/schema\/logo\/image\/"},"sameAs":["https:\/\/www.facebook.com\/unkorce"]}]}},"_links":{"self":[{"href":"https:\/\/unkorce.edu.al\/en\/wp-json\/wp\/v2\/pages\/8222","targetHints":{"allow":["GET"]}}],"collection":[{"href":"https:\/\/unkorce.edu.al\/en\/wp-json\/wp\/v2\/pages"}],"about":[{"href":"https:\/\/unkorce.edu.al\/en\/wp-json\/wp\/v2\/types\/page"}],"author":[{"embeddable":true,"href":"https:\/\/unkorce.edu.al\/en\/wp-json\/wp\/v2\/users\/122"}],"replies":[{"embeddable":true,"href":"https:\/\/unkorce.edu.al\/en\/wp-json\/wp\/v2\/comments?post=8222"}],"version-history":[{"count":0,"href":"https:\/\/unkorce.edu.al\/en\/wp-json\/wp\/v2\/pages\/8222\/revisions"}],"wp:attachment":[{"href":"https:\/\/unkorce.edu.al\/en\/wp-json\/wp\/v2\/media?parent=8222"}],"curies":[{"name":"wp","href":"https:\/\/api.w.org\/{rel}","templated":true}]}}