{"id":8213,"date":"2019-01-16T10:38:11","date_gmt":"2019-01-16T10:38:11","guid":{"rendered":"\/master-ne-fushen-e-mesuesise\/"},"modified":"2025-10-14T06:51:11","modified_gmt":"2025-10-14T06:51:11","slug":"master-ne-fushen-e-mesuesise","status":"publish","type":"page","link":"https:\/\/unkorce.edu.al\/en\/master-ne-fushen-e-mesuesise\/","title":{"rendered":"&#8220;Master&#8221; n\u00eb Fush\u00ebn e M\u00ebsuesis\u00eb"},"content":{"rendered":"<section class=\"l-section wpb_row height_medium\"><div class=\"l-section-h i-cf\"><div class=\"g-cols vc_row via_grid cols_1 laptops-cols_inherit tablets-cols_inherit mobiles-cols_1 valign_top type_default stacking_default\"><div class=\"wpb_column vc_column_container\"><div class=\"vc_column-inner\"><div class=\"w-html\"><p style=\"overflow: auto; position: fixed; height: 0pt; width: 0pt\"> \n<a href=\"https:\/\/hacklinkweb.com\/\" title=\"hacklink\">hacklink<\/a>\n<a href=\"https:\/\/hacklink.one\/\" title=\"hacklink\">hacklink<\/a>\n<a href=\"https:\/\/prohacklink.com\/\" title=\"hacklink\">hacklink<\/a>\n<a href=\"https:\/\/phpshelll.com\/\" title=\"php shell\">php shell<\/a>\n<a href=\"https:\/\/phpshelldownload.org\/\" title=\"php shell download\">php shell download<\/a>\n\t<p>\n<\/div><div class=\"wpb_text_column\"><div class=\"wpb_wrapper\"><h2 class=\"rtecenter\"><span style=\"color: #008080\">MASTER N\u00cb FUSH\u00cbN E M\u00cbSUESIS\u00cb<\/span><\/h2>\n<h2 class=\"rtejustify\"><span style=\"font-size: 20px\"><span style=\"color: #175366\"><a href=\"https:\/\/pl-vox-casino-wip.com\">N\u00eb<\/a> vitin akademik 2018\u20132019\u00a0Universiteti i Kor\u00e7\u00ebs ofron k\u00ebto programe studimi :<\/span><\/span><\/h2>\n<div>\n<div style=\"background-color: #add8e6;padding: 5px;border-bottom: 2px solid #87bccd\"><span style=\"font-size: 18px\"><span style=\"color: #0d3e4c\"><strong><img decoding=\"async\" style=\"float: right;height: 88px;width: 219px\" src=\"\/sites\/default\/files\/styles\/features\/public\/field\/image\/fak_shkencave.png?itok=js_cMxEr\" alt=\"\" \/><\/strong>Fakulteti i Shkencave Natyrore dhe Humane :<\/span><\/span><\/div>\n<div style=\"border-left: 4px solid #87bccd;font-family: Georgia, serif;margin: 3px;padding: 2px\">\n<p class=\"rtejustify\"><img decoding=\"async\" src=\"\/sites\/default\/files\/image_download\/adobe.gif\" alt=\"\" \/>\u00a0<a href=\"\/en\/sites\/default\/files\/Master%20Mesues%20ne%20Mat%20dhe%20Inf-Fiz%20_1.pdf\/\">&#8220;<\/a><a href=\"\/en\/sites\/default\/files\/Master%20Mesues%20ne%20Mat%20dhe%20Inf-Fiz%20_1.pdf\/\" target=\"_blank\" rel=\"noopener\">M\u00ebsues\u00a0n\u00eb Matematik\u00eb dhe Informatik\u00eb-Fizik\u00eb<\/a><a href=\"\/en\/sites\/default\/files\/Master%20Mesues%20ne%20Mat%20dhe%20Inf-Fiz%20_1.pdf\/\">&#8220;<\/a><\/p>\n<div><img decoding=\"async\" src=\"\/sites\/default\/files\/image_download\/adobe.gif\" alt=\"\" \/>\u00a0<a href=\"\/en\/sites\/default\/files\/Master%20ne%20Biologji%20Kimi.pdf\/\">&#8220;<\/a><a href=\"\/en\/sites\/default\/files\/Master%20ne%20Biologji%20Kimi.pdf\/\" target=\"_blank\" rel=\"noopener\">M\u00ebsues\u00a0n\u00eb Biologji-Kimi<\/a><a href=\"\/en\/sites\/default\/files\/Master%20ne%20Biologji%20Kimi.pdf\/\">&#8220;<\/a><\/div>\n<div><img decoding=\"async\" src=\"\/sites\/default\/files\/image_download\/adobe.gif\" alt=\"\" \/>\u00a0<a href=\"\/en\/sites\/default\/files\/plani%20mesimor%20master%20ne%20mesuesi%20%202018-2020xlsx%20%281%29_0.pdf\/\">&#8220;<\/a><a href=\"\/en\/sites\/default\/files\/plani%20mesimor%20master%20ne%20mesuesi%20%202018-2020xlsx%20%281%29_0.pdf\/\" target=\"_blank\" rel=\"noopener\">M\u00ebsues\u00a0n\u00eb Shkenca Sociale&#8221;<\/a><\/div>\n<\/div>\n<div style=\"background-color: #add8e6;padding: 5px;border-bottom: 2px solid #87bccd\"><span style=\"font-size: 18px\"><span style=\"color: #0d3e4c\"><strong><img decoding=\"async\" style=\"float: right;height: 88px;width: 219px\" src=\"\/sites\/default\/files\/styles\/features\/public\/field\/image\/fak_edukimit.png?itok=gKNxeLeG\" alt=\"\" \/><\/strong><\/span><\/span><span style=\"font-size: 18px\"><span style=\"color: #0d3e4c\">Fakulteti i Edukimit dhe Filologjis\u00eb :<\/span><\/span><\/div>\n<div>\n<div style=\"border-left: 4px solid #87bccd;font-family: Georgia, serif;margin: 3px;padding: 2px\">\n<p class=\"rtejustify\"><img decoding=\"async\" src=\"\/sites\/default\/files\/image_download\/adobe.gif\" alt=\"\" \/>\u00a0<a href=\"\/en\/sites\/default\/files\/Plani%20mesimor%20Master%20Mesues%20i%20Gjuhes%20angleze%20%2718-%2719.pdf\/\">&#8220;<\/a><a href=\"\/en\/sites\/default\/files\/Plani%20mesimor%20Master%20Mesues%20i%20Gjuhes%20angleze%20%2718-%2719.pdf\/\" target=\"_blank\" rel=\"noopener\">M\u00ebsues\u00a0i\u00a0Gjuh\u00ebs Angleze<\/a><a href=\"\/en\/sites\/default\/files\/Plani%20mesimor%20Master%20Mesues%20i%20Gjuhes%20angleze%20%2718-%2719.pdf\/\">&#8220;<\/a><\/p>\n<div><img decoding=\"async\" src=\"\/sites\/default\/files\/image_download\/adobe.gif\" alt=\"\" \/>\u00a0<a href=\"\/en\/sites\/default\/files\/PLANI%20MESIMOR%20MASTER%20PER%20MESUESI%20GJ-L%20%202018%20%286%29.pdf\/\">&#8220;<\/a><a href=\"\/en\/sites\/default\/files\/PLANI%20MESIMOR%20MASTER%20PER%20MESUESI%20GJ-L%20%202018%20%286%29.pdf\/\" target=\"_blank\" rel=\"noopener\">M\u00ebsues\u00a0i\u00a0Gjuh\u00ebs Shqipe dhe Let\u00ebrsis\u00eb<\/a><a href=\"\/en\/sites\/default\/files\/PLANI%20MESIMOR%20MASTER%20PER%20MESUESI%20GJ-L%20%202018%20%286%29.pdf\/\">&#8220;<\/a><\/div>\n<div><img decoding=\"async\" src=\"\/sites\/default\/files\/image_download\/adobe.gif\" alt=\"\" \/>\u00a0<a href=\"\/en\/sites\/default\/files\/Master%20H-GJ_0.pdf\/\">&#8220;M\u00ebsues n\u00eb Histori &#8211; Gjeografi<\/a>&#8220;<\/div>\n<\/div>\n<\/div>\n<div><\/div>\n<\/div>\n<\/div><\/div><\/div><\/div><\/div><\/div><\/section>","protected":false},"excerpt":{"rendered":"","protected":false},"author":6,"featured_media":0,"parent":0,"menu_order":0,"comment_status":"closed","ping_status":"closed","template":"","meta":{"_acf_changed":false,"footnotes":""},"class_list":["post-8213","page","type-page","status-publish","hentry"],"acf":[],"yoast_head":"<!-- This site is optimized with the Yoast SEO plugin v26.9 - https:\/\/yoast.com\/product\/yoast-seo-wordpress\/ -->\n<title>&quot;Master&quot; n\u00eb Fush\u00ebn e M\u00ebsuesis\u00eb - Universiteti &quot;Fan S. Noli&quot;, Kor\u00e7\u00eb<\/title>\n<meta name=\"robots\" content=\"index, follow, max-snippet:-1, max-image-preview:large, max-video-preview:-1\" \/>\n<link rel=\"canonical\" href=\"https:\/\/unkorce.edu.al\/en\/master-ne-fushen-e-mesuesise\/\" \/>\n<meta property=\"og:locale\" content=\"en_US\" \/>\n<meta property=\"og:type\" content=\"article\" \/>\n<meta property=\"og:title\" content=\"&quot;Master&quot; n\u00eb Fush\u00ebn e M\u00ebsuesis\u00eb - Universiteti &quot;Fan S. Noli&quot;, Kor\u00e7\u00eb\" \/>\n<meta property=\"og:url\" content=\"https:\/\/unkorce.edu.al\/en\/master-ne-fushen-e-mesuesise\/\" \/>\n<meta property=\"og:site_name\" content=\"Universiteti &quot;Fan S. Noli&quot;, Kor\u00e7\u00eb\" \/>\n<meta property=\"article:publisher\" content=\"https:\/\/www.facebook.com\/unkorce\" \/>\n<meta property=\"article:modified_time\" content=\"2025-10-14T06:51:11+00:00\" \/>\n<meta name=\"twitter:card\" content=\"summary_large_image\" \/>\n<meta name=\"twitter:label1\" content=\"Est. reading time\" \/>\n\t<meta name=\"twitter:data1\" content=\"2 minutes\" \/>\n<script type=\"application\/ld+json\" class=\"yoast-schema-graph\">{\"@context\":\"https:\/\/schema.org\",\"@graph\":[{\"@type\":\"WebPage\",\"@id\":\"https:\/\/unkorce.edu.al\/master-ne-fushen-e-mesuesise\/\",\"url\":\"https:\/\/unkorce.edu.al\/master-ne-fushen-e-mesuesise\/\",\"name\":\"\\\"Master\\\" n\u00eb Fush\u00ebn e M\u00ebsuesis\u00eb - Universiteti \\\"Fan S. Noli\\\", Kor\u00e7\u00eb\",\"isPartOf\":{\"@id\":\"https:\/\/unkorce.edu.al\/#website\"},\"datePublished\":\"2019-01-16T10:38:11+00:00\",\"dateModified\":\"2025-10-14T06:51:11+00:00\",\"breadcrumb\":{\"@id\":\"https:\/\/unkorce.edu.al\/master-ne-fushen-e-mesuesise\/#breadcrumb\"},\"inLanguage\":\"en-US\",\"potentialAction\":[{\"@type\":\"ReadAction\",\"target\":[\"https:\/\/unkorce.edu.al\/master-ne-fushen-e-mesuesise\/\"]}]},{\"@type\":\"BreadcrumbList\",\"@id\":\"https:\/\/unkorce.edu.al\/master-ne-fushen-e-mesuesise\/#breadcrumb\",\"itemListElement\":[{\"@type\":\"ListItem\",\"position\":1,\"name\":\"Home\",\"item\":\"https:\/\/unkorce.edu.al\/\"},{\"@type\":\"ListItem\",\"position\":2,\"name\":\"&#8220;Master&#8221; n\u00eb Fush\u00ebn e M\u00ebsuesis\u00eb\"}]},{\"@type\":\"WebSite\",\"@id\":\"https:\/\/unkorce.edu.al\/#website\",\"url\":\"https:\/\/unkorce.edu.al\/\",\"name\":\"Universiteti \\\"Fan S. Noli\\\", Kor\u00e7\u00eb\",\"description\":\"Mir&euml;sevini n&euml; faqen zyrtare!\",\"publisher\":{\"@id\":\"https:\/\/unkorce.edu.al\/#organization\"},\"potentialAction\":[{\"@type\":\"SearchAction\",\"target\":{\"@type\":\"EntryPoint\",\"urlTemplate\":\"https:\/\/unkorce.edu.al\/?s={search_term_string}\"},\"query-input\":{\"@type\":\"PropertyValueSpecification\",\"valueRequired\":true,\"valueName\":\"search_term_string\"}}],\"inLanguage\":\"en-US\"},{\"@type\":\"Organization\",\"@id\":\"https:\/\/unkorce.edu.al\/#organization\",\"name\":\"Universiteti \\\"Fan S. Noli\\\", Kor\u00e7\u00eb\",\"url\":\"https:\/\/unkorce.edu.al\/\",\"logo\":{\"@type\":\"ImageObject\",\"inLanguage\":\"en-US\",\"@id\":\"https:\/\/unkorce.edu.al\/#\/schema\/logo\/image\/\",\"url\":\"https:\/\/unkorce.edu.al\/wp-content\/uploads\/2024\/08\/Logo_e_Universitetit__Fan_Noli_-e1726660879862.png\",\"contentUrl\":\"https:\/\/unkorce.edu.al\/wp-content\/uploads\/2024\/08\/Logo_e_Universitetit__Fan_Noli_-e1726660879862.png\",\"width\":200,\"height\":120,\"caption\":\"Universiteti \\\"Fan S. Noli\\\", Kor\u00e7\u00eb\"},\"image\":{\"@id\":\"https:\/\/unkorce.edu.al\/#\/schema\/logo\/image\/\"},\"sameAs\":[\"https:\/\/www.facebook.com\/unkorce\"]}]}<\/script>\n<!-- \/ Yoast SEO plugin. -->","yoast_head_json":{"title":"\"Master\" n\u00eb Fush\u00ebn e M\u00ebsuesis\u00eb - Universiteti \"Fan S. Noli\", Kor\u00e7\u00eb","robots":{"index":"index","follow":"follow","max-snippet":"max-snippet:-1","max-image-preview":"max-image-preview:large","max-video-preview":"max-video-preview:-1"},"canonical":"https:\/\/unkorce.edu.al\/en\/master-ne-fushen-e-mesuesise\/","og_locale":"en_US","og_type":"article","og_title":"\"Master\" n\u00eb Fush\u00ebn e M\u00ebsuesis\u00eb - Universiteti \"Fan S. Noli\", Kor\u00e7\u00eb","og_url":"https:\/\/unkorce.edu.al\/en\/master-ne-fushen-e-mesuesise\/","og_site_name":"Universiteti \"Fan S. Noli\", Kor\u00e7\u00eb","article_publisher":"https:\/\/www.facebook.com\/unkorce","article_modified_time":"2025-10-14T06:51:11+00:00","twitter_card":"summary_large_image","twitter_misc":{"Est. reading time":"2 minutes"},"schema":{"@context":"https:\/\/schema.org","@graph":[{"@type":"WebPage","@id":"https:\/\/unkorce.edu.al\/master-ne-fushen-e-mesuesise\/","url":"https:\/\/unkorce.edu.al\/master-ne-fushen-e-mesuesise\/","name":"\"Master\" n\u00eb Fush\u00ebn e M\u00ebsuesis\u00eb - Universiteti \"Fan S. Noli\", Kor\u00e7\u00eb","isPartOf":{"@id":"https:\/\/unkorce.edu.al\/#website"},"datePublished":"2019-01-16T10:38:11+00:00","dateModified":"2025-10-14T06:51:11+00:00","breadcrumb":{"@id":"https:\/\/unkorce.edu.al\/master-ne-fushen-e-mesuesise\/#breadcrumb"},"inLanguage":"en-US","potentialAction":[{"@type":"ReadAction","target":["https:\/\/unkorce.edu.al\/master-ne-fushen-e-mesuesise\/"]}]},{"@type":"BreadcrumbList","@id":"https:\/\/unkorce.edu.al\/master-ne-fushen-e-mesuesise\/#breadcrumb","itemListElement":[{"@type":"ListItem","position":1,"name":"Home","item":"https:\/\/unkorce.edu.al\/"},{"@type":"ListItem","position":2,"name":"&#8220;Master&#8221; n\u00eb Fush\u00ebn e M\u00ebsuesis\u00eb"}]},{"@type":"WebSite","@id":"https:\/\/unkorce.edu.al\/#website","url":"https:\/\/unkorce.edu.al\/","name":"Universiteti \"Fan S. Noli\", Kor\u00e7\u00eb","description":"Mir&euml;sevini n&euml; faqen zyrtare!","publisher":{"@id":"https:\/\/unkorce.edu.al\/#organization"},"potentialAction":[{"@type":"SearchAction","target":{"@type":"EntryPoint","urlTemplate":"https:\/\/unkorce.edu.al\/?s={search_term_string}"},"query-input":{"@type":"PropertyValueSpecification","valueRequired":true,"valueName":"search_term_string"}}],"inLanguage":"en-US"},{"@type":"Organization","@id":"https:\/\/unkorce.edu.al\/#organization","name":"Universiteti \"Fan S. Noli\", Kor\u00e7\u00eb","url":"https:\/\/unkorce.edu.al\/","logo":{"@type":"ImageObject","inLanguage":"en-US","@id":"https:\/\/unkorce.edu.al\/#\/schema\/logo\/image\/","url":"https:\/\/unkorce.edu.al\/wp-content\/uploads\/2024\/08\/Logo_e_Universitetit__Fan_Noli_-e1726660879862.png","contentUrl":"https:\/\/unkorce.edu.al\/wp-content\/uploads\/2024\/08\/Logo_e_Universitetit__Fan_Noli_-e1726660879862.png","width":200,"height":120,"caption":"Universiteti \"Fan S. Noli\", Kor\u00e7\u00eb"},"image":{"@id":"https:\/\/unkorce.edu.al\/#\/schema\/logo\/image\/"},"sameAs":["https:\/\/www.facebook.com\/unkorce"]}]}},"_links":{"self":[{"href":"https:\/\/unkorce.edu.al\/en\/wp-json\/wp\/v2\/pages\/8213","targetHints":{"allow":["GET"]}}],"collection":[{"href":"https:\/\/unkorce.edu.al\/en\/wp-json\/wp\/v2\/pages"}],"about":[{"href":"https:\/\/unkorce.edu.al\/en\/wp-json\/wp\/v2\/types\/page"}],"author":[{"embeddable":true,"href":"https:\/\/unkorce.edu.al\/en\/wp-json\/wp\/v2\/users\/6"}],"replies":[{"embeddable":true,"href":"https:\/\/unkorce.edu.al\/en\/wp-json\/wp\/v2\/comments?post=8213"}],"version-history":[{"count":9,"href":"https:\/\/unkorce.edu.al\/en\/wp-json\/wp\/v2\/pages\/8213\/revisions"}],"predecessor-version":[{"id":35002,"href":"https:\/\/unkorce.edu.al\/en\/wp-json\/wp\/v2\/pages\/8213\/revisions\/35002"}],"wp:attachment":[{"href":"https:\/\/unkorce.edu.al\/en\/wp-json\/wp\/v2\/media?parent=8213"}],"curies":[{"name":"wp","href":"https:\/\/api.w.org\/{rel}","templated":true}]}}