{"id":8211,"date":"2018-12-20T13:23:27","date_gmt":"2018-12-20T13:23:27","guid":{"rendered":"\/filozofi-sociologji-ba\/"},"modified":"2018-12-20T13:23:27","modified_gmt":"2018-12-20T13:23:27","slug":"filozofi-sociologji-ba","status":"publish","type":"page","link":"https:\/\/unkorce.edu.al\/en\/filozofi-sociologji-ba\/","title":{"rendered":"Filozofi-Sociologji BA"},"content":{"rendered":"<div style=\"background-color:#2BBED1;color:white;font-size:21px;padding:10px;text-align:center;\">PROGRAMI I STUDIMIT<strong> \u201cBACHELOR\u201d N\u00cb &#8220;FILOZOFI &#8211; SOCIOLOGJI&#8221;<\/strong><\/div>\n<p><strong>Programi i Studimit \u201cBachelor\u201d n\u00eb \u201cFilozofi-Sociologji\u201d synon pajisjen e student\u00ebve me njohuri t\u00eb p\u00ebrshtatshme teorike dhe shprehi praktike p\u00ebr arritjen e standardeve t\u00eb larta n\u00eb nj\u00eb kontekst social n\u00eb ndryshim. Kjo realizohet jo vet\u00ebm n\u00ebp\u00ebrmjet g\u00ebrshetimit t\u00eb disiplinave teorike, por dhe me analiza e reflektime t\u00eb thella t\u00eb \u00e7\u00ebshtjeve dhe shqet\u00ebsimeve t\u00eb koh\u00ebs.<\/strong><\/p>\n<h2><strong>Aft\u00ebsit\u00eb e fituara nga programi i studimit do t\u2019u ofrojn\u00eb mund\u00ebsi student\u00ebve t\u00eb punojn\u00eb n\u00eb:<\/strong><\/h2>\n<ul>\n<li><strong>administrat\u00ebn lokale dhe komb\u00ebtare<\/strong><\/li>\n<li><strong>n\u00eb sh\u00ebrbimet sociale, n\u00eb hartimin dhe vler\u00ebsimin e sh\u00ebrbimeve, programeve dhe politikave sociale&nbsp;<\/strong><\/li>\n<li><strong>n\u00eb organizatat joqeveritare q\u00eb kan\u00eb n\u00eb qend\u00ebr \u00e7\u00ebshtjet sociale dhe t\u00eb mir\u00ebqenies s\u00eb popullat\u00ebs<\/strong><\/li>\n<li><strong>n\u00eb organizatat joqeveritare rinore<\/strong><\/li>\n<li><strong>n\u00eb institucionet nd\u00ebrkomb\u00ebtare n\u00eb vend<\/strong><\/li>\n<li><strong>n\u00eb qendrat publike dhe private q\u00eb ofrojn\u00eb sh\u00ebrbime dhe mb\u00ebshtetje p\u00ebr f\u00ebmij\u00ebt, grat\u00eb n\u00eb nevoj\u00eb, t\u00eb moshuarit n\u00eb institucionet e edukimit<\/strong><\/li>\n<li><strong>n\u00eb institucionet sh\u00ebndet\u00ebsore<\/strong><\/li>\n<li><strong>n\u00eb institucionet e drejt\u00ebsis\u00eb<\/strong><\/li>\n<li><strong>n\u00eb qendrat e trajnimit<\/strong><\/li>\n<\/ul>\n<p><strong>si dhe,<\/strong><\/p>\n<ul>\n<li><strong>hidhet hapi i par\u00eb drejt profesionit t\u00eb m\u00ebsuesit p\u00ebr sistemin parauniversitar si n\u00eb shkollat publike dhe ato jopublike.<\/strong><\/li>\n<\/ul>\n<p><strong>N\u00eb mbarim t\u00eb k\u00ebtij programi studimi, kompetencat q\u00eb fiton studenti orientohen drejt p\u00ebrgatitjes profesionale t\u00eb tij duke u p\u00ebrqendruar n\u00eb \u00e7\u00ebshtje t\u00eb tilla si: strategjit\u00eb e t\u00eb nx\u00ebnit, pun\u00eb k\u00ebrkimore dhe t\u00eb m\u00ebsuarit gjat\u00eb gjith\u00eb jet\u00ebs.<\/strong><\/p>\n<p>&nbsp;<\/p>\n<div style=\"background-color:#8FB527;color:white;font-size:21px;padding:10px;text-align:center;\"><strong>PLANI M\u00cbSIMOR<\/strong><\/div>\n<h2 class=\"rtecenter\"><img decoding=\"async\" alt=\"\" src=\"http:\/\/172.16.0.2\/sites\/default\/files\/image_download\/adobe.gif\" \/><a href=\"http:\/\/172.16.0.2\/sites\/default\/files\/Filozofi%20Sociologji%20Bachelor%20%20%202018-2021.pdf\" target=\"_blank\" rel=\"noopener\">Filozofi-Sociologji<\/a><\/h2>","protected":false},"excerpt":{"rendered":"<p>PROGRAMI I STUDIMIT \u201cBACHELOR\u201d N\u00cb &#8220;FILOZOFI &#8211; SOCIOLOGJI&#8221; Programi i Studimit \u201cBachelor\u201d n\u00eb \u201cFilozofi-Sociologji\u201d synon pajisjen e student\u00ebve me njohuri t\u00eb p\u00ebrshtatshme teorike dhe shprehi praktike p\u00ebr arritjen e standardeve t\u00eb larta n\u00eb nj\u00eb kontekst social n\u00eb ndryshim. Kjo realizohet jo vet\u00ebm n\u00ebp\u00ebrmjet g\u00ebrshetimit t\u00eb disiplinave teorike, por dhe me analiza e reflektime t\u00eb thella&#8230;<\/p>","protected":false},"author":122,"featured_media":0,"parent":0,"menu_order":0,"comment_status":"closed","ping_status":"closed","template":"","meta":{"_acf_changed":false,"footnotes":""},"class_list":["post-8211","page","type-page","status-publish","hentry"],"acf":[],"yoast_head":"<!-- This site is optimized with the Yoast SEO plugin v26.9 - https:\/\/yoast.com\/product\/yoast-seo-wordpress\/ -->\n<title>Filozofi-Sociologji BA - Universiteti &quot;Fan S. Noli&quot;, Kor\u00e7\u00eb<\/title>\n<meta name=\"robots\" content=\"index, follow, max-snippet:-1, max-image-preview:large, max-video-preview:-1\" \/>\n<link rel=\"canonical\" href=\"https:\/\/unkorce.edu.al\/en\/filozofi-sociologji-ba\/\" \/>\n<meta property=\"og:locale\" content=\"en_US\" \/>\n<meta property=\"og:type\" content=\"article\" \/>\n<meta property=\"og:title\" content=\"Filozofi-Sociologji BA - Universiteti &quot;Fan S. Noli&quot;, Kor\u00e7\u00eb\" \/>\n<meta property=\"og:description\" content=\"PROGRAMI I STUDIMIT \u201cBACHELOR\u201d N\u00cb &#8220;FILOZOFI &#8211; SOCIOLOGJI&#8221; Programi i Studimit \u201cBachelor\u201d n\u00eb \u201cFilozofi-Sociologji\u201d synon pajisjen e student\u00ebve me njohuri t\u00eb p\u00ebrshtatshme teorike dhe shprehi praktike p\u00ebr arritjen e standardeve t\u00eb larta n\u00eb nj\u00eb kontekst social n\u00eb ndryshim. Kjo realizohet jo vet\u00ebm n\u00ebp\u00ebrmjet g\u00ebrshetimit t\u00eb disiplinave teorike, por dhe me analiza e reflektime t\u00eb thella...\" \/>\n<meta property=\"og:url\" content=\"https:\/\/unkorce.edu.al\/en\/filozofi-sociologji-ba\/\" \/>\n<meta property=\"og:site_name\" content=\"Universiteti &quot;Fan S. Noli&quot;, Kor\u00e7\u00eb\" \/>\n<meta property=\"article:publisher\" content=\"https:\/\/www.facebook.com\/unkorce\" \/>\n<meta property=\"og:image\" content=\"http:\/\/172.16.0.2\/sites\/default\/files\/image_download\/adobe.gif\" \/>\n<meta name=\"twitter:card\" content=\"summary_large_image\" \/>\n<meta name=\"twitter:label1\" content=\"Est. reading time\" \/>\n\t<meta name=\"twitter:data1\" content=\"1 minute\" \/>\n<script type=\"application\/ld+json\" class=\"yoast-schema-graph\">{\"@context\":\"https:\/\/schema.org\",\"@graph\":[{\"@type\":\"WebPage\",\"@id\":\"https:\/\/unkorce.edu.al\/filozofi-sociologji-ba\/\",\"url\":\"https:\/\/unkorce.edu.al\/filozofi-sociologji-ba\/\",\"name\":\"Filozofi-Sociologji BA - Universiteti \\\"Fan S. Noli\\\", Kor\u00e7\u00eb\",\"isPartOf\":{\"@id\":\"https:\/\/unkorce.edu.al\/#website\"},\"primaryImageOfPage\":{\"@id\":\"https:\/\/unkorce.edu.al\/filozofi-sociologji-ba\/#primaryimage\"},\"image\":{\"@id\":\"https:\/\/unkorce.edu.al\/filozofi-sociologji-ba\/#primaryimage\"},\"thumbnailUrl\":\"http:\/\/172.16.0.2\/sites\/default\/files\/image_download\/adobe.gif\",\"datePublished\":\"2018-12-20T13:23:27+00:00\",\"breadcrumb\":{\"@id\":\"https:\/\/unkorce.edu.al\/filozofi-sociologji-ba\/#breadcrumb\"},\"inLanguage\":\"en-US\",\"potentialAction\":[{\"@type\":\"ReadAction\",\"target\":[\"https:\/\/unkorce.edu.al\/filozofi-sociologji-ba\/\"]}]},{\"@type\":\"ImageObject\",\"inLanguage\":\"en-US\",\"@id\":\"https:\/\/unkorce.edu.al\/filozofi-sociologji-ba\/#primaryimage\",\"url\":\"http:\/\/172.16.0.2\/sites\/default\/files\/image_download\/adobe.gif\",\"contentUrl\":\"http:\/\/172.16.0.2\/sites\/default\/files\/image_download\/adobe.gif\"},{\"@type\":\"BreadcrumbList\",\"@id\":\"https:\/\/unkorce.edu.al\/filozofi-sociologji-ba\/#breadcrumb\",\"itemListElement\":[{\"@type\":\"ListItem\",\"position\":1,\"name\":\"Home\",\"item\":\"https:\/\/unkorce.edu.al\/\"},{\"@type\":\"ListItem\",\"position\":2,\"name\":\"Filozofi-Sociologji BA\"}]},{\"@type\":\"WebSite\",\"@id\":\"https:\/\/unkorce.edu.al\/#website\",\"url\":\"https:\/\/unkorce.edu.al\/\",\"name\":\"Universiteti \\\"Fan S. Noli\\\", Kor\u00e7\u00eb\",\"description\":\"Mir&euml;sevini n&euml; faqen zyrtare!\",\"publisher\":{\"@id\":\"https:\/\/unkorce.edu.al\/#organization\"},\"potentialAction\":[{\"@type\":\"SearchAction\",\"target\":{\"@type\":\"EntryPoint\",\"urlTemplate\":\"https:\/\/unkorce.edu.al\/?s={search_term_string}\"},\"query-input\":{\"@type\":\"PropertyValueSpecification\",\"valueRequired\":true,\"valueName\":\"search_term_string\"}}],\"inLanguage\":\"en-US\"},{\"@type\":\"Organization\",\"@id\":\"https:\/\/unkorce.edu.al\/#organization\",\"name\":\"Universiteti \\\"Fan S. Noli\\\", Kor\u00e7\u00eb\",\"url\":\"https:\/\/unkorce.edu.al\/\",\"logo\":{\"@type\":\"ImageObject\",\"inLanguage\":\"en-US\",\"@id\":\"https:\/\/unkorce.edu.al\/#\/schema\/logo\/image\/\",\"url\":\"https:\/\/unkorce.edu.al\/wp-content\/uploads\/2024\/08\/Logo_e_Universitetit__Fan_Noli_-e1726660879862.png\",\"contentUrl\":\"https:\/\/unkorce.edu.al\/wp-content\/uploads\/2024\/08\/Logo_e_Universitetit__Fan_Noli_-e1726660879862.png\",\"width\":200,\"height\":120,\"caption\":\"Universiteti \\\"Fan S. Noli\\\", Kor\u00e7\u00eb\"},\"image\":{\"@id\":\"https:\/\/unkorce.edu.al\/#\/schema\/logo\/image\/\"},\"sameAs\":[\"https:\/\/www.facebook.com\/unkorce\"]}]}<\/script>\n<!-- \/ Yoast SEO plugin. -->","yoast_head_json":{"title":"Filozofi-Sociologji BA - Universiteti \"Fan S. Noli\", Kor\u00e7\u00eb","robots":{"index":"index","follow":"follow","max-snippet":"max-snippet:-1","max-image-preview":"max-image-preview:large","max-video-preview":"max-video-preview:-1"},"canonical":"https:\/\/unkorce.edu.al\/en\/filozofi-sociologji-ba\/","og_locale":"en_US","og_type":"article","og_title":"Filozofi-Sociologji BA - Universiteti \"Fan S. Noli\", Kor\u00e7\u00eb","og_description":"PROGRAMI I STUDIMIT \u201cBACHELOR\u201d N\u00cb &#8220;FILOZOFI &#8211; SOCIOLOGJI&#8221; Programi i Studimit \u201cBachelor\u201d n\u00eb \u201cFilozofi-Sociologji\u201d synon pajisjen e student\u00ebve me njohuri t\u00eb p\u00ebrshtatshme teorike dhe shprehi praktike p\u00ebr arritjen e standardeve t\u00eb larta n\u00eb nj\u00eb kontekst social n\u00eb ndryshim. Kjo realizohet jo vet\u00ebm n\u00ebp\u00ebrmjet g\u00ebrshetimit t\u00eb disiplinave teorike, por dhe me analiza e reflektime t\u00eb thella...","og_url":"https:\/\/unkorce.edu.al\/en\/filozofi-sociologji-ba\/","og_site_name":"Universiteti \"Fan S. Noli\", Kor\u00e7\u00eb","article_publisher":"https:\/\/www.facebook.com\/unkorce","og_image":[{"url":"http:\/\/172.16.0.2\/sites\/default\/files\/image_download\/adobe.gif","type":"","width":"","height":""}],"twitter_card":"summary_large_image","twitter_misc":{"Est. reading time":"1 minute"},"schema":{"@context":"https:\/\/schema.org","@graph":[{"@type":"WebPage","@id":"https:\/\/unkorce.edu.al\/filozofi-sociologji-ba\/","url":"https:\/\/unkorce.edu.al\/filozofi-sociologji-ba\/","name":"Filozofi-Sociologji BA - Universiteti \"Fan S. Noli\", Kor\u00e7\u00eb","isPartOf":{"@id":"https:\/\/unkorce.edu.al\/#website"},"primaryImageOfPage":{"@id":"https:\/\/unkorce.edu.al\/filozofi-sociologji-ba\/#primaryimage"},"image":{"@id":"https:\/\/unkorce.edu.al\/filozofi-sociologji-ba\/#primaryimage"},"thumbnailUrl":"http:\/\/172.16.0.2\/sites\/default\/files\/image_download\/adobe.gif","datePublished":"2018-12-20T13:23:27+00:00","breadcrumb":{"@id":"https:\/\/unkorce.edu.al\/filozofi-sociologji-ba\/#breadcrumb"},"inLanguage":"en-US","potentialAction":[{"@type":"ReadAction","target":["https:\/\/unkorce.edu.al\/filozofi-sociologji-ba\/"]}]},{"@type":"ImageObject","inLanguage":"en-US","@id":"https:\/\/unkorce.edu.al\/filozofi-sociologji-ba\/#primaryimage","url":"http:\/\/172.16.0.2\/sites\/default\/files\/image_download\/adobe.gif","contentUrl":"http:\/\/172.16.0.2\/sites\/default\/files\/image_download\/adobe.gif"},{"@type":"BreadcrumbList","@id":"https:\/\/unkorce.edu.al\/filozofi-sociologji-ba\/#breadcrumb","itemListElement":[{"@type":"ListItem","position":1,"name":"Home","item":"https:\/\/unkorce.edu.al\/"},{"@type":"ListItem","position":2,"name":"Filozofi-Sociologji BA"}]},{"@type":"WebSite","@id":"https:\/\/unkorce.edu.al\/#website","url":"https:\/\/unkorce.edu.al\/","name":"Universiteti \"Fan S. Noli\", Kor\u00e7\u00eb","description":"Mir&euml;sevini n&euml; faqen zyrtare!","publisher":{"@id":"https:\/\/unkorce.edu.al\/#organization"},"potentialAction":[{"@type":"SearchAction","target":{"@type":"EntryPoint","urlTemplate":"https:\/\/unkorce.edu.al\/?s={search_term_string}"},"query-input":{"@type":"PropertyValueSpecification","valueRequired":true,"valueName":"search_term_string"}}],"inLanguage":"en-US"},{"@type":"Organization","@id":"https:\/\/unkorce.edu.al\/#organization","name":"Universiteti \"Fan S. Noli\", Kor\u00e7\u00eb","url":"https:\/\/unkorce.edu.al\/","logo":{"@type":"ImageObject","inLanguage":"en-US","@id":"https:\/\/unkorce.edu.al\/#\/schema\/logo\/image\/","url":"https:\/\/unkorce.edu.al\/wp-content\/uploads\/2024\/08\/Logo_e_Universitetit__Fan_Noli_-e1726660879862.png","contentUrl":"https:\/\/unkorce.edu.al\/wp-content\/uploads\/2024\/08\/Logo_e_Universitetit__Fan_Noli_-e1726660879862.png","width":200,"height":120,"caption":"Universiteti \"Fan S. Noli\", Kor\u00e7\u00eb"},"image":{"@id":"https:\/\/unkorce.edu.al\/#\/schema\/logo\/image\/"},"sameAs":["https:\/\/www.facebook.com\/unkorce"]}]}},"_links":{"self":[{"href":"https:\/\/unkorce.edu.al\/en\/wp-json\/wp\/v2\/pages\/8211","targetHints":{"allow":["GET"]}}],"collection":[{"href":"https:\/\/unkorce.edu.al\/en\/wp-json\/wp\/v2\/pages"}],"about":[{"href":"https:\/\/unkorce.edu.al\/en\/wp-json\/wp\/v2\/types\/page"}],"author":[{"embeddable":true,"href":"https:\/\/unkorce.edu.al\/en\/wp-json\/wp\/v2\/users\/122"}],"replies":[{"embeddable":true,"href":"https:\/\/unkorce.edu.al\/en\/wp-json\/wp\/v2\/comments?post=8211"}],"version-history":[{"count":0,"href":"https:\/\/unkorce.edu.al\/en\/wp-json\/wp\/v2\/pages\/8211\/revisions"}],"wp:attachment":[{"href":"https:\/\/unkorce.edu.al\/en\/wp-json\/wp\/v2\/media?parent=8211"}],"curies":[{"name":"wp","href":"https:\/\/api.w.org\/{rel}","templated":true}]}}