{"id":8206,"date":"2018-12-12T11:08:42","date_gmt":"2018-12-12T11:08:42","guid":{"rendered":"\/vendime-senati\/"},"modified":"2018-12-12T11:08:42","modified_gmt":"2018-12-12T11:08:42","slug":"vendime-senati","status":"publish","type":"page","link":"https:\/\/unkorce.edu.al\/en\/vendime-senati\/","title":{"rendered":"Vendime Senati"},"content":{"rendered":"<style type=\"text\/css\">.tb_button {padding:1px;cursor:pointer;border-right: 1px solid #8b8b8b;border-left: 1px solid #FFF;border-bottom: 1px solid #fff;}.tb_button.hover {borer:2px outset #def; background-color: #f8f8f8 !important;}.ws_toolbar {z-index:100000} .ws_toolbar .ws_tb_btn {cursor:pointer;border:1px solid #555;padding:3px}   .tb_highlight{background-color:yellow} .tb_hide {visibility:hidden} .ws_toolbar img {padding:2px;margin:0px}\n<\/style>\n<p><!--more--><\/p>\n<h2><u>VENDIME SENATI<\/u><\/h2>\n<table border=\"1\" cellpadding=\"1\" cellspacing=\"1\">\n<tbody>\n<tr>\n<td>\n<div dir=\"ltr\">\n<div dir=\"ltr\">\n<p><strong>VENDIM SENATI P\u00cbR:&nbsp; MIRATIMIN E KRITEREVE T\u00cb PRANIMIT N\u00cb PROGRAMET E STUDIMIT P\u00cbR VITIN AKADEMIK 2018-2019<\/strong><\/p>\n<p>\t\t\t<u><img decoding=\"async\" alt=\"\" src=\"\/sites\/default\/files\/image_download\/adobe.gif\" style=\"border:0px; float:left; height:12px; margin:1px; max-width:100%; padding:0px; width:17px\" \/><\/u><a href=\"\/sites\/default\/files\/2.pdf\" style=\"border: 0px; margin: 0px; padding: 0px; text-decoration-line: none; color: rgb(0, 51, 102); font-family: Arial, Helvetica, sans-serif; font-size: 13px; background-color: rgb(255, 255, 255);\" target=\"_blank\" rel=\"noopener\">Shiko t\u00eb&nbsp;plot\u00eb&nbsp;(kliko) (pdf)<\/a>&nbsp; &nbsp;<\/p>\n<div>&nbsp;<\/div>\n<\/p><\/div>\n<div>&nbsp;<\/div>\n<\/p><\/div>\n<\/td>\n<td>\n<div dir=\"ltr\">\n<p><strong>VENDIM SENATI P\u00cbR:&nbsp; MIRATIMIN E STRUKTUR\u00cbS DHE ORGANIGRAM\u00cbS T\u00cb UNIVERSITETIT P\u00cbR VITIN 2018<\/strong><\/p>\n<p>\t\t\t<u><img decoding=\"async\" alt=\"\" src=\"\/sites\/default\/files\/image_download\/adobe.gif\" style=\"border:0px; float:left; height:12px; margin:1px; max-width:100%; padding:0px; width:17px\" \/><\/u><a href=\"\/sites\/default\/files\/1 (1).pdf\" style=\"border: 0px; margin: 0px; padding: 0px; text-decoration-line: none; color: rgb(0, 51, 102); font-family: Arial, Helvetica, sans-serif; font-size: 13px; background-color: rgb(255, 255, 255);\" target=\"_blank\" rel=\"noopener\">Shiko t\u00eb&nbsp;plot\u00eb&nbsp;(kliko) (pdf)<\/a>&nbsp; &nbsp;<\/p>\n<div>&nbsp;<\/div>\n<div>&nbsp;<\/div>\n<div>&nbsp;<\/div>\n<\/p><\/div>\n<\/td>\n<td>\n<div dir=\"ltr\">\n<p><strong>VENDIM SENATI P\u00cbR:&nbsp; MIRATIMIN E NDRYSHIMEVE N\u00cb PROJEKTSTATUTIN E UNIVESITETIT<\/strong><\/p>\n<p>\t\t\t<u><img decoding=\"async\" alt=\"\" src=\"\/sites\/default\/files\/image_download\/adobe.gif\" style=\"border:0px; float:left; height:12px; margin:1px; max-width:100%; padding:0px; width:17px\" \/><\/u><a href=\"\/sites\/default\/files\/3.pdf\" style=\"border: 0px; margin: 0px; padding: 0px; text-decoration-line: none; color: rgb(0, 51, 102); font-family: Arial, Helvetica, sans-serif; font-size: 13px; background-color: rgb(255, 255, 255);\" target=\"_blank\" rel=\"noopener\">Shiko t\u00eb&nbsp;plot\u00eb&nbsp;(kliko) (pdf)<\/a>&nbsp; &nbsp;<\/p>\n<div>&nbsp;<\/div>\n<div>&nbsp;<\/div>\n<div>&nbsp;<\/div>\n<div>&nbsp;<\/div>\n<div>&nbsp;<\/div>\n<\/p><\/div>\n<\/td>\n<\/tr>\n<tr>\n<td>\n<div class=\"header article-header\" style=\"border: 0px; margin: 0px; padding: 0px; color: rgb(51, 51, 51); font-family: Arial, Helvetica, sans-serif; font-size: 13px; background-color: rgb(255, 255, 255);\">\n<h3>VENDIM SENATI P\u00cbR: NDRYSHIME N\u00cb STRUKTUR\u00cbN E VITIT AKADEMIK 2018-2019<\/h3>\n<\/p><\/div>\n<div class=\"node-content\" style=\"border: 0px; margin: 0px; padding: 0px; color: rgb(51, 51, 51); font-family: Arial, Helvetica, sans-serif; font-size: 13px; background-color: rgb(255, 255, 255);\">\n<div class=\"section field field-name-body field-type-text-with-summary field-label-hidden\" style=\"border: 0px; margin: 0px 0px 10px; padding: 0px;\">\n<div class=\"field-items\" style=\"border: 0px; margin: 0px; padding: 0px;\">\n<div class=\"field-item odd\" style=\"border: 0px; margin: 0px; padding: 0px;\">\n<p><u><img decoding=\"async\" alt=\"\" src=\"\/sites\/default\/files\/image_download\/adobe.gif\" style=\"border:0px; float:left; height:12px; margin:1px; max-width:100%; padding:0px; width:17px\" \/><\/u><a href=\"\/en\/www.unkorce.edu.al\/sites\/default\/files\/VENDIM%20SENATI%20PER%20NDRYSHIME%20NE%20STRUKTUREN%20E%20VITIT%20AKADEMIK.pdf\/\" style=\"border: 0px; margin: 0px; padding: 0px; text-decoration-line: none; color: rgb(0, 51, 102);\" target=\"_blank\" rel=\"noopener\">Shiko t\u00eb&nbsp;plot\u00eb&nbsp;(kliko) (pdf)<\/a>&nbsp; &nbsp;<\/p>\n<\/p><\/div>\n<\/p><\/div>\n<\/p><\/div>\n<\/p><\/div>\n<\/td>\n<td>\n<table border=\"1\" cellpadding=\"1\" cellspacing=\"1\">\n<tbody>\n<tr>\n<td>\n<div dir=\"ltr\">\n<div dir=\"ltr\">\n<p><strong>VENDIM SENATI P\u00cbR:&nbsp; MIRATIMIN E KRITEREVE T\u00cb PRANIMIT N\u00cb PROGRAMET E STUDIMIT P\u00cbR VITIN AKADEMIK 2020-2021<\/strong><\/p>\n<p>\t\t\t\t\t\t<u><img decoding=\"async\" alt=\"\" src=\"\/sites\/default\/files\/image_download\/adobe.gif\" style=\"border:0px; float:left; height:12px; margin:1px; max-width:100%; padding:0px; width:17px\" \/><\/u><a href=\"\/en\/sites\/default\/files\/VENDIM%20SENATI%20PER%20MIRATIMIN%20E%20KRITEREVE.pdf\/\" style=\"border: 0px; margin: 0px; padding: 0px; text-decoration-line: none; color: rgb(0, 51, 102); font-family: Arial, Helvetica, sans-serif; font-size: 13px; background-color: rgb(255, 255, 255);\" target=\"_blank\" rel=\"noopener\">Shiko t\u00eb&nbsp;plot\u00eb&nbsp;(kliko) (pdf)<\/a>&nbsp; &nbsp;<\/div>\n<\/p><\/div>\n<\/td>\n<\/tr>\n<\/tbody>\n<\/table>\n<\/td>\n<td>\n<p><strong>VENDIM SENATI P\u00cbR:<\/strong> <strong>MIRATIMIN E KUOTAVE T\u00cb PRANIMIT P\u00cbR VITIN AKADEMIK 2019-2020 P\u00cbR PROGRAMET E STUDIMIT T\u00cb CIKLIT T\u00cb PAR\u00cb DHE T\u00cb DYT\u00cb<\/strong><\/p>\n<p><u><img decoding=\"async\" alt=\"\" src=\"\/sites\/default\/files\/image_download\/adobe.gif\" style=\"border:0px; float:left; height:12px; margin:1px; max-width:100%; padding:0px; width:17px\" \/><\/u><a href=\"\/en\/sites\/default\/files\/VENDIM%20I%20SENATIT%20PER%20MIRATIMIN%20E%20KUOTAVE.pdf\/\" style=\"border: 0px; margin: 0px; padding: 0px; text-decoration-line: none; color: rgb(0, 51, 102); font-family: Arial, Helvetica, sans-serif; font-size: 13px; background-color: rgb(255, 255, 255);\" target=\"_blank\" rel=\"noopener\">Shiko t\u00eb&nbsp;plot\u00eb&nbsp;(kliko) (pdf)<\/a>&nbsp; &nbsp;<\/p>\n<\/td>\n<\/tr>\n<tr>\n<td>\n<div>\n<h4>VENDIM P\u00cbR MIRATIMIN E DATAVE T\u00cb KONKURRIMIT T\u00cb TESTIT PRAKTIK P\u00cbR PROGRAMIN E STUDIMIT &#8220;BACHELOR&#8221; N\u00cb &#8220;EDUKIM FIZIK DHE SPORTE&#8221;<\/h4>\n<div><u><img decoding=\"async\" alt=\"\" src=\"\/sites\/default\/files\/image_download\/adobe.gif\" style=\"border:0px; float:left; height:12px; margin:1px; max-width:100%; padding:0px; width:17px\" \/><\/u><a href=\"\/sq\/article\/vendim-p\u00ebr-miratimin-e-datave-t\u00eb-konkurrimit-t\u00eb-testit-praktik-p\u00ebr-programin-e-studimit\" style=\"font-family: Arial, Helvetica, sans-serif; font-size: 13px; background-color: rgb(255, 255, 255); border: 0px; margin: 0px; padding: 0px; text-decoration-line: none; color: rgb(0, 51, 102);\" target=\"_blank\" rel=\"noopener\">Shiko t\u00eb&nbsp;plot\u00eb&nbsp;(kliko) (pdf)<\/a><span style=\"background-color:rgb(255, 255, 255); color:rgb(51, 51, 51); font-family:arial,helvetica,sans-serif; font-size:13px\">&nbsp; &nbsp;<\/span><\/div>\n<\/p><\/div>\n<div class=\"node-content\" style=\"border: 0px; margin: 0px; padding: 0px; color: rgb(51, 51, 51); font-family: Arial, Helvetica, sans-serif; font-size: 13px; background-color: rgb(215, 227, 227);\">\n<div class=\"section field field-name-body field-type-text-with-summary field-label-hidden\" style=\"border: 0px; margin: 0px 0px 10px; padding: 0px;\">\n<div class=\"field-items\" style=\"border: 0px; margin: 0px; padding: 0px;\">\n<div class=\"field-item odd\" style=\"border: 0px; margin: 0px; padding: 0px;\">&nbsp;<\/div>\n<\/p><\/div>\n<\/p><\/div>\n<\/p><\/div>\n<\/td>\n<td>&nbsp;<\/td>\n<td>&nbsp;<\/td>\n<\/tr>\n<\/tbody>\n<\/table>\n<p>&nbsp;<\/p>\n<div>\n<ol>\n<li>\n<p><a href=\"\/en\/sites\/default\/files\/vendime\/Nr. 631, Date 13.11.2020-VENDIM SENATI PER PERSHTATJEN E KUOTAVE TE PROGRAMEVE TE STUDIMIT TE CIKLIT TE DYTE MASTER.pdf\/\">Nr. 631, Date 13.11.2020-VENDIM SENATI PER PERSHTATJEN E KUOTAVE TE PROGRAMEVE TE STUDIMIT TE CIKLIT TE DYTE MASTER<\/a><\/p>\n<\/li>\n<li>\n<p><a href=\"\/en\/sites\/default\/files\/vendime\/Nr. 1759, Date 29.10.2020-VENDIM SENATI PER RIORGANIZMIN E PROGRAMIT TE STUDIMIT ADMINISTRIM BIZNESI NE TURIZEM BACHELOR.pdf\/\">Nr. 1759, Date 29.10.2020-VENDIM SENATI PER RIORGANIZMIN E PROGRAMIT TE STUDIMIT ADMINISTRIM BIZNESI NE TURIZEM BACHELOR<\/a><\/p>\n<\/li>\n<li>\n<p><a href=\"\/en\/sites\/default\/files\/vendime\/Nr. 1758, Date 29.10.2020-VENDIM SENATI PER RIORGANIZIMIN E PROGRAMIT TE STUDIMIT MASTER PROFESIONAL NE TURIZEM.pdf\/\">Nr. 1758, Date 29.10.2020-VENDIM SENATI PER RIORGANIZIMIN E PROGRAMIT TE STUDIMIT MASTER PROFESIONAL NE TURIZEM<\/a><\/p>\n<\/li>\n<li>\n<p><a href=\"\/en\/sites\/default\/files\/vendime\/Nr. 1757, Date 29.10.2020-VENDIM SENATI PER HAPJEN E PROGRAMIT TE STUDIMIT MASTER PROFESIONAL NE MARKETINGU DIGJITAL.pdf\/\">Nr. 1757, Date 29.10.2020-VENDIM SENATI PER HAPJEN E PROGRAMIT TE STUDIMIT MASTER PROFESIONAL NE MARKETINGU DIGJITAL<\/a><\/p>\n<\/li>\n<li>\n<p><a href=\"\/en\/sites\/default\/files\/vendime\/Nr. 1756, Date 29.10.2020-VENDIM SENATI PER MIRATIMIN E PROPOZIMEVE TE FAKULTETEVE PER NDRYSHIME NE PLANET MESIMORE.pdf\/\">Nr. 1756, Date 29.10.2020-VENDIM SENATI PER MIRATIMIN E PROPOZIMEVE TE FAKULTETEVE PER NDRYSHIME NE PLANET MESIMORE<\/a><\/p>\n<\/li>\n<li>\n<p><a href=\"\/en\/sites\/default\/files\/vendime\/Nr. 1755, Date 29.10.2020-VENDIM SENATI PER MIRATIMIN E STRUKTURES S\u00cb VITIT AKADEMIK 2020-2021.pdf\/\">Nr. 1755, Date 29.10.2020-VENDIM SENATI PER MIRATIMIN E STRUKTURES S\u00cb VITIT AKADEMIK 2020-2021<\/a><\/p>\n<\/li>\n<li>\n<p><a href=\"\/en\/sites\/default\/files\/vendime\/Nr. 1754, Date 29.10.2020-VENDIM SENATI PER MIRATIMIN E DISA NDRYSHIMEVE NE RREGULLOREN E COVID.pdf\/\">Nr. 1754, Date 29.10.2020-VENDIM SENATI PER MIRATIMIN E DISA NDRYSHIMEVE NE RREGULLOREN E COVID<\/a><\/p>\n<\/li>\n<li>\n<p><a href=\"\/en\/sites\/default\/files\/vendime\/Nr. 1753, Date 29.10.2020-VENDIM SENATI PER MIRATIMIN E PLANIT TE MASAVE PARAPRAKE MBI ZHVILLIMIN E PROCESIT TE MESIMDHENIES.pdf\/\">Nr. 1753, Date 29.10.2020-VENDIM SENATI PER MIRATIMIN E PLANIT TE MASAVE PARAPRAKE MBI ZHVILLIMIN E PROCESIT TE MESIMDHENIES<\/a><\/p>\n<\/li>\n<li>\n<p><a href=\"\/en\/sites\/default\/files\/vendime\/Nr. 1458, Date 29.09.2020-VENDIM SENATI PER NJE SHTESE NE RREGULLOREN E SENATIT AKADEMIK.pdf\/\">Nr. 1458, Date 29.09.2020-VENDIM SENATI PER NJE SHTESE NE RREGULLOREN E SENATIT AKADEMIK<\/a><\/p>\n<\/li>\n<li>\n<p><a href=\"\/en\/sites\/default\/files\/vendime\/Nr. 1457, Date 29.09.2020-VENDIM SENATI PER HAPJEN E PROGRMIT TE STUDIMIT MASTER PROFESIONAL NE MESUESI NE ARSIM SPECIAL N\u00cb GJITHEPERFSHIRJEN.pdf\/\">Nr. 1457, Date 29.09.2020-VENDIM SENATI PER HAPJEN E PROGRMIT TE STUDIMIT MASTER PROFESIONAL NE MESUESI NE ARSIM SPECIAL N\u00cb GJITHEPERFSHIRJEN<\/a><\/p>\n<\/li>\n<li>\n<p><a href=\"\/en\/sites\/default\/files\/vendime\/Nr. 1456, Date 29.09.2020-VENDIM SENATI PER MIRATIMIN E TARIFAVE VJETORE TE SHKOLLIMIT PER CDO PRORGAM STUDIMI PER VITIN AKADEMIK 2020-2021.pdf\/\">Nr. 1456, Date 29.09.2020-VENDIM SENATI PER MIRATIMIN E TARIFAVE VJETORE TE SHKOLLIMIT PER CDO PRORGAM STUDIMI PER VITIN AKADEMIK 2020-2021<\/a><\/p>\n<\/li>\n<li>\n<p><a href=\"\/en\/sites\/default\/files\/vendime\/Nr. 1356, Date 18.09.2020-VENDIM SENATI PER SHTIMIN E DATAVE TE SEZONIT TE PROVIMEVE TE MBARTURA NE STRUKTUR\u00cbN E VITIT AKADEMIK 2019-2020.pdf\/\">Nr. 1356, Date 18.09.2020-VENDIM SENATI PER SHTIMIN E DATAVE TE SEZONIT TE PROVIMEVE TE MBARTURA NE STRUKTUR\u00cbN E VITIT AKADEMIK 2019-2020<\/a><\/p>\n<\/li>\n<li>\n<p><a href=\"\/en\/sites\/default\/files\/vendime\/VENDIM NR. 26, DATE 18.01.2019.pdf\/\">VENDIM NR. 26, DATE 18.01.2019<\/a><\/p>\n<\/li>\n<li>\n<p><a href=\"\/en\/sites\/default\/files\/vendime\/VENDIM NR. 37, DATE 24.01.2019.pdf\/\">VENDIM NR. 37, DATE 24.01.2019<\/a><\/p>\n<\/li>\n<li>\n<p><a href=\"\/en\/sites\/default\/files\/vendime\/VENDIM NR. 38, DATE 24.01.2019.pdf\/\">VENDIM NR. 38, DATE 24.01.2019<\/a><\/p>\n<\/li>\n<li>\n<p><a href=\"\/en\/sites\/default\/files\/vendime\/VENDIM NR. 89, DATE 13.02.2019.pdf\/\">VENDIM NR. 89, DATE 13.02.2019<\/a><\/p>\n<\/li>\n<li>\n<p><a href=\"\/en\/sites\/default\/files\/vendime\/VENDIM NR. 90, DATE 13.02.2019.pdf\/\">VENDIM NR. 90, DATE 13.02.2019<\/a><\/p>\n<\/li>\n<li>\n<p><a href=\"\/en\/sites\/default\/files\/vendime\/VENDIM NR. 97, DATE 21.02.2019.pdf\/\">VENDIM NR. 97, DATE 21.02.2019<\/a><\/p>\n<\/li>\n<li>\n<p><a href=\"\/en\/sites\/default\/files\/vendime\/VENDIM NR. 138, DATE 12.03.2019.pdf\/\">VENDIM NR. 138, DATE 12.03.2019<\/a><\/p>\n<\/li>\n<li>\n<p><a href=\"\/en\/sites\/default\/files\/vendime\/VENDIM NR. 139, DATE 12.03.2019.pdf\/\">VENDIM NR. 139, DATE 12.03.2019<\/a><\/p>\n<\/li>\n<li>\n<p><a href=\"\/en\/sites\/default\/files\/vendime\/VENDIM NR. 159, DATE 27.03.2019.pdf\/\">VENDIM NR. 159, DATE 27.03.2019<\/a><\/p>\n<\/li>\n<li>\n<p><a href=\"\/en\/sites\/default\/files\/vendime\/Nr. 381, date 12.07.2019.pdf\/\">Nr. 381, date 12.07.2019<\/a><\/p>\n<\/li>\n<li>\n<p><a href=\"\/en\/sites\/default\/files\/vendime\/Nr. 393, date 22.07.2019.pdf\/\">Nr. 393, date 22.07.2019<\/a><\/p>\n<\/li>\n<li><a href=\"\/en\/sites\/default\/files\/vendime\/Nr. 394, date 22.07.2019.pdf\/\">Nr. 394, date 22.07.2019<\/a><br \/>\n\t&nbsp;<\/li>\n<li><a href=\"\/en\/sites\/default\/files\/vendime\/Nr. 395, date 22.07.2019.pdf\/\">Nr. 395, date 22.07.2019<\/a><br \/>\n\t&nbsp;<\/li>\n<li><a href=\"\/en\/sites\/default\/files\/vendime\/Nr. 397, date 22.07.2019.pdf\/\">Nr. 397, date 22.07.2019<\/a><br \/>\n\t&nbsp;<\/li>\n<li><a href=\"\/en\/sites\/default\/files\/vendime\/Nr. 398, date 22.07.2019.pdf\/\">Nr. 398, date 22.07.2019<\/a><br \/>\n\t&nbsp;<\/li>\n<li><a href=\"\/en\/sites\/default\/files\/vendime\/Nr. 399, date 22.07.2019.pdf\/\">Nr. 399, date 22.07.2019<\/a><br \/>\n\t&nbsp;<\/li>\n<li><a href=\"\/en\/sites\/default\/files\/vendime\/Nr. 400, date 22.07.2019.pdf\/\">Nr. 400, date 22.07.2019<\/a><br \/>\n\t&nbsp;<\/li>\n<li><a href=\"\/en\/sites\/default\/files\/vendime\/Nr. 401, date 22.07.2019.pdf\/\">Nr. 401, date 22.07.2019<\/a><br \/>\n\t&nbsp;<\/li>\n<li><a href=\"\/en\/sites\/default\/files\/vendime\/Nr. 402, date 22.07.2019.pdf\/\">Nr. 402, date 22.07.2019<\/a><br \/>\n\t&nbsp;<\/li>\n<li><a href=\"\/en\/sites\/default\/files\/vendime\/Nr. 413, date 30.07.2019.pdf\/\">Nr. 413, date 30.07.2019<\/a><br \/>\n\t&nbsp;<\/li>\n<li><a href=\"\/en\/sites\/default\/files\/vendime\/Nr. 414, date 30.07.2019.pdf\/\">Nr. 414, date 30.07.2019<\/a><br \/>\n\t&nbsp;<\/li>\n<li><a href=\"\/en\/sites\/default\/files\/vendime\/Nr. 415, date 30.07.2019.pdf\/\">Nr. 415, date 30.07.2019<\/a><br \/>\n\t&nbsp;<\/li>\n<li><a href=\"\/en\/sites\/default\/files\/vendime\/Nr. 416, date 30.07.2019.pdf\/\">Nr. 416, date 30.07.2019<\/a><br \/>\n\t&nbsp;<\/li>\n<li><a href=\"\/sites\/default\/files\/SA_510_30.09.2019.pdf\">Nr.510, date 30.09.2019<\/a><br \/>\n\t&nbsp;<\/li>\n<li><a href=\"\/sites\/default\/files\/SA_511_30.09.2019.pdf\">Nr. 511, date 30.09.2019<\/a><br \/>\n\t&nbsp;<\/li>\n<li><a href=\"\/sites\/default\/files\/SA_534_10.10.2019.pdf\">Nr.534, date 10.10.2019<\/a><br \/>\n\t&nbsp;<\/li>\n<li><a href=\"\/sites\/default\/files\/SA_535_10.10.2019.pdf\">Nr.535, date 10.10.2019<\/a><br \/>\n\t&nbsp;<\/li>\n<li><a href=\"\/sites\/default\/files\/SA_557_18.10.2019.pdf\">Nr.557, date 18.10.2019<\/a><br \/>\n\t&nbsp;<\/li>\n<li><a href=\"\/sites\/default\/files\/SA_626_25.11.2019.pdf\">Nr.626, date 25.11.2019<\/a><\/li>\n<\/ol>\n<\/div>\n<style type=\"text\/css\">.tb_button {padding:1px;cursor:pointer;border-right: 1px solid #8b8b8b;border-left: 1px solid #FFF;border-bottom: 1px solid #fff;}.tb_button.hover {borer:2px outset #def; background-color: #f8f8f8 !important;}.ws_toolbar {z-index:100000} .ws_toolbar .ws_tb_btn {cursor:pointer;border:1px solid #555;padding:3px}   .tb_highlight{background-color:yellow} .tb_hide {visibility:hidden} .ws_toolbar img {padding:2px;margin:0px}\n<\/style>","protected":false},"excerpt":{"rendered":"","protected":false},"author":122,"featured_media":0,"parent":0,"menu_order":0,"comment_status":"closed","ping_status":"closed","template":"","meta":{"_acf_changed":false,"footnotes":""},"class_list":["post-8206","page","type-page","status-publish","hentry"],"acf":[],"yoast_head":"<!-- This site is optimized with the Yoast SEO plugin v26.9 - https:\/\/yoast.com\/product\/yoast-seo-wordpress\/ -->\n<title>Vendime Senati - Universiteti &quot;Fan S. Noli&quot;, Kor\u00e7\u00eb<\/title>\n<meta name=\"robots\" content=\"index, follow, max-snippet:-1, max-image-preview:large, max-video-preview:-1\" \/>\n<link rel=\"canonical\" href=\"https:\/\/unkorce.edu.al\/en\/vendime-senati\/\" \/>\n<meta property=\"og:locale\" content=\"en_US\" \/>\n<meta property=\"og:type\" content=\"article\" \/>\n<meta property=\"og:title\" content=\"Vendime Senati - Universiteti &quot;Fan S. Noli&quot;, Kor\u00e7\u00eb\" \/>\n<meta property=\"og:url\" content=\"https:\/\/unkorce.edu.al\/en\/vendime-senati\/\" \/>\n<meta property=\"og:site_name\" content=\"Universiteti &quot;Fan S. Noli&quot;, Kor\u00e7\u00eb\" \/>\n<meta property=\"article:publisher\" content=\"https:\/\/www.facebook.com\/unkorce\" \/>\n<meta name=\"twitter:card\" content=\"summary_large_image\" \/>\n<meta name=\"twitter:label1\" content=\"Est. reading time\" \/>\n\t<meta name=\"twitter:data1\" content=\"2 minutes\" \/>\n<script type=\"application\/ld+json\" class=\"yoast-schema-graph\">{\"@context\":\"https:\/\/schema.org\",\"@graph\":[{\"@type\":\"WebPage\",\"@id\":\"https:\/\/unkorce.edu.al\/vendime-senati\/\",\"url\":\"https:\/\/unkorce.edu.al\/vendime-senati\/\",\"name\":\"Vendime Senati - Universiteti \\\"Fan S. Noli\\\", Kor\u00e7\u00eb\",\"isPartOf\":{\"@id\":\"https:\/\/unkorce.edu.al\/#website\"},\"datePublished\":\"2018-12-12T11:08:42+00:00\",\"breadcrumb\":{\"@id\":\"https:\/\/unkorce.edu.al\/vendime-senati\/#breadcrumb\"},\"inLanguage\":\"en-US\",\"potentialAction\":[{\"@type\":\"ReadAction\",\"target\":[\"https:\/\/unkorce.edu.al\/vendime-senati\/\"]}]},{\"@type\":\"BreadcrumbList\",\"@id\":\"https:\/\/unkorce.edu.al\/vendime-senati\/#breadcrumb\",\"itemListElement\":[{\"@type\":\"ListItem\",\"position\":1,\"name\":\"Home\",\"item\":\"https:\/\/unkorce.edu.al\/\"},{\"@type\":\"ListItem\",\"position\":2,\"name\":\"Vendime Senati\"}]},{\"@type\":\"WebSite\",\"@id\":\"https:\/\/unkorce.edu.al\/#website\",\"url\":\"https:\/\/unkorce.edu.al\/\",\"name\":\"Universiteti \\\"Fan S. Noli\\\", Kor\u00e7\u00eb\",\"description\":\"Mir&euml;sevini n&euml; faqen zyrtare!\",\"publisher\":{\"@id\":\"https:\/\/unkorce.edu.al\/#organization\"},\"potentialAction\":[{\"@type\":\"SearchAction\",\"target\":{\"@type\":\"EntryPoint\",\"urlTemplate\":\"https:\/\/unkorce.edu.al\/?s={search_term_string}\"},\"query-input\":{\"@type\":\"PropertyValueSpecification\",\"valueRequired\":true,\"valueName\":\"search_term_string\"}}],\"inLanguage\":\"en-US\"},{\"@type\":\"Organization\",\"@id\":\"https:\/\/unkorce.edu.al\/#organization\",\"name\":\"Universiteti \\\"Fan S. Noli\\\", Kor\u00e7\u00eb\",\"url\":\"https:\/\/unkorce.edu.al\/\",\"logo\":{\"@type\":\"ImageObject\",\"inLanguage\":\"en-US\",\"@id\":\"https:\/\/unkorce.edu.al\/#\/schema\/logo\/image\/\",\"url\":\"https:\/\/unkorce.edu.al\/wp-content\/uploads\/2024\/08\/Logo_e_Universitetit__Fan_Noli_-e1726660879862.png\",\"contentUrl\":\"https:\/\/unkorce.edu.al\/wp-content\/uploads\/2024\/08\/Logo_e_Universitetit__Fan_Noli_-e1726660879862.png\",\"width\":200,\"height\":120,\"caption\":\"Universiteti \\\"Fan S. Noli\\\", Kor\u00e7\u00eb\"},\"image\":{\"@id\":\"https:\/\/unkorce.edu.al\/#\/schema\/logo\/image\/\"},\"sameAs\":[\"https:\/\/www.facebook.com\/unkorce\"]}]}<\/script>\n<!-- \/ Yoast SEO plugin. -->","yoast_head_json":{"title":"Vendime Senati - Universiteti \"Fan S. Noli\", Kor\u00e7\u00eb","robots":{"index":"index","follow":"follow","max-snippet":"max-snippet:-1","max-image-preview":"max-image-preview:large","max-video-preview":"max-video-preview:-1"},"canonical":"https:\/\/unkorce.edu.al\/en\/vendime-senati\/","og_locale":"en_US","og_type":"article","og_title":"Vendime Senati - Universiteti \"Fan S. Noli\", Kor\u00e7\u00eb","og_url":"https:\/\/unkorce.edu.al\/en\/vendime-senati\/","og_site_name":"Universiteti \"Fan S. Noli\", Kor\u00e7\u00eb","article_publisher":"https:\/\/www.facebook.com\/unkorce","twitter_card":"summary_large_image","twitter_misc":{"Est. reading time":"2 minutes"},"schema":{"@context":"https:\/\/schema.org","@graph":[{"@type":"WebPage","@id":"https:\/\/unkorce.edu.al\/vendime-senati\/","url":"https:\/\/unkorce.edu.al\/vendime-senati\/","name":"Vendime Senati - Universiteti \"Fan S. Noli\", Kor\u00e7\u00eb","isPartOf":{"@id":"https:\/\/unkorce.edu.al\/#website"},"datePublished":"2018-12-12T11:08:42+00:00","breadcrumb":{"@id":"https:\/\/unkorce.edu.al\/vendime-senati\/#breadcrumb"},"inLanguage":"en-US","potentialAction":[{"@type":"ReadAction","target":["https:\/\/unkorce.edu.al\/vendime-senati\/"]}]},{"@type":"BreadcrumbList","@id":"https:\/\/unkorce.edu.al\/vendime-senati\/#breadcrumb","itemListElement":[{"@type":"ListItem","position":1,"name":"Home","item":"https:\/\/unkorce.edu.al\/"},{"@type":"ListItem","position":2,"name":"Vendime Senati"}]},{"@type":"WebSite","@id":"https:\/\/unkorce.edu.al\/#website","url":"https:\/\/unkorce.edu.al\/","name":"Universiteti \"Fan S. Noli\", Kor\u00e7\u00eb","description":"Mir&euml;sevini n&euml; faqen zyrtare!","publisher":{"@id":"https:\/\/unkorce.edu.al\/#organization"},"potentialAction":[{"@type":"SearchAction","target":{"@type":"EntryPoint","urlTemplate":"https:\/\/unkorce.edu.al\/?s={search_term_string}"},"query-input":{"@type":"PropertyValueSpecification","valueRequired":true,"valueName":"search_term_string"}}],"inLanguage":"en-US"},{"@type":"Organization","@id":"https:\/\/unkorce.edu.al\/#organization","name":"Universiteti \"Fan S. Noli\", Kor\u00e7\u00eb","url":"https:\/\/unkorce.edu.al\/","logo":{"@type":"ImageObject","inLanguage":"en-US","@id":"https:\/\/unkorce.edu.al\/#\/schema\/logo\/image\/","url":"https:\/\/unkorce.edu.al\/wp-content\/uploads\/2024\/08\/Logo_e_Universitetit__Fan_Noli_-e1726660879862.png","contentUrl":"https:\/\/unkorce.edu.al\/wp-content\/uploads\/2024\/08\/Logo_e_Universitetit__Fan_Noli_-e1726660879862.png","width":200,"height":120,"caption":"Universiteti \"Fan S. Noli\", Kor\u00e7\u00eb"},"image":{"@id":"https:\/\/unkorce.edu.al\/#\/schema\/logo\/image\/"},"sameAs":["https:\/\/www.facebook.com\/unkorce"]}]}},"_links":{"self":[{"href":"https:\/\/unkorce.edu.al\/en\/wp-json\/wp\/v2\/pages\/8206","targetHints":{"allow":["GET"]}}],"collection":[{"href":"https:\/\/unkorce.edu.al\/en\/wp-json\/wp\/v2\/pages"}],"about":[{"href":"https:\/\/unkorce.edu.al\/en\/wp-json\/wp\/v2\/types\/page"}],"author":[{"embeddable":true,"href":"https:\/\/unkorce.edu.al\/en\/wp-json\/wp\/v2\/users\/122"}],"replies":[{"embeddable":true,"href":"https:\/\/unkorce.edu.al\/en\/wp-json\/wp\/v2\/comments?post=8206"}],"version-history":[{"count":0,"href":"https:\/\/unkorce.edu.al\/en\/wp-json\/wp\/v2\/pages\/8206\/revisions"}],"wp:attachment":[{"href":"https:\/\/unkorce.edu.al\/en\/wp-json\/wp\/v2\/media?parent=8206"}],"curies":[{"name":"wp","href":"https:\/\/api.w.org\/{rel}","templated":true}]}}