{"id":8203,"date":"2018-09-27T11:03:08","date_gmt":"2018-09-27T11:03:08","guid":{"rendered":"\/ks-organizimi\/"},"modified":"2018-09-27T11:03:08","modified_gmt":"2018-09-27T11:03:08","slug":"ks-organizimi","status":"publish","type":"page","link":"https:\/\/unkorce.edu.al\/en\/ks-organizimi\/","title":{"rendered":"KS &#8211; ORGANIZIMI"},"content":{"rendered":"<p><strong><u>ORGANIZIMI<\/u><\/strong><\/p>\n<p><strong>Ismeralda Seidolli&nbsp;<\/strong><\/p>\n<p>President i&nbsp;K\u00ebshillit&nbsp;t\u00eb Student\u00ebve n\u00eb Universitetin &#8220;Fan S. Noli&#8221;&nbsp;<\/p>\n<p><em>e-mail:<\/em>&nbsp;seidolliismeralda@gmail.com<br \/>\n&nbsp;<\/p>\n<p><strong>Kodhel Zere<\/strong><\/p>\n<p>Zv. President i K\u00ebshillit&nbsp;t\u00eb Student\u00ebve n\u00eb Universitetin &#8220;Fan S. Noli&#8221;&nbsp;<\/p>\n<p><em>e-mail:<\/em>&nbsp;kodhel@hotmail.com<\/p>\n<p><strong>Agathin Ngjela<\/strong><\/p>\n<p>Sekretare e P\u00ebrgjithshme e K\u00ebshillit&nbsp;t\u00eb Student\u00ebve t\u00eb Universitetit &#8220;Fan S. Noli&#8221;&nbsp;<\/p>\n<p><em>e-mail:&nbsp;<\/em>agathulangjela@yahoo.com<\/p>\n<p><strong>Elion Shk\u00ebmbi<\/strong><\/p>\n<p>Kryetar i K\u00ebshillit t\u00eb Student\u00ebve n\u00eb&nbsp;Fakultetin&nbsp;e&nbsp;Bujq\u00ebsis\u00eb<\/p>\n<p><em>e-mail:&nbsp;<\/em><a href=\"mailto:eljoncardif@gmail.com\">eljoncardif@gmail.com<\/a><\/p>\n<p><strong>Sara \u00c7a\u00e7i<\/strong><\/p>\n<p>Kryetar&nbsp;i K\u00ebshillit t\u00eb Student\u00ebve n\u00eb&nbsp;Fakultetin&nbsp;e&nbsp;Edukimit dhe Filologjis\u00eb<\/p>\n<p><em>e-mail: sara02caci@gmail.com<\/em><\/p>\n<p><strong>Ilia Dona\u00e7i<\/strong><\/p>\n<p>Kryetar&nbsp;i&nbsp;K\u00ebshillit t\u00eb Student\u00ebve n\u00eb&nbsp;Fakultetin&nbsp;e&nbsp;Ekonomis\u00eb<\/p>\n<p><strong>Armando Hoxhalli<\/strong><\/p>\n<p>Kryetar i K\u00ebshillit t\u00eb Student\u00ebve n\u00eb&nbsp;Fakultetin&nbsp;e&nbsp;Shkencave Natyrore dhe Humane<\/p>\n<p><em>e-mail:<\/em>&nbsp;<a href=\"mailto:armando.hoxhalli.7@gmail.com\">armando.hoxhalli.7@gmail.com<\/a><\/p>","protected":false},"excerpt":{"rendered":"<p>ORGANIZIMI Ismeralda Seidolli&nbsp; President i&nbsp;K\u00ebshillit&nbsp;t\u00eb Student\u00ebve n\u00eb Universitetin &#8220;Fan S. Noli&#8221;&nbsp; e-mail:&nbsp;seidolliismeralda@gmail.com &nbsp; Kodhel Zere Zv. President i K\u00ebshillit&nbsp;t\u00eb Student\u00ebve n\u00eb Universitetin &#8220;Fan S. Noli&#8221;&nbsp; e-mail:&nbsp;kodhel@hotmail.com Agathin Ngjela Sekretare e P\u00ebrgjithshme e K\u00ebshillit&nbsp;t\u00eb Student\u00ebve t\u00eb Universitetit &#8220;Fan S. Noli&#8221;&nbsp; e-mail:&nbsp;agathulangjela@yahoo.com Elion Shk\u00ebmbi Kryetar i K\u00ebshillit t\u00eb Student\u00ebve n\u00eb&nbsp;Fakultetin&nbsp;e&nbsp;Bujq\u00ebsis\u00eb e-mail:&nbsp;eljoncardif@gmail.com Sara \u00c7a\u00e7i Kryetar&nbsp;i K\u00ebshillit t\u00eb Student\u00ebve&#8230;<\/p>","protected":false},"author":122,"featured_media":0,"parent":0,"menu_order":0,"comment_status":"closed","ping_status":"closed","template":"","meta":{"_acf_changed":false,"footnotes":""},"class_list":["post-8203","page","type-page","status-publish","hentry"],"acf":[],"yoast_head":"<!-- This site is optimized with the Yoast SEO plugin v26.9 - https:\/\/yoast.com\/product\/yoast-seo-wordpress\/ -->\n<title>KS - ORGANIZIMI - Universiteti &quot;Fan S. Noli&quot;, Kor\u00e7\u00eb<\/title>\n<meta name=\"robots\" content=\"index, follow, max-snippet:-1, max-image-preview:large, max-video-preview:-1\" \/>\n<link rel=\"canonical\" href=\"https:\/\/unkorce.edu.al\/en\/ks-organizimi\/\" \/>\n<meta property=\"og:locale\" content=\"en_US\" \/>\n<meta property=\"og:type\" content=\"article\" \/>\n<meta property=\"og:title\" content=\"KS - ORGANIZIMI - Universiteti &quot;Fan S. Noli&quot;, Kor\u00e7\u00eb\" \/>\n<meta property=\"og:description\" content=\"ORGANIZIMI Ismeralda Seidolli&nbsp; President i&nbsp;K\u00ebshillit&nbsp;t\u00eb Student\u00ebve n\u00eb Universitetin &#8220;Fan S. Noli&#8221;&nbsp; e-mail:&nbsp;seidolliismeralda@gmail.com &nbsp; Kodhel Zere Zv. President i K\u00ebshillit&nbsp;t\u00eb Student\u00ebve n\u00eb Universitetin &#8220;Fan S. Noli&#8221;&nbsp; e-mail:&nbsp;kodhel@hotmail.com Agathin Ngjela Sekretare e P\u00ebrgjithshme e K\u00ebshillit&nbsp;t\u00eb Student\u00ebve t\u00eb Universitetit &#8220;Fan S. Noli&#8221;&nbsp; e-mail:&nbsp;agathulangjela@yahoo.com Elion Shk\u00ebmbi Kryetar i K\u00ebshillit t\u00eb Student\u00ebve n\u00eb&nbsp;Fakultetin&nbsp;e&nbsp;Bujq\u00ebsis\u00eb e-mail:&nbsp;eljoncardif@gmail.com Sara \u00c7a\u00e7i Kryetar&nbsp;i K\u00ebshillit t\u00eb Student\u00ebve...\" \/>\n<meta property=\"og:url\" content=\"https:\/\/unkorce.edu.al\/en\/ks-organizimi\/\" \/>\n<meta property=\"og:site_name\" content=\"Universiteti &quot;Fan S. Noli&quot;, Kor\u00e7\u00eb\" \/>\n<meta property=\"article:publisher\" content=\"https:\/\/www.facebook.com\/unkorce\" \/>\n<meta name=\"twitter:card\" content=\"summary_large_image\" \/>\n<meta name=\"twitter:label1\" content=\"Est. reading time\" \/>\n\t<meta name=\"twitter:data1\" content=\"1 minute\" \/>\n<script type=\"application\/ld+json\" class=\"yoast-schema-graph\">{\"@context\":\"https:\/\/schema.org\",\"@graph\":[{\"@type\":\"WebPage\",\"@id\":\"https:\/\/unkorce.edu.al\/ks-organizimi\/\",\"url\":\"https:\/\/unkorce.edu.al\/ks-organizimi\/\",\"name\":\"KS - ORGANIZIMI - Universiteti \\\"Fan S. Noli\\\", Kor\u00e7\u00eb\",\"isPartOf\":{\"@id\":\"https:\/\/unkorce.edu.al\/#website\"},\"datePublished\":\"2018-09-27T11:03:08+00:00\",\"breadcrumb\":{\"@id\":\"https:\/\/unkorce.edu.al\/ks-organizimi\/#breadcrumb\"},\"inLanguage\":\"en-US\",\"potentialAction\":[{\"@type\":\"ReadAction\",\"target\":[\"https:\/\/unkorce.edu.al\/ks-organizimi\/\"]}]},{\"@type\":\"BreadcrumbList\",\"@id\":\"https:\/\/unkorce.edu.al\/ks-organizimi\/#breadcrumb\",\"itemListElement\":[{\"@type\":\"ListItem\",\"position\":1,\"name\":\"Home\",\"item\":\"https:\/\/unkorce.edu.al\/\"},{\"@type\":\"ListItem\",\"position\":2,\"name\":\"KS &#8211; ORGANIZIMI\"}]},{\"@type\":\"WebSite\",\"@id\":\"https:\/\/unkorce.edu.al\/#website\",\"url\":\"https:\/\/unkorce.edu.al\/\",\"name\":\"Universiteti \\\"Fan S. Noli\\\", Kor\u00e7\u00eb\",\"description\":\"Mir&euml;sevini n&euml; faqen zyrtare!\",\"publisher\":{\"@id\":\"https:\/\/unkorce.edu.al\/#organization\"},\"potentialAction\":[{\"@type\":\"SearchAction\",\"target\":{\"@type\":\"EntryPoint\",\"urlTemplate\":\"https:\/\/unkorce.edu.al\/?s={search_term_string}\"},\"query-input\":{\"@type\":\"PropertyValueSpecification\",\"valueRequired\":true,\"valueName\":\"search_term_string\"}}],\"inLanguage\":\"en-US\"},{\"@type\":\"Organization\",\"@id\":\"https:\/\/unkorce.edu.al\/#organization\",\"name\":\"Universiteti \\\"Fan S. Noli\\\", Kor\u00e7\u00eb\",\"url\":\"https:\/\/unkorce.edu.al\/\",\"logo\":{\"@type\":\"ImageObject\",\"inLanguage\":\"en-US\",\"@id\":\"https:\/\/unkorce.edu.al\/#\/schema\/logo\/image\/\",\"url\":\"https:\/\/unkorce.edu.al\/wp-content\/uploads\/2024\/08\/Logo_e_Universitetit__Fan_Noli_-e1726660879862.png\",\"contentUrl\":\"https:\/\/unkorce.edu.al\/wp-content\/uploads\/2024\/08\/Logo_e_Universitetit__Fan_Noli_-e1726660879862.png\",\"width\":200,\"height\":120,\"caption\":\"Universiteti \\\"Fan S. Noli\\\", Kor\u00e7\u00eb\"},\"image\":{\"@id\":\"https:\/\/unkorce.edu.al\/#\/schema\/logo\/image\/\"},\"sameAs\":[\"https:\/\/www.facebook.com\/unkorce\"]}]}<\/script>\n<!-- \/ Yoast SEO plugin. -->","yoast_head_json":{"title":"KS - ORGANIZIMI - Universiteti \"Fan S. Noli\", Kor\u00e7\u00eb","robots":{"index":"index","follow":"follow","max-snippet":"max-snippet:-1","max-image-preview":"max-image-preview:large","max-video-preview":"max-video-preview:-1"},"canonical":"https:\/\/unkorce.edu.al\/en\/ks-organizimi\/","og_locale":"en_US","og_type":"article","og_title":"KS - ORGANIZIMI - Universiteti \"Fan S. Noli\", Kor\u00e7\u00eb","og_description":"ORGANIZIMI Ismeralda Seidolli&nbsp; President i&nbsp;K\u00ebshillit&nbsp;t\u00eb Student\u00ebve n\u00eb Universitetin &#8220;Fan S. Noli&#8221;&nbsp; e-mail:&nbsp;seidolliismeralda@gmail.com &nbsp; Kodhel Zere Zv. President i K\u00ebshillit&nbsp;t\u00eb Student\u00ebve n\u00eb Universitetin &#8220;Fan S. Noli&#8221;&nbsp; e-mail:&nbsp;kodhel@hotmail.com Agathin Ngjela Sekretare e P\u00ebrgjithshme e K\u00ebshillit&nbsp;t\u00eb Student\u00ebve t\u00eb Universitetit &#8220;Fan S. Noli&#8221;&nbsp; e-mail:&nbsp;agathulangjela@yahoo.com Elion Shk\u00ebmbi Kryetar i K\u00ebshillit t\u00eb Student\u00ebve n\u00eb&nbsp;Fakultetin&nbsp;e&nbsp;Bujq\u00ebsis\u00eb e-mail:&nbsp;eljoncardif@gmail.com Sara \u00c7a\u00e7i Kryetar&nbsp;i K\u00ebshillit t\u00eb Student\u00ebve...","og_url":"https:\/\/unkorce.edu.al\/en\/ks-organizimi\/","og_site_name":"Universiteti \"Fan S. Noli\", Kor\u00e7\u00eb","article_publisher":"https:\/\/www.facebook.com\/unkorce","twitter_card":"summary_large_image","twitter_misc":{"Est. reading time":"1 minute"},"schema":{"@context":"https:\/\/schema.org","@graph":[{"@type":"WebPage","@id":"https:\/\/unkorce.edu.al\/ks-organizimi\/","url":"https:\/\/unkorce.edu.al\/ks-organizimi\/","name":"KS - ORGANIZIMI - Universiteti \"Fan S. Noli\", Kor\u00e7\u00eb","isPartOf":{"@id":"https:\/\/unkorce.edu.al\/#website"},"datePublished":"2018-09-27T11:03:08+00:00","breadcrumb":{"@id":"https:\/\/unkorce.edu.al\/ks-organizimi\/#breadcrumb"},"inLanguage":"en-US","potentialAction":[{"@type":"ReadAction","target":["https:\/\/unkorce.edu.al\/ks-organizimi\/"]}]},{"@type":"BreadcrumbList","@id":"https:\/\/unkorce.edu.al\/ks-organizimi\/#breadcrumb","itemListElement":[{"@type":"ListItem","position":1,"name":"Home","item":"https:\/\/unkorce.edu.al\/"},{"@type":"ListItem","position":2,"name":"KS &#8211; ORGANIZIMI"}]},{"@type":"WebSite","@id":"https:\/\/unkorce.edu.al\/#website","url":"https:\/\/unkorce.edu.al\/","name":"Universiteti \"Fan S. Noli\", Kor\u00e7\u00eb","description":"Mir&euml;sevini n&euml; faqen zyrtare!","publisher":{"@id":"https:\/\/unkorce.edu.al\/#organization"},"potentialAction":[{"@type":"SearchAction","target":{"@type":"EntryPoint","urlTemplate":"https:\/\/unkorce.edu.al\/?s={search_term_string}"},"query-input":{"@type":"PropertyValueSpecification","valueRequired":true,"valueName":"search_term_string"}}],"inLanguage":"en-US"},{"@type":"Organization","@id":"https:\/\/unkorce.edu.al\/#organization","name":"Universiteti \"Fan S. Noli\", Kor\u00e7\u00eb","url":"https:\/\/unkorce.edu.al\/","logo":{"@type":"ImageObject","inLanguage":"en-US","@id":"https:\/\/unkorce.edu.al\/#\/schema\/logo\/image\/","url":"https:\/\/unkorce.edu.al\/wp-content\/uploads\/2024\/08\/Logo_e_Universitetit__Fan_Noli_-e1726660879862.png","contentUrl":"https:\/\/unkorce.edu.al\/wp-content\/uploads\/2024\/08\/Logo_e_Universitetit__Fan_Noli_-e1726660879862.png","width":200,"height":120,"caption":"Universiteti \"Fan S. Noli\", Kor\u00e7\u00eb"},"image":{"@id":"https:\/\/unkorce.edu.al\/#\/schema\/logo\/image\/"},"sameAs":["https:\/\/www.facebook.com\/unkorce"]}]}},"_links":{"self":[{"href":"https:\/\/unkorce.edu.al\/en\/wp-json\/wp\/v2\/pages\/8203","targetHints":{"allow":["GET"]}}],"collection":[{"href":"https:\/\/unkorce.edu.al\/en\/wp-json\/wp\/v2\/pages"}],"about":[{"href":"https:\/\/unkorce.edu.al\/en\/wp-json\/wp\/v2\/types\/page"}],"author":[{"embeddable":true,"href":"https:\/\/unkorce.edu.al\/en\/wp-json\/wp\/v2\/users\/122"}],"replies":[{"embeddable":true,"href":"https:\/\/unkorce.edu.al\/en\/wp-json\/wp\/v2\/comments?post=8203"}],"version-history":[{"count":0,"href":"https:\/\/unkorce.edu.al\/en\/wp-json\/wp\/v2\/pages\/8203\/revisions"}],"wp:attachment":[{"href":"https:\/\/unkorce.edu.al\/en\/wp-json\/wp\/v2\/media?parent=8203"}],"curies":[{"name":"wp","href":"https:\/\/api.w.org\/{rel}","templated":true}]}}