{"id":8197,"date":"2018-06-18T09:13:26","date_gmt":"2018-06-18T09:13:26","guid":{"rendered":"\/punesime\/"},"modified":"2018-06-18T09:13:26","modified_gmt":"2018-06-18T09:13:26","slug":"punesime","status":"publish","type":"page","link":"https:\/\/unkorce.edu.al\/en\/punesime\/","title":{"rendered":"PUN\u00cbSIME"},"content":{"rendered":"<p class=\"rtecenter\"><a href=\"https:\/\/docs.google.com\/forms\/d\/e\/1FAIpQLSfyspTAkKbGR73sCHHmKWOQGuOgYAp3dkN8kRGLrO-XuTkwwg\/viewform\" target=\"_blank\" rel=\"noopener\"><img decoding=\"async\" alt=\"\" src=\"\/sites\/default\/files\/ofroj_pune.png\" style=\"height:80px; width:200px\" \/><\/a>&nbsp;&nbsp;&nbsp;&nbsp;<a href=\"https:\/\/docs.google.com\/forms\/d\/e\/1FAIpQLScaIM5hG2vtziApEAcHTh9PRLIptrBc7Km8evWr2_9xAmk00Q\/viewform\" target=\"_blank\" rel=\"noopener\"><img decoding=\"async\" alt=\"\" src=\"\/sites\/default\/files\/kerkoj_pune.png\" style=\"height:80px; width:200px\" \/><\/a><\/p>\n<h2><u><span style=\"color:#008080\">VENDE T\u00cb LIRA PUNE<\/span><\/u><\/h2>\n<p>&nbsp;<\/p>\n<p><strong>NJOFTIM P\u00cbR N\u00cbNT\u00cb VENDE T\u00cb LIRA PUNE, BASHKIA KOLONJ\u00cb<\/strong><\/p>\n<p>Bashkia Kolonj\u00eb shpall procedurat e l\u00ebvizjes paralele dhe pranimit n\u00eb sh\u00ebrbimin civil p\u00ebr pozicionet:<\/p>\n<ul>\n<li>Nj\u00eb (1) specialist Financ\u00eb-Kontabilitet, kategoria e pag\u00ebs IV-a.<\/li>\n<li>Nj\u00eb (1) specialist Jurist, kategoria e pag\u00ebs IV-a.<\/li>\n<li>Nj\u00eb (1) specialist Turizmi, kategoria e pag\u00ebs IV-a.<\/li>\n<li>Nj\u00eb (1) specialist p\u00ebr Sh\u00ebrbimin dhe Menaxhim Pyjor, kategoria e pag\u00ebs IV-a.<\/li>\n<li>Nj\u00eb (1) specialist Topograf, kategoria e pag\u00ebs IV-a.<\/li>\n<li>Tre (3) specialist\u00eb n\u00eb Drejtorin\u00eb e Urbanistik\u00ebs, kategoria e pag\u00ebs IV-a.<\/li>\n<li>Nj\u00eb (1) specialist Veteriner, kategoria e pag\u00ebs IV-a.<\/li>\n<\/ul>\n<p>Afati p\u00ebr dor\u00ebzimin e dokumentave p\u00ebr pranim n\u00eb sh\u00ebrbimin civil: 25\/9\/2020<\/p>\n<p>Dokumentet duhet t\u00eb dor\u00ebzohen me post\u00eb apo drejtp\u00ebrs\u00ebdrejti n\u00eb institucion, brenda dat\u00ebs 25.09.2020, n\u00eb Bashkin\u00eb Kolonj\u00eb.<\/p>\n<p>P\u00ebr m\u00eb shum\u00eb informacion mbi kriteret, procedurat e aplikimit, dokumentat dhe procesin e konkurrimit p\u00ebr secilin pozicion pune klikoni linkun:<\/p>\n<p><a href=\"http:\/\/www.shkp.gov.al\/2020\/09\/08\/bashkia-kolonje-vende-te-lira-pune-2\/\">http:\/\/www.shkp.gov.al\/2020\/09\/08\/bashkia-kolonje-vende-te-lira-pune-2\/<\/a><\/p>\n<hr \/>\n<p>&nbsp;<\/p>\n<p><strong>NJOFTIM P\u00cbR VEND T\u00cb LIR\u00cb PUNE, BASHKIA POGRADEC <\/strong><\/p>\n<p>Nj\u00ebsia e Menaxhimit t\u00eb Burimeve Njer\u00ebzore pran\u00eb Bashkis\u00eb Pogradec shpall pro\u00e7edurat e l\u00ebvizjes paralele dhe t\u00eb pranimit n\u00eb sh\u00ebrbimin civil p\u00ebr kategorin\u00eb ekzekutive, p\u00ebr pozicionin:<\/p>\n<p><strong>\u00b7<\/strong><strong>Specialist p\u00ebr kultur\u00ebn, pran\u00eb Sektorit t\u00eb Kultur\u00ebs dhe Rinis\u00eb, Drejtoria&nbsp;e Turizmit, Kultur\u00ebs dhe Rinis\u00eb, kategoria e pag\u00ebs IV-b.<\/strong><\/p>\n<p>Afati p\u00ebr dor\u00ebzimin e dokumentave p\u00ebr pranim n\u00eb sh\u00ebrbimin civil: 25\/9\/2020<\/p>\n<p>Aplikimi dhe dor\u00ebzimi i t\u00eb gjitha dokumenteve, do t\u00eb b\u00ebhet dorazi pran\u00eb sportelit t\u00eb informacionit n\u00eb Bashkin\u00eb Pogradec ose t\u00eb d\u00ebrguara me rrug\u00eb postare.<\/p>\n<p>P\u00ebr m\u00eb shum\u00eb informacion mbi kriteret, procedurat e aplikimit, dokumentat dhe procesin e konkurrimit klikoni linkun:<\/p>\n<p><a href=\"http:\/\/www.shkp.gov.al\/2020\/09\/11\/bashkia-pogradec-vende-te-lira-pune-9\/\">http:\/\/www.shkp.gov.al\/2020\/09\/11\/bashkia-pogradec-vende-te-lira-pune-9\/<\/a><\/p>\n<hr \/>\n<p>&nbsp;<\/p>\n<p><strong>NJOFTIM P\u00cbR P\u00cbR VEND T\u00cb LIR\u00cb PUNE,&nbsp;<\/strong><strong>DREJTORIA E P\u00cbRGJITHSHME T\u00cb METROLOGJIS\u00cb<\/strong><\/p>\n<p>Departamenti i Administrat\u00ebs Publike shpall procedurat e l\u00ebvizjes paralele dhe t\u00eb pranimit n\u00eb sh\u00ebrbimin civil p\u00ebr kategorin\u00eb ekzekutive, p\u00ebr pozicionin:<\/p>\n<ul>\n<li><strong>Specialist( Metrolog i Autorizuar) n\u00eb Sektorin e Sh\u00ebrbimeve Nr.4, n\u00eb Drejtorin\u00eb e Metrologjis\u00eb Ligjore, n\u00eb Drejtorin\u00eb e P\u00ebrgjithshme t\u00eb Metrologjis\u00eb &#8211; kategoria IV-a (Kor\u00e7\u00eb)<\/strong><\/li>\n<\/ul>\n<p>Lloji i diplom\u00ebs &#8220;Shkenca Inxhinierike\/ Shkenca Natyrore&#8221;.<\/p>\n<p>Niveli minimal i diplom\u00ebs &#8220;Bachelor&#8221;<\/p>\n<p>Afati p\u00ebr dor\u00ebzimin e dokumentave p\u00ebr pranim n\u00eb sh\u00ebrbimin civil: 18\/9\/2020<\/p>\n<p>Aplikimi dhe dor\u00ebzimi i t\u00eb gjitha dokumenteve do t\u00eb b\u00ebhen online, n\u00eb faqen zyrtare elektronike t\u00eb Departamentit t\u00eb Administrat\u00ebs Publike, duke filluar me procedur\u00ebn e regjistrimit t\u00eb aplikantit.<\/p>\n<p>P\u00ebr m\u00eb shum\u00eb informacion mbi kriteret, procedurat e aplikimit, dokumentat dhe procesin e konkurrimit klikoni linkun:<\/p>\n<p><a href=\"http:\/\/www.hrm.gov.al\/ShowPublications.aspx?ID=2522\">http:\/\/www.hrm.gov.al\/ShowPublications.aspx?ID=2522<\/a><\/p>\n<hr \/>\n<p>&nbsp;<\/p>\n<p><strong>NJOFTIM P\u00cbR VEND T\u00cb LIR\u00cb PUNE, PREFEKTURA KOR\u00c7\u00cb <\/strong><\/p>\n<p>Departamenti i Administrat\u00ebs Publike shpall procedurat e l\u00ebvizjes paralele dhe t\u00eb pranimit n\u00eb sh\u00ebrbimin civil p\u00ebr kategorin\u00eb ekzekutive:<\/p>\n<ul>\n<li>Specialist n\u00eb Sektorin e Financ\u00ebs dhe Sh\u00ebrbimeve Mb\u00ebshtet\u00ebse, n\u00eb Administrat\u00ebn e Prefektit t\u00eb Qarkut Kor\u00e7\u00eb- kategoria IV-b<\/li>\n<\/ul>\n<p>Afati p\u00ebr dor\u00ebzimin e dokumentave p\u00ebr pranim n\u00eb sh\u00ebrbimin civil: 11\/9\/2020<\/p>\n<p>Aplikimi dhe dor\u00ebzimi i t\u00eb gjitha dokumenteve t\u00eb cituara, do t\u00eb b\u00ebhen online, n\u00eb faqen zyrtare elektronike t\u00eb Departamentit t\u00eb Administrat\u00ebs Publike, duke filluar me procedur\u00ebn e regjistrimit t\u00eb aplikantit.<\/p>\n<p>P\u00ebr m\u00eb shum\u00eb informacion mbi kriteret, procedurat e aplikimit, dokumentat dhe procesin e konkurrimit klikoni linkun:<\/p>\n<p><a href=\"http:\/\/www.hrm.gov.al\/ShowPublications.aspx?ID=2506\">http:\/\/www.hrm.gov.al\/ShowPublications.aspx?ID=2506<\/a><\/p>\n<hr \/>\n<p>&nbsp;<\/p>\n<p><strong>NJOFTIM P\u00cbR VEND T\u00cb LIR\u00cb PUNE, AGJENSIA RAJONALE E MJEDISIT<\/strong><\/p>\n<p>Departamenti i Administrat\u00ebs Publike shpall procedurat e l\u00ebvizjes paralele dhe t\u00eb pranimit n\u00eb sh\u00ebrbimin civil p\u00ebr kategorin\u00eb ekzekutive, p\u00ebr grupin e pozicioneve:<\/p>\n<ul>\n<li>Specialist (Arkiv-protokolli) n\u00eb Sektorin e Financ\u00ebs dhe Sh\u00ebrbimeve Mb\u00ebshtet\u00ebse, n\u00eb Agjencin\u00eb Rajonale t\u00eb Mjedisit, Korc\u00eb &#8211; kategoria IV-b<\/li>\n<\/ul>\n<p>Afati p\u00ebr dor\u00ebzimin e dokumentave p\u00ebr pranim n\u00eb sh\u00ebrbimin civil: 11\/9\/2020<\/p>\n<p>Aplikimi dhe dor\u00ebzimi i t\u00eb gjitha dokumenteve t\u00eb cituara, do t\u00eb b\u00ebhen online, n\u00eb faqen zyrtare elektronike t\u00eb Departamentit t\u00eb Administrat\u00ebs Publike, duke filluar me procedur\u00ebn e regjistrimit t\u00eb aplikantit.<\/p>\n<p>P\u00ebr m\u00eb shum\u00eb informacion mbi kriteret, procedurat e aplikimit, dokumentat dhe procesin e konkurrimit klikoni linkun:<\/p>\n<p><a href=\"http:\/\/www.hrm.gov.al\/ShowPublications.aspx?ID=2506\">http:\/\/www.hrm.gov.al\/ShowPublications.aspx?ID=2506<\/a><\/p>\n<hr \/>\n<p><strong>NJOFTIM P\u00cbR VENDE T\u00cb LIRA PUNE, BASHKIA PUSTEC<\/strong><\/p>\n<p>Bashkia PUSTEC shpall procedurat e l\u00ebvizjes paralele dhe t\u00eb pranimit n\u00eb sh\u00ebrbimin civil p\u00ebr kategorit\u00eb ekzekutive, p\u00ebr pozicionet:<\/p>\n<ul>\n<li><strong>Specialist mjedisi, <\/strong>Sektori i Pyjeve dhe i Mjedisit, <strong>kategoria: IV-A<\/strong><\/li>\n<li><strong>Specialist arkitekt, kategoria: IV-A<\/strong><\/li>\n<\/ul>\n<p>Afati i fundit p\u00ebr dor\u00ebzimin e dokumentave p\u00ebr pranim n\u00eb sh\u00ebrbimin civil: 10 gusht 2020<\/p>\n<p>Aplikimi dhe dor\u00ebzimi i dokumentave do t\u00eb kryhet me post\u00eb ose pran\u00eb Zyr\u00ebs s\u00eb Nj\u00ebsis\u00eb s\u00eb Menaxhimit t\u00eb Burimeve Njer\u00ebzore, t\u00eb Bashkis\u00eb Pustec.<\/p>\n<p>P\u00ebr m\u00eb shum\u00eb informacion mbi kriteret, procedurat e aplikimit, dokumentat dhe procesin e konkurrimit klikoni linkun:<\/p>\n<p><a href=\"http:\/\/shkp.gov.al\/2020\/07\/23\/bashkia-pustec-vende-te-lira-pune-16\/\">http:\/\/shkp.gov.al\/2020\/07\/23\/bashkia-pustec-vende-te-lira-pune-16\/<\/a><\/p>\n<hr \/>\n<p><strong>NJOFTIM P\u00cbR VEND T\u00cb LIR\u00cb PUNE, SHKOLLA \u201cFAN S. NOLI\u201d<\/strong><\/p>\n<p>Shkolla \u201cFan S. Noli\u201d shpall publikimin p\u00ebr vendin e lir\u00eb t\u00eb pun\u00ebs si:<\/p>\n<p>M\u00ebsues i teknologjis\u00eb.<\/p>\n<p>Afati i fundit p\u00ebr dor\u00ebzimin e dokumentave: 21 korrik 2020<\/p>\n<p>P\u00ebr m\u00eb shum\u00eb informacion mbi kriteret, afatet dhe dokumentat klikoni linkun:<\/p>\n<p><a href=\"https:\/\/l.facebook.com\/l.php?u=http%3A%2F%2Fpuna.gov.al%2FtempDocs%2F59769-1187.pdf%3Ffbclid%3DIwAR2cjxyH2G0Pzp31xP_3yx87HAsisyxKA9e9DriZ-DxAk410a1qPjRRVtIM&amp;h=AT1Wsci_gbw4YZNweovn0kjeaG8-Dw3efWznKnX37YqMtx0nbZnkj6jygl6RZZTVFJIL6PypcdUoLRAqRD4NkejBMG5CnfTPswtHdpVVqgywf7f-M0Xd_2-F-bEqeL3eSWHF&amp;__tn__=-UK-R&amp;c%5b0%5d=AT1PSLEZN9l3TKywz629IPrZwzMBSsQhR_1RARN0mFGffHNiKPJojaMN0kr8y88-50rLo40bafXaUIb61wGWFQ2-HS3E2NetNcXONqWNTcbOIwEW6y2geJ4IvxozjfnLOMDDEJS2YZWGr1xLAk_OzgB1bhGe4S-LUvMfK34sPxZde0gkNK7OcY9wrvbH\" target=\"_blank\" rel=\"noopener\">http:\/\/puna.gov.al\/tempDocs\/59769-1187.pdf<\/a><\/p>\n<hr \/>\n<p><strong>NJOFTIM P\u00cbR VEND T\u00cb LIR\u00cb PUNE, BASHKIA PUSTEC<\/strong><\/p>\n<p>Bashkia PUSTEC shpall procedurat e l\u00ebvizjes paralele dhe t\u00eb pranimit n\u00eb sh\u00ebrbimin civil p\u00ebr kategorin\u00eb ekzekutive, p\u00ebr pozicionin:<\/p>\n<p>&#8211; Specialist mjedisi, Sektori i Pyjeve dhe i Mjedisit, kategoria: IV-A<\/p>\n<p>Lloji i diplom\u00ebs \u201cInxhinieri Mjedisi\u201d.<\/p>\n<p>Niveli minimal i diplom\u00ebs \u201cDiplom\u00eb e Nivelit t\u00eb Par\u00eb\u201d.<\/p>\n<p>Afati i fundit p\u00ebr dor\u00ebzimin e dokumentave p\u00ebr pranim n\u00eb sh\u00ebrbimin civil: 23 gusht 2020<\/p>\n<p>Aplikimi dhe dor\u00ebzimi i dokumentave do t\u00eb kryhet pran\u00eb Zyr\u00ebs s\u00eb Nj\u00ebsis\u00eb s\u00eb Menaxhimit t\u00eb Burimeve Njer\u00ebzore, t\u00eb Bashkis\u00eb Pustec.<\/p>\n<p>P\u00ebr m\u00eb shum\u00eb informacion mbi kriteret, procedurat e aplikimit, dokumentat dhe procesin e konkurrimit klikoni linkun<\/p>\n<p><a href=\"https:\/\/l.facebook.com\/l.php?u=http%3A%2F%2Fshkp.gov.al%2F2020%2F07%2F10%2Fvend-i-lire-specialist-mjedisi%2F%3Ffbclid%3DIwAR1mdSMldOmttNTpXzb0wzdBt_xO_NNYFccGvp8XD4MTbmq75MlPXxVl2UE&amp;h=AT0XNg-GQqPep9WoOaS0nEaae2nD7QGciukCeMfvjCr_fSXk2yCFvp0jkGm5mrviSgUJbEbJO_i7Xabm1V1MATW9hXUsIkiE-dDlq9XadsFLZtbvWxbXOD4ODWQ2i3Ue8_hs&amp;__tn__=-UK-R&amp;c%5b0%5d=AT2p0RKICpc2LJ1F_4qWAJzpgTN-b4sYD5yYi654JR3GeS9Jl2EpQn3Bu0Z8GhsjxHppUnLWMQPswuvBu2s8fT4yfD3Bkrn7J7EKJQ--dnSxv807r0rM1DN0BGn5ev_kqd0GHPfTRS7WU5vQREwjTVEXYFUvsqWw86b6ZZDTkuVMp8XI_Kt7e0ZvqrTI\" target=\"_blank\" rel=\"noopener\">http:\/\/shkp.gov.al\/2020\/07\/10\/vend-i-lire-specialist-mjedisi\/<\/a><\/p>\n<hr \/>\n<p><strong>NJOFTIM P\u00cbR VEND T\u00cb LIR\u00cb PUNE, ADMINISTRATOR SISTEMESH N\u00cb RASH<\/strong><\/p>\n<p>Rrjeti Akademik Shqiptar shpall procedurat p\u00ebr vendin e lir\u00eb t\u00eb pun\u00ebs, p\u00ebr pozicionin:<\/p>\n<h4>&#8211; Administrator Sistemesh (senior)<\/h4>\n<p>Afati i fundit p\u00ebr aplikim: 31 gusht 2020<\/p>\n<p>T\u00eb interesuarit t\u00eb d\u00ebrgojn\u00eb CV &#8211; t\u00eb, n\u00eb:&nbsp;<a href=\"mailto:recruiting@rash.al\">recruiting@rash.al<\/a>&nbsp;<\/p>\n<p>P\u00ebr m\u00eb shum\u00eb informacion mbi kriteret, dokumentat dhe procesin e konkurrimit klikoni linkun<\/p>\n<p><a href=\"https:\/\/www.rash.al\/sq\/njoftime\/vende-pune\/administrator-sistemesh\/\">https:\/\/www.rash.al\/sq\/njoftime\/vende-pune\/administrator-sistemesh\/<\/a><\/p>","protected":false},"excerpt":{"rendered":"<p>&nbsp;&nbsp;&nbsp;&nbsp; VENDE T\u00cb LIRA PUNE &nbsp; NJOFTIM P\u00cbR N\u00cbNT\u00cb VENDE T\u00cb LIRA PUNE, BASHKIA KOLONJ\u00cb Bashkia Kolonj\u00eb shpall procedurat e l\u00ebvizjes paralele dhe pranimit n\u00eb sh\u00ebrbimin civil p\u00ebr pozicionet: Nj\u00eb (1) specialist Financ\u00eb-Kontabilitet, kategoria e pag\u00ebs IV-a. Nj\u00eb (1) specialist Jurist, kategoria e pag\u00ebs IV-a. Nj\u00eb (1) specialist Turizmi, kategoria e pag\u00ebs IV-a. Nj\u00eb (1)&#8230;<\/p>","protected":false},"author":122,"featured_media":0,"parent":0,"menu_order":0,"comment_status":"closed","ping_status":"closed","template":"","meta":{"_acf_changed":false,"footnotes":""},"class_list":["post-8197","page","type-page","status-publish","hentry"],"acf":[],"yoast_head":"<!-- This site is optimized with the Yoast SEO plugin v26.9 - https:\/\/yoast.com\/product\/yoast-seo-wordpress\/ -->\n<title>PUN\u00cbSIME - Universiteti &quot;Fan S. Noli&quot;, Kor\u00e7\u00eb<\/title>\n<meta name=\"robots\" content=\"index, follow, max-snippet:-1, max-image-preview:large, max-video-preview:-1\" \/>\n<link rel=\"canonical\" href=\"https:\/\/unkorce.edu.al\/en\/punesime\/\" \/>\n<meta property=\"og:locale\" content=\"en_US\" \/>\n<meta property=\"og:type\" content=\"article\" \/>\n<meta property=\"og:title\" content=\"PUN\u00cbSIME - Universiteti &quot;Fan S. Noli&quot;, Kor\u00e7\u00eb\" \/>\n<meta property=\"og:description\" content=\"&nbsp;&nbsp;&nbsp;&nbsp; VENDE T\u00cb LIRA PUNE &nbsp; NJOFTIM P\u00cbR N\u00cbNT\u00cb VENDE T\u00cb LIRA PUNE, BASHKIA KOLONJ\u00cb Bashkia Kolonj\u00eb shpall procedurat e l\u00ebvizjes paralele dhe pranimit n\u00eb sh\u00ebrbimin civil p\u00ebr pozicionet: Nj\u00eb (1) specialist Financ\u00eb-Kontabilitet, kategoria e pag\u00ebs IV-a. Nj\u00eb (1) specialist Jurist, kategoria e pag\u00ebs IV-a. Nj\u00eb (1) specialist Turizmi, kategoria e pag\u00ebs IV-a. Nj\u00eb (1)...\" \/>\n<meta property=\"og:url\" content=\"https:\/\/unkorce.edu.al\/en\/punesime\/\" \/>\n<meta property=\"og:site_name\" content=\"Universiteti &quot;Fan S. Noli&quot;, Kor\u00e7\u00eb\" \/>\n<meta property=\"article:publisher\" content=\"https:\/\/www.facebook.com\/unkorce\" \/>\n<meta name=\"twitter:card\" content=\"summary_large_image\" \/>\n<meta name=\"twitter:label1\" content=\"Est. reading time\" \/>\n\t<meta name=\"twitter:data1\" content=\"5 minutes\" \/>\n<script type=\"application\/ld+json\" class=\"yoast-schema-graph\">{\"@context\":\"https:\/\/schema.org\",\"@graph\":[{\"@type\":\"WebPage\",\"@id\":\"https:\/\/unkorce.edu.al\/punesime\/\",\"url\":\"https:\/\/unkorce.edu.al\/punesime\/\",\"name\":\"PUN\u00cbSIME - Universiteti \\\"Fan S. Noli\\\", Kor\u00e7\u00eb\",\"isPartOf\":{\"@id\":\"https:\/\/unkorce.edu.al\/#website\"},\"datePublished\":\"2018-06-18T09:13:26+00:00\",\"breadcrumb\":{\"@id\":\"https:\/\/unkorce.edu.al\/punesime\/#breadcrumb\"},\"inLanguage\":\"en-US\",\"potentialAction\":[{\"@type\":\"ReadAction\",\"target\":[\"https:\/\/unkorce.edu.al\/punesime\/\"]}]},{\"@type\":\"BreadcrumbList\",\"@id\":\"https:\/\/unkorce.edu.al\/punesime\/#breadcrumb\",\"itemListElement\":[{\"@type\":\"ListItem\",\"position\":1,\"name\":\"Home\",\"item\":\"https:\/\/unkorce.edu.al\/\"},{\"@type\":\"ListItem\",\"position\":2,\"name\":\"PUN\u00cbSIME\"}]},{\"@type\":\"WebSite\",\"@id\":\"https:\/\/unkorce.edu.al\/#website\",\"url\":\"https:\/\/unkorce.edu.al\/\",\"name\":\"Universiteti \\\"Fan S. Noli\\\", Kor\u00e7\u00eb\",\"description\":\"Mir&euml;sevini n&euml; faqen zyrtare!\",\"publisher\":{\"@id\":\"https:\/\/unkorce.edu.al\/#organization\"},\"potentialAction\":[{\"@type\":\"SearchAction\",\"target\":{\"@type\":\"EntryPoint\",\"urlTemplate\":\"https:\/\/unkorce.edu.al\/?s={search_term_string}\"},\"query-input\":{\"@type\":\"PropertyValueSpecification\",\"valueRequired\":true,\"valueName\":\"search_term_string\"}}],\"inLanguage\":\"en-US\"},{\"@type\":\"Organization\",\"@id\":\"https:\/\/unkorce.edu.al\/#organization\",\"name\":\"Universiteti \\\"Fan S. Noli\\\", Kor\u00e7\u00eb\",\"url\":\"https:\/\/unkorce.edu.al\/\",\"logo\":{\"@type\":\"ImageObject\",\"inLanguage\":\"en-US\",\"@id\":\"https:\/\/unkorce.edu.al\/#\/schema\/logo\/image\/\",\"url\":\"https:\/\/unkorce.edu.al\/wp-content\/uploads\/2024\/08\/Logo_e_Universitetit__Fan_Noli_-e1726660879862.png\",\"contentUrl\":\"https:\/\/unkorce.edu.al\/wp-content\/uploads\/2024\/08\/Logo_e_Universitetit__Fan_Noli_-e1726660879862.png\",\"width\":200,\"height\":120,\"caption\":\"Universiteti \\\"Fan S. Noli\\\", Kor\u00e7\u00eb\"},\"image\":{\"@id\":\"https:\/\/unkorce.edu.al\/#\/schema\/logo\/image\/\"},\"sameAs\":[\"https:\/\/www.facebook.com\/unkorce\"]}]}<\/script>\n<!-- \/ Yoast SEO plugin. -->","yoast_head_json":{"title":"PUN\u00cbSIME - Universiteti \"Fan S. Noli\", Kor\u00e7\u00eb","robots":{"index":"index","follow":"follow","max-snippet":"max-snippet:-1","max-image-preview":"max-image-preview:large","max-video-preview":"max-video-preview:-1"},"canonical":"https:\/\/unkorce.edu.al\/en\/punesime\/","og_locale":"en_US","og_type":"article","og_title":"PUN\u00cbSIME - Universiteti \"Fan S. Noli\", Kor\u00e7\u00eb","og_description":"&nbsp;&nbsp;&nbsp;&nbsp; VENDE T\u00cb LIRA PUNE &nbsp; NJOFTIM P\u00cbR N\u00cbNT\u00cb VENDE T\u00cb LIRA PUNE, BASHKIA KOLONJ\u00cb Bashkia Kolonj\u00eb shpall procedurat e l\u00ebvizjes paralele dhe pranimit n\u00eb sh\u00ebrbimin civil p\u00ebr pozicionet: Nj\u00eb (1) specialist Financ\u00eb-Kontabilitet, kategoria e pag\u00ebs IV-a. Nj\u00eb (1) specialist Jurist, kategoria e pag\u00ebs IV-a. Nj\u00eb (1) specialist Turizmi, kategoria e pag\u00ebs IV-a. Nj\u00eb (1)...","og_url":"https:\/\/unkorce.edu.al\/en\/punesime\/","og_site_name":"Universiteti \"Fan S. Noli\", Kor\u00e7\u00eb","article_publisher":"https:\/\/www.facebook.com\/unkorce","twitter_card":"summary_large_image","twitter_misc":{"Est. reading time":"5 minutes"},"schema":{"@context":"https:\/\/schema.org","@graph":[{"@type":"WebPage","@id":"https:\/\/unkorce.edu.al\/punesime\/","url":"https:\/\/unkorce.edu.al\/punesime\/","name":"PUN\u00cbSIME - Universiteti \"Fan S. Noli\", Kor\u00e7\u00eb","isPartOf":{"@id":"https:\/\/unkorce.edu.al\/#website"},"datePublished":"2018-06-18T09:13:26+00:00","breadcrumb":{"@id":"https:\/\/unkorce.edu.al\/punesime\/#breadcrumb"},"inLanguage":"en-US","potentialAction":[{"@type":"ReadAction","target":["https:\/\/unkorce.edu.al\/punesime\/"]}]},{"@type":"BreadcrumbList","@id":"https:\/\/unkorce.edu.al\/punesime\/#breadcrumb","itemListElement":[{"@type":"ListItem","position":1,"name":"Home","item":"https:\/\/unkorce.edu.al\/"},{"@type":"ListItem","position":2,"name":"PUN\u00cbSIME"}]},{"@type":"WebSite","@id":"https:\/\/unkorce.edu.al\/#website","url":"https:\/\/unkorce.edu.al\/","name":"Universiteti \"Fan S. Noli\", Kor\u00e7\u00eb","description":"Mir&euml;sevini n&euml; faqen zyrtare!","publisher":{"@id":"https:\/\/unkorce.edu.al\/#organization"},"potentialAction":[{"@type":"SearchAction","target":{"@type":"EntryPoint","urlTemplate":"https:\/\/unkorce.edu.al\/?s={search_term_string}"},"query-input":{"@type":"PropertyValueSpecification","valueRequired":true,"valueName":"search_term_string"}}],"inLanguage":"en-US"},{"@type":"Organization","@id":"https:\/\/unkorce.edu.al\/#organization","name":"Universiteti \"Fan S. Noli\", Kor\u00e7\u00eb","url":"https:\/\/unkorce.edu.al\/","logo":{"@type":"ImageObject","inLanguage":"en-US","@id":"https:\/\/unkorce.edu.al\/#\/schema\/logo\/image\/","url":"https:\/\/unkorce.edu.al\/wp-content\/uploads\/2024\/08\/Logo_e_Universitetit__Fan_Noli_-e1726660879862.png","contentUrl":"https:\/\/unkorce.edu.al\/wp-content\/uploads\/2024\/08\/Logo_e_Universitetit__Fan_Noli_-e1726660879862.png","width":200,"height":120,"caption":"Universiteti \"Fan S. Noli\", Kor\u00e7\u00eb"},"image":{"@id":"https:\/\/unkorce.edu.al\/#\/schema\/logo\/image\/"},"sameAs":["https:\/\/www.facebook.com\/unkorce"]}]}},"_links":{"self":[{"href":"https:\/\/unkorce.edu.al\/en\/wp-json\/wp\/v2\/pages\/8197","targetHints":{"allow":["GET"]}}],"collection":[{"href":"https:\/\/unkorce.edu.al\/en\/wp-json\/wp\/v2\/pages"}],"about":[{"href":"https:\/\/unkorce.edu.al\/en\/wp-json\/wp\/v2\/types\/page"}],"author":[{"embeddable":true,"href":"https:\/\/unkorce.edu.al\/en\/wp-json\/wp\/v2\/users\/122"}],"replies":[{"embeddable":true,"href":"https:\/\/unkorce.edu.al\/en\/wp-json\/wp\/v2\/comments?post=8197"}],"version-history":[{"count":0,"href":"https:\/\/unkorce.edu.al\/en\/wp-json\/wp\/v2\/pages\/8197\/revisions"}],"wp:attachment":[{"href":"https:\/\/unkorce.edu.al\/en\/wp-json\/wp\/v2\/media?parent=8197"}],"curies":[{"name":"wp","href":"https:\/\/api.w.org\/{rel}","templated":true}]}}