{"id":8193,"date":"2018-04-24T11:13:31","date_gmt":"2018-04-24T11:13:31","guid":{"rendered":"\/programet-profesionale-2-vjecare-2018-2019\/"},"modified":"2018-04-24T11:13:31","modified_gmt":"2018-04-24T11:13:31","slug":"programet-profesionale-2-vjecare-2018-2019","status":"publish","type":"page","link":"https:\/\/unkorce.edu.al\/en\/programet-profesionale-2-vjecare-2018-2019\/","title":{"rendered":"PROGRAMET PROFESIONALE 2-VJE\u00c7ARE 2018-2019"},"content":{"rendered":"<p class=\"rtecenter\"><span style=\"font-size:18px\"><span style=\"font-family:verdana,geneva,sans-serif\"><span style=\"color:#008080\"><strong>PROGRAMET PROFESIONALE 2-VJE\u00c7ARE 2018-2019<\/strong><\/span><\/span><\/span><\/p>\n<p><span style=\"font-size:14px\"><span style=\"font-family:verdana,geneva,sans-serif\"><strong>Universiteti \u201cFan S. Noli\u201d, Kor\u00e7\u00eb ofron programe studimi 2-vje\u00e7are t\u00eb karakterit profesional, pas arsimit t\u00eb mes\u00ebm, me 120 kredite, n\u00eb 2 vite studimi, n\u00eb k\u00ebto drejtime:<\/strong><\/span><\/span><\/p>\n<p><span style=\"font-size:14px\"><span style=\"font-family:verdana,geneva,sans-serif\"><span style=\"color:#008080\"><strong>&#8211; MENAXHIM VETERINAR<\/strong><\/span><\/span><\/span><\/p>\n<p><span style=\"color:#008080\"><strong>&#8211;&nbsp;<span style=\"font-size:14px\"><span style=\"font-family:verdana,geneva,sans-serif\">MENAXHIM BIZNESI BUJQ\u00cbSOR<\/span><\/span><\/strong><\/span><\/p>\n<p><span style=\"color:#008080\"><strong>&#8211;&nbsp;<span style=\"font-size:14px\"><span style=\"font-family:verdana,geneva,sans-serif\">TEKNIKA T\u00cb PRODHIMIT T\u00cb FARAVE DHE FIDAN\u00cbVE<\/span><\/span><\/strong><\/span><\/p>\n<p><span style=\"color:#008080\"><strong>&#8211;&nbsp;<span style=\"font-size:14px\"><span style=\"font-family:verdana,geneva,sans-serif\">EDUKIM P\u00cbR FOSHNJ\u00cbRIN\u00cb DHE F\u00cbMIJ\u00cbRIN\u00cb E<\/span><\/span>&nbsp;<span style=\"font-size:14px\"><span style=\"font-family:verdana,geneva,sans-serif\">HERSHME<\/span><\/span><\/strong><\/span><\/p>\n<p><span style=\"color:#008080\"><strong>&#8211;&nbsp;<span style=\"font-size:14px\"><span style=\"font-family:verdana,geneva,sans-serif\">MB\u00cbSHTET\u00cbS ZYRE P\u00cbR KOMUNIKIM, BIBLIOTEK\u00cb DHE<\/span><\/span>&nbsp;<span style=\"font-size:14px\"><span style=\"font-family:verdana,geneva,sans-serif\">ARKIV<\/span><\/span><\/strong><\/span><\/p>\n<p><span style=\"color:#008080\"><strong>&#8211;&nbsp;<span style=\"font-size:14px\"><span style=\"font-family:verdana,geneva,sans-serif\">SH\u00cbRBIM SOCIAL<\/span><\/span><\/strong><\/span><\/p>\n<p><span style=\"color:#008080\"><strong>&#8211;&nbsp;<span style=\"font-size:14px\"><span style=\"font-family:verdana,geneva,sans-serif\">ASISTENT MENAXHER<\/span><\/span><\/strong><\/span><\/p>\n<ul>\n<li><span style=\"font-size:14px\"><span style=\"font-family:verdana,geneva,sans-serif\">N\u00eb k\u00ebto programe pranohen t\u00eb ndjekin studimet kandidat\u00ebt q\u00eb&nbsp;<span style=\"font-size:14px\"><span style=\"font-family:verdana,geneva,sans-serif\">kan\u00eb p\u00ebrfunduar arsimin e mes\u00ebm.<\/span><\/span><\/span><\/span><\/li>\n<li><span style=\"font-size:14px\"><span style=\"font-family:verdana,geneva,sans-serif\">Kriteri i not\u00ebs mesatare <span style=\"color:#008080\">NUK \u00cbSHT\u00cb KUSHT<\/span> p\u00ebr k\u00ebto&nbsp;<span style=\"font-size:14px\"><span style=\"font-family:verdana,geneva,sans-serif\">programe studimi.<\/span><\/span><\/span><\/span><\/li>\n<li><span style=\"font-size:14px\"><span style=\"font-family:verdana,geneva,sans-serif\">N\u00eb p\u00ebrfundim t\u00eb studimeve, student\u00ebt marrin \u201cDiplom\u00eb&nbsp;<span style=\"font-size:14px\"><span style=\"font-family:verdana,geneva,sans-serif\">profesionale\u201d, q\u00eb i takon nivelit 5 t\u00eb Korniz\u00ebs Shqiptare t\u00eb&nbsp;<span style=\"font-size:14px\"><span style=\"font-family:verdana,geneva,sans-serif\">Kualifikimeve<\/span><\/span><\/span><\/span><\/span><\/span><\/li>\n<li><span style=\"font-size:14px\"><span style=\"font-family:verdana,geneva,sans-serif\">Pas diplomimit, student\u00ebve u jepet mund\u00ebsia t\u00eb vijojn\u00eb n\u00eb&nbsp;<span style=\"font-size:14px\"><span style=\"font-family:verdana,geneva,sans-serif\">programe studimi t\u00eb Ciklit I (bachelor), t\u00eb ngjashme me&nbsp;<span style=\"font-size:14px\"><span style=\"font-family:verdana,geneva,sans-serif\">programin, n\u00ebp\u00ebrmjet transferimit t\u00eb krediteve.<\/span><\/span><\/span><\/span><\/span><\/span><\/li>\n<\/ul>\n<p class=\"rtecenter\">&nbsp;&nbsp;<img decoding=\"async\" alt=\"\" src=\"\/sites\/default\/files\/1.1.png\" style=\"height:560px; width:300px\" \/>&nbsp;&nbsp;<img decoding=\"async\" alt=\"\" src=\"\/sites\/default\/files\/2.1.png\" style=\"height:560px; width:300px\" \/>&nbsp;&nbsp;<img decoding=\"async\" alt=\"\" src=\"\/sites\/default\/files\/2%20.jpg\" style=\"height:567px; width:300px\" \/>&nbsp;&nbsp;<img decoding=\"async\" alt=\"\" src=\"\/sites\/default\/files\/3.1.png\" style=\"height:560px; width:300px\" \/>&nbsp;&nbsp;<img decoding=\"async\" alt=\"\" src=\"\/sites\/default\/files\/3.2.png\" style=\"height:560px; width:300px\" \/>&nbsp;&nbsp;<img decoding=\"async\" alt=\"\" src=\"\/sites\/default\/files\/4.1.png\" style=\"height:560px; width:300px\" \/>&nbsp;&nbsp;<img decoding=\"async\" alt=\"\" src=\"\/sites\/default\/files\/4.2.png\" style=\"height:560px; width:300px\" \/><\/p>","protected":false},"excerpt":{"rendered":"<p>PROGRAMET PROFESIONALE 2-VJE\u00c7ARE 2018-2019 Universiteti \u201cFan S. Noli\u201d, Kor\u00e7\u00eb ofron programe studimi 2-vje\u00e7are t\u00eb karakterit profesional, pas arsimit t\u00eb mes\u00ebm, me 120 kredite, n\u00eb 2 vite studimi, n\u00eb k\u00ebto drejtime: &#8211; MENAXHIM VETERINAR &#8211;&nbsp;MENAXHIM BIZNESI BUJQ\u00cbSOR &#8211;&nbsp;TEKNIKA T\u00cb PRODHIMIT T\u00cb FARAVE DHE FIDAN\u00cbVE &#8211;&nbsp;EDUKIM P\u00cbR FOSHNJ\u00cbRIN\u00cb DHE F\u00cbMIJ\u00cbRIN\u00cb E&nbsp;HERSHME &#8211;&nbsp;MB\u00cbSHTET\u00cbS ZYRE P\u00cbR KOMUNIKIM, BIBLIOTEK\u00cb DHE&nbsp;ARKIV&#8230;<\/p>","protected":false},"author":122,"featured_media":0,"parent":0,"menu_order":0,"comment_status":"closed","ping_status":"closed","template":"","meta":{"_acf_changed":false,"footnotes":""},"class_list":["post-8193","page","type-page","status-publish","hentry"],"acf":[],"yoast_head":"<!-- This site is optimized with the Yoast SEO plugin v26.9 - https:\/\/yoast.com\/product\/yoast-seo-wordpress\/ -->\n<title>PROGRAMET PROFESIONALE 2-VJE\u00c7ARE 2018-2019 - Universiteti &quot;Fan S. Noli&quot;, Kor\u00e7\u00eb<\/title>\n<meta name=\"robots\" content=\"index, follow, max-snippet:-1, max-image-preview:large, max-video-preview:-1\" \/>\n<link rel=\"canonical\" href=\"https:\/\/unkorce.edu.al\/en\/programet-profesionale-2-vjecare-2018-2019\/\" \/>\n<meta property=\"og:locale\" content=\"en_US\" \/>\n<meta property=\"og:type\" content=\"article\" \/>\n<meta property=\"og:title\" content=\"PROGRAMET PROFESIONALE 2-VJE\u00c7ARE 2018-2019 - Universiteti &quot;Fan S. Noli&quot;, Kor\u00e7\u00eb\" \/>\n<meta property=\"og:description\" content=\"PROGRAMET PROFESIONALE 2-VJE\u00c7ARE 2018-2019 Universiteti \u201cFan S. Noli\u201d, Kor\u00e7\u00eb ofron programe studimi 2-vje\u00e7are t\u00eb karakterit profesional, pas arsimit t\u00eb mes\u00ebm, me 120 kredite, n\u00eb 2 vite studimi, n\u00eb k\u00ebto drejtime: &#8211; MENAXHIM VETERINAR &#8211;&nbsp;MENAXHIM BIZNESI BUJQ\u00cbSOR &#8211;&nbsp;TEKNIKA T\u00cb PRODHIMIT T\u00cb FARAVE DHE FIDAN\u00cbVE &#8211;&nbsp;EDUKIM P\u00cbR FOSHNJ\u00cbRIN\u00cb DHE F\u00cbMIJ\u00cbRIN\u00cb E&nbsp;HERSHME &#8211;&nbsp;MB\u00cbSHTET\u00cbS ZYRE P\u00cbR KOMUNIKIM, BIBLIOTEK\u00cb DHE&nbsp;ARKIV...\" \/>\n<meta property=\"og:url\" content=\"https:\/\/unkorce.edu.al\/en\/programet-profesionale-2-vjecare-2018-2019\/\" \/>\n<meta property=\"og:site_name\" content=\"Universiteti &quot;Fan S. Noli&quot;, Kor\u00e7\u00eb\" \/>\n<meta property=\"article:publisher\" content=\"https:\/\/www.facebook.com\/unkorce\" \/>\n<meta name=\"twitter:card\" content=\"summary_large_image\" \/>\n<meta name=\"twitter:label1\" content=\"Est. reading time\" \/>\n\t<meta name=\"twitter:data1\" content=\"1 minute\" \/>\n<script type=\"application\/ld+json\" class=\"yoast-schema-graph\">{\"@context\":\"https:\/\/schema.org\",\"@graph\":[{\"@type\":\"WebPage\",\"@id\":\"https:\/\/unkorce.edu.al\/programet-profesionale-2-vjecare-2018-2019\/\",\"url\":\"https:\/\/unkorce.edu.al\/programet-profesionale-2-vjecare-2018-2019\/\",\"name\":\"PROGRAMET PROFESIONALE 2-VJE\u00c7ARE 2018-2019 - Universiteti \\\"Fan S. Noli\\\", Kor\u00e7\u00eb\",\"isPartOf\":{\"@id\":\"https:\/\/unkorce.edu.al\/#website\"},\"datePublished\":\"2018-04-24T11:13:31+00:00\",\"breadcrumb\":{\"@id\":\"https:\/\/unkorce.edu.al\/programet-profesionale-2-vjecare-2018-2019\/#breadcrumb\"},\"inLanguage\":\"en-US\",\"potentialAction\":[{\"@type\":\"ReadAction\",\"target\":[\"https:\/\/unkorce.edu.al\/programet-profesionale-2-vjecare-2018-2019\/\"]}]},{\"@type\":\"BreadcrumbList\",\"@id\":\"https:\/\/unkorce.edu.al\/programet-profesionale-2-vjecare-2018-2019\/#breadcrumb\",\"itemListElement\":[{\"@type\":\"ListItem\",\"position\":1,\"name\":\"Home\",\"item\":\"https:\/\/unkorce.edu.al\/\"},{\"@type\":\"ListItem\",\"position\":2,\"name\":\"PROGRAMET PROFESIONALE 2-VJE\u00c7ARE 2018-2019\"}]},{\"@type\":\"WebSite\",\"@id\":\"https:\/\/unkorce.edu.al\/#website\",\"url\":\"https:\/\/unkorce.edu.al\/\",\"name\":\"Universiteti \\\"Fan S. Noli\\\", Kor\u00e7\u00eb\",\"description\":\"Mir&euml;sevini n&euml; faqen zyrtare!\",\"publisher\":{\"@id\":\"https:\/\/unkorce.edu.al\/#organization\"},\"potentialAction\":[{\"@type\":\"SearchAction\",\"target\":{\"@type\":\"EntryPoint\",\"urlTemplate\":\"https:\/\/unkorce.edu.al\/?s={search_term_string}\"},\"query-input\":{\"@type\":\"PropertyValueSpecification\",\"valueRequired\":true,\"valueName\":\"search_term_string\"}}],\"inLanguage\":\"en-US\"},{\"@type\":\"Organization\",\"@id\":\"https:\/\/unkorce.edu.al\/#organization\",\"name\":\"Universiteti \\\"Fan S. Noli\\\", Kor\u00e7\u00eb\",\"url\":\"https:\/\/unkorce.edu.al\/\",\"logo\":{\"@type\":\"ImageObject\",\"inLanguage\":\"en-US\",\"@id\":\"https:\/\/unkorce.edu.al\/#\/schema\/logo\/image\/\",\"url\":\"https:\/\/unkorce.edu.al\/wp-content\/uploads\/2024\/08\/Logo_e_Universitetit__Fan_Noli_-e1726660879862.png\",\"contentUrl\":\"https:\/\/unkorce.edu.al\/wp-content\/uploads\/2024\/08\/Logo_e_Universitetit__Fan_Noli_-e1726660879862.png\",\"width\":200,\"height\":120,\"caption\":\"Universiteti \\\"Fan S. Noli\\\", Kor\u00e7\u00eb\"},\"image\":{\"@id\":\"https:\/\/unkorce.edu.al\/#\/schema\/logo\/image\/\"},\"sameAs\":[\"https:\/\/www.facebook.com\/unkorce\"]}]}<\/script>\n<!-- \/ Yoast SEO plugin. -->","yoast_head_json":{"title":"PROGRAMET PROFESIONALE 2-VJE\u00c7ARE 2018-2019 - Universiteti \"Fan S. Noli\", Kor\u00e7\u00eb","robots":{"index":"index","follow":"follow","max-snippet":"max-snippet:-1","max-image-preview":"max-image-preview:large","max-video-preview":"max-video-preview:-1"},"canonical":"https:\/\/unkorce.edu.al\/en\/programet-profesionale-2-vjecare-2018-2019\/","og_locale":"en_US","og_type":"article","og_title":"PROGRAMET PROFESIONALE 2-VJE\u00c7ARE 2018-2019 - Universiteti \"Fan S. Noli\", Kor\u00e7\u00eb","og_description":"PROGRAMET PROFESIONALE 2-VJE\u00c7ARE 2018-2019 Universiteti \u201cFan S. Noli\u201d, Kor\u00e7\u00eb ofron programe studimi 2-vje\u00e7are t\u00eb karakterit profesional, pas arsimit t\u00eb mes\u00ebm, me 120 kredite, n\u00eb 2 vite studimi, n\u00eb k\u00ebto drejtime: &#8211; MENAXHIM VETERINAR &#8211;&nbsp;MENAXHIM BIZNESI BUJQ\u00cbSOR &#8211;&nbsp;TEKNIKA T\u00cb PRODHIMIT T\u00cb FARAVE DHE FIDAN\u00cbVE &#8211;&nbsp;EDUKIM P\u00cbR FOSHNJ\u00cbRIN\u00cb DHE F\u00cbMIJ\u00cbRIN\u00cb E&nbsp;HERSHME &#8211;&nbsp;MB\u00cbSHTET\u00cbS ZYRE P\u00cbR KOMUNIKIM, BIBLIOTEK\u00cb DHE&nbsp;ARKIV...","og_url":"https:\/\/unkorce.edu.al\/en\/programet-profesionale-2-vjecare-2018-2019\/","og_site_name":"Universiteti \"Fan S. Noli\", Kor\u00e7\u00eb","article_publisher":"https:\/\/www.facebook.com\/unkorce","twitter_card":"summary_large_image","twitter_misc":{"Est. reading time":"1 minute"},"schema":{"@context":"https:\/\/schema.org","@graph":[{"@type":"WebPage","@id":"https:\/\/unkorce.edu.al\/programet-profesionale-2-vjecare-2018-2019\/","url":"https:\/\/unkorce.edu.al\/programet-profesionale-2-vjecare-2018-2019\/","name":"PROGRAMET PROFESIONALE 2-VJE\u00c7ARE 2018-2019 - Universiteti \"Fan S. Noli\", Kor\u00e7\u00eb","isPartOf":{"@id":"https:\/\/unkorce.edu.al\/#website"},"datePublished":"2018-04-24T11:13:31+00:00","breadcrumb":{"@id":"https:\/\/unkorce.edu.al\/programet-profesionale-2-vjecare-2018-2019\/#breadcrumb"},"inLanguage":"en-US","potentialAction":[{"@type":"ReadAction","target":["https:\/\/unkorce.edu.al\/programet-profesionale-2-vjecare-2018-2019\/"]}]},{"@type":"BreadcrumbList","@id":"https:\/\/unkorce.edu.al\/programet-profesionale-2-vjecare-2018-2019\/#breadcrumb","itemListElement":[{"@type":"ListItem","position":1,"name":"Home","item":"https:\/\/unkorce.edu.al\/"},{"@type":"ListItem","position":2,"name":"PROGRAMET PROFESIONALE 2-VJE\u00c7ARE 2018-2019"}]},{"@type":"WebSite","@id":"https:\/\/unkorce.edu.al\/#website","url":"https:\/\/unkorce.edu.al\/","name":"Universiteti \"Fan S. Noli\", Kor\u00e7\u00eb","description":"Mir&euml;sevini n&euml; faqen zyrtare!","publisher":{"@id":"https:\/\/unkorce.edu.al\/#organization"},"potentialAction":[{"@type":"SearchAction","target":{"@type":"EntryPoint","urlTemplate":"https:\/\/unkorce.edu.al\/?s={search_term_string}"},"query-input":{"@type":"PropertyValueSpecification","valueRequired":true,"valueName":"search_term_string"}}],"inLanguage":"en-US"},{"@type":"Organization","@id":"https:\/\/unkorce.edu.al\/#organization","name":"Universiteti \"Fan S. Noli\", Kor\u00e7\u00eb","url":"https:\/\/unkorce.edu.al\/","logo":{"@type":"ImageObject","inLanguage":"en-US","@id":"https:\/\/unkorce.edu.al\/#\/schema\/logo\/image\/","url":"https:\/\/unkorce.edu.al\/wp-content\/uploads\/2024\/08\/Logo_e_Universitetit__Fan_Noli_-e1726660879862.png","contentUrl":"https:\/\/unkorce.edu.al\/wp-content\/uploads\/2024\/08\/Logo_e_Universitetit__Fan_Noli_-e1726660879862.png","width":200,"height":120,"caption":"Universiteti \"Fan S. Noli\", Kor\u00e7\u00eb"},"image":{"@id":"https:\/\/unkorce.edu.al\/#\/schema\/logo\/image\/"},"sameAs":["https:\/\/www.facebook.com\/unkorce"]}]}},"_links":{"self":[{"href":"https:\/\/unkorce.edu.al\/en\/wp-json\/wp\/v2\/pages\/8193","targetHints":{"allow":["GET"]}}],"collection":[{"href":"https:\/\/unkorce.edu.al\/en\/wp-json\/wp\/v2\/pages"}],"about":[{"href":"https:\/\/unkorce.edu.al\/en\/wp-json\/wp\/v2\/types\/page"}],"author":[{"embeddable":true,"href":"https:\/\/unkorce.edu.al\/en\/wp-json\/wp\/v2\/users\/122"}],"replies":[{"embeddable":true,"href":"https:\/\/unkorce.edu.al\/en\/wp-json\/wp\/v2\/comments?post=8193"}],"version-history":[{"count":0,"href":"https:\/\/unkorce.edu.al\/en\/wp-json\/wp\/v2\/pages\/8193\/revisions"}],"wp:attachment":[{"href":"https:\/\/unkorce.edu.al\/en\/wp-json\/wp\/v2\/media?parent=8193"}],"curies":[{"name":"wp","href":"https:\/\/api.w.org\/{rel}","templated":true}]}}