{"id":8192,"date":"2018-04-13T12:30:47","date_gmt":"2018-04-13T12:30:47","guid":{"rendered":"\/libraria-uniko\/"},"modified":"2018-04-13T12:30:47","modified_gmt":"2018-04-13T12:30:47","slug":"libraria-uniko","status":"publish","type":"page","link":"https:\/\/unkorce.edu.al\/en\/libraria-uniko\/","title":{"rendered":"LIBRARIA"},"content":{"rendered":"<div style=\"100%;height:50px;font-size:18pt;color:white;font-color:white;background-color:#008080;text-align:center;padding-top:20px;\"><strong>LIBRARIA<\/strong><\/div>\n<p><a href=\"\/en\/sites\/default\/files\/UNIVERSITETI%20FAN%20S.%20NOLI%20_LIBRARIA.xlsx\/\" target=\"_blank\" rel=\"noopener\"><img decoding=\"async\" alt=\"\" src=\"\/sites\/default\/files\/369770909.microsoft-excel-2016-065-08572.jpg\" style=\"float:left; height:50px; width:50px\" \/><br \/>\n&nbsp;KATALOGU BIBLIOGRAFIK I LIBRARIS\u00cb UNIVERSITARE&nbsp;(excel)<\/a><\/p>\n<p>&nbsp;<\/p>\n<p><a href=\"https:\/\/www.culturetheque.com\/EXPLOITATION\/AL\/lire.aspx\">https:\/\/www.culturetheque.com\/EXPLOITATION\/AL\/lire.aspx<\/a><\/p>\n<p>&nbsp;<\/p>\n<p><a href=\"https:\/\/www.bankofalbania.org\/Botime\/Botimet_sipas_viteve\/\">https:\/\/www.bankofalbania.org\/Botime\/Botimet_sipas_viteve\/<\/a><\/p>\n<p><a href=\"https:\/\/www.bankofalbania.org\/Botime\/Botime_Periodike\/\">https:\/\/www.bankofalbania.org\/Botime\/Botime_Periodike\/<\/a><\/p>\n<p><a href=\"https:\/\/www.bankofalbania.org\/Botime\/Botime_Kerkimore\/\">https:\/\/www.bankofalbania.org\/Botime\/Botime_Kerkimore\/<\/a><\/p>\n<p><a href=\"https:\/\/www.bankofalbania.org\/Botime\/Botime_edukative\/\">https:\/\/www.bankofalbania.org\/Botime\/Botime_edukative\/<\/a><\/p>\n<p>&nbsp;<\/p>\n<p><a href=\"http:\/\/www.bartleby.com\/\">http:\/\/www.bartleby.com\/<\/a><\/p>\n<p><a href=\"http:\/\/www.pagebypagebooks.com\/title.html\">http:\/\/www.pagebypagebooks.com\/title.html<\/a><\/p>\n<p><a href=\"http:\/\/www.bibliomania.com\/0\/-\/frameset.html\">http:\/\/www.bibliomania.com\/0\/-\/frameset.html<\/a><\/p>\n<p><a href=\"http:\/\/chestofbooks.com\/\">http:\/\/chestofbooks.com\/<\/a><\/p>\n<p>&nbsp;<\/p>\n<p><a href=\"http:\/\/www.online-literature.com\/author_index.php\">http:\/\/www.online-literature.com\/author_index.php<\/a><\/p>\n<p><a href=\"http:\/\/www.gutenberg.org\/browse\/authors\/a\">http:\/\/www.gutenberg.org\/browse\/authors\/a<\/a><\/p>\n<p><a href=\"https:\/\/www.bookrix.com\/books.html\">https:\/\/www.bookrix.com\/books.html<\/a><\/p>\n<p><a href=\"https:\/\/openlibrary.org\/\">https:\/\/openlibrary.org\/<\/a><\/p>\n<p><a href=\"https:\/\/www.questia.com\/library\/free-books\">https:\/\/www.questia.com\/library\/free-books<\/a><\/p>\n<p><a href=\"https:\/\/archive.org\/details\/texts\">https:\/\/archive.org\/details\/texts<\/a><\/p>\n<p><a href=\"http:\/\/www.authorama.com\/\">http:\/\/www.authorama.com\/<\/a><\/p>\n<p><a href=\"http:\/\/onlinebooks.library.upenn.edu\/\">http:\/\/onlinebooks.library.upenn.edu\/<\/a><\/p>\n<p><a href=\"https:\/\/library2go.overdrive.com\/\">https:\/\/library2go.overdrive.com\/<\/a><\/p>\n<p><a href=\"https:\/\/www.kobo.com\/ww\/en\/List\/FreeClassics\/Q4tVw0Es7E2y7y_8RndJzw?listname=FreeClassics&amp;listid=Q4tVw0Es7E2y7y_8RndJzw&amp;page=1&amp;utm_source=kobo&amp;utm_medium=landingpage&amp;utm_campaign=freeus\">https:\/\/www.kobo.com\/ww\/en\/List\/FreeClassics\/Q4tVw0Es7E2y7y_8RndJzw?listname=FreeClassics&amp;listid=Q4tVw0Es7E2y7y_8RndJzw&amp;page=1&amp;utm_source=kobo&amp;utm_medium=landingpage&amp;utm_campaign=freeus<\/a><\/p>","protected":false},"excerpt":{"rendered":"<p>LIBRARIA &nbsp;KATALOGU BIBLIOGRAFIK I LIBRARIS\u00cb UNIVERSITARE&nbsp;(excel) &nbsp; https:\/\/www.culturetheque.com\/EXPLOITATION\/AL\/lire.aspx &nbsp; https:\/\/www.bankofalbania.org\/Botime\/Botimet_sipas_viteve\/ https:\/\/www.bankofalbania.org\/Botime\/Botime_Periodike\/ https:\/\/www.bankofalbania.org\/Botime\/Botime_Kerkimore\/ https:\/\/www.bankofalbania.org\/Botime\/Botime_edukative\/ &nbsp; http:\/\/www.bartleby.com\/ http:\/\/www.pagebypagebooks.com\/title.html http:\/\/www.bibliomania.com\/0\/-\/frameset.html http:\/\/chestofbooks.com\/ &nbsp; http:\/\/www.online-literature.com\/author_index.php http:\/\/www.gutenberg.org\/browse\/authors\/a https:\/\/www.bookrix.com\/books.html https:\/\/openlibrary.org\/ https:\/\/www.questia.com\/library\/free-books https:\/\/archive.org\/details\/texts http:\/\/www.authorama.com\/ http:\/\/onlinebooks.library.upenn.edu\/ https:\/\/library2go.overdrive.com\/ https:\/\/www.kobo.com\/ww\/en\/List\/FreeClassics\/Q4tVw0Es7E2y7y_8RndJzw?listname=FreeClassics&amp;listid=Q4tVw0Es7E2y7y_8RndJzw&amp;page=1&amp;utm_source=kobo&amp;utm_medium=landingpage&amp;utm_campaign=freeus<\/p>","protected":false},"author":122,"featured_media":0,"parent":0,"menu_order":0,"comment_status":"closed","ping_status":"closed","template":"","meta":{"_acf_changed":false,"footnotes":""},"class_list":["post-8192","page","type-page","status-publish","hentry"],"acf":[],"yoast_head":"<!-- This site is optimized with the Yoast SEO plugin v26.9 - https:\/\/yoast.com\/product\/yoast-seo-wordpress\/ -->\n<title>LIBRARIA - Universiteti &quot;Fan S. Noli&quot;, Kor\u00e7\u00eb<\/title>\n<meta name=\"robots\" content=\"index, follow, max-snippet:-1, max-image-preview:large, max-video-preview:-1\" \/>\n<link rel=\"canonical\" href=\"https:\/\/unkorce.edu.al\/en\/libraria-uniko\/\" \/>\n<meta property=\"og:locale\" content=\"en_US\" \/>\n<meta property=\"og:type\" content=\"article\" \/>\n<meta property=\"og:title\" content=\"LIBRARIA - Universiteti &quot;Fan S. Noli&quot;, Kor\u00e7\u00eb\" \/>\n<meta property=\"og:description\" content=\"LIBRARIA &nbsp;KATALOGU BIBLIOGRAFIK I LIBRARIS\u00cb UNIVERSITARE&nbsp;(excel) &nbsp; https:\/\/www.culturetheque.com\/EXPLOITATION\/AL\/lire.aspx &nbsp; https:\/\/www.bankofalbania.org\/Botime\/Botimet_sipas_viteve\/ https:\/\/www.bankofalbania.org\/Botime\/Botime_Periodike\/ https:\/\/www.bankofalbania.org\/Botime\/Botime_Kerkimore\/ https:\/\/www.bankofalbania.org\/Botime\/Botime_edukative\/ &nbsp; http:\/\/www.bartleby.com\/ http:\/\/www.pagebypagebooks.com\/title.html http:\/\/www.bibliomania.com\/0\/-\/frameset.html http:\/\/chestofbooks.com\/ &nbsp; http:\/\/www.online-literature.com\/author_index.php http:\/\/www.gutenberg.org\/browse\/authors\/a https:\/\/www.bookrix.com\/books.html https:\/\/openlibrary.org\/ https:\/\/www.questia.com\/library\/free-books https:\/\/archive.org\/details\/texts http:\/\/www.authorama.com\/ http:\/\/onlinebooks.library.upenn.edu\/ https:\/\/library2go.overdrive.com\/ https:\/\/www.kobo.com\/ww\/en\/List\/FreeClassics\/Q4tVw0Es7E2y7y_8RndJzw?listname=FreeClassics&amp;listid=Q4tVw0Es7E2y7y_8RndJzw&amp;page=1&amp;utm_source=kobo&amp;utm_medium=landingpage&amp;utm_campaign=freeus\" \/>\n<meta property=\"og:url\" content=\"https:\/\/unkorce.edu.al\/en\/libraria-uniko\/\" \/>\n<meta property=\"og:site_name\" content=\"Universiteti &quot;Fan S. Noli&quot;, Kor\u00e7\u00eb\" \/>\n<meta property=\"article:publisher\" content=\"https:\/\/www.facebook.com\/unkorce\" \/>\n<meta name=\"twitter:card\" content=\"summary_large_image\" \/>\n<meta name=\"twitter:label1\" content=\"Est. reading time\" \/>\n\t<meta name=\"twitter:data1\" content=\"1 minute\" \/>\n<script type=\"application\/ld+json\" class=\"yoast-schema-graph\">{\"@context\":\"https:\/\/schema.org\",\"@graph\":[{\"@type\":\"WebPage\",\"@id\":\"https:\/\/unkorce.edu.al\/libraria-uniko\/\",\"url\":\"https:\/\/unkorce.edu.al\/libraria-uniko\/\",\"name\":\"LIBRARIA - Universiteti \\\"Fan S. Noli\\\", Kor\u00e7\u00eb\",\"isPartOf\":{\"@id\":\"https:\/\/unkorce.edu.al\/#website\"},\"datePublished\":\"2018-04-13T12:30:47+00:00\",\"breadcrumb\":{\"@id\":\"https:\/\/unkorce.edu.al\/libraria-uniko\/#breadcrumb\"},\"inLanguage\":\"en-US\",\"potentialAction\":[{\"@type\":\"ReadAction\",\"target\":[\"https:\/\/unkorce.edu.al\/libraria-uniko\/\"]}]},{\"@type\":\"BreadcrumbList\",\"@id\":\"https:\/\/unkorce.edu.al\/libraria-uniko\/#breadcrumb\",\"itemListElement\":[{\"@type\":\"ListItem\",\"position\":1,\"name\":\"Home\",\"item\":\"https:\/\/unkorce.edu.al\/\"},{\"@type\":\"ListItem\",\"position\":2,\"name\":\"LIBRARIA\"}]},{\"@type\":\"WebSite\",\"@id\":\"https:\/\/unkorce.edu.al\/#website\",\"url\":\"https:\/\/unkorce.edu.al\/\",\"name\":\"Universiteti \\\"Fan S. Noli\\\", Kor\u00e7\u00eb\",\"description\":\"Mir&euml;sevini n&euml; faqen zyrtare!\",\"publisher\":{\"@id\":\"https:\/\/unkorce.edu.al\/#organization\"},\"potentialAction\":[{\"@type\":\"SearchAction\",\"target\":{\"@type\":\"EntryPoint\",\"urlTemplate\":\"https:\/\/unkorce.edu.al\/?s={search_term_string}\"},\"query-input\":{\"@type\":\"PropertyValueSpecification\",\"valueRequired\":true,\"valueName\":\"search_term_string\"}}],\"inLanguage\":\"en-US\"},{\"@type\":\"Organization\",\"@id\":\"https:\/\/unkorce.edu.al\/#organization\",\"name\":\"Universiteti \\\"Fan S. Noli\\\", Kor\u00e7\u00eb\",\"url\":\"https:\/\/unkorce.edu.al\/\",\"logo\":{\"@type\":\"ImageObject\",\"inLanguage\":\"en-US\",\"@id\":\"https:\/\/unkorce.edu.al\/#\/schema\/logo\/image\/\",\"url\":\"https:\/\/unkorce.edu.al\/wp-content\/uploads\/2024\/08\/Logo_e_Universitetit__Fan_Noli_-e1726660879862.png\",\"contentUrl\":\"https:\/\/unkorce.edu.al\/wp-content\/uploads\/2024\/08\/Logo_e_Universitetit__Fan_Noli_-e1726660879862.png\",\"width\":200,\"height\":120,\"caption\":\"Universiteti \\\"Fan S. Noli\\\", Kor\u00e7\u00eb\"},\"image\":{\"@id\":\"https:\/\/unkorce.edu.al\/#\/schema\/logo\/image\/\"},\"sameAs\":[\"https:\/\/www.facebook.com\/unkorce\"]}]}<\/script>\n<!-- \/ Yoast SEO plugin. -->","yoast_head_json":{"title":"LIBRARIA - Universiteti \"Fan S. Noli\", Kor\u00e7\u00eb","robots":{"index":"index","follow":"follow","max-snippet":"max-snippet:-1","max-image-preview":"max-image-preview:large","max-video-preview":"max-video-preview:-1"},"canonical":"https:\/\/unkorce.edu.al\/en\/libraria-uniko\/","og_locale":"en_US","og_type":"article","og_title":"LIBRARIA - Universiteti \"Fan S. Noli\", Kor\u00e7\u00eb","og_description":"LIBRARIA &nbsp;KATALOGU BIBLIOGRAFIK I LIBRARIS\u00cb UNIVERSITARE&nbsp;(excel) &nbsp; https:\/\/www.culturetheque.com\/EXPLOITATION\/AL\/lire.aspx &nbsp; https:\/\/www.bankofalbania.org\/Botime\/Botimet_sipas_viteve\/ https:\/\/www.bankofalbania.org\/Botime\/Botime_Periodike\/ https:\/\/www.bankofalbania.org\/Botime\/Botime_Kerkimore\/ https:\/\/www.bankofalbania.org\/Botime\/Botime_edukative\/ &nbsp; http:\/\/www.bartleby.com\/ http:\/\/www.pagebypagebooks.com\/title.html http:\/\/www.bibliomania.com\/0\/-\/frameset.html http:\/\/chestofbooks.com\/ &nbsp; http:\/\/www.online-literature.com\/author_index.php http:\/\/www.gutenberg.org\/browse\/authors\/a https:\/\/www.bookrix.com\/books.html https:\/\/openlibrary.org\/ https:\/\/www.questia.com\/library\/free-books https:\/\/archive.org\/details\/texts http:\/\/www.authorama.com\/ http:\/\/onlinebooks.library.upenn.edu\/ https:\/\/library2go.overdrive.com\/ https:\/\/www.kobo.com\/ww\/en\/List\/FreeClassics\/Q4tVw0Es7E2y7y_8RndJzw?listname=FreeClassics&amp;listid=Q4tVw0Es7E2y7y_8RndJzw&amp;page=1&amp;utm_source=kobo&amp;utm_medium=landingpage&amp;utm_campaign=freeus","og_url":"https:\/\/unkorce.edu.al\/en\/libraria-uniko\/","og_site_name":"Universiteti \"Fan S. Noli\", Kor\u00e7\u00eb","article_publisher":"https:\/\/www.facebook.com\/unkorce","twitter_card":"summary_large_image","twitter_misc":{"Est. reading time":"1 minute"},"schema":{"@context":"https:\/\/schema.org","@graph":[{"@type":"WebPage","@id":"https:\/\/unkorce.edu.al\/libraria-uniko\/","url":"https:\/\/unkorce.edu.al\/libraria-uniko\/","name":"LIBRARIA - Universiteti \"Fan S. Noli\", Kor\u00e7\u00eb","isPartOf":{"@id":"https:\/\/unkorce.edu.al\/#website"},"datePublished":"2018-04-13T12:30:47+00:00","breadcrumb":{"@id":"https:\/\/unkorce.edu.al\/libraria-uniko\/#breadcrumb"},"inLanguage":"en-US","potentialAction":[{"@type":"ReadAction","target":["https:\/\/unkorce.edu.al\/libraria-uniko\/"]}]},{"@type":"BreadcrumbList","@id":"https:\/\/unkorce.edu.al\/libraria-uniko\/#breadcrumb","itemListElement":[{"@type":"ListItem","position":1,"name":"Home","item":"https:\/\/unkorce.edu.al\/"},{"@type":"ListItem","position":2,"name":"LIBRARIA"}]},{"@type":"WebSite","@id":"https:\/\/unkorce.edu.al\/#website","url":"https:\/\/unkorce.edu.al\/","name":"Universiteti \"Fan S. Noli\", Kor\u00e7\u00eb","description":"Mir&euml;sevini n&euml; faqen zyrtare!","publisher":{"@id":"https:\/\/unkorce.edu.al\/#organization"},"potentialAction":[{"@type":"SearchAction","target":{"@type":"EntryPoint","urlTemplate":"https:\/\/unkorce.edu.al\/?s={search_term_string}"},"query-input":{"@type":"PropertyValueSpecification","valueRequired":true,"valueName":"search_term_string"}}],"inLanguage":"en-US"},{"@type":"Organization","@id":"https:\/\/unkorce.edu.al\/#organization","name":"Universiteti \"Fan S. Noli\", Kor\u00e7\u00eb","url":"https:\/\/unkorce.edu.al\/","logo":{"@type":"ImageObject","inLanguage":"en-US","@id":"https:\/\/unkorce.edu.al\/#\/schema\/logo\/image\/","url":"https:\/\/unkorce.edu.al\/wp-content\/uploads\/2024\/08\/Logo_e_Universitetit__Fan_Noli_-e1726660879862.png","contentUrl":"https:\/\/unkorce.edu.al\/wp-content\/uploads\/2024\/08\/Logo_e_Universitetit__Fan_Noli_-e1726660879862.png","width":200,"height":120,"caption":"Universiteti \"Fan S. Noli\", Kor\u00e7\u00eb"},"image":{"@id":"https:\/\/unkorce.edu.al\/#\/schema\/logo\/image\/"},"sameAs":["https:\/\/www.facebook.com\/unkorce"]}]}},"_links":{"self":[{"href":"https:\/\/unkorce.edu.al\/en\/wp-json\/wp\/v2\/pages\/8192","targetHints":{"allow":["GET"]}}],"collection":[{"href":"https:\/\/unkorce.edu.al\/en\/wp-json\/wp\/v2\/pages"}],"about":[{"href":"https:\/\/unkorce.edu.al\/en\/wp-json\/wp\/v2\/types\/page"}],"author":[{"embeddable":true,"href":"https:\/\/unkorce.edu.al\/en\/wp-json\/wp\/v2\/users\/122"}],"replies":[{"embeddable":true,"href":"https:\/\/unkorce.edu.al\/en\/wp-json\/wp\/v2\/comments?post=8192"}],"version-history":[{"count":0,"href":"https:\/\/unkorce.edu.al\/en\/wp-json\/wp\/v2\/pages\/8192\/revisions"}],"wp:attachment":[{"href":"https:\/\/unkorce.edu.al\/en\/wp-json\/wp\/v2\/media?parent=8192"}],"curies":[{"name":"wp","href":"https:\/\/api.w.org\/{rel}","templated":true}]}}