{"id":8186,"date":"2018-03-28T12:59:49","date_gmt":"2018-03-28T12:59:49","guid":{"rendered":"\/drejtoria-e-burimeve-njerezore-komunikimit-dhe-promocionit-2\/"},"modified":"2018-03-28T12:59:49","modified_gmt":"2018-03-28T12:59:49","slug":"drejtoria-e-burimeve-njerezore-komunikimit-dhe-promocionit-2","status":"publish","type":"page","link":"https:\/\/unkorce.edu.al\/en\/drejtoria-e-burimeve-njerezore-komunikimit-dhe-promocionit-2\/","title":{"rendered":"DREJTORIA E BURIMEVE NJER\u00cbZORE, KOMUNIKIMIT DHE PROMOCIONIT"},"content":{"rendered":"<h2><span style=\"color:#008080\">HUMAN RESOURCES, COMMUNICATION AND PROMOTION DIRECTORY<\/span><\/h2>\n<p><strong>Mr. Gjergji Permeti<\/strong> &#8211; Director of the Human Resources, Communication and Promotion Directory<\/p>\n<p>This directory takes care of:<\/p>\n<ul>\n<li>monitoring and overseeing all issues related to human resources management of the institution; performing actions for receiving, evidencing, distributing and launching the correspondence in the UK; preservation, processing and utilization of generated or incoming documents in the UK; control of the implementation of in force legislation as well as of the Statute, regulations, and internal acts of the university during the development of the activity of this institution;<\/li>\n<li>the international relations, as well as relations within the university and public relations;<\/li>\n<li>the provision, processing, transfer and maintenance of information, in cooperation with other structures in the Rectorate, the responsible Ministry of education, INSTAT and other institutions outside the UK, overseeing the computerized exchange of data between the University and other institutions, as well as for drafting project documentation of diploma labels for all study cycles.<\/li>\n<\/ul>\n<p><u><strong>SECTORS<\/strong><\/u><\/p>\n<p>Juridical and Protocol Archives Sector<\/p>\n<p>Public Relations and Promotion Sector<\/p>","protected":false},"excerpt":{"rendered":"<p>HUMAN RESOURCES, COMMUNICATION AND PROMOTION DIRECTORY Mr. Gjergji Permeti &#8211; Director of the Human Resources, Communication and Promotion Directory This directory takes care of: monitoring and overseeing all issues related to human resources management of the institution; performing actions for receiving, evidencing, distributing and launching the correspondence in the UK; preservation, processing and utilization of&#8230;<\/p>","protected":false},"author":122,"featured_media":0,"parent":0,"menu_order":0,"comment_status":"closed","ping_status":"closed","template":"","meta":{"_acf_changed":false,"footnotes":""},"class_list":["post-8186","page","type-page","status-publish","hentry"],"acf":[],"yoast_head":"<!-- This site is optimized with the Yoast SEO plugin v26.9 - https:\/\/yoast.com\/product\/yoast-seo-wordpress\/ -->\n<title>DREJTORIA E BURIMEVE NJER\u00cbZORE, KOMUNIKIMIT DHE PROMOCIONIT - Universiteti &quot;Fan S. Noli&quot;, Kor\u00e7\u00eb<\/title>\n<meta name=\"robots\" content=\"index, follow, max-snippet:-1, max-image-preview:large, max-video-preview:-1\" \/>\n<link rel=\"canonical\" href=\"https:\/\/unkorce.edu.al\/en\/drejtoria-e-burimeve-njerezore-komunikimit-dhe-promocionit-2\/\" \/>\n<meta property=\"og:locale\" content=\"en_US\" \/>\n<meta property=\"og:type\" content=\"article\" \/>\n<meta property=\"og:title\" content=\"DREJTORIA E BURIMEVE NJER\u00cbZORE, KOMUNIKIMIT DHE PROMOCIONIT - Universiteti &quot;Fan S. Noli&quot;, Kor\u00e7\u00eb\" \/>\n<meta property=\"og:description\" content=\"HUMAN RESOURCES, COMMUNICATION AND PROMOTION DIRECTORY Mr. Gjergji Permeti &#8211; Director of the Human Resources, Communication and Promotion Directory This directory takes care of: monitoring and overseeing all issues related to human resources management of the institution; performing actions for receiving, evidencing, distributing and launching the correspondence in the UK; preservation, processing and utilization of...\" \/>\n<meta property=\"og:url\" content=\"https:\/\/unkorce.edu.al\/en\/drejtoria-e-burimeve-njerezore-komunikimit-dhe-promocionit-2\/\" \/>\n<meta property=\"og:site_name\" content=\"Universiteti &quot;Fan S. Noli&quot;, Kor\u00e7\u00eb\" \/>\n<meta property=\"article:publisher\" content=\"https:\/\/www.facebook.com\/unkorce\" \/>\n<meta name=\"twitter:card\" content=\"summary_large_image\" \/>\n<meta name=\"twitter:label1\" content=\"Est. reading time\" \/>\n\t<meta name=\"twitter:data1\" content=\"1 minute\" \/>\n<script type=\"application\/ld+json\" class=\"yoast-schema-graph\">{\"@context\":\"https:\/\/schema.org\",\"@graph\":[{\"@type\":\"WebPage\",\"@id\":\"https:\/\/unkorce.edu.al\/drejtoria-e-burimeve-njerezore-komunikimit-dhe-promocionit-2\/\",\"url\":\"https:\/\/unkorce.edu.al\/drejtoria-e-burimeve-njerezore-komunikimit-dhe-promocionit-2\/\",\"name\":\"DREJTORIA E BURIMEVE NJER\u00cbZORE, KOMUNIKIMIT DHE PROMOCIONIT - Universiteti \\\"Fan S. Noli\\\", Kor\u00e7\u00eb\",\"isPartOf\":{\"@id\":\"https:\/\/unkorce.edu.al\/#website\"},\"datePublished\":\"2018-03-28T12:59:49+00:00\",\"breadcrumb\":{\"@id\":\"https:\/\/unkorce.edu.al\/drejtoria-e-burimeve-njerezore-komunikimit-dhe-promocionit-2\/#breadcrumb\"},\"inLanguage\":\"en-US\",\"potentialAction\":[{\"@type\":\"ReadAction\",\"target\":[\"https:\/\/unkorce.edu.al\/drejtoria-e-burimeve-njerezore-komunikimit-dhe-promocionit-2\/\"]}]},{\"@type\":\"BreadcrumbList\",\"@id\":\"https:\/\/unkorce.edu.al\/drejtoria-e-burimeve-njerezore-komunikimit-dhe-promocionit-2\/#breadcrumb\",\"itemListElement\":[{\"@type\":\"ListItem\",\"position\":1,\"name\":\"Home\",\"item\":\"https:\/\/unkorce.edu.al\/\"},{\"@type\":\"ListItem\",\"position\":2,\"name\":\"DREJTORIA E BURIMEVE NJER\u00cbZORE, KOMUNIKIMIT DHE PROMOCIONIT\"}]},{\"@type\":\"WebSite\",\"@id\":\"https:\/\/unkorce.edu.al\/#website\",\"url\":\"https:\/\/unkorce.edu.al\/\",\"name\":\"Universiteti \\\"Fan S. Noli\\\", Kor\u00e7\u00eb\",\"description\":\"Mir&euml;sevini n&euml; faqen zyrtare!\",\"publisher\":{\"@id\":\"https:\/\/unkorce.edu.al\/#organization\"},\"potentialAction\":[{\"@type\":\"SearchAction\",\"target\":{\"@type\":\"EntryPoint\",\"urlTemplate\":\"https:\/\/unkorce.edu.al\/?s={search_term_string}\"},\"query-input\":{\"@type\":\"PropertyValueSpecification\",\"valueRequired\":true,\"valueName\":\"search_term_string\"}}],\"inLanguage\":\"en-US\"},{\"@type\":\"Organization\",\"@id\":\"https:\/\/unkorce.edu.al\/#organization\",\"name\":\"Universiteti \\\"Fan S. Noli\\\", Kor\u00e7\u00eb\",\"url\":\"https:\/\/unkorce.edu.al\/\",\"logo\":{\"@type\":\"ImageObject\",\"inLanguage\":\"en-US\",\"@id\":\"https:\/\/unkorce.edu.al\/#\/schema\/logo\/image\/\",\"url\":\"https:\/\/unkorce.edu.al\/wp-content\/uploads\/2024\/08\/Logo_e_Universitetit__Fan_Noli_-e1726660879862.png\",\"contentUrl\":\"https:\/\/unkorce.edu.al\/wp-content\/uploads\/2024\/08\/Logo_e_Universitetit__Fan_Noli_-e1726660879862.png\",\"width\":200,\"height\":120,\"caption\":\"Universiteti \\\"Fan S. Noli\\\", Kor\u00e7\u00eb\"},\"image\":{\"@id\":\"https:\/\/unkorce.edu.al\/#\/schema\/logo\/image\/\"},\"sameAs\":[\"https:\/\/www.facebook.com\/unkorce\"]}]}<\/script>\n<!-- \/ Yoast SEO plugin. -->","yoast_head_json":{"title":"DREJTORIA E BURIMEVE NJER\u00cbZORE, KOMUNIKIMIT DHE PROMOCIONIT - Universiteti \"Fan S. Noli\", Kor\u00e7\u00eb","robots":{"index":"index","follow":"follow","max-snippet":"max-snippet:-1","max-image-preview":"max-image-preview:large","max-video-preview":"max-video-preview:-1"},"canonical":"https:\/\/unkorce.edu.al\/en\/drejtoria-e-burimeve-njerezore-komunikimit-dhe-promocionit-2\/","og_locale":"en_US","og_type":"article","og_title":"DREJTORIA E BURIMEVE NJER\u00cbZORE, KOMUNIKIMIT DHE PROMOCIONIT - Universiteti \"Fan S. Noli\", Kor\u00e7\u00eb","og_description":"HUMAN RESOURCES, COMMUNICATION AND PROMOTION DIRECTORY Mr. Gjergji Permeti &#8211; Director of the Human Resources, Communication and Promotion Directory This directory takes care of: monitoring and overseeing all issues related to human resources management of the institution; performing actions for receiving, evidencing, distributing and launching the correspondence in the UK; preservation, processing and utilization of...","og_url":"https:\/\/unkorce.edu.al\/en\/drejtoria-e-burimeve-njerezore-komunikimit-dhe-promocionit-2\/","og_site_name":"Universiteti \"Fan S. Noli\", Kor\u00e7\u00eb","article_publisher":"https:\/\/www.facebook.com\/unkorce","twitter_card":"summary_large_image","twitter_misc":{"Est. reading time":"1 minute"},"schema":{"@context":"https:\/\/schema.org","@graph":[{"@type":"WebPage","@id":"https:\/\/unkorce.edu.al\/drejtoria-e-burimeve-njerezore-komunikimit-dhe-promocionit-2\/","url":"https:\/\/unkorce.edu.al\/drejtoria-e-burimeve-njerezore-komunikimit-dhe-promocionit-2\/","name":"DREJTORIA E BURIMEVE NJER\u00cbZORE, KOMUNIKIMIT DHE PROMOCIONIT - Universiteti \"Fan S. Noli\", Kor\u00e7\u00eb","isPartOf":{"@id":"https:\/\/unkorce.edu.al\/#website"},"datePublished":"2018-03-28T12:59:49+00:00","breadcrumb":{"@id":"https:\/\/unkorce.edu.al\/drejtoria-e-burimeve-njerezore-komunikimit-dhe-promocionit-2\/#breadcrumb"},"inLanguage":"en-US","potentialAction":[{"@type":"ReadAction","target":["https:\/\/unkorce.edu.al\/drejtoria-e-burimeve-njerezore-komunikimit-dhe-promocionit-2\/"]}]},{"@type":"BreadcrumbList","@id":"https:\/\/unkorce.edu.al\/drejtoria-e-burimeve-njerezore-komunikimit-dhe-promocionit-2\/#breadcrumb","itemListElement":[{"@type":"ListItem","position":1,"name":"Home","item":"https:\/\/unkorce.edu.al\/"},{"@type":"ListItem","position":2,"name":"DREJTORIA E BURIMEVE NJER\u00cbZORE, KOMUNIKIMIT DHE PROMOCIONIT"}]},{"@type":"WebSite","@id":"https:\/\/unkorce.edu.al\/#website","url":"https:\/\/unkorce.edu.al\/","name":"Universiteti \"Fan S. Noli\", Kor\u00e7\u00eb","description":"Mir&euml;sevini n&euml; faqen zyrtare!","publisher":{"@id":"https:\/\/unkorce.edu.al\/#organization"},"potentialAction":[{"@type":"SearchAction","target":{"@type":"EntryPoint","urlTemplate":"https:\/\/unkorce.edu.al\/?s={search_term_string}"},"query-input":{"@type":"PropertyValueSpecification","valueRequired":true,"valueName":"search_term_string"}}],"inLanguage":"en-US"},{"@type":"Organization","@id":"https:\/\/unkorce.edu.al\/#organization","name":"Universiteti \"Fan S. Noli\", Kor\u00e7\u00eb","url":"https:\/\/unkorce.edu.al\/","logo":{"@type":"ImageObject","inLanguage":"en-US","@id":"https:\/\/unkorce.edu.al\/#\/schema\/logo\/image\/","url":"https:\/\/unkorce.edu.al\/wp-content\/uploads\/2024\/08\/Logo_e_Universitetit__Fan_Noli_-e1726660879862.png","contentUrl":"https:\/\/unkorce.edu.al\/wp-content\/uploads\/2024\/08\/Logo_e_Universitetit__Fan_Noli_-e1726660879862.png","width":200,"height":120,"caption":"Universiteti \"Fan S. Noli\", Kor\u00e7\u00eb"},"image":{"@id":"https:\/\/unkorce.edu.al\/#\/schema\/logo\/image\/"},"sameAs":["https:\/\/www.facebook.com\/unkorce"]}]}},"_links":{"self":[{"href":"https:\/\/unkorce.edu.al\/en\/wp-json\/wp\/v2\/pages\/8186","targetHints":{"allow":["GET"]}}],"collection":[{"href":"https:\/\/unkorce.edu.al\/en\/wp-json\/wp\/v2\/pages"}],"about":[{"href":"https:\/\/unkorce.edu.al\/en\/wp-json\/wp\/v2\/types\/page"}],"author":[{"embeddable":true,"href":"https:\/\/unkorce.edu.al\/en\/wp-json\/wp\/v2\/users\/122"}],"replies":[{"embeddable":true,"href":"https:\/\/unkorce.edu.al\/en\/wp-json\/wp\/v2\/comments?post=8186"}],"version-history":[{"count":0,"href":"https:\/\/unkorce.edu.al\/en\/wp-json\/wp\/v2\/pages\/8186\/revisions"}],"wp:attachment":[{"href":"https:\/\/unkorce.edu.al\/en\/wp-json\/wp\/v2\/media?parent=8186"}],"curies":[{"name":"wp","href":"https:\/\/api.w.org\/{rel}","templated":true}]}}