{"id":8172,"date":"2018-02-26T19:18:16","date_gmt":"2018-02-26T19:18:16","guid":{"rendered":"\/qendra-per-formimin-e-vazhduar\/"},"modified":"2018-02-26T19:18:16","modified_gmt":"2018-02-26T19:18:16","slug":"qendra-per-formimin-e-vazhduar","status":"publish","type":"page","link":"https:\/\/unkorce.edu.al\/en\/qendra-per-formimin-e-vazhduar\/","title":{"rendered":"Qendra p\u00ebr Formimin e Vazhduar"},"content":{"rendered":"<h1 class=\"rtecenter\"><span style=\"color:#008080\"><strong>QENDRA E FORMIMIT T\u00cb VAZHDUAR<\/strong><\/span><\/h1>\n<p class=\"rtejustify\"><span style=\"font-size:16px\"><span style=\"font-family:verdana,geneva,sans-serif\">Qendra e Formimit t\u00eb Vazhduar n\u00eb Universitetin e Kor\u00e7\u00ebs ka filluar veprimtarin\u00eb e saj n\u00eb vitin akademik 2013-2014 dhe ka funksionuar me dy Qendra t\u00eb &nbsp;Ekselenc\u00ebs, p\u00ebrkat\u00ebsisht n\u00eb Fakultetin e Edukimit dhe Filologjis\u00eb dhe n\u00eb Fakultetin e Shkencave Natyrore dhe Humane t\u00eb akredituara nga Ministria e Arsimit.&nbsp; K\u00ebto dy qendra kan\u00eb organizuar trajnimin e m\u00ebsuesve n\u00eb sh\u00ebrbim n\u00eb sesione t\u00eb rregullta t\u00eb shp\u00ebrndara gjat\u00eb vitit n\u00eb gjith\u00eb rajonin e Kor\u00e7\u00ebs dhe m\u00eb gjer\u00eb.<\/span><\/span><\/p>\n<p class=\"rtejustify\"><span style=\"font-size:16px\"><span style=\"font-family:verdana,geneva,sans-serif\">Organizimi i trajnimeve \u00ebsht\u00eb kryer, duke u mb\u00ebshtetur n\u00eb <strong>Udh\u00ebzimin e MASH, Nr.11. dat\u00eb 17.05.2013<\/strong> dhe <strong>Udh\u00ebzimin Nr. 26, dt. 15.08.2014<\/strong> t\u00eb MAS, p\u00ebr zhvillimin profesional t\u00eb punonj\u00ebsve arsimor\u00eb.<\/span><\/span><\/p>\n<p class=\"rtejustify\"><span style=\"font-size:16px\"><span style=\"font-family:verdana,geneva,sans-serif\">Qendrat e zhvilluan veprimtarin\u00eb trajnuese deri n\u00eb shkurt t\u00eb vitit 2015, ku me nj\u00eb urdh\u00ebr t\u00eb MAS-it, do t\u00eb b\u00ebhej riorganizimi dhe riakreditimi i tyre. Gjat\u00eb k\u00ebsaj periudhe n\u00eb k\u00ebto dy qendra trajnimi n\u00eb Universitetin e Kor\u00e7\u00ebs jan\u00eb realizuar k\u00ebto trajnime:<\/span><\/span><\/p>\n<p class=\"rtejustify\"><span style=\"font-size:16px\"><span style=\"font-family:verdana,geneva,sans-serif\"><strong>&#8211;<\/strong>N\u00eb&nbsp; vitin akademik <strong>2013-2014,<\/strong> pran\u00eb Qendr\u00ebs s\u00eb Ekselenc\u00ebs n\u00eb Fakultetin e Edukimit &nbsp;dhe Filologjis\u00eb u trajnuan dhe certifikuan <strong>736<\/strong> m\u00ebsues, me <strong>2580<\/strong> <strong>kredite <\/strong>n\u00eb total.<\/span><\/span><\/p>\n<p class=\"rtejustify\"><span style=\"font-size:16px\"><span style=\"font-family:verdana,geneva,sans-serif\"><strong>&#8211;<\/strong>N\u00eb &nbsp;vitin akademik <strong>2014-2015<\/strong>, u trajnuan dhe certifikuan <strong>534 <\/strong>m\u00ebsues, me&nbsp; <strong>1394 <\/strong>&nbsp;<strong>kredite<\/strong> &nbsp;&nbsp;n\u00eb total.<\/span><\/span><\/p>\n<p class=\"rtejustify\"><span style=\"font-size:16px\"><span style=\"font-family:verdana,geneva,sans-serif\"><strong>&#8211;<\/strong>N\u00eb Fakultetin e Shkencave Natyrore dhe Humane, p\u00ebr periudh\u00ebn <strong>2013-2015<\/strong>, u trajnuan dhe u certifikuan <strong>207<\/strong> m\u00ebsues, me <strong>786 kredite <\/strong>n\u00eb total.<\/span><\/span><\/p>\n<p class=\"rtejustify\"><span style=\"font-size:16px\"><span style=\"font-family:verdana,geneva,sans-serif\">Tarifa p\u00ebr <strong>1 kredit trajnimi<\/strong> e vendosur me vendim t\u00eb K\u00ebshillit t\u00eb Administrimit, \u00ebsht\u00eb <strong>1000 lek\u00eb.<\/strong><\/span><\/span><\/p>\n<p class=\"rtejustify\"><span style=\"font-size:16px\"><span style=\"font-family:verdana,geneva,sans-serif\">N\u00eb total, p\u00ebr vitet <strong>2013-2015<\/strong> nga t\u00eb dy Qendrat e Ekselenc\u00ebs jan\u00eb trajnuar dhe certifikuar &nbsp;<strong>1477<\/strong> m\u00ebsues n\u00eb total.<\/span><\/span><\/p>\n<p class=\"rtejustify\"><span style=\"font-size:16px\"><span style=\"font-family:verdana,geneva,sans-serif\">N\u00eb procesin e trajnimit t\u00eb m\u00ebsuesve jan\u00eb p\u00ebrfshir\u00eb rreth 30 pedagog\u00eb nga t\u00eb dy fakultetet.<\/span><\/span><\/p>\n<p class=\"rtejustify\"><span style=\"font-size:16px\"><span style=\"font-family:verdana,geneva,sans-serif\">Qendra ka t\u00eb hedhura n\u00eb databaz\u00eb t\u00eb gjith\u00eb t\u00eb dh\u00ebnat e m\u00ebsuesve t\u00eb trajnuar dhe certifikuar, modulet dhe pedagog\u00ebt p\u00ebrkat\u00ebs q\u00eb kan\u00eb kryer trajnimet, periudh\u00ebn e trajnimit dhe vler\u00ebn monetare t\u00eb paguar prej tyre n\u00eb llogarin\u00eb e universitetit.<\/span><\/span><\/p>\n<p class=\"rtejustify\"><span style=\"font-size:16px\"><span style=\"font-family:verdana,geneva,sans-serif\">P\u00ebr vitin <strong>2015-2016<\/strong>, Qendra e Ekselenc\u00ebs ka nd\u00ebrprer\u00eb procesin normal t\u00eb trajnimit dhe kualifikimit t\u00eb m\u00ebsuesve, n\u00eb baz\u00eb t\u00eb <strong>Urdhrit &nbsp;421, dat\u00eb 04.11.2015 <\/strong>t\u00eb &nbsp;MAS-it, &nbsp;i cili p\u00ebrcakton se agjencit\u00eb e akredituara t\u00eb trajnimit <em>nuk<\/em> do t\u00eb organizojn\u00eb trajnime me punonj\u00ebsit arsimor\u00eb deri n\u00eb shpalljen e nevojave t\u00eb identifikuara p\u00ebr zhvillim profesional p\u00ebr \u00e7do m\u00ebsues, shkoll\u00eb dhe nj\u00ebsi arsimore, nevoja t\u00eb cilat do t\u00eb shpallen nga MAS-i dhe IZHA, pas procesit t\u00eb testimit t\u00eb m\u00ebsuesve n\u00eb shkall\u00eb komb\u00ebtare, lidhur me zhvillimin e tyre profesional.<\/span><\/span><\/p>\n<p class=\"rtejustify\"><span style=\"font-size:16px\"><span style=\"font-family:verdana,geneva,sans-serif\">Me shpalljen e interesit p\u00ebr trajnime p\u00ebr punonj\u00ebsit arsimore n\u00eb arsimin parauniversitar p\u00ebr periudh\u00ebn <strong>2017-2021<\/strong>, kjo qend\u00ebr aplikoi pran\u00eb IZHA-s si nj\u00eb struktur\u00eb e vetme n\u00eb nivel institucional, me modulet ekzistuese dhe module t\u00eb reja n\u00eb p\u00ebrputhje me nevojat p\u00ebr trajnim t\u00eb evidentuara nga MASR-ja, n\u00eb maj t\u00eb vitit 2017.<\/span><\/span><\/p>\n<p class=\"rtejustify\"><span style=\"font-size:16px\"><span style=\"font-family:verdana,geneva,sans-serif\">Me Vendimin <strong>Nr. 26, dt. 19.12.2017<\/strong> Qendra&nbsp; e Formimit t\u00eb Vazhduar, Universiteti \u201cFan S. Noli\u201d akreditohet nga Ministria e Arsimit Sportit dhe Rinis\u00eb p\u00ebr nj\u00eb periudh\u00eb <strong>4-vje\u00e7are<\/strong>, deri n\u00eb dhjetor t\u00eb vitit <strong>2021<\/strong>, p\u00ebr&nbsp; <strong>34<\/strong> module trajnimi dhe <strong>1<\/strong> program q\u00eb p\u00ebrfshin <strong>5 module<\/strong>, pra n\u00eb total&nbsp; p\u00ebr&nbsp; <strong>39 module<\/strong>.<\/span><\/span><\/p>\n<p class=\"rtejustify\"><span style=\"font-size:16px\"><span style=\"font-family:verdana,geneva,sans-serif\">Prej shkurtit t\u00eb vitit 2018 Qendra p\u00ebr Formimin e Vazhduar filloi sesionet e rregullta t\u00eb trajnimit, bazuar mbi k\u00ebrkes\u00ebn e m\u00ebsuesve t\u00eb interesuar p\u00ebr zhvillimin e tyre profesional. Risia q\u00ebndron n\u00eb faktin se m\u00ebsuesve t\u00eb interesuar, oferta u jepet online n\u00ebp\u00ebrmjet <strong>portalit t\u00eb IZHA-s:<\/strong> <strong><a href=\"http:\/\/www.trajnime.arsimi.gov.al\/\">www.trajnime.arsimi.gov.al<\/a>&nbsp;&nbsp; <\/strong>dhe po n\u00ebp\u00ebrmjet k\u00ebtij portali b\u00ebhet edhe regjistrimi i m\u00ebsuesve.<\/span><\/span><\/p>\n<p class=\"rtejustify\"><span style=\"font-size:16px\"><span style=\"font-family:verdana,geneva,sans-serif\">Portali aksesohet n\u00eb t\u00eb nj\u00ebjt\u00ebn koh\u00eb nga vet\u00eb m\u00ebsuesi q\u00eb \u00ebsht\u00eb trajnuar, Qendra e Trajnimit dhe IZHA, duke ruajtur t\u00eb dh\u00ebna p\u00ebr modulin q\u00eb \u00ebsht\u00eb trajnuar, periudh\u00ebn e trajnimit, pik\u00ebt e fituara dhe certifikimin.<\/span><\/span><\/p>\n<p class=\"rtejustify\"><span style=\"font-size:16px\"><span style=\"font-family:verdana,geneva,sans-serif\">P\u00ebr vitin akademik 2018 -2019 Qendra vazhdon sesionet e rregullta t\u00eb trajnimit, n\u00eb p\u00ebrmbushje t\u00eb&nbsp; Udh\u00ebzimit t\u00eb MASR-s\u00eb p\u00ebr veprimtarin\u00eb e Qendrave t\u00eb Trajnimit p\u00ebr m\u00ebsuesit n\u00eb&nbsp; &nbsp;sh\u00ebrbim.<\/span><\/span><\/p>\n<p class=\"rtejustify\"><span style=\"font-size:16px\"><span style=\"font-family:verdana,geneva,sans-serif\">Qendra e Formimit t\u00eb Vazhduar e ka&nbsp; selin\u00eb e saj pran\u00eb kampusit t\u00eb ri n\u00eb Rektoratin e Universitetit \u201cFan S. Noli\u201d n\u00eb Katin II, me nj\u00eb infrastruktur\u00eb moderne p\u00ebr kualifikimin e m\u00ebsuesve, t\u00eb pajisur edhe me nj\u00eb baz\u00eb t\u00eb pasur didaktike t\u00eb teknologjis\u00eb bashk\u00ebkohore, fal\u00eb edhe Projektit Nd\u00ebrkomb\u00ebtar <strong>TEAVET<\/strong>, projekt i realizuar n\u00eb kuad\u00ebr t\u00eb Programit <strong>Erasmus +<\/strong> &nbsp;ku UNIKO \u00ebsht\u00eb pjes\u00eb e tij. Qendra&nbsp; ka nj\u00eb koordinator (p\u00ebrgjegj\u00ebs), pedagog, si dhe lektor\u00eb (pedagog\u00eb t\u00eb kualifikuar dhe me p\u00ebrvoj\u00eb m\u00ebsimdh\u00ebnieje), nga departamentet e Fakultetit t\u00eb Edukimit dhe Filologjis\u00eb dhe t\u00eb Fakultetit t\u00eb Shkencave Natyrore dhe Humane<\/span><\/span><\/p>\n<p class=\"rtejustify\"><span style=\"font-size:16px\"><span style=\"font-family:verdana,geneva,sans-serif\">N\u00eb kuad\u00ebr t\u00eb projekteve t\u00eb p\u00ebrbashk\u00ebta, Qendra e Formimit t\u00eb Vazhduar ka realizuar nj\u00eb s\u00ebr\u00eb projektesh trajnimi. N\u00eb bashk\u00ebpunim me&nbsp;<strong>Save the Children<\/strong>,&nbsp;<strong>MEDPAK<\/strong>&nbsp;dhe&nbsp;<strong>Cooperazione Italiana allo Sviluppo<\/strong>, n\u00eb periudh\u00ebn&nbsp;<strong>Mars \u2013 Maj&nbsp; 2015<\/strong>, Qendra &nbsp;u p\u00ebrzgjodh p\u00ebr t\u00eb zhvilluar sesione trajnimi n\u00eb&nbsp;<strong>7 rajone<\/strong>&nbsp;t\u00eb Shqip\u00ebris\u00eb, me m\u00ebsues t\u00eb arsimit parauniversitar n\u00eb fush\u00ebn e arsimit gjith\u00ebp\u00ebrfshir\u00ebs dhe v\u00ebshtir\u00ebsive n\u00eb t\u00eb nx\u00ebn\u00eb, n\u00eb shkolla q\u00eb mbulohen nga ky projekt. Gjat\u00eb k\u00ebsaj periudhe u trajnuan dhe certifikuan&nbsp;<strong>420<\/strong>&nbsp;m\u00ebsues, p\u00ebrkat\u00ebsisht&nbsp;<strong>60<\/strong>&nbsp;m\u00ebsues p\u00ebr \u00e7do rajon:&nbsp;<strong>Kor\u00e7\u00eb, Gjirokast\u00ebr, &nbsp;Durr\u00ebs, Vlor\u00eb, Elbasan, &nbsp;Peshkopi, Burrel.<\/strong><\/span><\/span><\/p>\n<p class=\"rtejustify\"><span style=\"font-size:16px\"><span style=\"font-family:verdana,geneva,sans-serif\">P\u00ebr periudh\u00ebn&nbsp;<strong>shtator 2015 \u2013 prill 2016<\/strong>, n\u00eb bashk\u00ebpunim me&nbsp;<strong>MEDPAK<\/strong>&nbsp;dhe&nbsp;<strong>World Vision<\/strong>, u realizua trajnimi i m\u00ebsuesve n\u00eb disa rajone, n\u00eb shkollat e projektit , p\u00ebrkat\u00ebsisht :&nbsp;<strong>Tropoj\u00eb, Kuk\u00ebs, Tiran\u00eb, Vlor\u00eb, Kor\u00e7\u00eb,<\/strong>&nbsp;ku mor\u00ebn trajnim dhe u certifikuan rreth&nbsp;<strong>220&nbsp;<\/strong>m\u00ebsues t\u00eb tjer\u00eb.<\/span><\/span><\/p>\n<p class=\"rtejustify\"><span style=\"font-size:16px\"><span style=\"font-family:verdana,geneva,sans-serif\">Gjat\u00eb vitit&nbsp; <strong>2016,&nbsp;<\/strong>n\u00eb periudh\u00ebn <strong>&nbsp;prill -shtator,&nbsp;<\/strong>n\u00ebp\u00ebrmjet nj\u00eb projekti t\u00eb<strong>&nbsp;MAS-it,&nbsp;<\/strong>n\u00eb bashk\u00ebpunim me<strong>&nbsp; Save the Children, Cooperazione&nbsp; Italiana allo Sviluppo&nbsp; <\/strong>dhe<strong>&nbsp;MEDPAK,&nbsp;<\/strong>u realizua trajnimi dhe certifikimi i t\u00eb gjith\u00eb m\u00ebsuesve ndihm\u00ebs t\u00eb Shqip\u00ebris\u00eb, n\u00eb p\u00ebrputhje me Udh\u00ebzimin Nr. 38, dt. 7.10.2014 t\u00eb MAS-it, si dhe nj\u00eb pjes\u00eb t\u00eb punonj\u00ebsve t\u00eb sh\u00ebrbimit psiko-social pran\u00eb DAR\/ZA-ve. Ky projekt mund\u00ebsoi&nbsp; trajnimin e rreth&nbsp;<strong>200&nbsp;<\/strong>m\u00ebsuesve dhe specialist\u00ebve, t\u00eb realizuar n\u00eb tre qendra: Vlor\u00eb, Elbasan&nbsp; dhe Tiran\u00eb.<\/span><\/span><\/p>\n<p class=\"rtejustify\"><span style=\"font-size:16px\"><span style=\"font-family:verdana,geneva,sans-serif\">Si pjes\u00eb e Projektit TEAVET, Qendra e Formimit t\u00eb Vazhduar ka aplikuar pran\u00eb IZHA-s me dy module trajnimi, duke u b\u00ebr\u00eb pjes\u00eb&nbsp; e paket\u00ebs prej <strong>16 modulesh trajnimi<\/strong>, q\u00eb do t\u00eb ken\u00eb n\u00eb total gjith\u00eb qendrat e formimit t\u00eb vazhduar nga secili universitet publik n\u00eb p\u00ebrfundim t\u00eb aplikimeve. &nbsp;<\/span><\/span><\/p>\n<hr \/>\n<p><span style=\"font-size:20px\"><a href=\"\/en\/sites\/default\/files\/Udhezuesi%20per%20regjistrim_0.pdf\/\">UDH\u00cbZUESI P\u00cbR REGJISTRIM (PDF) (kliko)<\/a><\/span><\/p>\n<p><span style=\"font-size:20px\"><a href=\"\/en\/sites\/default\/files\/Vendimi%20KAPT_0.pdf\/\">VENDIMI KAPT (PDF) (kliko)<\/a><\/span><\/p>\n<hr \/>\n<p class=\"rtecenter\"><a ref=\"magnificPopup\" href=\"\/sites\/default\/files\/certefikate_akreditimi.jpg\"><img decoding=\"async\" alt=\"\" src=\"\/sites\/default\/files\/certefikate_akreditimi.jpg\" style=\"height:325px; width:450px\" \/><\/a><a ref=\"magnificPopup\" href=\"\/sites\/default\/files\/certifikate akreditimi_1.JPG\"><img decoding=\"async\" alt=\"\" src=\"\/sites\/default\/files\/certifikate%20akreditimi_1.JPG\" style=\"height:279px; width:450px\" \/><\/a><\/p>\n<hr \/>\n<div style=\"overflow:auto;\">\n<p><iframe loading=\"lazy\" align=\"left\" frameborder=\"0\" height=\"399\" scrolling=\"no\" src=\"https:\/\/www.youtube.com\/embed\/j5t_Gcw-7YE\" width=\"450\"><\/iframe> <iframe loading=\"lazy\" align=\"left\" frameborder=\"0\" height=\"399\" scrolling=\"no\" src=\"https:\/\/www.youtube.com\/embed\/avoimupGMGA\" width=\"450\"><\/iframe><\/p>\n<\/div>\n<hr \/>\n<p><img decoding=\"async\" alt=\"\" src=\"\/sites\/default\/files\/qfv\/1.jpg\" style=\"height:338px; width:450px\" \/>&nbsp;<a ref=\"magnificPopup\" href=\"\/sites\/default\/files\/qfv\/2.jpg\"><img decoding=\"async\" alt=\"\" src=\"\/sites\/default\/files\/qfv\/2.jpg\" style=\"height:253px; width:450px\" \/><\/a>&nbsp;<a ref=\"magnificPopup\" href=\"\/sites\/default\/files\/qfv\/3.jpg\"><img decoding=\"async\" alt=\"\" src=\"\/sites\/default\/files\/qfv\/3.jpg\" style=\"height:338px; width:450px\" \/><\/a>&nbsp;<a ref=\"magnificPopup\" href=\"\/sites\/default\/files\/qfv\/3.jpg\"><img decoding=\"async\" alt=\"\" src=\"\/sites\/default\/files\/qfv\/3.jpg\" style=\"height:253px; width:450px\" \/><\/a>&nbsp;<a ref=\"magnificPopup\" href=\"\/sites\/default\/files\/qfv\/5.jpg\"><img decoding=\"async\" alt=\"\" src=\"\/sites\/default\/files\/qfv\/5.jpg\" style=\"height:448px; width:450px\" \/><\/a>&nbsp;<a ref=\"magnificPopup\" href=\"\/sites\/default\/files\/qfv\/6.jpg\"><img decoding=\"async\" alt=\"\" src=\"\/sites\/default\/files\/qfv\/6.jpg\" style=\"height:338px; width:450px\" \/><\/a>&nbsp;<a ref=\"magnificPopup\" href=\"\/sites\/default\/files\/qfv\/7.jpg\"><img decoding=\"async\" alt=\"\" src=\"\/sites\/default\/files\/qfv\/7.jpg\" style=\"height:338px; width:450px\" \/><\/a>&nbsp;<a ref=\"magnificPopup\" href=\"\/sites\/default\/files\/qfv\/8.jpg\"><img decoding=\"async\" alt=\"\" src=\"\/sites\/default\/files\/qfv\/8.jpg\" style=\"height:338px; width:450px\" \/><\/a>&nbsp;<a ref=\"magnificPopup\" href=\"\/sites\/default\/files\/qfv\/9.jpg\"><img decoding=\"async\" alt=\"\" src=\"\/sites\/default\/files\/qfv\/9.jpg\" style=\"height:338px; width:450px\" \/><\/a>&nbsp;<a ref=\"magnificPopup\" href=\"\/sites\/default\/files\/qfv\/10.jpg\"><img decoding=\"async\" alt=\"\" src=\"\/sites\/default\/files\/qfv\/10.jpg\" style=\"height:338px; width:450px\" \/><\/a>&nbsp;<a ref=\"magnificPopup\" href=\"\/sites\/default\/files\/qfv\/11.jpg\"><img decoding=\"async\" alt=\"\" src=\"\/sites\/default\/files\/qfv\/11.jpg\" style=\"height:338px; width:450px\" \/><\/a>&nbsp;<a ref=\"magnificPopup\" href=\"\/sites\/default\/files\/qfv\/12.jpg\"><img decoding=\"async\" alt=\"\" src=\"\/sites\/default\/files\/qfv\/12.jpg\" style=\"height:338px; width:450px\" \/><\/a>&nbsp;<a ref=\"magnificPopup\" href=\"\/sites\/default\/files\/qfv\/13.jpg\"><img decoding=\"async\" alt=\"\" src=\"\/sites\/default\/files\/qfv\/13.jpg\" style=\"height:338px; width:450px\" \/><\/a>&nbsp;<a ref=\"magnificPopup\" href=\"\/sites\/default\/files\/qfv\/14.jpg\"><img decoding=\"async\" alt=\"\" src=\"\/sites\/default\/files\/qfv\/14.jpg\" style=\"height:338px; width:450px\" \/><\/a>&nbsp;<a ref=\"magnificPopup\" href=\"\/sites\/default\/files\/qfv\/15.jpg\"><img decoding=\"async\" alt=\"\" src=\"\/sites\/default\/files\/qfv\/15.jpg\" style=\"height:338px; width:450px\" \/><\/a>&nbsp;<a ref=\"magnificPopup\" href=\"\/sites\/default\/files\/qfv\/16.jpg\"><img decoding=\"async\" alt=\"\" src=\"\/sites\/default\/files\/qfv\/16.jpg\" style=\"height:338px; width:450px\" \/><\/a>&nbsp;<a ref=\"magnificPopup\" href=\"\/sites\/default\/files\/qfv\/17.jpg\"><img decoding=\"async\" alt=\"\" src=\"\/sites\/default\/files\/qfv\/17.jpg\" style=\"height:338px; width:450px\" \/><\/a>&nbsp;<a ref=\"magnificPopup\" href=\"\/sites\/default\/files\/qfv\/18.jpg\"><img decoding=\"async\" alt=\"\" src=\"\/sites\/default\/files\/qfv\/18.jpg\" style=\"height:338px; width:450px\" \/><\/a>&nbsp;<a ref=\"magnificPopup\" href=\"\/sites\/default\/files\/qfv\/19.jpg\"><img decoding=\"async\" alt=\"\" src=\"\/sites\/default\/files\/qfv\/19.jpg\" style=\"height:253px; width:450px\" \/><\/a>&nbsp;<a ref=\"magnificPopup\" href=\"\/sites\/default\/files\/qfv\/20.jpg\"><img decoding=\"async\" alt=\"\" src=\"\/sites\/default\/files\/qfv\/20.jpg\" style=\"height:253px; width:450px\" \/><\/a>&nbsp;<a ref=\"magnificPopup\" href=\"\/sites\/default\/files\/qfv\/21.jpg\"><img decoding=\"async\" alt=\"\" src=\"\/sites\/default\/files\/qfv\/21.jpg\" style=\"height:253px; width:450px\" \/><\/a>&nbsp;<a ref=\"magnificPopup\" href=\"\/sites\/default\/files\/qfv\/22.jpg\"><img decoding=\"async\" alt=\"\" src=\"\/sites\/default\/files\/qfv\/22.jpg\" style=\"height:253px; width:450px\" \/><\/a>&nbsp;<a ref=\"magnificPopup\" href=\"\/sites\/default\/files\/qfv\/23.jpg\"><img decoding=\"async\" alt=\"\" src=\"\/sites\/default\/files\/qfv\/23.jpg\" style=\"height:253px; width:450px\" \/><\/a>&nbsp;<a ref=\"magnificPopup\" href=\"\/sites\/default\/files\/qfv\/24.jpg\"><img decoding=\"async\" alt=\"\" src=\"\/sites\/default\/files\/qfv\/24.jpg\" style=\"height:253px; width:450px\" \/><\/a><\/p>","protected":false},"excerpt":{"rendered":"<p>QENDRA E FORMIMIT T\u00cb VAZHDUAR Qendra e Formimit t\u00eb Vazhduar n\u00eb Universitetin e Kor\u00e7\u00ebs ka filluar veprimtarin\u00eb e saj n\u00eb vitin akademik 2013-2014 dhe ka funksionuar me dy Qendra t\u00eb &nbsp;Ekselenc\u00ebs, p\u00ebrkat\u00ebsisht n\u00eb Fakultetin e Edukimit dhe Filologjis\u00eb dhe n\u00eb Fakultetin e Shkencave Natyrore dhe Humane t\u00eb akredituara nga Ministria e Arsimit.&nbsp; K\u00ebto dy qendra&#8230;<\/p>","protected":false},"author":122,"featured_media":0,"parent":0,"menu_order":0,"comment_status":"closed","ping_status":"closed","template":"","meta":{"_acf_changed":false,"footnotes":""},"class_list":["post-8172","page","type-page","status-publish","hentry"],"acf":[],"yoast_head":"<!-- This site is optimized with the Yoast SEO plugin v26.9 - https:\/\/yoast.com\/product\/yoast-seo-wordpress\/ -->\n<title>Qendra p\u00ebr Formimin e Vazhduar - Universiteti &quot;Fan S. Noli&quot;, Kor\u00e7\u00eb<\/title>\n<meta name=\"robots\" content=\"index, follow, max-snippet:-1, max-image-preview:large, max-video-preview:-1\" \/>\n<link rel=\"canonical\" href=\"https:\/\/unkorce.edu.al\/en\/qendra-per-formimin-e-vazhduar\/\" \/>\n<meta property=\"og:locale\" content=\"en_US\" \/>\n<meta property=\"og:type\" content=\"article\" \/>\n<meta property=\"og:title\" content=\"Qendra p\u00ebr Formimin e Vazhduar - Universiteti &quot;Fan S. Noli&quot;, Kor\u00e7\u00eb\" \/>\n<meta property=\"og:description\" content=\"QENDRA E FORMIMIT T\u00cb VAZHDUAR Qendra e Formimit t\u00eb Vazhduar n\u00eb Universitetin e Kor\u00e7\u00ebs ka filluar veprimtarin\u00eb e saj n\u00eb vitin akademik 2013-2014 dhe ka funksionuar me dy Qendra t\u00eb &nbsp;Ekselenc\u00ebs, p\u00ebrkat\u00ebsisht n\u00eb Fakultetin e Edukimit dhe Filologjis\u00eb dhe n\u00eb Fakultetin e Shkencave Natyrore dhe Humane t\u00eb akredituara nga Ministria e Arsimit.&nbsp; K\u00ebto dy qendra...\" \/>\n<meta property=\"og:url\" content=\"https:\/\/unkorce.edu.al\/en\/qendra-per-formimin-e-vazhduar\/\" \/>\n<meta property=\"og:site_name\" content=\"Universiteti &quot;Fan S. Noli&quot;, Kor\u00e7\u00eb\" \/>\n<meta property=\"article:publisher\" content=\"https:\/\/www.facebook.com\/unkorce\" \/>\n<meta name=\"twitter:card\" content=\"summary_large_image\" \/>\n<meta name=\"twitter:label1\" content=\"Est. reading time\" \/>\n\t<meta name=\"twitter:data1\" content=\"6 minutes\" \/>\n<script type=\"application\/ld+json\" class=\"yoast-schema-graph\">{\"@context\":\"https:\/\/schema.org\",\"@graph\":[{\"@type\":\"WebPage\",\"@id\":\"https:\/\/unkorce.edu.al\/qendra-per-formimin-e-vazhduar\/\",\"url\":\"https:\/\/unkorce.edu.al\/qendra-per-formimin-e-vazhduar\/\",\"name\":\"Qendra p\u00ebr Formimin e Vazhduar - Universiteti \\\"Fan S. Noli\\\", Kor\u00e7\u00eb\",\"isPartOf\":{\"@id\":\"https:\/\/unkorce.edu.al\/#website\"},\"datePublished\":\"2018-02-26T19:18:16+00:00\",\"breadcrumb\":{\"@id\":\"https:\/\/unkorce.edu.al\/qendra-per-formimin-e-vazhduar\/#breadcrumb\"},\"inLanguage\":\"en-US\",\"potentialAction\":[{\"@type\":\"ReadAction\",\"target\":[\"https:\/\/unkorce.edu.al\/qendra-per-formimin-e-vazhduar\/\"]}]},{\"@type\":\"BreadcrumbList\",\"@id\":\"https:\/\/unkorce.edu.al\/qendra-per-formimin-e-vazhduar\/#breadcrumb\",\"itemListElement\":[{\"@type\":\"ListItem\",\"position\":1,\"name\":\"Home\",\"item\":\"https:\/\/unkorce.edu.al\/\"},{\"@type\":\"ListItem\",\"position\":2,\"name\":\"Qendra p\u00ebr Formimin e Vazhduar\"}]},{\"@type\":\"WebSite\",\"@id\":\"https:\/\/unkorce.edu.al\/#website\",\"url\":\"https:\/\/unkorce.edu.al\/\",\"name\":\"Universiteti \\\"Fan S. Noli\\\", Kor\u00e7\u00eb\",\"description\":\"Mir&euml;sevini n&euml; faqen zyrtare!\",\"publisher\":{\"@id\":\"https:\/\/unkorce.edu.al\/#organization\"},\"potentialAction\":[{\"@type\":\"SearchAction\",\"target\":{\"@type\":\"EntryPoint\",\"urlTemplate\":\"https:\/\/unkorce.edu.al\/?s={search_term_string}\"},\"query-input\":{\"@type\":\"PropertyValueSpecification\",\"valueRequired\":true,\"valueName\":\"search_term_string\"}}],\"inLanguage\":\"en-US\"},{\"@type\":\"Organization\",\"@id\":\"https:\/\/unkorce.edu.al\/#organization\",\"name\":\"Universiteti \\\"Fan S. Noli\\\", Kor\u00e7\u00eb\",\"url\":\"https:\/\/unkorce.edu.al\/\",\"logo\":{\"@type\":\"ImageObject\",\"inLanguage\":\"en-US\",\"@id\":\"https:\/\/unkorce.edu.al\/#\/schema\/logo\/image\/\",\"url\":\"https:\/\/unkorce.edu.al\/wp-content\/uploads\/2024\/08\/Logo_e_Universitetit__Fan_Noli_-e1726660879862.png\",\"contentUrl\":\"https:\/\/unkorce.edu.al\/wp-content\/uploads\/2024\/08\/Logo_e_Universitetit__Fan_Noli_-e1726660879862.png\",\"width\":200,\"height\":120,\"caption\":\"Universiteti \\\"Fan S. Noli\\\", Kor\u00e7\u00eb\"},\"image\":{\"@id\":\"https:\/\/unkorce.edu.al\/#\/schema\/logo\/image\/\"},\"sameAs\":[\"https:\/\/www.facebook.com\/unkorce\"]}]}<\/script>\n<!-- \/ Yoast SEO plugin. -->","yoast_head_json":{"title":"Qendra p\u00ebr Formimin e Vazhduar - Universiteti \"Fan S. Noli\", Kor\u00e7\u00eb","robots":{"index":"index","follow":"follow","max-snippet":"max-snippet:-1","max-image-preview":"max-image-preview:large","max-video-preview":"max-video-preview:-1"},"canonical":"https:\/\/unkorce.edu.al\/en\/qendra-per-formimin-e-vazhduar\/","og_locale":"en_US","og_type":"article","og_title":"Qendra p\u00ebr Formimin e Vazhduar - Universiteti \"Fan S. Noli\", Kor\u00e7\u00eb","og_description":"QENDRA E FORMIMIT T\u00cb VAZHDUAR Qendra e Formimit t\u00eb Vazhduar n\u00eb Universitetin e Kor\u00e7\u00ebs ka filluar veprimtarin\u00eb e saj n\u00eb vitin akademik 2013-2014 dhe ka funksionuar me dy Qendra t\u00eb &nbsp;Ekselenc\u00ebs, p\u00ebrkat\u00ebsisht n\u00eb Fakultetin e Edukimit dhe Filologjis\u00eb dhe n\u00eb Fakultetin e Shkencave Natyrore dhe Humane t\u00eb akredituara nga Ministria e Arsimit.&nbsp; K\u00ebto dy qendra...","og_url":"https:\/\/unkorce.edu.al\/en\/qendra-per-formimin-e-vazhduar\/","og_site_name":"Universiteti \"Fan S. Noli\", Kor\u00e7\u00eb","article_publisher":"https:\/\/www.facebook.com\/unkorce","twitter_card":"summary_large_image","twitter_misc":{"Est. reading time":"6 minutes"},"schema":{"@context":"https:\/\/schema.org","@graph":[{"@type":"WebPage","@id":"https:\/\/unkorce.edu.al\/qendra-per-formimin-e-vazhduar\/","url":"https:\/\/unkorce.edu.al\/qendra-per-formimin-e-vazhduar\/","name":"Qendra p\u00ebr Formimin e Vazhduar - Universiteti \"Fan S. Noli\", Kor\u00e7\u00eb","isPartOf":{"@id":"https:\/\/unkorce.edu.al\/#website"},"datePublished":"2018-02-26T19:18:16+00:00","breadcrumb":{"@id":"https:\/\/unkorce.edu.al\/qendra-per-formimin-e-vazhduar\/#breadcrumb"},"inLanguage":"en-US","potentialAction":[{"@type":"ReadAction","target":["https:\/\/unkorce.edu.al\/qendra-per-formimin-e-vazhduar\/"]}]},{"@type":"BreadcrumbList","@id":"https:\/\/unkorce.edu.al\/qendra-per-formimin-e-vazhduar\/#breadcrumb","itemListElement":[{"@type":"ListItem","position":1,"name":"Home","item":"https:\/\/unkorce.edu.al\/"},{"@type":"ListItem","position":2,"name":"Qendra p\u00ebr Formimin e Vazhduar"}]},{"@type":"WebSite","@id":"https:\/\/unkorce.edu.al\/#website","url":"https:\/\/unkorce.edu.al\/","name":"Universiteti \"Fan S. Noli\", Kor\u00e7\u00eb","description":"Mir&euml;sevini n&euml; faqen zyrtare!","publisher":{"@id":"https:\/\/unkorce.edu.al\/#organization"},"potentialAction":[{"@type":"SearchAction","target":{"@type":"EntryPoint","urlTemplate":"https:\/\/unkorce.edu.al\/?s={search_term_string}"},"query-input":{"@type":"PropertyValueSpecification","valueRequired":true,"valueName":"search_term_string"}}],"inLanguage":"en-US"},{"@type":"Organization","@id":"https:\/\/unkorce.edu.al\/#organization","name":"Universiteti \"Fan S. Noli\", Kor\u00e7\u00eb","url":"https:\/\/unkorce.edu.al\/","logo":{"@type":"ImageObject","inLanguage":"en-US","@id":"https:\/\/unkorce.edu.al\/#\/schema\/logo\/image\/","url":"https:\/\/unkorce.edu.al\/wp-content\/uploads\/2024\/08\/Logo_e_Universitetit__Fan_Noli_-e1726660879862.png","contentUrl":"https:\/\/unkorce.edu.al\/wp-content\/uploads\/2024\/08\/Logo_e_Universitetit__Fan_Noli_-e1726660879862.png","width":200,"height":120,"caption":"Universiteti \"Fan S. Noli\", Kor\u00e7\u00eb"},"image":{"@id":"https:\/\/unkorce.edu.al\/#\/schema\/logo\/image\/"},"sameAs":["https:\/\/www.facebook.com\/unkorce"]}]}},"_links":{"self":[{"href":"https:\/\/unkorce.edu.al\/en\/wp-json\/wp\/v2\/pages\/8172","targetHints":{"allow":["GET"]}}],"collection":[{"href":"https:\/\/unkorce.edu.al\/en\/wp-json\/wp\/v2\/pages"}],"about":[{"href":"https:\/\/unkorce.edu.al\/en\/wp-json\/wp\/v2\/types\/page"}],"author":[{"embeddable":true,"href":"https:\/\/unkorce.edu.al\/en\/wp-json\/wp\/v2\/users\/122"}],"replies":[{"embeddable":true,"href":"https:\/\/unkorce.edu.al\/en\/wp-json\/wp\/v2\/comments?post=8172"}],"version-history":[{"count":0,"href":"https:\/\/unkorce.edu.al\/en\/wp-json\/wp\/v2\/pages\/8172\/revisions"}],"wp:attachment":[{"href":"https:\/\/unkorce.edu.al\/en\/wp-json\/wp\/v2\/media?parent=8172"}],"curies":[{"name":"wp","href":"https:\/\/api.w.org\/{rel}","templated":true}]}}