{"id":8163,"date":"2018-02-01T10:09:32","date_gmt":"2018-02-01T10:09:32","guid":{"rendered":"\/tarifat-e-shkollimit-viti-akademik-2019-2020\/"},"modified":"2018-02-01T10:09:32","modified_gmt":"2018-02-01T10:09:32","slug":"tarifat-e-shkollimit-viti-akademik-2019-2020","status":"publish","type":"page","link":"https:\/\/unkorce.edu.al\/en\/tarifat-e-shkollimit-viti-akademik-2019-2020\/","title":{"rendered":"TARIFAT E SHKOLLIMIT VITI AKADEMIK 2019-2020"},"content":{"rendered":"<style type=\"text\/css\">.tb_button {padding:1px;cursor:pointer;border-right: 1px solid #8b8b8b;border-left: 1px solid #FFF;border-bottom: 1px solid #fff;}.tb_button.hover {borer:2px outset #def; background-color: #f8f8f8 !important;}.ws_toolbar {z-index:100000} .ws_toolbar .ws_tb_btn {cursor:pointer;border:1px solid #555;padding:3px}   .tb_highlight{background-color:yellow} .tb_hide {visibility:hidden} .ws_toolbar img {padding:2px;margin:0px}\n<\/style>\n<p><!--more--><\/p>\n<p class=\"rtecenter\"><a href=\"\/en\/sites\/default\/files\/Urdhri 672%2C dt 29.12.2017 Rregullore e Matures shteterore 2018.pdf\/\" style=\"text-align: center;\" target=\"_blank\" rel=\"noopener\"><img decoding=\"async\" alt=\"\" src=\"\/sites\/default\/files\/matura_icon_2.png\" style=\"height:80px; width:80px\" \/><\/a>&nbsp;<a href=\"\/en\/kriteret-e-pranimit\/\" style=\"text-align: center;\"><img decoding=\"async\" alt=\"\" src=\"\/sites\/default\/files\/kriteret.png\" style=\"height:80px; width:80px\" \/><\/a>&nbsp;<a href=\"\/en\/tarifat-e-shkollimit-viti-akademik-2019-2020\/\" style=\"text-align: center;\"><img decoding=\"async\" alt=\"\" src=\"\/sites\/default\/files\/tarifat_icon_0.png\" style=\"height:100px; width:100px\" \/><\/a>&nbsp;<a href=\"\/en\/rregulat-e-regjistrimit\/\" style=\"text-align: center;\"><img decoding=\"async\" alt=\"\" src=\"\/sites\/default\/files\/rregulla_icon_1.png\" style=\"height:80px; width:80px\" \/><\/a>&nbsp;<a href=\"\/en\/tarifat-e-sherbimeve\/\"><img decoding=\"async\" alt=\"\" src=\"\/sites\/default\/files\/tarifat_sherbime_icon.png\" style=\"height:80px; width:80px\" \/><\/a>&nbsp;<a href=\"\/sites\/default\/files\/kuotat_pranimit.pdf\"><img decoding=\"async\" alt=\"\" src=\"\/sites\/default\/files\/kuotat.png\" style=\"height:80px; width:80px\" \/><\/a><\/p>\n<table border=\"0\" cellpadding=\"0\" cellspacing=\"0\" style=\"width:1072px\">\n<tbody>\n<tr>\n<td>\n<h2><span style=\"color:#008080\"><strong><span style=\"font-size:20px\">TARIFAT E PROGRAMEVE T\u00cb STUDIMIT T\u00cb UNIVERSITETIT &#8220;FAN S. NOLI&#8221; P\u00cbR VITIN AKADEMIK 2020-2021<\/span><\/strong><\/span><\/h2>\n<\/td>\n<\/tr>\n<\/tbody>\n<\/table>\n<p>&nbsp;<\/p>\n<table border=\"1\" cellpadding=\"0\" cellspacing=\"0\">\n<tbody>\n<tr>\n<td colspan=\"3\">\n<h3><span style=\"color:#008080\"><strong>Tarifat vjetore t\u00eb shkollimit p\u00ebr \u00e7do program studimi t\u00eb ciklit t\u00eb par\u00eb (BACHELOR)<\/strong><\/span><\/h3>\n<\/td>\n<\/tr>\n<tr>\n<td rowspan=\"2\">&nbsp;<\/td>\n<td rowspan=\"2\"><strong>Tarifa vjetore p\u00ebr program t\u00eb par\u00eb<\/strong><\/td>\n<td rowspan=\"2\"><strong>Tarifa vjetore p\u00ebr program t\u00eb&nbsp; dyt\u00eb<\/strong><\/td>\n<\/tr>\n<tr>\n\t\t<\/tr>\n<tr>\n<td>Gjuh\u00eb-Let\u00ebrsi<\/td>\n<td>20,000<\/td>\n<td>111,812<\/td>\n<\/tr>\n<tr>\n<td>Gjuh\u00eb dhe kultur\u00eb fr\u00ebnge<\/td>\n<td>15,000<\/td>\n<td>135,730<\/td>\n<\/tr>\n<tr>\n<td>Gjuh\u00eb Angleze<\/td>\n<td>20,000<\/td>\n<td>111,812<\/td>\n<\/tr>\n<tr>\n<td>M\u00ebsuesi p\u00ebr Arsimin Fillor<\/td>\n<td>20,000<\/td>\n<td>111,812<\/td>\n<\/tr>\n<tr>\n<td>M\u00ebsuesi p\u00ebr Arsimin Parashkollor<\/td>\n<td>20,000<\/td>\n<td>111,812<\/td>\n<\/tr>\n<tr>\n<td>Histori-Gjeografi<\/td>\n<td>20,000<\/td>\n<td>111,812<\/td>\n<\/tr>\n<tr>\n<td>Filozogi-Sociologji<\/td>\n<td>20,000<\/td>\n<td>111,812<\/td>\n<\/tr>\n<tr>\n<td>Matematik\u00eb-Fizik\u00eb<\/td>\n<td>20,000<\/td>\n<td>111,812<\/td>\n<\/tr>\n<tr>\n<td>Matematik\u00eb-Informatik\u00eb<\/td>\n<td>20,000<\/td>\n<td>111,812<\/td>\n<\/tr>\n<tr>\n<td>Biologji-Kimi<\/td>\n<td>20,000<\/td>\n<td>111,812<\/td>\n<\/tr>\n<tr>\n<td>Teknologji-Informacioni<\/td>\n<td>20,000<\/td>\n<td>111,812<\/td>\n<\/tr>\n<tr>\n<td>Infermeri e P\u00ebrgjithshme<\/td>\n<td>20,000<\/td>\n<td>233,916<\/td>\n<\/tr>\n<tr>\n<td>Mami (Infermier)<\/td>\n<td>20,000<\/td>\n<td>233,916<\/td>\n<\/tr>\n<tr>\n<td>Administrim dhe Politika Sociale<\/td>\n<td>20,000<\/td>\n<td>233,916<\/td>\n<\/tr>\n<tr>\n<td>Financ\u00eb &#8211; Kontabilitet<\/td>\n<td>20,000<\/td>\n<td>86,374<\/td>\n<\/tr>\n<tr>\n<td>Menaxhim<\/td>\n<td>20,000<\/td>\n<td>86,374<\/td>\n<\/tr>\n<tr>\n<td>Administrim Biznesi n\u00eb Marketing<\/td>\n<td>20,000<\/td>\n<td>86,374<\/td>\n<\/tr>\n<tr>\n<td>Administrim Biznesi n\u00eb Turiz\u00ebm<\/td>\n<td>20,000<\/td>\n<td>86,374<\/td>\n<\/tr>\n<tr>\n<td>&nbsp;Agroushqim<\/td>\n<td>20,000<\/td>\n<td>86,374<\/td>\n<\/tr>\n<tr>\n<td>Menaxhim Agrobiznesi<\/td>\n<td><span style=\"background-color:transparent; color:rgb(0, 0, 0); font-family:times new roman; font-size:16px\">15<\/span>,000<\/td>\n<td>86,374<\/td>\n<\/tr>\n<tr>\n<td>Inxhinieri Agronomike<\/td>\n<td><span style=\"background-color:transparent; color:rgb(0, 0, 0); font-family:times new roman; font-size:16px\">15<\/span>,000<\/td>\n<td>86,374<\/td>\n<\/tr>\n<tr>\n<td>Mjek\u00ebsi e Bim\u00ebve dhe Hortikultur\u00eb<\/td>\n<td>20,000<\/td>\n<td>86,374<\/td>\n<\/tr>\n<tr>\n<td>Biznes dhe Tregti<\/td>\n<td>20,000<\/td>\n<td>86,374<\/td>\n<\/tr>\n<tr>\n<td>Informatik\u00eb Biznesi<\/td>\n<td>20,000<\/td>\n<td>86,374<\/td>\n<\/tr>\n<tr>\n<td>Ekonomiks<\/td>\n<td>20,000<\/td>\n<td>86,374<\/td>\n<\/tr>\n<tr>\n<td colspan=\"3\">\n<h3><span style=\"color:#008080\"><strong>Tarifat vjetore t\u00eb shkollimit p\u00ebr programet e studimit t\u00eb karaterit profesional 2-vje\u00e7ar&nbsp; pas arsimit t\u00eb mes\u00ebm<\/strong><\/span><\/h3>\n<\/td>\n<\/tr>\n<tr>\n<td>Edukim p\u00ebr foshnj\u00ebrin\u00eb dhe f\u00ebmij\u00ebrin\u00eb e hershme<\/td>\n<td>20,000<\/td>\n<td>20,000<\/td>\n<\/tr>\n<tr>\n<td>Menaxhim Biznesi Bujq\u00ebsor<\/td>\n<td>20,000<\/td>\n<td>20,000<\/td>\n<\/tr>\n<tr>\n<td>Teknika e prodhimit t\u00eb farave dhe fidan\u00ebve<\/td>\n<td>20,000<\/td>\n<td>20,000<\/td>\n<\/tr>\n<tr>\n<td>Menaxhim veterinar<\/td>\n<td>20,000<\/td>\n<td>20,000<\/td>\n<\/tr>\n<tr>\n<td>Sh\u00ebrbim Social&nbsp;<\/td>\n<td>20,000<\/td>\n<td>20,000<\/td>\n<\/tr>\n<tr>\n<td>Mb\u00ebshtet\u00ebs zyre p\u00ebr komunikim, bibliotek\u00eb dhe arkiv<\/td>\n<td>20,000<\/td>\n<td>20,000<\/td>\n<\/tr>\n<tr>\n<td>Asistent Menaxher<\/td>\n<td>20,000<\/td>\n<td>20,000<\/td>\n<\/tr>\n<tr>\n<td colspan=\"3\">\n<h3>Tarifat vjetore t\u00eb shkollimit p\u00ebr programet e ciklit t\u00eb dyt\u00eb &#8220;MASTER PROFESIONAL&#8221;<\/h3>\n<\/td>\n<\/tr>\n<tr>\n<td>&nbsp;<\/td>\n<td><strong>Tarifa p\u00ebr kredit p\u00ebr program t\u00eb par\u00eb<\/strong><\/td>\n<td><strong>Tarifa p\u00ebr kredit p\u00ebr program t\u00eb&nbsp; dyt\u00eb<\/strong><\/td>\n<\/tr>\n<tr>\n<td>\u201cM\u00ebsues p\u00ebr Arsimin e Mes\u00ebm t\u00eb Lart\u00eb n\u00eb \u201cGjuh\u00eb-Let\u00ebrsi\u201d<\/td>\n<td>1,000<\/td>\n<td>1,200<\/td>\n<\/tr>\n<tr>\n<td>\u201cM\u00ebsues p\u00ebr Arsimin e Mes\u00ebm t\u00eb Lart\u00eb n\u00eb \u201cGjuh\u00eb Angleze\u201d<\/td>\n<td>1,000<\/td>\n<td>1,200<\/td>\n<\/tr>\n<tr>\n<td>\u201cM\u00ebsues p\u00ebr Arsimin e Mes\u00ebm t\u00eb Lart\u00eb n\u00eb Histori-Gjeografi\u201d<\/td>\n<td>1,000<\/td>\n<td>1,200<\/td>\n<\/tr>\n<tr>\n<td>\u201cM\u00ebsues p\u00ebr Arsimin Fillor\u201d<\/td>\n<td>1,000<\/td>\n<td>1,200<\/td>\n<\/tr>\n<tr>\n<td>\u201cM\u00ebsimdh\u00ebnie p\u00ebr m\u00ebsuesit e shkollave profesionale\u201d<\/td>\n<td>1,000<\/td>\n<td>1,200<\/td>\n<\/tr>\n<tr>\n<td>\u201cM\u00ebsues p\u00ebr Arsimin e Mes\u00ebm n\u00eb \u201cFilozofi dhe Shkenca Sociale\u201d<\/td>\n<td>1,000<\/td>\n<td>1,200<\/td>\n<\/tr>\n<tr>\n<td>\u201cM\u00ebsues p\u00ebr Arsimin e Mes\u00ebm n\u00eb \u201cMatematik\u00eb dhe Informatik\u00eb-Fizik\u00eb\u201d<\/td>\n<td>1,000<\/td>\n<td>1,200<\/td>\n<\/tr>\n<tr>\n<td>\u201cM\u00ebsues p\u00ebr Arsimin e Mes\u00ebm n\u00eb \u201cBiologji-Kimi\u201d<\/td>\n<td>1,000<\/td>\n<td>1,200<\/td>\n<\/tr>\n<tr>\n<td>\u201cSistemet Moderne t\u00eb Telekomunikacionit dhe Teknologjit\u00eb e Internetit\u201d<\/td>\n<td>1,000<\/td>\n<td>1,200<\/td>\n<\/tr>\n<tr>\n<td>Infermieristik\u00eb<\/td>\n<td>1,000<\/td>\n<td>1,200<\/td>\n<\/tr>\n<tr>\n<td>Financ\u00eb &#8211; Kontabilitet<\/td>\n<td>1,000<\/td>\n<td>1,200<\/td>\n<\/tr>\n<tr>\n<td>Marketing<\/td>\n<td>1,000<\/td>\n<td>1,200<\/td>\n<\/tr>\n<tr>\n<td>Turiz\u00ebm<\/td>\n<td>1,000<\/td>\n<td>1,200<\/td>\n<\/tr>\n<tr>\n<td>Administrim Biznesi<\/td>\n<td>1,000<\/td>\n<td>1,200<\/td>\n<\/tr>\n<tr>\n<td>Zhvillim i integruar rural<\/td>\n<td>1,000<\/td>\n<td>1,200<\/td>\n<\/tr>\n<tr>\n<td>Administrim Publik<\/td>\n<td>1,000<\/td>\n<td>1,200<\/td>\n<\/tr>\n<tr>\n<td>Bank\u00eb dhe Sigurime<\/td>\n<td>1,000<\/td>\n<td>1,200<\/td>\n<\/tr>\n<tr>\n<td>Inxhineri Agrare Profil Hortikultur\u00eb<\/td>\n<td>1,000<\/td>\n<td>1,200<\/td>\n<\/tr>\n<tr>\n<td>Cil\u00ebsia dhe Siguria Ushqimore<\/td>\n<td>1,000<\/td>\n<td>1,200<\/td>\n<\/tr>\n<tr>\n<td>Guid\u00eb Turistike<\/td>\n<td>1,000<\/td>\n<td>1,200<\/td>\n<\/tr>\n<tr>\n<td colspan=\"3\">\n<h3><span style=\"color:#008080\"><strong>Tarifat vjetore t\u00eb shkollimit p\u00ebr programet e ciklit t\u00eb dyt\u00eb &#8220;MASTER I SHKENCAVE&#8221;<\/strong><\/span><\/h3>\n<\/td>\n<\/tr>\n<tr>\n<td>Filozofi-Sociale<\/td>\n<td>1,250<\/td>\n<td>1,500<\/td>\n<\/tr>\n<tr>\n<td>Financ\u00eb<\/td>\n<td>1,250<\/td>\n<td>1,500<\/td>\n<\/tr>\n<tr>\n<td>Administrim biznesi n\u00eb Turiz\u00ebm dhe Mikpritje<\/td>\n<td>1,250<\/td>\n<td>1,500<\/td>\n<\/tr>\n<tr>\n<td>Mjek\u00ebsi e Bim\u00ebve<\/td>\n<td>1,250<\/td>\n<td>1,500<\/td>\n<\/tr>\n<tr>\n<td>Kultur\u00eb, Media dhe Editim<\/td>\n<td>1,250<\/td>\n<td>1,500<\/td>\n<\/tr>\n<tr>\n<td>&nbsp;<\/td>\n<td>&nbsp;<\/td>\n<td>&nbsp;<\/td>\n<\/tr>\n<tr>\n<td>&nbsp;<\/td>\n<td>&nbsp;<\/td>\n<td>&nbsp;<\/td>\n<\/tr>\n<tr>\n<td colspan=\"3\"><span style=\"color:#FF8C00\">* Sh\u00ebnim: Student\u00ebt p\u00ebrs\u00ebrit\u00ebs n\u00eb programet e ciklit t\u00eb dyt\u00eb&nbsp; do t\u00eb paguajn\u00eb t\u00eb nj\u00ebjt\u00ebn tarif\u00eb p\u00ebr kredit, nj\u00ebsoj si student\u00ebt e rregullt.<\/span><\/td>\n<\/tr>\n<tr>\n<td colspan=\"3\">\n<p><font color=\"#ff8c00\">Tarifa e regjistrimit paraprak 1600 lek\u00eb\/student n<\/font><span style=\"color:rgb(255, 140, 0)\">\u00eb programet Bachelor dhe Profesionale<\/span><\/p>\n<p><span style=\"color:rgb(255, 140, 0)\">Tarifa e regjistrimit paraprak 2500 lek\u00eb\/student n\u00eb programet e studimit Master<\/span><\/p>\n<p><span style=\"color:rgb(255, 140, 0)\">Tarifa e regjistrimit paraprak 3000 lek\u00eb\/student n\u00eb programet e dyta t\u00eb studimit<\/span><\/p>\n<p><span style=\"color:rgb(255, 140, 0)\">Tarifa e regjistrimit p\u00ebr konkurim n\u00eb programin &#8220;Edukim Fizik dhe Sporte&#8221; do t\u00eb jet\u00eb 5000 lek\u00eb\/student<\/span><\/p>\n<\/td>\n<\/tr>\n<\/tbody>\n<\/table>\n<style type=\"text\/css\">.tb_button {padding:1px;cursor:pointer;border-right: 1px solid #8b8b8b;border-left: 1px solid #FFF;border-bottom: 1px solid #fff;}.tb_button.hover {borer:2px outset #def; background-color: #f8f8f8 !important;}.ws_toolbar {z-index:100000} .ws_toolbar .ws_tb_btn {cursor:pointer;border:1px solid #555;padding:3px}   .tb_highlight{background-color:yellow} .tb_hide {visibility:hidden} .ws_toolbar img {padding:2px;margin:0px}\n<\/style>","protected":false},"excerpt":{"rendered":"","protected":false},"author":122,"featured_media":0,"parent":0,"menu_order":0,"comment_status":"closed","ping_status":"closed","template":"","meta":{"_acf_changed":false,"footnotes":""},"class_list":["post-8163","page","type-page","status-publish","hentry"],"acf":[],"yoast_head":"<!-- This site is optimized with the Yoast SEO plugin v26.9 - https:\/\/yoast.com\/product\/yoast-seo-wordpress\/ -->\n<title>TARIFAT E SHKOLLIMIT VITI AKADEMIK 2019-2020 - Universiteti &quot;Fan S. Noli&quot;, Kor\u00e7\u00eb<\/title>\n<meta name=\"robots\" content=\"index, follow, max-snippet:-1, max-image-preview:large, max-video-preview:-1\" \/>\n<link rel=\"canonical\" href=\"https:\/\/unkorce.edu.al\/en\/tarifat-e-shkollimit-viti-akademik-2019-2020\/\" \/>\n<meta property=\"og:locale\" content=\"en_US\" \/>\n<meta property=\"og:type\" content=\"article\" \/>\n<meta property=\"og:title\" content=\"TARIFAT E SHKOLLIMIT VITI AKADEMIK 2019-2020 - Universiteti &quot;Fan S. Noli&quot;, Kor\u00e7\u00eb\" \/>\n<meta property=\"og:url\" content=\"https:\/\/unkorce.edu.al\/en\/tarifat-e-shkollimit-viti-akademik-2019-2020\/\" \/>\n<meta property=\"og:site_name\" content=\"Universiteti &quot;Fan S. Noli&quot;, Kor\u00e7\u00eb\" \/>\n<meta property=\"article:publisher\" content=\"https:\/\/www.facebook.com\/unkorce\" \/>\n<meta name=\"twitter:card\" content=\"summary_large_image\" \/>\n<meta name=\"twitter:label1\" content=\"Est. reading time\" \/>\n\t<meta name=\"twitter:data1\" content=\"2 minutes\" \/>\n<script type=\"application\/ld+json\" class=\"yoast-schema-graph\">{\"@context\":\"https:\/\/schema.org\",\"@graph\":[{\"@type\":\"WebPage\",\"@id\":\"https:\/\/unkorce.edu.al\/tarifat-e-shkollimit-viti-akademik-2019-2020\/\",\"url\":\"https:\/\/unkorce.edu.al\/tarifat-e-shkollimit-viti-akademik-2019-2020\/\",\"name\":\"TARIFAT E SHKOLLIMIT VITI AKADEMIK 2019-2020 - Universiteti \\\"Fan S. Noli\\\", Kor\u00e7\u00eb\",\"isPartOf\":{\"@id\":\"https:\/\/unkorce.edu.al\/#website\"},\"datePublished\":\"2018-02-01T10:09:32+00:00\",\"breadcrumb\":{\"@id\":\"https:\/\/unkorce.edu.al\/tarifat-e-shkollimit-viti-akademik-2019-2020\/#breadcrumb\"},\"inLanguage\":\"en-US\",\"potentialAction\":[{\"@type\":\"ReadAction\",\"target\":[\"https:\/\/unkorce.edu.al\/tarifat-e-shkollimit-viti-akademik-2019-2020\/\"]}]},{\"@type\":\"BreadcrumbList\",\"@id\":\"https:\/\/unkorce.edu.al\/tarifat-e-shkollimit-viti-akademik-2019-2020\/#breadcrumb\",\"itemListElement\":[{\"@type\":\"ListItem\",\"position\":1,\"name\":\"Home\",\"item\":\"https:\/\/unkorce.edu.al\/\"},{\"@type\":\"ListItem\",\"position\":2,\"name\":\"TARIFAT E SHKOLLIMIT VITI AKADEMIK 2019-2020\"}]},{\"@type\":\"WebSite\",\"@id\":\"https:\/\/unkorce.edu.al\/#website\",\"url\":\"https:\/\/unkorce.edu.al\/\",\"name\":\"Universiteti \\\"Fan S. Noli\\\", Kor\u00e7\u00eb\",\"description\":\"Mir&euml;sevini n&euml; faqen zyrtare!\",\"publisher\":{\"@id\":\"https:\/\/unkorce.edu.al\/#organization\"},\"potentialAction\":[{\"@type\":\"SearchAction\",\"target\":{\"@type\":\"EntryPoint\",\"urlTemplate\":\"https:\/\/unkorce.edu.al\/?s={search_term_string}\"},\"query-input\":{\"@type\":\"PropertyValueSpecification\",\"valueRequired\":true,\"valueName\":\"search_term_string\"}}],\"inLanguage\":\"en-US\"},{\"@type\":\"Organization\",\"@id\":\"https:\/\/unkorce.edu.al\/#organization\",\"name\":\"Universiteti \\\"Fan S. Noli\\\", Kor\u00e7\u00eb\",\"url\":\"https:\/\/unkorce.edu.al\/\",\"logo\":{\"@type\":\"ImageObject\",\"inLanguage\":\"en-US\",\"@id\":\"https:\/\/unkorce.edu.al\/#\/schema\/logo\/image\/\",\"url\":\"https:\/\/unkorce.edu.al\/wp-content\/uploads\/2024\/08\/Logo_e_Universitetit__Fan_Noli_-e1726660879862.png\",\"contentUrl\":\"https:\/\/unkorce.edu.al\/wp-content\/uploads\/2024\/08\/Logo_e_Universitetit__Fan_Noli_-e1726660879862.png\",\"width\":200,\"height\":120,\"caption\":\"Universiteti \\\"Fan S. Noli\\\", Kor\u00e7\u00eb\"},\"image\":{\"@id\":\"https:\/\/unkorce.edu.al\/#\/schema\/logo\/image\/\"},\"sameAs\":[\"https:\/\/www.facebook.com\/unkorce\"]}]}<\/script>\n<!-- \/ Yoast SEO plugin. -->","yoast_head_json":{"title":"TARIFAT E SHKOLLIMIT VITI AKADEMIK 2019-2020 - Universiteti \"Fan S. Noli\", Kor\u00e7\u00eb","robots":{"index":"index","follow":"follow","max-snippet":"max-snippet:-1","max-image-preview":"max-image-preview:large","max-video-preview":"max-video-preview:-1"},"canonical":"https:\/\/unkorce.edu.al\/en\/tarifat-e-shkollimit-viti-akademik-2019-2020\/","og_locale":"en_US","og_type":"article","og_title":"TARIFAT E SHKOLLIMIT VITI AKADEMIK 2019-2020 - Universiteti \"Fan S. Noli\", Kor\u00e7\u00eb","og_url":"https:\/\/unkorce.edu.al\/en\/tarifat-e-shkollimit-viti-akademik-2019-2020\/","og_site_name":"Universiteti \"Fan S. Noli\", Kor\u00e7\u00eb","article_publisher":"https:\/\/www.facebook.com\/unkorce","twitter_card":"summary_large_image","twitter_misc":{"Est. reading time":"2 minutes"},"schema":{"@context":"https:\/\/schema.org","@graph":[{"@type":"WebPage","@id":"https:\/\/unkorce.edu.al\/tarifat-e-shkollimit-viti-akademik-2019-2020\/","url":"https:\/\/unkorce.edu.al\/tarifat-e-shkollimit-viti-akademik-2019-2020\/","name":"TARIFAT E SHKOLLIMIT VITI AKADEMIK 2019-2020 - Universiteti \"Fan S. Noli\", Kor\u00e7\u00eb","isPartOf":{"@id":"https:\/\/unkorce.edu.al\/#website"},"datePublished":"2018-02-01T10:09:32+00:00","breadcrumb":{"@id":"https:\/\/unkorce.edu.al\/tarifat-e-shkollimit-viti-akademik-2019-2020\/#breadcrumb"},"inLanguage":"en-US","potentialAction":[{"@type":"ReadAction","target":["https:\/\/unkorce.edu.al\/tarifat-e-shkollimit-viti-akademik-2019-2020\/"]}]},{"@type":"BreadcrumbList","@id":"https:\/\/unkorce.edu.al\/tarifat-e-shkollimit-viti-akademik-2019-2020\/#breadcrumb","itemListElement":[{"@type":"ListItem","position":1,"name":"Home","item":"https:\/\/unkorce.edu.al\/"},{"@type":"ListItem","position":2,"name":"TARIFAT E SHKOLLIMIT VITI AKADEMIK 2019-2020"}]},{"@type":"WebSite","@id":"https:\/\/unkorce.edu.al\/#website","url":"https:\/\/unkorce.edu.al\/","name":"Universiteti \"Fan S. Noli\", Kor\u00e7\u00eb","description":"Mir&euml;sevini n&euml; faqen zyrtare!","publisher":{"@id":"https:\/\/unkorce.edu.al\/#organization"},"potentialAction":[{"@type":"SearchAction","target":{"@type":"EntryPoint","urlTemplate":"https:\/\/unkorce.edu.al\/?s={search_term_string}"},"query-input":{"@type":"PropertyValueSpecification","valueRequired":true,"valueName":"search_term_string"}}],"inLanguage":"en-US"},{"@type":"Organization","@id":"https:\/\/unkorce.edu.al\/#organization","name":"Universiteti \"Fan S. Noli\", Kor\u00e7\u00eb","url":"https:\/\/unkorce.edu.al\/","logo":{"@type":"ImageObject","inLanguage":"en-US","@id":"https:\/\/unkorce.edu.al\/#\/schema\/logo\/image\/","url":"https:\/\/unkorce.edu.al\/wp-content\/uploads\/2024\/08\/Logo_e_Universitetit__Fan_Noli_-e1726660879862.png","contentUrl":"https:\/\/unkorce.edu.al\/wp-content\/uploads\/2024\/08\/Logo_e_Universitetit__Fan_Noli_-e1726660879862.png","width":200,"height":120,"caption":"Universiteti \"Fan S. Noli\", Kor\u00e7\u00eb"},"image":{"@id":"https:\/\/unkorce.edu.al\/#\/schema\/logo\/image\/"},"sameAs":["https:\/\/www.facebook.com\/unkorce"]}]}},"_links":{"self":[{"href":"https:\/\/unkorce.edu.al\/en\/wp-json\/wp\/v2\/pages\/8163","targetHints":{"allow":["GET"]}}],"collection":[{"href":"https:\/\/unkorce.edu.al\/en\/wp-json\/wp\/v2\/pages"}],"about":[{"href":"https:\/\/unkorce.edu.al\/en\/wp-json\/wp\/v2\/types\/page"}],"author":[{"embeddable":true,"href":"https:\/\/unkorce.edu.al\/en\/wp-json\/wp\/v2\/users\/122"}],"replies":[{"embeddable":true,"href":"https:\/\/unkorce.edu.al\/en\/wp-json\/wp\/v2\/comments?post=8163"}],"version-history":[{"count":0,"href":"https:\/\/unkorce.edu.al\/en\/wp-json\/wp\/v2\/pages\/8163\/revisions"}],"wp:attachment":[{"href":"https:\/\/unkorce.edu.al\/en\/wp-json\/wp\/v2\/media?parent=8163"}],"curies":[{"name":"wp","href":"https:\/\/api.w.org\/{rel}","templated":true}]}}