{"id":8162,"date":"2018-02-01T09:49:56","date_gmt":"2018-02-01T09:49:56","guid":{"rendered":"\/rregulat-e-regjistrimit\/"},"modified":"2018-02-01T09:49:56","modified_gmt":"2018-02-01T09:49:56","slug":"rregulat-e-regjistrimit","status":"publish","type":"page","link":"https:\/\/unkorce.edu.al\/en\/rregulat-e-regjistrimit\/","title":{"rendered":"Rregulat e regjistrimit"},"content":{"rendered":"<h2 class=\"rtecenter\"><a href=\"\/en\/sites\/default\/files\/Urdhri 672%2C dt 29.12.2017 Rregullore e Matures shteterore 2018.pdf\/\" style=\"text-align: center;\" target=\"_blank\" rel=\"noopener\"><img decoding=\"async\" alt=\"\" src=\"\/sites\/default\/files\/matura_icon_2.png\" style=\"height:80px; width:80px\" \/><\/a>&nbsp;<a href=\"\/en\/kriteret-e-pranimit\/\" style=\"text-align: center;\"><img decoding=\"async\" alt=\"\" src=\"\/sites\/default\/files\/kriteret.png\" style=\"height:80px; width:80px\" \/><\/a>&nbsp;<a href=\"\/en\/tarifat-e-shkollimit-viti-akademik-2019-2020\/\" style=\"text-align: center;\"><img decoding=\"async\" alt=\"\" src=\"\/sites\/default\/files\/tarifat_icon_0.png\" style=\"height:80px; width:80px\" \/><\/a>&nbsp;<a href=\"\/en\/rregulat-e-regjistrimit\/\" style=\"text-align: center;\"><img decoding=\"async\" alt=\"\" src=\"\/sites\/default\/files\/rregulla_icon_1.png\" style=\"height:100px; width:100px\" \/><\/a>&nbsp;<a href=\"\/en\/tarifat-e-sherbimeve\/\" style=\"text-align: center;\"><img decoding=\"async\" alt=\"\" src=\"\/sites\/default\/files\/tarifat_sherbime_icon.png\" style=\"height:80px; width:80px\" \/><\/a>&nbsp;<a href=\"\/sites\/default\/files\/kuotat_pranimit.pdf\"><img decoding=\"async\" alt=\"\" src=\"\/sites\/default\/files\/kuotat.png\" style=\"height:80px; width:80px\" \/><\/a><\/h2>\n<p><strong>UDH\u00cbZHIME 2019<\/strong><\/p>\n<p><img decoding=\"async\" alt=\"\" src=\"\/sites\/default\/files\/image_download\/adobe.gif\" style=\"float:left; font-family:georgia,serif; height:12px; margin:1px; width:17px\" \/><\/p>\n<p><a href=\"\/en\/sites\/default\/files\/UMASR%20Nr.%2010%2C%20date%2015.5.2019%20PER%20PROCEDURAT%20E%20APLIKIMIT%20DHE%20REGJISTRIMIT%202019-2020.pdf\/\"><span style=\"background-color:rgb(255, 255, 255); color:rgb(34, 34, 34); font-family:bookman old style,new york,times,serif; font-size:16px\">UDH\u00cbZIMIN E MASR P\u00ebr procedurat e aplikimit dhe regjistrimit p\u00ebr vitin akademik 2019-2020<\/span><\/a><\/p>\n<p><strong>UDHEZIME 2018<\/strong><\/p>\n<p>&nbsp;<img decoding=\"async\" alt=\"\" src=\"\/sites\/default\/files\/image_download\/adobe.gif\" style=\"float:left; font-family:georgia,serif; height:12px; margin:1px; width:17px\" \/><a href=\"\/en\/sites\/default\/files\/Udhezimi-nr.-31-date-13.9.2018.pdf\/\">Udhezim_nr_31_dt_13.9.2018<\/a><\/p>\n<p><img decoding=\"async\" alt=\"\" src=\"\/sites\/default\/files\/image_download\/adobe.gif\" style=\"float:left; font-family:georgia,serif; height:12px; margin:1px; width:17px\" \/>&nbsp;<a href=\"\/en\/sites\/default\/files\/UDHEZIM-NR.26-DATE-30.07.2018-PER-DISA-SHTESA-DHE-NDRYSHIME-NE-UDHEZIMIN-NR.18-DATE-21.05.2018-PER-PROCEDURAT-E-APLIKIMIT-DHE-TE-REGJISTRIMIT-NE-PROGRAMET-E-CIKLIT-TE-PARE-TE-STUDIMEVE-NE-PROG.pdf\/\" target=\"_blank\" rel=\"noopener\">Udhezimi_26,_dt_30.7.2018<\/a><\/p>\n<p><img decoding=\"async\" alt=\"\" src=\"\/sites\/default\/files\/image_download\/adobe.gif\" style=\"float:left; font-family:georgia,serif; height:12px; margin:1px; width:17px\" \/>&nbsp;<a href=\"\/en\/sites\/default\/files\/Udhezim_nr._18_dt._21.5.2018.pdf\/\">Udhezim_nr_18_dt_21.5.2018<\/a><\/p>\n<p><strong>UDHEZIME 2017<\/strong><\/p>\n<p><img decoding=\"async\" alt=\"\" src=\"\/sites\/default\/files\/image_download\/adobe.gif\" style=\"float:left; font-family:georgia,serif; height:12px; margin:1px; width:17px\" \/>&nbsp;<a href=\"\/en\/sites\/default\/files\/Udhezim_nr_15_dt_19.5.2017_0.pdf\/\">Udhezim_nr_15_dt_19.5.2017<\/a><\/p>\n<p><img decoding=\"async\" alt=\"\" src=\"\/sites\/default\/files\/image_download\/adobe.gif\" style=\"float:left; font-family:georgia,serif; height:12px; margin:1px; width:17px\" \/>&nbsp;<a href=\"\/en\/sites\/default\/files\/udhezimi_18.1%2C_dt_17.8.2017_0.pdf\/\" target=\"_blank\" rel=\"noopener\">Udhezimi_18.1,_dt_17.8.2017<\/a><\/p>\n<p><img decoding=\"async\" alt=\"\" src=\"\/sites\/default\/files\/image_download\/adobe.gif\" style=\"float:left; font-family:georgia,serif; height:12px; margin:1px; width:17px\" \/>&nbsp;<a href=\"\/en\/files\/udhezim_nr_21_dt_2.10.2017_0.pdf\/\">Udhezim_nr_21_dt_2.10.2017<\/a><\/p>\n<p><img decoding=\"async\" alt=\"\" src=\"\/sites\/default\/files\/image_download\/adobe.gif\" style=\"float:left; font-family:georgia,serif; height:12px; margin:1px; width:17px\" \/>&nbsp;<a href=\"\/en\/sites\/default\/files\/urdhezim_nr_23_dt_16.10.2017.pdf\/\">Udhezim_nr_23_dt_16.10.2017<\/a><\/p>\n<div>&nbsp;<\/div>\n<div>&nbsp;<\/div>\n<div>&nbsp;<\/div>\n<div>&nbsp;<\/div>\n<div>&nbsp;<\/div>","protected":false},"excerpt":{"rendered":"<p>&nbsp;&nbsp;&nbsp;&nbsp;&nbsp; UDH\u00cbZHIME 2019 UDH\u00cbZIMIN E MASR P\u00ebr procedurat e aplikimit dhe regjistrimit p\u00ebr vitin akademik 2019-2020 UDHEZIME 2018 &nbsp;Udhezim_nr_31_dt_13.9.2018 &nbsp;Udhezimi_26,_dt_30.7.2018 &nbsp;Udhezim_nr_18_dt_21.5.2018 UDHEZIME 2017 &nbsp;Udhezim_nr_15_dt_19.5.2017 &nbsp;Udhezimi_18.1,_dt_17.8.2017 &nbsp;Udhezim_nr_21_dt_2.10.2017 &nbsp;Udhezim_nr_23_dt_16.10.2017 &nbsp; &nbsp; &nbsp; &nbsp; &nbsp;<\/p>","protected":false},"author":122,"featured_media":0,"parent":0,"menu_order":0,"comment_status":"closed","ping_status":"closed","template":"","meta":{"_acf_changed":false,"footnotes":""},"class_list":["post-8162","page","type-page","status-publish","hentry"],"acf":[],"yoast_head":"<!-- This site is optimized with the Yoast SEO plugin v26.9 - https:\/\/yoast.com\/product\/yoast-seo-wordpress\/ -->\n<title>Rregulat e regjistrimit - Universiteti &quot;Fan S. Noli&quot;, Kor\u00e7\u00eb<\/title>\n<meta name=\"robots\" content=\"index, follow, max-snippet:-1, max-image-preview:large, max-video-preview:-1\" \/>\n<link rel=\"canonical\" href=\"https:\/\/unkorce.edu.al\/en\/rregulat-e-regjistrimit\/\" \/>\n<meta property=\"og:locale\" content=\"en_US\" \/>\n<meta property=\"og:type\" content=\"article\" \/>\n<meta property=\"og:title\" content=\"Rregulat e regjistrimit - Universiteti &quot;Fan S. Noli&quot;, Kor\u00e7\u00eb\" \/>\n<meta property=\"og:description\" content=\"&nbsp;&nbsp;&nbsp;&nbsp;&nbsp; UDH\u00cbZHIME 2019 UDH\u00cbZIMIN E MASR P\u00ebr procedurat e aplikimit dhe regjistrimit p\u00ebr vitin akademik 2019-2020 UDHEZIME 2018 &nbsp;Udhezim_nr_31_dt_13.9.2018 &nbsp;Udhezimi_26,_dt_30.7.2018 &nbsp;Udhezim_nr_18_dt_21.5.2018 UDHEZIME 2017 &nbsp;Udhezim_nr_15_dt_19.5.2017 &nbsp;Udhezimi_18.1,_dt_17.8.2017 &nbsp;Udhezim_nr_21_dt_2.10.2017 &nbsp;Udhezim_nr_23_dt_16.10.2017 &nbsp; &nbsp; &nbsp; &nbsp; &nbsp;\" \/>\n<meta property=\"og:url\" content=\"https:\/\/unkorce.edu.al\/en\/rregulat-e-regjistrimit\/\" \/>\n<meta property=\"og:site_name\" content=\"Universiteti &quot;Fan S. Noli&quot;, Kor\u00e7\u00eb\" \/>\n<meta property=\"article:publisher\" content=\"https:\/\/www.facebook.com\/unkorce\" \/>\n<meta name=\"twitter:card\" content=\"summary_large_image\" \/>\n<script type=\"application\/ld+json\" class=\"yoast-schema-graph\">{\"@context\":\"https:\/\/schema.org\",\"@graph\":[{\"@type\":\"WebPage\",\"@id\":\"https:\/\/unkorce.edu.al\/rregulat-e-regjistrimit\/\",\"url\":\"https:\/\/unkorce.edu.al\/rregulat-e-regjistrimit\/\",\"name\":\"Rregulat e regjistrimit - Universiteti \\\"Fan S. Noli\\\", Kor\u00e7\u00eb\",\"isPartOf\":{\"@id\":\"https:\/\/unkorce.edu.al\/#website\"},\"datePublished\":\"2018-02-01T09:49:56+00:00\",\"breadcrumb\":{\"@id\":\"https:\/\/unkorce.edu.al\/rregulat-e-regjistrimit\/#breadcrumb\"},\"inLanguage\":\"en-US\",\"potentialAction\":[{\"@type\":\"ReadAction\",\"target\":[\"https:\/\/unkorce.edu.al\/rregulat-e-regjistrimit\/\"]}]},{\"@type\":\"BreadcrumbList\",\"@id\":\"https:\/\/unkorce.edu.al\/rregulat-e-regjistrimit\/#breadcrumb\",\"itemListElement\":[{\"@type\":\"ListItem\",\"position\":1,\"name\":\"Home\",\"item\":\"https:\/\/unkorce.edu.al\/\"},{\"@type\":\"ListItem\",\"position\":2,\"name\":\"Rregulat e regjistrimit\"}]},{\"@type\":\"WebSite\",\"@id\":\"https:\/\/unkorce.edu.al\/#website\",\"url\":\"https:\/\/unkorce.edu.al\/\",\"name\":\"Universiteti \\\"Fan S. Noli\\\", Kor\u00e7\u00eb\",\"description\":\"Mir&euml;sevini n&euml; faqen zyrtare!\",\"publisher\":{\"@id\":\"https:\/\/unkorce.edu.al\/#organization\"},\"potentialAction\":[{\"@type\":\"SearchAction\",\"target\":{\"@type\":\"EntryPoint\",\"urlTemplate\":\"https:\/\/unkorce.edu.al\/?s={search_term_string}\"},\"query-input\":{\"@type\":\"PropertyValueSpecification\",\"valueRequired\":true,\"valueName\":\"search_term_string\"}}],\"inLanguage\":\"en-US\"},{\"@type\":\"Organization\",\"@id\":\"https:\/\/unkorce.edu.al\/#organization\",\"name\":\"Universiteti \\\"Fan S. Noli\\\", Kor\u00e7\u00eb\",\"url\":\"https:\/\/unkorce.edu.al\/\",\"logo\":{\"@type\":\"ImageObject\",\"inLanguage\":\"en-US\",\"@id\":\"https:\/\/unkorce.edu.al\/#\/schema\/logo\/image\/\",\"url\":\"https:\/\/unkorce.edu.al\/wp-content\/uploads\/2024\/08\/Logo_e_Universitetit__Fan_Noli_-e1726660879862.png\",\"contentUrl\":\"https:\/\/unkorce.edu.al\/wp-content\/uploads\/2024\/08\/Logo_e_Universitetit__Fan_Noli_-e1726660879862.png\",\"width\":200,\"height\":120,\"caption\":\"Universiteti \\\"Fan S. Noli\\\", Kor\u00e7\u00eb\"},\"image\":{\"@id\":\"https:\/\/unkorce.edu.al\/#\/schema\/logo\/image\/\"},\"sameAs\":[\"https:\/\/www.facebook.com\/unkorce\"]}]}<\/script>\n<!-- \/ Yoast SEO plugin. -->","yoast_head_json":{"title":"Rregulat e regjistrimit - Universiteti \"Fan S. Noli\", Kor\u00e7\u00eb","robots":{"index":"index","follow":"follow","max-snippet":"max-snippet:-1","max-image-preview":"max-image-preview:large","max-video-preview":"max-video-preview:-1"},"canonical":"https:\/\/unkorce.edu.al\/en\/rregulat-e-regjistrimit\/","og_locale":"en_US","og_type":"article","og_title":"Rregulat e regjistrimit - Universiteti \"Fan S. Noli\", Kor\u00e7\u00eb","og_description":"&nbsp;&nbsp;&nbsp;&nbsp;&nbsp; UDH\u00cbZHIME 2019 UDH\u00cbZIMIN E MASR P\u00ebr procedurat e aplikimit dhe regjistrimit p\u00ebr vitin akademik 2019-2020 UDHEZIME 2018 &nbsp;Udhezim_nr_31_dt_13.9.2018 &nbsp;Udhezimi_26,_dt_30.7.2018 &nbsp;Udhezim_nr_18_dt_21.5.2018 UDHEZIME 2017 &nbsp;Udhezim_nr_15_dt_19.5.2017 &nbsp;Udhezimi_18.1,_dt_17.8.2017 &nbsp;Udhezim_nr_21_dt_2.10.2017 &nbsp;Udhezim_nr_23_dt_16.10.2017 &nbsp; &nbsp; &nbsp; &nbsp; &nbsp;","og_url":"https:\/\/unkorce.edu.al\/en\/rregulat-e-regjistrimit\/","og_site_name":"Universiteti \"Fan S. Noli\", Kor\u00e7\u00eb","article_publisher":"https:\/\/www.facebook.com\/unkorce","twitter_card":"summary_large_image","schema":{"@context":"https:\/\/schema.org","@graph":[{"@type":"WebPage","@id":"https:\/\/unkorce.edu.al\/rregulat-e-regjistrimit\/","url":"https:\/\/unkorce.edu.al\/rregulat-e-regjistrimit\/","name":"Rregulat e regjistrimit - Universiteti \"Fan S. Noli\", Kor\u00e7\u00eb","isPartOf":{"@id":"https:\/\/unkorce.edu.al\/#website"},"datePublished":"2018-02-01T09:49:56+00:00","breadcrumb":{"@id":"https:\/\/unkorce.edu.al\/rregulat-e-regjistrimit\/#breadcrumb"},"inLanguage":"en-US","potentialAction":[{"@type":"ReadAction","target":["https:\/\/unkorce.edu.al\/rregulat-e-regjistrimit\/"]}]},{"@type":"BreadcrumbList","@id":"https:\/\/unkorce.edu.al\/rregulat-e-regjistrimit\/#breadcrumb","itemListElement":[{"@type":"ListItem","position":1,"name":"Home","item":"https:\/\/unkorce.edu.al\/"},{"@type":"ListItem","position":2,"name":"Rregulat e regjistrimit"}]},{"@type":"WebSite","@id":"https:\/\/unkorce.edu.al\/#website","url":"https:\/\/unkorce.edu.al\/","name":"Universiteti \"Fan S. Noli\", Kor\u00e7\u00eb","description":"Mir&euml;sevini n&euml; faqen zyrtare!","publisher":{"@id":"https:\/\/unkorce.edu.al\/#organization"},"potentialAction":[{"@type":"SearchAction","target":{"@type":"EntryPoint","urlTemplate":"https:\/\/unkorce.edu.al\/?s={search_term_string}"},"query-input":{"@type":"PropertyValueSpecification","valueRequired":true,"valueName":"search_term_string"}}],"inLanguage":"en-US"},{"@type":"Organization","@id":"https:\/\/unkorce.edu.al\/#organization","name":"Universiteti \"Fan S. Noli\", Kor\u00e7\u00eb","url":"https:\/\/unkorce.edu.al\/","logo":{"@type":"ImageObject","inLanguage":"en-US","@id":"https:\/\/unkorce.edu.al\/#\/schema\/logo\/image\/","url":"https:\/\/unkorce.edu.al\/wp-content\/uploads\/2024\/08\/Logo_e_Universitetit__Fan_Noli_-e1726660879862.png","contentUrl":"https:\/\/unkorce.edu.al\/wp-content\/uploads\/2024\/08\/Logo_e_Universitetit__Fan_Noli_-e1726660879862.png","width":200,"height":120,"caption":"Universiteti \"Fan S. Noli\", Kor\u00e7\u00eb"},"image":{"@id":"https:\/\/unkorce.edu.al\/#\/schema\/logo\/image\/"},"sameAs":["https:\/\/www.facebook.com\/unkorce"]}]}},"_links":{"self":[{"href":"https:\/\/unkorce.edu.al\/en\/wp-json\/wp\/v2\/pages\/8162","targetHints":{"allow":["GET"]}}],"collection":[{"href":"https:\/\/unkorce.edu.al\/en\/wp-json\/wp\/v2\/pages"}],"about":[{"href":"https:\/\/unkorce.edu.al\/en\/wp-json\/wp\/v2\/types\/page"}],"author":[{"embeddable":true,"href":"https:\/\/unkorce.edu.al\/en\/wp-json\/wp\/v2\/users\/122"}],"replies":[{"embeddable":true,"href":"https:\/\/unkorce.edu.al\/en\/wp-json\/wp\/v2\/comments?post=8162"}],"version-history":[{"count":0,"href":"https:\/\/unkorce.edu.al\/en\/wp-json\/wp\/v2\/pages\/8162\/revisions"}],"wp:attachment":[{"href":"https:\/\/unkorce.edu.al\/en\/wp-json\/wp\/v2\/media?parent=8162"}],"curies":[{"name":"wp","href":"https:\/\/api.w.org\/{rel}","templated":true}]}}