{"id":8161,"date":"2018-01-30T12:34:48","date_gmt":"2018-01-30T12:34:48","guid":{"rendered":"\/kriteret-e-pranimit\/"},"modified":"2018-01-30T12:34:48","modified_gmt":"2018-01-30T12:34:48","slug":"kriteret-e-pranimit","status":"publish","type":"page","link":"https:\/\/unkorce.edu.al\/en\/kriteret-e-pranimit\/","title":{"rendered":"Kriteret e pranimit"},"content":{"rendered":"<h2 class=\"rtecenter\"><a href=\"\/sq\/maturant\u00ebt\" style=\"text-align: center;\" target=\"_blank\" rel=\"noopener\"><img decoding=\"async\" alt=\"\" src=\"\/sites\/default\/files\/matura_icon_2.png\" style=\"height:80px; width:80px\" \/><\/a>&nbsp;<a href=\"\/en\/kriteret-e-pranimit\/\" style=\"text-align: center;\"><img decoding=\"async\" alt=\"\" src=\"\/sites\/default\/files\/kriteret.png\" style=\"height:100px; width:100px\" \/><\/a>&nbsp;<a href=\"\/en\/tarifat-e-shkollimit-viti-akademik-2019-2020\/\" style=\"text-align: center;\"><img decoding=\"async\" alt=\"\" src=\"\/sites\/default\/files\/tarifat_icon_0.png\" style=\"height:80px; width:80px\" \/><\/a>&nbsp;<a href=\"\/en\/rregulat-e-regjistrimit\/\" style=\"text-align: center;\"><img decoding=\"async\" alt=\"\" src=\"\/sites\/default\/files\/rregulla_icon_1.png\" style=\"height:80px; width:80px\" \/><\/a>&nbsp;<a href=\"\/en\/tarifat-e-sherbimeve\/\"><img decoding=\"async\" alt=\"\" src=\"\/sites\/default\/files\/tarifat_sherbime_icon.png\" style=\"height:80px; width:80px\" \/><\/a>&nbsp;<a href=\"\/sites\/default\/files\/kuotat_pranimit.pdf\"><img decoding=\"async\" alt=\"\" src=\"\/sites\/default\/files\/kuotat.png\" style=\"height:80px; width:80px\" \/><\/a><\/h2>\n<h2><span style=\"color:#008080\"><strong>KRITERI I NOT\u00cbS MESATARE P\u00cbR PROGRAMET E STUDIMIT T\u00cb CIKLIT T\u00cb PAR\u00cb, PROGRAMET E INTEGRUARA T\u00cb CIKLIT T\u00cb DYT\u00cb SI DHE TRANSFERIMIN E STUDIMEVE N\u00cb VITET E ND\u00cbRMJETME P\u00cbR VITIN AKADEMIK 2020-2021<\/strong><\/span><\/h2>\n<p>Mb\u00ebshtetur n\u00eb VKM-n\u00eb nr 436, dat\u00eb 3.6.2020, kan\u00eb t\u00eb drejt\u00eb t\u00eb aplikojn\u00eb p\u00ebr t\u2019u pranuar n\u00eb Universitetin \u201cFan S. Noli\u201d, p\u00ebr vitin akademik 2020-2021:<\/p>\n<ul style=\"list-style-type:circle\">\n<li>In first-cycle study programs and integrated second-cycle study programs, candidates must have successfully completed upper secondary education with a minimum average grade of 6.5 (six point five):<\/li>\n<\/ul>\n<p><img decoding=\"async\" alt=\"\" src=\"\/sites\/default\/files\/V1.png\" \/><\/p>\n<ul style=\"list-style-type:circle\">\n<li>In foreign language study programs, candidates must have a minimum average grade of 7 (seven).<\/li>\n<\/ul>\n<p><img decoding=\"async\" alt=\"\" src=\"\/sites\/default\/files\/V2.png\" \/><\/p>\n<ul style=\"list-style-type:circle\">\n<li>In the first-cycle \u201cBachelor\u201d study programs that provide access to second-cycle \u201cMaster\u201d programs in the field of teaching, candidates must have a minimum average grade of 7.5 (seven point five).<\/li>\n<\/ul>\n<p><img decoding=\"async\" alt=\"\" src=\"\/sites\/default\/files\/V3.png\" \/><\/p>\n<ul style=\"list-style-type:circle\">\n<li>Candidates applying for admission to two-year professional study programs, as well as those applying to study programs in the fields of art and sports, are exempt from the requirement to meet the grade point average criterion.<\/li>\n<\/ul>\n<p><img decoding=\"async\" alt=\"\" src=\"\/sites\/default\/files\/V4.png\" \/><\/p>\n<ul style=\"list-style-type:circle\">\n<li>In cases of study transfers from within or outside the country, in the intermediate years of study programs within the same cycle, students must meet the grade point average criterion set by the relevant decision of the Council of Ministers for the academic year in which the student was admitted to the higher education institution, starting from the 2016\u20132017 academic year onwards.<\/li>\n<li>Candidates of Albanian origin from the Republic of Kosovo, North Macedonia, Montenegro, Presheva, Medvegja, and Bujanovac are exempt from the requirement to meet the grade point average criterion.<\/li>\n<\/ul>\n<p><span style=\"background-color:rgb(255, 255, 255); color:rgb(51, 51, 51); font-family:arial,helvetica,sans-serif; font-size:13px\">&nbsp;<\/span><span style=\"background-color:rgb(255, 255, 255); color:rgb(51, 51, 51); font-family:arial,helvetica,sans-serif; font-size:16px\"><img decoding=\"async\" src=\"http:\/\/172.16.0.2\/sites\/default\/files\/image_download\/adobe.gif\" style=\"border:0px; height:12px; margin:0px; max-width:100%; padding:0px; width:17px\" \/>&nbsp;<\/span><a href=\"\/en\/sites\/default\/files\/Kriteret%202018-2019.pdf\/\">VITI AKADEMIK 2018-2019<\/a><\/p>\n<p><span style=\"background-color:rgb(255, 255, 255); color:rgb(51, 51, 51); font-family:arial,helvetica,sans-serif; font-size:13px\">&nbsp;<\/span><span style=\"background-color:rgb(255, 255, 255); color:rgb(51, 51, 51); font-family:arial,helvetica,sans-serif; font-size:16px\"><img decoding=\"async\" src=\"http:\/\/172.16.0.2\/sites\/default\/files\/image_download\/adobe.gif\" style=\"border:0px; height:12px; margin:0px; max-width:100%; padding:0px; width:17px\" \/>&nbsp;<\/span><a href=\"\/en\/sites\/default\/files\/Kriteretr%202019-2020%20%281%29_1_0.pdf\/\">VITI AKADEMIK 2019-2020<\/a><\/p>\n<p><span style=\"background-color:rgb(255, 255, 255); color:rgb(51, 51, 51); font-family:arial,helvetica,sans-serif; font-size:13px\">&nbsp;<\/span><span style=\"background-color:rgb(255, 255, 255); color:rgb(51, 51, 51); font-family:arial,helvetica,sans-serif; font-size:16px\"><img decoding=\"async\" src=\"http:\/\/172.16.0.2\/sites\/default\/files\/image_download\/adobe.gif\" style=\"border:0px; height:12px; margin:0px; max-width:100%; padding:0px; width:17px\" \/>&nbsp;<\/span><a href=\"\/en\/sites\/default\/files\/Kriteret%202020-2021_0.pdf\/\">VITI AKADEMIK 2020-2021<\/a><br \/>\n&nbsp;<\/p>\n<hr \/>\n<p><img decoding=\"async\" src=\"http:\/\/172.16.0.2\/sites\/default\/files\/image_download\/adobe.gif\" style=\"border:0px; color:rgb(51, 51, 51); font-family:arial,helvetica,sans-serif; font-size:16px; height:12px; margin:0px; max-width:100%; padding:0px; width:17px\" \/>&nbsp;<a href=\"\/en\/sites\/default\/files\/VKM PER PER CAKTIMIN E KRITERIT TE NOTES MESATARE PER VITET AKADEMIKE 2020-2021 DHE 2021-2022 (1).pdf\/\">VKM P\u00cbR P\u00cbRCAKTIMIN E KRITERIT T\u00cb&nbsp;NOT\u00cbS MESATARE P\u00cbR VITET AKADEMIKE 2020-2021 DHE 2021-2022<\/a><\/p>\n<hr \/>\n<p>&nbsp;<\/p>","protected":false},"excerpt":{"rendered":"<p>&nbsp;&nbsp;&nbsp;&nbsp;&nbsp; KRITERI I NOT\u00cbS MESATARE P\u00cbR PROGRAMET E STUDIMIT T\u00cb CIKLIT T\u00cb PAR\u00cb, PROGRAMET E INTEGRUARA T\u00cb CIKLIT T\u00cb DYT\u00cb SI DHE TRANSFERIMIN E STUDIMEVE N\u00cb VITET E ND\u00cbRMJETME P\u00cbR VITIN AKADEMIK 2020-2021 Mb\u00ebshtetur n\u00eb VKM-n\u00eb nr 436, dat\u00eb 3.6.2020, kan\u00eb t\u00eb drejt\u00eb t\u00eb aplikojn\u00eb p\u00ebr t\u2019u pranuar n\u00eb Universitetin \u201cFan S. Noli\u201d, p\u00ebr vitin&#8230;<\/p>","protected":false},"author":122,"featured_media":0,"parent":0,"menu_order":0,"comment_status":"closed","ping_status":"closed","template":"","meta":{"_acf_changed":false,"footnotes":""},"class_list":["post-8161","page","type-page","status-publish","hentry"],"acf":[],"yoast_head":"<!-- This site is optimized with the Yoast SEO plugin v26.9 - https:\/\/yoast.com\/product\/yoast-seo-wordpress\/ -->\n<title>Kriteret e pranimit - Universiteti &quot;Fan S. Noli&quot;, Kor\u00e7\u00eb<\/title>\n<meta name=\"robots\" content=\"index, follow, max-snippet:-1, max-image-preview:large, max-video-preview:-1\" \/>\n<link rel=\"canonical\" href=\"https:\/\/unkorce.edu.al\/en\/kriteret-e-pranimit\/\" \/>\n<meta property=\"og:locale\" content=\"en_US\" \/>\n<meta property=\"og:type\" content=\"article\" \/>\n<meta property=\"og:title\" content=\"Kriteret e pranimit - Universiteti &quot;Fan S. Noli&quot;, Kor\u00e7\u00eb\" \/>\n<meta property=\"og:description\" content=\"&nbsp;&nbsp;&nbsp;&nbsp;&nbsp; KRITERI I NOT\u00cbS MESATARE P\u00cbR PROGRAMET E STUDIMIT T\u00cb CIKLIT T\u00cb PAR\u00cb, PROGRAMET E INTEGRUARA T\u00cb CIKLIT T\u00cb DYT\u00cb SI DHE TRANSFERIMIN E STUDIMEVE N\u00cb VITET E ND\u00cbRMJETME P\u00cbR VITIN AKADEMIK 2020-2021 Mb\u00ebshtetur n\u00eb VKM-n\u00eb nr 436, dat\u00eb 3.6.2020, kan\u00eb t\u00eb drejt\u00eb t\u00eb aplikojn\u00eb p\u00ebr t\u2019u pranuar n\u00eb Universitetin \u201cFan S. Noli\u201d, p\u00ebr vitin...\" \/>\n<meta property=\"og:url\" content=\"https:\/\/unkorce.edu.al\/en\/kriteret-e-pranimit\/\" \/>\n<meta property=\"og:site_name\" content=\"Universiteti &quot;Fan S. Noli&quot;, Kor\u00e7\u00eb\" \/>\n<meta property=\"article:publisher\" content=\"https:\/\/www.facebook.com\/unkorce\" \/>\n<meta property=\"og:image\" content=\"http:\/\/172.16.0.2\/sites\/default\/files\/image_download\/adobe.gif\" \/>\n<meta name=\"twitter:card\" content=\"summary_large_image\" \/>\n<meta name=\"twitter:label1\" content=\"Est. reading time\" \/>\n\t<meta name=\"twitter:data1\" content=\"2 minutes\" \/>\n<script type=\"application\/ld+json\" class=\"yoast-schema-graph\">{\"@context\":\"https:\/\/schema.org\",\"@graph\":[{\"@type\":\"WebPage\",\"@id\":\"https:\/\/unkorce.edu.al\/kriteret-e-pranimit\/\",\"url\":\"https:\/\/unkorce.edu.al\/kriteret-e-pranimit\/\",\"name\":\"Kriteret e pranimit - Universiteti \\\"Fan S. Noli\\\", Kor\u00e7\u00eb\",\"isPartOf\":{\"@id\":\"https:\/\/unkorce.edu.al\/#website\"},\"primaryImageOfPage\":{\"@id\":\"https:\/\/unkorce.edu.al\/kriteret-e-pranimit\/#primaryimage\"},\"image\":{\"@id\":\"https:\/\/unkorce.edu.al\/kriteret-e-pranimit\/#primaryimage\"},\"thumbnailUrl\":\"http:\/\/172.16.0.2\/sites\/default\/files\/image_download\/adobe.gif\",\"datePublished\":\"2018-01-30T12:34:48+00:00\",\"breadcrumb\":{\"@id\":\"https:\/\/unkorce.edu.al\/kriteret-e-pranimit\/#breadcrumb\"},\"inLanguage\":\"en-US\",\"potentialAction\":[{\"@type\":\"ReadAction\",\"target\":[\"https:\/\/unkorce.edu.al\/kriteret-e-pranimit\/\"]}]},{\"@type\":\"ImageObject\",\"inLanguage\":\"en-US\",\"@id\":\"https:\/\/unkorce.edu.al\/kriteret-e-pranimit\/#primaryimage\",\"url\":\"http:\/\/172.16.0.2\/sites\/default\/files\/image_download\/adobe.gif\",\"contentUrl\":\"http:\/\/172.16.0.2\/sites\/default\/files\/image_download\/adobe.gif\"},{\"@type\":\"BreadcrumbList\",\"@id\":\"https:\/\/unkorce.edu.al\/kriteret-e-pranimit\/#breadcrumb\",\"itemListElement\":[{\"@type\":\"ListItem\",\"position\":1,\"name\":\"Home\",\"item\":\"https:\/\/unkorce.edu.al\/\"},{\"@type\":\"ListItem\",\"position\":2,\"name\":\"Kriteret e pranimit\"}]},{\"@type\":\"WebSite\",\"@id\":\"https:\/\/unkorce.edu.al\/#website\",\"url\":\"https:\/\/unkorce.edu.al\/\",\"name\":\"Universiteti \\\"Fan S. Noli\\\", Kor\u00e7\u00eb\",\"description\":\"Mir&euml;sevini n&euml; faqen zyrtare!\",\"publisher\":{\"@id\":\"https:\/\/unkorce.edu.al\/#organization\"},\"potentialAction\":[{\"@type\":\"SearchAction\",\"target\":{\"@type\":\"EntryPoint\",\"urlTemplate\":\"https:\/\/unkorce.edu.al\/?s={search_term_string}\"},\"query-input\":{\"@type\":\"PropertyValueSpecification\",\"valueRequired\":true,\"valueName\":\"search_term_string\"}}],\"inLanguage\":\"en-US\"},{\"@type\":\"Organization\",\"@id\":\"https:\/\/unkorce.edu.al\/#organization\",\"name\":\"Universiteti \\\"Fan S. Noli\\\", Kor\u00e7\u00eb\",\"url\":\"https:\/\/unkorce.edu.al\/\",\"logo\":{\"@type\":\"ImageObject\",\"inLanguage\":\"en-US\",\"@id\":\"https:\/\/unkorce.edu.al\/#\/schema\/logo\/image\/\",\"url\":\"https:\/\/unkorce.edu.al\/wp-content\/uploads\/2024\/08\/Logo_e_Universitetit__Fan_Noli_-e1726660879862.png\",\"contentUrl\":\"https:\/\/unkorce.edu.al\/wp-content\/uploads\/2024\/08\/Logo_e_Universitetit__Fan_Noli_-e1726660879862.png\",\"width\":200,\"height\":120,\"caption\":\"Universiteti \\\"Fan S. Noli\\\", Kor\u00e7\u00eb\"},\"image\":{\"@id\":\"https:\/\/unkorce.edu.al\/#\/schema\/logo\/image\/\"},\"sameAs\":[\"https:\/\/www.facebook.com\/unkorce\"]}]}<\/script>\n<!-- \/ Yoast SEO plugin. -->","yoast_head_json":{"title":"Kriteret e pranimit - Universiteti \"Fan S. Noli\", Kor\u00e7\u00eb","robots":{"index":"index","follow":"follow","max-snippet":"max-snippet:-1","max-image-preview":"max-image-preview:large","max-video-preview":"max-video-preview:-1"},"canonical":"https:\/\/unkorce.edu.al\/en\/kriteret-e-pranimit\/","og_locale":"en_US","og_type":"article","og_title":"Kriteret e pranimit - Universiteti \"Fan S. Noli\", Kor\u00e7\u00eb","og_description":"&nbsp;&nbsp;&nbsp;&nbsp;&nbsp; KRITERI I NOT\u00cbS MESATARE P\u00cbR PROGRAMET E STUDIMIT T\u00cb CIKLIT T\u00cb PAR\u00cb, PROGRAMET E INTEGRUARA T\u00cb CIKLIT T\u00cb DYT\u00cb SI DHE TRANSFERIMIN E STUDIMEVE N\u00cb VITET E ND\u00cbRMJETME P\u00cbR VITIN AKADEMIK 2020-2021 Mb\u00ebshtetur n\u00eb VKM-n\u00eb nr 436, dat\u00eb 3.6.2020, kan\u00eb t\u00eb drejt\u00eb t\u00eb aplikojn\u00eb p\u00ebr t\u2019u pranuar n\u00eb Universitetin \u201cFan S. Noli\u201d, p\u00ebr vitin...","og_url":"https:\/\/unkorce.edu.al\/en\/kriteret-e-pranimit\/","og_site_name":"Universiteti \"Fan S. Noli\", Kor\u00e7\u00eb","article_publisher":"https:\/\/www.facebook.com\/unkorce","og_image":[{"url":"http:\/\/172.16.0.2\/sites\/default\/files\/image_download\/adobe.gif","type":"","width":"","height":""}],"twitter_card":"summary_large_image","twitter_misc":{"Est. reading time":"2 minutes"},"schema":{"@context":"https:\/\/schema.org","@graph":[{"@type":"WebPage","@id":"https:\/\/unkorce.edu.al\/kriteret-e-pranimit\/","url":"https:\/\/unkorce.edu.al\/kriteret-e-pranimit\/","name":"Kriteret e pranimit - Universiteti \"Fan S. Noli\", Kor\u00e7\u00eb","isPartOf":{"@id":"https:\/\/unkorce.edu.al\/#website"},"primaryImageOfPage":{"@id":"https:\/\/unkorce.edu.al\/kriteret-e-pranimit\/#primaryimage"},"image":{"@id":"https:\/\/unkorce.edu.al\/kriteret-e-pranimit\/#primaryimage"},"thumbnailUrl":"http:\/\/172.16.0.2\/sites\/default\/files\/image_download\/adobe.gif","datePublished":"2018-01-30T12:34:48+00:00","breadcrumb":{"@id":"https:\/\/unkorce.edu.al\/kriteret-e-pranimit\/#breadcrumb"},"inLanguage":"en-US","potentialAction":[{"@type":"ReadAction","target":["https:\/\/unkorce.edu.al\/kriteret-e-pranimit\/"]}]},{"@type":"ImageObject","inLanguage":"en-US","@id":"https:\/\/unkorce.edu.al\/kriteret-e-pranimit\/#primaryimage","url":"http:\/\/172.16.0.2\/sites\/default\/files\/image_download\/adobe.gif","contentUrl":"http:\/\/172.16.0.2\/sites\/default\/files\/image_download\/adobe.gif"},{"@type":"BreadcrumbList","@id":"https:\/\/unkorce.edu.al\/kriteret-e-pranimit\/#breadcrumb","itemListElement":[{"@type":"ListItem","position":1,"name":"Home","item":"https:\/\/unkorce.edu.al\/"},{"@type":"ListItem","position":2,"name":"Kriteret e pranimit"}]},{"@type":"WebSite","@id":"https:\/\/unkorce.edu.al\/#website","url":"https:\/\/unkorce.edu.al\/","name":"Universiteti \"Fan S. Noli\", Kor\u00e7\u00eb","description":"Mir&euml;sevini n&euml; faqen zyrtare!","publisher":{"@id":"https:\/\/unkorce.edu.al\/#organization"},"potentialAction":[{"@type":"SearchAction","target":{"@type":"EntryPoint","urlTemplate":"https:\/\/unkorce.edu.al\/?s={search_term_string}"},"query-input":{"@type":"PropertyValueSpecification","valueRequired":true,"valueName":"search_term_string"}}],"inLanguage":"en-US"},{"@type":"Organization","@id":"https:\/\/unkorce.edu.al\/#organization","name":"Universiteti \"Fan S. Noli\", Kor\u00e7\u00eb","url":"https:\/\/unkorce.edu.al\/","logo":{"@type":"ImageObject","inLanguage":"en-US","@id":"https:\/\/unkorce.edu.al\/#\/schema\/logo\/image\/","url":"https:\/\/unkorce.edu.al\/wp-content\/uploads\/2024\/08\/Logo_e_Universitetit__Fan_Noli_-e1726660879862.png","contentUrl":"https:\/\/unkorce.edu.al\/wp-content\/uploads\/2024\/08\/Logo_e_Universitetit__Fan_Noli_-e1726660879862.png","width":200,"height":120,"caption":"Universiteti \"Fan S. Noli\", Kor\u00e7\u00eb"},"image":{"@id":"https:\/\/unkorce.edu.al\/#\/schema\/logo\/image\/"},"sameAs":["https:\/\/www.facebook.com\/unkorce"]}]}},"_links":{"self":[{"href":"https:\/\/unkorce.edu.al\/en\/wp-json\/wp\/v2\/pages\/8161","targetHints":{"allow":["GET"]}}],"collection":[{"href":"https:\/\/unkorce.edu.al\/en\/wp-json\/wp\/v2\/pages"}],"about":[{"href":"https:\/\/unkorce.edu.al\/en\/wp-json\/wp\/v2\/types\/page"}],"author":[{"embeddable":true,"href":"https:\/\/unkorce.edu.al\/en\/wp-json\/wp\/v2\/users\/122"}],"replies":[{"embeddable":true,"href":"https:\/\/unkorce.edu.al\/en\/wp-json\/wp\/v2\/comments?post=8161"}],"version-history":[{"count":0,"href":"https:\/\/unkorce.edu.al\/en\/wp-json\/wp\/v2\/pages\/8161\/revisions"}],"wp:attachment":[{"href":"https:\/\/unkorce.edu.al\/en\/wp-json\/wp\/v2\/media?parent=8161"}],"curies":[{"name":"wp","href":"https:\/\/api.w.org\/{rel}","templated":true}]}}