{"id":8151,"date":"2017-04-24T08:29:10","date_gmt":"2017-04-24T08:29:10","guid":{"rendered":"\/ceepus\/"},"modified":"2017-04-24T08:29:10","modified_gmt":"2017-04-24T08:29:10","slug":"ceepus","status":"publish","type":"page","link":"https:\/\/unkorce.edu.al\/en\/ceepus\/","title":{"rendered":"CEEPUS"},"content":{"rendered":"<p><strong>C<\/strong><strong>entral&nbsp;European&nbsp;Exchange&nbsp;Program forUniversity&nbsp;Studies<\/strong><\/p>\n<p><img decoding=\"async\" alt=\"\" src=\"http:\/\/172.16.0.2:8000\/sites\/default\/files\/logo_cepus.jpg\" \/>Programi CEEPUS (Central European Exchange Program for University Studies) ose program i Evrop\u00ebs Q\u00ebndrore p\u00ebr shk\u00ebmbim p\u00ebr studimet universitare, \u00ebsht\u00eb nj\u00eb program q\u00eb promovon shk\u00ebmbimin e pedagog\u00ebve dhe student\u00ebve t\u00eb universiteteve t\u00eb evrop\u00ebs q\u00ebndrore. Shtete q\u00eb jan\u00eb t\u00eb p\u00ebrfshira n\u00eb k\u00ebt\u00eb projekt&nbsp; jan\u00eb: AUSTRIA,SHQIPERIA,BULLGARIA,BOSNIA-HERCEGOVINA, KROACIA, CEKIA, HUNGARIA, MAQEDONIA, MALI I ZI, POLONIA, RUMANIA, SERBIA, SLLOVENIA, SLLOVAKIA DHE KOSOVA.<\/p>\n<p>N\u00eb kuad\u00ebr t\u00eb k\u00ebtij programi jan\u00eb fituar dy projekte n\u00eb t\u00eb cilat gjasht\u00eb pedagog\u00eb dhe nj\u00eb student do t\u00eb&nbsp; japin ose marin leksione n\u00eb universitetet partnere. Gjithashtu n\u00eb kuad\u00ebr t\u00eb k\u00ebtij projekti dy pedagog\u00eb dhe tre student\u00eb do t\u00eb vijn\u00eb t\u00eb japin ose marin leksione n\u00eb universitetin e Kor\u00e7\u00ebs.<\/p>\n<p>Me q\u00ebllim q\u00eb t\u00eb merni sa m\u00eb shum\u00eb informacion p\u00ebr programet e \u00e7do universiteti, ju lutem klikoni n\u00eb seksionin \u201cinformacion\u201d t\u00eb websit-it : http:\/\/&nbsp;<a href=\"http:\/\/www.ceepus.info\/\">www.ceepus.info<\/a><\/p>\n<p>&nbsp;<\/p>\n<p>P\u00ebr m\u00eb shum\u00eb informacion mund t\u00eb kontaktoni me:<\/p>\n<p>Monika Thimo &#8211; Specialiste ne Zyren e Projekteve dhe Kerkimit Shkencor<\/p>\n<p>e-mail:&nbsp;<a href=\"mailto:mthimo@unkorce.edu.al\">mthimo@unkorce.edu.al<\/a><\/p>\n<p>e-mail:&nbsp;<a href=\"mailto:monika.shano@gmail.com\">monika.shano@gmail.com<\/a><\/p>","protected":false},"excerpt":{"rendered":"<p>Central&nbsp;European&nbsp;Exchange&nbsp;Program forUniversity&nbsp;Studies Programi CEEPUS (Central European Exchange Program for University Studies) ose program i Evrop\u00ebs Q\u00ebndrore p\u00ebr shk\u00ebmbim p\u00ebr studimet universitare, \u00ebsht\u00eb nj\u00eb program q\u00eb promovon shk\u00ebmbimin e pedagog\u00ebve dhe student\u00ebve t\u00eb universiteteve t\u00eb evrop\u00ebs q\u00ebndrore. Shtete q\u00eb jan\u00eb t\u00eb p\u00ebrfshira n\u00eb k\u00ebt\u00eb projekt&nbsp; jan\u00eb: AUSTRIA,SHQIPERIA,BULLGARIA,BOSNIA-HERCEGOVINA, KROACIA, CEKIA, HUNGARIA, MAQEDONIA, MALI I ZI, POLONIA, RUMANIA,&#8230;<\/p>","protected":false},"author":122,"featured_media":0,"parent":0,"menu_order":0,"comment_status":"closed","ping_status":"closed","template":"","meta":{"_acf_changed":false,"footnotes":""},"class_list":["post-8151","page","type-page","status-publish","hentry"],"acf":[],"yoast_head":"<!-- This site is optimized with the Yoast SEO plugin v26.9 - https:\/\/yoast.com\/product\/yoast-seo-wordpress\/ -->\n<title>CEEPUS - Universiteti &quot;Fan S. Noli&quot;, Kor\u00e7\u00eb<\/title>\n<meta name=\"robots\" content=\"index, follow, max-snippet:-1, max-image-preview:large, max-video-preview:-1\" \/>\n<link rel=\"canonical\" href=\"https:\/\/unkorce.edu.al\/en\/ceepus\/\" \/>\n<meta property=\"og:locale\" content=\"en_US\" \/>\n<meta property=\"og:type\" content=\"article\" \/>\n<meta property=\"og:title\" content=\"CEEPUS - Universiteti &quot;Fan S. Noli&quot;, Kor\u00e7\u00eb\" \/>\n<meta property=\"og:description\" content=\"Central&nbsp;European&nbsp;Exchange&nbsp;Program forUniversity&nbsp;Studies Programi CEEPUS (Central European Exchange Program for University Studies) ose program i Evrop\u00ebs Q\u00ebndrore p\u00ebr shk\u00ebmbim p\u00ebr studimet universitare, \u00ebsht\u00eb nj\u00eb program q\u00eb promovon shk\u00ebmbimin e pedagog\u00ebve dhe student\u00ebve t\u00eb universiteteve t\u00eb evrop\u00ebs q\u00ebndrore. Shtete q\u00eb jan\u00eb t\u00eb p\u00ebrfshira n\u00eb k\u00ebt\u00eb projekt&nbsp; jan\u00eb: AUSTRIA,SHQIPERIA,BULLGARIA,BOSNIA-HERCEGOVINA, KROACIA, CEKIA, HUNGARIA, MAQEDONIA, MALI I ZI, POLONIA, RUMANIA,...\" \/>\n<meta property=\"og:url\" content=\"https:\/\/unkorce.edu.al\/en\/ceepus\/\" \/>\n<meta property=\"og:site_name\" content=\"Universiteti &quot;Fan S. Noli&quot;, Kor\u00e7\u00eb\" \/>\n<meta property=\"article:publisher\" content=\"https:\/\/www.facebook.com\/unkorce\" \/>\n<meta property=\"og:image\" content=\"http:\/\/172.16.0.2:8000\/sites\/default\/files\/logo_cepus.jpg\" \/>\n<meta name=\"twitter:card\" content=\"summary_large_image\" \/>\n<meta name=\"twitter:label1\" content=\"Est. reading time\" \/>\n\t<meta name=\"twitter:data1\" content=\"1 minute\" \/>\n<script type=\"application\/ld+json\" class=\"yoast-schema-graph\">{\"@context\":\"https:\/\/schema.org\",\"@graph\":[{\"@type\":\"WebPage\",\"@id\":\"https:\/\/unkorce.edu.al\/ceepus\/\",\"url\":\"https:\/\/unkorce.edu.al\/ceepus\/\",\"name\":\"CEEPUS - Universiteti \\\"Fan S. Noli\\\", Kor\u00e7\u00eb\",\"isPartOf\":{\"@id\":\"https:\/\/unkorce.edu.al\/#website\"},\"primaryImageOfPage\":{\"@id\":\"https:\/\/unkorce.edu.al\/ceepus\/#primaryimage\"},\"image\":{\"@id\":\"https:\/\/unkorce.edu.al\/ceepus\/#primaryimage\"},\"thumbnailUrl\":\"http:\/\/172.16.0.2:8000\/sites\/default\/files\/logo_cepus.jpg\",\"datePublished\":\"2017-04-24T08:29:10+00:00\",\"breadcrumb\":{\"@id\":\"https:\/\/unkorce.edu.al\/ceepus\/#breadcrumb\"},\"inLanguage\":\"en-US\",\"potentialAction\":[{\"@type\":\"ReadAction\",\"target\":[\"https:\/\/unkorce.edu.al\/ceepus\/\"]}]},{\"@type\":\"ImageObject\",\"inLanguage\":\"en-US\",\"@id\":\"https:\/\/unkorce.edu.al\/ceepus\/#primaryimage\",\"url\":\"http:\/\/172.16.0.2:8000\/sites\/default\/files\/logo_cepus.jpg\",\"contentUrl\":\"http:\/\/172.16.0.2:8000\/sites\/default\/files\/logo_cepus.jpg\"},{\"@type\":\"BreadcrumbList\",\"@id\":\"https:\/\/unkorce.edu.al\/ceepus\/#breadcrumb\",\"itemListElement\":[{\"@type\":\"ListItem\",\"position\":1,\"name\":\"Home\",\"item\":\"https:\/\/unkorce.edu.al\/\"},{\"@type\":\"ListItem\",\"position\":2,\"name\":\"CEEPUS\"}]},{\"@type\":\"WebSite\",\"@id\":\"https:\/\/unkorce.edu.al\/#website\",\"url\":\"https:\/\/unkorce.edu.al\/\",\"name\":\"Universiteti \\\"Fan S. Noli\\\", Kor\u00e7\u00eb\",\"description\":\"Mir&euml;sevini n&euml; faqen zyrtare!\",\"publisher\":{\"@id\":\"https:\/\/unkorce.edu.al\/#organization\"},\"potentialAction\":[{\"@type\":\"SearchAction\",\"target\":{\"@type\":\"EntryPoint\",\"urlTemplate\":\"https:\/\/unkorce.edu.al\/?s={search_term_string}\"},\"query-input\":{\"@type\":\"PropertyValueSpecification\",\"valueRequired\":true,\"valueName\":\"search_term_string\"}}],\"inLanguage\":\"en-US\"},{\"@type\":\"Organization\",\"@id\":\"https:\/\/unkorce.edu.al\/#organization\",\"name\":\"Universiteti \\\"Fan S. Noli\\\", Kor\u00e7\u00eb\",\"url\":\"https:\/\/unkorce.edu.al\/\",\"logo\":{\"@type\":\"ImageObject\",\"inLanguage\":\"en-US\",\"@id\":\"https:\/\/unkorce.edu.al\/#\/schema\/logo\/image\/\",\"url\":\"https:\/\/unkorce.edu.al\/wp-content\/uploads\/2024\/08\/Logo_e_Universitetit__Fan_Noli_-e1726660879862.png\",\"contentUrl\":\"https:\/\/unkorce.edu.al\/wp-content\/uploads\/2024\/08\/Logo_e_Universitetit__Fan_Noli_-e1726660879862.png\",\"width\":200,\"height\":120,\"caption\":\"Universiteti \\\"Fan S. Noli\\\", Kor\u00e7\u00eb\"},\"image\":{\"@id\":\"https:\/\/unkorce.edu.al\/#\/schema\/logo\/image\/\"},\"sameAs\":[\"https:\/\/www.facebook.com\/unkorce\"]}]}<\/script>\n<!-- \/ Yoast SEO plugin. -->","yoast_head_json":{"title":"CEEPUS - Universiteti \"Fan S. Noli\", Kor\u00e7\u00eb","robots":{"index":"index","follow":"follow","max-snippet":"max-snippet:-1","max-image-preview":"max-image-preview:large","max-video-preview":"max-video-preview:-1"},"canonical":"https:\/\/unkorce.edu.al\/en\/ceepus\/","og_locale":"en_US","og_type":"article","og_title":"CEEPUS - Universiteti \"Fan S. Noli\", Kor\u00e7\u00eb","og_description":"Central&nbsp;European&nbsp;Exchange&nbsp;Program forUniversity&nbsp;Studies Programi CEEPUS (Central European Exchange Program for University Studies) ose program i Evrop\u00ebs Q\u00ebndrore p\u00ebr shk\u00ebmbim p\u00ebr studimet universitare, \u00ebsht\u00eb nj\u00eb program q\u00eb promovon shk\u00ebmbimin e pedagog\u00ebve dhe student\u00ebve t\u00eb universiteteve t\u00eb evrop\u00ebs q\u00ebndrore. Shtete q\u00eb jan\u00eb t\u00eb p\u00ebrfshira n\u00eb k\u00ebt\u00eb projekt&nbsp; jan\u00eb: AUSTRIA,SHQIPERIA,BULLGARIA,BOSNIA-HERCEGOVINA, KROACIA, CEKIA, HUNGARIA, MAQEDONIA, MALI I ZI, POLONIA, RUMANIA,...","og_url":"https:\/\/unkorce.edu.al\/en\/ceepus\/","og_site_name":"Universiteti \"Fan S. Noli\", Kor\u00e7\u00eb","article_publisher":"https:\/\/www.facebook.com\/unkorce","og_image":[{"url":"http:\/\/172.16.0.2:8000\/sites\/default\/files\/logo_cepus.jpg","type":"","width":"","height":""}],"twitter_card":"summary_large_image","twitter_misc":{"Est. reading time":"1 minute"},"schema":{"@context":"https:\/\/schema.org","@graph":[{"@type":"WebPage","@id":"https:\/\/unkorce.edu.al\/ceepus\/","url":"https:\/\/unkorce.edu.al\/ceepus\/","name":"CEEPUS - Universiteti \"Fan S. Noli\", Kor\u00e7\u00eb","isPartOf":{"@id":"https:\/\/unkorce.edu.al\/#website"},"primaryImageOfPage":{"@id":"https:\/\/unkorce.edu.al\/ceepus\/#primaryimage"},"image":{"@id":"https:\/\/unkorce.edu.al\/ceepus\/#primaryimage"},"thumbnailUrl":"http:\/\/172.16.0.2:8000\/sites\/default\/files\/logo_cepus.jpg","datePublished":"2017-04-24T08:29:10+00:00","breadcrumb":{"@id":"https:\/\/unkorce.edu.al\/ceepus\/#breadcrumb"},"inLanguage":"en-US","potentialAction":[{"@type":"ReadAction","target":["https:\/\/unkorce.edu.al\/ceepus\/"]}]},{"@type":"ImageObject","inLanguage":"en-US","@id":"https:\/\/unkorce.edu.al\/ceepus\/#primaryimage","url":"http:\/\/172.16.0.2:8000\/sites\/default\/files\/logo_cepus.jpg","contentUrl":"http:\/\/172.16.0.2:8000\/sites\/default\/files\/logo_cepus.jpg"},{"@type":"BreadcrumbList","@id":"https:\/\/unkorce.edu.al\/ceepus\/#breadcrumb","itemListElement":[{"@type":"ListItem","position":1,"name":"Home","item":"https:\/\/unkorce.edu.al\/"},{"@type":"ListItem","position":2,"name":"CEEPUS"}]},{"@type":"WebSite","@id":"https:\/\/unkorce.edu.al\/#website","url":"https:\/\/unkorce.edu.al\/","name":"Universiteti \"Fan S. Noli\", Kor\u00e7\u00eb","description":"Mir&euml;sevini n&euml; faqen zyrtare!","publisher":{"@id":"https:\/\/unkorce.edu.al\/#organization"},"potentialAction":[{"@type":"SearchAction","target":{"@type":"EntryPoint","urlTemplate":"https:\/\/unkorce.edu.al\/?s={search_term_string}"},"query-input":{"@type":"PropertyValueSpecification","valueRequired":true,"valueName":"search_term_string"}}],"inLanguage":"en-US"},{"@type":"Organization","@id":"https:\/\/unkorce.edu.al\/#organization","name":"Universiteti \"Fan S. Noli\", Kor\u00e7\u00eb","url":"https:\/\/unkorce.edu.al\/","logo":{"@type":"ImageObject","inLanguage":"en-US","@id":"https:\/\/unkorce.edu.al\/#\/schema\/logo\/image\/","url":"https:\/\/unkorce.edu.al\/wp-content\/uploads\/2024\/08\/Logo_e_Universitetit__Fan_Noli_-e1726660879862.png","contentUrl":"https:\/\/unkorce.edu.al\/wp-content\/uploads\/2024\/08\/Logo_e_Universitetit__Fan_Noli_-e1726660879862.png","width":200,"height":120,"caption":"Universiteti \"Fan S. Noli\", Kor\u00e7\u00eb"},"image":{"@id":"https:\/\/unkorce.edu.al\/#\/schema\/logo\/image\/"},"sameAs":["https:\/\/www.facebook.com\/unkorce"]}]}},"_links":{"self":[{"href":"https:\/\/unkorce.edu.al\/en\/wp-json\/wp\/v2\/pages\/8151","targetHints":{"allow":["GET"]}}],"collection":[{"href":"https:\/\/unkorce.edu.al\/en\/wp-json\/wp\/v2\/pages"}],"about":[{"href":"https:\/\/unkorce.edu.al\/en\/wp-json\/wp\/v2\/types\/page"}],"author":[{"embeddable":true,"href":"https:\/\/unkorce.edu.al\/en\/wp-json\/wp\/v2\/users\/122"}],"replies":[{"embeddable":true,"href":"https:\/\/unkorce.edu.al\/en\/wp-json\/wp\/v2\/comments?post=8151"}],"version-history":[{"count":0,"href":"https:\/\/unkorce.edu.al\/en\/wp-json\/wp\/v2\/pages\/8151\/revisions"}],"wp:attachment":[{"href":"https:\/\/unkorce.edu.al\/en\/wp-json\/wp\/v2\/media?parent=8151"}],"curies":[{"name":"wp","href":"https:\/\/api.w.org\/{rel}","templated":true}]}}