{"id":8147,"date":"2017-03-24T13:02:36","date_gmt":"2017-03-24T13:02:36","guid":{"rendered":"\/mesazhi-i-dekanit-per-studentet\/"},"modified":"2017-03-24T13:02:36","modified_gmt":"2017-03-24T13:02:36","slug":"mesazhi-i-dekanit-per-studentet","status":"publish","type":"page","link":"https:\/\/unkorce.edu.al\/en\/mesazhi-i-dekanit-per-studentet\/","title":{"rendered":"MESAZHI I DEKANIT P\u00cbR STUDENT\u00cbT"},"content":{"rendered":"<p><strong>DEKANI I FAKULTETIT T\u00cb&nbsp;BUJQ\u00cbSIS\u00cb<\/strong><\/p>\n<p><img decoding=\"async\" alt=\"\" src=\"\/sites\/default\/files\/Gjergji-Mero.jpg\" style=\"border-image:none; border:0px currentColor; float:left; height:218px; margin:0px 5px; max-width:100%; padding:0px; width:180px\" \/><strong>T\u00eb nderuar student\u00eb!<\/strong><\/p>\n<p class=\"rtejustify\">M\u00eb lejoni t\u2019ju drejtohem me nj\u00eb shprehje falenderuese juve q\u00eb keni zgjedhur dhe preferuar t\u00eb studioni n\u00eb Fakultetin e Bujq\u00ebsis\u00eb t\u00eb Universitetit \u201cFan S. Noli\u201d Kor\u00e7\u00eb, duke ju siguruar se keni b\u00ebr\u00eb zgjedhjen m\u00eb t\u00eb mir\u00eb, m\u00eb t\u00eb qen\u00ebsishme, m\u00eb me vler\u00eb, p\u00ebr nj\u00eb t\u00eb ardhme m\u00eb t\u00eb sigurt t\u00eb jet\u00ebs suaj.<\/p>\n<p class=\"rtejustify\">Ju sot po studioni n\u00eb nj\u00eb Fakultet me tradit\u00eb 45-vje\u00e7are, i cili ka ditur t\u00eb evokoj\u00eb vlerat m\u00eb t\u00eb larta t\u00eb arsimit komb\u00ebtar, tradit\u00ebn e shk\u00eblqyer t\u00eb&nbsp; trash\u00ebguar nga brezat e mjaft pedagog\u00ebve q\u00eb kan\u00eb dh\u00ebn\u00eb dhe japin m\u00ebsim n\u00eb k\u00ebt\u00eb Fakultet. Ju gjeni te ne nj\u00eb staf mjaft t\u00eb kualifikuar, q\u00eb punon me shum\u00eb p\u00ebrkushtim dhe pasion, i cili di t\u00eb kultivoj\u00eb dashurin\u00eb p\u00ebr profesionin e v\u00ebshtir\u00eb, por mjaft t\u00eb bukur t\u00eb specialistit t\u00eb bujq\u00ebsis\u00eb.<\/p>\n<p class=\"rtejustify\">Ne tashm\u00eb ofrojm\u00eb diploma shum\u00eb t\u00eb k\u00ebrkuara n\u00eb tregun e pun\u00ebs,&nbsp; n\u00eb t\u00eb tre ciklet e studimit, duke p\u00ebrgatitur specialist\u00eb t\u00eb aft\u00eb n\u00eb fushat e agroushqimit, inxhinieris\u00eb agronomike, mjek\u00ebsis\u00eb s\u00eb bim\u00ebve dhe hortikultur\u00ebs, menaxhimit dhe drejtimit t\u00eb biznesit bujq\u00ebsor, si dhe n\u00eb at\u00eb t\u00eb zhvillimit t\u00eb integruar rural, duke i ardhur n\u00eb ndihm\u00eb rritjes s\u00eb ekonomis\u00eb dhe zhvillimit t\u00eb bujq\u00ebsis\u00eb n\u00eb rajonin ton\u00eb dhe m\u00eb gjer\u00eb.&nbsp;<\/p>\n<p class=\"rtejustify\">Fakulteti i Bujq\u00ebsis\u00eb ka vendosur dhe mban marr\u00ebdh\u00ebnie mjaft t\u00eb mira bashk\u00ebpunimi me universitete, fakultete dhe institucione k\u00ebrkimore-shkencore brenda dhe jasht\u00eb vendit. Ky bashk\u00ebpunim \u00ebsht\u00eb arritur n\u00eb kuad\u00ebr t\u00eb pjes\u00ebmarrjes s\u00eb fakultetit ton\u00eb si partner aktiv dhe serioz n\u00eb projekte komb\u00ebtare dhe nd\u00ebrkomb\u00ebtare me fakultete homologe t\u00eb universiteteve t\u00eb shum\u00eb vendeve evropiane, si: Itali, Greqi, Kosov\u00eb, Gjermani, Holland\u00eb, Kroaci, Maqedoni, Serbi, Finland\u00eb etj.&nbsp; &nbsp;&nbsp;<\/p>\n<p class=\"rtejustify\">Ju siguroj t\u00eb dashur student\u00eb, se k\u00ebtu do t\u00eb gjeni nj\u00eb mjedis t\u00eb ngroht\u00eb dhe frym\u00ebzues, nj\u00eb infrastruktur\u00eb bashk\u00ebkohore n\u00eb funksion t\u00eb p\u00ebrgatitjes suaj si specialist\u00eb t\u00eb aft\u00eb, t\u00eb pajisur me t\u00eb gjitha kompetencat q\u00eb k\u00ebrkon sot bujq\u00ebsia moderne.<\/p>\n<p class=\"rtejustify\"><strong>Faleminderit !<\/strong><\/p>\n<p>&nbsp;<\/p>\n<p><span style=\"font-size:18px\"><strong>Prof.as.dr. Gjergji Mero<\/strong><\/span><\/p>\n<p><strong>Nr.Tel:<\/strong>&nbsp;++355 822 48945&nbsp;&nbsp;&nbsp;<br \/>\n<strong>Fax:&nbsp;<\/strong>++355 822 48945<\/p>\n<p><strong>e-mail:&nbsp;<\/strong>&nbsp;<a href=\"mailto:gmero@unkorce.edu.al\" style=\"margin: 0px; padding: 0px; border: 0px currentColor; border-image: none; color: rgb(102, 102, 102); text-decoration: none;\">gmero@unkorce.edu.al<\/a><\/p>\n<p><strong><a href=\"mailto:gmero@unkorce.edu.al\" style=\"margin: 0px; padding: 0px; border: 0px currentColor; border-image: none; color: rgb(102, 102, 102); text-decoration: none;\">e-mail<\/a>:&nbsp;<\/strong>&nbsp;<a href=\"mailto:irenakallco@gmail.com\" style=\"margin: 0px; padding: 0px; border: 0px currentColor; border-image: none; color: rgb(102, 102, 102); text-decoration: none;\">gjmero@yahoo.com<\/a><\/p>","protected":false},"excerpt":{"rendered":"<p>DEKANI I FAKULTETIT T\u00cb&nbsp;BUJQ\u00cbSIS\u00cb T\u00eb nderuar student\u00eb! M\u00eb lejoni t\u2019ju drejtohem me nj\u00eb shprehje falenderuese juve q\u00eb keni zgjedhur dhe preferuar t\u00eb studioni n\u00eb Fakultetin e Bujq\u00ebsis\u00eb t\u00eb Universitetit \u201cFan S. Noli\u201d Kor\u00e7\u00eb, duke ju siguruar se keni b\u00ebr\u00eb zgjedhjen m\u00eb t\u00eb mir\u00eb, m\u00eb t\u00eb qen\u00ebsishme, m\u00eb me vler\u00eb, p\u00ebr nj\u00eb t\u00eb ardhme m\u00eb t\u00eb&#8230;<\/p>","protected":false},"author":122,"featured_media":0,"parent":0,"menu_order":0,"comment_status":"closed","ping_status":"closed","template":"","meta":{"_acf_changed":false,"footnotes":""},"class_list":["post-8147","page","type-page","status-publish","hentry"],"acf":[],"yoast_head":"<!-- This site is optimized with the Yoast SEO plugin v26.9 - https:\/\/yoast.com\/product\/yoast-seo-wordpress\/ -->\n<title>MESAZHI I DEKANIT P\u00cbR STUDENT\u00cbT - Universiteti &quot;Fan S. Noli&quot;, Kor\u00e7\u00eb<\/title>\n<meta name=\"robots\" content=\"index, follow, max-snippet:-1, max-image-preview:large, max-video-preview:-1\" \/>\n<link rel=\"canonical\" href=\"https:\/\/unkorce.edu.al\/en\/mesazhi-i-dekanit-per-studentet\/\" \/>\n<meta property=\"og:locale\" content=\"en_US\" \/>\n<meta property=\"og:type\" content=\"article\" \/>\n<meta property=\"og:title\" content=\"MESAZHI I DEKANIT P\u00cbR STUDENT\u00cbT - Universiteti &quot;Fan S. Noli&quot;, Kor\u00e7\u00eb\" \/>\n<meta property=\"og:description\" content=\"DEKANI I FAKULTETIT T\u00cb&nbsp;BUJQ\u00cbSIS\u00cb T\u00eb nderuar student\u00eb! M\u00eb lejoni t\u2019ju drejtohem me nj\u00eb shprehje falenderuese juve q\u00eb keni zgjedhur dhe preferuar t\u00eb studioni n\u00eb Fakultetin e Bujq\u00ebsis\u00eb t\u00eb Universitetit \u201cFan S. Noli\u201d Kor\u00e7\u00eb, duke ju siguruar se keni b\u00ebr\u00eb zgjedhjen m\u00eb t\u00eb mir\u00eb, m\u00eb t\u00eb qen\u00ebsishme, m\u00eb me vler\u00eb, p\u00ebr nj\u00eb t\u00eb ardhme m\u00eb t\u00eb...\" \/>\n<meta property=\"og:url\" content=\"https:\/\/unkorce.edu.al\/en\/mesazhi-i-dekanit-per-studentet\/\" \/>\n<meta property=\"og:site_name\" content=\"Universiteti &quot;Fan S. Noli&quot;, Kor\u00e7\u00eb\" \/>\n<meta property=\"article:publisher\" content=\"https:\/\/www.facebook.com\/unkorce\" \/>\n<meta name=\"twitter:card\" content=\"summary_large_image\" \/>\n<meta name=\"twitter:label1\" content=\"Est. reading time\" \/>\n\t<meta name=\"twitter:data1\" content=\"2 minutes\" \/>\n<script type=\"application\/ld+json\" class=\"yoast-schema-graph\">{\"@context\":\"https:\/\/schema.org\",\"@graph\":[{\"@type\":\"WebPage\",\"@id\":\"https:\/\/unkorce.edu.al\/mesazhi-i-dekanit-per-studentet\/\",\"url\":\"https:\/\/unkorce.edu.al\/mesazhi-i-dekanit-per-studentet\/\",\"name\":\"MESAZHI I DEKANIT P\u00cbR STUDENT\u00cbT - Universiteti \\\"Fan S. Noli\\\", Kor\u00e7\u00eb\",\"isPartOf\":{\"@id\":\"https:\/\/unkorce.edu.al\/#website\"},\"datePublished\":\"2017-03-24T13:02:36+00:00\",\"breadcrumb\":{\"@id\":\"https:\/\/unkorce.edu.al\/mesazhi-i-dekanit-per-studentet\/#breadcrumb\"},\"inLanguage\":\"en-US\",\"potentialAction\":[{\"@type\":\"ReadAction\",\"target\":[\"https:\/\/unkorce.edu.al\/mesazhi-i-dekanit-per-studentet\/\"]}]},{\"@type\":\"BreadcrumbList\",\"@id\":\"https:\/\/unkorce.edu.al\/mesazhi-i-dekanit-per-studentet\/#breadcrumb\",\"itemListElement\":[{\"@type\":\"ListItem\",\"position\":1,\"name\":\"Home\",\"item\":\"https:\/\/unkorce.edu.al\/\"},{\"@type\":\"ListItem\",\"position\":2,\"name\":\"MESAZHI I DEKANIT P\u00cbR STUDENT\u00cbT\"}]},{\"@type\":\"WebSite\",\"@id\":\"https:\/\/unkorce.edu.al\/#website\",\"url\":\"https:\/\/unkorce.edu.al\/\",\"name\":\"Universiteti \\\"Fan S. Noli\\\", Kor\u00e7\u00eb\",\"description\":\"Mir&euml;sevini n&euml; faqen zyrtare!\",\"publisher\":{\"@id\":\"https:\/\/unkorce.edu.al\/#organization\"},\"potentialAction\":[{\"@type\":\"SearchAction\",\"target\":{\"@type\":\"EntryPoint\",\"urlTemplate\":\"https:\/\/unkorce.edu.al\/?s={search_term_string}\"},\"query-input\":{\"@type\":\"PropertyValueSpecification\",\"valueRequired\":true,\"valueName\":\"search_term_string\"}}],\"inLanguage\":\"en-US\"},{\"@type\":\"Organization\",\"@id\":\"https:\/\/unkorce.edu.al\/#organization\",\"name\":\"Universiteti \\\"Fan S. Noli\\\", Kor\u00e7\u00eb\",\"url\":\"https:\/\/unkorce.edu.al\/\",\"logo\":{\"@type\":\"ImageObject\",\"inLanguage\":\"en-US\",\"@id\":\"https:\/\/unkorce.edu.al\/#\/schema\/logo\/image\/\",\"url\":\"https:\/\/unkorce.edu.al\/wp-content\/uploads\/2024\/08\/Logo_e_Universitetit__Fan_Noli_-e1726660879862.png\",\"contentUrl\":\"https:\/\/unkorce.edu.al\/wp-content\/uploads\/2024\/08\/Logo_e_Universitetit__Fan_Noli_-e1726660879862.png\",\"width\":200,\"height\":120,\"caption\":\"Universiteti \\\"Fan S. Noli\\\", Kor\u00e7\u00eb\"},\"image\":{\"@id\":\"https:\/\/unkorce.edu.al\/#\/schema\/logo\/image\/\"},\"sameAs\":[\"https:\/\/www.facebook.com\/unkorce\"]}]}<\/script>\n<!-- \/ Yoast SEO plugin. -->","yoast_head_json":{"title":"MESAZHI I DEKANIT P\u00cbR STUDENT\u00cbT - Universiteti \"Fan S. Noli\", Kor\u00e7\u00eb","robots":{"index":"index","follow":"follow","max-snippet":"max-snippet:-1","max-image-preview":"max-image-preview:large","max-video-preview":"max-video-preview:-1"},"canonical":"https:\/\/unkorce.edu.al\/en\/mesazhi-i-dekanit-per-studentet\/","og_locale":"en_US","og_type":"article","og_title":"MESAZHI I DEKANIT P\u00cbR STUDENT\u00cbT - Universiteti \"Fan S. Noli\", Kor\u00e7\u00eb","og_description":"DEKANI I FAKULTETIT T\u00cb&nbsp;BUJQ\u00cbSIS\u00cb T\u00eb nderuar student\u00eb! M\u00eb lejoni t\u2019ju drejtohem me nj\u00eb shprehje falenderuese juve q\u00eb keni zgjedhur dhe preferuar t\u00eb studioni n\u00eb Fakultetin e Bujq\u00ebsis\u00eb t\u00eb Universitetit \u201cFan S. Noli\u201d Kor\u00e7\u00eb, duke ju siguruar se keni b\u00ebr\u00eb zgjedhjen m\u00eb t\u00eb mir\u00eb, m\u00eb t\u00eb qen\u00ebsishme, m\u00eb me vler\u00eb, p\u00ebr nj\u00eb t\u00eb ardhme m\u00eb t\u00eb...","og_url":"https:\/\/unkorce.edu.al\/en\/mesazhi-i-dekanit-per-studentet\/","og_site_name":"Universiteti \"Fan S. Noli\", Kor\u00e7\u00eb","article_publisher":"https:\/\/www.facebook.com\/unkorce","twitter_card":"summary_large_image","twitter_misc":{"Est. reading time":"2 minutes"},"schema":{"@context":"https:\/\/schema.org","@graph":[{"@type":"WebPage","@id":"https:\/\/unkorce.edu.al\/mesazhi-i-dekanit-per-studentet\/","url":"https:\/\/unkorce.edu.al\/mesazhi-i-dekanit-per-studentet\/","name":"MESAZHI I DEKANIT P\u00cbR STUDENT\u00cbT - Universiteti \"Fan S. Noli\", Kor\u00e7\u00eb","isPartOf":{"@id":"https:\/\/unkorce.edu.al\/#website"},"datePublished":"2017-03-24T13:02:36+00:00","breadcrumb":{"@id":"https:\/\/unkorce.edu.al\/mesazhi-i-dekanit-per-studentet\/#breadcrumb"},"inLanguage":"en-US","potentialAction":[{"@type":"ReadAction","target":["https:\/\/unkorce.edu.al\/mesazhi-i-dekanit-per-studentet\/"]}]},{"@type":"BreadcrumbList","@id":"https:\/\/unkorce.edu.al\/mesazhi-i-dekanit-per-studentet\/#breadcrumb","itemListElement":[{"@type":"ListItem","position":1,"name":"Home","item":"https:\/\/unkorce.edu.al\/"},{"@type":"ListItem","position":2,"name":"MESAZHI I DEKANIT P\u00cbR STUDENT\u00cbT"}]},{"@type":"WebSite","@id":"https:\/\/unkorce.edu.al\/#website","url":"https:\/\/unkorce.edu.al\/","name":"Universiteti \"Fan S. Noli\", Kor\u00e7\u00eb","description":"Mir&euml;sevini n&euml; faqen zyrtare!","publisher":{"@id":"https:\/\/unkorce.edu.al\/#organization"},"potentialAction":[{"@type":"SearchAction","target":{"@type":"EntryPoint","urlTemplate":"https:\/\/unkorce.edu.al\/?s={search_term_string}"},"query-input":{"@type":"PropertyValueSpecification","valueRequired":true,"valueName":"search_term_string"}}],"inLanguage":"en-US"},{"@type":"Organization","@id":"https:\/\/unkorce.edu.al\/#organization","name":"Universiteti \"Fan S. Noli\", Kor\u00e7\u00eb","url":"https:\/\/unkorce.edu.al\/","logo":{"@type":"ImageObject","inLanguage":"en-US","@id":"https:\/\/unkorce.edu.al\/#\/schema\/logo\/image\/","url":"https:\/\/unkorce.edu.al\/wp-content\/uploads\/2024\/08\/Logo_e_Universitetit__Fan_Noli_-e1726660879862.png","contentUrl":"https:\/\/unkorce.edu.al\/wp-content\/uploads\/2024\/08\/Logo_e_Universitetit__Fan_Noli_-e1726660879862.png","width":200,"height":120,"caption":"Universiteti \"Fan S. Noli\", Kor\u00e7\u00eb"},"image":{"@id":"https:\/\/unkorce.edu.al\/#\/schema\/logo\/image\/"},"sameAs":["https:\/\/www.facebook.com\/unkorce"]}]}},"_links":{"self":[{"href":"https:\/\/unkorce.edu.al\/en\/wp-json\/wp\/v2\/pages\/8147","targetHints":{"allow":["GET"]}}],"collection":[{"href":"https:\/\/unkorce.edu.al\/en\/wp-json\/wp\/v2\/pages"}],"about":[{"href":"https:\/\/unkorce.edu.al\/en\/wp-json\/wp\/v2\/types\/page"}],"author":[{"embeddable":true,"href":"https:\/\/unkorce.edu.al\/en\/wp-json\/wp\/v2\/users\/122"}],"replies":[{"embeddable":true,"href":"https:\/\/unkorce.edu.al\/en\/wp-json\/wp\/v2\/comments?post=8147"}],"version-history":[{"count":0,"href":"https:\/\/unkorce.edu.al\/en\/wp-json\/wp\/v2\/pages\/8147\/revisions"}],"wp:attachment":[{"href":"https:\/\/unkorce.edu.al\/en\/wp-json\/wp\/v2\/media?parent=8147"}],"curies":[{"name":"wp","href":"https:\/\/api.w.org\/{rel}","templated":true}]}}