{"id":8139,"date":"2017-01-20T12:00:44","date_gmt":"2017-01-20T12:00:44","guid":{"rendered":"\/departamenti-i-gjuhes-dhe-i-letersise\/"},"modified":"2017-01-20T12:00:44","modified_gmt":"2017-01-20T12:00:44","slug":"departamenti-i-gjuhes-dhe-i-letersise","status":"publish","type":"page","link":"https:\/\/unkorce.edu.al\/en\/departamenti-i-gjuhes-dhe-i-letersise\/","title":{"rendered":"DEPARTAMENTI I GJUH\u00cbS DHE I LET\u00cbRSIS\u00cb"},"content":{"rendered":"<div style=\"background-color:#1A6EB3;color:#fff;padding:8px;padding-top:15px;padding-bottom:15px;border-bottom:px solid #104774;border-left:10px solid #104774;font-weight:bold;font-family: Georgia, serif;\"><img decoding=\"async\" alt=\"\" src=\"\/sites\/default\/files\/styles\/features\/public\/field\/image\/fak_edukimit.png?itok=gKNxeLeG\" style=\"float:right; height:88px; width:219px\" \/> DEPARTMENT OF LANGUAGE AND LITERATURE<\/div>\n<p><strong><span style=\"font-size:16px\"><u>Prof.as. dr. Jonela Spaho<\/u> (Head of Department)<\/span><\/strong><\/p>\n<p><strong><span style=\"font-size:16px\">Prof. dr. Ali Jashari (Rector of the University)<\/span><\/strong><\/p>\n<p><strong><span style=\"font-size:16px\">Prof.as. dr. Anyla Sara\u00e7i<\/span><\/strong><\/p>\n<p><strong><span style=\"font-size:16px\">Prof.as. dr. Dion Tushi<\/span><\/strong><\/p>\n<p><strong><span style=\"font-size:16px\">Prof. as. dr. Elona \u00c7e\u00e7e<\/span><\/strong><\/p>\n<p><strong><span style=\"font-size:16px\">Dr. &nbsp;&nbsp;Alma Pogoni<\/span><\/strong><\/p>\n<p><strong><span style=\"font-size:16px\">Phd. Arsinela Xhara<\/span><\/strong><\/p>\n<p><strong><span style=\"font-size:16px\">Dr.&nbsp;&nbsp; Eris Rusi<\/span><\/strong><\/p>\n<p><strong><span style=\"font-size:16px\">Dr.&nbsp; &nbsp;Ilir Shyta<\/span><\/strong><\/p>\n<p><strong><span style=\"font-size:16px\">Dr.&nbsp;&nbsp; Liri Seitllari<\/span><\/strong><\/p>\n<p><strong><span style=\"font-size:16px\">Msc. Hysnie Haxhillari<\/span><\/strong><\/p>\n<p><strong><span style=\"font-size:16px\">Msc. Neli Na\u00e7o<\/span><\/strong><\/p>\n<p><strong><span style=\"font-size:16px\">Msc. Olger Brame&nbsp;&nbsp;<\/span><\/strong><\/p>","protected":false},"excerpt":{"rendered":"<p>DEPARTMENT OF LANGUAGE AND LITERATURE Prof.as. dr. Jonela Spaho (Head of Department) Prof. dr. Ali Jashari (Rector of the University) Prof.as. dr. Anyla Sara\u00e7i Prof.as. dr. Dion Tushi Prof. as. dr. Elona \u00c7e\u00e7e Dr. &nbsp;&nbsp;Alma Pogoni Phd. Arsinela Xhara Dr.&nbsp;&nbsp; Eris Rusi Dr.&nbsp; &nbsp;Ilir Shyta Dr.&nbsp;&nbsp; Liri Seitllari Msc. Hysnie Haxhillari Msc. Neli Na\u00e7o Msc&#8230;.<\/p>","protected":false},"author":122,"featured_media":0,"parent":0,"menu_order":0,"comment_status":"closed","ping_status":"closed","template":"","meta":{"_acf_changed":false,"footnotes":""},"class_list":["post-8139","page","type-page","status-publish","hentry"],"acf":[],"yoast_head":"<!-- This site is optimized with the Yoast SEO plugin v26.9 - https:\/\/yoast.com\/product\/yoast-seo-wordpress\/ -->\n<title>DEPARTAMENTI I GJUH\u00cbS DHE I LET\u00cbRSIS\u00cb - Universiteti &quot;Fan S. Noli&quot;, Kor\u00e7\u00eb<\/title>\n<meta name=\"robots\" content=\"index, follow, max-snippet:-1, max-image-preview:large, max-video-preview:-1\" \/>\n<link rel=\"canonical\" href=\"https:\/\/unkorce.edu.al\/en\/departamenti-i-gjuhes-dhe-i-letersise\/\" \/>\n<meta property=\"og:locale\" content=\"en_US\" \/>\n<meta property=\"og:type\" content=\"article\" \/>\n<meta property=\"og:title\" content=\"DEPARTAMENTI I GJUH\u00cbS DHE I LET\u00cbRSIS\u00cb - Universiteti &quot;Fan S. Noli&quot;, Kor\u00e7\u00eb\" \/>\n<meta property=\"og:description\" content=\"DEPARTMENT OF LANGUAGE AND LITERATURE Prof.as. dr. Jonela Spaho (Head of Department) Prof. dr. Ali Jashari (Rector of the University) Prof.as. dr. Anyla Sara\u00e7i Prof.as. dr. Dion Tushi Prof. as. dr. Elona \u00c7e\u00e7e Dr. &nbsp;&nbsp;Alma Pogoni Phd. Arsinela Xhara Dr.&nbsp;&nbsp; Eris Rusi Dr.&nbsp; &nbsp;Ilir Shyta Dr.&nbsp;&nbsp; Liri Seitllari Msc. Hysnie Haxhillari Msc. Neli Na\u00e7o Msc....\" \/>\n<meta property=\"og:url\" content=\"https:\/\/unkorce.edu.al\/en\/departamenti-i-gjuhes-dhe-i-letersise\/\" \/>\n<meta property=\"og:site_name\" content=\"Universiteti &quot;Fan S. Noli&quot;, Kor\u00e7\u00eb\" \/>\n<meta property=\"article:publisher\" content=\"https:\/\/www.facebook.com\/unkorce\" \/>\n<meta name=\"twitter:card\" content=\"summary_large_image\" \/>\n<script type=\"application\/ld+json\" class=\"yoast-schema-graph\">{\"@context\":\"https:\/\/schema.org\",\"@graph\":[{\"@type\":\"WebPage\",\"@id\":\"https:\/\/unkorce.edu.al\/departamenti-i-gjuhes-dhe-i-letersise\/\",\"url\":\"https:\/\/unkorce.edu.al\/departamenti-i-gjuhes-dhe-i-letersise\/\",\"name\":\"DEPARTAMENTI I GJUH\u00cbS DHE I LET\u00cbRSIS\u00cb - Universiteti \\\"Fan S. Noli\\\", Kor\u00e7\u00eb\",\"isPartOf\":{\"@id\":\"https:\/\/unkorce.edu.al\/#website\"},\"datePublished\":\"2017-01-20T12:00:44+00:00\",\"breadcrumb\":{\"@id\":\"https:\/\/unkorce.edu.al\/departamenti-i-gjuhes-dhe-i-letersise\/#breadcrumb\"},\"inLanguage\":\"en-US\",\"potentialAction\":[{\"@type\":\"ReadAction\",\"target\":[\"https:\/\/unkorce.edu.al\/departamenti-i-gjuhes-dhe-i-letersise\/\"]}]},{\"@type\":\"BreadcrumbList\",\"@id\":\"https:\/\/unkorce.edu.al\/departamenti-i-gjuhes-dhe-i-letersise\/#breadcrumb\",\"itemListElement\":[{\"@type\":\"ListItem\",\"position\":1,\"name\":\"Home\",\"item\":\"https:\/\/unkorce.edu.al\/\"},{\"@type\":\"ListItem\",\"position\":2,\"name\":\"DEPARTAMENTI I GJUH\u00cbS DHE I LET\u00cbRSIS\u00cb\"}]},{\"@type\":\"WebSite\",\"@id\":\"https:\/\/unkorce.edu.al\/#website\",\"url\":\"https:\/\/unkorce.edu.al\/\",\"name\":\"Universiteti \\\"Fan S. Noli\\\", Kor\u00e7\u00eb\",\"description\":\"Mir&euml;sevini n&euml; faqen zyrtare!\",\"publisher\":{\"@id\":\"https:\/\/unkorce.edu.al\/#organization\"},\"potentialAction\":[{\"@type\":\"SearchAction\",\"target\":{\"@type\":\"EntryPoint\",\"urlTemplate\":\"https:\/\/unkorce.edu.al\/?s={search_term_string}\"},\"query-input\":{\"@type\":\"PropertyValueSpecification\",\"valueRequired\":true,\"valueName\":\"search_term_string\"}}],\"inLanguage\":\"en-US\"},{\"@type\":\"Organization\",\"@id\":\"https:\/\/unkorce.edu.al\/#organization\",\"name\":\"Universiteti \\\"Fan S. Noli\\\", Kor\u00e7\u00eb\",\"url\":\"https:\/\/unkorce.edu.al\/\",\"logo\":{\"@type\":\"ImageObject\",\"inLanguage\":\"en-US\",\"@id\":\"https:\/\/unkorce.edu.al\/#\/schema\/logo\/image\/\",\"url\":\"https:\/\/unkorce.edu.al\/wp-content\/uploads\/2024\/08\/Logo_e_Universitetit__Fan_Noli_-e1726660879862.png\",\"contentUrl\":\"https:\/\/unkorce.edu.al\/wp-content\/uploads\/2024\/08\/Logo_e_Universitetit__Fan_Noli_-e1726660879862.png\",\"width\":200,\"height\":120,\"caption\":\"Universiteti \\\"Fan S. Noli\\\", Kor\u00e7\u00eb\"},\"image\":{\"@id\":\"https:\/\/unkorce.edu.al\/#\/schema\/logo\/image\/\"},\"sameAs\":[\"https:\/\/www.facebook.com\/unkorce\"]}]}<\/script>\n<!-- \/ Yoast SEO plugin. -->","yoast_head_json":{"title":"DEPARTAMENTI I GJUH\u00cbS DHE I LET\u00cbRSIS\u00cb - Universiteti \"Fan S. Noli\", Kor\u00e7\u00eb","robots":{"index":"index","follow":"follow","max-snippet":"max-snippet:-1","max-image-preview":"max-image-preview:large","max-video-preview":"max-video-preview:-1"},"canonical":"https:\/\/unkorce.edu.al\/en\/departamenti-i-gjuhes-dhe-i-letersise\/","og_locale":"en_US","og_type":"article","og_title":"DEPARTAMENTI I GJUH\u00cbS DHE I LET\u00cbRSIS\u00cb - Universiteti \"Fan S. Noli\", Kor\u00e7\u00eb","og_description":"DEPARTMENT OF LANGUAGE AND LITERATURE Prof.as. dr. Jonela Spaho (Head of Department) Prof. dr. Ali Jashari (Rector of the University) Prof.as. dr. Anyla Sara\u00e7i Prof.as. dr. Dion Tushi Prof. as. dr. Elona \u00c7e\u00e7e Dr. &nbsp;&nbsp;Alma Pogoni Phd. Arsinela Xhara Dr.&nbsp;&nbsp; Eris Rusi Dr.&nbsp; &nbsp;Ilir Shyta Dr.&nbsp;&nbsp; Liri Seitllari Msc. Hysnie Haxhillari Msc. Neli Na\u00e7o Msc....","og_url":"https:\/\/unkorce.edu.al\/en\/departamenti-i-gjuhes-dhe-i-letersise\/","og_site_name":"Universiteti \"Fan S. Noli\", Kor\u00e7\u00eb","article_publisher":"https:\/\/www.facebook.com\/unkorce","twitter_card":"summary_large_image","schema":{"@context":"https:\/\/schema.org","@graph":[{"@type":"WebPage","@id":"https:\/\/unkorce.edu.al\/departamenti-i-gjuhes-dhe-i-letersise\/","url":"https:\/\/unkorce.edu.al\/departamenti-i-gjuhes-dhe-i-letersise\/","name":"DEPARTAMENTI I GJUH\u00cbS DHE I LET\u00cbRSIS\u00cb - Universiteti \"Fan S. Noli\", Kor\u00e7\u00eb","isPartOf":{"@id":"https:\/\/unkorce.edu.al\/#website"},"datePublished":"2017-01-20T12:00:44+00:00","breadcrumb":{"@id":"https:\/\/unkorce.edu.al\/departamenti-i-gjuhes-dhe-i-letersise\/#breadcrumb"},"inLanguage":"en-US","potentialAction":[{"@type":"ReadAction","target":["https:\/\/unkorce.edu.al\/departamenti-i-gjuhes-dhe-i-letersise\/"]}]},{"@type":"BreadcrumbList","@id":"https:\/\/unkorce.edu.al\/departamenti-i-gjuhes-dhe-i-letersise\/#breadcrumb","itemListElement":[{"@type":"ListItem","position":1,"name":"Home","item":"https:\/\/unkorce.edu.al\/"},{"@type":"ListItem","position":2,"name":"DEPARTAMENTI I GJUH\u00cbS DHE I LET\u00cbRSIS\u00cb"}]},{"@type":"WebSite","@id":"https:\/\/unkorce.edu.al\/#website","url":"https:\/\/unkorce.edu.al\/","name":"Universiteti \"Fan S. Noli\", Kor\u00e7\u00eb","description":"Mir&euml;sevini n&euml; faqen zyrtare!","publisher":{"@id":"https:\/\/unkorce.edu.al\/#organization"},"potentialAction":[{"@type":"SearchAction","target":{"@type":"EntryPoint","urlTemplate":"https:\/\/unkorce.edu.al\/?s={search_term_string}"},"query-input":{"@type":"PropertyValueSpecification","valueRequired":true,"valueName":"search_term_string"}}],"inLanguage":"en-US"},{"@type":"Organization","@id":"https:\/\/unkorce.edu.al\/#organization","name":"Universiteti \"Fan S. Noli\", Kor\u00e7\u00eb","url":"https:\/\/unkorce.edu.al\/","logo":{"@type":"ImageObject","inLanguage":"en-US","@id":"https:\/\/unkorce.edu.al\/#\/schema\/logo\/image\/","url":"https:\/\/unkorce.edu.al\/wp-content\/uploads\/2024\/08\/Logo_e_Universitetit__Fan_Noli_-e1726660879862.png","contentUrl":"https:\/\/unkorce.edu.al\/wp-content\/uploads\/2024\/08\/Logo_e_Universitetit__Fan_Noli_-e1726660879862.png","width":200,"height":120,"caption":"Universiteti \"Fan S. Noli\", Kor\u00e7\u00eb"},"image":{"@id":"https:\/\/unkorce.edu.al\/#\/schema\/logo\/image\/"},"sameAs":["https:\/\/www.facebook.com\/unkorce"]}]}},"_links":{"self":[{"href":"https:\/\/unkorce.edu.al\/en\/wp-json\/wp\/v2\/pages\/8139","targetHints":{"allow":["GET"]}}],"collection":[{"href":"https:\/\/unkorce.edu.al\/en\/wp-json\/wp\/v2\/pages"}],"about":[{"href":"https:\/\/unkorce.edu.al\/en\/wp-json\/wp\/v2\/types\/page"}],"author":[{"embeddable":true,"href":"https:\/\/unkorce.edu.al\/en\/wp-json\/wp\/v2\/users\/122"}],"replies":[{"embeddable":true,"href":"https:\/\/unkorce.edu.al\/en\/wp-json\/wp\/v2\/comments?post=8139"}],"version-history":[{"count":0,"href":"https:\/\/unkorce.edu.al\/en\/wp-json\/wp\/v2\/pages\/8139\/revisions"}],"wp:attachment":[{"href":"https:\/\/unkorce.edu.al\/en\/wp-json\/wp\/v2\/media?parent=8139"}],"curies":[{"name":"wp","href":"https:\/\/api.w.org\/{rel}","templated":true}]}}