{"id":8136,"date":"2017-01-13T11:44:45","date_gmt":"2017-01-13T11:44:45","guid":{"rendered":"\/njoftime\/"},"modified":"2017-01-13T11:44:45","modified_gmt":"2017-01-13T11:44:45","slug":"njoftime","status":"publish","type":"page","link":"https:\/\/unkorce.edu.al\/en\/njoftime\/","title":{"rendered":"Announcements"},"content":{"rendered":"<div>\n<h3>Bordi Editorial i Revistes se FE, STUDIME EKONOMIKE,&nbsp;hap thirrjen per numrin e dyte te revistes.<\/h3>\n<div>Te gjithe te interesuarit&nbsp;mund te dergojne punimet e tyre deri ne daten&nbsp;<strong>12 Prill 2020<\/strong>,&nbsp;<\/div>\n<div>n\u00eb adres\u00ebn e e-mail:&nbsp;<strong><a href=\"mailto:studimeekonomike@gmail.com\" rel=\"nofollow noopener\" style=\"color: rgb(17, 85, 204);\" target=\"_blank\">studimeekonomike@gmail.com<\/a><\/strong>&nbsp;&nbsp;<\/div>\n<div>Autor\u00ebt e punimeve duhet t\u00eb respektojn\u00eb formatin dhe k\u00ebrkesat q\u00eb jan\u00eb dh\u00ebn\u00eb tek rubrika&nbsp; UDH\u00cbZUES P\u00cbR KONTRIBUESIT&nbsp;<\/div>\n<div><a href=\"https:\/\/unkorce.edu.al\/en\/sites\/default\/files\/FE%20-%20Studime%20Ekonomike%20Vol.%201%20(1)%20%20%202019.pdf\/\" rel=\"nofollow noopener\" style=\"color: rgb(17, 85, 204);\" target=\"_blank\">https:\/\/www.unkorce.edu.al\/sites\/default\/files\/FE%20-%20Studime%20Ekonomike%20Vol.%201%20(1)%20%20%202019.pdf<\/a><\/div>\n<\/div>\n<div>&nbsp;<\/div>\n<h3><strong>Njoftim mbi aplikimet n\u00eb programin e fondit t\u00eb ekselenc\u00ebs p\u00ebr vitin akademik 2017-2018<\/strong><\/h3>\n<p><img decoding=\"async\" alt=\"\" src=\"\/sites\/default\/files\/file-page1_0.jpg\" style=\"height:957px; width:700px\" \/><br \/>\n&nbsp;<\/p>\n<h3><strong>Njoftim per bursa studimi<\/strong><\/h3>\n<p class=\"rtejustify\">Ambasada e Republikes se Turqise ne Tirane i paraqet komplimentet e saj Ministrise se Arsimit dhe Sportit te Republikes se Shqiperise dhe ka nderin te njoftoje se Republika e Turqise ka siguruar rnundesine per t&#8217;u akorduar studenteve te huaj bursa per studime universitare dhe pasuniversitare ne Turqi per vitin akademik 2016-2017.<\/p>\n<p class=\"rtejustify\">Te dhenat e pergjithshrne dhe kushtet per bursat mund te gjenden online ne adresen <u>www.turkiyeburslari.gov.tr<\/u>. Megjithese datat per fillimin e aplikimeve do te shpallen me vone, parashikohet qe aplikimet per te fituar burse per master dhe doktorature te fillojne ne fund te dhjetorit, ndersa per bursat per bachelor ne nje date te rnevonshme.<\/p>\n<p class=\"rtejustify\">Ambasada i lutet Ministrise se Nderuar qe te percillen ne institucionet arsimore shqiptare te interesuara informacioni i siperpermendur dhe adresa :<\/p>\n<p class=\"rtejustify\"><u>www.turkiyeburslari.gov.tr<\/u> .<\/p>\n<p class=\"rtejustify\">Ambasada e Republikes se Turqise ne Tirane perfiton nga rasti t&#8217;i perserise Ministrise se Arsimit dhe Sportit te Republikes se Shqiperise sigurimet e konsiderates se saj me te larte,<\/p>\n<p class=\"rteright\">Tirane, me 9 dhjetor 2016<\/p>\n<p>&nbsp;<\/p>\n<p>&nbsp;&nbsp;&nbsp;&nbsp;&nbsp;&nbsp;&nbsp;&nbsp;&nbsp;&nbsp;&nbsp;<\/p>\n<p>&nbsp;Tirane, me 9 dhjetor 2016<\/p>","protected":false},"excerpt":{"rendered":"<p>Bordi Editorial i Revistes se FE, STUDIME EKONOMIKE,&nbsp;hap thirrjen per numrin e dyte te revistes. Te gjithe te interesuarit&nbsp;mund te dergojne punimet e tyre deri ne daten&nbsp;12 Prill 2020,&nbsp; n\u00eb adres\u00ebn e e-mail:&nbsp;studimeekonomike@gmail.com&nbsp;&nbsp; Autor\u00ebt e punimeve duhet t\u00eb respektojn\u00eb formatin dhe k\u00ebrkesat q\u00eb jan\u00eb dh\u00ebn\u00eb tek rubrika&nbsp; UDH\u00cbZUES P\u00cbR KONTRIBUESIT&nbsp; https:\/\/www.unkorce.edu.al\/sites\/default\/files\/FE%20-%20Studime%20Ekonomike%20Vol.%201%20(1)%20%20%202019.pdf &nbsp; Njoftim mbi aplikimet&#8230;<\/p>","protected":false},"author":122,"featured_media":0,"parent":0,"menu_order":0,"comment_status":"closed","ping_status":"closed","template":"","meta":{"_acf_changed":false,"footnotes":""},"class_list":["post-8136","page","type-page","status-publish","hentry"],"acf":[],"yoast_head":"<!-- This site is optimized with the Yoast SEO plugin v26.9 - https:\/\/yoast.com\/product\/yoast-seo-wordpress\/ -->\n<title>Njoftime - Universiteti &quot;Fan S. Noli&quot;, Kor\u00e7\u00eb<\/title>\n<meta name=\"robots\" content=\"index, follow, max-snippet:-1, max-image-preview:large, max-video-preview:-1\" \/>\n<link rel=\"canonical\" href=\"https:\/\/unkorce.edu.al\/en\/njoftime\/\" \/>\n<meta property=\"og:locale\" content=\"en_US\" \/>\n<meta property=\"og:type\" content=\"article\" \/>\n<meta property=\"og:title\" content=\"Njoftime - Universiteti &quot;Fan S. Noli&quot;, Kor\u00e7\u00eb\" \/>\n<meta property=\"og:description\" content=\"Bordi Editorial i Revistes se FE, STUDIME EKONOMIKE,&nbsp;hap thirrjen per numrin e dyte te revistes. Te gjithe te interesuarit&nbsp;mund te dergojne punimet e tyre deri ne daten&nbsp;12 Prill 2020,&nbsp; n\u00eb adres\u00ebn e e-mail:&nbsp;studimeekonomike@gmail.com&nbsp;&nbsp; Autor\u00ebt e punimeve duhet t\u00eb respektojn\u00eb formatin dhe k\u00ebrkesat q\u00eb jan\u00eb dh\u00ebn\u00eb tek rubrika&nbsp; UDH\u00cbZUES P\u00cbR KONTRIBUESIT&nbsp; https:\/\/www.unkorce.edu.al\/sites\/default\/files\/FE%20-%20Studime%20Ekonomike%20Vol.%201%20(1)%20%20%202019.pdf &nbsp; Njoftim mbi aplikimet...\" \/>\n<meta property=\"og:url\" content=\"https:\/\/unkorce.edu.al\/en\/njoftime\/\" \/>\n<meta property=\"og:site_name\" content=\"Universiteti &quot;Fan S. Noli&quot;, Kor\u00e7\u00eb\" \/>\n<meta property=\"article:publisher\" content=\"https:\/\/www.facebook.com\/unkorce\" \/>\n<meta name=\"twitter:card\" content=\"summary_large_image\" \/>\n<meta name=\"twitter:label1\" content=\"Est. reading time\" \/>\n\t<meta name=\"twitter:data1\" content=\"1 minute\" \/>\n<script type=\"application\/ld+json\" class=\"yoast-schema-graph\">{\"@context\":\"https:\/\/schema.org\",\"@graph\":[{\"@type\":\"WebPage\",\"@id\":\"https:\/\/unkorce.edu.al\/njoftime\/\",\"url\":\"https:\/\/unkorce.edu.al\/njoftime\/\",\"name\":\"Njoftime - Universiteti \\\"Fan S. Noli\\\", Kor\u00e7\u00eb\",\"isPartOf\":{\"@id\":\"https:\/\/unkorce.edu.al\/#website\"},\"datePublished\":\"2017-01-13T11:44:45+00:00\",\"breadcrumb\":{\"@id\":\"https:\/\/unkorce.edu.al\/njoftime\/#breadcrumb\"},\"inLanguage\":\"en-US\",\"potentialAction\":[{\"@type\":\"ReadAction\",\"target\":[\"https:\/\/unkorce.edu.al\/njoftime\/\"]}]},{\"@type\":\"BreadcrumbList\",\"@id\":\"https:\/\/unkorce.edu.al\/njoftime\/#breadcrumb\",\"itemListElement\":[{\"@type\":\"ListItem\",\"position\":1,\"name\":\"Home\",\"item\":\"https:\/\/unkorce.edu.al\/\"},{\"@type\":\"ListItem\",\"position\":2,\"name\":\"Njoftime\"}]},{\"@type\":\"WebSite\",\"@id\":\"https:\/\/unkorce.edu.al\/#website\",\"url\":\"https:\/\/unkorce.edu.al\/\",\"name\":\"Universiteti \\\"Fan S. Noli\\\", Kor\u00e7\u00eb\",\"description\":\"Mir&euml;sevini n&euml; faqen zyrtare!\",\"publisher\":{\"@id\":\"https:\/\/unkorce.edu.al\/#organization\"},\"potentialAction\":[{\"@type\":\"SearchAction\",\"target\":{\"@type\":\"EntryPoint\",\"urlTemplate\":\"https:\/\/unkorce.edu.al\/?s={search_term_string}\"},\"query-input\":{\"@type\":\"PropertyValueSpecification\",\"valueRequired\":true,\"valueName\":\"search_term_string\"}}],\"inLanguage\":\"en-US\"},{\"@type\":\"Organization\",\"@id\":\"https:\/\/unkorce.edu.al\/#organization\",\"name\":\"Universiteti \\\"Fan S. Noli\\\", Kor\u00e7\u00eb\",\"url\":\"https:\/\/unkorce.edu.al\/\",\"logo\":{\"@type\":\"ImageObject\",\"inLanguage\":\"en-US\",\"@id\":\"https:\/\/unkorce.edu.al\/#\/schema\/logo\/image\/\",\"url\":\"https:\/\/unkorce.edu.al\/wp-content\/uploads\/2024\/08\/Logo_e_Universitetit__Fan_Noli_-e1726660879862.png\",\"contentUrl\":\"https:\/\/unkorce.edu.al\/wp-content\/uploads\/2024\/08\/Logo_e_Universitetit__Fan_Noli_-e1726660879862.png\",\"width\":200,\"height\":120,\"caption\":\"Universiteti \\\"Fan S. Noli\\\", Kor\u00e7\u00eb\"},\"image\":{\"@id\":\"https:\/\/unkorce.edu.al\/#\/schema\/logo\/image\/\"},\"sameAs\":[\"https:\/\/www.facebook.com\/unkorce\"]}]}<\/script>\n<!-- \/ Yoast SEO plugin. -->","yoast_head_json":{"title":"Njoftime - Universiteti \"Fan S. Noli\", Kor\u00e7\u00eb","robots":{"index":"index","follow":"follow","max-snippet":"max-snippet:-1","max-image-preview":"max-image-preview:large","max-video-preview":"max-video-preview:-1"},"canonical":"https:\/\/unkorce.edu.al\/en\/njoftime\/","og_locale":"en_US","og_type":"article","og_title":"Njoftime - Universiteti \"Fan S. Noli\", Kor\u00e7\u00eb","og_description":"Bordi Editorial i Revistes se FE, STUDIME EKONOMIKE,&nbsp;hap thirrjen per numrin e dyte te revistes. Te gjithe te interesuarit&nbsp;mund te dergojne punimet e tyre deri ne daten&nbsp;12 Prill 2020,&nbsp; n\u00eb adres\u00ebn e e-mail:&nbsp;studimeekonomike@gmail.com&nbsp;&nbsp; Autor\u00ebt e punimeve duhet t\u00eb respektojn\u00eb formatin dhe k\u00ebrkesat q\u00eb jan\u00eb dh\u00ebn\u00eb tek rubrika&nbsp; UDH\u00cbZUES P\u00cbR KONTRIBUESIT&nbsp; https:\/\/www.unkorce.edu.al\/sites\/default\/files\/FE%20-%20Studime%20Ekonomike%20Vol.%201%20(1)%20%20%202019.pdf &nbsp; Njoftim mbi aplikimet...","og_url":"https:\/\/unkorce.edu.al\/en\/njoftime\/","og_site_name":"Universiteti \"Fan S. Noli\", Kor\u00e7\u00eb","article_publisher":"https:\/\/www.facebook.com\/unkorce","twitter_card":"summary_large_image","twitter_misc":{"Est. reading time":"1 minute"},"schema":{"@context":"https:\/\/schema.org","@graph":[{"@type":"WebPage","@id":"https:\/\/unkorce.edu.al\/njoftime\/","url":"https:\/\/unkorce.edu.al\/njoftime\/","name":"Njoftime - Universiteti \"Fan S. Noli\", Kor\u00e7\u00eb","isPartOf":{"@id":"https:\/\/unkorce.edu.al\/#website"},"datePublished":"2017-01-13T11:44:45+00:00","breadcrumb":{"@id":"https:\/\/unkorce.edu.al\/njoftime\/#breadcrumb"},"inLanguage":"en-US","potentialAction":[{"@type":"ReadAction","target":["https:\/\/unkorce.edu.al\/njoftime\/"]}]},{"@type":"BreadcrumbList","@id":"https:\/\/unkorce.edu.al\/njoftime\/#breadcrumb","itemListElement":[{"@type":"ListItem","position":1,"name":"Home","item":"https:\/\/unkorce.edu.al\/"},{"@type":"ListItem","position":2,"name":"Njoftime"}]},{"@type":"WebSite","@id":"https:\/\/unkorce.edu.al\/#website","url":"https:\/\/unkorce.edu.al\/","name":"Universiteti \"Fan S. Noli\", Kor\u00e7\u00eb","description":"Mir&euml;sevini n&euml; faqen zyrtare!","publisher":{"@id":"https:\/\/unkorce.edu.al\/#organization"},"potentialAction":[{"@type":"SearchAction","target":{"@type":"EntryPoint","urlTemplate":"https:\/\/unkorce.edu.al\/?s={search_term_string}"},"query-input":{"@type":"PropertyValueSpecification","valueRequired":true,"valueName":"search_term_string"}}],"inLanguage":"en-US"},{"@type":"Organization","@id":"https:\/\/unkorce.edu.al\/#organization","name":"Universiteti \"Fan S. Noli\", Kor\u00e7\u00eb","url":"https:\/\/unkorce.edu.al\/","logo":{"@type":"ImageObject","inLanguage":"en-US","@id":"https:\/\/unkorce.edu.al\/#\/schema\/logo\/image\/","url":"https:\/\/unkorce.edu.al\/wp-content\/uploads\/2024\/08\/Logo_e_Universitetit__Fan_Noli_-e1726660879862.png","contentUrl":"https:\/\/unkorce.edu.al\/wp-content\/uploads\/2024\/08\/Logo_e_Universitetit__Fan_Noli_-e1726660879862.png","width":200,"height":120,"caption":"Universiteti \"Fan S. Noli\", Kor\u00e7\u00eb"},"image":{"@id":"https:\/\/unkorce.edu.al\/#\/schema\/logo\/image\/"},"sameAs":["https:\/\/www.facebook.com\/unkorce"]}]}},"_links":{"self":[{"href":"https:\/\/unkorce.edu.al\/en\/wp-json\/wp\/v2\/pages\/8136","targetHints":{"allow":["GET"]}}],"collection":[{"href":"https:\/\/unkorce.edu.al\/en\/wp-json\/wp\/v2\/pages"}],"about":[{"href":"https:\/\/unkorce.edu.al\/en\/wp-json\/wp\/v2\/types\/page"}],"author":[{"embeddable":true,"href":"https:\/\/unkorce.edu.al\/en\/wp-json\/wp\/v2\/users\/122"}],"replies":[{"embeddable":true,"href":"https:\/\/unkorce.edu.al\/en\/wp-json\/wp\/v2\/comments?post=8136"}],"version-history":[{"count":0,"href":"https:\/\/unkorce.edu.al\/en\/wp-json\/wp\/v2\/pages\/8136\/revisions"}],"wp:attachment":[{"href":"https:\/\/unkorce.edu.al\/en\/wp-json\/wp\/v2\/media?parent=8136"}],"curies":[{"name":"wp","href":"https:\/\/api.w.org\/{rel}","templated":true}]}}