{"id":8125,"date":"2016-12-29T08:37:54","date_gmt":"2016-12-29T08:37:54","guid":{"rendered":"\/laboratore-shkencor\/"},"modified":"2016-12-29T08:37:54","modified_gmt":"2016-12-29T08:37:54","slug":"laboratore-shkencor","status":"publish","type":"page","link":"https:\/\/unkorce.edu.al\/en\/laboratore-shkencor\/","title":{"rendered":"Laboratore shkencor"},"content":{"rendered":"<p class=\"rtejustify\">Pran\u00eb Fakultetit t\u00eb Bujq\u00ebsis\u00eb ekziston nj\u00eb baz\u00eb e mir\u00eb materiale e laboratorike.<\/p>\n<p class=\"rtejustify\">Konkretisht n\u00eb fakultet ka disa laborator\u00eb si:<\/p>\n<ul>\n<li class=\"rtejustify\">\n<p>Laboratori i Agroushqimit. Pajisjet prodhim i vitit 2010. Kryerja e analiz\u00ebs s\u00eb substancave t\u00eb ndryshme ushqimore dhe blegtorale. P\u00ebrdoret si laborator didaktik dhe analizash shkencore.<\/p>\n<\/li>\n<li class=\"rtejustify\">\n<p>Laboratori i Kimis\u00eb. P\u00ebrdoret si laborator didaktik.<\/p>\n<\/li>\n<li class=\"rtejustify\">\n<p>Laboratori i Mikrobiologjis\u00eb. Prodhim i vitit 2010<\/p>\n<\/li>\n<li class=\"rtejustify\">\n<p>Laboratori i Prodhimit Shtazor.&nbsp;P\u00ebrdoret si laborator didaktik.<\/p>\n<\/li>\n<li class=\"rtejustify\">\n<p>Laboratori i Agrokimis\u00eb. Te gjitha pajisjet prodhim i vitit 2015. P\u00ebrdoret si laborator didaktik.<\/p>\n<\/li>\n<li class=\"rtejustify\">\n<p>Laboratori i Pedologjis\u00eb. Pajisjet jan\u00eb prodhim i viteve 2006-2015. P\u00ebrdoret si laborator didaktik.<\/p>\n<\/li>\n<li class=\"rtejustify\">\n<p>Laboratori i Mbrojtjes s\u00eb bim\u00ebve q\u00eb sh\u00ebrben p\u00ebr studimin e patogjeneve bimore. P\u00ebrdoret si laborator didaktik.<\/p>\n<\/li>\n<li class=\"rtejustify\">\n<p>Laboratori i bimeve te arave P\u00ebrdoret si laborator didaktik.<\/p>\n<\/li>\n<li class=\"rtejustify\">\n<p>Laboratori i perimtarise. P\u00ebrdoret si laborator didaktik.<\/p>\n<\/li>\n<li class=\"rtejustify\">\n<p>Laboratori i frutikultures. P\u00ebrdoret si laborator didaktik.<\/p>\n<\/li>\n<li class=\"rtejustify\">\n<p>Laboratori i seleksionimit dhe prodhimit t\u00eb far\u00ebrave. P\u00ebrdoret si laborator didaktik.<\/p>\n<\/li>\n<\/ul>\n<p><img decoding=\"async\" alt=\"\" src=\"\/sites\/default\/files\/lab_bujq_1.jpg\" style=\"float:left; height:180px; margin:1px; text-align:justify; width:400px\" \/><\/p>\n<p class=\"rtejustify\">&nbsp;<\/p>\n<p class=\"rtejustify\">&nbsp;<\/p>\n<p class=\"rtejustify\">Ata pasurohen nga viti n\u00eb vit me baz\u00eb materiale dhe teknik\u00eb bashk\u00ebkohore.<\/p>\n<p class=\"rtejustify\">&nbsp;<\/p>\n<p class=\"rtejustify\">&nbsp;<\/p>\n<p class=\"rtejustify\">&nbsp;<\/p>\n<p class=\"rtejustify\">&nbsp;<\/p>\n<p class=\"rtejustify\">N\u00eb funksion t\u00eb student\u00ebve jan\u00eb ven\u00eb edhe<\/p>\n<ul>\n<li class=\"rtejustify\">laboratori i analizave t\u00eb standardeve pran\u00eb DRBUMB-it Kor\u00e7\u00eb si dhe<\/li>\n<li class=\"rtejustify\">laboratori i mikrobiologjis\u00eb dhe analizave t\u00eb ushqimeve n\u00eb Drejtorin\u00eb e Higjien\u00ebs dhe Epidemiologjis\u00eb, Kor\u00e7\u00eb.<\/li>\n<\/ul>","protected":false},"excerpt":{"rendered":"<p>Pran\u00eb Fakultetit t\u00eb Bujq\u00ebsis\u00eb ekziston nj\u00eb baz\u00eb e mir\u00eb materiale e laboratorike. Konkretisht n\u00eb fakultet ka disa laborator\u00eb si: Laboratori i Agroushqimit. Pajisjet prodhim i vitit 2010. Kryerja e analiz\u00ebs s\u00eb substancave t\u00eb ndryshme ushqimore dhe blegtorale. P\u00ebrdoret si laborator didaktik dhe analizash shkencore. Laboratori i Kimis\u00eb. P\u00ebrdoret si laborator didaktik. Laboratori i Mikrobiologjis\u00eb. Prodhim&#8230;<\/p>","protected":false},"author":122,"featured_media":0,"parent":0,"menu_order":0,"comment_status":"closed","ping_status":"closed","template":"","meta":{"_acf_changed":false,"footnotes":""},"class_list":["post-8125","page","type-page","status-publish","hentry"],"acf":[],"yoast_head":"<!-- This site is optimized with the Yoast SEO plugin v26.9 - https:\/\/yoast.com\/product\/yoast-seo-wordpress\/ -->\n<title>Laboratore shkencor - Universiteti &quot;Fan S. Noli&quot;, Kor\u00e7\u00eb<\/title>\n<meta name=\"robots\" content=\"index, follow, max-snippet:-1, max-image-preview:large, max-video-preview:-1\" \/>\n<link rel=\"canonical\" href=\"https:\/\/unkorce.edu.al\/en\/laboratore-shkencor\/\" \/>\n<meta property=\"og:locale\" content=\"en_US\" \/>\n<meta property=\"og:type\" content=\"article\" \/>\n<meta property=\"og:title\" content=\"Laboratore shkencor - Universiteti &quot;Fan S. Noli&quot;, Kor\u00e7\u00eb\" \/>\n<meta property=\"og:description\" content=\"Pran\u00eb Fakultetit t\u00eb Bujq\u00ebsis\u00eb ekziston nj\u00eb baz\u00eb e mir\u00eb materiale e laboratorike. Konkretisht n\u00eb fakultet ka disa laborator\u00eb si: Laboratori i Agroushqimit. Pajisjet prodhim i vitit 2010. Kryerja e analiz\u00ebs s\u00eb substancave t\u00eb ndryshme ushqimore dhe blegtorale. P\u00ebrdoret si laborator didaktik dhe analizash shkencore. Laboratori i Kimis\u00eb. P\u00ebrdoret si laborator didaktik. Laboratori i Mikrobiologjis\u00eb. Prodhim...\" \/>\n<meta property=\"og:url\" content=\"https:\/\/unkorce.edu.al\/en\/laboratore-shkencor\/\" \/>\n<meta property=\"og:site_name\" content=\"Universiteti &quot;Fan S. Noli&quot;, Kor\u00e7\u00eb\" \/>\n<meta property=\"article:publisher\" content=\"https:\/\/www.facebook.com\/unkorce\" \/>\n<meta name=\"twitter:card\" content=\"summary_large_image\" \/>\n<meta name=\"twitter:label1\" content=\"Est. reading time\" \/>\n\t<meta name=\"twitter:data1\" content=\"1 minute\" \/>\n<script type=\"application\/ld+json\" class=\"yoast-schema-graph\">{\"@context\":\"https:\/\/schema.org\",\"@graph\":[{\"@type\":\"WebPage\",\"@id\":\"https:\/\/unkorce.edu.al\/laboratore-shkencor\/\",\"url\":\"https:\/\/unkorce.edu.al\/laboratore-shkencor\/\",\"name\":\"Laboratore shkencor - Universiteti \\\"Fan S. Noli\\\", Kor\u00e7\u00eb\",\"isPartOf\":{\"@id\":\"https:\/\/unkorce.edu.al\/#website\"},\"datePublished\":\"2016-12-29T08:37:54+00:00\",\"breadcrumb\":{\"@id\":\"https:\/\/unkorce.edu.al\/laboratore-shkencor\/#breadcrumb\"},\"inLanguage\":\"en-US\",\"potentialAction\":[{\"@type\":\"ReadAction\",\"target\":[\"https:\/\/unkorce.edu.al\/laboratore-shkencor\/\"]}]},{\"@type\":\"BreadcrumbList\",\"@id\":\"https:\/\/unkorce.edu.al\/laboratore-shkencor\/#breadcrumb\",\"itemListElement\":[{\"@type\":\"ListItem\",\"position\":1,\"name\":\"Home\",\"item\":\"https:\/\/unkorce.edu.al\/\"},{\"@type\":\"ListItem\",\"position\":2,\"name\":\"Laboratore shkencor\"}]},{\"@type\":\"WebSite\",\"@id\":\"https:\/\/unkorce.edu.al\/#website\",\"url\":\"https:\/\/unkorce.edu.al\/\",\"name\":\"Universiteti \\\"Fan S. Noli\\\", Kor\u00e7\u00eb\",\"description\":\"Mir&euml;sevini n&euml; faqen zyrtare!\",\"publisher\":{\"@id\":\"https:\/\/unkorce.edu.al\/#organization\"},\"potentialAction\":[{\"@type\":\"SearchAction\",\"target\":{\"@type\":\"EntryPoint\",\"urlTemplate\":\"https:\/\/unkorce.edu.al\/?s={search_term_string}\"},\"query-input\":{\"@type\":\"PropertyValueSpecification\",\"valueRequired\":true,\"valueName\":\"search_term_string\"}}],\"inLanguage\":\"en-US\"},{\"@type\":\"Organization\",\"@id\":\"https:\/\/unkorce.edu.al\/#organization\",\"name\":\"Universiteti \\\"Fan S. Noli\\\", Kor\u00e7\u00eb\",\"url\":\"https:\/\/unkorce.edu.al\/\",\"logo\":{\"@type\":\"ImageObject\",\"inLanguage\":\"en-US\",\"@id\":\"https:\/\/unkorce.edu.al\/#\/schema\/logo\/image\/\",\"url\":\"https:\/\/unkorce.edu.al\/wp-content\/uploads\/2024\/08\/Logo_e_Universitetit__Fan_Noli_-e1726660879862.png\",\"contentUrl\":\"https:\/\/unkorce.edu.al\/wp-content\/uploads\/2024\/08\/Logo_e_Universitetit__Fan_Noli_-e1726660879862.png\",\"width\":200,\"height\":120,\"caption\":\"Universiteti \\\"Fan S. Noli\\\", Kor\u00e7\u00eb\"},\"image\":{\"@id\":\"https:\/\/unkorce.edu.al\/#\/schema\/logo\/image\/\"},\"sameAs\":[\"https:\/\/www.facebook.com\/unkorce\"]}]}<\/script>\n<!-- \/ Yoast SEO plugin. -->","yoast_head_json":{"title":"Laboratore shkencor - Universiteti \"Fan S. Noli\", Kor\u00e7\u00eb","robots":{"index":"index","follow":"follow","max-snippet":"max-snippet:-1","max-image-preview":"max-image-preview:large","max-video-preview":"max-video-preview:-1"},"canonical":"https:\/\/unkorce.edu.al\/en\/laboratore-shkencor\/","og_locale":"en_US","og_type":"article","og_title":"Laboratore shkencor - Universiteti \"Fan S. Noli\", Kor\u00e7\u00eb","og_description":"Pran\u00eb Fakultetit t\u00eb Bujq\u00ebsis\u00eb ekziston nj\u00eb baz\u00eb e mir\u00eb materiale e laboratorike. Konkretisht n\u00eb fakultet ka disa laborator\u00eb si: Laboratori i Agroushqimit. Pajisjet prodhim i vitit 2010. Kryerja e analiz\u00ebs s\u00eb substancave t\u00eb ndryshme ushqimore dhe blegtorale. P\u00ebrdoret si laborator didaktik dhe analizash shkencore. Laboratori i Kimis\u00eb. P\u00ebrdoret si laborator didaktik. Laboratori i Mikrobiologjis\u00eb. Prodhim...","og_url":"https:\/\/unkorce.edu.al\/en\/laboratore-shkencor\/","og_site_name":"Universiteti \"Fan S. Noli\", Kor\u00e7\u00eb","article_publisher":"https:\/\/www.facebook.com\/unkorce","twitter_card":"summary_large_image","twitter_misc":{"Est. reading time":"1 minute"},"schema":{"@context":"https:\/\/schema.org","@graph":[{"@type":"WebPage","@id":"https:\/\/unkorce.edu.al\/laboratore-shkencor\/","url":"https:\/\/unkorce.edu.al\/laboratore-shkencor\/","name":"Laboratore shkencor - Universiteti \"Fan S. Noli\", Kor\u00e7\u00eb","isPartOf":{"@id":"https:\/\/unkorce.edu.al\/#website"},"datePublished":"2016-12-29T08:37:54+00:00","breadcrumb":{"@id":"https:\/\/unkorce.edu.al\/laboratore-shkencor\/#breadcrumb"},"inLanguage":"en-US","potentialAction":[{"@type":"ReadAction","target":["https:\/\/unkorce.edu.al\/laboratore-shkencor\/"]}]},{"@type":"BreadcrumbList","@id":"https:\/\/unkorce.edu.al\/laboratore-shkencor\/#breadcrumb","itemListElement":[{"@type":"ListItem","position":1,"name":"Home","item":"https:\/\/unkorce.edu.al\/"},{"@type":"ListItem","position":2,"name":"Laboratore shkencor"}]},{"@type":"WebSite","@id":"https:\/\/unkorce.edu.al\/#website","url":"https:\/\/unkorce.edu.al\/","name":"Universiteti \"Fan S. Noli\", Kor\u00e7\u00eb","description":"Mir&euml;sevini n&euml; faqen zyrtare!","publisher":{"@id":"https:\/\/unkorce.edu.al\/#organization"},"potentialAction":[{"@type":"SearchAction","target":{"@type":"EntryPoint","urlTemplate":"https:\/\/unkorce.edu.al\/?s={search_term_string}"},"query-input":{"@type":"PropertyValueSpecification","valueRequired":true,"valueName":"search_term_string"}}],"inLanguage":"en-US"},{"@type":"Organization","@id":"https:\/\/unkorce.edu.al\/#organization","name":"Universiteti \"Fan S. Noli\", Kor\u00e7\u00eb","url":"https:\/\/unkorce.edu.al\/","logo":{"@type":"ImageObject","inLanguage":"en-US","@id":"https:\/\/unkorce.edu.al\/#\/schema\/logo\/image\/","url":"https:\/\/unkorce.edu.al\/wp-content\/uploads\/2024\/08\/Logo_e_Universitetit__Fan_Noli_-e1726660879862.png","contentUrl":"https:\/\/unkorce.edu.al\/wp-content\/uploads\/2024\/08\/Logo_e_Universitetit__Fan_Noli_-e1726660879862.png","width":200,"height":120,"caption":"Universiteti \"Fan S. Noli\", Kor\u00e7\u00eb"},"image":{"@id":"https:\/\/unkorce.edu.al\/#\/schema\/logo\/image\/"},"sameAs":["https:\/\/www.facebook.com\/unkorce"]}]}},"_links":{"self":[{"href":"https:\/\/unkorce.edu.al\/en\/wp-json\/wp\/v2\/pages\/8125","targetHints":{"allow":["GET"]}}],"collection":[{"href":"https:\/\/unkorce.edu.al\/en\/wp-json\/wp\/v2\/pages"}],"about":[{"href":"https:\/\/unkorce.edu.al\/en\/wp-json\/wp\/v2\/types\/page"}],"author":[{"embeddable":true,"href":"https:\/\/unkorce.edu.al\/en\/wp-json\/wp\/v2\/users\/122"}],"replies":[{"embeddable":true,"href":"https:\/\/unkorce.edu.al\/en\/wp-json\/wp\/v2\/comments?post=8125"}],"version-history":[{"count":0,"href":"https:\/\/unkorce.edu.al\/en\/wp-json\/wp\/v2\/pages\/8125\/revisions"}],"wp:attachment":[{"href":"https:\/\/unkorce.edu.al\/en\/wp-json\/wp\/v2\/media?parent=8125"}],"curies":[{"name":"wp","href":"https:\/\/api.w.org\/{rel}","templated":true}]}}