{"id":8120,"date":"2016-12-13T11:27:31","date_gmt":"2016-12-13T11:27:31","guid":{"rendered":"\/programet-dhe-rregulloret-e-studimeve-ne-fshnh-2\/"},"modified":"2016-12-13T11:27:31","modified_gmt":"2016-12-13T11:27:31","slug":"programet-dhe-rregulloret-e-studimeve-ne-fshnh-2","status":"publish","type":"page","link":"https:\/\/unkorce.edu.al\/en\/programet-dhe-rregulloret-e-studimeve-ne-fshnh-2\/","title":{"rendered":"Programet dhe Rregulloret e Studimeve ne FSHNH"},"content":{"rendered":"<p><strong>N\u00eb vitin akademik 2018-2019 Fakulteti i&nbsp;<span style=\"font-family:times new roman,times,serif; font-size:16px\">Shkencave t\u00eb Natyr\u00ebs dhe Shkencave Humane&nbsp;<\/span>jep diplom\u00eb profesionale p\u00ebr programet&nbsp;profesionale 2-vje\u00e7are t\u00eb studimit:<\/strong><\/p>\n<p><strong>&nbsp;<\/strong><a href=\"\/en\/sites\/default\/files\/2%20vjecari.pdf\/\">&nbsp;Sh\u00ebrbim Social<\/a><\/p>\n<p><strong><span style=\"font-size:16px\"><span style=\"font-family:times new roman,times,serif\">N\u00eb vitin akademik 2018-2019 Fakulteti i Shkencave t\u00eb Natyr\u00ebs dhe Shkencave Humane jep diploma &#8220;Bachelor&#8221;<\/span>&nbsp;<span style=\"font-family:times new roman,times,serif\">p\u00ebr programet e studimit:<\/span><\/span><\/strong><\/p>\n<p><span style=\"font-size:16px\"><span style=\"font-family:times new roman,times,serif\">&nbsp;&nbsp;<a href=\"\/en\/sites\/default\/files\/Teknologji%20Informacioni%20%28Bachelor%29%20_0.pdf\/\">Teknologji Informacioni<\/a><\/span><\/span><\/p>\n<p><span style=\"font-size:16px\"><span style=\"font-family:times new roman,times,serif\">&nbsp;&nbsp;<a href=\"\/en\/sites\/default\/files\/Plani%20Mesimor%20MATEMATIKE-FIZIKE%20ba%202.pdf\/\">Matematik\u00eb Fizik\u00eb<\/a><\/span><\/span><\/p>\n<p><span style=\"font-size:16px\"><span style=\"font-family:times new roman,times,serif\">&nbsp;&nbsp;<a href=\"\/en\/sites\/default\/files\/Matematike%20-%20Informatike%20%28Bachelor%29%20_0.pdf\/\">Matematik\u00eb Informatik\u00eb<\/a><\/span><\/span><\/p>\n<p><span style=\"font-size:16px\"><span style=\"font-family:times new roman,times,serif\">&nbsp;&nbsp;<a href=\"\/sites\/default\/files\/INFERMIERI_0.pdf\">Infermier&nbsp;i p\u00ebrgjithsh\u00ebm<\/a><\/span><\/span><\/p>\n<p><span style=\"font-size:16px\"><span style=\"font-family:times new roman,times,serif\">&nbsp;&nbsp;<a href=\"\/sites\/default\/files\/MAMI_3.pdf\">Mami<\/a><\/span><\/span><\/p>\n<p><span style=\"font-size:16px\"><span style=\"font-family:times new roman,times,serif\">&nbsp;&nbsp;<a href=\"\/en\/sites\/default\/files\/Programi%20Studimi%20Administrim%20dhe%20Politika%20Sociale%202018-2021_0.pdf\/\">Administrim dhe Politika Sociale<\/a><\/span><\/span><\/p>\n<p><span style=\"font-size:16px\"><span style=\"font-family:times new roman,times,serif\">&nbsp;&nbsp;<a href=\"\/en\/sites\/default\/files\/Filozofi%20Sociologji%20Bachelor%20%20%202018-2021_0.pdf\/\">Filozofi Sociologji<\/a><\/span><\/span><\/p>\n<p><span style=\"font-size:16px\"><span style=\"font-family:times new roman,times,serif\">&nbsp;&nbsp;<a href=\"\/en\/sites\/default\/files\/Plani%20Mesimor%20BIOLOGJI-KIMI%202.pdf\/\">Biologji Kimi<\/a><\/span><\/span><\/p>\n<p><strong><span style=\"font-size:16px\"><span style=\"font-family:times new roman,times,serif\">N\u00eb vitin akademik <\/span><\/span><span style=\"font-family:times new roman,times,serif; font-size:16px\">2018-2019<\/span><span style=\"font-size:16px\"><span style=\"font-family:times new roman,times,serif\"> Fakulteti i Shkencave t\u00eb Natyr\u00ebs dhe Shkencave Humane jep diploma &#8220;Master Profesional&#8221;<\/span>&nbsp;<span style=\"font-family:times new roman,times,serif\">p\u00ebr programet e studimit:<\/span><\/span><\/strong><\/p>\n<p><span style=\"font-size:16px\"><span style=\"font-family:times new roman,times,serif\">&nbsp;&nbsp;<\/span><\/span><a href=\"http:\/\/172.16.0.2\/sites\/default\/files\/Master%20Sistemet%20Moderne%20T%20dhe%20TI%20%20_0.pdf\" target=\"_blank\" rel=\"noopener\">Sistemet Moderne t\u00eb Telekomunikacionit dhe Teknologjit\u00eb e Internetit<\/a><\/p>\n<div>&nbsp;&nbsp;<a href=\"http:\/\/172.16.0.2\/sites\/default\/files\/PLANI%20MESIMOR%20MASTERPROFESIONAL%20%20INFERMIERISTIKE_0.pdf\" target=\"_blank\" rel=\"noopener\">Infermieristik\u00eb<\/a><\/div>\n<div>&nbsp;<\/div>\n<div>&nbsp;&nbsp;<a href=\"http:\/\/172.16.0.2\/sites\/default\/files\/Master%20profesional%20Administrim%20%20%20Publik%20%281%29_0.pdf\" target=\"_blank\" rel=\"noopener\">Administrim Publik<\/a><\/div>\n<p>&nbsp;<\/p>\n<p><strong><span style=\"font-size:16px\"><span style=\"font-family:times new roman,times,serif\">N\u00eb vitin akademik <\/span><\/span><span style=\"font-family:times new roman,times,serif; font-size:16px\">2018-2019<\/span><span style=\"font-size:16px\"><span style=\"font-family:times new roman,times,serif\"> Fakulteti i Shkencave t\u00eb Natyr\u00ebs dhe Shkencave Humane jep diploma &#8220;Master i Shkencave&#8221;<\/span>&nbsp;<span style=\"font-family:times new roman,times,serif\">p\u00ebr programin e studimit:<\/span><\/span><\/strong><\/p>\n<p>&nbsp;<a href=\"http:\/\/172.16.0.2\/sites\/default\/files\/plani%20mesimor%20master%20shkencor%20Filozofi%20sociale%202018-2020_0.pdf\" target=\"_blank\" rel=\"noopener\">Master i Shkencave n\u00eb Filozofi Sociale<\/a><\/p>\n<div>&nbsp;<a href=\"http:\/\/172.16.0.2\/sites\/default\/files\/Master%20Mesues%20ne%20Mat%20dhe%20Inf-Fiz%20_1.pdf\" target=\"_blank\" rel=\"noopener\">M\u00ebsues n\u00eb Matematik\u00eb dhe Informatik\u00eb-Fizik\u00eb<\/a><br \/>\n&nbsp;<\/div>\n<div>&nbsp;<a href=\"http:\/\/172.16.0.2\/sites\/default\/files\/Master%20ne%20Biologji%20Kimi.pdf\" target=\"_blank\" rel=\"noopener\">M\u00ebsues&nbsp;n\u00eb Biologji-Kimi<\/a><br \/>\n&nbsp;<\/div>\n<div>&nbsp;<a href=\"http:\/\/172.16.0.2\/sites\/default\/files\/plani%20mesimor%20master%20ne%20mesuesi%20%202018-2020xlsx%20%281%29_0.pdf\" target=\"_blank\" rel=\"noopener\">M\u00ebsues&nbsp; n\u00eb &#8220;Shkenca Sociale&#8221;<\/a><\/div>\n<p>&nbsp;<\/p>\n<p><strong>&nbsp; &nbsp; &nbsp;<\/strong><\/p>\n<p><strong>&nbsp; &nbsp; &nbsp;<\/strong><\/p>","protected":false},"excerpt":{"rendered":"<p>N\u00eb vitin akademik 2018-2019 Fakulteti i&nbsp;Shkencave t\u00eb Natyr\u00ebs dhe Shkencave Humane&nbsp;jep diplom\u00eb profesionale p\u00ebr programet&nbsp;profesionale 2-vje\u00e7are t\u00eb studimit: &nbsp;&nbsp;Sh\u00ebrbim Social N\u00eb vitin akademik 2018-2019 Fakulteti i Shkencave t\u00eb Natyr\u00ebs dhe Shkencave Humane jep diploma &#8220;Bachelor&#8221;&nbsp;p\u00ebr programet e studimit: &nbsp;&nbsp;Teknologji Informacioni &nbsp;&nbsp;Matematik\u00eb Fizik\u00eb &nbsp;&nbsp;Matematik\u00eb Informatik\u00eb &nbsp;&nbsp;Infermier&nbsp;i p\u00ebrgjithsh\u00ebm &nbsp;&nbsp;Mami &nbsp;&nbsp;Administrim dhe Politika Sociale &nbsp;&nbsp;Filozofi Sociologji &nbsp;&nbsp;Biologji Kimi&#8230;<\/p>","protected":false},"author":122,"featured_media":0,"parent":0,"menu_order":0,"comment_status":"closed","ping_status":"closed","template":"","meta":{"_acf_changed":false,"footnotes":""},"class_list":["post-8120","page","type-page","status-publish","hentry"],"acf":[],"yoast_head":"<!-- This site is optimized with the Yoast SEO plugin v26.9 - https:\/\/yoast.com\/product\/yoast-seo-wordpress\/ -->\n<title>Programet dhe Rregulloret e Studimeve ne FSHNH - Universiteti &quot;Fan S. Noli&quot;, Kor\u00e7\u00eb<\/title>\n<meta name=\"robots\" content=\"index, follow, max-snippet:-1, max-image-preview:large, max-video-preview:-1\" \/>\n<link rel=\"canonical\" href=\"https:\/\/unkorce.edu.al\/en\/programet-dhe-rregulloret-e-studimeve-ne-fshnh-2\/\" \/>\n<meta property=\"og:locale\" content=\"en_US\" \/>\n<meta property=\"og:type\" content=\"article\" \/>\n<meta property=\"og:title\" content=\"Programet dhe Rregulloret e Studimeve ne FSHNH - Universiteti &quot;Fan S. Noli&quot;, Kor\u00e7\u00eb\" \/>\n<meta property=\"og:description\" content=\"N\u00eb vitin akademik 2018-2019 Fakulteti i&nbsp;Shkencave t\u00eb Natyr\u00ebs dhe Shkencave Humane&nbsp;jep diplom\u00eb profesionale p\u00ebr programet&nbsp;profesionale 2-vje\u00e7are t\u00eb studimit: &nbsp;&nbsp;Sh\u00ebrbim Social N\u00eb vitin akademik 2018-2019 Fakulteti i Shkencave t\u00eb Natyr\u00ebs dhe Shkencave Humane jep diploma &#8220;Bachelor&#8221;&nbsp;p\u00ebr programet e studimit: &nbsp;&nbsp;Teknologji Informacioni &nbsp;&nbsp;Matematik\u00eb Fizik\u00eb &nbsp;&nbsp;Matematik\u00eb Informatik\u00eb &nbsp;&nbsp;Infermier&nbsp;i p\u00ebrgjithsh\u00ebm &nbsp;&nbsp;Mami &nbsp;&nbsp;Administrim dhe Politika Sociale &nbsp;&nbsp;Filozofi Sociologji &nbsp;&nbsp;Biologji Kimi...\" \/>\n<meta property=\"og:url\" content=\"https:\/\/unkorce.edu.al\/en\/programet-dhe-rregulloret-e-studimeve-ne-fshnh-2\/\" \/>\n<meta property=\"og:site_name\" content=\"Universiteti &quot;Fan S. Noli&quot;, Kor\u00e7\u00eb\" \/>\n<meta property=\"article:publisher\" content=\"https:\/\/www.facebook.com\/unkorce\" \/>\n<meta name=\"twitter:card\" content=\"summary_large_image\" \/>\n<meta name=\"twitter:label1\" content=\"Est. reading time\" \/>\n\t<meta name=\"twitter:data1\" content=\"1 minute\" \/>\n<script type=\"application\/ld+json\" class=\"yoast-schema-graph\">{\"@context\":\"https:\/\/schema.org\",\"@graph\":[{\"@type\":\"WebPage\",\"@id\":\"https:\/\/unkorce.edu.al\/programet-dhe-rregulloret-e-studimeve-ne-fshnh-2\/\",\"url\":\"https:\/\/unkorce.edu.al\/programet-dhe-rregulloret-e-studimeve-ne-fshnh-2\/\",\"name\":\"Programet dhe Rregulloret e Studimeve ne FSHNH - Universiteti \\\"Fan S. Noli\\\", Kor\u00e7\u00eb\",\"isPartOf\":{\"@id\":\"https:\/\/unkorce.edu.al\/#website\"},\"datePublished\":\"2016-12-13T11:27:31+00:00\",\"breadcrumb\":{\"@id\":\"https:\/\/unkorce.edu.al\/programet-dhe-rregulloret-e-studimeve-ne-fshnh-2\/#breadcrumb\"},\"inLanguage\":\"en-US\",\"potentialAction\":[{\"@type\":\"ReadAction\",\"target\":[\"https:\/\/unkorce.edu.al\/programet-dhe-rregulloret-e-studimeve-ne-fshnh-2\/\"]}]},{\"@type\":\"BreadcrumbList\",\"@id\":\"https:\/\/unkorce.edu.al\/programet-dhe-rregulloret-e-studimeve-ne-fshnh-2\/#breadcrumb\",\"itemListElement\":[{\"@type\":\"ListItem\",\"position\":1,\"name\":\"Home\",\"item\":\"https:\/\/unkorce.edu.al\/\"},{\"@type\":\"ListItem\",\"position\":2,\"name\":\"Programet dhe Rregulloret e Studimeve ne FSHNH\"}]},{\"@type\":\"WebSite\",\"@id\":\"https:\/\/unkorce.edu.al\/#website\",\"url\":\"https:\/\/unkorce.edu.al\/\",\"name\":\"Universiteti \\\"Fan S. Noli\\\", Kor\u00e7\u00eb\",\"description\":\"Mir&euml;sevini n&euml; faqen zyrtare!\",\"publisher\":{\"@id\":\"https:\/\/unkorce.edu.al\/#organization\"},\"potentialAction\":[{\"@type\":\"SearchAction\",\"target\":{\"@type\":\"EntryPoint\",\"urlTemplate\":\"https:\/\/unkorce.edu.al\/?s={search_term_string}\"},\"query-input\":{\"@type\":\"PropertyValueSpecification\",\"valueRequired\":true,\"valueName\":\"search_term_string\"}}],\"inLanguage\":\"en-US\"},{\"@type\":\"Organization\",\"@id\":\"https:\/\/unkorce.edu.al\/#organization\",\"name\":\"Universiteti \\\"Fan S. Noli\\\", Kor\u00e7\u00eb\",\"url\":\"https:\/\/unkorce.edu.al\/\",\"logo\":{\"@type\":\"ImageObject\",\"inLanguage\":\"en-US\",\"@id\":\"https:\/\/unkorce.edu.al\/#\/schema\/logo\/image\/\",\"url\":\"https:\/\/unkorce.edu.al\/wp-content\/uploads\/2024\/08\/Logo_e_Universitetit__Fan_Noli_-e1726660879862.png\",\"contentUrl\":\"https:\/\/unkorce.edu.al\/wp-content\/uploads\/2024\/08\/Logo_e_Universitetit__Fan_Noli_-e1726660879862.png\",\"width\":200,\"height\":120,\"caption\":\"Universiteti \\\"Fan S. Noli\\\", Kor\u00e7\u00eb\"},\"image\":{\"@id\":\"https:\/\/unkorce.edu.al\/#\/schema\/logo\/image\/\"},\"sameAs\":[\"https:\/\/www.facebook.com\/unkorce\"]}]}<\/script>\n<!-- \/ Yoast SEO plugin. -->","yoast_head_json":{"title":"Programet dhe Rregulloret e Studimeve ne FSHNH - Universiteti \"Fan S. Noli\", Kor\u00e7\u00eb","robots":{"index":"index","follow":"follow","max-snippet":"max-snippet:-1","max-image-preview":"max-image-preview:large","max-video-preview":"max-video-preview:-1"},"canonical":"https:\/\/unkorce.edu.al\/en\/programet-dhe-rregulloret-e-studimeve-ne-fshnh-2\/","og_locale":"en_US","og_type":"article","og_title":"Programet dhe Rregulloret e Studimeve ne FSHNH - Universiteti \"Fan S. Noli\", Kor\u00e7\u00eb","og_description":"N\u00eb vitin akademik 2018-2019 Fakulteti i&nbsp;Shkencave t\u00eb Natyr\u00ebs dhe Shkencave Humane&nbsp;jep diplom\u00eb profesionale p\u00ebr programet&nbsp;profesionale 2-vje\u00e7are t\u00eb studimit: &nbsp;&nbsp;Sh\u00ebrbim Social N\u00eb vitin akademik 2018-2019 Fakulteti i Shkencave t\u00eb Natyr\u00ebs dhe Shkencave Humane jep diploma &#8220;Bachelor&#8221;&nbsp;p\u00ebr programet e studimit: &nbsp;&nbsp;Teknologji Informacioni &nbsp;&nbsp;Matematik\u00eb Fizik\u00eb &nbsp;&nbsp;Matematik\u00eb Informatik\u00eb &nbsp;&nbsp;Infermier&nbsp;i p\u00ebrgjithsh\u00ebm &nbsp;&nbsp;Mami &nbsp;&nbsp;Administrim dhe Politika Sociale &nbsp;&nbsp;Filozofi Sociologji &nbsp;&nbsp;Biologji Kimi...","og_url":"https:\/\/unkorce.edu.al\/en\/programet-dhe-rregulloret-e-studimeve-ne-fshnh-2\/","og_site_name":"Universiteti \"Fan S. Noli\", Kor\u00e7\u00eb","article_publisher":"https:\/\/www.facebook.com\/unkorce","twitter_card":"summary_large_image","twitter_misc":{"Est. reading time":"1 minute"},"schema":{"@context":"https:\/\/schema.org","@graph":[{"@type":"WebPage","@id":"https:\/\/unkorce.edu.al\/programet-dhe-rregulloret-e-studimeve-ne-fshnh-2\/","url":"https:\/\/unkorce.edu.al\/programet-dhe-rregulloret-e-studimeve-ne-fshnh-2\/","name":"Programet dhe Rregulloret e Studimeve ne FSHNH - Universiteti \"Fan S. Noli\", Kor\u00e7\u00eb","isPartOf":{"@id":"https:\/\/unkorce.edu.al\/#website"},"datePublished":"2016-12-13T11:27:31+00:00","breadcrumb":{"@id":"https:\/\/unkorce.edu.al\/programet-dhe-rregulloret-e-studimeve-ne-fshnh-2\/#breadcrumb"},"inLanguage":"en-US","potentialAction":[{"@type":"ReadAction","target":["https:\/\/unkorce.edu.al\/programet-dhe-rregulloret-e-studimeve-ne-fshnh-2\/"]}]},{"@type":"BreadcrumbList","@id":"https:\/\/unkorce.edu.al\/programet-dhe-rregulloret-e-studimeve-ne-fshnh-2\/#breadcrumb","itemListElement":[{"@type":"ListItem","position":1,"name":"Home","item":"https:\/\/unkorce.edu.al\/"},{"@type":"ListItem","position":2,"name":"Programet dhe Rregulloret e Studimeve ne FSHNH"}]},{"@type":"WebSite","@id":"https:\/\/unkorce.edu.al\/#website","url":"https:\/\/unkorce.edu.al\/","name":"Universiteti \"Fan S. Noli\", Kor\u00e7\u00eb","description":"Mir&euml;sevini n&euml; faqen zyrtare!","publisher":{"@id":"https:\/\/unkorce.edu.al\/#organization"},"potentialAction":[{"@type":"SearchAction","target":{"@type":"EntryPoint","urlTemplate":"https:\/\/unkorce.edu.al\/?s={search_term_string}"},"query-input":{"@type":"PropertyValueSpecification","valueRequired":true,"valueName":"search_term_string"}}],"inLanguage":"en-US"},{"@type":"Organization","@id":"https:\/\/unkorce.edu.al\/#organization","name":"Universiteti \"Fan S. Noli\", Kor\u00e7\u00eb","url":"https:\/\/unkorce.edu.al\/","logo":{"@type":"ImageObject","inLanguage":"en-US","@id":"https:\/\/unkorce.edu.al\/#\/schema\/logo\/image\/","url":"https:\/\/unkorce.edu.al\/wp-content\/uploads\/2024\/08\/Logo_e_Universitetit__Fan_Noli_-e1726660879862.png","contentUrl":"https:\/\/unkorce.edu.al\/wp-content\/uploads\/2024\/08\/Logo_e_Universitetit__Fan_Noli_-e1726660879862.png","width":200,"height":120,"caption":"Universiteti \"Fan S. Noli\", Kor\u00e7\u00eb"},"image":{"@id":"https:\/\/unkorce.edu.al\/#\/schema\/logo\/image\/"},"sameAs":["https:\/\/www.facebook.com\/unkorce"]}]}},"_links":{"self":[{"href":"https:\/\/unkorce.edu.al\/en\/wp-json\/wp\/v2\/pages\/8120","targetHints":{"allow":["GET"]}}],"collection":[{"href":"https:\/\/unkorce.edu.al\/en\/wp-json\/wp\/v2\/pages"}],"about":[{"href":"https:\/\/unkorce.edu.al\/en\/wp-json\/wp\/v2\/types\/page"}],"author":[{"embeddable":true,"href":"https:\/\/unkorce.edu.al\/en\/wp-json\/wp\/v2\/users\/122"}],"replies":[{"embeddable":true,"href":"https:\/\/unkorce.edu.al\/en\/wp-json\/wp\/v2\/comments?post=8120"}],"version-history":[{"count":0,"href":"https:\/\/unkorce.edu.al\/en\/wp-json\/wp\/v2\/pages\/8120\/revisions"}],"wp:attachment":[{"href":"https:\/\/unkorce.edu.al\/en\/wp-json\/wp\/v2\/media?parent=8120"}],"curies":[{"name":"wp","href":"https:\/\/api.w.org\/{rel}","templated":true}]}}