{"id":8119,"date":"2016-12-13T11:26:09","date_gmt":"2016-12-13T11:26:09","guid":{"rendered":"\/departamenti-i-shkencave-sociale-2\/"},"modified":"2016-12-13T11:26:09","modified_gmt":"2016-12-13T11:26:09","slug":"departamenti-i-shkencave-sociale-2","status":"publish","type":"page","link":"https:\/\/unkorce.edu.al\/en\/departamenti-i-shkencave-sociale-2\/","title":{"rendered":"Departamenti i Shkencave Sociale"},"content":{"rendered":"<p class=\"rtecenter\"><span style=\"font-size:18px\">Departamenti i Shkencave Sociale<\/span><\/p>\n<p><strong>P\u00ebrgjegj\u00ebs departamenti<\/strong>: &nbsp;Dr. Magdalini Vampa (<a href=\"\/en\/sites\/default\/files\/12.%20Magdalini%20Vampa.pdf\/\">CV<\/a>)<\/p>\n<p><strong>1<\/strong>. &nbsp;Prof.&nbsp;dr. Gjergji Pendavinji (<a href=\"\/en\/sites\/default\/files\/CV%20Gjergji%20Pendavinji%20Shkurt.pdf\/\">CV<\/a>)<\/p>\n<p><strong>2<\/strong>. &nbsp;Prof.as Josif Minga (<a href=\"\/en\/sites\/default\/files\/11.%20Josif%20Minga.pdf\/\">CV<\/a>)<\/p>\n<p><strong>3<\/strong>. &nbsp;Doc. Ardian Matka (<a href=\"\/en\/sites\/default\/files\/4.%20Ardian%20Matka.pdf\/\">CV<\/a>)<\/p>\n<p><strong>4. &nbsp;<\/strong>Dr. Denisa Titili&nbsp;(<a href=\"\/en\/sites\/default\/files\/6.%20Denisa%20Titili.pdf\/\">CV<\/a>)<\/p>\n<p><strong>5. &nbsp;<\/strong>Msc. Mitjana Profiri (<a href=\"\/en\/sites\/default\/files\/7.%20Mitjana%20Profiri.pdf\/\">CV<\/a>)<\/p>\n<p><strong>6. &nbsp;<\/strong>Dr. Maria Doj\u00e7e (<a href=\"\/en\/sites\/default\/files\/9.%20Maria%20Dojce.pdf\/\">CV<\/a>)<\/p>\n<p><strong>7. &nbsp;<\/strong>Dr. Suela Ibraimllari (<a href=\"\/en\/sites\/default\/files\/2.%20Suela%20Ibraimllari.pdf\/\">CV<\/a>)<\/p>\n<p><strong>8. &nbsp;<\/strong>Dr. Ina Zall\u00ebmi (<a href=\"\/en\/sites\/default\/files\/8.%20%20Ina%20Zallemi.pdf\/\">CV<\/a>)<\/p>\n<p><strong>9. &nbsp;<\/strong>Dr. Eriseld Kalemaj (<a href=\"\/en\/sites\/default\/files\/10.%20Eriseld%20Kalema.pdf\/\">CV<\/a>)<\/p>\n<p><strong>10.&nbsp;<\/strong>Dr. Alket Dino (<a href=\"\/en\/sites\/default\/files\/1.%20Alket%20Dino.pdf\/\">CV<\/a>)<\/p>\n<p><strong>11.<\/strong>&nbsp;Msc. Viola Dolani&nbsp;(<a href=\"\/en\/sites\/default\/files\/3.%20Viola%20Dolani.pdf\/\">CV<\/a>)<\/p>\n<p><strong>12.<\/strong>&nbsp;PhD. Jordan Jorgji (<a href=\"\/en\/sites\/default\/files\/5.%20Jordan%20Jorgji.pdf\/\">CV<\/a>)<\/p>\n<p><strong>13<\/strong>. Msc. Elona Kodhel&nbsp;(<a href=\"\/en\/sites\/default\/files\/Elona%20Kodheli.pdf\/\">CV<\/a>)<\/p>","protected":false},"excerpt":{"rendered":"<p>Departamenti i Shkencave Sociale P\u00ebrgjegj\u00ebs departamenti: &nbsp;Dr. Magdalini Vampa (CV) 1. &nbsp;Prof.&nbsp;dr. Gjergji Pendavinji (CV) 2. &nbsp;Prof.as Josif Minga (CV) 3. &nbsp;Doc. Ardian Matka (CV) 4. &nbsp;Dr. Denisa Titili&nbsp;(CV) 5. &nbsp;Msc. Mitjana Profiri (CV) 6. &nbsp;Dr. Maria Doj\u00e7e (CV) 7. &nbsp;Dr. Suela Ibraimllari (CV) 8. &nbsp;Dr. Ina Zall\u00ebmi (CV) 9. &nbsp;Dr. Eriseld Kalemaj (CV) 10.&nbsp;Dr&#8230;.<\/p>","protected":false},"author":122,"featured_media":0,"parent":0,"menu_order":0,"comment_status":"closed","ping_status":"closed","template":"","meta":{"_acf_changed":false,"footnotes":""},"class_list":["post-8119","page","type-page","status-publish","hentry"],"acf":[],"yoast_head":"<!-- This site is optimized with the Yoast SEO plugin v26.9 - https:\/\/yoast.com\/product\/yoast-seo-wordpress\/ -->\n<title>Departamenti i Shkencave Sociale - Universiteti &quot;Fan S. Noli&quot;, Kor\u00e7\u00eb<\/title>\n<meta name=\"robots\" content=\"index, follow, max-snippet:-1, max-image-preview:large, max-video-preview:-1\" \/>\n<link rel=\"canonical\" href=\"https:\/\/unkorce.edu.al\/en\/departamenti-i-shkencave-sociale-2\/\" \/>\n<meta property=\"og:locale\" content=\"en_US\" \/>\n<meta property=\"og:type\" content=\"article\" \/>\n<meta property=\"og:title\" content=\"Departamenti i Shkencave Sociale - Universiteti &quot;Fan S. Noli&quot;, Kor\u00e7\u00eb\" \/>\n<meta property=\"og:description\" content=\"Departamenti i Shkencave Sociale P\u00ebrgjegj\u00ebs departamenti: &nbsp;Dr. Magdalini Vampa (CV) 1. &nbsp;Prof.&nbsp;dr. Gjergji Pendavinji (CV) 2. &nbsp;Prof.as Josif Minga (CV) 3. &nbsp;Doc. Ardian Matka (CV) 4. &nbsp;Dr. Denisa Titili&nbsp;(CV) 5. &nbsp;Msc. Mitjana Profiri (CV) 6. &nbsp;Dr. Maria Doj\u00e7e (CV) 7. &nbsp;Dr. Suela Ibraimllari (CV) 8. &nbsp;Dr. Ina Zall\u00ebmi (CV) 9. &nbsp;Dr. Eriseld Kalemaj (CV) 10.&nbsp;Dr....\" \/>\n<meta property=\"og:url\" content=\"https:\/\/unkorce.edu.al\/en\/departamenti-i-shkencave-sociale-2\/\" \/>\n<meta property=\"og:site_name\" content=\"Universiteti &quot;Fan S. Noli&quot;, Kor\u00e7\u00eb\" \/>\n<meta property=\"article:publisher\" content=\"https:\/\/www.facebook.com\/unkorce\" \/>\n<meta name=\"twitter:card\" content=\"summary_large_image\" \/>\n<script type=\"application\/ld+json\" class=\"yoast-schema-graph\">{\"@context\":\"https:\/\/schema.org\",\"@graph\":[{\"@type\":\"WebPage\",\"@id\":\"https:\/\/unkorce.edu.al\/departamenti-i-shkencave-sociale-2\/\",\"url\":\"https:\/\/unkorce.edu.al\/departamenti-i-shkencave-sociale-2\/\",\"name\":\"Departamenti i Shkencave Sociale - Universiteti \\\"Fan S. Noli\\\", Kor\u00e7\u00eb\",\"isPartOf\":{\"@id\":\"https:\/\/unkorce.edu.al\/#website\"},\"datePublished\":\"2016-12-13T11:26:09+00:00\",\"breadcrumb\":{\"@id\":\"https:\/\/unkorce.edu.al\/departamenti-i-shkencave-sociale-2\/#breadcrumb\"},\"inLanguage\":\"en-US\",\"potentialAction\":[{\"@type\":\"ReadAction\",\"target\":[\"https:\/\/unkorce.edu.al\/departamenti-i-shkencave-sociale-2\/\"]}]},{\"@type\":\"BreadcrumbList\",\"@id\":\"https:\/\/unkorce.edu.al\/departamenti-i-shkencave-sociale-2\/#breadcrumb\",\"itemListElement\":[{\"@type\":\"ListItem\",\"position\":1,\"name\":\"Home\",\"item\":\"https:\/\/unkorce.edu.al\/\"},{\"@type\":\"ListItem\",\"position\":2,\"name\":\"Departamenti i Shkencave Sociale\"}]},{\"@type\":\"WebSite\",\"@id\":\"https:\/\/unkorce.edu.al\/#website\",\"url\":\"https:\/\/unkorce.edu.al\/\",\"name\":\"Universiteti \\\"Fan S. Noli\\\", Kor\u00e7\u00eb\",\"description\":\"Mir&euml;sevini n&euml; faqen zyrtare!\",\"publisher\":{\"@id\":\"https:\/\/unkorce.edu.al\/#organization\"},\"potentialAction\":[{\"@type\":\"SearchAction\",\"target\":{\"@type\":\"EntryPoint\",\"urlTemplate\":\"https:\/\/unkorce.edu.al\/?s={search_term_string}\"},\"query-input\":{\"@type\":\"PropertyValueSpecification\",\"valueRequired\":true,\"valueName\":\"search_term_string\"}}],\"inLanguage\":\"en-US\"},{\"@type\":\"Organization\",\"@id\":\"https:\/\/unkorce.edu.al\/#organization\",\"name\":\"Universiteti \\\"Fan S. Noli\\\", Kor\u00e7\u00eb\",\"url\":\"https:\/\/unkorce.edu.al\/\",\"logo\":{\"@type\":\"ImageObject\",\"inLanguage\":\"en-US\",\"@id\":\"https:\/\/unkorce.edu.al\/#\/schema\/logo\/image\/\",\"url\":\"https:\/\/unkorce.edu.al\/wp-content\/uploads\/2024\/08\/Logo_e_Universitetit__Fan_Noli_-e1726660879862.png\",\"contentUrl\":\"https:\/\/unkorce.edu.al\/wp-content\/uploads\/2024\/08\/Logo_e_Universitetit__Fan_Noli_-e1726660879862.png\",\"width\":200,\"height\":120,\"caption\":\"Universiteti \\\"Fan S. Noli\\\", Kor\u00e7\u00eb\"},\"image\":{\"@id\":\"https:\/\/unkorce.edu.al\/#\/schema\/logo\/image\/\"},\"sameAs\":[\"https:\/\/www.facebook.com\/unkorce\"]}]}<\/script>\n<!-- \/ Yoast SEO plugin. -->","yoast_head_json":{"title":"Departamenti i Shkencave Sociale - Universiteti \"Fan S. Noli\", Kor\u00e7\u00eb","robots":{"index":"index","follow":"follow","max-snippet":"max-snippet:-1","max-image-preview":"max-image-preview:large","max-video-preview":"max-video-preview:-1"},"canonical":"https:\/\/unkorce.edu.al\/en\/departamenti-i-shkencave-sociale-2\/","og_locale":"en_US","og_type":"article","og_title":"Departamenti i Shkencave Sociale - Universiteti \"Fan S. Noli\", Kor\u00e7\u00eb","og_description":"Departamenti i Shkencave Sociale P\u00ebrgjegj\u00ebs departamenti: &nbsp;Dr. Magdalini Vampa (CV) 1. &nbsp;Prof.&nbsp;dr. Gjergji Pendavinji (CV) 2. &nbsp;Prof.as Josif Minga (CV) 3. &nbsp;Doc. Ardian Matka (CV) 4. &nbsp;Dr. Denisa Titili&nbsp;(CV) 5. &nbsp;Msc. Mitjana Profiri (CV) 6. &nbsp;Dr. Maria Doj\u00e7e (CV) 7. &nbsp;Dr. Suela Ibraimllari (CV) 8. &nbsp;Dr. Ina Zall\u00ebmi (CV) 9. &nbsp;Dr. Eriseld Kalemaj (CV) 10.&nbsp;Dr....","og_url":"https:\/\/unkorce.edu.al\/en\/departamenti-i-shkencave-sociale-2\/","og_site_name":"Universiteti \"Fan S. Noli\", Kor\u00e7\u00eb","article_publisher":"https:\/\/www.facebook.com\/unkorce","twitter_card":"summary_large_image","schema":{"@context":"https:\/\/schema.org","@graph":[{"@type":"WebPage","@id":"https:\/\/unkorce.edu.al\/departamenti-i-shkencave-sociale-2\/","url":"https:\/\/unkorce.edu.al\/departamenti-i-shkencave-sociale-2\/","name":"Departamenti i Shkencave Sociale - Universiteti \"Fan S. Noli\", Kor\u00e7\u00eb","isPartOf":{"@id":"https:\/\/unkorce.edu.al\/#website"},"datePublished":"2016-12-13T11:26:09+00:00","breadcrumb":{"@id":"https:\/\/unkorce.edu.al\/departamenti-i-shkencave-sociale-2\/#breadcrumb"},"inLanguage":"en-US","potentialAction":[{"@type":"ReadAction","target":["https:\/\/unkorce.edu.al\/departamenti-i-shkencave-sociale-2\/"]}]},{"@type":"BreadcrumbList","@id":"https:\/\/unkorce.edu.al\/departamenti-i-shkencave-sociale-2\/#breadcrumb","itemListElement":[{"@type":"ListItem","position":1,"name":"Home","item":"https:\/\/unkorce.edu.al\/"},{"@type":"ListItem","position":2,"name":"Departamenti i Shkencave Sociale"}]},{"@type":"WebSite","@id":"https:\/\/unkorce.edu.al\/#website","url":"https:\/\/unkorce.edu.al\/","name":"Universiteti \"Fan S. Noli\", Kor\u00e7\u00eb","description":"Mir&euml;sevini n&euml; faqen zyrtare!","publisher":{"@id":"https:\/\/unkorce.edu.al\/#organization"},"potentialAction":[{"@type":"SearchAction","target":{"@type":"EntryPoint","urlTemplate":"https:\/\/unkorce.edu.al\/?s={search_term_string}"},"query-input":{"@type":"PropertyValueSpecification","valueRequired":true,"valueName":"search_term_string"}}],"inLanguage":"en-US"},{"@type":"Organization","@id":"https:\/\/unkorce.edu.al\/#organization","name":"Universiteti \"Fan S. Noli\", Kor\u00e7\u00eb","url":"https:\/\/unkorce.edu.al\/","logo":{"@type":"ImageObject","inLanguage":"en-US","@id":"https:\/\/unkorce.edu.al\/#\/schema\/logo\/image\/","url":"https:\/\/unkorce.edu.al\/wp-content\/uploads\/2024\/08\/Logo_e_Universitetit__Fan_Noli_-e1726660879862.png","contentUrl":"https:\/\/unkorce.edu.al\/wp-content\/uploads\/2024\/08\/Logo_e_Universitetit__Fan_Noli_-e1726660879862.png","width":200,"height":120,"caption":"Universiteti \"Fan S. Noli\", Kor\u00e7\u00eb"},"image":{"@id":"https:\/\/unkorce.edu.al\/#\/schema\/logo\/image\/"},"sameAs":["https:\/\/www.facebook.com\/unkorce"]}]}},"_links":{"self":[{"href":"https:\/\/unkorce.edu.al\/en\/wp-json\/wp\/v2\/pages\/8119","targetHints":{"allow":["GET"]}}],"collection":[{"href":"https:\/\/unkorce.edu.al\/en\/wp-json\/wp\/v2\/pages"}],"about":[{"href":"https:\/\/unkorce.edu.al\/en\/wp-json\/wp\/v2\/types\/page"}],"author":[{"embeddable":true,"href":"https:\/\/unkorce.edu.al\/en\/wp-json\/wp\/v2\/users\/122"}],"replies":[{"embeddable":true,"href":"https:\/\/unkorce.edu.al\/en\/wp-json\/wp\/v2\/comments?post=8119"}],"version-history":[{"count":0,"href":"https:\/\/unkorce.edu.al\/en\/wp-json\/wp\/v2\/pages\/8119\/revisions"}],"wp:attachment":[{"href":"https:\/\/unkorce.edu.al\/en\/wp-json\/wp\/v2\/media?parent=8119"}],"curies":[{"name":"wp","href":"https:\/\/api.w.org\/{rel}","templated":true}]}}