{"id":8111,"date":"2016-12-12T10:08:33","date_gmt":"2016-12-12T10:08:33","guid":{"rendered":"\/biblioteka\/"},"modified":"2016-12-12T10:08:33","modified_gmt":"2016-12-12T10:08:33","slug":"biblioteka","status":"publish","type":"page","link":"https:\/\/unkorce.edu.al\/en\/biblioteka\/","title":{"rendered":"Library"},"content":{"rendered":"<div style=\"background-color:#1A6EB3;color:#fff;padding:8px;padding-top:15px;padding-bottom:15px;border-bottom:px solid #104774;border-left:10px solid #104774;font-weight:bold;font-family: Georgia, serif;\"><img decoding=\"async\" alt=\"\" src=\"\/sites\/default\/files\/styles\/features\/public\/field\/image\/fak_edukimit.png?itok=gKNxeLeG\" style=\"float:right; height:88px; width:219px\" \/>Library<\/div>\n<p class=\"rtejustify\">Biblioteka ka nj\u00eb fond prej rreth 15 mij\u00eb libra e revista, me rreth 6 mij\u00eb tituj, t\u00eb cilat shfyt\u00ebzohen nga student\u00eb e pedagog\u00eb&nbsp; t\u00eb fakultetit .&nbsp; Rreth 3 mij\u00eb libra e revista nga fondi&nbsp; i bibliotek\u00ebs, ofrohet n\u00eb gjuh\u00eb t\u00eb huaj (kryesisht n\u00eb anglisht, fr\u00ebngjisht e italisht) dhe, rreth 12 mij\u00eb,&nbsp; n\u00eb gjuh\u00ebn shqipe. Fondi i librave dhe revistave \u00ebsht\u00eb i klasifikuar sipas&nbsp; natyr\u00ebs s\u00eb departamenteve dhe fushave p\u00ebrkat\u00ebse t\u00eb studimit. Librat q\u00eb ofron kjo bibliotek\u00eb jan\u00eb t\u00eb ndysh\u00ebm n\u00eb p\u00ebrputhje &nbsp;me k\u00ebrkesat. Tematika e tyre \u00ebsht\u00eb e gjer\u00eb, kryesisht jan\u00eb libra shkencor\u00eb dhe artistik\u00eb. Ka p\u00ebrgjith\u00ebsisht libra p\u00ebr gjuh\u00ebsin\u00eb, let\u00ebrsin\u00eb, historin\u00eb, gjeografin\u00eb, psikologjin\u00eb, edukimin, studime shkencore dhe albanologjike, tema disertacioni, revista, buletine etj<\/p>\n<p class=\"rtejustify\">Ajo drejtohet nga nj\u00eb&nbsp; punonj\u00ebs i&nbsp; kualifikuar e trajnuar p\u00ebr t\u00eb&nbsp; p\u00ebrmbushur t\u00eb gjitha proceset e pun\u00ebs n\u00eb bibliotek\u00eb.<\/p>\n<p class=\"rtejustify\">Biblioteka , e cila&nbsp; sh\u00ebrben nj\u00ebkoh\u00ebsisht si&nbsp; sall\u00eb studimi&nbsp; me fonde t\u00eb hapura , \u00ebsht\u00eb e pajisur me kompjutera, internet si dhe me sistem ngrohje q\u00eb u vjen&nbsp; shum\u00eb n\u00eb ndihm\u00eb student\u00ebve p\u00ebr lexim, studim e fotokopje t\u00eb materialeve t\u00eb ndryshme bibliotekare.<\/p>\n<p class=\"rtejustify\">Biblioteka&nbsp; frekuentohet&nbsp; prej student\u00ebve t\u00eb sistemit me dhe pa shk\u00ebputje, student\u00eb t\u00eb masterit&nbsp; dhe pedagog\u00ebve, jo vet\u00ebm p\u00ebr t\u00eb huazuar libra , por dhe p\u00ebr t\u00eb studiuar n\u00eb sall\u00eb .&nbsp;<\/p>\n<p class=\"rtejustify\">&nbsp;<\/p>\n<h3><strong>FORMULARI I VLER\u00cbSIMIT T\u00cb&nbsp; BIBLIOTEKAVE&nbsp; &amp; ARKIVAVE SHKENCOR\u00cb<\/strong><\/h3>\n<p><img decoding=\"async\" alt=\"\" src=\"\/sites\/default\/files\/biblioteka_fef.png\" style=\"height:449px; width:700px\" \/><\/p>\n<p class=\"rtejustify\">&nbsp;<\/p>\n<p class=\"rtejustify\"><img decoding=\"async\" alt=\"\" src=\"\/sites\/default\/files\/fakulteti_edukimit\/bibl_20150616_103722.jpg\" style=\"border:0px; height:413px; width:550px\" \/><\/p>\n<p class=\"rtejustify\"><img decoding=\"async\" alt=\"\" src=\"\/sites\/default\/files\/fakulteti_edukimit\/bibl_20150616_103840.jpg\" style=\"border:0px; height:413px; width:550px\" \/><img decoding=\"async\" alt=\"\" src=\"\/sites\/default\/files\/fakulteti_edukimit\/bibl_20150616_103603.jpg\" style=\"border:0px; height:413px; width:550px\" \/><img decoding=\"async\" alt=\"\" src=\"\/sites\/default\/files\/fakulteti_edukimit\/bibl_20150616_103852.jpg\" style=\"border:0px; height:486px; width:550px\" \/><img decoding=\"async\" alt=\"\" src=\"\/sites\/default\/files\/fakulteti_edukimit\/bibl_20150616_091436.jpg\" style=\"border:0px; height:413px; width:550px\" \/><img decoding=\"async\" alt=\"\" src=\"\/sites\/default\/files\/fakulteti_edukimit\/bibl_20150616_103808.jpg\" style=\"border:0px; height:413px; width:550px\" \/><\/p>","protected":false},"excerpt":{"rendered":"<p>BIBLIOTEKA Biblioteka ka nj\u00eb fond prej rreth 15 mij\u00eb libra e revista, me rreth 6 mij\u00eb tituj, t\u00eb cilat shfyt\u00ebzohen nga student\u00eb e pedagog\u00eb&nbsp; t\u00eb fakultetit .&nbsp; Rreth 3 mij\u00eb libra e revista nga fondi&nbsp; i bibliotek\u00ebs, ofrohet n\u00eb gjuh\u00eb t\u00eb huaj (kryesisht n\u00eb anglisht, fr\u00ebngjisht e italisht) dhe, rreth 12 mij\u00eb,&nbsp; n\u00eb gjuh\u00ebn shqipe&#8230;.<\/p>","protected":false},"author":122,"featured_media":0,"parent":0,"menu_order":0,"comment_status":"closed","ping_status":"closed","template":"","meta":{"_acf_changed":false,"footnotes":""},"class_list":["post-8111","page","type-page","status-publish","hentry"],"acf":[],"yoast_head":"<!-- This site is optimized with the Yoast SEO plugin v26.9 - https:\/\/yoast.com\/product\/yoast-seo-wordpress\/ -->\n<title>BIBLIOTEKA - Universiteti &quot;Fan S. Noli&quot;, Kor\u00e7\u00eb<\/title>\n<meta name=\"robots\" content=\"index, follow, max-snippet:-1, max-image-preview:large, max-video-preview:-1\" \/>\n<link rel=\"canonical\" href=\"https:\/\/unkorce.edu.al\/en\/biblioteka\/\" \/>\n<meta property=\"og:locale\" content=\"en_US\" \/>\n<meta property=\"og:type\" content=\"article\" \/>\n<meta property=\"og:title\" content=\"BIBLIOTEKA - Universiteti &quot;Fan S. Noli&quot;, Kor\u00e7\u00eb\" \/>\n<meta property=\"og:description\" content=\"BIBLIOTEKA Biblioteka ka nj\u00eb fond prej rreth 15 mij\u00eb libra e revista, me rreth 6 mij\u00eb tituj, t\u00eb cilat shfyt\u00ebzohen nga student\u00eb e pedagog\u00eb&nbsp; t\u00eb fakultetit .&nbsp; Rreth 3 mij\u00eb libra e revista nga fondi&nbsp; i bibliotek\u00ebs, ofrohet n\u00eb gjuh\u00eb t\u00eb huaj (kryesisht n\u00eb anglisht, fr\u00ebngjisht e italisht) dhe, rreth 12 mij\u00eb,&nbsp; n\u00eb gjuh\u00ebn shqipe....\" \/>\n<meta property=\"og:url\" content=\"https:\/\/unkorce.edu.al\/en\/biblioteka\/\" \/>\n<meta property=\"og:site_name\" content=\"Universiteti &quot;Fan S. Noli&quot;, Kor\u00e7\u00eb\" \/>\n<meta property=\"article:publisher\" content=\"https:\/\/www.facebook.com\/unkorce\" \/>\n<meta name=\"twitter:card\" content=\"summary_large_image\" \/>\n<meta name=\"twitter:label1\" content=\"Est. reading time\" \/>\n\t<meta name=\"twitter:data1\" content=\"1 minute\" \/>\n<script type=\"application\/ld+json\" class=\"yoast-schema-graph\">{\"@context\":\"https:\/\/schema.org\",\"@graph\":[{\"@type\":\"WebPage\",\"@id\":\"https:\/\/unkorce.edu.al\/biblioteka\/\",\"url\":\"https:\/\/unkorce.edu.al\/biblioteka\/\",\"name\":\"BIBLIOTEKA - Universiteti \\\"Fan S. Noli\\\", Kor\u00e7\u00eb\",\"isPartOf\":{\"@id\":\"https:\/\/unkorce.edu.al\/#website\"},\"datePublished\":\"2016-12-12T10:08:33+00:00\",\"breadcrumb\":{\"@id\":\"https:\/\/unkorce.edu.al\/biblioteka\/#breadcrumb\"},\"inLanguage\":\"en-US\",\"potentialAction\":[{\"@type\":\"ReadAction\",\"target\":[\"https:\/\/unkorce.edu.al\/biblioteka\/\"]}]},{\"@type\":\"BreadcrumbList\",\"@id\":\"https:\/\/unkorce.edu.al\/biblioteka\/#breadcrumb\",\"itemListElement\":[{\"@type\":\"ListItem\",\"position\":1,\"name\":\"Home\",\"item\":\"https:\/\/unkorce.edu.al\/\"},{\"@type\":\"ListItem\",\"position\":2,\"name\":\"BIBLIOTEKA\"}]},{\"@type\":\"WebSite\",\"@id\":\"https:\/\/unkorce.edu.al\/#website\",\"url\":\"https:\/\/unkorce.edu.al\/\",\"name\":\"Universiteti \\\"Fan S. Noli\\\", Kor\u00e7\u00eb\",\"description\":\"Mir&euml;sevini n&euml; faqen zyrtare!\",\"publisher\":{\"@id\":\"https:\/\/unkorce.edu.al\/#organization\"},\"potentialAction\":[{\"@type\":\"SearchAction\",\"target\":{\"@type\":\"EntryPoint\",\"urlTemplate\":\"https:\/\/unkorce.edu.al\/?s={search_term_string}\"},\"query-input\":{\"@type\":\"PropertyValueSpecification\",\"valueRequired\":true,\"valueName\":\"search_term_string\"}}],\"inLanguage\":\"en-US\"},{\"@type\":\"Organization\",\"@id\":\"https:\/\/unkorce.edu.al\/#organization\",\"name\":\"Universiteti \\\"Fan S. Noli\\\", Kor\u00e7\u00eb\",\"url\":\"https:\/\/unkorce.edu.al\/\",\"logo\":{\"@type\":\"ImageObject\",\"inLanguage\":\"en-US\",\"@id\":\"https:\/\/unkorce.edu.al\/#\/schema\/logo\/image\/\",\"url\":\"https:\/\/unkorce.edu.al\/wp-content\/uploads\/2024\/08\/Logo_e_Universitetit__Fan_Noli_-e1726660879862.png\",\"contentUrl\":\"https:\/\/unkorce.edu.al\/wp-content\/uploads\/2024\/08\/Logo_e_Universitetit__Fan_Noli_-e1726660879862.png\",\"width\":200,\"height\":120,\"caption\":\"Universiteti \\\"Fan S. Noli\\\", Kor\u00e7\u00eb\"},\"image\":{\"@id\":\"https:\/\/unkorce.edu.al\/#\/schema\/logo\/image\/\"},\"sameAs\":[\"https:\/\/www.facebook.com\/unkorce\"]}]}<\/script>\n<!-- \/ Yoast SEO plugin. -->","yoast_head_json":{"title":"BIBLIOTEKA - Universiteti \"Fan S. Noli\", Kor\u00e7\u00eb","robots":{"index":"index","follow":"follow","max-snippet":"max-snippet:-1","max-image-preview":"max-image-preview:large","max-video-preview":"max-video-preview:-1"},"canonical":"https:\/\/unkorce.edu.al\/en\/biblioteka\/","og_locale":"en_US","og_type":"article","og_title":"BIBLIOTEKA - Universiteti \"Fan S. Noli\", Kor\u00e7\u00eb","og_description":"BIBLIOTEKA Biblioteka ka nj\u00eb fond prej rreth 15 mij\u00eb libra e revista, me rreth 6 mij\u00eb tituj, t\u00eb cilat shfyt\u00ebzohen nga student\u00eb e pedagog\u00eb&nbsp; t\u00eb fakultetit .&nbsp; Rreth 3 mij\u00eb libra e revista nga fondi&nbsp; i bibliotek\u00ebs, ofrohet n\u00eb gjuh\u00eb t\u00eb huaj (kryesisht n\u00eb anglisht, fr\u00ebngjisht e italisht) dhe, rreth 12 mij\u00eb,&nbsp; n\u00eb gjuh\u00ebn shqipe....","og_url":"https:\/\/unkorce.edu.al\/en\/biblioteka\/","og_site_name":"Universiteti \"Fan S. Noli\", Kor\u00e7\u00eb","article_publisher":"https:\/\/www.facebook.com\/unkorce","twitter_card":"summary_large_image","twitter_misc":{"Est. reading time":"1 minute"},"schema":{"@context":"https:\/\/schema.org","@graph":[{"@type":"WebPage","@id":"https:\/\/unkorce.edu.al\/biblioteka\/","url":"https:\/\/unkorce.edu.al\/biblioteka\/","name":"BIBLIOTEKA - Universiteti \"Fan S. Noli\", Kor\u00e7\u00eb","isPartOf":{"@id":"https:\/\/unkorce.edu.al\/#website"},"datePublished":"2016-12-12T10:08:33+00:00","breadcrumb":{"@id":"https:\/\/unkorce.edu.al\/biblioteka\/#breadcrumb"},"inLanguage":"en-US","potentialAction":[{"@type":"ReadAction","target":["https:\/\/unkorce.edu.al\/biblioteka\/"]}]},{"@type":"BreadcrumbList","@id":"https:\/\/unkorce.edu.al\/biblioteka\/#breadcrumb","itemListElement":[{"@type":"ListItem","position":1,"name":"Home","item":"https:\/\/unkorce.edu.al\/"},{"@type":"ListItem","position":2,"name":"BIBLIOTEKA"}]},{"@type":"WebSite","@id":"https:\/\/unkorce.edu.al\/#website","url":"https:\/\/unkorce.edu.al\/","name":"Universiteti \"Fan S. Noli\", Kor\u00e7\u00eb","description":"Mir&euml;sevini n&euml; faqen zyrtare!","publisher":{"@id":"https:\/\/unkorce.edu.al\/#organization"},"potentialAction":[{"@type":"SearchAction","target":{"@type":"EntryPoint","urlTemplate":"https:\/\/unkorce.edu.al\/?s={search_term_string}"},"query-input":{"@type":"PropertyValueSpecification","valueRequired":true,"valueName":"search_term_string"}}],"inLanguage":"en-US"},{"@type":"Organization","@id":"https:\/\/unkorce.edu.al\/#organization","name":"Universiteti \"Fan S. Noli\", Kor\u00e7\u00eb","url":"https:\/\/unkorce.edu.al\/","logo":{"@type":"ImageObject","inLanguage":"en-US","@id":"https:\/\/unkorce.edu.al\/#\/schema\/logo\/image\/","url":"https:\/\/unkorce.edu.al\/wp-content\/uploads\/2024\/08\/Logo_e_Universitetit__Fan_Noli_-e1726660879862.png","contentUrl":"https:\/\/unkorce.edu.al\/wp-content\/uploads\/2024\/08\/Logo_e_Universitetit__Fan_Noli_-e1726660879862.png","width":200,"height":120,"caption":"Universiteti \"Fan S. Noli\", Kor\u00e7\u00eb"},"image":{"@id":"https:\/\/unkorce.edu.al\/#\/schema\/logo\/image\/"},"sameAs":["https:\/\/www.facebook.com\/unkorce"]}]}},"_links":{"self":[{"href":"https:\/\/unkorce.edu.al\/en\/wp-json\/wp\/v2\/pages\/8111","targetHints":{"allow":["GET"]}}],"collection":[{"href":"https:\/\/unkorce.edu.al\/en\/wp-json\/wp\/v2\/pages"}],"about":[{"href":"https:\/\/unkorce.edu.al\/en\/wp-json\/wp\/v2\/types\/page"}],"author":[{"embeddable":true,"href":"https:\/\/unkorce.edu.al\/en\/wp-json\/wp\/v2\/users\/122"}],"replies":[{"embeddable":true,"href":"https:\/\/unkorce.edu.al\/en\/wp-json\/wp\/v2\/comments?post=8111"}],"version-history":[{"count":0,"href":"https:\/\/unkorce.edu.al\/en\/wp-json\/wp\/v2\/pages\/8111\/revisions"}],"wp:attachment":[{"href":"https:\/\/unkorce.edu.al\/en\/wp-json\/wp\/v2\/media?parent=8111"}],"curies":[{"name":"wp","href":"https:\/\/api.w.org\/{rel}","templated":true}]}}