{"id":8108,"date":"2016-12-10T15:45:06","date_gmt":"2016-12-10T15:45:06","guid":{"rendered":"\/dekani-i-fshnh\/"},"modified":"2016-12-10T15:45:06","modified_gmt":"2016-12-10T15:45:06","slug":"dekani-i-fshnh","status":"publish","type":"page","link":"https:\/\/unkorce.edu.al\/en\/dekani-i-fshnh\/","title":{"rendered":"Dekani i FSHNH"},"content":{"rendered":"<p><span style=\"font-family:times new roman,times,serif\"><span style=\"font-size:18px\">DEKANI&nbsp;I FAKULTETIT<\/span><\/span><\/p>\n<p class=\"rtecenter\"><img decoding=\"async\" alt=\"\" src=\"\/sites\/default\/files\/20150304_122558.jpg\" style=\"height:300px; width:500px\" \/><\/p>\n<p class=\"rtecenter\"><strong>MESAZHI I DEKANIT<\/strong><\/p>\n<p class=\"rtejustify\">&nbsp;&nbsp;&nbsp;&nbsp; T\u00eb dashur student\u00eb, ju uroj p\u00ebrzem\u00ebrsisht q\u00eb keni zgjedhur t\u00eb studioni pran\u00eb Fakultetit t\u00eb Shkencave t\u00eb Natyr\u00ebs dhe Shkencave Humane, si nj\u00eb nj\u00ebsi e re kryesore e Universietit \u201cFan. S. Noli\u201d t\u00eb Kor\u00e7\u00ebs.<\/p>\n<p class=\"rtejustify\">Ju e dini q\u00eb formimi juaj akademik p\u00ebrcaktohet nga zot\u00ebrimi i bazave t\u00eb shkencave natyrore dhe humane, t\u00eb cilat jan\u00eb pjes\u00eb e pandar\u00eb e misionit t\u00eb k\u00ebtij fakulteti.<\/p>\n<p class=\"rtejustify\">Shkencat jan\u00eb n\u00eb themel t\u00eb progresit teknologjik dhe shoq\u00ebror, n\u00eb themel t\u00eb inovacionit dhe t\u00eb transferimeve t\u00eb njohurive, n\u00eb themel t\u00eb zhvillimit rajonal dhe komb\u00ebtar.<\/p>\n<p class=\"rtejustify\">Zgjedhja e studimeve n\u00eb k\u00ebt\u00eb fakultet \u00ebsht\u00eb nj\u00eb shans dhe investim i madh p\u00ebr jet\u00ebn tuaj, por edhe nj\u00eb garanci m\u00eb tep\u00ebr p\u00ebr karrier\u00ebn dhe t\u00eb ardhmen tuaj.<\/p>\n<p class=\"rtejustify\">Fakulteti yn\u00eb funksionon mbi baz\u00ebn e parimeve universitare europiane, standardeve t\u00eb cil\u00ebsis\u00eb n\u00eb fush\u00ebn akademike dhe k\u00ebrkimore. Ai i ka t\u00eb gjitha kapacitetet strukturore, akademike, mjedisore dhe laboratorike p\u00ebr t\u00eb kryer me sukses misionin e tij fisnik: formimin cil\u00ebsor t\u00eb specialist\u00ebve n\u00eb t\u00eb tre nivelet e shkollimit, si dhe k\u00ebrkimin shkencor, duke promovuar&nbsp;shkenc\u00ebtar\u00ebt e rinj.<\/p>\n<p class=\"rtecenter\"><span style=\"font-size:20px\"><span style=\"font-family:times new roman,times,serif\"><strong>Dekani<\/strong><\/span><\/span><\/p>\n<p class=\"rtecenter\"><span style=\"font-family:times new roman,times,serif\"><strong><span style=\"font-size:18px\">Prof.dr. Gjergji Pendavinji<\/span><\/strong><\/span><\/p>\n<p>&nbsp;Nr.Tel: ++355 822 43300<\/p>\n<p>e-mail:&nbsp;<a href=\"mailto:gpendavinji@unkorce.edu.al\" style=\"border: 0px; margin: 0px; padding: 0px; color: rgb(102, 102, 102); text-decoration: none;\">gpendavinji@unkorce.edu.al<\/a><\/p>\n<p>&nbsp;<\/p>\n<p>&nbsp;<\/p>","protected":false},"excerpt":{"rendered":"<p>DEKANI&nbsp;I FAKULTETIT MESAZHI I DEKANIT &nbsp;&nbsp;&nbsp;&nbsp; T\u00eb dashur student\u00eb, ju uroj p\u00ebrzem\u00ebrsisht q\u00eb keni zgjedhur t\u00eb studioni pran\u00eb Fakultetit t\u00eb Shkencave t\u00eb Natyr\u00ebs dhe Shkencave Humane, si nj\u00eb nj\u00ebsi e re kryesore e Universietit \u201cFan. S. Noli\u201d t\u00eb Kor\u00e7\u00ebs. Ju e dini q\u00eb formimi juaj akademik p\u00ebrcaktohet nga zot\u00ebrimi i bazave t\u00eb shkencave natyrore dhe&#8230;<\/p>","protected":false},"author":122,"featured_media":0,"parent":0,"menu_order":0,"comment_status":"closed","ping_status":"closed","template":"","meta":{"_acf_changed":false,"footnotes":""},"class_list":["post-8108","page","type-page","status-publish","hentry"],"acf":[],"yoast_head":"<!-- This site is optimized with the Yoast SEO plugin v26.9 - https:\/\/yoast.com\/product\/yoast-seo-wordpress\/ -->\n<title>Dekani i FSHNH - Universiteti &quot;Fan S. Noli&quot;, Kor\u00e7\u00eb<\/title>\n<meta name=\"robots\" content=\"index, follow, max-snippet:-1, max-image-preview:large, max-video-preview:-1\" \/>\n<link rel=\"canonical\" href=\"https:\/\/unkorce.edu.al\/en\/dekani-i-fshnh\/\" \/>\n<meta property=\"og:locale\" content=\"en_US\" \/>\n<meta property=\"og:type\" content=\"article\" \/>\n<meta property=\"og:title\" content=\"Dekani i FSHNH - Universiteti &quot;Fan S. Noli&quot;, Kor\u00e7\u00eb\" \/>\n<meta property=\"og:description\" content=\"DEKANI&nbsp;I FAKULTETIT MESAZHI I DEKANIT &nbsp;&nbsp;&nbsp;&nbsp; T\u00eb dashur student\u00eb, ju uroj p\u00ebrzem\u00ebrsisht q\u00eb keni zgjedhur t\u00eb studioni pran\u00eb Fakultetit t\u00eb Shkencave t\u00eb Natyr\u00ebs dhe Shkencave Humane, si nj\u00eb nj\u00ebsi e re kryesore e Universietit \u201cFan. S. Noli\u201d t\u00eb Kor\u00e7\u00ebs. Ju e dini q\u00eb formimi juaj akademik p\u00ebrcaktohet nga zot\u00ebrimi i bazave t\u00eb shkencave natyrore dhe...\" \/>\n<meta property=\"og:url\" content=\"https:\/\/unkorce.edu.al\/en\/dekani-i-fshnh\/\" \/>\n<meta property=\"og:site_name\" content=\"Universiteti &quot;Fan S. Noli&quot;, Kor\u00e7\u00eb\" \/>\n<meta property=\"article:publisher\" content=\"https:\/\/www.facebook.com\/unkorce\" \/>\n<meta name=\"twitter:card\" content=\"summary_large_image\" \/>\n<meta name=\"twitter:label1\" content=\"Est. reading time\" \/>\n\t<meta name=\"twitter:data1\" content=\"1 minute\" \/>\n<script type=\"application\/ld+json\" class=\"yoast-schema-graph\">{\"@context\":\"https:\/\/schema.org\",\"@graph\":[{\"@type\":\"WebPage\",\"@id\":\"https:\/\/unkorce.edu.al\/dekani-i-fshnh\/\",\"url\":\"https:\/\/unkorce.edu.al\/dekani-i-fshnh\/\",\"name\":\"Dekani i FSHNH - Universiteti \\\"Fan S. Noli\\\", Kor\u00e7\u00eb\",\"isPartOf\":{\"@id\":\"https:\/\/unkorce.edu.al\/#website\"},\"datePublished\":\"2016-12-10T15:45:06+00:00\",\"breadcrumb\":{\"@id\":\"https:\/\/unkorce.edu.al\/dekani-i-fshnh\/#breadcrumb\"},\"inLanguage\":\"en-US\",\"potentialAction\":[{\"@type\":\"ReadAction\",\"target\":[\"https:\/\/unkorce.edu.al\/dekani-i-fshnh\/\"]}]},{\"@type\":\"BreadcrumbList\",\"@id\":\"https:\/\/unkorce.edu.al\/dekani-i-fshnh\/#breadcrumb\",\"itemListElement\":[{\"@type\":\"ListItem\",\"position\":1,\"name\":\"Home\",\"item\":\"https:\/\/unkorce.edu.al\/\"},{\"@type\":\"ListItem\",\"position\":2,\"name\":\"Dekani i FSHNH\"}]},{\"@type\":\"WebSite\",\"@id\":\"https:\/\/unkorce.edu.al\/#website\",\"url\":\"https:\/\/unkorce.edu.al\/\",\"name\":\"Universiteti \\\"Fan S. Noli\\\", Kor\u00e7\u00eb\",\"description\":\"Mir&euml;sevini n&euml; faqen zyrtare!\",\"publisher\":{\"@id\":\"https:\/\/unkorce.edu.al\/#organization\"},\"potentialAction\":[{\"@type\":\"SearchAction\",\"target\":{\"@type\":\"EntryPoint\",\"urlTemplate\":\"https:\/\/unkorce.edu.al\/?s={search_term_string}\"},\"query-input\":{\"@type\":\"PropertyValueSpecification\",\"valueRequired\":true,\"valueName\":\"search_term_string\"}}],\"inLanguage\":\"en-US\"},{\"@type\":\"Organization\",\"@id\":\"https:\/\/unkorce.edu.al\/#organization\",\"name\":\"Universiteti \\\"Fan S. Noli\\\", Kor\u00e7\u00eb\",\"url\":\"https:\/\/unkorce.edu.al\/\",\"logo\":{\"@type\":\"ImageObject\",\"inLanguage\":\"en-US\",\"@id\":\"https:\/\/unkorce.edu.al\/#\/schema\/logo\/image\/\",\"url\":\"https:\/\/unkorce.edu.al\/wp-content\/uploads\/2024\/08\/Logo_e_Universitetit__Fan_Noli_-e1726660879862.png\",\"contentUrl\":\"https:\/\/unkorce.edu.al\/wp-content\/uploads\/2024\/08\/Logo_e_Universitetit__Fan_Noli_-e1726660879862.png\",\"width\":200,\"height\":120,\"caption\":\"Universiteti \\\"Fan S. Noli\\\", Kor\u00e7\u00eb\"},\"image\":{\"@id\":\"https:\/\/unkorce.edu.al\/#\/schema\/logo\/image\/\"},\"sameAs\":[\"https:\/\/www.facebook.com\/unkorce\"]}]}<\/script>\n<!-- \/ Yoast SEO plugin. -->","yoast_head_json":{"title":"Dekani i FSHNH - Universiteti \"Fan S. Noli\", Kor\u00e7\u00eb","robots":{"index":"index","follow":"follow","max-snippet":"max-snippet:-1","max-image-preview":"max-image-preview:large","max-video-preview":"max-video-preview:-1"},"canonical":"https:\/\/unkorce.edu.al\/en\/dekani-i-fshnh\/","og_locale":"en_US","og_type":"article","og_title":"Dekani i FSHNH - Universiteti \"Fan S. Noli\", Kor\u00e7\u00eb","og_description":"DEKANI&nbsp;I FAKULTETIT MESAZHI I DEKANIT &nbsp;&nbsp;&nbsp;&nbsp; T\u00eb dashur student\u00eb, ju uroj p\u00ebrzem\u00ebrsisht q\u00eb keni zgjedhur t\u00eb studioni pran\u00eb Fakultetit t\u00eb Shkencave t\u00eb Natyr\u00ebs dhe Shkencave Humane, si nj\u00eb nj\u00ebsi e re kryesore e Universietit \u201cFan. S. Noli\u201d t\u00eb Kor\u00e7\u00ebs. Ju e dini q\u00eb formimi juaj akademik p\u00ebrcaktohet nga zot\u00ebrimi i bazave t\u00eb shkencave natyrore dhe...","og_url":"https:\/\/unkorce.edu.al\/en\/dekani-i-fshnh\/","og_site_name":"Universiteti \"Fan S. Noli\", Kor\u00e7\u00eb","article_publisher":"https:\/\/www.facebook.com\/unkorce","twitter_card":"summary_large_image","twitter_misc":{"Est. reading time":"1 minute"},"schema":{"@context":"https:\/\/schema.org","@graph":[{"@type":"WebPage","@id":"https:\/\/unkorce.edu.al\/dekani-i-fshnh\/","url":"https:\/\/unkorce.edu.al\/dekani-i-fshnh\/","name":"Dekani i FSHNH - Universiteti \"Fan S. Noli\", Kor\u00e7\u00eb","isPartOf":{"@id":"https:\/\/unkorce.edu.al\/#website"},"datePublished":"2016-12-10T15:45:06+00:00","breadcrumb":{"@id":"https:\/\/unkorce.edu.al\/dekani-i-fshnh\/#breadcrumb"},"inLanguage":"en-US","potentialAction":[{"@type":"ReadAction","target":["https:\/\/unkorce.edu.al\/dekani-i-fshnh\/"]}]},{"@type":"BreadcrumbList","@id":"https:\/\/unkorce.edu.al\/dekani-i-fshnh\/#breadcrumb","itemListElement":[{"@type":"ListItem","position":1,"name":"Home","item":"https:\/\/unkorce.edu.al\/"},{"@type":"ListItem","position":2,"name":"Dekani i FSHNH"}]},{"@type":"WebSite","@id":"https:\/\/unkorce.edu.al\/#website","url":"https:\/\/unkorce.edu.al\/","name":"Universiteti \"Fan S. Noli\", Kor\u00e7\u00eb","description":"Mir&euml;sevini n&euml; faqen zyrtare!","publisher":{"@id":"https:\/\/unkorce.edu.al\/#organization"},"potentialAction":[{"@type":"SearchAction","target":{"@type":"EntryPoint","urlTemplate":"https:\/\/unkorce.edu.al\/?s={search_term_string}"},"query-input":{"@type":"PropertyValueSpecification","valueRequired":true,"valueName":"search_term_string"}}],"inLanguage":"en-US"},{"@type":"Organization","@id":"https:\/\/unkorce.edu.al\/#organization","name":"Universiteti \"Fan S. Noli\", Kor\u00e7\u00eb","url":"https:\/\/unkorce.edu.al\/","logo":{"@type":"ImageObject","inLanguage":"en-US","@id":"https:\/\/unkorce.edu.al\/#\/schema\/logo\/image\/","url":"https:\/\/unkorce.edu.al\/wp-content\/uploads\/2024\/08\/Logo_e_Universitetit__Fan_Noli_-e1726660879862.png","contentUrl":"https:\/\/unkorce.edu.al\/wp-content\/uploads\/2024\/08\/Logo_e_Universitetit__Fan_Noli_-e1726660879862.png","width":200,"height":120,"caption":"Universiteti \"Fan S. Noli\", Kor\u00e7\u00eb"},"image":{"@id":"https:\/\/unkorce.edu.al\/#\/schema\/logo\/image\/"},"sameAs":["https:\/\/www.facebook.com\/unkorce"]}]}},"_links":{"self":[{"href":"https:\/\/unkorce.edu.al\/en\/wp-json\/wp\/v2\/pages\/8108","targetHints":{"allow":["GET"]}}],"collection":[{"href":"https:\/\/unkorce.edu.al\/en\/wp-json\/wp\/v2\/pages"}],"about":[{"href":"https:\/\/unkorce.edu.al\/en\/wp-json\/wp\/v2\/types\/page"}],"author":[{"embeddable":true,"href":"https:\/\/unkorce.edu.al\/en\/wp-json\/wp\/v2\/users\/122"}],"replies":[{"embeddable":true,"href":"https:\/\/unkorce.edu.al\/en\/wp-json\/wp\/v2\/comments?post=8108"}],"version-history":[{"count":0,"href":"https:\/\/unkorce.edu.al\/en\/wp-json\/wp\/v2\/pages\/8108\/revisions"}],"wp:attachment":[{"href":"https:\/\/unkorce.edu.al\/en\/wp-json\/wp\/v2\/media?parent=8108"}],"curies":[{"name":"wp","href":"https:\/\/api.w.org\/{rel}","templated":true}]}}