{"id":8106,"date":"2016-11-22T14:01:13","date_gmt":"2016-11-22T14:01:13","guid":{"rendered":"\/sector-of-curriculum-development-and-institutional-accreditation\/"},"modified":"2016-11-22T14:01:13","modified_gmt":"2016-11-22T14:01:13","slug":"sector-of-curriculum-development-and-institutional-accreditation","status":"publish","type":"page","link":"https:\/\/unkorce.edu.al\/en\/sector-of-curriculum-development-and-institutional-accreditation\/","title":{"rendered":"Sector of Curriculum Development and Institutional Accreditation"},"content":{"rendered":"<p class=\"rtecenter\"><a href=\"http:\/\/sbc.profilvirtual.com\/\" style=\"line-height: 20.8px;\" target=\"_blank\" rel=\"noopener\">Go to the website of IQAU<\/a><br \/>\n<a href=\"http:\/\/sbc.profilvirtual.com\/\" target=\"_blank\" rel=\"noopener\"><img decoding=\"async\" alt=\"\" src=\"\/sites\/default\/files\/LOGO%20IQAU%20.png\" style=\"height:118px; margin:10px; width:160px\" \/><\/a><\/p>\n<p>The sector of Curricula Development and Institutional Accreditation includes two working aspects that are inseparably connected to each other, the Curricula and Internal Quality Assurance of the University \u201cFan S. Noli\u201d. In this framework this sector continues to manage a quality assurance system for all faculties, which operates by coordinating the basic level of institutional infrastructure as well as human resourcing management.<\/p>\n<p><strong>THE MAIN ACTIVITIES OF THIS SECTOR ARE BASED ON THESE ELEMENTS:<\/strong><\/p>\n<p>1. Quality assurance, which includes different processes that provide the increase of standards.<\/p>\n<p>2. Quality control, which measures the quality increase and aims to improve operations and undertake appropriate actions for continuous improvement. It serves to the management of internal quality system and the progress of the elements, units and structures of the University &#8220;Fan S. Noli&#8221;.<\/p>\n<p><strong>COMPETENCES AND ASSIGNMENTS:<\/strong><\/p>\n<p>1. Sector of the Curricula Development and Institutional Accreditation makes the periodical assessment of the efficiency of educational, scientific activities as well as financial and administrative activities of UK. It functions based on a special regulation.<\/p>\n<p>2. Sector of the Curricula Development and Institutional Accreditation has an operative autonomy and access on the data of UK.<\/p>\n<p>3. Sector of the Curricula Development and Institutional Accreditation cooperates with the Public Agency of Accreditations of Higher Education for problems related with the standards, instructions for the internal assessment, with the qualification of the sector staff etc.<\/p>\n<p>4. Concerning its activity as well as for problems related to the internal assessment. The Sector of the Curricula Development and Institutional Accreditation informs the Academic Senate of UK.<\/p>\n<p>&nbsp;<\/p>\n<p><strong>ACTIVITIES<\/strong><\/p>\n<hr \/>\n<h1><strong><a href=\"http:\/\/unkorce.edu.al\/en\/content\/trajnimi-i-fundit-p%C3%ABr-stafin-akademik-n%C3%AB-kuad%C3%ABr-t%C3%AB-rritjes-s%C3%AB-cil%C3%ABsis%C3%AB-s%C3%AB-m%C3%ABsimdh%C3%ABnies\"><span style=\"font-size:20px\">Trajnimi i fundit p\u00ebr stafin akademik n\u00eb kuad\u00ebr t\u00eb rritjes s\u00eb cil\u00ebsis\u00eb s\u00eb m\u00ebsimdh\u00ebnies. Programi PREZI<\/span><\/a><\/strong><\/h1>\n<p><span style=\"color:rgb(83, 83, 83); font-family:sans-serif,arial,verdana,helvetica; font-size:13.28px\">N\u00eb dat\u00ebn 25-11-2015 Zyra e Kurrikulave dhe Vler\u00ebsimit Institucional, zhvilloi trajnimin e fundit p\u00ebr stafin akademik n\u00eb kuad\u00ebr t\u00eb rritjes s\u00eb cil\u00ebsis\u00eb s\u00eb m\u00ebsimdh\u00ebnies. N\u00eb k\u00ebt\u00eb trajnim mor\u00ebn pjes\u00eb pedagog\u00eb t\u00eb Fakultetit Ekonomik, ku u trajnuan rreth p\u00ebrdorimit t\u00eb programit kompiuterik PREZI n\u00eb m\u00ebsimdh\u00ebnie, si nj\u00eb risi n\u00eb dh\u00ebnien e informacioneve p\u00ebr student\u00ebt.<\/span><\/p>\n<h1><strong><a href=\"http:\/\/unkorce.edu.al\/en\/content\/trajnimi-i-radhes-p%C3%ABr-stafin-akademik-ne-fakultetin-e-bujq%C3%ABsis%C3%AB-n%C3%AB-kuad%C3%ABr-t%C3%AB-rritjes-s%C3%AB\"><span style=\"font-size:20px\">Trajnimi i radhes p\u00ebr stafin akademik ne Fakultetin e Bujq\u00ebsis\u00eb n\u00eb kuad\u00ebr t\u00eb rritjes s\u00eb cil\u00ebsis\u00eb s\u00eb m\u00ebsimdh\u00ebnies. Programi PREZI<\/span><\/a><\/strong><\/h1>\n<p><span style=\"color:rgb(83, 83, 83); font-family:sans-serif,arial,verdana,helvetica; font-size:13.28px\">N\u00eb dat\u00ebn 19-11-2015 Zyra e Kurrikulave dhe Vler\u00ebsimit Institucional, zhvilloi trajnimin e radh\u00ebs p\u00ebr stafin akademik n\u00eb kuad\u00ebr t\u00eb rritjes s\u00eb cil\u00ebsis\u00eb s\u00eb m\u00ebsimdh\u00ebnies. N\u00eb k\u00ebt\u00eb trajnim mor\u00ebn pjes\u00eb pedagog\u00eb t\u00eb Fakultetit t\u00eb Bujq\u00ebsis\u00eb, ku u trajnuan rreth p\u00ebrdorimit t\u00eb programit kompiuterik PREZI n\u00eb m\u00ebsimdh\u00ebnie, si nj\u00eb risi n\u00eb dh\u00ebnien e informacioneve p\u00ebr student\u00ebt.<\/span><\/p>\n<p><strong><a href=\"http:\/\/unkorce.edu.al\/en\/content\/trajnimi-i-radhes-p%C3%ABr-stafin-akademik-ne-fakultetin-e-shkencave-n%C3%AB-kuad%C3%ABr-t%C3%AB-rritjes-s%C3%AB\"><span style=\"font-size:20px\">Trajnimi i radhes p\u00ebr stafin akademik ne Fakultetin e Shkencave n\u00eb kuad\u00ebr t\u00eb rritjes s\u00eb cil\u00ebsis\u00eb s\u00eb m\u00ebsimdh\u00ebnies. Programi PREZI<\/span><\/a><\/strong><\/p>\n<p><span style=\"color:rgb(83, 83, 83); font-family:sans-serif,arial,verdana,helvetica; font-size:13.28px\">N\u00eb dat\u00ebn 18-11-2015 Zyra e Kurrikulave dhe Vler\u00ebsimit Institucional, zhvilloi trajnimin e radh\u00ebs p\u00ebr stafin akademik n\u00eb kuad\u00ebr t\u00eb rritjes s\u00eb cil\u00ebsis\u00eb s\u00eb m\u00ebsimdh\u00ebnies. N\u00eb k\u00ebt\u00eb trajnim mor\u00ebn pjes\u00eb pedagog\u00eb t\u00eb Fakultetit t\u00eb Shkencave t\u00eb Natyr\u00ebs dhe Shkencave Humane, ku u trajnuan rreth p\u00ebrdorimit t\u00eb programit kompiuterik PREZI n\u00eb m\u00ebsimdh\u00ebnie, si nj\u00eb risi n\u00eb dh\u00ebnien e informacioneve p\u00ebr student\u00ebt.<\/span><\/p>\n<p><strong><a href=\"http:\/\/unkorce.edu.al\/en\/content\/trajnimi-i-par%C3%AB-p%C3%ABr-stafin-akademik-n%C3%AB-kuad%C3%ABr-t%C3%AB-rritjes-s%C3%AB-cil%C3%ABsis%C3%AB-s%C3%AB-m%C3%ABsimdh%C3%ABnies\"><span style=\"font-size:20px\">Trajnimi i par\u00eb p\u00ebr stafin akademik n\u00eb kuad\u00ebr t\u00eb rritjes s\u00eb cil\u00ebsis\u00eb s\u00eb m\u00ebsimdh\u00ebnies. Programi PREZI<\/span><\/a><\/strong><\/p>\n<p><span style=\"color:rgb(83, 83, 83); font-family:sans-serif,arial,verdana,helvetica; font-size:13.28px\">N\u00eb dat\u00ebn 05-11-2015 Zyra e Kurrikulave dhe Vler\u00ebsimit Institucional, zhvilloi trajnimin e par\u00eb p\u00ebr stafin akademik n\u00eb kuad\u00ebr t\u00eb rritjes s\u00eb cil\u00ebsis\u00eb s\u00eb m\u00ebsimdh\u00ebnies. N\u00eb k\u00ebt\u00eb trajnim mor\u00ebn pjes\u00eb pedagog\u00eb t\u00eb Fakultetit t\u00eb Edukimit dhe Filologjis\u00eb, ku u trajnuan rreth p\u00ebrdorimit t\u00eb programit kompiuterik PREZI n\u00eb m\u00ebsimdh\u00ebnie, si nj\u00eb risi n\u00eb dh\u00ebnien e informacioneve p\u00ebr student\u00ebt.<\/span><\/p>","protected":false},"excerpt":{"rendered":"<p>Go to the website of IQAU The sector of Curricula Development and Institutional Accreditation includes two working aspects that are inseparably connected to each other, the Curricula and Internal Quality Assurance of the University \u201cFan S. Noli\u201d. In this framework this sector continues to manage a quality assurance system for all faculties, which operates by&#8230;<\/p>","protected":false},"author":122,"featured_media":0,"parent":0,"menu_order":0,"comment_status":"closed","ping_status":"closed","template":"","meta":{"_acf_changed":false,"footnotes":""},"class_list":["post-8106","page","type-page","status-publish","hentry"],"acf":[],"yoast_head":"<!-- This site is optimized with the Yoast SEO plugin v26.9 - https:\/\/yoast.com\/product\/yoast-seo-wordpress\/ -->\n<title>Sector of Curriculum Development and Institutional Accreditation - Universiteti &quot;Fan S. Noli&quot;, Kor\u00e7\u00eb<\/title>\n<meta name=\"robots\" content=\"index, follow, max-snippet:-1, max-image-preview:large, max-video-preview:-1\" \/>\n<link rel=\"canonical\" href=\"https:\/\/unkorce.edu.al\/en\/sector-of-curriculum-development-and-institutional-accreditation\/\" \/>\n<meta property=\"og:locale\" content=\"en_US\" \/>\n<meta property=\"og:type\" content=\"article\" \/>\n<meta property=\"og:title\" content=\"Sector of Curriculum Development and Institutional Accreditation - Universiteti &quot;Fan S. Noli&quot;, Kor\u00e7\u00eb\" \/>\n<meta property=\"og:description\" content=\"Go to the website of IQAU The sector of Curricula Development and Institutional Accreditation includes two working aspects that are inseparably connected to each other, the Curricula and Internal Quality Assurance of the University \u201cFan S. Noli\u201d. In this framework this sector continues to manage a quality assurance system for all faculties, which operates by...\" \/>\n<meta property=\"og:url\" content=\"https:\/\/unkorce.edu.al\/en\/sector-of-curriculum-development-and-institutional-accreditation\/\" \/>\n<meta property=\"og:site_name\" content=\"Universiteti &quot;Fan S. Noli&quot;, Kor\u00e7\u00eb\" \/>\n<meta property=\"article:publisher\" content=\"https:\/\/www.facebook.com\/unkorce\" \/>\n<meta name=\"twitter:card\" content=\"summary_large_image\" \/>\n<meta name=\"twitter:label1\" content=\"Est. reading time\" \/>\n\t<meta name=\"twitter:data1\" content=\"3 minutes\" \/>\n<script type=\"application\/ld+json\" class=\"yoast-schema-graph\">{\"@context\":\"https:\/\/schema.org\",\"@graph\":[{\"@type\":\"WebPage\",\"@id\":\"https:\/\/unkorce.edu.al\/sector-of-curriculum-development-and-institutional-accreditation\/\",\"url\":\"https:\/\/unkorce.edu.al\/sector-of-curriculum-development-and-institutional-accreditation\/\",\"name\":\"Sector of Curriculum Development and Institutional Accreditation - Universiteti \\\"Fan S. Noli\\\", Kor\u00e7\u00eb\",\"isPartOf\":{\"@id\":\"https:\/\/unkorce.edu.al\/#website\"},\"datePublished\":\"2016-11-22T14:01:13+00:00\",\"breadcrumb\":{\"@id\":\"https:\/\/unkorce.edu.al\/sector-of-curriculum-development-and-institutional-accreditation\/#breadcrumb\"},\"inLanguage\":\"en-US\",\"potentialAction\":[{\"@type\":\"ReadAction\",\"target\":[\"https:\/\/unkorce.edu.al\/sector-of-curriculum-development-and-institutional-accreditation\/\"]}]},{\"@type\":\"BreadcrumbList\",\"@id\":\"https:\/\/unkorce.edu.al\/sector-of-curriculum-development-and-institutional-accreditation\/#breadcrumb\",\"itemListElement\":[{\"@type\":\"ListItem\",\"position\":1,\"name\":\"Home\",\"item\":\"https:\/\/unkorce.edu.al\/\"},{\"@type\":\"ListItem\",\"position\":2,\"name\":\"Sector of Curriculum Development and Institutional Accreditation\"}]},{\"@type\":\"WebSite\",\"@id\":\"https:\/\/unkorce.edu.al\/#website\",\"url\":\"https:\/\/unkorce.edu.al\/\",\"name\":\"Universiteti \\\"Fan S. Noli\\\", Kor\u00e7\u00eb\",\"description\":\"Mir&euml;sevini n&euml; faqen zyrtare!\",\"publisher\":{\"@id\":\"https:\/\/unkorce.edu.al\/#organization\"},\"potentialAction\":[{\"@type\":\"SearchAction\",\"target\":{\"@type\":\"EntryPoint\",\"urlTemplate\":\"https:\/\/unkorce.edu.al\/?s={search_term_string}\"},\"query-input\":{\"@type\":\"PropertyValueSpecification\",\"valueRequired\":true,\"valueName\":\"search_term_string\"}}],\"inLanguage\":\"en-US\"},{\"@type\":\"Organization\",\"@id\":\"https:\/\/unkorce.edu.al\/#organization\",\"name\":\"Universiteti \\\"Fan S. Noli\\\", Kor\u00e7\u00eb\",\"url\":\"https:\/\/unkorce.edu.al\/\",\"logo\":{\"@type\":\"ImageObject\",\"inLanguage\":\"en-US\",\"@id\":\"https:\/\/unkorce.edu.al\/#\/schema\/logo\/image\/\",\"url\":\"https:\/\/unkorce.edu.al\/wp-content\/uploads\/2024\/08\/Logo_e_Universitetit__Fan_Noli_-e1726660879862.png\",\"contentUrl\":\"https:\/\/unkorce.edu.al\/wp-content\/uploads\/2024\/08\/Logo_e_Universitetit__Fan_Noli_-e1726660879862.png\",\"width\":200,\"height\":120,\"caption\":\"Universiteti \\\"Fan S. Noli\\\", Kor\u00e7\u00eb\"},\"image\":{\"@id\":\"https:\/\/unkorce.edu.al\/#\/schema\/logo\/image\/\"},\"sameAs\":[\"https:\/\/www.facebook.com\/unkorce\"]}]}<\/script>\n<!-- \/ Yoast SEO plugin. -->","yoast_head_json":{"title":"Sector of Curriculum Development and Institutional Accreditation - Universiteti \"Fan S. Noli\", Kor\u00e7\u00eb","robots":{"index":"index","follow":"follow","max-snippet":"max-snippet:-1","max-image-preview":"max-image-preview:large","max-video-preview":"max-video-preview:-1"},"canonical":"https:\/\/unkorce.edu.al\/en\/sector-of-curriculum-development-and-institutional-accreditation\/","og_locale":"en_US","og_type":"article","og_title":"Sector of Curriculum Development and Institutional Accreditation - Universiteti \"Fan S. Noli\", Kor\u00e7\u00eb","og_description":"Go to the website of IQAU The sector of Curricula Development and Institutional Accreditation includes two working aspects that are inseparably connected to each other, the Curricula and Internal Quality Assurance of the University \u201cFan S. Noli\u201d. In this framework this sector continues to manage a quality assurance system for all faculties, which operates by...","og_url":"https:\/\/unkorce.edu.al\/en\/sector-of-curriculum-development-and-institutional-accreditation\/","og_site_name":"Universiteti \"Fan S. Noli\", Kor\u00e7\u00eb","article_publisher":"https:\/\/www.facebook.com\/unkorce","twitter_card":"summary_large_image","twitter_misc":{"Est. reading time":"3 minutes"},"schema":{"@context":"https:\/\/schema.org","@graph":[{"@type":"WebPage","@id":"https:\/\/unkorce.edu.al\/sector-of-curriculum-development-and-institutional-accreditation\/","url":"https:\/\/unkorce.edu.al\/sector-of-curriculum-development-and-institutional-accreditation\/","name":"Sector of Curriculum Development and Institutional Accreditation - Universiteti \"Fan S. Noli\", Kor\u00e7\u00eb","isPartOf":{"@id":"https:\/\/unkorce.edu.al\/#website"},"datePublished":"2016-11-22T14:01:13+00:00","breadcrumb":{"@id":"https:\/\/unkorce.edu.al\/sector-of-curriculum-development-and-institutional-accreditation\/#breadcrumb"},"inLanguage":"en-US","potentialAction":[{"@type":"ReadAction","target":["https:\/\/unkorce.edu.al\/sector-of-curriculum-development-and-institutional-accreditation\/"]}]},{"@type":"BreadcrumbList","@id":"https:\/\/unkorce.edu.al\/sector-of-curriculum-development-and-institutional-accreditation\/#breadcrumb","itemListElement":[{"@type":"ListItem","position":1,"name":"Home","item":"https:\/\/unkorce.edu.al\/"},{"@type":"ListItem","position":2,"name":"Sector of Curriculum Development and Institutional Accreditation"}]},{"@type":"WebSite","@id":"https:\/\/unkorce.edu.al\/#website","url":"https:\/\/unkorce.edu.al\/","name":"Universiteti \"Fan S. Noli\", Kor\u00e7\u00eb","description":"Mir&euml;sevini n&euml; faqen zyrtare!","publisher":{"@id":"https:\/\/unkorce.edu.al\/#organization"},"potentialAction":[{"@type":"SearchAction","target":{"@type":"EntryPoint","urlTemplate":"https:\/\/unkorce.edu.al\/?s={search_term_string}"},"query-input":{"@type":"PropertyValueSpecification","valueRequired":true,"valueName":"search_term_string"}}],"inLanguage":"en-US"},{"@type":"Organization","@id":"https:\/\/unkorce.edu.al\/#organization","name":"Universiteti \"Fan S. Noli\", Kor\u00e7\u00eb","url":"https:\/\/unkorce.edu.al\/","logo":{"@type":"ImageObject","inLanguage":"en-US","@id":"https:\/\/unkorce.edu.al\/#\/schema\/logo\/image\/","url":"https:\/\/unkorce.edu.al\/wp-content\/uploads\/2024\/08\/Logo_e_Universitetit__Fan_Noli_-e1726660879862.png","contentUrl":"https:\/\/unkorce.edu.al\/wp-content\/uploads\/2024\/08\/Logo_e_Universitetit__Fan_Noli_-e1726660879862.png","width":200,"height":120,"caption":"Universiteti \"Fan S. Noli\", Kor\u00e7\u00eb"},"image":{"@id":"https:\/\/unkorce.edu.al\/#\/schema\/logo\/image\/"},"sameAs":["https:\/\/www.facebook.com\/unkorce"]}]}},"_links":{"self":[{"href":"https:\/\/unkorce.edu.al\/en\/wp-json\/wp\/v2\/pages\/8106","targetHints":{"allow":["GET"]}}],"collection":[{"href":"https:\/\/unkorce.edu.al\/en\/wp-json\/wp\/v2\/pages"}],"about":[{"href":"https:\/\/unkorce.edu.al\/en\/wp-json\/wp\/v2\/types\/page"}],"author":[{"embeddable":true,"href":"https:\/\/unkorce.edu.al\/en\/wp-json\/wp\/v2\/users\/122"}],"replies":[{"embeddable":true,"href":"https:\/\/unkorce.edu.al\/en\/wp-json\/wp\/v2\/comments?post=8106"}],"version-history":[{"count":0,"href":"https:\/\/unkorce.edu.al\/en\/wp-json\/wp\/v2\/pages\/8106\/revisions"}],"wp:attachment":[{"href":"https:\/\/unkorce.edu.al\/en\/wp-json\/wp\/v2\/media?parent=8106"}],"curies":[{"name":"wp","href":"https:\/\/api.w.org\/{rel}","templated":true}]}}