{"id":8090,"date":"2016-11-07T12:53:29","date_gmt":"2016-11-07T12:53:29","guid":{"rendered":"\/rektorati\/"},"modified":"2016-11-07T12:53:29","modified_gmt":"2016-11-07T12:53:29","slug":"rektorati","status":"publish","type":"page","link":"https:\/\/unkorce.edu.al\/en\/rektorati\/","title":{"rendered":"Rectorate"},"content":{"rendered":"<style type=\"text\/css\">.tb_button {padding:1px;cursor:pointer;border-right: 1px solid #8b8b8b;border-left: 1px solid #FFF;border-bottom: 1px solid #fff;}.tb_button.hover {borer:2px outset #def; background-color: #f8f8f8 !important;}.ws_toolbar {z-index:100000} .ws_toolbar .ws_tb_btn {cursor:pointer;border:1px solid #555;padding:3px}   .tb_highlight{background-color:yellow} .tb_hide {visibility:hidden} .ws_toolbar img {padding:2px;margin:0px}\n<\/style>\n<p><!--more--><\/p>\n<h2 class=\"rtecenter\">&nbsp;<\/h2>\n<h2 class=\"rtecenter\">Rectorate<\/h2>\n<p><span style=\"font-family:verdana,geneva,sans-serif\"><span style=\"font-size:16px\">1. Rektorati n\u00eb institucionet e arsimit t\u00eb lart\u00eb \u00ebsht\u00eb organ kolegjial q\u00eb drejtohet nga rektori dhe p\u00ebrb\u00ebhet nga:<\/span><\/span><\/p>\n<p class=\"rteindent1\"><span style=\"font-family:verdana,geneva,sans-serif\"><span style=\"font-size:16px\">a) rektori;<\/span><\/span><\/p>\n<p class=\"rteindent1\"><span style=\"font-family:verdana,geneva,sans-serif\"><span style=\"font-size:16px\">b) z\u00ebvend\u00ebsrektori\/\u00ebt;<\/span><\/span><\/p>\n<p class=\"rteindent1\"><span style=\"font-family:verdana,geneva,sans-serif\"><span style=\"font-size:16px\">c) administratori i institucionit;<\/span><\/span><\/p>\n<p class=\"rteindent1\"><span style=\"font-family:verdana,geneva,sans-serif\"><span style=\"font-size:16px\">\u00e7) drejtuesit e nj\u00ebsive kryesore;<\/span><\/span><\/p>\n<p class=\"rteindent1\"><span style=\"font-family:verdana,geneva,sans-serif\"><span style=\"font-size:16px\">d) autoritete t\u00eb tjera, t\u00eb p\u00ebrcaktuara n\u00eb statutin e institucionit t\u00eb arsimit t\u00eb lart\u00eb.<\/span><\/span><\/p>\n<p><span style=\"font-family:verdana,geneva,sans-serif\"><span style=\"font-size:16px\">2. Institucionet e arsimit t\u00eb lart\u00eb p\u00ebrcaktojn\u00eb n\u00eb statutin e tyre numrin e z\u00ebvend\u00ebsrektor\u00ebve, t\u00eb cil\u00ebt i p\u00ebrkasin kategoris\u00eb \u201cProfesor\u201d ose kan\u00eb grad\u00ebn shkencore \u201cDoktor\u201d (\u201cPHD\u201d), t\u00eb fituar pran\u00eb universiteteve t\u00eb vendeve an\u00ebtare t\u00eb OECD-s\u00eb ose BE-s\u00eb. Ata jan\u00eb an\u00ebtar\u00eb t\u00eb personelit akademik me koh\u00eb t\u00eb plot\u00eb, t\u00eb cil\u00ebt em\u00ebrohen dhe shkarkohen nga rektori, pas miratimit n\u00eb Senatin Akademik.<\/span><\/span><\/p>\n<p><span style=\"font-family:verdana,geneva,sans-serif\"><span style=\"font-size:16px\">3.<strong> <\/strong>Rektorati harton planin strategjik t\u00eb zhvillimit t\u00eb institucionit, mb\u00ebshtetur n\u00eb propozimet e nj\u00ebsive baz\u00eb dhe kryesore t\u00eb institucionit, si dhe ato t\u00eb administrator\u00ebve.<\/span><\/span><\/p>\n<p><span style=\"font-family:verdana,geneva,sans-serif\"><span style=\"font-size:16px\">4. Funksionet e rektoratit p\u00ebrcaktohen n\u00eb statutin e institucionit t\u00eb arsimit t\u00eb lart\u00eb.<\/span><\/span><\/p>\n<p>&nbsp;<\/p>\n<h3><span style=\"font-family:verdana,geneva,sans-serif\"><span style=\"color:rgb(178, 34, 34)\"><strong>Rector<\/strong><\/span><\/span><\/h3>\n<p><span style=\"font-family:verdana,geneva,sans-serif\"><strong><img decoding=\"async\" alt=\"\" src=\"\/sites\/default\/files\/Dhimitri%20Bello_Small_0.png\" style=\"float:left; height:218px; margin-left:5px; margin-right:5px; width:180px\" \/><span style=\"font-size:16px\">Prof. dr. Dhimitri Bello<\/span><\/strong><\/span><\/p>\n<p><span style=\"font-size:14px\"><span style=\"font-family:verdana,geneva,sans-serif\"><em><strong>Tel. :<\/strong><\/em>&nbsp;++ 355 822 42230<br \/>\n&nbsp; &nbsp; &nbsp; &nbsp; &nbsp;<\/span><\/span><span style=\"font-family:verdana,geneva,sans-serif; font-size:14px\">++ 355 69 2163295<\/span><\/p>\n<p><span style=\"font-size:14px\"><span style=\"font-family:verdana,geneva,sans-serif\"><em><strong>e-mail:<\/strong><\/em>&nbsp;dbello@<\/span><\/span><\/p>\n<p>&nbsp;<\/p>\n<p>&nbsp;<\/p>\n<p>&nbsp;<\/p>\n<p>&nbsp;<\/p>\n<h3><span style=\"font-family:verdana,geneva,sans-serif\"><span style=\"color:rgb(178, 34, 34)\"><strong>Zv. Rektore p\u00ebr Shkenc<\/strong>\u00ebn dhe Projektet<\/span><\/span><\/h3>\n<p><strong><img decoding=\"async\" alt=\"\" src=\"\/sites\/default\/files\/Benita%20Stavre.png\" style=\"float:left; height:218px; margin-left:5px; margin-right:5px; width:180px\" \/><\/strong><span style=\"font-family:verdana,geneva,sans-serif\"><strong><span style=\"font-size:16px\">Dr. Benita Stavre<\/span><\/strong><\/span><\/p>\n<p><span style=\"font-size:14px\"><span style=\"font-family:verdana,geneva,sans-serif\"><em><strong>Tel. :&nbsp;<\/strong><\/em>++ 355 822 42580<\/span><\/span><\/p>\n<p><span style=\"font-size:14px\"><span style=\"font-family:verdana,geneva,sans-serif\"><em><strong>e-mail:&nbsp;<\/strong><\/em><\/span><\/span>bstavre@unkorce.edu.al<\/p>\n<p>&nbsp;<\/p>\n<p>&nbsp;<\/p>\n<p>&nbsp;<\/p>\n<p>&nbsp;<\/p>\n<h3><span style=\"font-family:verdana,geneva,sans-serif\"><span style=\"color:rgb(178, 34, 34)\"><strong>Zv. Rektor&nbsp;p\u00ebr M\u00ebsimin<\/strong><\/span><\/span><\/h3>\n<p><span style=\"font-family:verdana,geneva,sans-serif\"><strong><span style=\"font-size:16px\">Dr. Arto Adili<\/span><\/strong><\/span><\/p>\n<p><span style=\"font-size:14px\"><span style=\"font-family:verdana,geneva,sans-serif\"><em><strong>e-mail:&nbsp;<\/strong><\/em><\/span><\/span>aadili@unkorce.edu.al<\/p>\n<p>&nbsp;<\/p>\n<p>&nbsp;<\/p>\n<p>&nbsp;<\/p>\n<p>&nbsp;<\/p>\n<p>&nbsp;<\/p>\n<h3><span style=\"font-family:verdana,geneva,sans-serif\"><span style=\"color:rgb(178, 34, 34)\">Administrator<\/span><\/span><\/h3>\n<p><span style=\"font-family:verdana,geneva,sans-serif\"><span style=\"font-size:16px\"><strong><img decoding=\"async\" alt=\"\" src=\"\/sites\/default\/files\/Enslemvera%20Zake%20_KORNIZ.png\" style=\"float:left; height:218px; margin-left:5px; margin-right:5px; width:180px\" \/>Msc. Enslemvera Zake (Furxhi)<\/strong><\/span><\/span><\/p>\n<p><span style=\"font-size:14px\"><span style=\"font-family:verdana,geneva,sans-serif\"><strong><em>Tel:<\/em><\/strong>&nbsp;+355 822 43609<br \/>\n<strong><em>e-mail:<\/em><\/strong>&nbsp;eni_furxhi@yahoo.com<\/span><\/span><\/p>\n<p>&nbsp;<\/p>\n<p>\n&nbsp;<\/p>\n<p>&nbsp;<\/p>\n<div>&nbsp;<\/div>\n<h3><span style=\"font-family:verdana,geneva,sans-serif\"><span style=\"color:rgb(178, 34, 34)\"><strong>Dekani i Fakultetit t\u00eb Bujq\u00ebsis\u00eb<\/strong><\/span><\/span><\/h3>\n<p><span style=\"font-family:verdana,geneva,sans-serif\"><strong><img decoding=\"async\" alt=\"\" src=\"\/sites\/default\/files\/Gjergji-Mero_0.jpg\" style=\"float:left; height:218px; margin-left:5px; margin-right:5px; width:180px\" \/><span style=\"font-size:16px\">Prof. as. dr.&nbsp; Gjergji Mero<\/span><\/strong><\/span><\/p>\n<p><span style=\"font-size:14px\"><span style=\"font-family:verdana,geneva,sans-serif\"><em><strong>Tel.:&nbsp;<\/strong><\/em>+355 822 48945<\/span><\/span><\/p>\n<p><span style=\"font-size:14px\"><span style=\"font-family:verdana,geneva,sans-serif\"><em><strong>e-mail:<\/strong><\/em>&nbsp;gmero@unkorce.edu.al<\/span><\/span><\/p>\n<p><span style=\"font-size:14px\"><span style=\"font-family:verdana,geneva,sans-serif\"><em><strong>e-mail:&nbsp;<\/strong><\/em>gjmero@yahoo.com<\/span><\/span><\/p>\n<p>&nbsp;<\/p>\n<p>&nbsp;<\/p>\n<p>&nbsp;<\/p>\n<h3><span style=\"font-family:verdana,geneva,sans-serif\"><span style=\"color:rgb(178, 34, 34)\"><strong>Dekani i Fakultetit t\u00eb Edukimit dhe Filologjis\u00eb<\/strong><\/span><\/span><\/h3>\n<p><span style=\"font-family:verdana,geneva,sans-serif\"><strong><img decoding=\"async\" alt=\"\" src=\"\/sites\/default\/files\/j.spaho_.png\" style=\"float:left; height:180px; margin-left:5px; margin-right:5px; width:180px\" \/><span style=\"font-size:16px\">Prof. as. dr. Jonela Spaho<\/span><\/strong><\/span><\/p>\n<p><span style=\"font-size:14px\"><span style=\"font-family:verdana,geneva,sans-serif\"><em><strong>Tel. :&nbsp;<\/strong><\/em>++ 355 822 48944<\/span><\/span><\/p>\n<p><span style=\"font-size:14px\"><span style=\"font-family:verdana,geneva,sans-serif\"><em><strong>e-mail:&nbsp;<\/strong><\/em><\/span><\/span>jspaho@unkorce.edu.al<\/p>\n<p>&nbsp;<\/p>\n<p>&nbsp;<\/p>\n<p>&nbsp;<\/p>\n<h3>\n<span style=\"font-family:verdana,geneva,sans-serif\"><span style=\"color:rgb(178, 34, 34)\"><strong>Dekani i Fakultetit Ekonomik<\/strong><\/span><\/span><\/h3>\n<p><span style=\"font-family:verdana,geneva,sans-serif\"><strong><img decoding=\"async\" alt=\"\" src=\"\/sites\/default\/files\/l.alolli_0.png\" style=\"float:left; height:180px; margin-left:5px; margin-right:5px; width:180px\" \/><span style=\"font-size:16px\">Prof. as. dr.&nbsp;Ledina Alolli<\/span><\/strong><\/span><\/p>\n<p><span style=\"font-size:14px\"><span style=\"font-family:verdana,geneva,sans-serif\"><em><strong>Tel.:<\/strong><\/em>&nbsp;+355 822 42201<\/span><\/span><\/p>\n<p><span style=\"font-size:14px\"><span style=\"font-family:verdana,geneva,sans-serif\"><em><strong>e-mail:<\/strong><\/em>&nbsp;<\/span><\/span>lalolli@unkorce.edu.al<\/p>\n<p>&nbsp;<\/p>\n<p>&nbsp;<\/p>\n<p>&nbsp;<\/p>\n<h3><span style=\"font-family:verdana,geneva,sans-serif\"><span style=\"color:rgb(178, 34, 34)\"><strong>Dekani i Fakultetit te Shkencave Natyrore dhe Humane<\/strong><\/span><\/span><\/h3>\n<p><span style=\"font-family:verdana,geneva,sans-serif\"><strong><span style=\"font-size:16px\">Prof. as. dr. Sonela Stillo<\/span><\/strong><\/span><\/p>\n<p><span style=\"font-size:14px\"><span style=\"font-family:verdana,geneva,sans-serif\"><em><strong>e-mail:<\/strong><\/em>&nbsp;<\/span><\/span>sstillo@unkorce.edu.al<\/p>\n<h2>&nbsp;<\/h2>\n<p>&nbsp;<\/p>\n<div>&nbsp;<\/div>\n<style type=\"text\/css\">.tb_button {padding:1px;cursor:pointer;border-right: 1px solid #8b8b8b;border-left: 1px solid #FFF;border-bottom: 1px solid #fff;}.tb_button.hover {borer:2px outset #def; background-color: #f8f8f8 !important;}.ws_toolbar {z-index:100000} .ws_toolbar .ws_tb_btn {cursor:pointer;border:1px solid #555;padding:3px}   .tb_highlight{background-color:yellow} .tb_hide {visibility:hidden} .ws_toolbar img {padding:2px;margin:0px}\n<\/style>\n<div>&nbsp;<\/div>","protected":false},"excerpt":{"rendered":"","protected":false},"author":122,"featured_media":0,"parent":0,"menu_order":0,"comment_status":"closed","ping_status":"closed","template":"","meta":{"_acf_changed":false,"footnotes":""},"class_list":["post-8090","page","type-page","status-publish","hentry"],"acf":[],"yoast_head":"<!-- This site is optimized with the Yoast SEO plugin v26.9 - https:\/\/yoast.com\/product\/yoast-seo-wordpress\/ -->\n<title>Rektorati - Universiteti &quot;Fan S. Noli&quot;, Kor\u00e7\u00eb<\/title>\n<meta name=\"robots\" content=\"index, follow, max-snippet:-1, max-image-preview:large, max-video-preview:-1\" \/>\n<link rel=\"canonical\" href=\"https:\/\/unkorce.edu.al\/en\/rektorati\/\" \/>\n<meta property=\"og:locale\" content=\"en_US\" \/>\n<meta property=\"og:type\" content=\"article\" \/>\n<meta property=\"og:title\" content=\"Rektorati - Universiteti &quot;Fan S. Noli&quot;, Kor\u00e7\u00eb\" \/>\n<meta property=\"og:url\" content=\"https:\/\/unkorce.edu.al\/en\/rektorati\/\" \/>\n<meta property=\"og:site_name\" content=\"Universiteti &quot;Fan S. Noli&quot;, Kor\u00e7\u00eb\" \/>\n<meta property=\"article:publisher\" content=\"https:\/\/www.facebook.com\/unkorce\" \/>\n<meta name=\"twitter:card\" content=\"summary_large_image\" \/>\n<meta name=\"twitter:label1\" content=\"Est. reading time\" \/>\n\t<meta name=\"twitter:data1\" content=\"2 minutes\" \/>\n<script type=\"application\/ld+json\" class=\"yoast-schema-graph\">{\"@context\":\"https:\/\/schema.org\",\"@graph\":[{\"@type\":\"WebPage\",\"@id\":\"https:\/\/unkorce.edu.al\/rektorati\/\",\"url\":\"https:\/\/unkorce.edu.al\/rektorati\/\",\"name\":\"Rektorati - Universiteti \\\"Fan S. Noli\\\", Kor\u00e7\u00eb\",\"isPartOf\":{\"@id\":\"https:\/\/unkorce.edu.al\/#website\"},\"datePublished\":\"2016-11-07T12:53:29+00:00\",\"breadcrumb\":{\"@id\":\"https:\/\/unkorce.edu.al\/rektorati\/#breadcrumb\"},\"inLanguage\":\"en-US\",\"potentialAction\":[{\"@type\":\"ReadAction\",\"target\":[\"https:\/\/unkorce.edu.al\/rektorati\/\"]}]},{\"@type\":\"BreadcrumbList\",\"@id\":\"https:\/\/unkorce.edu.al\/rektorati\/#breadcrumb\",\"itemListElement\":[{\"@type\":\"ListItem\",\"position\":1,\"name\":\"Home\",\"item\":\"https:\/\/unkorce.edu.al\/\"},{\"@type\":\"ListItem\",\"position\":2,\"name\":\"Rektorati\"}]},{\"@type\":\"WebSite\",\"@id\":\"https:\/\/unkorce.edu.al\/#website\",\"url\":\"https:\/\/unkorce.edu.al\/\",\"name\":\"Universiteti \\\"Fan S. Noli\\\", Kor\u00e7\u00eb\",\"description\":\"Mir&euml;sevini n&euml; faqen zyrtare!\",\"publisher\":{\"@id\":\"https:\/\/unkorce.edu.al\/#organization\"},\"potentialAction\":[{\"@type\":\"SearchAction\",\"target\":{\"@type\":\"EntryPoint\",\"urlTemplate\":\"https:\/\/unkorce.edu.al\/?s={search_term_string}\"},\"query-input\":{\"@type\":\"PropertyValueSpecification\",\"valueRequired\":true,\"valueName\":\"search_term_string\"}}],\"inLanguage\":\"en-US\"},{\"@type\":\"Organization\",\"@id\":\"https:\/\/unkorce.edu.al\/#organization\",\"name\":\"Universiteti \\\"Fan S. Noli\\\", Kor\u00e7\u00eb\",\"url\":\"https:\/\/unkorce.edu.al\/\",\"logo\":{\"@type\":\"ImageObject\",\"inLanguage\":\"en-US\",\"@id\":\"https:\/\/unkorce.edu.al\/#\/schema\/logo\/image\/\",\"url\":\"https:\/\/unkorce.edu.al\/wp-content\/uploads\/2024\/08\/Logo_e_Universitetit__Fan_Noli_-e1726660879862.png\",\"contentUrl\":\"https:\/\/unkorce.edu.al\/wp-content\/uploads\/2024\/08\/Logo_e_Universitetit__Fan_Noli_-e1726660879862.png\",\"width\":200,\"height\":120,\"caption\":\"Universiteti \\\"Fan S. Noli\\\", Kor\u00e7\u00eb\"},\"image\":{\"@id\":\"https:\/\/unkorce.edu.al\/#\/schema\/logo\/image\/\"},\"sameAs\":[\"https:\/\/www.facebook.com\/unkorce\"]}]}<\/script>\n<!-- \/ Yoast SEO plugin. -->","yoast_head_json":{"title":"Rektorati - Universiteti \"Fan S. Noli\", Kor\u00e7\u00eb","robots":{"index":"index","follow":"follow","max-snippet":"max-snippet:-1","max-image-preview":"max-image-preview:large","max-video-preview":"max-video-preview:-1"},"canonical":"https:\/\/unkorce.edu.al\/en\/rektorati\/","og_locale":"en_US","og_type":"article","og_title":"Rektorati - Universiteti \"Fan S. Noli\", Kor\u00e7\u00eb","og_url":"https:\/\/unkorce.edu.al\/en\/rektorati\/","og_site_name":"Universiteti \"Fan S. Noli\", Kor\u00e7\u00eb","article_publisher":"https:\/\/www.facebook.com\/unkorce","twitter_card":"summary_large_image","twitter_misc":{"Est. reading time":"2 minutes"},"schema":{"@context":"https:\/\/schema.org","@graph":[{"@type":"WebPage","@id":"https:\/\/unkorce.edu.al\/rektorati\/","url":"https:\/\/unkorce.edu.al\/rektorati\/","name":"Rektorati - Universiteti \"Fan S. Noli\", Kor\u00e7\u00eb","isPartOf":{"@id":"https:\/\/unkorce.edu.al\/#website"},"datePublished":"2016-11-07T12:53:29+00:00","breadcrumb":{"@id":"https:\/\/unkorce.edu.al\/rektorati\/#breadcrumb"},"inLanguage":"en-US","potentialAction":[{"@type":"ReadAction","target":["https:\/\/unkorce.edu.al\/rektorati\/"]}]},{"@type":"BreadcrumbList","@id":"https:\/\/unkorce.edu.al\/rektorati\/#breadcrumb","itemListElement":[{"@type":"ListItem","position":1,"name":"Home","item":"https:\/\/unkorce.edu.al\/"},{"@type":"ListItem","position":2,"name":"Rektorati"}]},{"@type":"WebSite","@id":"https:\/\/unkorce.edu.al\/#website","url":"https:\/\/unkorce.edu.al\/","name":"Universiteti \"Fan S. Noli\", Kor\u00e7\u00eb","description":"Mir&euml;sevini n&euml; faqen zyrtare!","publisher":{"@id":"https:\/\/unkorce.edu.al\/#organization"},"potentialAction":[{"@type":"SearchAction","target":{"@type":"EntryPoint","urlTemplate":"https:\/\/unkorce.edu.al\/?s={search_term_string}"},"query-input":{"@type":"PropertyValueSpecification","valueRequired":true,"valueName":"search_term_string"}}],"inLanguage":"en-US"},{"@type":"Organization","@id":"https:\/\/unkorce.edu.al\/#organization","name":"Universiteti \"Fan S. Noli\", Kor\u00e7\u00eb","url":"https:\/\/unkorce.edu.al\/","logo":{"@type":"ImageObject","inLanguage":"en-US","@id":"https:\/\/unkorce.edu.al\/#\/schema\/logo\/image\/","url":"https:\/\/unkorce.edu.al\/wp-content\/uploads\/2024\/08\/Logo_e_Universitetit__Fan_Noli_-e1726660879862.png","contentUrl":"https:\/\/unkorce.edu.al\/wp-content\/uploads\/2024\/08\/Logo_e_Universitetit__Fan_Noli_-e1726660879862.png","width":200,"height":120,"caption":"Universiteti \"Fan S. Noli\", Kor\u00e7\u00eb"},"image":{"@id":"https:\/\/unkorce.edu.al\/#\/schema\/logo\/image\/"},"sameAs":["https:\/\/www.facebook.com\/unkorce"]}]}},"_links":{"self":[{"href":"https:\/\/unkorce.edu.al\/en\/wp-json\/wp\/v2\/pages\/8090","targetHints":{"allow":["GET"]}}],"collection":[{"href":"https:\/\/unkorce.edu.al\/en\/wp-json\/wp\/v2\/pages"}],"about":[{"href":"https:\/\/unkorce.edu.al\/en\/wp-json\/wp\/v2\/types\/page"}],"author":[{"embeddable":true,"href":"https:\/\/unkorce.edu.al\/en\/wp-json\/wp\/v2\/users\/122"}],"replies":[{"embeddable":true,"href":"https:\/\/unkorce.edu.al\/en\/wp-json\/wp\/v2\/comments?post=8090"}],"version-history":[{"count":0,"href":"https:\/\/unkorce.edu.al\/en\/wp-json\/wp\/v2\/pages\/8090\/revisions"}],"wp:attachment":[{"href":"https:\/\/unkorce.edu.al\/en\/wp-json\/wp\/v2\/media?parent=8090"}],"curies":[{"name":"wp","href":"https:\/\/api.w.org\/{rel}","templated":true}]}}