{"id":8069,"date":"2016-07-27T09:07:36","date_gmt":"2016-07-27T09:07:36","guid":{"rendered":"\/nderprerja-e-studimeve\/"},"modified":"2016-07-27T09:07:36","modified_gmt":"2016-07-27T09:07:36","slug":"nderprerja-e-studimeve","status":"publish","type":"page","link":"https:\/\/unkorce.edu.al\/en\/nderprerja-e-studimeve\/","title":{"rendered":"Nd\u00ebrprerja e Studimeve"},"content":{"rendered":"<div>N\u00cb BAZ\u00cb T\u00cb&nbsp;RREGULLORES S\u00cb ORGANIZIMIT DHE VEPRIMTARIS\u00cb M\u00cbSIMORE, K\u00cbRKIMORE SHKENCORE T\u00cb UNIVERSITETIT&nbsp;\u201cFAN S. NOLI\u201d KOR\u04aa\u00cb<\/div>\n<div class=\"x_gmail_default\" style=\"color: rgb(33, 33, 33); font-size: 15px; background-color: rgb(255, 255, 255); font-family: verdana, sans-serif;\">&nbsp;<\/div>\n<div class=\"x_gmail_default\" style=\"color: rgb(33, 33, 33); font-size: 15px; background-color: rgb(255, 255, 255); font-family: verdana, sans-serif;\"><strong>Neni 114<\/strong><\/div>\n<div class=\"x_gmail_default\" style=\"color: rgb(33, 33, 33); font-size: 15px; background-color: rgb(255, 255, 255); font-family: verdana, sans-serif;\">&nbsp;<\/div>\n<div class=\"x_gmail_default\" style=\"color: rgb(33, 33, 33); font-size: 15px; background-color: rgb(255, 255, 255); font-family: verdana, sans-serif;\"><strong>Nd\u00ebrprerja dhe rifillimi i studimeve<\/strong><\/div>\n<div class=\"x_gmail_default\" style=\"color: rgb(33, 33, 33); font-size: 15px; background-color: rgb(255, 255, 255); font-family: verdana, sans-serif;\">&nbsp;<\/div>\n<div class=\"x_gmail_default\" style=\"color: rgb(33, 33, 33); font-size: 15px; background-color: rgb(255, 255, 255); font-family: verdana, sans-serif;\">Studenti mund t\u2019i nd\u00ebrpres\u00eb studimet pasi t\u00eb ket\u00eb njoftuar paraprakisht p\u00ebr k\u00ebt\u00eb nd\u00ebrprerje dekanin e fakultetit p\u00ebrkat\u00ebs. Ai mund t\u2019i rifilloj\u00eb studimet para apo pas konsumimit t\u00eb lej\u00ebs, n\u00eb fillim t\u00eb \u00e7do semestri apo n\u00eb t\u00eb nj\u00ebjt\u00ebn dat\u00eb pas s\u00eb cil\u00ebs ai \u00ebsht\u00eb larguar. N\u00eb \u00e7do rast duhet t\u00eb ket\u00eb p\u00ebrmbushur t\u00eb gjitha detyrimet q\u00eb p\u00ebrmban rregullorja m\u00ebsimore e programit t\u00eb studimit q\u00eb ai vazhdon.&nbsp;<\/div>","protected":false},"excerpt":{"rendered":"<p>N\u00cb BAZ\u00cb T\u00cb&nbsp;RREGULLORES S\u00cb ORGANIZIMIT DHE VEPRIMTARIS\u00cb M\u00cbSIMORE, K\u00cbRKIMORE SHKENCORE T\u00cb UNIVERSITETIT&nbsp;\u201cFAN S. NOLI\u201d KOR\u04aa\u00cb &nbsp; Neni 114 &nbsp; Nd\u00ebrprerja dhe rifillimi i studimeve &nbsp; Studenti mund t\u2019i nd\u00ebrpres\u00eb studimet pasi t\u00eb ket\u00eb njoftuar paraprakisht p\u00ebr k\u00ebt\u00eb nd\u00ebrprerje dekanin e fakultetit p\u00ebrkat\u00ebs. Ai mund t\u2019i rifilloj\u00eb studimet para apo pas konsumimit t\u00eb lej\u00ebs, n\u00eb fillim&#8230;<\/p>","protected":false},"author":122,"featured_media":0,"parent":0,"menu_order":0,"comment_status":"closed","ping_status":"closed","template":"","meta":{"_acf_changed":false,"footnotes":""},"class_list":["post-8069","page","type-page","status-publish","hentry"],"acf":[],"yoast_head":"<!-- This site is optimized with the Yoast SEO plugin v26.9 - https:\/\/yoast.com\/product\/yoast-seo-wordpress\/ -->\n<title>Nd\u00ebrprerja e Studimeve - Universiteti &quot;Fan S. Noli&quot;, Kor\u00e7\u00eb<\/title>\n<meta name=\"robots\" content=\"index, follow, max-snippet:-1, max-image-preview:large, max-video-preview:-1\" \/>\n<link rel=\"canonical\" href=\"https:\/\/unkorce.edu.al\/en\/nderprerja-e-studimeve\/\" \/>\n<meta property=\"og:locale\" content=\"en_US\" \/>\n<meta property=\"og:type\" content=\"article\" \/>\n<meta property=\"og:title\" content=\"Nd\u00ebrprerja e Studimeve - Universiteti &quot;Fan S. Noli&quot;, Kor\u00e7\u00eb\" \/>\n<meta property=\"og:description\" content=\"N\u00cb BAZ\u00cb T\u00cb&nbsp;RREGULLORES S\u00cb ORGANIZIMIT DHE VEPRIMTARIS\u00cb M\u00cbSIMORE, K\u00cbRKIMORE SHKENCORE T\u00cb UNIVERSITETIT&nbsp;\u201cFAN S. NOLI\u201d KOR\u04aa\u00cb &nbsp; Neni 114 &nbsp; Nd\u00ebrprerja dhe rifillimi i studimeve &nbsp; Studenti mund t\u2019i nd\u00ebrpres\u00eb studimet pasi t\u00eb ket\u00eb njoftuar paraprakisht p\u00ebr k\u00ebt\u00eb nd\u00ebrprerje dekanin e fakultetit p\u00ebrkat\u00ebs. Ai mund t\u2019i rifilloj\u00eb studimet para apo pas konsumimit t\u00eb lej\u00ebs, n\u00eb fillim...\" \/>\n<meta property=\"og:url\" content=\"https:\/\/unkorce.edu.al\/en\/nderprerja-e-studimeve\/\" \/>\n<meta property=\"og:site_name\" content=\"Universiteti &quot;Fan S. Noli&quot;, Kor\u00e7\u00eb\" \/>\n<meta property=\"article:publisher\" content=\"https:\/\/www.facebook.com\/unkorce\" \/>\n<meta name=\"twitter:card\" content=\"summary_large_image\" \/>\n<meta name=\"twitter:label1\" content=\"Est. reading time\" \/>\n\t<meta name=\"twitter:data1\" content=\"1 minute\" \/>\n<script type=\"application\/ld+json\" class=\"yoast-schema-graph\">{\"@context\":\"https:\/\/schema.org\",\"@graph\":[{\"@type\":\"WebPage\",\"@id\":\"https:\/\/unkorce.edu.al\/nderprerja-e-studimeve\/\",\"url\":\"https:\/\/unkorce.edu.al\/nderprerja-e-studimeve\/\",\"name\":\"Nd\u00ebrprerja e Studimeve - Universiteti \\\"Fan S. Noli\\\", Kor\u00e7\u00eb\",\"isPartOf\":{\"@id\":\"https:\/\/unkorce.edu.al\/#website\"},\"datePublished\":\"2016-07-27T09:07:36+00:00\",\"breadcrumb\":{\"@id\":\"https:\/\/unkorce.edu.al\/nderprerja-e-studimeve\/#breadcrumb\"},\"inLanguage\":\"en-US\",\"potentialAction\":[{\"@type\":\"ReadAction\",\"target\":[\"https:\/\/unkorce.edu.al\/nderprerja-e-studimeve\/\"]}]},{\"@type\":\"BreadcrumbList\",\"@id\":\"https:\/\/unkorce.edu.al\/nderprerja-e-studimeve\/#breadcrumb\",\"itemListElement\":[{\"@type\":\"ListItem\",\"position\":1,\"name\":\"Home\",\"item\":\"https:\/\/unkorce.edu.al\/\"},{\"@type\":\"ListItem\",\"position\":2,\"name\":\"Nd\u00ebrprerja e Studimeve\"}]},{\"@type\":\"WebSite\",\"@id\":\"https:\/\/unkorce.edu.al\/#website\",\"url\":\"https:\/\/unkorce.edu.al\/\",\"name\":\"Universiteti \\\"Fan S. Noli\\\", Kor\u00e7\u00eb\",\"description\":\"Mir&euml;sevini n&euml; faqen zyrtare!\",\"publisher\":{\"@id\":\"https:\/\/unkorce.edu.al\/#organization\"},\"potentialAction\":[{\"@type\":\"SearchAction\",\"target\":{\"@type\":\"EntryPoint\",\"urlTemplate\":\"https:\/\/unkorce.edu.al\/?s={search_term_string}\"},\"query-input\":{\"@type\":\"PropertyValueSpecification\",\"valueRequired\":true,\"valueName\":\"search_term_string\"}}],\"inLanguage\":\"en-US\"},{\"@type\":\"Organization\",\"@id\":\"https:\/\/unkorce.edu.al\/#organization\",\"name\":\"Universiteti \\\"Fan S. Noli\\\", Kor\u00e7\u00eb\",\"url\":\"https:\/\/unkorce.edu.al\/\",\"logo\":{\"@type\":\"ImageObject\",\"inLanguage\":\"en-US\",\"@id\":\"https:\/\/unkorce.edu.al\/#\/schema\/logo\/image\/\",\"url\":\"https:\/\/unkorce.edu.al\/wp-content\/uploads\/2024\/08\/Logo_e_Universitetit__Fan_Noli_-e1726660879862.png\",\"contentUrl\":\"https:\/\/unkorce.edu.al\/wp-content\/uploads\/2024\/08\/Logo_e_Universitetit__Fan_Noli_-e1726660879862.png\",\"width\":200,\"height\":120,\"caption\":\"Universiteti \\\"Fan S. Noli\\\", Kor\u00e7\u00eb\"},\"image\":{\"@id\":\"https:\/\/unkorce.edu.al\/#\/schema\/logo\/image\/\"},\"sameAs\":[\"https:\/\/www.facebook.com\/unkorce\"]}]}<\/script>\n<!-- \/ Yoast SEO plugin. -->","yoast_head_json":{"title":"Nd\u00ebrprerja e Studimeve - Universiteti \"Fan S. Noli\", Kor\u00e7\u00eb","robots":{"index":"index","follow":"follow","max-snippet":"max-snippet:-1","max-image-preview":"max-image-preview:large","max-video-preview":"max-video-preview:-1"},"canonical":"https:\/\/unkorce.edu.al\/en\/nderprerja-e-studimeve\/","og_locale":"en_US","og_type":"article","og_title":"Nd\u00ebrprerja e Studimeve - Universiteti \"Fan S. Noli\", Kor\u00e7\u00eb","og_description":"N\u00cb BAZ\u00cb T\u00cb&nbsp;RREGULLORES S\u00cb ORGANIZIMIT DHE VEPRIMTARIS\u00cb M\u00cbSIMORE, K\u00cbRKIMORE SHKENCORE T\u00cb UNIVERSITETIT&nbsp;\u201cFAN S. NOLI\u201d KOR\u04aa\u00cb &nbsp; Neni 114 &nbsp; Nd\u00ebrprerja dhe rifillimi i studimeve &nbsp; Studenti mund t\u2019i nd\u00ebrpres\u00eb studimet pasi t\u00eb ket\u00eb njoftuar paraprakisht p\u00ebr k\u00ebt\u00eb nd\u00ebrprerje dekanin e fakultetit p\u00ebrkat\u00ebs. Ai mund t\u2019i rifilloj\u00eb studimet para apo pas konsumimit t\u00eb lej\u00ebs, n\u00eb fillim...","og_url":"https:\/\/unkorce.edu.al\/en\/nderprerja-e-studimeve\/","og_site_name":"Universiteti \"Fan S. Noli\", Kor\u00e7\u00eb","article_publisher":"https:\/\/www.facebook.com\/unkorce","twitter_card":"summary_large_image","twitter_misc":{"Est. reading time":"1 minute"},"schema":{"@context":"https:\/\/schema.org","@graph":[{"@type":"WebPage","@id":"https:\/\/unkorce.edu.al\/nderprerja-e-studimeve\/","url":"https:\/\/unkorce.edu.al\/nderprerja-e-studimeve\/","name":"Nd\u00ebrprerja e Studimeve - Universiteti \"Fan S. Noli\", Kor\u00e7\u00eb","isPartOf":{"@id":"https:\/\/unkorce.edu.al\/#website"},"datePublished":"2016-07-27T09:07:36+00:00","breadcrumb":{"@id":"https:\/\/unkorce.edu.al\/nderprerja-e-studimeve\/#breadcrumb"},"inLanguage":"en-US","potentialAction":[{"@type":"ReadAction","target":["https:\/\/unkorce.edu.al\/nderprerja-e-studimeve\/"]}]},{"@type":"BreadcrumbList","@id":"https:\/\/unkorce.edu.al\/nderprerja-e-studimeve\/#breadcrumb","itemListElement":[{"@type":"ListItem","position":1,"name":"Home","item":"https:\/\/unkorce.edu.al\/"},{"@type":"ListItem","position":2,"name":"Nd\u00ebrprerja e Studimeve"}]},{"@type":"WebSite","@id":"https:\/\/unkorce.edu.al\/#website","url":"https:\/\/unkorce.edu.al\/","name":"Universiteti \"Fan S. Noli\", Kor\u00e7\u00eb","description":"Mir&euml;sevini n&euml; faqen zyrtare!","publisher":{"@id":"https:\/\/unkorce.edu.al\/#organization"},"potentialAction":[{"@type":"SearchAction","target":{"@type":"EntryPoint","urlTemplate":"https:\/\/unkorce.edu.al\/?s={search_term_string}"},"query-input":{"@type":"PropertyValueSpecification","valueRequired":true,"valueName":"search_term_string"}}],"inLanguage":"en-US"},{"@type":"Organization","@id":"https:\/\/unkorce.edu.al\/#organization","name":"Universiteti \"Fan S. Noli\", Kor\u00e7\u00eb","url":"https:\/\/unkorce.edu.al\/","logo":{"@type":"ImageObject","inLanguage":"en-US","@id":"https:\/\/unkorce.edu.al\/#\/schema\/logo\/image\/","url":"https:\/\/unkorce.edu.al\/wp-content\/uploads\/2024\/08\/Logo_e_Universitetit__Fan_Noli_-e1726660879862.png","contentUrl":"https:\/\/unkorce.edu.al\/wp-content\/uploads\/2024\/08\/Logo_e_Universitetit__Fan_Noli_-e1726660879862.png","width":200,"height":120,"caption":"Universiteti \"Fan S. Noli\", Kor\u00e7\u00eb"},"image":{"@id":"https:\/\/unkorce.edu.al\/#\/schema\/logo\/image\/"},"sameAs":["https:\/\/www.facebook.com\/unkorce"]}]}},"_links":{"self":[{"href":"https:\/\/unkorce.edu.al\/en\/wp-json\/wp\/v2\/pages\/8069","targetHints":{"allow":["GET"]}}],"collection":[{"href":"https:\/\/unkorce.edu.al\/en\/wp-json\/wp\/v2\/pages"}],"about":[{"href":"https:\/\/unkorce.edu.al\/en\/wp-json\/wp\/v2\/types\/page"}],"author":[{"embeddable":true,"href":"https:\/\/unkorce.edu.al\/en\/wp-json\/wp\/v2\/users\/122"}],"replies":[{"embeddable":true,"href":"https:\/\/unkorce.edu.al\/en\/wp-json\/wp\/v2\/comments?post=8069"}],"version-history":[{"count":0,"href":"https:\/\/unkorce.edu.al\/en\/wp-json\/wp\/v2\/pages\/8069\/revisions"}],"wp:attachment":[{"href":"https:\/\/unkorce.edu.al\/en\/wp-json\/wp\/v2\/media?parent=8069"}],"curies":[{"name":"wp","href":"https:\/\/api.w.org\/{rel}","templated":true}]}}