{"id":8065,"date":"2016-07-27T09:07:36","date_gmt":"2016-07-27T09:07:36","guid":{"rendered":"\/bashkepunimi\/"},"modified":"2016-07-27T09:07:36","modified_gmt":"2016-07-27T09:07:36","slug":"bashkepunimi","status":"publish","type":"page","link":"https:\/\/unkorce.edu.al\/en\/bashkepunimi\/","title":{"rendered":"Bashk\u00ebpunimi"},"content":{"rendered":"<p class=\"rtejustify\">Universiteti i Kor&ccedil;&euml;s &ldquo;Fan S. Noli&rdquo; ka siguruar lidhje t&euml; ngushta bashk&euml;punimi me universitete, institucione dhe organizata t&euml; ndryshme. Ai &euml;sht&euml; pjes&euml; e nj&euml; s&euml;r&euml; marr&euml;veshjesh dhe projektesh bashk&euml;punimi.<\/p>\n<p class=\"rtejustify\">A &#8211; Universiteti i Kor&ccedil;&euml;s gjat&euml; k&euml;tij viti akademik ka n&euml;nshkruar marr&euml;veshje bashk&euml;punimi n&euml; kuadrin e Projektit BASILEUS, me 20 universitete, 8 universitete t&euml; BE-s&euml; dhe 12 universitete t&euml; rajonit t&euml; Ballkanit.<\/p>\n<p class=\"rtejustify\">T&euml; gjith&euml; k&euml;to universitete jan&euml; partner&euml; n&euml; projektin Basileu me tem&euml;: &quot;Skema Akademike e Ballkanit p&euml;r Nd&euml;rkomb&euml;tarizimin e t&euml; M&euml;suarit &quot;s&euml; bashku me Universitetet Evropiane me nj&euml; vler&euml; totale prej m&euml; shum&euml; se 5 milion Euro dhe me nj&euml; koh&euml;zgjatje prej 3 vjet .<\/p>\n<p class=\"rtejustify\">Universiteti yn&euml; s&euml; bashku me at&euml; t&euml; Shkodr&euml;s do t&euml; p&euml;rfitojn&euml; 50 bursa t&euml; ndara si m&euml; posht&euml;:<\/p>\n<ol>\n<li class=\"rtejustify\">\n\t\t12 bursa shk&euml;mbim studentesh me nga 10 muaj secila<\/li>\n<li class=\"rtejustify\">\n\t\t4 bursa studentesh p&euml;r master ose 40 muaj n&euml; total<\/li>\n<li class=\"rtejustify\">\n\t\t2 bursa studenti me nga 10 muaj p&euml;r doktoratur&euml;<\/li>\n<li class=\"rtejustify\">\n\t\t2 bursa nga 10 muaj p&euml;r post doktorature<\/li>\n<li class=\"rtejustify\">\n\t\t18 bursa nj&euml; mujore p&euml;r shk&euml;mbim p&euml;rvoje dhe pune k&euml;rkimore t&euml; stafit akademik.<\/li>\n<\/ol>\n<p class=\"rtejustify\">Po nga ky projekt do t&euml; p&euml;rfitojn&euml; dhe 10 bursa masteri p&euml;r ata studente q&euml; kan&euml; mbaruar Universitetin e Kor&ccedil;&euml;s, baras me 104 muaj burs&euml; n&euml; total, 2 bursa p&euml;r doktoratur&euml; ose 40 muaj burs&euml; dhe 2 bursa p&euml;r post doktoratur&euml; e barabart&euml; me 20 muaj burs&euml;.<\/p>\n<p class=\"rtejustify\">K&euml;tu p&euml;rfitojn&euml; edhe 10 bursa, ata student&euml; shqiptar&euml; q&euml; p&euml;r arsye t&euml; ndryshme jan&euml; duke ndjekur shkollat e vendeve t&euml; BE-s&euml;. Aktualisht p&euml;r vitin akademik 2008-2009 kan&euml; aplikuar gjithsej 48 persona dhe kan&euml; p&euml;rfituar bursa 10, 22 dhe nj&euml; mujore 27 student&euml; dhe an&euml;tar&euml; t&euml; stafit akademik q&euml; llogariten n&euml; 82 muaj ose 91 mij&euml; Euro vet&euml;m p&euml;r Universitetin e Kor&ccedil;&euml;s.<\/p>\n<p class=\"rtejustify\">B &#8211; N&euml; kuadrin e bashk&euml;punimit dypal&euml;sh Universiteti &quot;Fan S. Noli&quot; ka n&euml;nshshkruar marr&euml;veshje me Universitetin e Bllagoevgradit, TEI-n e Kozanit dhe &euml;sht&euml; n&euml; p&euml;rfundim t&euml; n&euml;nshkrimit t&euml; nj&euml; marr&euml;veshje dypal&euml;she me Universitetin e Padov&euml;s, me nj&euml; spekt&euml;r shum&euml; t&euml; gjer&euml;, duke p&euml;rfshir&euml; tre departamente t&euml; Fakultetit t&euml; M&euml;suesis&euml;, dy departamente t&euml; Bujq&euml;sis&euml; dhe nj&euml; department t&euml; Infermieris&euml;.<\/p>\n<p class=\"rtejustify\">C &#8211; Universiteti &quot;Fan S. Noli&quot; &euml;sht&euml; partner me Universitetin Bujq&euml;sor t&euml; Tiran&euml;s n&euml; nj&euml; projekt me Universitetin e Barit, Itali.<\/p>\n<p class=\"rtejustify\">D &#8211; Universiteti &quot;Fan S. Noli&quot;&nbsp; ka n&euml;nshkruar &nbsp;marr&euml;veshje bashk&euml;punimi me Universitetin e Tergovishtes, Rumani<\/p>\n<ul>\n<li class=\"rtejustify\">\n\t\t<strong>U n&euml;nshkrua Marr&euml;veshja e Bashk&euml;punimit midis&nbsp; Universitetit t&euml; Evrop&euml;s Juglindore n&euml; Tetov&euml; dhe&nbsp; Universitetit &ldquo;Fan S. Noli&rdquo; t&euml; Kor&ccedil;&euml;s<\/strong><\/li>\n<\/ul>\n<p class=\"rtejustify\">Universiteti i Kor&ccedil;&euml;s dhe Universiteti i Evrop&euml;s Juglindore i Tetov&euml;s, n&euml; p&euml;rshtatje me synimet e p&euml;rbashk&euml;ta p&euml;r t&euml; zhvilluar miq&euml;sin&euml;, besimin dhe bashk&euml;punimin midis tyre dhe me q&euml;llimet e p&euml;rbashk&euml;ta n&euml; fush&euml;n e arsimit dhe k&euml;rkimit shkencor, kan&euml; r&euml;n&euml; dakord p&euml;r parimet kryesore t&euml; bashk&euml;punimit.<\/p>\n<p class=\"rtejustify\">Q&euml;llimi i k&euml;saj Marr&euml;veshjeje &euml;sht&euml; vendosja e bashk&euml;punimit n&euml; sfer&euml;n e arsimit dhe shkenc&euml;s midis Universitetit t&euml; Kor&ccedil;&euml;s dhe Universitetit t&euml; Evrop&euml;s Juglindore t&euml; Tetov&euml;s n&euml; fushat me interes t&euml; nd&euml;rsjellt&euml;.<\/p>\n<p class=\"rtejustify\">P&euml;r realizimin e k&euml;tyre objektivave dy Universitetet bien dakord:<\/p>\n<ol>\n<li class=\"rtejustify\">\n\t\tt&euml; nxisin shk&euml;mbimin e stafit akademik, t&euml; student&euml;ve t&euml; kurseve t&euml; larta dhe t&euml; pasuniversitar&euml;ve;<\/li>\n<li class=\"rtejustify\">\n\t\tt&euml; nxisin vendosjen e bashk&euml;punimit shkencor n&euml; fushat e interesave t&euml; nd&euml;rsjell&euml;ta;<\/li>\n<li class=\"rtejustify\">\n\t\tt&euml; japin ndihm&euml; t&euml; p&euml;rbashk&euml;t n&euml; rritjen e kualifikimeve shkencore t&euml; stafit akademik;<\/li>\n<li class=\"rtejustify\">\n\t\tt&euml; nxisin shk&euml;mbimin e botimeve dhe t&euml; materialeve n&euml; fush&euml;n e k&euml;rkimeve shkencore;<\/li>\n<li class=\"rtejustify\">\n\t\tt&euml; shk&euml;mbejn&euml; p&euml;rvojat e tyre n&euml; zhvillimin e metodave dhe teknikave bashkekohore m&euml;simore;<\/li>\n<li class=\"rtejustify\">\n\t\tt&euml; organizojn&euml; simpoziume t&euml; p&euml;rbashk&euml;ta dypal&euml;she, takime pune dhe konferenca;<\/li>\n<\/ol>\n<p class=\"rtejustify\"><span face=\"\">t&euml; realizojn&euml;, n&euml; funksion t&euml; mund&euml;sive dhe interesave reciproke, programe k&euml;rkimore dhe projekte t&euml; p&euml;rbashk&euml;ta<\/span><\/p>\n<ul>\n<li class=\"rtejustify\">\n\t\t<strong><span face=\"\">N&euml; dat&euml;n 04.05.2010 u n&euml;nshkrua Marr&euml;veshja e Bashk&euml;punimit midis&nbsp; Universitetit Shtet&euml;ror&nbsp; t&euml; Tetov&euml;s, t&euml; p&euml;rfaq&euml;suar nga Rektori , Prof. dr. AGRON REKA<\/span>, dhe&nbsp;&nbsp;&nbsp; Universitetit &ldquo;Fan S. Noli&rdquo; t&euml; Kor&ccedil;&euml;s t&euml; p&euml;rfaq&euml;suar nga Rektori, Prof.as.dr. GJERGJI MERO.<\/strong><\/li>\n<\/ul>\n<p class=\"rtejustify\">Kjo marr&euml;veshje &euml;sht&euml; e vlefshme p&euml;r nj&euml; periudh&euml; 3 vje&ccedil;are dhe synon t&euml; leht&euml;soj&euml; dhe t&euml; promovoj&euml; shk&euml;mbimet kulturore dhe edukative midis Universitetit Shtet&euml;ror t&euml; Tetov&euml;s dhe Universitetit &ldquo;Fan S. Noli&rdquo; t&euml; Korc&euml;s, Shqip&euml;ri, n&euml; fushat e m&euml;simdh&euml;nies dhe t&euml; k&euml;rkimit shkencor&nbsp; p&euml;r &ccedil;&euml;shtje t&euml; p&euml;rbashk&euml;ta, si edhe do t&euml; promovoj&euml; ve&ccedil;an&euml;risht zhvillimin e programeve t&euml; p&euml;rbashk&euml;ta n&euml; kuadrin e bashk&euml;punimit nd&euml;rkomb&euml;tar.<\/p>\n<p class=\"rtejustify\">Aktualisht, marr&euml;veshja do t&euml; p&euml;rfshij&euml; fushat e m&euml;poshtme:<br \/>\n\t1- M&euml;suesi<br \/>\n\t2-Administrim Biznesi<br \/>\n\t3-Bujq&euml;si<br \/>\n\t4-Finance dhe Turisem<br \/>\n\t5-Marketing dhe Menaxhim<br \/>\n\t6-Infermieri<br \/>\n\tMund t&euml; shtohen dhe disiplina t&euml; tjera me marr&euml;veshje dypal&euml;she midis pal&euml;ve kontraktuese.<\/p>\n<p class=\"rtejustify\"><strong>&bull;U ZHVILLUA KONGRESI III I RRJETIT T&Euml; UNIVERSITETEVE T&Euml; BALLKANIT<\/strong><\/p>\n<p class=\"rtejustify\">M&euml; 7 dhe 8 maj 2010, n&euml; Universitetin e Trakis&euml;, qyteti i Edirnes&euml; n&euml; Turqi, u zhvillua Kongresi III i Rrjetit t&euml; Universiteteve t&euml; Ballkanit.<\/p>\n<p class=\"rtejustify\">N&euml; k&euml;t&euml; Kongres merrnin pjes&euml; rektor&euml; dhe autoritete t&euml; tjera nga t&euml; gjitha universitetet e Ballkanit.<\/p>\n<p class=\"rtejustify\">Nga Universiteti i Kor&ccedil;&euml;s mor&euml;n pjes&euml; z&euml;vend&euml;srektori i Universitetit, prof. dr. Ali Jashari dhe msc. Adrian &Ccedil;&euml;rava.<\/p>\n<p class=\"rtejustify\">P&euml;rfaq&euml;suesit e Universitetit t&euml; Kor&ccedil;&euml;s u prit&euml;n n&euml; nj&euml; takim t&euml; ve&ccedil;ant&euml; nga Rektori i Universitetit t&euml; Trakias, nj&euml;her&euml;sh dhe president i Kongresit, prof. dr.Enver Duran.<\/p>\n<p class=\"rtejustify\">N&euml; seanc&euml;n e dyt&euml; t&euml; Kongresit u lexua kumtesa e prof. as. dr. Gjergji Mero, Rektor i Universitetit t&euml; Kor&ccedil;&euml;s, me tem&euml;: &ldquo;The Estabilshment of Higher Education Over Through Cooperation in National, Regional and Europian Level&rdquo;.<\/p>\n<p class=\"rtejustify\">Gjat&euml; dit&euml;ve t&euml; Kongresit, prof. dr. Ali Jashari u takua dhe bisedoi me p&euml;rfaq&euml;sues t&euml; ndrysh&euml;m t&euml; Universiteteve t&euml; Ballkanit p&euml;r forcimin e bashk&euml;punimit dypal&euml;sh dhe shum&euml;pal&euml;sh n&euml; fusha me interes t&euml; p&euml;rbashk&euml;t.<\/p>\n<p class=\"rtejustify\">Kongresi&nbsp; IV i Rrjetit t&euml; Universiteteve t&euml; Ballkanit do t&euml; zhvillohet n&euml; maj 2011, n&euml; Tiran&euml;, president i t&euml; cilit u zgjodh prof. dr. Dhori Kule, Rektor i Universitetit t&euml; Tiran&euml;s.<\/p>\n<p class=\"rtejustify\"><strong>&bull; Me ftes&euml; t&euml; Rektorit t&euml; Universitetit t&euml; Kor&ccedil;&euml;s, prof. as. dr. Gjergji Mero,&nbsp; n&euml; datat 10 dhe 11 n&euml;ntor 2009, b&euml;ri nj&euml; vizit&euml; n&euml; Universitetin &ldquo;Fan S. Noli&rdquo; t&euml; Kor&ccedil;&euml;s, profesor Ivan Petkov, z&euml;vend&euml;srektor i Universitetit &ldquo;SV. Kilment Ohridski&rdquo; t&euml; Sofjes.<\/strong><\/p>\n<p class=\"rtejustify\">Gjat&euml; q&euml;ndrimit n&euml; k&euml;t&euml; Universitet, profesor Petkov u prit n&euml; nj&euml; takim t&euml; ve&ccedil;ant&euml; nga rektori i Universitetit, prof. as. dr. Gjergji Mero. M&euml; pas profesor Petkov zhvilloi bisedime me an&euml;tar&euml; t&euml; Rektoratit t&euml; Universitetit dhe t&euml; Senatit, ku u shpreh&euml;n ide dhe u b&euml;n&euml; propozime p&euml;r konkretizimin e m&euml;tejsh&euml;m t&euml; Marr&euml;veshjes midis dy universiteteve, si n&euml; fush&euml;n e zhvillimit t&euml; programeve t&euml; studimit t&euml; ciklit t&euml; tret&euml;, p&euml;r organizimin e konferencave t&euml; p&euml;rbashk&euml;ta shkencore, botimeve t&euml; ndryshme, shk&euml;mbimin e stafit akademik dhe t&euml; student&euml;ve etj. N&euml; k&euml;t&euml; takim u vendos q&euml; konkretizimi i k&euml;tyre veprimtarive me interes t&euml; nd&euml;rsjellt&euml; t&euml; b&euml;het me grupe ekspert&euml;sh t&euml; dy universiteteve n&euml; fushat p&euml;rkat&euml;se.<\/p>\n<p class=\"rtejustify\"><strong>&bull; MARR&Euml;VESHJE BASHK&Euml;PUNIMI MIDIS UNIVERSITETIT&nbsp; VALAHIA T&Euml;&nbsp; TARGOVISTE (ROMANIA) DHE&nbsp; UNIVERSITETIT &ldquo;FAN S. NOLI&rdquo;&nbsp; T&Euml;&nbsp; KOR&Ccedil;&Euml;S (ALBANIA)<\/strong><\/p>\n<p class=\"rtejustify\">N&euml;nshkrimi i Marr&euml;veshjes&nbsp; s&euml; Bashk&euml;punimit midis&nbsp; Universitetit Valahia t&euml;Targovishte, t&euml; p&euml;rfaq&euml;suar nga Rektori, Prof. dr. Ion Cucui, dhe Universitetit &ldquo;Fan S. Noli&rdquo; t&euml; Kor&ccedil;&euml;s t&euml; p&euml;rfaq&euml;suar nga Rektori, Prof.as.dr. Gjergji Mero.<\/p>\n<p class=\"rtejustify\">Kjo marr&euml;veshje synon t&euml; leht&euml;soj&euml; dhe t&euml; promovoj&euml; shk&euml;mbimet kulturore dhe edukative midis Universitetit Valahia t&euml; Targovishtes, Rumani dhe Universitetit &ldquo;Fan S. Noli&rdquo; t&euml; Korc&euml;s, Shqip&euml;ri, n&euml; fushat e m&euml;simdh&euml;nies dhe t&euml; k&euml;rkimit shkencor&nbsp; p&euml;r &ccedil;&euml;shtje t&euml; p&euml;rbashk&euml;ta, si edhe do t&euml; promovoj&euml; vecan&euml;risht zhvillimin e programeve t&euml; p&euml;rbashk&euml;ta n&euml; kuadrin e bashk&euml;punimit nd&euml;rkomb&euml;tar.<\/p>\n<p class=\"rtejustify\">Aktualisht, marreveshja do t&euml; p&euml;rfshij&euml; fushat e m&euml;poshtme:<\/p>\n<p class=\"rtejustify\">1- M&euml;suesi<\/p>\n<p class=\"rtejustify\">2-Administrim Biznesi<\/p>\n<p class=\"rtejustify\">3-Bujq&euml;si<\/p>\n<p class=\"rtejustify\">Mund t&euml; shtohen dhe disiplina t&euml; tjera me marr&euml;veshje dypal&euml;she midis pal&euml;ve kontraktuese.<\/p>\n<p class=\"rtejustify\">P&euml;r secilin Universitet do t&euml; ngarkohet nj&euml; person i cili do t&euml; monitoroj&euml; zhvillimin e programeve t&euml; p&euml;rbashk&euml;ta<\/p>\n<p class=\"rtejustify\">Duke pasur parasysh mjetet financiare q&euml; ka n&euml; dispozicion &ccedil;do universitet, dhe mbi baz&euml;n e programeve t&euml; ndryshme q&euml; mund t&euml; nd&euml;rmerren gjat&euml; gjith&euml; periudh&euml;s s&euml; bashk&euml;punimit, pal&euml;t kan&euml; r&euml;n&euml; dakord q&euml; t&euml; shk&euml;mbejn&euml; staf pedagog&euml;sh, k&euml;rkues shkencor&euml;, student&euml; dhe an&euml;tar&euml; t&euml; stafit teknik n&euml; p&euml;rmbushjen e k&euml;saj marr&euml;veshjeje.<\/p>\n<p class=\"rtejustify\">Kjo marr&euml;veshje &euml;sht&euml; e vlefshme p&euml;r nj&euml; periudh&euml; tre vjecare dhe do t&euml; skadoj&euml; me 11\/06\/2012.<\/p>\n<p><span style=\"font-family: 'Arial', 'sans-serif'; color: black; font-size: 9pt\"><font face=\"\"><o:p><\/p>\n<ul>\n\t<\/ul>\n<p>\t<\/o:p><\/font><\/span><\/p>\n<p>&nbsp;<\/p>\n<p>&nbsp;<\/p>\n<p>&nbsp;<\/p>\n<p>&nbsp;<\/p>","protected":false},"excerpt":{"rendered":"<p>Universiteti i Kor&ccedil;&euml;s &ldquo;Fan S. Noli&rdquo; ka siguruar lidhje t&euml; ngushta bashk&euml;punimi me universitete, institucione dhe organizata t&euml; ndryshme. Ai &euml;sht&euml; pjes&euml; e nj&euml; s&euml;r&euml; marr&euml;veshjesh dhe projektesh bashk&euml;punimi. A &#8211; Universiteti i Kor&ccedil;&euml;s gjat&euml; k&euml;tij viti akademik ka n&euml;nshkruar marr&euml;veshje bashk&euml;punimi n&euml; kuadrin e Projektit BASILEUS, me 20 universitete, 8 universitete t&euml; BE-s&euml; dhe&#8230;<\/p>","protected":false},"author":122,"featured_media":0,"parent":0,"menu_order":0,"comment_status":"closed","ping_status":"closed","template":"","meta":{"_acf_changed":false,"footnotes":""},"class_list":["post-8065","page","type-page","status-publish","hentry"],"acf":[],"yoast_head":"<!-- This site is optimized with the Yoast SEO plugin v26.9 - https:\/\/yoast.com\/product\/yoast-seo-wordpress\/ -->\n<title>Bashk\u00ebpunimi - Universiteti &quot;Fan S. Noli&quot;, Kor\u00e7\u00eb<\/title>\n<meta name=\"robots\" content=\"index, follow, max-snippet:-1, max-image-preview:large, max-video-preview:-1\" \/>\n<link rel=\"canonical\" href=\"https:\/\/unkorce.edu.al\/en\/bashkepunimi\/\" \/>\n<meta property=\"og:locale\" content=\"en_US\" \/>\n<meta property=\"og:type\" content=\"article\" \/>\n<meta property=\"og:title\" content=\"Bashk\u00ebpunimi - Universiteti &quot;Fan S. Noli&quot;, Kor\u00e7\u00eb\" \/>\n<meta property=\"og:description\" content=\"Universiteti i Kor&ccedil;&euml;s &ldquo;Fan S. Noli&rdquo; ka siguruar lidhje t&euml; ngushta bashk&euml;punimi me universitete, institucione dhe organizata t&euml; ndryshme. Ai &euml;sht&euml; pjes&euml; e nj&euml; s&euml;r&euml; marr&euml;veshjesh dhe projektesh bashk&euml;punimi. A &#8211; Universiteti i Kor&ccedil;&euml;s gjat&euml; k&euml;tij viti akademik ka n&euml;nshkruar marr&euml;veshje bashk&euml;punimi n&euml; kuadrin e Projektit BASILEUS, me 20 universitete, 8 universitete t&euml; BE-s&euml; dhe...\" \/>\n<meta property=\"og:url\" content=\"https:\/\/unkorce.edu.al\/en\/bashkepunimi\/\" \/>\n<meta property=\"og:site_name\" content=\"Universiteti &quot;Fan S. Noli&quot;, Kor\u00e7\u00eb\" \/>\n<meta property=\"article:publisher\" content=\"https:\/\/www.facebook.com\/unkorce\" \/>\n<meta name=\"twitter:card\" content=\"summary_large_image\" \/>\n<meta name=\"twitter:label1\" content=\"Est. reading time\" \/>\n\t<meta name=\"twitter:data1\" content=\"11 minutes\" \/>\n<script type=\"application\/ld+json\" class=\"yoast-schema-graph\">{\"@context\":\"https:\/\/schema.org\",\"@graph\":[{\"@type\":\"WebPage\",\"@id\":\"https:\/\/unkorce.edu.al\/bashkepunimi\/\",\"url\":\"https:\/\/unkorce.edu.al\/bashkepunimi\/\",\"name\":\"Bashk\u00ebpunimi - Universiteti \\\"Fan S. Noli\\\", Kor\u00e7\u00eb\",\"isPartOf\":{\"@id\":\"https:\/\/unkorce.edu.al\/#website\"},\"datePublished\":\"2016-07-27T09:07:36+00:00\",\"breadcrumb\":{\"@id\":\"https:\/\/unkorce.edu.al\/bashkepunimi\/#breadcrumb\"},\"inLanguage\":\"en-US\",\"potentialAction\":[{\"@type\":\"ReadAction\",\"target\":[\"https:\/\/unkorce.edu.al\/bashkepunimi\/\"]}]},{\"@type\":\"BreadcrumbList\",\"@id\":\"https:\/\/unkorce.edu.al\/bashkepunimi\/#breadcrumb\",\"itemListElement\":[{\"@type\":\"ListItem\",\"position\":1,\"name\":\"Home\",\"item\":\"https:\/\/unkorce.edu.al\/\"},{\"@type\":\"ListItem\",\"position\":2,\"name\":\"Bashk\u00ebpunimi\"}]},{\"@type\":\"WebSite\",\"@id\":\"https:\/\/unkorce.edu.al\/#website\",\"url\":\"https:\/\/unkorce.edu.al\/\",\"name\":\"Universiteti \\\"Fan S. Noli\\\", Kor\u00e7\u00eb\",\"description\":\"Mir&euml;sevini n&euml; faqen zyrtare!\",\"publisher\":{\"@id\":\"https:\/\/unkorce.edu.al\/#organization\"},\"potentialAction\":[{\"@type\":\"SearchAction\",\"target\":{\"@type\":\"EntryPoint\",\"urlTemplate\":\"https:\/\/unkorce.edu.al\/?s={search_term_string}\"},\"query-input\":{\"@type\":\"PropertyValueSpecification\",\"valueRequired\":true,\"valueName\":\"search_term_string\"}}],\"inLanguage\":\"en-US\"},{\"@type\":\"Organization\",\"@id\":\"https:\/\/unkorce.edu.al\/#organization\",\"name\":\"Universiteti \\\"Fan S. Noli\\\", Kor\u00e7\u00eb\",\"url\":\"https:\/\/unkorce.edu.al\/\",\"logo\":{\"@type\":\"ImageObject\",\"inLanguage\":\"en-US\",\"@id\":\"https:\/\/unkorce.edu.al\/#\/schema\/logo\/image\/\",\"url\":\"https:\/\/unkorce.edu.al\/wp-content\/uploads\/2024\/08\/Logo_e_Universitetit__Fan_Noli_-e1726660879862.png\",\"contentUrl\":\"https:\/\/unkorce.edu.al\/wp-content\/uploads\/2024\/08\/Logo_e_Universitetit__Fan_Noli_-e1726660879862.png\",\"width\":200,\"height\":120,\"caption\":\"Universiteti \\\"Fan S. Noli\\\", Kor\u00e7\u00eb\"},\"image\":{\"@id\":\"https:\/\/unkorce.edu.al\/#\/schema\/logo\/image\/\"},\"sameAs\":[\"https:\/\/www.facebook.com\/unkorce\"]}]}<\/script>\n<!-- \/ Yoast SEO plugin. -->","yoast_head_json":{"title":"Bashk\u00ebpunimi - Universiteti \"Fan S. Noli\", Kor\u00e7\u00eb","robots":{"index":"index","follow":"follow","max-snippet":"max-snippet:-1","max-image-preview":"max-image-preview:large","max-video-preview":"max-video-preview:-1"},"canonical":"https:\/\/unkorce.edu.al\/en\/bashkepunimi\/","og_locale":"en_US","og_type":"article","og_title":"Bashk\u00ebpunimi - Universiteti \"Fan S. Noli\", Kor\u00e7\u00eb","og_description":"Universiteti i Kor&ccedil;&euml;s &ldquo;Fan S. Noli&rdquo; ka siguruar lidhje t&euml; ngushta bashk&euml;punimi me universitete, institucione dhe organizata t&euml; ndryshme. Ai &euml;sht&euml; pjes&euml; e nj&euml; s&euml;r&euml; marr&euml;veshjesh dhe projektesh bashk&euml;punimi. A &#8211; Universiteti i Kor&ccedil;&euml;s gjat&euml; k&euml;tij viti akademik ka n&euml;nshkruar marr&euml;veshje bashk&euml;punimi n&euml; kuadrin e Projektit BASILEUS, me 20 universitete, 8 universitete t&euml; BE-s&euml; dhe...","og_url":"https:\/\/unkorce.edu.al\/en\/bashkepunimi\/","og_site_name":"Universiteti \"Fan S. Noli\", Kor\u00e7\u00eb","article_publisher":"https:\/\/www.facebook.com\/unkorce","twitter_card":"summary_large_image","twitter_misc":{"Est. reading time":"11 minutes"},"schema":{"@context":"https:\/\/schema.org","@graph":[{"@type":"WebPage","@id":"https:\/\/unkorce.edu.al\/bashkepunimi\/","url":"https:\/\/unkorce.edu.al\/bashkepunimi\/","name":"Bashk\u00ebpunimi - Universiteti \"Fan S. Noli\", Kor\u00e7\u00eb","isPartOf":{"@id":"https:\/\/unkorce.edu.al\/#website"},"datePublished":"2016-07-27T09:07:36+00:00","breadcrumb":{"@id":"https:\/\/unkorce.edu.al\/bashkepunimi\/#breadcrumb"},"inLanguage":"en-US","potentialAction":[{"@type":"ReadAction","target":["https:\/\/unkorce.edu.al\/bashkepunimi\/"]}]},{"@type":"BreadcrumbList","@id":"https:\/\/unkorce.edu.al\/bashkepunimi\/#breadcrumb","itemListElement":[{"@type":"ListItem","position":1,"name":"Home","item":"https:\/\/unkorce.edu.al\/"},{"@type":"ListItem","position":2,"name":"Bashk\u00ebpunimi"}]},{"@type":"WebSite","@id":"https:\/\/unkorce.edu.al\/#website","url":"https:\/\/unkorce.edu.al\/","name":"Universiteti \"Fan S. Noli\", Kor\u00e7\u00eb","description":"Mir&euml;sevini n&euml; faqen zyrtare!","publisher":{"@id":"https:\/\/unkorce.edu.al\/#organization"},"potentialAction":[{"@type":"SearchAction","target":{"@type":"EntryPoint","urlTemplate":"https:\/\/unkorce.edu.al\/?s={search_term_string}"},"query-input":{"@type":"PropertyValueSpecification","valueRequired":true,"valueName":"search_term_string"}}],"inLanguage":"en-US"},{"@type":"Organization","@id":"https:\/\/unkorce.edu.al\/#organization","name":"Universiteti \"Fan S. Noli\", Kor\u00e7\u00eb","url":"https:\/\/unkorce.edu.al\/","logo":{"@type":"ImageObject","inLanguage":"en-US","@id":"https:\/\/unkorce.edu.al\/#\/schema\/logo\/image\/","url":"https:\/\/unkorce.edu.al\/wp-content\/uploads\/2024\/08\/Logo_e_Universitetit__Fan_Noli_-e1726660879862.png","contentUrl":"https:\/\/unkorce.edu.al\/wp-content\/uploads\/2024\/08\/Logo_e_Universitetit__Fan_Noli_-e1726660879862.png","width":200,"height":120,"caption":"Universiteti \"Fan S. Noli\", Kor\u00e7\u00eb"},"image":{"@id":"https:\/\/unkorce.edu.al\/#\/schema\/logo\/image\/"},"sameAs":["https:\/\/www.facebook.com\/unkorce"]}]}},"_links":{"self":[{"href":"https:\/\/unkorce.edu.al\/en\/wp-json\/wp\/v2\/pages\/8065","targetHints":{"allow":["GET"]}}],"collection":[{"href":"https:\/\/unkorce.edu.al\/en\/wp-json\/wp\/v2\/pages"}],"about":[{"href":"https:\/\/unkorce.edu.al\/en\/wp-json\/wp\/v2\/types\/page"}],"author":[{"embeddable":true,"href":"https:\/\/unkorce.edu.al\/en\/wp-json\/wp\/v2\/users\/122"}],"replies":[{"embeddable":true,"href":"https:\/\/unkorce.edu.al\/en\/wp-json\/wp\/v2\/comments?post=8065"}],"version-history":[{"count":0,"href":"https:\/\/unkorce.edu.al\/en\/wp-json\/wp\/v2\/pages\/8065\/revisions"}],"wp:attachment":[{"href":"https:\/\/unkorce.edu.al\/en\/wp-json\/wp\/v2\/media?parent=8065"}],"curies":[{"name":"wp","href":"https:\/\/api.w.org\/{rel}","templated":true}]}}