{"id":8063,"date":"2016-07-27T09:07:36","date_gmt":"2016-07-27T09:07:36","guid":{"rendered":"\/biblioteka-uniko\/"},"modified":"2016-07-27T09:07:36","modified_gmt":"2016-07-27T09:07:36","slug":"biblioteka-uniko","status":"publish","type":"page","link":"https:\/\/unkorce.edu.al\/en\/biblioteka-uniko\/","title":{"rendered":"Biblioteka Uniko"},"content":{"rendered":"<h1><strong>BIBLIOTEKA UNIKO<\/strong><\/h1>\n<p><strong>I &#8211;<\/strong>&nbsp;Biblioteka e universitetit \u201cFan S. Noli\u201d u krijua q\u00eb n\u00eb vitet e para t\u00eb \u00e7eljes s\u00eb Institutit t\u00eb Lart\u00eb Bujq\u00ebsor. Ajo sot ka n\u00eb fondin e vet rreth 30.000 libra me mbi 12.000 tituj q\u00eb u p\u00ebrkasin fushave t\u00eb ndryshme, por m\u00eb tep\u00ebr t\u00eb p\u00ebrq\u00ebndruara n\u00eb ato t\u00eb ekonomis\u00eb s\u00eb tregut, agronomis\u00eb, psiko-pedagogjis\u00eb dhe artistike, revista, enciklopedi, fjalor\u00ebve gjuh\u00ebsor\u00eb ose terminologjik\u00eb t\u00eb fushave specifike.<\/p>\n<p>Ky fond \u00ebsht\u00eb aktualisht i shp\u00ebrndar\u00eb n\u00eb pes\u00eb mjedise dhe p\u00ebrkat\u00ebsisht n\u00eb :<\/p>\n<ul>\n<li>Biblioteka Shkencore Universitare ( Rektorat )<\/li>\n<li><a href=\"\/en\/node\/696\/\">Bibliotek\u00ebn e Fakultetit t\u00eb Edukimit dhe Filologjis\u00eb<\/a><\/li>\n<li><a href=\"\/en\/infrastruktura-biblioteka-dhe-laboratoret-ne-feko\/\">Bibliotek\u00ebn e Fakultetit Ekonomik<\/a><\/li>\n<li>Bibliotek\u00ebn e Fakultetit t\u00eb Bujq\u00ebsis\u00eb<\/li>\n<li><a href=\"\/en\/infrastruktura-biblioteka-dhe-laboratoret-ne-fshnh\/\">Bibliotek\u00ebn e Fakultetit te Shkencave Natyrore dhe Humane<\/a><\/li>\n<\/ul>\n<p>&nbsp;<\/p>\n<p><img decoding=\"async\" alt=\"\" src=\"\/sites\/default\/files\/35749704_1782448158498160_2064635846279036928_n.jpg\" style=\"height:250px; width:375px\" \/>&nbsp;<img decoding=\"async\" alt=\"\" src=\"\/sites\/default\/files\/48376722_597668793980395_7485187781342265344_n.jpg\" style=\"height:250px; width:333px\" \/><\/p>\n<p>&nbsp;<\/p>\n<p><strong>SHERBIMET<\/strong><\/p>\n<ul>\n<li>Prej dat\u00ebs 1 mars 2018, stafit m\u00ebsimdh\u00ebn\u00ebs, student\u00ebve t\u00eb Universitetit \u201cFan S. Noli\u201d, si dhe komunitetit t\u00eb Kor\u00e7\u00ebs, u ofrohet nj\u00eb mund\u00ebsi e re qasjeje n\u00eb Bibliotek\u00ebn Digjitale ProQuest. UNIKO bleu t\u00eb drejt\u00ebn e an\u00ebtar\u00ebsimit n\u00eb k\u00ebt\u00eb Bibliotek\u00eb p\u00ebr periudh\u00ebn 1 mars 2018 deri m\u00eb 28 shkurt 2019, n\u00eb kuad\u00ebr t\u00eb marr\u00ebveshjes s\u00eb bashk\u00ebpunimit lidhur midis UNIKO dhe ProQuest. Sh\u00ebrbimi do t\u00eb jet\u00eb aktiv p\u00ebr stafin n\u00eb vendin e pun\u00ebs, p\u00ebr student\u00ebt dhe p\u00ebr komunitetin n\u00eb mjediset e Bibliotek\u00ebs Universitare. N\u00eb Bibliotek\u00ebn Digjitale ProQuest, do t\u00eb gjeni nj\u00eb literatur\u00eb bashk\u00ebkohore, e cila mbulon fushat par\u00ebsore t\u00eb k\u00ebrkimit n\u00eb Universitet, si n\u00eb fush\u00ebn e edukimit, bujq\u00ebsis\u00eb, ekonomis\u00eb, shkencat filologjike, shkencat sociale, natyrore, mjek\u00ebsore, etj.<\/li>\n<li>Orari i shpallur gjat\u00eb dit\u00ebve t\u00eb jav\u00ebs \u00ebsht\u00eb 8:00- 16:00. 1872 student\u00eb dhe 183 pedagog\u00eb kan\u00eb kartelat e tyre personale n\u00eb k\u00ebto biblioteka.<\/li>\n<li>\u00c7do student apo pjes\u00ebtar i personelit akademik, ndihm\u00ebsakademik dhe administrativ, si dhe komuniteti kane t\u00eb drejt\u00eb t\u00eb b\u00ebhen an\u00ebtare&nbsp; te bibliotek\u00ebs universitare.<br \/>\n\t&nbsp;<\/li>\n<\/ul>\n<h3 class=\"rtejustify\"><strong><a href=\"http:\/\/172.16.0.8\/login.aspx\">BIBLIOTEKA ELEKTRONIKE (link)<\/a><\/strong><\/h3>\n<h3 class=\"rtejustify\"><a href=\"https:\/\/search.proquest.com\/?accountid=143248\"><strong>PROQUEST (link)<\/strong><\/a><\/h3>","protected":false},"excerpt":{"rendered":"<p>BIBLIOTEKA UNIKO I &#8211;&nbsp;Biblioteka e universitetit \u201cFan S. Noli\u201d u krijua q\u00eb n\u00eb vitet e para t\u00eb \u00e7eljes s\u00eb Institutit t\u00eb Lart\u00eb Bujq\u00ebsor. Ajo sot ka n\u00eb fondin e vet rreth 30.000 libra me mbi 12.000 tituj q\u00eb u p\u00ebrkasin fushave t\u00eb ndryshme, por m\u00eb tep\u00ebr t\u00eb p\u00ebrq\u00ebndruara n\u00eb ato t\u00eb ekonomis\u00eb s\u00eb tregut, agronomis\u00eb,&#8230;<\/p>","protected":false},"author":122,"featured_media":0,"parent":0,"menu_order":0,"comment_status":"closed","ping_status":"closed","template":"","meta":{"_acf_changed":false,"footnotes":""},"class_list":["post-8063","page","type-page","status-publish","hentry"],"acf":[],"yoast_head":"<!-- This site is optimized with the Yoast SEO plugin v26.9 - https:\/\/yoast.com\/product\/yoast-seo-wordpress\/ -->\n<title>Biblioteka Uniko - Universiteti &quot;Fan S. Noli&quot;, Kor\u00e7\u00eb<\/title>\n<meta name=\"robots\" content=\"index, follow, max-snippet:-1, max-image-preview:large, max-video-preview:-1\" \/>\n<link rel=\"canonical\" href=\"https:\/\/unkorce.edu.al\/en\/biblioteka-uniko\/\" \/>\n<meta property=\"og:locale\" content=\"en_US\" \/>\n<meta property=\"og:type\" content=\"article\" \/>\n<meta property=\"og:title\" content=\"Biblioteka Uniko - Universiteti &quot;Fan S. Noli&quot;, Kor\u00e7\u00eb\" \/>\n<meta property=\"og:description\" content=\"BIBLIOTEKA UNIKO I &#8211;&nbsp;Biblioteka e universitetit \u201cFan S. Noli\u201d u krijua q\u00eb n\u00eb vitet e para t\u00eb \u00e7eljes s\u00eb Institutit t\u00eb Lart\u00eb Bujq\u00ebsor. Ajo sot ka n\u00eb fondin e vet rreth 30.000 libra me mbi 12.000 tituj q\u00eb u p\u00ebrkasin fushave t\u00eb ndryshme, por m\u00eb tep\u00ebr t\u00eb p\u00ebrq\u00ebndruara n\u00eb ato t\u00eb ekonomis\u00eb s\u00eb tregut, agronomis\u00eb,...\" \/>\n<meta property=\"og:url\" content=\"https:\/\/unkorce.edu.al\/en\/biblioteka-uniko\/\" \/>\n<meta property=\"og:site_name\" content=\"Universiteti &quot;Fan S. Noli&quot;, Kor\u00e7\u00eb\" \/>\n<meta property=\"article:publisher\" content=\"https:\/\/www.facebook.com\/unkorce\" \/>\n<meta name=\"twitter:card\" content=\"summary_large_image\" \/>\n<meta name=\"twitter:label1\" content=\"Est. reading time\" \/>\n\t<meta name=\"twitter:data1\" content=\"2 minutes\" \/>\n<script type=\"application\/ld+json\" class=\"yoast-schema-graph\">{\"@context\":\"https:\/\/schema.org\",\"@graph\":[{\"@type\":\"WebPage\",\"@id\":\"https:\/\/unkorce.edu.al\/biblioteka-uniko\/\",\"url\":\"https:\/\/unkorce.edu.al\/biblioteka-uniko\/\",\"name\":\"Biblioteka Uniko - Universiteti \\\"Fan S. Noli\\\", Kor\u00e7\u00eb\",\"isPartOf\":{\"@id\":\"https:\/\/unkorce.edu.al\/#website\"},\"datePublished\":\"2016-07-27T09:07:36+00:00\",\"breadcrumb\":{\"@id\":\"https:\/\/unkorce.edu.al\/biblioteka-uniko\/#breadcrumb\"},\"inLanguage\":\"en-US\",\"potentialAction\":[{\"@type\":\"ReadAction\",\"target\":[\"https:\/\/unkorce.edu.al\/biblioteka-uniko\/\"]}]},{\"@type\":\"BreadcrumbList\",\"@id\":\"https:\/\/unkorce.edu.al\/biblioteka-uniko\/#breadcrumb\",\"itemListElement\":[{\"@type\":\"ListItem\",\"position\":1,\"name\":\"Home\",\"item\":\"https:\/\/unkorce.edu.al\/\"},{\"@type\":\"ListItem\",\"position\":2,\"name\":\"Biblioteka Uniko\"}]},{\"@type\":\"WebSite\",\"@id\":\"https:\/\/unkorce.edu.al\/#website\",\"url\":\"https:\/\/unkorce.edu.al\/\",\"name\":\"Universiteti \\\"Fan S. Noli\\\", Kor\u00e7\u00eb\",\"description\":\"Mir&euml;sevini n&euml; faqen zyrtare!\",\"publisher\":{\"@id\":\"https:\/\/unkorce.edu.al\/#organization\"},\"potentialAction\":[{\"@type\":\"SearchAction\",\"target\":{\"@type\":\"EntryPoint\",\"urlTemplate\":\"https:\/\/unkorce.edu.al\/?s={search_term_string}\"},\"query-input\":{\"@type\":\"PropertyValueSpecification\",\"valueRequired\":true,\"valueName\":\"search_term_string\"}}],\"inLanguage\":\"en-US\"},{\"@type\":\"Organization\",\"@id\":\"https:\/\/unkorce.edu.al\/#organization\",\"name\":\"Universiteti \\\"Fan S. Noli\\\", Kor\u00e7\u00eb\",\"url\":\"https:\/\/unkorce.edu.al\/\",\"logo\":{\"@type\":\"ImageObject\",\"inLanguage\":\"en-US\",\"@id\":\"https:\/\/unkorce.edu.al\/#\/schema\/logo\/image\/\",\"url\":\"https:\/\/unkorce.edu.al\/wp-content\/uploads\/2024\/08\/Logo_e_Universitetit__Fan_Noli_-e1726660879862.png\",\"contentUrl\":\"https:\/\/unkorce.edu.al\/wp-content\/uploads\/2024\/08\/Logo_e_Universitetit__Fan_Noli_-e1726660879862.png\",\"width\":200,\"height\":120,\"caption\":\"Universiteti \\\"Fan S. Noli\\\", Kor\u00e7\u00eb\"},\"image\":{\"@id\":\"https:\/\/unkorce.edu.al\/#\/schema\/logo\/image\/\"},\"sameAs\":[\"https:\/\/www.facebook.com\/unkorce\"]}]}<\/script>\n<!-- \/ Yoast SEO plugin. -->","yoast_head_json":{"title":"Biblioteka Uniko - Universiteti \"Fan S. Noli\", Kor\u00e7\u00eb","robots":{"index":"index","follow":"follow","max-snippet":"max-snippet:-1","max-image-preview":"max-image-preview:large","max-video-preview":"max-video-preview:-1"},"canonical":"https:\/\/unkorce.edu.al\/en\/biblioteka-uniko\/","og_locale":"en_US","og_type":"article","og_title":"Biblioteka Uniko - Universiteti \"Fan S. Noli\", Kor\u00e7\u00eb","og_description":"BIBLIOTEKA UNIKO I &#8211;&nbsp;Biblioteka e universitetit \u201cFan S. Noli\u201d u krijua q\u00eb n\u00eb vitet e para t\u00eb \u00e7eljes s\u00eb Institutit t\u00eb Lart\u00eb Bujq\u00ebsor. Ajo sot ka n\u00eb fondin e vet rreth 30.000 libra me mbi 12.000 tituj q\u00eb u p\u00ebrkasin fushave t\u00eb ndryshme, por m\u00eb tep\u00ebr t\u00eb p\u00ebrq\u00ebndruara n\u00eb ato t\u00eb ekonomis\u00eb s\u00eb tregut, agronomis\u00eb,...","og_url":"https:\/\/unkorce.edu.al\/en\/biblioteka-uniko\/","og_site_name":"Universiteti \"Fan S. Noli\", Kor\u00e7\u00eb","article_publisher":"https:\/\/www.facebook.com\/unkorce","twitter_card":"summary_large_image","twitter_misc":{"Est. reading time":"2 minutes"},"schema":{"@context":"https:\/\/schema.org","@graph":[{"@type":"WebPage","@id":"https:\/\/unkorce.edu.al\/biblioteka-uniko\/","url":"https:\/\/unkorce.edu.al\/biblioteka-uniko\/","name":"Biblioteka Uniko - Universiteti \"Fan S. Noli\", Kor\u00e7\u00eb","isPartOf":{"@id":"https:\/\/unkorce.edu.al\/#website"},"datePublished":"2016-07-27T09:07:36+00:00","breadcrumb":{"@id":"https:\/\/unkorce.edu.al\/biblioteka-uniko\/#breadcrumb"},"inLanguage":"en-US","potentialAction":[{"@type":"ReadAction","target":["https:\/\/unkorce.edu.al\/biblioteka-uniko\/"]}]},{"@type":"BreadcrumbList","@id":"https:\/\/unkorce.edu.al\/biblioteka-uniko\/#breadcrumb","itemListElement":[{"@type":"ListItem","position":1,"name":"Home","item":"https:\/\/unkorce.edu.al\/"},{"@type":"ListItem","position":2,"name":"Biblioteka Uniko"}]},{"@type":"WebSite","@id":"https:\/\/unkorce.edu.al\/#website","url":"https:\/\/unkorce.edu.al\/","name":"Universiteti \"Fan S. Noli\", Kor\u00e7\u00eb","description":"Mir&euml;sevini n&euml; faqen zyrtare!","publisher":{"@id":"https:\/\/unkorce.edu.al\/#organization"},"potentialAction":[{"@type":"SearchAction","target":{"@type":"EntryPoint","urlTemplate":"https:\/\/unkorce.edu.al\/?s={search_term_string}"},"query-input":{"@type":"PropertyValueSpecification","valueRequired":true,"valueName":"search_term_string"}}],"inLanguage":"en-US"},{"@type":"Organization","@id":"https:\/\/unkorce.edu.al\/#organization","name":"Universiteti \"Fan S. Noli\", Kor\u00e7\u00eb","url":"https:\/\/unkorce.edu.al\/","logo":{"@type":"ImageObject","inLanguage":"en-US","@id":"https:\/\/unkorce.edu.al\/#\/schema\/logo\/image\/","url":"https:\/\/unkorce.edu.al\/wp-content\/uploads\/2024\/08\/Logo_e_Universitetit__Fan_Noli_-e1726660879862.png","contentUrl":"https:\/\/unkorce.edu.al\/wp-content\/uploads\/2024\/08\/Logo_e_Universitetit__Fan_Noli_-e1726660879862.png","width":200,"height":120,"caption":"Universiteti \"Fan S. Noli\", Kor\u00e7\u00eb"},"image":{"@id":"https:\/\/unkorce.edu.al\/#\/schema\/logo\/image\/"},"sameAs":["https:\/\/www.facebook.com\/unkorce"]}]}},"_links":{"self":[{"href":"https:\/\/unkorce.edu.al\/en\/wp-json\/wp\/v2\/pages\/8063","targetHints":{"allow":["GET"]}}],"collection":[{"href":"https:\/\/unkorce.edu.al\/en\/wp-json\/wp\/v2\/pages"}],"about":[{"href":"https:\/\/unkorce.edu.al\/en\/wp-json\/wp\/v2\/types\/page"}],"author":[{"embeddable":true,"href":"https:\/\/unkorce.edu.al\/en\/wp-json\/wp\/v2\/users\/122"}],"replies":[{"embeddable":true,"href":"https:\/\/unkorce.edu.al\/en\/wp-json\/wp\/v2\/comments?post=8063"}],"version-history":[{"count":0,"href":"https:\/\/unkorce.edu.al\/en\/wp-json\/wp\/v2\/pages\/8063\/revisions"}],"wp:attachment":[{"href":"https:\/\/unkorce.edu.al\/en\/wp-json\/wp\/v2\/media?parent=8063"}],"curies":[{"name":"wp","href":"https:\/\/api.w.org\/{rel}","templated":true}]}}